{"id":189301,"date":"2020-10-16T11:11:43","date_gmt":"2020-10-16T09:11:43","guid":{"rendered":"https:\/\/www.studiainitalia.com\/courses\/non%20class\u00e9\/cours-dhistoire-de-lart-a-rome\/"},"modified":"2025-12-19T18:14:06","modified_gmt":"2025-12-19T17:14:06","slug":"histoire-de-lart-italien-a-rome","status":"publish","type":"product","link":"https:\/\/www.studiainitalia.com\/fr\/cours\/cours-italien-a-rome\/histoire-de-lart-italien-a-rome\/","title":{"rendered":"Cours d\u2019histoire de l\u2019art italien \u00e0 Rome"},"content":{"rendered":"<p>&nbsp;<\/p>\n<h2>Cours d\u2019histoire de l\u2019art italien \u00e0 Rome<\/h2>\n<p>&nbsp;<\/p>\n<p>Nous cours d\u2019histoire de l\u2019art italien \u00e0 Rome est compos\u00e9 par 10 heures priv\u00e9es dans une semaine. Le prix n\u2019inclut pas les billets d\u2019entr\u00e9e aux mus\u00e9es, galeries d\u2019art, expositions.<\/p>\n<p>&nbsp;<\/p>\n<p>Le programme est totalement personnalisable.<\/p>\n<p>&nbsp;<\/p>\n<p>Si vous voyagez \u00e0 Rome entre amis ou en famille, contactez-nous pour un devis.<\/p>\n<p>&nbsp;<\/p>\n<p>&nbsp;<\/p>\n<table id=\"tablepress-708\" class=\"tablepress tablepress-id-708\">\n<thead>\n<tr class=\"row-1 odd\">\n<th class=\"column-1\" colspan=\"6\">Dates de d\u00e9but<\/th>\n<\/tr>\n<\/thead>\n<tbody class=\"row-hover\">\n<tr class=\"row-2 even\">\n<td class=\"column-1\">Janvier<\/td>\n<td class=\"column-2\">tous les lundis<\/td>\n<td class=\"column-3\">Mai<\/td>\n<td class=\"column-4\">tous les lundis<\/td>\n<td class=\"column-5\">Septembre<\/td>\n<td class=\"column-6\">tous les lundis<\/td>\n<\/tr>\n<tr class=\"row-3 odd\">\n<td class=\"column-1\">F\u00e9vrier<\/td>\n<td class=\"column-2\">tous les lundis<\/td>\n<td class=\"column-3\">Juin<\/td>\n<td class=\"column-4\">tous les lundis<\/td>\n<td class=\"column-5\">Octobre<\/td>\n<td class=\"column-6\">tous les lundis<\/td>\n<\/tr>\n<tr class=\"row-4 even\">\n<td class=\"column-1\">Mars<\/td>\n<td class=\"column-2\">tous les lundis<\/td>\n<td class=\"column-3\">Juillet<\/td>\n<td class=\"column-4\">tous les lundis<\/td>\n<td class=\"column-5\">Novembre<\/td>\n<td class=\"column-6\">tous les lundis<\/td>\n<\/tr>\n<tr class=\"row-5 odd\">\n<td class=\"column-1\">Avril<\/td>\n<td class=\"column-2\">tous les lundis<\/td>\n<td class=\"column-3\">Ao\u00fbt<\/td>\n<td class=\"column-4\">tous les lundis<\/td>\n<td class=\"column-5\">D\u00e9cembre<\/td>\n<td class=\"column-6\">tous les lundis<\/td>\n<\/tr>\n<tr class=\"row-6 even\">\n<td class=\"column-1\" colspan=\"6\">L&rsquo;\u00e9cole sera ferm\u00e9e les jours f\u00e9ri\u00e9s suivants: Epiphanie (06\/01), Lundi de P\u00e2ques, Jour de la Lib\u00e9ration de l&rsquo;Italie (25\/04), F\u00eate des Travailleurs (01\/05), F\u00eate de la R\u00e9publique (02\/06), Ferragosto (15 \/ 08), Tous les Saints (01\/11), Immacul\u00e9e Conception (8\/12), vacances de No\u00ebl et nouvel an.<\/td>\n<\/tr>\n<\/tbody>\n<\/table>\n<div class=\"aiosrs-rating-wrap\" data-schema-id=\"90691\">\n<div class=\"aiosrs-star-rating-wrap \"><\/div>\n<\/div>\n<div class=\"aiosrs-rating-wrap\" data-schema-id=\"90691\">\n<div class=\"aiosrs-rating-summary-wrap\"><\/div>\n<\/div>\n","protected":false},"excerpt":{"rendered":"<h2><strong>Pourquoi \u00e9tudier l\u2019histoire de l\u2019art \u00e0 Rome?<\/strong><\/h2>\n<p>&nbsp;<\/p>\n<p>Si vous aimez l\u2019art italien, vous devriez visiter la ville \u00e9ternelle une fois dans votre vie. Vous admirerez la beaut\u00e9 de ses chefs-d\u2019\u0153uvre et, entre autres,\u00a0<em>serez \u00e9mu devant la pi\u00e9t\u00e9 de Michel-Ange<\/em>. Ce cours offre un aper\u00e7u sp\u00e9cial de l\u2019histoire de l\u2019art \u00e0 Rome.<\/p>\n<p>Vous pouvez choisir d\u2019\u00e9tudier diff\u00e9rentes p\u00e9riodes:<\/p>\n<p>\u2022 L\u2019Antiquit\u00e9 romaine<\/p>\n<p>\u2022 Le Moyen \u00c2ge<\/p>\n<p>\u2022 La Renaissance<\/p>\n<p>\u2022 La p\u00e9riode baroque<\/p>\n<p>Le cours est compos\u00e9 de douze le\u00e7ons individuelles enseign\u00e9es en italien par un professeur expert et historien de l\u2019art.<\/p>\n<p>Votre professeur, vous donnera le privil\u00e8ge de voir Rome comme le visiteur d\u2019un\u00a0<strong><em>grand tour<\/em><\/strong>\u00a0classique.<\/p>\n<p>Ces cours d\u2019histoire de l\u2019art vous offriront avant tout une r\u00e9elle opportunit\u00e9 de d\u00e9couvrir la capitale italienne loin du tourisme de masse. En conclusion, vous appr\u00e9cierez certainement Rome.<\/p>\n<p>Vous pouvez personnaliser les programmes. Vous pouvez \u00e9galement combiner plusieurs programmes en m\u00eame temps. De plus, vous pouvez demander diff\u00e9rents cours d\u2019art, selon vos besoins ou vos int\u00e9r\u00eats.<\/p>\n<p>Les cours ont lieu \u00e0 Rome et le cours comprend des visites de la ville et de ses mus\u00e9es.<\/p>\n","protected":false},"featured_media":125647,"comment_status":"open","ping_status":"closed","template":"","meta":{"_acf_changed":false,"_uag_custom_page_level_css":"","_kad_blocks_custom_css":"","_kad_blocks_head_custom_js":"","_kad_blocks_body_custom_js":"","_kad_blocks_footer_custom_js":"","site-sidebar-layout":"default","site-content-layout":"default","ast-site-content-layout":"default","site-content-style":"default","site-sidebar-style":"default","ast-global-header-display":"","ast-banner-title-visibility":"","ast-main-header-display":"","ast-hfb-above-header-display":"","ast-hfb-below-header-display":"","ast-hfb-mobile-header-display":"","site-post-title":"","ast-breadcrumbs-content":"","ast-featured-img":"","footer-sml-layout":"","ast-disable-related-posts":"","theme-transparent-header-meta":"default","adv-header-id-meta":"","stick-header-meta":"default","header-above-stick-meta":"","header-main-stick-meta":"","header-below-stick-meta":"","astra-migrate-meta-layouts":"set","ast-page-background-enabled":"default","ast-page-background-meta":{"desktop":{"background-color":"var(--ast-global-color-4)","background-image":"","background-repeat":"repeat","background-position":"center center","background-size":"auto","background-attachment":"scroll","background-type":"","background-media":"","overlay-type":"","overlay-color":"","overlay-opacity":"","overlay-gradient":""},"tablet":{"background-color":"","background-image":"","background-repeat":"repeat","background-position":"center center","background-size":"auto","background-attachment":"scroll","background-type":"","background-media":"","overlay-type":"","overlay-color":"","overlay-opacity":"","overlay-gradient":""},"mobile":{"background-color":"","background-image":"","background-repeat":"repeat","background-position":"center center","background-size":"auto","background-attachment":"scroll","background-type":"","background-media":"","overlay-type":"","overlay-color":"","overlay-opacity":"","overlay-gradient":""}},"ast-content-background-meta":{"desktop":{"background-color":"var(--ast-global-color-5)","background-image":"","background-repeat":"repeat","background-position":"center center","background-size":"auto","background-attachment":"scroll","background-type":"","background-media":"","overlay-type":"","overlay-color":"","overlay-opacity":"","overlay-gradient":""},"tablet":{"background-color":"var(--ast-global-color-5)","background-image":"","background-repeat":"repeat","background-position":"center center","background-size":"auto","background-attachment":"scroll","background-type":"","background-media":"","overlay-type":"","overlay-color":"","overlay-opacity":"","overlay-gradient":""},"mobile":{"background-color":"var(--ast-global-color-5)","background-image":"","background-repeat":"repeat","background-position":"center center","background-size":"auto","background-attachment":"scroll","background-type":"","background-media":"","overlay-type":"","overlay-color":"","overlay-opacity":"","overlay-gradient":""}}},"section":[],"product_brand":[],"product_cat":[1292,1357],"product_tag":[],"class_list":{"0":"post-189301","1":"product","2":"type-product","3":"status-publish","4":"has-post-thumbnail","6":"product_cat-cours-italien-a-rome","7":"product_cat-cours-dhistoire-de-lart-en-italie","8":"desktop-align-left","9":"tablet-align-left","10":"mobile-align-left","11":"ast-product-gallery-layout-horizontal-slider","12":"ast-product-single-variable","13":"ast-product-tabs-layout-horizontal","14":"ast-qv-on-image-click","16":"first","17":"instock","18":"sold-individually","19":"shipping-taxable","20":"purchasable","21":"product-type-variable"},"acf":[],"taxonomy_info":{"product_cat":[{"value":1292,"label":"Cours d'italien \u00e0 Rome"},{"value":1357,"label":"Cours d'histoire de l'art en Italie"}]},"featured_image_src_large":["https:\/\/www.studiainitalia.com\/wp-content\/uploads\/2020\/10\/foto-curso-roma.jpg",401,400,false],"author_info":[],"comment_info":2,"uagb_featured_image_src":{"full":["https:\/\/www.studiainitalia.com\/wp-content\/uploads\/2020\/10\/foto-curso-roma.jpg",401,400,false],"thumbnail":["https:\/\/www.studiainitalia.com\/wp-content\/uploads\/2020\/10\/foto-curso-roma.jpg",96,96,false],"medium":["https:\/\/www.studiainitalia.com\/wp-content\/uploads\/2020\/10\/foto-curso-roma.jpg",401,400,false],"medium_large":["https:\/\/www.studiainitalia.com\/wp-content\/uploads\/2020\/10\/foto-curso-roma.jpg",401,400,false],"large":["https:\/\/www.studiainitalia.com\/wp-content\/uploads\/2020\/10\/foto-curso-roma.jpg",401,400,false],"1536x1536":["https:\/\/www.studiainitalia.com\/wp-content\/uploads\/2020\/10\/foto-curso-roma.jpg",401,400,false],"2048x2048":["https:\/\/www.studiainitalia.com\/wp-content\/uploads\/2020\/10\/foto-curso-roma.jpg",401,400,false],"ultp_layout_landscape_large":["https:\/\/www.studiainitalia.com\/wp-content\/uploads\/2020\/10\/foto-curso-roma.jpg",401,400,false],"ultp_layout_landscape":["https:\/\/www.studiainitalia.com\/wp-content\/uploads\/2020\/10\/foto-curso-roma.jpg",401,400,false],"ultp_layout_portrait":["https:\/\/www.studiainitalia.com\/wp-content\/uploads\/2020\/10\/foto-curso-roma.jpg",401,400,false],"ultp_layout_square":["https:\/\/www.studiainitalia.com\/wp-content\/uploads\/2020\/10\/foto-curso-roma.jpg",401,400,false],"gform-image-choice-sm":["https:\/\/www.studiainitalia.com\/wp-content\/uploads\/2020\/10\/foto-curso-roma.jpg",300,300,false],"gform-image-choice-md":["https:\/\/www.studiainitalia.com\/wp-content\/uploads\/2020\/10\/foto-curso-roma.jpg",400,399,false],"gform-image-choice-lg":["https:\/\/www.studiainitalia.com\/wp-content\/uploads\/2020\/10\/foto-curso-roma.jpg",401,400,false],"woocommerce_thumbnail":["https:\/\/www.studiainitalia.com\/wp-content\/uploads\/2020\/10\/foto-curso-roma-300x300.jpg",300,300,true],"woocommerce_single":["https:\/\/www.studiainitalia.com\/wp-content\/uploads\/2020\/10\/foto-curso-roma.jpg",400,399,false],"woocommerce_gallery_thumbnail":["https:\/\/www.studiainitalia.com\/wp-content\/uploads\/2020\/10\/foto-curso-roma-100x100.jpg",100,100,true],"yarpp-thumbnail":["https:\/\/www.studiainitalia.com\/wp-content\/uploads\/2020\/10\/foto-curso-roma-120x120.jpg",120,120,true]},"uagb_author_info":{"display_name":"rafael","author_link":"https:\/\/www.studiainitalia.com\/fr\/author\/"},"uagb_comment_info":2,"uagb_excerpt":"Pourquoi \u00e9tudier l\u2019histoire de l\u2019art \u00e0 Rome? &nbsp; Si vous aimez l\u2019art italien, vous devriez visiter la ville \u00e9ternelle une fois dans votre vie. Vous admirerez la beaut\u00e9 de ses chefs-d\u2019\u0153uvre et, entre autres,\u00a0serez \u00e9mu devant la pi\u00e9t\u00e9 de Michel-Ange. Ce cours offre un aper\u00e7u sp\u00e9cial de l\u2019histoire de l\u2019art \u00e0 Rome. Vous pouvez choisir\u2026","_links":{"self":[{"href":"https:\/\/www.studiainitalia.com\/fr\/wp-json\/wp\/v2\/product\/189301","targetHints":{"allow":["GET"]}}],"collection":[{"href":"https:\/\/www.studiainitalia.com\/fr\/wp-json\/wp\/v2\/product"}],"about":[{"href":"https:\/\/www.studiainitalia.com\/fr\/wp-json\/wp\/v2\/types\/product"}],"replies":[{"embeddable":true,"href":"https:\/\/www.studiainitalia.com\/fr\/wp-json\/wp\/v2\/comments?post=189301"}],"wp:featuredmedia":[{"embeddable":true,"href":"https:\/\/www.studiainitalia.com\/fr\/wp-json\/wp\/v2\/media\/125647"}],"wp:attachment":[{"href":"https:\/\/www.studiainitalia.com\/fr\/wp-json\/wp\/v2\/media?parent=189301"}],"wp:term":[{"taxonomy":"section","embeddable":true,"href":"https:\/\/www.studiainitalia.com\/fr\/wp-json\/wp\/v2\/section?post=189301"},{"taxonomy":"product_brand","embeddable":true,"href":"https:\/\/www.studiainitalia.com\/fr\/wp-json\/wp\/v2\/product_brand?post=189301"},{"taxonomy":"product_cat","embeddable":true,"href":"https:\/\/www.studiainitalia.com\/fr\/wp-json\/wp\/v2\/product_cat?post=189301"},{"taxonomy":"product_tag","embeddable":true,"href":"https:\/\/www.studiainitalia.com\/fr\/wp-json\/wp\/v2\/product_tag?post=189301"}],"curies":[{"name":"wp","href":"https:\/\/api.w.org\/{rel}","templated":true}]}}