{"id":189303,"date":"2018-12-06T15:02:30","date_gmt":"2018-12-06T14:02:30","guid":{"rendered":"https:\/\/www.studiainitalia.com\/courses\/non%20class\u00e9\/cours-de-parfumerie-a-florence\/"},"modified":"2026-03-09T02:12:59","modified_gmt":"2026-03-09T01:12:59","slug":"cours-de-parfumerie-a-florence","status":"publish","type":"product","link":"https:\/\/www.studiainitalia.com\/fr\/cours\/cours-de-mode\/parfumerie\/cours-de-parfumerie-a-florence\/","title":{"rendered":"Cours de parfumerie \u00e0 Florence"},"content":{"rendered":"<p>&nbsp;<\/p>\n<h2>Cours de parfumerie \u00e0 Florence<\/h2>\n<p>&nbsp;<\/p>\n<p>&nbsp;<\/p>\n<p>Dans les cours de parfumerie vous n\u2019utiliserez que des produits naturels traditionnels pour la cr\u00e9ation de votre parfum personnel. D\u00e9couvrez le luxe des parfums sur mesure.<\/p>\n<p>&nbsp;<\/p>\n<p>Le professeur, chimiste et herboriste, propose ce cours depuis 1993 dans le but de former des talents olfactifs. Vous pouvez suivre le cours de parfumerie uniquement pour vos loisirs ou vous pouvez suivre le cours pour une carri\u00e8re professionnelle en tant que parfumeur.<\/p>\n<p>&nbsp;<\/p>\n<p>Les cours de parfumerie sont en groupe ou individuels et se d\u00e9roulent du lundi au vendredi. Le professeur est un parfumeur professionnel et les cours sont dispens\u00e9s en italien. Un service de traduction est disponible.<\/p>\n<p>&nbsp;<\/p>\n<p>Le programme de base du cours de fabrication de parfum \u00e0 Florence comprend:<\/p>\n<p>&nbsp;<\/p>\n<p>Aspects de l\u2019histoire du parfum. L\u2019\u00e9tude de l\u2019accord Foug\u00e8re, Accord Cypr\u00e8, Accord Agrumes, Accord Ambre, Accord Floral et Accord Bois.<\/p>\n<p>&nbsp;<\/p>\n<p>Vous apprendrez comment utiliser les mat\u00e9riaux, comparer les pr\u00e9parations, quels sont les fixateurs et quels sont les solubilisants. R\u00e9sines, colorants, d\u00e9riv\u00e9s animaux (vous pouvez \u00e9galement demander de ne pas utiliser de d\u00e9riv\u00e9s d\u2019animaux).<\/p>\n<p>&nbsp;<\/p>\n<p>Vous apprendrez \u00e9galement \u00e0 choisir la pr\u00e9paration d\u2019une teinture. L\u2019enseignant vous donnera \u00e9galement des grandes lignes sur le marketing olfactif.<\/p>\n<p>&nbsp;<\/p>\n<p>Notre atelier est situ\u00e9 dans le centre historique de Florence, au c\u0153ur d\u2019un quartier d\u2019artisans.<\/p>\n<p>&nbsp;<\/p>\n<p>\u00c0 la fin du cours, les \u00e9tudiants recevront un certificat de pr\u00e9sence. Le co\u00fbt du cours comprend le mat\u00e9riel.<\/p>\n<p>&nbsp;<\/p>\n<div class=\"one_half\">\n<div class=\"perfmatters-lazy-youtube\" data-src=\"https:\/\/www.youtube.com\/embed\/tn-ow8kmcPw\" data-id=\"tn-ow8kmcPw\" data-query=\"\">\n<div>\n<p><img decoding=\"async\" class=\"perfmatters-lazy entered pmloaded\" src=\"https:\/\/i.ytimg.com\/vi\/tn-ow8kmcPw\/hqdefault.jpg\" alt=\"YouTube video\" width=\"480\" height=\"360\" data-pin-nopin=\"true\" data-src=\"https:\/\/i.ytimg.com\/vi\/tn-ow8kmcPw\/hqdefault.jpg\" data-ll-status=\"loaded\" data- title=\"\"><\/p>\n<div class=\"play\"><\/div>\n<\/div>\n<\/div>\n<\/div>\n<p>&nbsp;<\/p>\n<table id=\"tablepress-714\" class=\"tablepress tablepress-id-714\">\n<thead>\n<tr class=\"row-1 odd\">\n<th class=\"column-1\" colspan=\"6\">Dates de d\u00e9but<\/th>\n<\/tr>\n<\/thead>\n<tbody class=\"row-hover\">\n<tr class=\"row-2 even\">\n<td class=\"column-1\">Janvier<\/td>\n<td class=\"column-2\">sur demande<\/td>\n<td class=\"column-3\">Mai<\/td>\n<td class=\"column-4\">sur demande<\/td>\n<td class=\"column-5\">Septembre<\/td>\n<td class=\"column-6\">sur demande<\/td>\n<\/tr>\n<tr class=\"row-3 odd\">\n<td class=\"column-1\">F\u00e9vrier<\/td>\n<td class=\"column-2\">sur demande<\/td>\n<td class=\"column-3\">Juin<\/td>\n<td class=\"column-4\">sur demande<\/td>\n<td class=\"column-5\">Octobre<\/td>\n<td class=\"column-6\">sur demande<\/td>\n<\/tr>\n<tr class=\"row-4 even\">\n<td class=\"column-1\">Mars<\/td>\n<td class=\"column-2\">sur demande<\/td>\n<td class=\"column-3\">Juillet<\/td>\n<td class=\"column-4\">sur demande<\/td>\n<td class=\"column-5\">Novembre<\/td>\n<td class=\"column-6\">sur demande<\/td>\n<\/tr>\n<tr class=\"row-5 odd\">\n<td class=\"column-1\">Avril<\/td>\n<td class=\"column-2\">sur demande<\/td>\n<td class=\"column-3\">Ao\u00fbt<\/td>\n<td class=\"column-4\">sur demande<\/td>\n<td class=\"column-5\">Decembre<\/td>\n<td class=\"column-6\">sur demande<\/td>\n<\/tr>\n<tr class=\"row-6 even\">\n<td class=\"column-1\" colspan=\"6\">L&rsquo;\u00e9cole sera ferm\u00e9e les jours f\u00e9ri\u00e9s suivants: Epiphanie (06\/01), Lundi de P\u00e2ques, Jour de la Lib\u00e9ration de l&rsquo;Italie (25\/04), F\u00eate des Travailleurs (01\/05), F\u00eate de la R\u00e9publique (02\/06), Ferragosto (15 \/ 08), Tous les Saints (01\/11), Immacul\u00e9e Conception (8\/12), vacances de No\u00ebl et nouvel an.<\/td>\n<\/tr>\n<\/tbody>\n<\/table>\n<div class=\"aiosrs-rating-wrap\" data-schema-id=\"90691\">\n<div class=\"aiosrs-star-rating-wrap \"><\/div>\n<\/div>\n<div class=\"aiosrs-rating-wrap\" data-schema-id=\"90691\">\n<div class=\"aiosrs-rating-summary-wrap\"><\/div>\n<\/div>\n","protected":false},"excerpt":{"rendered":"<h2><strong>Cr\u00e9ez votre propre parfum! Un parfum unique que personne d\u2019autre n\u2019a<\/strong><\/h2>\n<p>&nbsp;<\/p>\n<p>Le programme pr\u00e9voit:<\/p>\n<p>L\u2019histoire du parfum de l\u2019\u00c9gypte ancien \u00e0 nos jours \u00e0 travers la p\u00e9riode grecque, de Rome ancienne, du Moyen \u00c2ge, l\u2019arriv\u00e9e de la Renaissance et les femmes qui l\u2019ont marqu\u00e9e.<\/p>\n<p>Le XX\u00e8me si\u00e8cle et la mode.<\/p>\n<p>Les techniques utilis\u00e9es en parfumerie.<\/p>\n<p>La premi\u00e8re s\u2019appuie sur les accords.<\/p>\n<p>Pr\u00e9paration du premier accord et laboratoire de foug\u00e8res.<\/p>\n<p>Les Accords<\/p>\n<p>Utilisation de mat\u00e9riaux, diff\u00e9rence entre les parfums synth\u00e9tiques, les mol\u00e9cules reconstruites et les parfums naturels.<\/p>\n","protected":false},"featured_media":124063,"comment_status":"open","ping_status":"closed","template":"","meta":{"_acf_changed":false,"_uag_custom_page_level_css":"","_kad_blocks_custom_css":"","_kad_blocks_head_custom_js":"","_kad_blocks_body_custom_js":"","_kad_blocks_footer_custom_js":"","site-sidebar-layout":"default","site-content-layout":"default","ast-site-content-layout":"default","site-content-style":"default","site-sidebar-style":"default","ast-global-header-display":"","ast-banner-title-visibility":"","ast-main-header-display":"","ast-hfb-above-header-display":"","ast-hfb-below-header-display":"","ast-hfb-mobile-header-display":"","site-post-title":"","ast-breadcrumbs-content":"","ast-featured-img":"","footer-sml-layout":"","ast-disable-related-posts":"","theme-transparent-header-meta":"default","adv-header-id-meta":"","stick-header-meta":"default","header-above-stick-meta":"","header-main-stick-meta":"","header-below-stick-meta":"","astra-migrate-meta-layouts":"set","ast-page-background-enabled":"default","ast-page-background-meta":{"desktop":{"background-color":"var(--ast-global-color-4)","background-image":"","background-repeat":"repeat","background-position":"center center","background-size":"auto","background-attachment":"scroll","background-type":"","background-media":"","overlay-type":"","overlay-color":"","overlay-opacity":"","overlay-gradient":""},"tablet":{"background-color":"","background-image":"","background-repeat":"repeat","background-position":"center center","background-size":"auto","background-attachment":"scroll","background-type":"","background-media":"","overlay-type":"","overlay-color":"","overlay-opacity":"","overlay-gradient":""},"mobile":{"background-color":"","background-image":"","background-repeat":"repeat","background-position":"center center","background-size":"auto","background-attachment":"scroll","background-type":"","background-media":"","overlay-type":"","overlay-color":"","overlay-opacity":"","overlay-gradient":""}},"ast-content-background-meta":{"desktop":{"background-color":"var(--ast-global-color-5)","background-image":"","background-repeat":"repeat","background-position":"center center","background-size":"auto","background-attachment":"scroll","background-type":"","background-media":"","overlay-type":"","overlay-color":"","overlay-opacity":"","overlay-gradient":""},"tablet":{"background-color":"var(--ast-global-color-5)","background-image":"","background-repeat":"repeat","background-position":"center center","background-size":"auto","background-attachment":"scroll","background-type":"","background-media":"","overlay-type":"","overlay-color":"","overlay-opacity":"","overlay-gradient":""},"mobile":{"background-color":"var(--ast-global-color-5)","background-image":"","background-repeat":"repeat","background-position":"center center","background-size":"auto","background-attachment":"scroll","background-type":"","background-media":"","overlay-type":"","overlay-color":"","overlay-opacity":"","overlay-gradient":""}}},"section":[],"product_brand":[],"product_cat":[1339,1355,1276,1368],"product_tag":[1893],"class_list":{"0":"post-189303","1":"product","2":"type-product","3":"status-publish","4":"has-post-thumbnail","6":"product_cat-cours-dartisanat","7":"product_cat-cours-de-mode","8":"product_cat-etudier-a-letranger-a-florence","9":"product_cat-parfumerie","10":"product_tag-cours-de-moda-fr","11":"desktop-align-left","12":"tablet-align-left","13":"mobile-align-left","14":"ast-product-gallery-layout-horizontal-slider","15":"ast-product-gallery-with-no-image","16":"ast-product-single-variable","17":"ast-product-tabs-layout-horizontal","18":"ast-qv-on-image-click","20":"first","21":"instock","22":"sold-individually","23":"shipping-taxable","24":"purchasable","25":"product-type-variable"},"acf":[],"taxonomy_info":{"product_cat":[{"value":1339,"label":"Cours d'artisanat"},{"value":1355,"label":"Cours de mode"},{"value":1276,"label":"Cursos en Florencia"},{"value":1368,"label":"Parfumerie"}],"product_tag":[{"value":1893,"label":"Cours de Moda"}]},"featured_image_src_large":["https:\/\/www.studiainitalia.com\/wp-content\/uploads\/2018\/12\/XT103095.jpg",676,679,false],"author_info":[],"comment_info":1,"uagb_featured_image_src":{"full":["https:\/\/www.studiainitalia.com\/wp-content\/uploads\/2018\/12\/XT103095.jpg",676,679,false],"thumbnail":["https:\/\/www.studiainitalia.com\/wp-content\/uploads\/2018\/12\/XT103095-150x150.jpg",96,96,true],"medium":["https:\/\/www.studiainitalia.com\/wp-content\/uploads\/2018\/12\/XT103095-300x300.jpg",300,300,true],"medium_large":["https:\/\/www.studiainitalia.com\/wp-content\/uploads\/2018\/12\/XT103095.jpg",676,679,false],"large":["https:\/\/www.studiainitalia.com\/wp-content\/uploads\/2018\/12\/XT103095.jpg",676,679,false],"1536x1536":["https:\/\/www.studiainitalia.com\/wp-content\/uploads\/2018\/12\/XT103095.jpg",676,679,false],"2048x2048":["https:\/\/www.studiainitalia.com\/wp-content\/uploads\/2018\/12\/XT103095.jpg",676,679,false],"ultp_layout_landscape_large":["https:\/\/www.studiainitalia.com\/wp-content\/uploads\/2018\/12\/XT103095.jpg",676,679,false],"ultp_layout_landscape":["https:\/\/www.studiainitalia.com\/wp-content\/uploads\/2018\/12\/XT103095.jpg",567,570,false],"ultp_layout_portrait":["https:\/\/www.studiainitalia.com\/wp-content\/uploads\/2018\/12\/XT103095.jpg",600,603,false],"ultp_layout_square":["https:\/\/www.studiainitalia.com\/wp-content\/uploads\/2018\/12\/XT103095.jpg",597,600,false],"gform-image-choice-sm":["https:\/\/www.studiainitalia.com\/wp-content\/uploads\/2018\/12\/XT103095.jpg",300,300,false],"gform-image-choice-md":["https:\/\/www.studiainitalia.com\/wp-content\/uploads\/2018\/12\/XT103095.jpg",398,400,false],"gform-image-choice-lg":["https:\/\/www.studiainitalia.com\/wp-content\/uploads\/2018\/12\/XT103095.jpg",597,600,false],"woocommerce_thumbnail":["https:\/\/www.studiainitalia.com\/wp-content\/uploads\/2018\/12\/XT103095-300x300.jpg",300,300,true],"woocommerce_single":["https:\/\/www.studiainitalia.com\/wp-content\/uploads\/2018\/12\/XT103095-400x402.jpg",400,402,true],"woocommerce_gallery_thumbnail":["https:\/\/www.studiainitalia.com\/wp-content\/uploads\/2018\/12\/XT103095-100x100.jpg",100,100,true],"yarpp-thumbnail":["https:\/\/www.studiainitalia.com\/wp-content\/uploads\/2018\/12\/XT103095.jpg",120,120,false]},"uagb_author_info":{"display_name":"Javier Diaz","author_link":"https:\/\/www.studiainitalia.com\/fr\/author\/"},"uagb_comment_info":1,"uagb_excerpt":"Cr\u00e9ez votre propre parfum! Un parfum unique que personne d\u2019autre n\u2019a &nbsp; Le programme pr\u00e9voit: L\u2019histoire du parfum de l\u2019\u00c9gypte ancien \u00e0 nos jours \u00e0 travers la p\u00e9riode grecque, de Rome ancienne, du Moyen \u00c2ge, l\u2019arriv\u00e9e de la Renaissance et les femmes qui l\u2019ont marqu\u00e9e. Le XX\u00e8me si\u00e8cle et la mode. Les techniques utilis\u00e9es en\u2026","_links":{"self":[{"href":"https:\/\/www.studiainitalia.com\/fr\/wp-json\/wp\/v2\/product\/189303","targetHints":{"allow":["GET"]}}],"collection":[{"href":"https:\/\/www.studiainitalia.com\/fr\/wp-json\/wp\/v2\/product"}],"about":[{"href":"https:\/\/www.studiainitalia.com\/fr\/wp-json\/wp\/v2\/types\/product"}],"replies":[{"embeddable":true,"href":"https:\/\/www.studiainitalia.com\/fr\/wp-json\/wp\/v2\/comments?post=189303"}],"wp:featuredmedia":[{"embeddable":true,"href":"https:\/\/www.studiainitalia.com\/fr\/wp-json\/wp\/v2\/media\/124063"}],"wp:attachment":[{"href":"https:\/\/www.studiainitalia.com\/fr\/wp-json\/wp\/v2\/media?parent=189303"}],"wp:term":[{"taxonomy":"section","embeddable":true,"href":"https:\/\/www.studiainitalia.com\/fr\/wp-json\/wp\/v2\/section?post=189303"},{"taxonomy":"product_brand","embeddable":true,"href":"https:\/\/www.studiainitalia.com\/fr\/wp-json\/wp\/v2\/product_brand?post=189303"},{"taxonomy":"product_cat","embeddable":true,"href":"https:\/\/www.studiainitalia.com\/fr\/wp-json\/wp\/v2\/product_cat?post=189303"},{"taxonomy":"product_tag","embeddable":true,"href":"https:\/\/www.studiainitalia.com\/fr\/wp-json\/wp\/v2\/product_tag?post=189303"}],"curies":[{"name":"wp","href":"https:\/\/api.w.org\/{rel}","templated":true}]}}