{"id":189322,"date":"2018-02-23T18:07:52","date_gmt":"2018-02-23T17:07:52","guid":{"rendered":"https:\/\/www.studiainitalia.com\/courses\/non%20class\u00e9\/cours-de-couture-creative\/"},"modified":"2025-12-19T18:29:38","modified_gmt":"2025-12-19T17:29:38","slug":"cours-de-couture-creative","status":"publish","type":"product","link":"https:\/\/www.studiainitalia.com\/fr\/cours\/cours-de-mode\/cours-de-couture-creative\/","title":{"rendered":"Cours de couture cr\u00e9ative \u00e0 Cesena"},"content":{"rendered":"<h2><strong>Cours de couture cr\u00e9ative<\/strong><\/h2>\n<p>&nbsp;<\/p>\n<p>Notre cours de couture cr\u00e9ative a lieu dans notre \u00e9cole de cr\u00e9ation de mode. Les cours sont individuels et se d\u00e9roulent du lundi au vendredi.<\/p>\n<p>Les enseignants sont des professionnels du secteur de la mode et les cours se d\u00e9roulent en italien (un service de traduction est disponible).<\/p>\n<p>\u00c0 la fin du cours, vous recevrez un certificat de participation.<\/p>\n<p>Le co\u00fbt du cours comprend le mat\u00e9riel. Un niveau interm\u00e9diaire est requis<\/p>\n<p>&nbsp;<\/p>\n<p>&nbsp;<\/p>\n<p>&nbsp;<\/p>\n\n<table id=\"tablepress-714\" class=\"tablepress tablepress-id-714 tbody-has-connected-cells\">\n<thead>\n<tr class=\"row-1\">\n\t<th colspan=\"6\" class=\"column-1\">Dates de d\u00e9but <\/th>\n<\/tr>\n<\/thead>\n<tbody class=\"row-striping row-hover\">\n<tr class=\"row-2\">\n\t<td class=\"column-1\">Janvier<\/td><td class=\"column-2\">sur demande<\/td><td class=\"column-3\">Mai<\/td><td class=\"column-4\">sur demande<\/td><td class=\"column-5\">Septembre<\/td><td class=\"column-6\">sur demande<\/td>\n<\/tr>\n<tr class=\"row-3\">\n\t<td class=\"column-1\">F\u00e9vrier<\/td><td class=\"column-2\">sur demande<\/td><td class=\"column-3\">Juin<\/td><td class=\"column-4\">sur demande<\/td><td class=\"column-5\">Octobre<\/td><td class=\"column-6\">sur demande<\/td>\n<\/tr>\n<tr class=\"row-4\">\n\t<td class=\"column-1\">Mars<\/td><td class=\"column-2\">sur demande<\/td><td class=\"column-3\">Juillet<\/td><td class=\"column-4\">sur demande<\/td><td class=\"column-5\">Novembre<\/td><td class=\"column-6\">sur demande<\/td>\n<\/tr>\n<tr class=\"row-5\">\n\t<td class=\"column-1\">Avril<\/td><td class=\"column-2\">sur demande<\/td><td class=\"column-3\">Ao\u00fbt<\/td><td class=\"column-4\">sur demande<\/td><td class=\"column-5\">Decembre<\/td><td class=\"column-6\">sur demande<\/td>\n<\/tr>\n<tr class=\"row-6\">\n\t<td colspan=\"6\" class=\"column-1\">L'\u00e9cole sera ferm\u00e9e les jours f\u00e9ri\u00e9s suivants: Epiphanie (06\/01), Lundi de P\u00e2ques, Jour de la Lib\u00e9ration de l'Italie (25\/04), F\u00eate des Travailleurs (01\/05), F\u00eate de la R\u00e9publique (02\/06), Ferragosto (15 \/ 08), Tous les Saints (01\/11), Immacul\u00e9e Conception (8\/12), vacances de No\u00ebl et nouvel an.<\/td>\n<\/tr>\n<\/tbody>\n<\/table>\n<!-- #tablepress-714 from cache -->\n","protected":false},"excerpt":{"rendered":"<h2><strong>Cousez des v\u00eatements cr\u00e9atifs et personnalis\u00e9s!\u00a0<\/strong><\/h2>\n<p>&nbsp;<\/p>\n<p>Ce cours de couture cr\u00e9ative est parfait si vous souhaitez apprendre \u00a0\u00e0 recycler les textiles et les vieux v\u00eatements.<\/p>\n<p>Ce cours de couture cr\u00e9ative s\u2019adresse \u00e0 ceux qui veulent\u00a0 donner une nouvelle vie \u00e0 de vieux v\u00eatements Un cours simple et pratique o\u00f9 vous apprendrez \u00e0 \u00a0laisser place \u00e0 la cr\u00e9ativit\u00e9<\/p>\n<p>Dans le cours, vous apprendrez les techniques et les mesures pour gagner du temps<\/p>\n<p>Il s\u2019agit de cours individuels d\u2019une dur\u00e9e de 32 heures qui peuvent \u00eatre adapt\u00e9s en fonction des besoins personnels et qui seront dispens\u00e9s en italien (un service de traduction est disponible) dans un atelier de mode.<\/p>\n<p>Profitez de cette exp\u00e9rience cr\u00e9ative!<\/p>\n","protected":false},"featured_media":123745,"comment_status":"open","ping_status":"closed","template":"","meta":{"_acf_changed":false,"_uag_custom_page_level_css":"","_kad_blocks_custom_css":"","_kad_blocks_head_custom_js":"","_kad_blocks_body_custom_js":"","_kad_blocks_footer_custom_js":"","site-sidebar-layout":"default","site-content-layout":"default","ast-site-content-layout":"default","site-content-style":"default","site-sidebar-style":"default","ast-global-header-display":"","ast-banner-title-visibility":"","ast-main-header-display":"","ast-hfb-above-header-display":"","ast-hfb-below-header-display":"","ast-hfb-mobile-header-display":"","site-post-title":"","ast-breadcrumbs-content":"","ast-featured-img":"","footer-sml-layout":"","ast-disable-related-posts":"","theme-transparent-header-meta":"default","adv-header-id-meta":"","stick-header-meta":"default","header-above-stick-meta":"","header-main-stick-meta":"","header-below-stick-meta":"","astra-migrate-meta-layouts":"set","ast-page-background-enabled":"default","ast-page-background-meta":{"desktop":{"background-color":"var(--ast-global-color-4)","background-image":"","background-repeat":"repeat","background-position":"center center","background-size":"auto","background-attachment":"scroll","background-type":"","background-media":"","overlay-type":"","overlay-color":"","overlay-opacity":"","overlay-gradient":""},"tablet":{"background-color":"","background-image":"","background-repeat":"repeat","background-position":"center center","background-size":"auto","background-attachment":"scroll","background-type":"","background-media":"","overlay-type":"","overlay-color":"","overlay-opacity":"","overlay-gradient":""},"mobile":{"background-color":"","background-image":"","background-repeat":"repeat","background-position":"center center","background-size":"auto","background-attachment":"scroll","background-type":"","background-media":"","overlay-type":"","overlay-color":"","overlay-opacity":"","overlay-gradient":""}},"ast-content-background-meta":{"desktop":{"background-color":"var(--ast-global-color-5)","background-image":"","background-repeat":"repeat","background-position":"center center","background-size":"auto","background-attachment":"scroll","background-type":"","background-media":"","overlay-type":"","overlay-color":"","overlay-opacity":"","overlay-gradient":""},"tablet":{"background-color":"var(--ast-global-color-5)","background-image":"","background-repeat":"repeat","background-position":"center center","background-size":"auto","background-attachment":"scroll","background-type":"","background-media":"","overlay-type":"","overlay-color":"","overlay-opacity":"","overlay-gradient":""},"mobile":{"background-color":"var(--ast-global-color-5)","background-image":"","background-repeat":"repeat","background-position":"center center","background-size":"auto","background-attachment":"scroll","background-type":"","background-media":"","overlay-type":"","overlay-color":"","overlay-opacity":"","overlay-gradient":""}}},"section":[],"product_brand":[],"product_cat":[1355],"product_tag":[1893],"class_list":{"0":"post-189322","1":"product","2":"type-product","3":"status-publish","4":"has-post-thumbnail","6":"product_cat-cours-de-mode","7":"product_tag-cours-de-moda-fr","8":"desktop-align-left","9":"tablet-align-left","10":"mobile-align-left","11":"ast-product-gallery-layout-horizontal-slider","12":"ast-product-single-variable","13":"ast-product-tabs-layout-horizontal","14":"ast-qv-on-image-click","16":"first","17":"instock","18":"sold-individually","19":"shipping-taxable","20":"purchasable","21":"product-type-variable","22":"has-default-attributes"},"acf":[],"taxonomy_info":{"product_cat":[{"value":1355,"label":"Cours de mode"}],"product_tag":[{"value":1893,"label":"Cours de Moda"}]},"featured_image_src_large":["https:\/\/www.studiainitalia.com\/wp-content\/uploads\/2018\/02\/creative_sewing_florence.jpeg",400,400,false],"author_info":[],"comment_info":1,"uagb_featured_image_src":{"full":["https:\/\/www.studiainitalia.com\/wp-content\/uploads\/2018\/02\/creative_sewing_florence.jpeg",400,400,false],"thumbnail":["https:\/\/www.studiainitalia.com\/wp-content\/uploads\/2018\/02\/creative_sewing_florence-150x150.jpeg",96,96,true],"medium":["https:\/\/www.studiainitalia.com\/wp-content\/uploads\/2018\/02\/creative_sewing_florence-300x300.jpeg",300,300,true],"medium_large":["https:\/\/www.studiainitalia.com\/wp-content\/uploads\/2018\/02\/creative_sewing_florence.jpeg",400,400,false],"large":["https:\/\/www.studiainitalia.com\/wp-content\/uploads\/2018\/02\/creative_sewing_florence.jpeg",400,400,false],"1536x1536":["https:\/\/www.studiainitalia.com\/wp-content\/uploads\/2018\/02\/creative_sewing_florence.jpeg",400,400,false],"2048x2048":["https:\/\/www.studiainitalia.com\/wp-content\/uploads\/2018\/02\/creative_sewing_florence.jpeg",400,400,false],"ultp_layout_landscape_large":["https:\/\/www.studiainitalia.com\/wp-content\/uploads\/2018\/02\/creative_sewing_florence.jpeg",400,400,false],"ultp_layout_landscape":["https:\/\/www.studiainitalia.com\/wp-content\/uploads\/2018\/02\/creative_sewing_florence.jpeg",400,400,false],"ultp_layout_portrait":["https:\/\/www.studiainitalia.com\/wp-content\/uploads\/2018\/02\/creative_sewing_florence.jpeg",400,400,false],"ultp_layout_square":["https:\/\/www.studiainitalia.com\/wp-content\/uploads\/2018\/02\/creative_sewing_florence.jpeg",400,400,false],"gform-image-choice-sm":["https:\/\/www.studiainitalia.com\/wp-content\/uploads\/2018\/02\/creative_sewing_florence.jpeg",300,300,false],"gform-image-choice-md":["https:\/\/www.studiainitalia.com\/wp-content\/uploads\/2018\/02\/creative_sewing_florence.jpeg",400,400,false],"gform-image-choice-lg":["https:\/\/www.studiainitalia.com\/wp-content\/uploads\/2018\/02\/creative_sewing_florence.jpeg",400,400,false],"woocommerce_thumbnail":["https:\/\/www.studiainitalia.com\/wp-content\/uploads\/2018\/02\/creative_sewing_florence-300x300.jpeg",300,300,true],"woocommerce_single":["https:\/\/www.studiainitalia.com\/wp-content\/uploads\/2018\/02\/creative_sewing_florence-400x400.jpeg",400,400,true],"woocommerce_gallery_thumbnail":["https:\/\/www.studiainitalia.com\/wp-content\/uploads\/2018\/02\/creative_sewing_florence-100x100.jpeg",100,100,true],"yarpp-thumbnail":["https:\/\/www.studiainitalia.com\/wp-content\/uploads\/2018\/02\/creative_sewing_florence.jpeg",120,120,false]},"uagb_author_info":{"display_name":"Javier Diaz","author_link":"https:\/\/www.studiainitalia.com\/fr\/author\/"},"uagb_comment_info":1,"uagb_excerpt":"Cousez des v\u00eatements cr\u00e9atifs et personnalis\u00e9s!\u00a0 &nbsp; Ce cours de couture cr\u00e9ative est parfait si vous souhaitez apprendre \u00a0\u00e0 recycler les textiles et les vieux v\u00eatements. Ce cours de couture cr\u00e9ative s\u2019adresse \u00e0 ceux qui veulent\u00a0 donner une nouvelle vie \u00e0 de vieux v\u00eatements Un cours simple et pratique o\u00f9 vous apprendrez \u00e0 \u00a0laisser place\u2026","_links":{"self":[{"href":"https:\/\/www.studiainitalia.com\/fr\/wp-json\/wp\/v2\/product\/189322","targetHints":{"allow":["GET"]}}],"collection":[{"href":"https:\/\/www.studiainitalia.com\/fr\/wp-json\/wp\/v2\/product"}],"about":[{"href":"https:\/\/www.studiainitalia.com\/fr\/wp-json\/wp\/v2\/types\/product"}],"replies":[{"embeddable":true,"href":"https:\/\/www.studiainitalia.com\/fr\/wp-json\/wp\/v2\/comments?post=189322"}],"wp:featuredmedia":[{"embeddable":true,"href":"https:\/\/www.studiainitalia.com\/fr\/wp-json\/wp\/v2\/media\/123745"}],"wp:attachment":[{"href":"https:\/\/www.studiainitalia.com\/fr\/wp-json\/wp\/v2\/media?parent=189322"}],"wp:term":[{"taxonomy":"section","embeddable":true,"href":"https:\/\/www.studiainitalia.com\/fr\/wp-json\/wp\/v2\/section?post=189322"},{"taxonomy":"product_brand","embeddable":true,"href":"https:\/\/www.studiainitalia.com\/fr\/wp-json\/wp\/v2\/product_brand?post=189322"},{"taxonomy":"product_cat","embeddable":true,"href":"https:\/\/www.studiainitalia.com\/fr\/wp-json\/wp\/v2\/product_cat?post=189322"},{"taxonomy":"product_tag","embeddable":true,"href":"https:\/\/www.studiainitalia.com\/fr\/wp-json\/wp\/v2\/product_tag?post=189322"}],"curies":[{"name":"wp","href":"https:\/\/api.w.org\/{rel}","templated":true}]}}