{"id":189336,"date":"2020-09-15T14:31:20","date_gmt":"2020-09-15T12:31:20","guid":{"rendered":"https:\/\/www.studiainitalia.com\/courses\/non%20class\u00e9\/italien-en-florence-adultes\/"},"modified":"2026-02-25T16:37:29","modified_gmt":"2026-02-25T15:37:29","slug":"italien-a-florence-50-plus","status":"publish","type":"product","link":"https:\/\/www.studiainitalia.com\/fr\/cours\/etudier-a-letranger-a-florence\/italien-a-florence-50-plus\/","title":{"rendered":"Cours d\u2019italien 50+ \u00e0 Florence"},"content":{"rendered":"<h2><strong>Cours d\u2019Italien\u00a0 50+ \u00e0 Florence<\/strong><\/h2>\n<p>&nbsp;<\/p>\n<p>Notre cours d&rsquo;italien pour adultes \u00e0 Florence est toujours disponible. Notre \u00e9cole Centro Machiavelli, fond\u00e9e en 1978, est reconnue par le minist\u00e8re italien de l&rsquo;\u00c9ducation.<br \/>\nElle se caract\u00e9rise par l&rsquo;attention et le soin que le personnel accorde \u00e0 chaque \u00e9tudiant.<\/p>\n<p>L&rsquo;\u00e9cole est situ\u00e9e dans un b\u00e2timent historique du centre de Florence, \u00e0 proximit\u00e9 du Ponte Vecchio et de la Piazza Santo Spirito.<\/p>\n<p>Ce cours intensif comprend quatre le\u00e7ons quotidiennes ainsi qu&rsquo;un programme compl\u00e9mentaire de trois activit\u00e9s hebdomadaires, notamment des visites guid\u00e9es des mus\u00e9es et des \u00e9glises embl\u00e9matiques de Florence.<\/p>\n<p>Par exemple :<\/p>\n<p>Une visite de Florence pour d\u00e9couvrir les monuments les plus c\u00e9l\u00e8bres de la ville<br \/>\nUne promenade jusqu&rsquo;\u00e0 la Piazzale Michelangelo et une visite de l&rsquo;\u00e9glise San Miniato al Monte<br \/>\nUne visite de la Galerie des Offices ou de la Galerie de l&rsquo;Acad\u00e9mie de Florence (en basse saison).<br \/>\nUne promenade dans le quartier de l&rsquo;Oltrarno<br \/>\nUne visite de l&rsquo;\u00e9glise Santa Croce<br \/>\nUne visite de la chapelle des M\u00e9dicis \u00e0 San Lorenzo<br \/>\nUne visite d&rsquo;un atelier d&rsquo;artisanat<br \/>\nUne promenade dans le centre historique \u00e0 la d\u00e9couverte des secrets et des l\u00e9gendes de Florence<br \/>\nUn s\u00e9minaire sur l&rsquo;histoire ou la culture italienne<br \/>\nUn apr\u00e8s-midi ou une soir\u00e9e avec un cours de cuisine et un d\u00eener en commun<br \/>\nDes excursions \u00e0 Sienne, Pise, Lucques, Arezzo ou dans d&rsquo;autres villes toscanes<br \/>\nLes \u00e9tudiants exploreront \u00e9galement l&rsquo;histoire de la ville \u00e0 travers des itin\u00e9raires th\u00e9matiques sp\u00e9cialis\u00e9s.<br \/>\nLes frais de transport et les droits d&rsquo;entr\u00e9e ne sont pas inclus.<br \/>\nL&rsquo;\u00e9cole organise des activit\u00e9s sociales qui ont lieu l&rsquo;apr\u00e8s-midi et peuvent \u00eatre ajout\u00e9es aux activit\u00e9s pour seniors.<\/p>\n<p>Profitez de votre cours d\u2019italien 50+ \u00e0 Florence pour visiter la ville et se faire de nouveaux amis!<\/p>\n<h2><strong>Dates de d\u00e9but des cours et informations d\u00e9taill\u00e9es<\/strong><\/h2>\n<p>&nbsp;<\/p>\n<ul>\n<li><strong>Dur\u00e9e des cours<\/strong>\u00a0: 45 minutes<\/li>\n<li><strong>Effectif moyen par classe<\/strong>\u00a0: 9 \u00e9tudiants<\/li>\n<li><strong>Effectif maximum par classe<\/strong>\u00a0: 12 \u00e9tudiants<\/li>\n<li><strong>Horaires<\/strong>\u00a0: le matin ou l\u2019apr\u00e8s-midi, selon le niveau attribu\u00e9<\/li>\n<li><strong>Mat\u00e9riel p\u00e9dagogique<\/strong>\u00a0: inclus<\/li>\n<li><strong>Test de niveau et certificat final<\/strong>\u00a0: inclus<\/li>\n<li><strong>Localisation<\/strong>\u00a0: Via dei Bardi 28<\/li>\n<li><strong>Autres services :<\/strong>\u00a0acc\u00e8s Internet, activit\u00e9s sociales et transfert depuis l\u2019a\u00e9roport disponibles<\/li>\n<\/ul>\n\n<table id=\"tablepress-711\" class=\"tablepress tablepress-id-711 tbody-has-connected-cells\">\n<thead>\n<tr class=\"row-1\">\n\t<th colspan=\"6\" class=\"column-1\">Dates  de d\u00e9but 2026<\/th>\n<\/tr>\n<\/thead>\n<tbody class=\"row-striping row-hover\">\n<tr class=\"row-2\">\n\t<td class=\"column-1\">Janvier<\/td><td class=\"column-2\">5, 19<\/td><td class=\"column-3\">Mai<\/td><td class=\"column-4\">11, 25<\/td><td class=\"column-5\">Septembre<\/td><td class=\"column-6\">14, 28<\/td>\n<\/tr>\n<tr class=\"row-3\">\n\t<td class=\"column-1\">F\u00e9vrier<\/td><td class=\"column-2\">2, 16<\/td><td class=\"column-3\">Juin<\/td><td class=\"column-4\">8, 22<\/td><td class=\"column-5\">Octobre<\/td><td class=\"column-6\">12, 26<\/td>\n<\/tr>\n<tr class=\"row-4\">\n\t<td class=\"column-1\">Mars<\/td><td class=\"column-2\">2, 16, 30<\/td><td class=\"column-3\">Juillet<\/td><td class=\"column-4\">6, 20<\/td><td class=\"column-5\">Novembre<\/td><td class=\"column-6\"> 9, 23<\/td>\n<\/tr>\n<tr class=\"row-5\">\n\t<td class=\"column-1\">Avril<\/td><td class=\"column-2\">13, 27<\/td><td class=\"column-3\">Ao\u00fbt<\/td><td class=\"column-4\">3, 17, 31<\/td><td class=\"column-5\">Decembre<\/td><td class=\"column-6\"> 7<\/td>\n<\/tr>\n<tr class=\"row-6\">\n\t<td colspan=\"6\" class=\"column-1\">L'\u00e9cole sera ferm\u00e9e les jours f\u00e9ri\u00e9s suivants: Epiphanie (06\/01), Lundi de P\u00e2ques, Jour de la Lib\u00e9ration de l'Italie (25\/04), F\u00eate des Travailleurs (01\/05), F\u00eate de la R\u00e9publique (02\/06), 24\/06, Ferragosto (15 \/ 08), Tous les Saints (01\/11), Immacul\u00e9e Conception (8\/12), vacances de No\u00ebl et nouvel an.<\/td>\n<\/tr>\n<\/tbody>\n<\/table>\n<!-- #tablepress-711 from cache -->\n<p>&nbsp;<\/p>\n<p>&nbsp;<\/p>\n","protected":false},"excerpt":{"rendered":"<h2>D\u00e9couvrez la Toscane avec nos cours d&rsquo;italien 50+ !<\/h2>\n<p>&nbsp;<\/p>\n<ul>\n<li>Le programme 50 ans + dure au minimum une semaine et combine l\u2019\u00e9tude de la langue italienne en groupes de 8 \u00e9tudiants au maximum avec trois apr\u00e8s-midi d\u2019activit\u00e9s par semaine.<\/li>\n<\/ul>\n<ul>\n<li>Parmi les activit\u00e9s que nous proposons: des visites de mus\u00e9es, des promenades ou des d\u00e9gustations et des excursions pour explorer la Toscane (Sienne, Lucca, Pise, San Gimignano) le samedi.<\/li>\n<\/ul>\n<ul>\n<li>Ce cours exclusif s&rsquo;adresse aux plus de 50 ans, en particulier si vous souhaitez am\u00e9liorer votre italien avec des personnes du m\u00eame \u00e2ge et ayant les m\u00eames centres d&rsquo;int\u00e9r\u00eat.<\/li>\n<\/ul>\n<p>&nbsp;<\/p>\n","protected":false},"featured_media":125590,"comment_status":"open","ping_status":"closed","template":"","meta":{"_acf_changed":false,"_uag_custom_page_level_css":"","_kad_blocks_custom_css":"","_kad_blocks_head_custom_js":"","_kad_blocks_body_custom_js":"","_kad_blocks_footer_custom_js":"","site-sidebar-layout":"default","site-content-layout":"default","ast-site-content-layout":"default","site-content-style":"default","site-sidebar-style":"default","ast-global-header-display":"","ast-banner-title-visibility":"","ast-main-header-display":"","ast-hfb-above-header-display":"","ast-hfb-below-header-display":"","ast-hfb-mobile-header-display":"","site-post-title":"","ast-breadcrumbs-content":"","ast-featured-img":"","footer-sml-layout":"","ast-disable-related-posts":"","theme-transparent-header-meta":"default","adv-header-id-meta":"","stick-header-meta":"default","header-above-stick-meta":"","header-main-stick-meta":"","header-below-stick-meta":"","astra-migrate-meta-layouts":"set","ast-page-background-enabled":"default","ast-page-background-meta":{"desktop":{"background-color":"var(--ast-global-color-4)","background-image":"","background-repeat":"repeat","background-position":"center center","background-size":"auto","background-attachment":"scroll","background-type":"","background-media":"","overlay-type":"","overlay-color":"","overlay-opacity":"","overlay-gradient":""},"tablet":{"background-color":"","background-image":"","background-repeat":"repeat","background-position":"center center","background-size":"auto","background-attachment":"scroll","background-type":"","background-media":"","overlay-type":"","overlay-color":"","overlay-opacity":"","overlay-gradient":""},"mobile":{"background-color":"","background-image":"","background-repeat":"repeat","background-position":"center center","background-size":"auto","background-attachment":"scroll","background-type":"","background-media":"","overlay-type":"","overlay-color":"","overlay-opacity":"","overlay-gradient":""}},"ast-content-background-meta":{"desktop":{"background-color":"var(--ast-global-color-5)","background-image":"","background-repeat":"repeat","background-position":"center center","background-size":"auto","background-attachment":"scroll","background-type":"","background-media":"","overlay-type":"","overlay-color":"","overlay-opacity":"","overlay-gradient":""},"tablet":{"background-color":"var(--ast-global-color-5)","background-image":"","background-repeat":"repeat","background-position":"center center","background-size":"auto","background-attachment":"scroll","background-type":"","background-media":"","overlay-type":"","overlay-color":"","overlay-opacity":"","overlay-gradient":""},"mobile":{"background-color":"var(--ast-global-color-5)","background-image":"","background-repeat":"repeat","background-position":"center center","background-size":"auto","background-attachment":"scroll","background-type":"","background-media":"","overlay-type":"","overlay-color":"","overlay-opacity":"","overlay-gradient":""}}},"section":[],"product_brand":[],"product_cat":[1276,1334],"product_tag":[1882,1879],"class_list":{"0":"post-189336","1":"product","2":"type-product","3":"status-publish","4":"has-post-thumbnail","6":"product_cat-etudier-a-letranger-a-florence","7":"product_cat-cours-italien-en-italie-pour-les-familles","8":"product_tag-florence","9":"product_tag-la-familia","10":"desktop-align-left","11":"tablet-align-left","12":"mobile-align-left","13":"ast-product-gallery-layout-horizontal-slider","14":"ast-product-single-variable","15":"ast-product-tabs-layout-horizontal","16":"ast-qv-on-image-click","18":"first","19":"instock","20":"sold-individually","21":"shipping-taxable","22":"purchasable","23":"product-type-variable"},"acf":[],"taxonomy_info":{"product_cat":[{"value":1276,"label":"Cursos en Florencia"},{"value":1334,"label":"Cours d'italien en Italie pour les familles"}],"product_tag":[{"value":1882,"label":"Florence"},{"value":1879,"label":"La Familia"}]},"featured_image_src_large":["https:\/\/www.studiainitalia.com\/wp-content\/uploads\/2020\/09\/Florencia_1.jpg",350,350,false],"author_info":[],"comment_info":1,"uagb_featured_image_src":{"full":["https:\/\/www.studiainitalia.com\/wp-content\/uploads\/2020\/09\/Florencia_1.jpg",350,350,false],"thumbnail":["https:\/\/www.studiainitalia.com\/wp-content\/uploads\/2020\/09\/Florencia_1.jpg",96,96,false],"medium":["https:\/\/www.studiainitalia.com\/wp-content\/uploads\/2020\/09\/Florencia_1.jpg",350,350,false],"medium_large":["https:\/\/www.studiainitalia.com\/wp-content\/uploads\/2020\/09\/Florencia_1.jpg",350,350,false],"large":["https:\/\/www.studiainitalia.com\/wp-content\/uploads\/2020\/09\/Florencia_1.jpg",350,350,false],"1536x1536":["https:\/\/www.studiainitalia.com\/wp-content\/uploads\/2020\/09\/Florencia_1.jpg",350,350,false],"2048x2048":["https:\/\/www.studiainitalia.com\/wp-content\/uploads\/2020\/09\/Florencia_1.jpg",350,350,false],"ultp_layout_landscape_large":["https:\/\/www.studiainitalia.com\/wp-content\/uploads\/2020\/09\/Florencia_1.jpg",350,350,false],"ultp_layout_landscape":["https:\/\/www.studiainitalia.com\/wp-content\/uploads\/2020\/09\/Florencia_1.jpg",350,350,false],"ultp_layout_portrait":["https:\/\/www.studiainitalia.com\/wp-content\/uploads\/2020\/09\/Florencia_1.jpg",350,350,false],"ultp_layout_square":["https:\/\/www.studiainitalia.com\/wp-content\/uploads\/2020\/09\/Florencia_1.jpg",350,350,false],"gform-image-choice-sm":["https:\/\/www.studiainitalia.com\/wp-content\/uploads\/2020\/09\/Florencia_1.jpg",300,300,false],"gform-image-choice-md":["https:\/\/www.studiainitalia.com\/wp-content\/uploads\/2020\/09\/Florencia_1.jpg",350,350,false],"gform-image-choice-lg":["https:\/\/www.studiainitalia.com\/wp-content\/uploads\/2020\/09\/Florencia_1.jpg",350,350,false],"woocommerce_thumbnail":["https:\/\/www.studiainitalia.com\/wp-content\/uploads\/2020\/09\/Florencia_1-300x300.jpg",300,300,true],"woocommerce_single":["https:\/\/www.studiainitalia.com\/wp-content\/uploads\/2020\/09\/Florencia_1.jpg",350,350,false],"woocommerce_gallery_thumbnail":["https:\/\/www.studiainitalia.com\/wp-content\/uploads\/2020\/09\/Florencia_1-100x100.jpg",100,100,true],"yarpp-thumbnail":["https:\/\/www.studiainitalia.com\/wp-content\/uploads\/2020\/09\/Florencia_1-120x120.jpg",120,120,true]},"uagb_author_info":{"display_name":"rafael","author_link":"https:\/\/www.studiainitalia.com\/fr\/author\/"},"uagb_comment_info":1,"uagb_excerpt":"D\u00e9couvrez la Toscane avec nos cours d'italien 50+ ! &nbsp; Le programme 50 ans + dure au minimum une semaine et combine l\u2019\u00e9tude de la langue italienne en groupes de 8 \u00e9tudiants au maximum avec trois apr\u00e8s-midi d\u2019activit\u00e9s par semaine. Parmi les activit\u00e9s que nous proposons: des visites de mus\u00e9es, des promenades ou des d\u00e9gustations\u2026","_links":{"self":[{"href":"https:\/\/www.studiainitalia.com\/fr\/wp-json\/wp\/v2\/product\/189336","targetHints":{"allow":["GET"]}}],"collection":[{"href":"https:\/\/www.studiainitalia.com\/fr\/wp-json\/wp\/v2\/product"}],"about":[{"href":"https:\/\/www.studiainitalia.com\/fr\/wp-json\/wp\/v2\/types\/product"}],"replies":[{"embeddable":true,"href":"https:\/\/www.studiainitalia.com\/fr\/wp-json\/wp\/v2\/comments?post=189336"}],"wp:featuredmedia":[{"embeddable":true,"href":"https:\/\/www.studiainitalia.com\/fr\/wp-json\/wp\/v2\/media\/125590"}],"wp:attachment":[{"href":"https:\/\/www.studiainitalia.com\/fr\/wp-json\/wp\/v2\/media?parent=189336"}],"wp:term":[{"taxonomy":"section","embeddable":true,"href":"https:\/\/www.studiainitalia.com\/fr\/wp-json\/wp\/v2\/section?post=189336"},{"taxonomy":"product_brand","embeddable":true,"href":"https:\/\/www.studiainitalia.com\/fr\/wp-json\/wp\/v2\/product_brand?post=189336"},{"taxonomy":"product_cat","embeddable":true,"href":"https:\/\/www.studiainitalia.com\/fr\/wp-json\/wp\/v2\/product_cat?post=189336"},{"taxonomy":"product_tag","embeddable":true,"href":"https:\/\/www.studiainitalia.com\/fr\/wp-json\/wp\/v2\/product_tag?post=189336"}],"curies":[{"name":"wp","href":"https:\/\/api.w.org\/{rel}","templated":true}]}}