{"id":189353,"date":"2020-10-16T10:16:55","date_gmt":"2020-10-16T08:16:55","guid":{"rendered":"https:\/\/www.studiainitalia.com\/courses\/non%20class\u00e9\/cours-de-stylisme-de-mode\/"},"modified":"2025-12-19T18:15:17","modified_gmt":"2025-12-19T17:15:17","slug":"cours-creation-mode","status":"publish","type":"product","link":"https:\/\/www.studiainitalia.com\/fr\/cours\/cours-de-mode\/cours-creation-mode\/","title":{"rendered":"Cours de cr\u00e9ation de mode"},"content":{"rendered":"<h2><strong>Cours de Cr\u00e9ation de mode<\/strong><\/h2>\n<p>&nbsp;<\/p>\n<p><b>Apprenez le design de mode durable<\/b><\/p>\n<p>&nbsp;<\/p>\n<p>Nos <b>cours de recyclage de mode<\/b> offrent un programme complet de 4 semaines qui combine des comp\u00e9tences techniques en couture avec le <b>design de mode cr\u00e9atif<\/b>.<\/p>\n<p>Les \u00e9tudiants commencent par les bases de la couture, en ma\u00eetrisant les outils essentiels, les mat\u00e9riaux et les techniques de construction de v\u00eatements.<\/p>\n<p>Le cours se concentre ensuite sur la <b>mode durable<\/b>, o\u00f9 les \u00e9tudiants explorent les pratiques de couture \u00e9cologiques, les techniques de mode circulaire et le design z\u00e9ro d\u00e9chet.<\/p>\n<p>Vous cr\u00e9erez des v\u00eatements uniques et \u00e9l\u00e9gants tout en adoptant les principes de la slow fashion.<\/p>\n<p>&nbsp;<\/p>\n<p>&nbsp;<\/p>\n<p>&nbsp;<\/p>\n<p><strong>Fr\u00e9quence<\/strong><\/p>\n<p>juillet \u2013 du lundi au vendredi<br \/>\n4 semaines<\/p>\n<p>&nbsp;<\/p>\n<p>&nbsp;<\/p>\n<p><strong>Nous proposons \u00e9galement des programmes de six mois et d\u2019un an. Demandez-nous plus d\u2019informations !<\/strong><\/p>\n<div class=\"aiosrs-rating-wrap\" data-schema-id=\"90691\">\n<div class=\"aiosrs-rating-summary-wrap\"><\/div>\n<\/div>\n","protected":false},"excerpt":{"rendered":"<h2>Voulez-vous aborder le design de mode pour la premi\u00e8re fois?<\/h2>\n<p>&nbsp;<\/p>\n<p><strong>Participez \u00e0 notre cours d&rsquo;\u00e9t\u00e9 sur la mode italienne<\/strong><\/p>\n<p>D\u00e9couvrez l&rsquo;art de la revalorisation de la mode dans notre cours d&rsquo;\u00e9t\u00e9 exclusif.<\/p>\n<p>Apprenez des techniques de mode pour transformer des v\u00eatements obsol\u00e8tes en v\u00eatements tendance et r\u00e9utilis\u00e9s avec votre propre touche moderne et cr\u00e9ative.<\/p>\n<p>Ma\u00eetrisez la couture \u00e9cologique, exp\u00e9rimentez la reconstruction textile et cr\u00e9ez des pi\u00e8ces avant-gardistes qui refl\u00e8tent votre individualit\u00e9 et votre engagement en faveur d&rsquo;un style durable.<\/p>\n<p>&nbsp;<\/p>\n","protected":false},"featured_media":125638,"comment_status":"open","ping_status":"closed","template":"","meta":{"_acf_changed":false,"_uag_custom_page_level_css":"","_kad_blocks_custom_css":"","_kad_blocks_head_custom_js":"","_kad_blocks_body_custom_js":"","_kad_blocks_footer_custom_js":"","site-sidebar-layout":"default","site-content-layout":"default","ast-site-content-layout":"default","site-content-style":"default","site-sidebar-style":"default","ast-global-header-display":"","ast-banner-title-visibility":"","ast-main-header-display":"","ast-hfb-above-header-display":"","ast-hfb-below-header-display":"","ast-hfb-mobile-header-display":"","site-post-title":"","ast-breadcrumbs-content":"","ast-featured-img":"","footer-sml-layout":"","ast-disable-related-posts":"","theme-transparent-header-meta":"default","adv-header-id-meta":"","stick-header-meta":"default","header-above-stick-meta":"","header-main-stick-meta":"","header-below-stick-meta":"","astra-migrate-meta-layouts":"set","ast-page-background-enabled":"default","ast-page-background-meta":{"desktop":{"background-color":"var(--ast-global-color-4)","background-image":"","background-repeat":"repeat","background-position":"center center","background-size":"auto","background-attachment":"scroll","background-type":"","background-media":"","overlay-type":"","overlay-color":"","overlay-opacity":"","overlay-gradient":""},"tablet":{"background-color":"","background-image":"","background-repeat":"repeat","background-position":"center center","background-size":"auto","background-attachment":"scroll","background-type":"","background-media":"","overlay-type":"","overlay-color":"","overlay-opacity":"","overlay-gradient":""},"mobile":{"background-color":"","background-image":"","background-repeat":"repeat","background-position":"center center","background-size":"auto","background-attachment":"scroll","background-type":"","background-media":"","overlay-type":"","overlay-color":"","overlay-opacity":"","overlay-gradient":""}},"ast-content-background-meta":{"desktop":{"background-color":"var(--ast-global-color-5)","background-image":"","background-repeat":"repeat","background-position":"center center","background-size":"auto","background-attachment":"scroll","background-type":"","background-media":"","overlay-type":"","overlay-color":"","overlay-opacity":"","overlay-gradient":""},"tablet":{"background-color":"var(--ast-global-color-5)","background-image":"","background-repeat":"repeat","background-position":"center center","background-size":"auto","background-attachment":"scroll","background-type":"","background-media":"","overlay-type":"","overlay-color":"","overlay-opacity":"","overlay-gradient":""},"mobile":{"background-color":"var(--ast-global-color-5)","background-image":"","background-repeat":"repeat","background-position":"center center","background-size":"auto","background-attachment":"scroll","background-type":"","background-media":"","overlay-type":"","overlay-color":"","overlay-opacity":"","overlay-gradient":""}}},"section":[],"product_brand":[],"product_cat":[1355,1380],"product_tag":[1893],"class_list":{"0":"post-189353","1":"product","2":"type-product","3":"status-publish","4":"has-post-thumbnail","6":"product_cat-cours-de-mode","7":"product_cat-cours-a-florence","8":"product_tag-cours-de-moda-fr","9":"desktop-align-left","10":"tablet-align-left","11":"mobile-align-left","12":"ast-product-gallery-layout-horizontal-slider","13":"ast-product-single-variable","14":"ast-product-tabs-layout-horizontal","15":"ast-qv-on-image-click","17":"first","18":"instock","19":"sold-individually","20":"shipping-taxable","21":"purchasable","22":"product-type-variable"},"acf":[],"taxonomy_info":{"product_cat":[{"value":1355,"label":"Cours de mode"},{"value":1380,"label":"Cours em Florence"}],"product_tag":[{"value":1893,"label":"Cours de Moda"}]},"featured_image_src_large":["https:\/\/www.studiainitalia.com\/wp-content\/uploads\/2020\/10\/fashion-design-course.jpg",400,402,false],"author_info":[],"comment_info":0,"uagb_featured_image_src":{"full":["https:\/\/www.studiainitalia.com\/wp-content\/uploads\/2020\/10\/fashion-design-course.jpg",400,402,false],"thumbnail":["https:\/\/www.studiainitalia.com\/wp-content\/uploads\/2020\/10\/fashion-design-course.jpg",96,96,false],"medium":["https:\/\/www.studiainitalia.com\/wp-content\/uploads\/2020\/10\/fashion-design-course.jpg",400,402,false],"medium_large":["https:\/\/www.studiainitalia.com\/wp-content\/uploads\/2020\/10\/fashion-design-course.jpg",400,402,false],"large":["https:\/\/www.studiainitalia.com\/wp-content\/uploads\/2020\/10\/fashion-design-course.jpg",400,402,false],"1536x1536":["https:\/\/www.studiainitalia.com\/wp-content\/uploads\/2020\/10\/fashion-design-course.jpg",400,402,false],"2048x2048":["https:\/\/www.studiainitalia.com\/wp-content\/uploads\/2020\/10\/fashion-design-course.jpg",400,402,false],"ultp_layout_landscape_large":["https:\/\/www.studiainitalia.com\/wp-content\/uploads\/2020\/10\/fashion-design-course.jpg",400,402,false],"ultp_layout_landscape":["https:\/\/www.studiainitalia.com\/wp-content\/uploads\/2020\/10\/fashion-design-course.jpg",400,402,false],"ultp_layout_portrait":["https:\/\/www.studiainitalia.com\/wp-content\/uploads\/2020\/10\/fashion-design-course.jpg",400,402,false],"ultp_layout_square":["https:\/\/www.studiainitalia.com\/wp-content\/uploads\/2020\/10\/fashion-design-course.jpg",400,402,false],"gform-image-choice-sm":["https:\/\/www.studiainitalia.com\/wp-content\/uploads\/2020\/10\/fashion-design-course.jpg",300,300,false],"gform-image-choice-md":["https:\/\/www.studiainitalia.com\/wp-content\/uploads\/2020\/10\/fashion-design-course.jpg",398,400,false],"gform-image-choice-lg":["https:\/\/www.studiainitalia.com\/wp-content\/uploads\/2020\/10\/fashion-design-course.jpg",400,402,false],"woocommerce_thumbnail":["https:\/\/www.studiainitalia.com\/wp-content\/uploads\/2020\/10\/fashion-design-course-300x300.jpg",300,300,true],"woocommerce_single":["https:\/\/www.studiainitalia.com\/wp-content\/uploads\/2020\/10\/fashion-design-course.jpg",400,402,false],"woocommerce_gallery_thumbnail":["https:\/\/www.studiainitalia.com\/wp-content\/uploads\/2020\/10\/fashion-design-course-100x100.jpg",100,100,true],"yarpp-thumbnail":["https:\/\/www.studiainitalia.com\/wp-content\/uploads\/2020\/10\/fashion-design-course-120x120.jpg",120,120,true]},"uagb_author_info":{"display_name":"rafael","author_link":"https:\/\/www.studiainitalia.com\/fr\/author\/"},"uagb_comment_info":0,"uagb_excerpt":"Voulez-vous aborder le design de mode pour la premi\u00e8re fois? &nbsp; Participez \u00e0 notre cours d'\u00e9t\u00e9 sur la mode italienne D\u00e9couvrez l'art de la revalorisation de la mode dans notre cours d'\u00e9t\u00e9 exclusif. Apprenez des techniques de mode pour transformer des v\u00eatements obsol\u00e8tes en v\u00eatements tendance et r\u00e9utilis\u00e9s avec votre propre touche moderne et cr\u00e9ative.\u2026","_links":{"self":[{"href":"https:\/\/www.studiainitalia.com\/fr\/wp-json\/wp\/v2\/product\/189353","targetHints":{"allow":["GET"]}}],"collection":[{"href":"https:\/\/www.studiainitalia.com\/fr\/wp-json\/wp\/v2\/product"}],"about":[{"href":"https:\/\/www.studiainitalia.com\/fr\/wp-json\/wp\/v2\/types\/product"}],"replies":[{"embeddable":true,"href":"https:\/\/www.studiainitalia.com\/fr\/wp-json\/wp\/v2\/comments?post=189353"}],"wp:featuredmedia":[{"embeddable":true,"href":"https:\/\/www.studiainitalia.com\/fr\/wp-json\/wp\/v2\/media\/125638"}],"wp:attachment":[{"href":"https:\/\/www.studiainitalia.com\/fr\/wp-json\/wp\/v2\/media?parent=189353"}],"wp:term":[{"taxonomy":"section","embeddable":true,"href":"https:\/\/www.studiainitalia.com\/fr\/wp-json\/wp\/v2\/section?post=189353"},{"taxonomy":"product_brand","embeddable":true,"href":"https:\/\/www.studiainitalia.com\/fr\/wp-json\/wp\/v2\/product_brand?post=189353"},{"taxonomy":"product_cat","embeddable":true,"href":"https:\/\/www.studiainitalia.com\/fr\/wp-json\/wp\/v2\/product_cat?post=189353"},{"taxonomy":"product_tag","embeddable":true,"href":"https:\/\/www.studiainitalia.com\/fr\/wp-json\/wp\/v2\/product_tag?post=189353"}],"curies":[{"name":"wp","href":"https:\/\/api.w.org\/{rel}","templated":true}]}}