{"id":189367,"date":"2018-02-23T19:13:22","date_gmt":"2018-02-23T18:13:22","guid":{"rendered":"https:\/\/www.studiainitalia.com\/courses\/non%20class\u00e9\/cours-de-couture-avancee\/"},"modified":"2026-03-15T19:04:35","modified_gmt":"2026-03-15T18:04:35","slug":"cours-avance-de-couture","status":"publish","type":"product","link":"https:\/\/www.studiainitalia.com\/fr\/cours\/cours-de-mode\/cours-avance-de-couture\/","title":{"rendered":"Cours avanc\u00e9 de couture \u00e0 Cesena"},"content":{"rendered":"<h2><strong>Cours avanc\u00e9 de couture<\/strong><\/h2>\n<p>&nbsp;<\/p>\n<p>Notre\u00a0<strong>cours de couture avanc\u00e9<\/strong>\u00a0a lieu dans notre \u00e9cole de mode \u00e0 Cesena.<\/p>\n<p>Les cours sont individuels et ont lieu du lundi au vendredi. Les enseignants sont des professionnels du domaine et les cours se d\u00e9roulent en italien (un service de traduction est disponible).<\/p>\n<p>Le programme du cours de tailleur comprend \u00e9galement des aspects de l\u2019histoire du tailleur, des tissus et de leur utilisation.<\/p>\n<p>Le cours se concentre sur la confection d\u2019un tailleur italien (jupe ou pantalon).<\/p>\n<p>\u00c0 la fin du cours, vous recevrez un certificat de participation.<\/p>\n<h4><\/h4>\n<p>&nbsp;<\/p>\n\n<table id=\"tablepress-714\" class=\"tablepress tablepress-id-714 tbody-has-connected-cells\">\n<thead>\n<tr class=\"row-1\">\n\t<th colspan=\"6\" class=\"column-1\">Dates de d\u00e9but <\/th>\n<\/tr>\n<\/thead>\n<tbody class=\"row-striping row-hover\">\n<tr class=\"row-2\">\n\t<td class=\"column-1\">Janvier<\/td><td class=\"column-2\">sur demande<\/td><td class=\"column-3\">Mai<\/td><td class=\"column-4\">sur demande<\/td><td class=\"column-5\">Septembre<\/td><td class=\"column-6\">sur demande<\/td>\n<\/tr>\n<tr class=\"row-3\">\n\t<td class=\"column-1\">F\u00e9vrier<\/td><td class=\"column-2\">sur demande<\/td><td class=\"column-3\">Juin<\/td><td class=\"column-4\">sur demande<\/td><td class=\"column-5\">Octobre<\/td><td class=\"column-6\">sur demande<\/td>\n<\/tr>\n<tr class=\"row-4\">\n\t<td class=\"column-1\">Mars<\/td><td class=\"column-2\">sur demande<\/td><td class=\"column-3\">Juillet<\/td><td class=\"column-4\">sur demande<\/td><td class=\"column-5\">Novembre<\/td><td class=\"column-6\">sur demande<\/td>\n<\/tr>\n<tr class=\"row-5\">\n\t<td class=\"column-1\">Avril<\/td><td class=\"column-2\">sur demande<\/td><td class=\"column-3\">Ao\u00fbt<\/td><td class=\"column-4\">sur demande<\/td><td class=\"column-5\">Decembre<\/td><td class=\"column-6\">sur demande<\/td>\n<\/tr>\n<tr class=\"row-6\">\n\t<td colspan=\"6\" class=\"column-1\">L'\u00e9cole sera ferm\u00e9e les jours f\u00e9ri\u00e9s suivants: Epiphanie (06\/01), Lundi de P\u00e2ques, Jour de la Lib\u00e9ration de l'Italie (25\/04), F\u00eate des Travailleurs (01\/05), F\u00eate de la R\u00e9publique (02\/06), Ferragosto (15 \/ 08), Tous les Saints (01\/11), Immacul\u00e9e Conception (8\/12), vacances de No\u00ebl et nouvel an.<\/td>\n<\/tr>\n<\/tbody>\n<\/table>\n<!-- #tablepress-714 from cache -->\n<p>&nbsp;<\/p>\n","protected":false},"excerpt":{"rendered":"<h2><strong>Vous r\u00eavez de coudre comme un tailleur italien?<\/strong><\/h2>\n<p>&nbsp;<\/p>\n<p>Les cours avanc\u00e9s de couture sont enti\u00e8rement personnalisables pour r\u00e9pondre aux besoins des entreprises et des \u00e9tudiants \u00e0 la recherche d\u2019un cours de qualit\u00e9 avec un personnel expert.<\/p>\n<p>Les cours s\u2019adressent \u00e0 ceux qui travaillent dans le domaine de la mode (stylistes, techniciens de la mode, cr\u00e9ateurs, mod\u00e8les CAO, etc.) ou qui souhaitent se sp\u00e9cialiser et accro\u00eetre leurs comp\u00e9tences professionnelles sur le plan pratique.<\/p>\n<p>Les cours se d\u00e9roulent en italien (service de traduction disponible) et comprennent des aspects th\u00e9oriques et pratiques :<\/p>\n<p>o Interpr\u00e9tation de la figure<br \/>\no Etude et recherche de mat\u00e9riaux<br \/>\no Conception de mod\u00e8les de papier<br \/>\no Couture : diff\u00e9rentes techniques et types de points. o Oeillets<br \/>\no Pochettes<br \/>\no Manches<br \/>\no Chemises<br \/>\no Foulard<br \/>\no Assemblez plusieurs v\u00eatements<br \/>\no vous r\u00e9aliserez un Tailleur italien (jupe ou pantalon)<\/p>\n<p>Les cours ont une dur\u00e9e de 64 heures. L\u2019enseignement est assur\u00e9 par des experts professionnels du secteur.<\/p>\n<p>Les cours sont individuels, afin que vous tiriez le meilleur parti de nos le\u00e7ons.<\/p>\n<p>\u00c0 la fin du programme, vous passerez un examen pratique et recevrez un certificat de participation.<\/p>\n","protected":false},"featured_media":123763,"comment_status":"open","ping_status":"closed","template":"","meta":{"_acf_changed":false,"_uag_custom_page_level_css":"","_kad_blocks_custom_css":"","_kad_blocks_head_custom_js":"","_kad_blocks_body_custom_js":"","_kad_blocks_footer_custom_js":"","site-sidebar-layout":"default","site-content-layout":"default","ast-site-content-layout":"default","site-content-style":"default","site-sidebar-style":"default","ast-global-header-display":"","ast-banner-title-visibility":"","ast-main-header-display":"","ast-hfb-above-header-display":"","ast-hfb-below-header-display":"","ast-hfb-mobile-header-display":"","site-post-title":"","ast-breadcrumbs-content":"","ast-featured-img":"","footer-sml-layout":"","ast-disable-related-posts":"","theme-transparent-header-meta":"default","adv-header-id-meta":"","stick-header-meta":"default","header-above-stick-meta":"","header-main-stick-meta":"","header-below-stick-meta":"","astra-migrate-meta-layouts":"set","ast-page-background-enabled":"default","ast-page-background-meta":{"desktop":{"background-color":"var(--ast-global-color-4)","background-image":"","background-repeat":"repeat","background-position":"center center","background-size":"auto","background-attachment":"scroll","background-type":"","background-media":"","overlay-type":"","overlay-color":"","overlay-opacity":"","overlay-gradient":""},"tablet":{"background-color":"","background-image":"","background-repeat":"repeat","background-position":"center center","background-size":"auto","background-attachment":"scroll","background-type":"","background-media":"","overlay-type":"","overlay-color":"","overlay-opacity":"","overlay-gradient":""},"mobile":{"background-color":"","background-image":"","background-repeat":"repeat","background-position":"center center","background-size":"auto","background-attachment":"scroll","background-type":"","background-media":"","overlay-type":"","overlay-color":"","overlay-opacity":"","overlay-gradient":""}},"ast-content-background-meta":{"desktop":{"background-color":"var(--ast-global-color-5)","background-image":"","background-repeat":"repeat","background-position":"center center","background-size":"auto","background-attachment":"scroll","background-type":"","background-media":"","overlay-type":"","overlay-color":"","overlay-opacity":"","overlay-gradient":""},"tablet":{"background-color":"var(--ast-global-color-5)","background-image":"","background-repeat":"repeat","background-position":"center center","background-size":"auto","background-attachment":"scroll","background-type":"","background-media":"","overlay-type":"","overlay-color":"","overlay-opacity":"","overlay-gradient":""},"mobile":{"background-color":"var(--ast-global-color-5)","background-image":"","background-repeat":"repeat","background-position":"center center","background-size":"auto","background-attachment":"scroll","background-type":"","background-media":"","overlay-type":"","overlay-color":"","overlay-opacity":"","overlay-gradient":""}}},"section":[],"product_brand":[],"product_cat":[1355],"product_tag":[1893],"class_list":{"0":"post-189367","1":"product","2":"type-product","3":"status-publish","4":"has-post-thumbnail","6":"product_cat-cours-de-mode","7":"product_tag-cours-de-moda-fr","8":"desktop-align-left","9":"tablet-align-left","10":"mobile-align-left","11":"ast-product-gallery-layout-horizontal-slider","12":"ast-product-single-variable","13":"ast-product-tabs-layout-horizontal","14":"ast-qv-on-image-click","16":"first","17":"instock","18":"sold-individually","19":"shipping-taxable","20":"purchasable","21":"product-type-variable"},"acf":[],"taxonomy_info":{"product_cat":[{"value":1355,"label":"Cours de mode"}],"product_tag":[{"value":1893,"label":"Cours de Moda"}]},"featured_image_src_large":["https:\/\/www.studiainitalia.com\/wp-content\/uploads\/2018\/02\/advanced-sewing-course-florence.jpg",567,567,false],"author_info":[],"comment_info":0,"uagb_featured_image_src":{"full":["https:\/\/www.studiainitalia.com\/wp-content\/uploads\/2018\/02\/advanced-sewing-course-florence.jpg",567,567,false],"thumbnail":["https:\/\/www.studiainitalia.com\/wp-content\/uploads\/2018\/02\/advanced-sewing-course-florence-150x150.jpg",96,96,true],"medium":["https:\/\/www.studiainitalia.com\/wp-content\/uploads\/2018\/02\/advanced-sewing-course-florence-300x300.jpg",300,300,true],"medium_large":["https:\/\/www.studiainitalia.com\/wp-content\/uploads\/2018\/02\/advanced-sewing-course-florence.jpg",567,567,false],"large":["https:\/\/www.studiainitalia.com\/wp-content\/uploads\/2018\/02\/advanced-sewing-course-florence.jpg",567,567,false],"1536x1536":["https:\/\/www.studiainitalia.com\/wp-content\/uploads\/2018\/02\/advanced-sewing-course-florence.jpg",567,567,false],"2048x2048":["https:\/\/www.studiainitalia.com\/wp-content\/uploads\/2018\/02\/advanced-sewing-course-florence.jpg",567,567,false],"ultp_layout_landscape_large":["https:\/\/www.studiainitalia.com\/wp-content\/uploads\/2018\/02\/advanced-sewing-course-florence.jpg",567,567,false],"ultp_layout_landscape":["https:\/\/www.studiainitalia.com\/wp-content\/uploads\/2018\/02\/advanced-sewing-course-florence.jpg",567,567,false],"ultp_layout_portrait":["https:\/\/www.studiainitalia.com\/wp-content\/uploads\/2018\/02\/advanced-sewing-course-florence.jpg",567,567,false],"ultp_layout_square":["https:\/\/www.studiainitalia.com\/wp-content\/uploads\/2018\/02\/advanced-sewing-course-florence.jpg",567,567,false],"gform-image-choice-sm":["https:\/\/www.studiainitalia.com\/wp-content\/uploads\/2018\/02\/advanced-sewing-course-florence.jpg",300,300,false],"gform-image-choice-md":["https:\/\/www.studiainitalia.com\/wp-content\/uploads\/2018\/02\/advanced-sewing-course-florence.jpg",400,400,false],"gform-image-choice-lg":["https:\/\/www.studiainitalia.com\/wp-content\/uploads\/2018\/02\/advanced-sewing-course-florence.jpg",567,567,false],"woocommerce_thumbnail":["https:\/\/www.studiainitalia.com\/wp-content\/uploads\/2018\/02\/advanced-sewing-course-florence-300x300.jpg",300,300,true],"woocommerce_single":["https:\/\/www.studiainitalia.com\/wp-content\/uploads\/2018\/02\/advanced-sewing-course-florence-400x400.jpg",400,400,true],"woocommerce_gallery_thumbnail":["https:\/\/www.studiainitalia.com\/wp-content\/uploads\/2018\/02\/advanced-sewing-course-florence-100x100.jpg",100,100,true],"yarpp-thumbnail":["https:\/\/www.studiainitalia.com\/wp-content\/uploads\/2018\/02\/advanced-sewing-course-florence.jpg",120,120,false]},"uagb_author_info":{"display_name":"Javier Diaz","author_link":"https:\/\/www.studiainitalia.com\/fr\/author\/"},"uagb_comment_info":0,"uagb_excerpt":"Vous r\u00eavez de coudre comme un tailleur italien? &nbsp; Les cours avanc\u00e9s de couture sont enti\u00e8rement personnalisables pour r\u00e9pondre aux besoins des entreprises et des \u00e9tudiants \u00e0 la recherche d\u2019un cours de qualit\u00e9 avec un personnel expert. Les cours s\u2019adressent \u00e0 ceux qui travaillent dans le domaine de la mode (stylistes, techniciens de la mode,\u2026","_links":{"self":[{"href":"https:\/\/www.studiainitalia.com\/fr\/wp-json\/wp\/v2\/product\/189367","targetHints":{"allow":["GET"]}}],"collection":[{"href":"https:\/\/www.studiainitalia.com\/fr\/wp-json\/wp\/v2\/product"}],"about":[{"href":"https:\/\/www.studiainitalia.com\/fr\/wp-json\/wp\/v2\/types\/product"}],"replies":[{"embeddable":true,"href":"https:\/\/www.studiainitalia.com\/fr\/wp-json\/wp\/v2\/comments?post=189367"}],"wp:featuredmedia":[{"embeddable":true,"href":"https:\/\/www.studiainitalia.com\/fr\/wp-json\/wp\/v2\/media\/123763"}],"wp:attachment":[{"href":"https:\/\/www.studiainitalia.com\/fr\/wp-json\/wp\/v2\/media?parent=189367"}],"wp:term":[{"taxonomy":"section","embeddable":true,"href":"https:\/\/www.studiainitalia.com\/fr\/wp-json\/wp\/v2\/section?post=189367"},{"taxonomy":"product_brand","embeddable":true,"href":"https:\/\/www.studiainitalia.com\/fr\/wp-json\/wp\/v2\/product_brand?post=189367"},{"taxonomy":"product_cat","embeddable":true,"href":"https:\/\/www.studiainitalia.com\/fr\/wp-json\/wp\/v2\/product_cat?post=189367"},{"taxonomy":"product_tag","embeddable":true,"href":"https:\/\/www.studiainitalia.com\/fr\/wp-json\/wp\/v2\/product_tag?post=189367"}],"curies":[{"name":"wp","href":"https:\/\/api.w.org\/{rel}","templated":true}]}}