{"id":189383,"date":"2020-10-16T11:40:10","date_gmt":"2020-10-16T09:40:10","guid":{"rendered":"https:\/\/www.studiainitalia.com\/courses\/non%20class\u00e9\/cours-italien-et-de-cuisine-dans-les-abruzzes\/"},"modified":"2025-12-19T18:12:39","modified_gmt":"2025-12-19T17:12:39","slug":"italien-et-gastronomie-dans-abruzzes","status":"publish","type":"product","link":"https:\/\/www.studiainitalia.com\/fr\/cours\/cours-de-cuisine-en-italie\/italien-et-gastronomie-dans-abruzzes\/","title":{"rendered":"Cours d\u2019italien et gastronomie dans les Abruzzes"},"content":{"rendered":"<h2>Cours d\u2019italien et gastronomie dans les Abruzzes<\/h2>\n<p>&nbsp;<\/p>\n<p>Le co\u00fbt du programme d\u2019italien et gastronomie dans les Abruzzes comprend: le transfert de Rome, tous les transferts pour les excursions, les billets, les d\u00e9gustations.<\/p>\n<p>Les 14 nuits d\u2019h\u00e9bergement en chambre simple dans un appartement partag\u00e9 avec utilisation de la cuisine dans la ville de Vasto sont inclues.<\/p>\n<p>Les logements sont situ\u00e9s au centre-ville et disposent de draps et de serviettes.<\/p>\n<p>Le co\u00fbt incl\u00fbt \u00e9galement un guide touristique en italien, 2 d\u00e9jeuners, 6 d\u00eeners. Le mat\u00e9riel du cours, 30 heures de cours d\u2019italien et le certificat final.<\/p>\n<p>&nbsp;<\/p>\n<table id=\"tablepress-715\" class=\"tablepress tablepress-id-715\">\n<thead>\n<tr class=\"row-1 odd\">\n<th class=\"column-1\" colspan=\"6\">Dates de d\u00e9but<\/th>\n<\/tr>\n<\/thead>\n<tbody class=\"row-hover\">\n<tr class=\"row-2 even\">\n<td class=\"column-1\">Janvier<\/td>\n<td class=\"column-2\">sur demande<\/td>\n<td class=\"column-3\">Mai<\/td>\n<td class=\"column-4\">sur demande<\/td>\n<td class=\"column-5\">Septembre<\/td>\n<td class=\"column-6\">sur demande<\/td>\n<\/tr>\n<tr class=\"row-3 odd\">\n<td class=\"column-1\">F\u00e9vrier<\/td>\n<td class=\"column-2\">sur demande<\/td>\n<td class=\"column-3\">Juin<\/td>\n<td class=\"column-4\">sur demande<\/td>\n<td class=\"column-5\">Octobre<\/td>\n<td class=\"column-6\">sur demande<\/td>\n<\/tr>\n<tr class=\"row-4 even\">\n<td class=\"column-1\">Mars<\/td>\n<td class=\"column-2\">sur demande<\/td>\n<td class=\"column-3\">Juillet<\/td>\n<td class=\"column-4\">sur demande<\/td>\n<td class=\"column-5\">Novembre<\/td>\n<td class=\"column-6\">sur demande<\/td>\n<\/tr>\n<tr class=\"row-5 odd\">\n<td class=\"column-1\">Avril<\/td>\n<td class=\"column-2\">sur demande<\/td>\n<td class=\"column-3\">Ao\u00fbt<\/td>\n<td class=\"column-4\">sur demande<\/td>\n<td class=\"column-5\">Decembre<\/td>\n<td class=\"column-6\">sur demande<\/td>\n<\/tr>\n<tr class=\"row-6 even\">\n<td class=\"column-1\" colspan=\"6\">L\u2019\u00e9cole sera ferm\u00e9e les jours f\u00e9ri\u00e9s suivants: Epiphanie (06\/01), Lundi de P\u00e2ques, Jour de la Lib\u00e9ration de l\u2019Italie (25\/04), F\u00eate des Travailleurs (01\/05), F\u00eate de la R\u00e9publique (02\/06), Ferragosto (15 \/ 08), Tous les Saints (01\/11), Immacul\u00e9e Conception (8\/12), vacances de No\u00ebl et nouvel an.<\/td>\n<\/tr>\n<\/tbody>\n<\/table>\n<div class=\"aiosrs-rating-wrap\" data-schema-id=\"90691\">\n<div class=\"aiosrs-star-rating-wrap \"><\/div>\n<\/div>\n<div class=\"aiosrs-rating-wrap\" data-schema-id=\"90691\">\n<div class=\"aiosrs-rating-summary-wrap\"><\/div>\n<\/div>\n","protected":false},"excerpt":{"rendered":"<h2><strong>Souhaitez-vous apprendre l\u2019italien et conna\u00eetre la gastronomie italienne?<\/strong><\/h2>\n<p>&nbsp;<\/p>\n<p>Ce forfait sp\u00e9cial de deux semaines comprend 30 cours d\u2019italien et des excursions pour d\u00e9couvrir la r\u00e9gion des Abruzzes en Italie.<\/p>\n<p>Les cours d\u2019italien comptent en moyenne 8 \u00e9tudiants et ils ont lieu le matin tandis que chaque apr\u00e8s-midi, il y aura une activit\u00e9 de cuisine, de d\u00e9gustation de vins, de d\u00e9gustations, de visites guid\u00e9es et des d\u00eeners.<\/p>\n<p>C\u2019est un programme parfait pour les voyageurs qui pr\u00e9f\u00e8rent avoir un programme quotidien organis\u00e9 et plein d\u2019activit\u00e9s, en particulier gastronomiques.<\/p>\n<p>Toutes les activit\u00e9s et les d\u00eeners sont inclus dans le prix, y compris les excursions le week-end.<\/p>\n<p>Demandez le programme complet!<\/p>\n","protected":false},"featured_media":125656,"comment_status":"open","ping_status":"closed","template":"","meta":{"_acf_changed":false,"_uag_custom_page_level_css":"","_kad_blocks_custom_css":"","_kad_blocks_head_custom_js":"","_kad_blocks_body_custom_js":"","_kad_blocks_footer_custom_js":"","site-sidebar-layout":"default","site-content-layout":"default","ast-site-content-layout":"default","site-content-style":"default","site-sidebar-style":"default","ast-global-header-display":"","ast-banner-title-visibility":"","ast-main-header-display":"","ast-hfb-above-header-display":"","ast-hfb-below-header-display":"","ast-hfb-mobile-header-display":"","site-post-title":"","ast-breadcrumbs-content":"","ast-featured-img":"","footer-sml-layout":"","ast-disable-related-posts":"","theme-transparent-header-meta":"default","adv-header-id-meta":"","stick-header-meta":"default","header-above-stick-meta":"","header-main-stick-meta":"","header-below-stick-meta":"","astra-migrate-meta-layouts":"set","ast-page-background-enabled":"default","ast-page-background-meta":{"desktop":{"background-color":"var(--ast-global-color-4)","background-image":"","background-repeat":"repeat","background-position":"center center","background-size":"auto","background-attachment":"scroll","background-type":"","background-media":"","overlay-type":"","overlay-color":"","overlay-opacity":"","overlay-gradient":""},"tablet":{"background-color":"","background-image":"","background-repeat":"repeat","background-position":"center center","background-size":"auto","background-attachment":"scroll","background-type":"","background-media":"","overlay-type":"","overlay-color":"","overlay-opacity":"","overlay-gradient":""},"mobile":{"background-color":"","background-image":"","background-repeat":"repeat","background-position":"center center","background-size":"auto","background-attachment":"scroll","background-type":"","background-media":"","overlay-type":"","overlay-color":"","overlay-opacity":"","overlay-gradient":""}},"ast-content-background-meta":{"desktop":{"background-color":"var(--ast-global-color-5)","background-image":"","background-repeat":"repeat","background-position":"center center","background-size":"auto","background-attachment":"scroll","background-type":"","background-media":"","overlay-type":"","overlay-color":"","overlay-opacity":"","overlay-gradient":""},"tablet":{"background-color":"var(--ast-global-color-5)","background-image":"","background-repeat":"repeat","background-position":"center center","background-size":"auto","background-attachment":"scroll","background-type":"","background-media":"","overlay-type":"","overlay-color":"","overlay-opacity":"","overlay-gradient":""},"mobile":{"background-color":"var(--ast-global-color-5)","background-image":"","background-repeat":"repeat","background-position":"center center","background-size":"auto","background-attachment":"scroll","background-type":"","background-media":"","overlay-type":"","overlay-color":"","overlay-opacity":"","overlay-gradient":""}}},"section":[],"product_brand":[],"product_cat":[1270,1375],"product_tag":[1884],"class_list":{"0":"post-189383","1":"product","2":"type-product","3":"status-publish","4":"has-post-thumbnail","6":"product_cat-cours-de-cuisine-en-italie","7":"product_cat-etudier-dans-les-abruzzes","8":"product_tag-cours-de-cuisine","9":"desktop-align-left","10":"tablet-align-left","11":"mobile-align-left","12":"ast-product-gallery-layout-horizontal-slider","13":"ast-product-single-variable","14":"ast-product-tabs-layout-horizontal","15":"ast-qv-on-image-click","17":"first","18":"instock","19":"sold-individually","20":"shipping-taxable","21":"purchasable","22":"product-type-variable"},"acf":[],"taxonomy_info":{"product_cat":[{"value":1270,"label":"Cours de cuisine en Italie"},{"value":1375,"label":"\u00c9tudier dans les Abruzzes"}],"product_tag":[{"value":1884,"label":"Cours de cuisine"}]},"featured_image_src_large":["https:\/\/www.studiainitalia.com\/wp-content\/uploads\/2020\/10\/foto-degustabruzzo.jpg",400,401,false],"author_info":[],"comment_info":1,"uagb_featured_image_src":{"full":["https:\/\/www.studiainitalia.com\/wp-content\/uploads\/2020\/10\/foto-degustabruzzo.jpg",400,401,false],"thumbnail":["https:\/\/www.studiainitalia.com\/wp-content\/uploads\/2020\/10\/foto-degustabruzzo.jpg",96,96,false],"medium":["https:\/\/www.studiainitalia.com\/wp-content\/uploads\/2020\/10\/foto-degustabruzzo.jpg",400,401,false],"medium_large":["https:\/\/www.studiainitalia.com\/wp-content\/uploads\/2020\/10\/foto-degustabruzzo.jpg",400,401,false],"large":["https:\/\/www.studiainitalia.com\/wp-content\/uploads\/2020\/10\/foto-degustabruzzo.jpg",400,401,false],"1536x1536":["https:\/\/www.studiainitalia.com\/wp-content\/uploads\/2020\/10\/foto-degustabruzzo.jpg",400,401,false],"2048x2048":["https:\/\/www.studiainitalia.com\/wp-content\/uploads\/2020\/10\/foto-degustabruzzo.jpg",400,401,false],"ultp_layout_landscape_large":["https:\/\/www.studiainitalia.com\/wp-content\/uploads\/2020\/10\/foto-degustabruzzo.jpg",400,401,false],"ultp_layout_landscape":["https:\/\/www.studiainitalia.com\/wp-content\/uploads\/2020\/10\/foto-degustabruzzo.jpg",400,401,false],"ultp_layout_portrait":["https:\/\/www.studiainitalia.com\/wp-content\/uploads\/2020\/10\/foto-degustabruzzo.jpg",400,401,false],"ultp_layout_square":["https:\/\/www.studiainitalia.com\/wp-content\/uploads\/2020\/10\/foto-degustabruzzo.jpg",400,401,false],"gform-image-choice-sm":["https:\/\/www.studiainitalia.com\/wp-content\/uploads\/2020\/10\/foto-degustabruzzo.jpg",300,300,false],"gform-image-choice-md":["https:\/\/www.studiainitalia.com\/wp-content\/uploads\/2020\/10\/foto-degustabruzzo.jpg",399,400,false],"gform-image-choice-lg":["https:\/\/www.studiainitalia.com\/wp-content\/uploads\/2020\/10\/foto-degustabruzzo.jpg",400,401,false],"woocommerce_thumbnail":["https:\/\/www.studiainitalia.com\/wp-content\/uploads\/2020\/10\/foto-degustabruzzo-300x300.jpg",300,300,true],"woocommerce_single":["https:\/\/www.studiainitalia.com\/wp-content\/uploads\/2020\/10\/foto-degustabruzzo.jpg",400,401,false],"woocommerce_gallery_thumbnail":["https:\/\/www.studiainitalia.com\/wp-content\/uploads\/2020\/10\/foto-degustabruzzo-100x100.jpg",100,100,true],"yarpp-thumbnail":["https:\/\/www.studiainitalia.com\/wp-content\/uploads\/2020\/10\/foto-degustabruzzo-120x120.jpg",120,120,true]},"uagb_author_info":{"display_name":"rafael","author_link":"https:\/\/www.studiainitalia.com\/fr\/author\/"},"uagb_comment_info":1,"uagb_excerpt":"Souhaitez-vous apprendre l\u2019italien et conna\u00eetre la gastronomie italienne? &nbsp; Ce forfait sp\u00e9cial de deux semaines comprend 30 cours d\u2019italien et des excursions pour d\u00e9couvrir la r\u00e9gion des Abruzzes en Italie. Les cours d\u2019italien comptent en moyenne 8 \u00e9tudiants et ils ont lieu le matin tandis que chaque apr\u00e8s-midi, il y aura une activit\u00e9 de cuisine,\u2026","_links":{"self":[{"href":"https:\/\/www.studiainitalia.com\/fr\/wp-json\/wp\/v2\/product\/189383","targetHints":{"allow":["GET"]}}],"collection":[{"href":"https:\/\/www.studiainitalia.com\/fr\/wp-json\/wp\/v2\/product"}],"about":[{"href":"https:\/\/www.studiainitalia.com\/fr\/wp-json\/wp\/v2\/types\/product"}],"replies":[{"embeddable":true,"href":"https:\/\/www.studiainitalia.com\/fr\/wp-json\/wp\/v2\/comments?post=189383"}],"wp:featuredmedia":[{"embeddable":true,"href":"https:\/\/www.studiainitalia.com\/fr\/wp-json\/wp\/v2\/media\/125656"}],"wp:attachment":[{"href":"https:\/\/www.studiainitalia.com\/fr\/wp-json\/wp\/v2\/media?parent=189383"}],"wp:term":[{"taxonomy":"section","embeddable":true,"href":"https:\/\/www.studiainitalia.com\/fr\/wp-json\/wp\/v2\/section?post=189383"},{"taxonomy":"product_brand","embeddable":true,"href":"https:\/\/www.studiainitalia.com\/fr\/wp-json\/wp\/v2\/product_brand?post=189383"},{"taxonomy":"product_cat","embeddable":true,"href":"https:\/\/www.studiainitalia.com\/fr\/wp-json\/wp\/v2\/product_cat?post=189383"},{"taxonomy":"product_tag","embeddable":true,"href":"https:\/\/www.studiainitalia.com\/fr\/wp-json\/wp\/v2\/product_tag?post=189383"}],"curies":[{"name":"wp","href":"https:\/\/api.w.org\/{rel}","templated":true}]}}