{"id":189450,"date":"2022-10-25T16:38:01","date_gmt":"2022-10-25T14:38:01","guid":{"rendered":"https:\/\/www.studiainitalia.com\/courses\/non%20class\u00e9\/cuisine-italienne-cours-dete\/"},"modified":"2024-12-10T16:28:16","modified_gmt":"2024-12-10T15:28:16","slug":"cours-ete-cuisine-italienne","status":"publish","type":"product","link":"https:\/\/www.studiainitalia.com\/fr\/cours\/cours-de-cuisine-en-italie\/cours-ete-cuisine-italienne\/","title":{"rendered":"Cours d\u2019\u00e9t\u00e9 de cuisine italienne"},"content":{"rendered":"<h3><strong>Cours d\u2019\u00e9t\u00e9 de cuisine italienne<\/strong><\/h3>\n<p>&nbsp;<\/p>\n<p>Notre cours d\u2019\u00e9t\u00e9 de cuisine italienne \u00e0 Florence offre une introduction professionnelle \u00e0 la cuisine italienne.<\/p>\n<p>Le programme se d\u00e9roule pendant 3 semaines en juillet.<\/p>\n<p>D\u00e9couvrez les traditions culinaires Made in Italy tout en apprenant les comp\u00e9tences culinaires les plus importantes avec des chefs professionnels.<\/p>\n<p>Le cours est organis\u00e9 en 90 heures qui comprendront des cours de cuisine pratiques avec un chef d\u00e9di\u00e9, des visites chez des producteurs artisanaux de nourriture et de vin, des conf\u00e9rences et des s\u00e9minaires.<\/p>\n<p>Des s\u00e9minaires et des conf\u00e9rences sur la gastronomie italienne et la production alimentaire industrielle viendront compl\u00e9ter le parcours acad\u00e9mique.<\/p>\n<p>Le cours se d\u00e9roule en anglais. Les cours se d\u00e9roulent du lundi au vendredi en journ\u00e9e compl\u00e8te.<\/p>\n<p>Des frais de pr\u00e9inscription de 1000 \u20ac sont demand\u00e9s pour le processus d\u2019inscription.<\/p>\n<p>L\u2019inscription est limit\u00e9e \u00e0 12 \u00e9tudiants.<\/p>\n<p>Vous recherchez plut\u00f4t une\u00a0<a href=\"https:\/\/www.studiainitalia.com\/fr\/academy\/programme-culinaire\/\">formation professionnelle \u00e0 long terme<\/a>\u00a0?<\/p>\n<p><strong>Demandez plus d\u2019informations !<\/strong><\/p>\n<div class=\"aiosrs-rating-wrap\" data-schema-id=\"90691\">\n<div class=\"aiosrs-star-rating-wrap \"><\/div>\n<div class=\"aiosrs-rating-summary-wrap\"><span class=\"aiosrs-rating\">0\/5\u00a0<\/span><span class=\"aiosrs-rating-count\">(0 Reviews)<\/span><\/div>\n<\/div>\n","protected":false},"excerpt":{"rendered":"<h2><strong>Voulez-vous apprendre les comp\u00e9tences culinaires les plus importantes avec un chef professionnel en Italie ?<\/strong><\/h2>\n<p>&nbsp;<\/p>\n<p>Ce cours de cuisine professionnel intensif vous offrira la chance de travailler dans la cuisine d\u2019un restaurant gastronomique, d\u2019une\u00a0<em>trattoria<\/em>, d\u2019un bistrot, d\u2019un caf\u00e9 et bien plus encore.<\/p>\n<p>Les comp\u00e9tences culinaires sont le point central et le c\u0153ur du cours. Vous apprendrez \u00e0 pr\u00e9parer des<em>\u00a0primi piatti, secondi piatti<\/em>, des pains et des desserts, en utilisant uniquement des ingr\u00e9dients de saison.<\/p>\n<p>&nbsp;<\/p>\n<p>Cours sur le terrain avec des visites chez les producteurs d\u2019aliments artisanaux qui approvisionnent quotidiennement les cuisines des restaurants : fromagers, agriculteurs et caves de la r\u00e9gion du Chianti, soigneusement s\u00e9lectionn\u00e9s.<\/p>\n","protected":false},"featured_media":132952,"comment_status":"open","ping_status":"closed","template":"","meta":{"_acf_changed":false,"_uag_custom_page_level_css":"","_kad_blocks_custom_css":"","_kad_blocks_head_custom_js":"","_kad_blocks_body_custom_js":"","_kad_blocks_footer_custom_js":"","site-sidebar-layout":"default","site-content-layout":"default","ast-site-content-layout":"default","site-content-style":"default","site-sidebar-style":"default","ast-global-header-display":"","ast-banner-title-visibility":"","ast-main-header-display":"","ast-hfb-above-header-display":"","ast-hfb-below-header-display":"","ast-hfb-mobile-header-display":"","site-post-title":"","ast-breadcrumbs-content":"","ast-featured-img":"","footer-sml-layout":"","ast-disable-related-posts":"","theme-transparent-header-meta":"default","adv-header-id-meta":"","stick-header-meta":"default","header-above-stick-meta":"","header-main-stick-meta":"","header-below-stick-meta":"","astra-migrate-meta-layouts":"set","ast-page-background-enabled":"default","ast-page-background-meta":{"desktop":{"background-color":"var(--ast-global-color-4)","background-image":"","background-repeat":"repeat","background-position":"center center","background-size":"auto","background-attachment":"scroll","background-type":"","background-media":"","overlay-type":"","overlay-color":"","overlay-opacity":"","overlay-gradient":""},"tablet":{"background-color":"","background-image":"","background-repeat":"repeat","background-position":"center center","background-size":"auto","background-attachment":"scroll","background-type":"","background-media":"","overlay-type":"","overlay-color":"","overlay-opacity":"","overlay-gradient":""},"mobile":{"background-color":"","background-image":"","background-repeat":"repeat","background-position":"center center","background-size":"auto","background-attachment":"scroll","background-type":"","background-media":"","overlay-type":"","overlay-color":"","overlay-opacity":"","overlay-gradient":""}},"ast-content-background-meta":{"desktop":{"background-color":"var(--ast-global-color-5)","background-image":"","background-repeat":"repeat","background-position":"center center","background-size":"auto","background-attachment":"scroll","background-type":"","background-media":"","overlay-type":"","overlay-color":"","overlay-opacity":"","overlay-gradient":""},"tablet":{"background-color":"var(--ast-global-color-5)","background-image":"","background-repeat":"repeat","background-position":"center center","background-size":"auto","background-attachment":"scroll","background-type":"","background-media":"","overlay-type":"","overlay-color":"","overlay-opacity":"","overlay-gradient":""},"mobile":{"background-color":"var(--ast-global-color-5)","background-image":"","background-repeat":"repeat","background-position":"center center","background-size":"auto","background-attachment":"scroll","background-type":"","background-media":"","overlay-type":"","overlay-color":"","overlay-opacity":"","overlay-gradient":""}}},"section":[],"product_brand":[],"product_cat":[1270,1276],"product_tag":[1884,1886],"class_list":{"0":"post-189450","1":"product","2":"type-product","3":"status-publish","4":"has-post-thumbnail","6":"product_cat-cours-de-cuisine-en-italie","7":"product_cat-etudier-a-letranger-a-florence","8":"product_tag-cours-de-cuisine","9":"product_tag-etranger-a-florence","10":"desktop-align-left","11":"tablet-align-left","12":"mobile-align-left","13":"ast-product-gallery-layout-horizontal-slider","14":"ast-product-single-variable","15":"ast-product-tabs-layout-horizontal","16":"ast-qv-on-image-click","18":"first","19":"instock","20":"sold-individually","21":"shipping-taxable","22":"purchasable","23":"product-type-variable"},"acf":[],"taxonomy_info":{"product_cat":[{"value":1270,"label":"Cours de cuisine en Italie"},{"value":1276,"label":"Cursos en Florencia"}],"product_tag":[{"value":1884,"label":"Cours de cuisine"},{"value":1886,"label":"\u00e9tranger \u00e0 Florence"}]},"featured_image_src_large":["https:\/\/www.studiainitalia.com\/wp-content\/uploads\/2022\/10\/846-schola-food-ph-stefano-casati-05603-scaled.jpg",2880,1921,false],"author_info":[],"comment_info":0,"uagb_featured_image_src":{"full":["https:\/\/www.studiainitalia.com\/wp-content\/uploads\/2022\/10\/846-schola-food-ph-stefano-casati-05603-scaled.jpg",2880,1921,false],"thumbnail":["https:\/\/www.studiainitalia.com\/wp-content\/uploads\/2022\/10\/846-schola-food-ph-stefano-casati-05603-scaled.jpg",128,85,false],"medium":["https:\/\/www.studiainitalia.com\/wp-content\/uploads\/2022\/10\/846-schola-food-ph-stefano-casati-05603-scaled.jpg",2880,1921,false],"medium_large":["https:\/\/www.studiainitalia.com\/wp-content\/uploads\/2022\/10\/846-schola-food-ph-stefano-casati-05603-768x512.jpg",768,512,true],"large":["https:\/\/www.studiainitalia.com\/wp-content\/uploads\/2022\/10\/846-schola-food-ph-stefano-casati-05603-scaled.jpg",2880,1921,false],"1536x1536":["https:\/\/www.studiainitalia.com\/wp-content\/uploads\/2022\/10\/846-schola-food-ph-stefano-casati-05603-1536x1025.jpg",1536,1025,true],"2048x2048":["https:\/\/www.studiainitalia.com\/wp-content\/uploads\/2022\/10\/846-schola-food-ph-stefano-casati-05603-2048x1366.jpg",2048,1366,true],"ultp_layout_landscape_large":["https:\/\/www.studiainitalia.com\/wp-content\/uploads\/2022\/10\/846-schola-food-ph-stefano-casati-05603-1200x800.jpg",1200,800,true],"ultp_layout_landscape":["https:\/\/www.studiainitalia.com\/wp-content\/uploads\/2022\/10\/846-schola-food-ph-stefano-casati-05603-870x570.jpg",870,570,true],"ultp_layout_portrait":["https:\/\/www.studiainitalia.com\/wp-content\/uploads\/2022\/10\/846-schola-food-ph-stefano-casati-05603-600x900.jpg",600,900,true],"ultp_layout_square":["https:\/\/www.studiainitalia.com\/wp-content\/uploads\/2022\/10\/846-schola-food-ph-stefano-casati-05603-600x600.jpg",600,600,true],"gform-image-choice-sm":["https:\/\/www.studiainitalia.com\/wp-content\/uploads\/2022\/10\/846-schola-food-ph-stefano-casati-05603-scaled.jpg",300,200,false],"gform-image-choice-md":["https:\/\/www.studiainitalia.com\/wp-content\/uploads\/2022\/10\/846-schola-food-ph-stefano-casati-05603-scaled.jpg",400,267,false],"gform-image-choice-lg":["https:\/\/www.studiainitalia.com\/wp-content\/uploads\/2022\/10\/846-schola-food-ph-stefano-casati-05603-scaled.jpg",600,400,false],"woocommerce_thumbnail":["https:\/\/www.studiainitalia.com\/wp-content\/uploads\/2022\/10\/846-schola-food-ph-stefano-casati-05603-300x300.jpg",300,300,true],"woocommerce_single":["https:\/\/www.studiainitalia.com\/wp-content\/uploads\/2022\/10\/846-schola-food-ph-stefano-casati-05603-400x267.jpg",400,267,true],"woocommerce_gallery_thumbnail":["https:\/\/www.studiainitalia.com\/wp-content\/uploads\/2022\/10\/846-schola-food-ph-stefano-casati-05603-100x100.jpg",100,100,true],"yarpp-thumbnail":["https:\/\/www.studiainitalia.com\/wp-content\/uploads\/2022\/10\/846-schola-food-ph-stefano-casati-05603-120x120.jpg",120,120,true]},"uagb_author_info":{"display_name":"Jordi Torres","author_link":"https:\/\/www.studiainitalia.com\/fr\/author\/"},"uagb_comment_info":0,"uagb_excerpt":"Voulez-vous apprendre les comp\u00e9tences culinaires les plus importantes avec un chef professionnel en Italie ? &nbsp; Ce cours de cuisine professionnel intensif vous offrira la chance de travailler dans la cuisine d\u2019un restaurant gastronomique, d\u2019une\u00a0trattoria, d\u2019un bistrot, d\u2019un caf\u00e9 et bien plus encore. Les comp\u00e9tences culinaires sont le point central et le c\u0153ur du cours.\u2026","_links":{"self":[{"href":"https:\/\/www.studiainitalia.com\/fr\/wp-json\/wp\/v2\/product\/189450","targetHints":{"allow":["GET"]}}],"collection":[{"href":"https:\/\/www.studiainitalia.com\/fr\/wp-json\/wp\/v2\/product"}],"about":[{"href":"https:\/\/www.studiainitalia.com\/fr\/wp-json\/wp\/v2\/types\/product"}],"replies":[{"embeddable":true,"href":"https:\/\/www.studiainitalia.com\/fr\/wp-json\/wp\/v2\/comments?post=189450"}],"wp:featuredmedia":[{"embeddable":true,"href":"https:\/\/www.studiainitalia.com\/fr\/wp-json\/wp\/v2\/media\/132952"}],"wp:attachment":[{"href":"https:\/\/www.studiainitalia.com\/fr\/wp-json\/wp\/v2\/media?parent=189450"}],"wp:term":[{"taxonomy":"section","embeddable":true,"href":"https:\/\/www.studiainitalia.com\/fr\/wp-json\/wp\/v2\/section?post=189450"},{"taxonomy":"product_brand","embeddable":true,"href":"https:\/\/www.studiainitalia.com\/fr\/wp-json\/wp\/v2\/product_brand?post=189450"},{"taxonomy":"product_cat","embeddable":true,"href":"https:\/\/www.studiainitalia.com\/fr\/wp-json\/wp\/v2\/product_cat?post=189450"},{"taxonomy":"product_tag","embeddable":true,"href":"https:\/\/www.studiainitalia.com\/fr\/wp-json\/wp\/v2\/product_tag?post=189450"}],"curies":[{"name":"wp","href":"https:\/\/api.w.org\/{rel}","templated":true}]}}