{"id":196530,"date":"2024-01-04T16:26:17","date_gmt":"2024-01-04T15:26:17","guid":{"rendered":"https:\/\/www.studiainitalia.com\/?post_type=product&#038;p=196530"},"modified":"2025-11-26T16:53:11","modified_gmt":"2025-11-26T15:53:11","slug":"cours-ditalien-pour-les-familles","status":"publish","type":"product","link":"https:\/\/www.studiainitalia.com\/fr\/cours\/cours-a-salerne\/cours-ditalien-pour-les-familles\/","title":{"rendered":"Cours d&rsquo;Italien pour les Familles"},"content":{"rendered":"<h2>Cours d&rsquo;italien pour les familles<\/h2>\n<p>&nbsp;<\/p>\n<p>Le cours d&rsquo;italien pour les familles\u00a0 est con\u00e7u pour les parents et leurs enfants (de 7 \u00e0 16 ans) qui souhaitent combiner des vacances en Italie avec l&rsquo;\u00e9tude de la langue italienne.<\/p>\n<p>Le programme s&rsquo;adresse aux parents et\/ou aux enfants (\u00e2ge minimum de 7 ans pour les cours). Les cours de langue ont lieu le matin.\u00a0 Les d&rsquo;activit\u00e9s culturelles et d&rsquo;excursions sont organis\u00e9es l&rsquo;apr\u00e8s-midi et le week-end.<\/p>\n<p>&nbsp;<\/p>\n<p><strong>Le cours d&rsquo;italien pour les familles comprend:<\/strong><\/p>\n<p>&nbsp;<\/p>\n<p>&#8211; Cours pour les parents : 1 semaine\/ 20 le\u00e7ons en groupe<br \/>\n&#8211; Cours pour enfants : 1 semaine\/ 20 le\u00e7ons en groupe<\/p>\n<p>&nbsp;<\/p>\n<p><strong>Activit\u00e9s :<\/strong><\/p>\n<p>&nbsp;<\/p>\n<p>&#8211; 1 visite de la ville de Salerne<br \/>\n&#8211; 1 excursion d&rsquo;une demi-journ\u00e9e<br \/>\n&#8211; 1 s\u00e9minaire sur la culture italienne<br \/>\n&#8211; 2 activit\u00e9s culturelles et jeux d&rsquo;apprentissage de la langue<\/p>\n<p>Ce programme se d\u00e9roule \u00e0 dates fixes. Diff\u00e9rents types d&rsquo;h\u00e9bergement sont disponibles sur demande (familles d&rsquo;accueil, h\u00f4tels \u00e0 des tarifs sp\u00e9ciaux).<\/p>\n<p>&nbsp;<\/p>\n<p><strong>Dates 2026 :<\/strong>\u00a0 16 f\u00e9vrier, 30 mars, 13 avril, 4 mai, 1 juin, 15 juin, 13 et 27 juillet,\u00a0 10 ao\u00fbt, 21 septembre, 19 octobre, 7 d\u00e9cembre (dates sp\u00e9ciales pour les groupes disponibles sur demande).<\/p>\n<p>&nbsp;<\/p>\n","protected":false},"excerpt":{"rendered":"<h2>Voulez vous partir pour une aventure en famille en Italie?<\/h2>\n<p>&nbsp;<\/p>\n<p>Notre programme familial est con\u00e7u pour les parents d&rsquo;enfants \u00e2g\u00e9s de 7 \u00e0 16 ans. Plongez dans la beaut\u00e9 de l&rsquo;Italie, en combinant des vacances avec la joie d&rsquo;apprendre l&rsquo;italien et de vous immerger dans la culture du sud de l&rsquo;Italie.<\/p>\n<p>Un voyage d&rsquo;apprentissage et de d\u00e9couverte : notre programme familial s&rsquo;adresse \u00e0 la fois aux parents et aux enfants et propose des cours de langue le matin et des activit\u00e9s culturelles et des excursions l&rsquo;apr\u00e8s-midi et le week-end.<\/p>\n<p>Nich\u00e9 au c\u0153ur de Salerne, notre programme est un m\u00e9lange parfait de langue et de culture. Des cours de langue pour les parents et les enfants dans des groupes s\u00e9par\u00e9s, ainsi qu&rsquo;une excursion d&rsquo;une demi-journ\u00e9e et des activit\u00e9s culturelles.<\/p>\n<p>Le programme :<\/p>\n<p>&#8211; Cours pour les parents : 20 le\u00e7ons en groupe par semaine.<\/p>\n<p>&#8211; Cours pour enfants : regardez vos enfants apprendre gr\u00e2ce \u00e0 leurs propres 20 cours collectifs, parfaitement adapt\u00e9s \u00e0 leur tranche d&rsquo;\u00e2ge.<\/p>\n<p>Profitez de l&rsquo;exp\u00e9rience : Au-del\u00e0 de la salle de classe, notre programme est une porte ouverte \u00e0 la d\u00e9couverte, y compris :<\/p>\n<p>&#8211; 1 visite de la ville de Salerne : d\u00e9couvrez les joyaux cach\u00e9s de la riche histoire de Salerne.<\/p>\n<p>&#8211; 1 Excursion d&rsquo;une demi-journ\u00e9e : une excursion sp\u00e9ciale pour les familles.<\/p>\n<p>&#8211; 1 S\u00e9minaire de culture italienne : plongez au c\u0153ur des traditions italiennes.<\/p>\n<p>&#8211; 2 Activit\u00e9s culturelles et jeux linguistiques : faites de l&rsquo;apprentissage de la langue une aventure pour toute la famille.<\/p>\n<p>Vos vacances en famille profitez d&rsquo;une combinaison parfaite d&rsquo;\u00e9ducation et de loisirs, permettant \u00e0 votre famille de cr\u00e9er des souvenirs inoubliables. Chaque instant est un pas vers une exp\u00e9rience culturelle plus riche.<\/p>\n<p>Rejoignez-nous pour un voyage qui \u00e9veille la curiosit\u00e9 et unit les familles dans la magie de l&rsquo;Italie<\/p>\n<p><strong> votre aventure vous attend ! D\u00e9couvrez les merveilles du sud de l&rsquo;Italie avec vos proches.<\/strong><\/p>\n","protected":false},"featured_media":196538,"comment_status":"open","ping_status":"closed","template":"","meta":{"_acf_changed":false,"_uag_custom_page_level_css":"","_kad_blocks_custom_css":"","_kad_blocks_head_custom_js":"","_kad_blocks_body_custom_js":"","_kad_blocks_footer_custom_js":"","site-sidebar-layout":"default","site-content-layout":"","ast-site-content-layout":"default","site-content-style":"default","site-sidebar-style":"default","ast-global-header-display":"","ast-banner-title-visibility":"","ast-main-header-display":"","ast-hfb-above-header-display":"","ast-hfb-below-header-display":"","ast-hfb-mobile-header-display":"","site-post-title":"","ast-breadcrumbs-content":"","ast-featured-img":"","footer-sml-layout":"","ast-disable-related-posts":"","theme-transparent-header-meta":"default","adv-header-id-meta":"","stick-header-meta":"default","header-above-stick-meta":"","header-main-stick-meta":"","header-below-stick-meta":"","astra-migrate-meta-layouts":"set","ast-page-background-enabled":"default","ast-page-background-meta":{"desktop":{"background-color":"var(--ast-global-color-4)","background-image":"","background-repeat":"repeat","background-position":"center center","background-size":"auto","background-attachment":"scroll","background-type":"","background-media":"","overlay-type":"","overlay-color":"","overlay-opacity":"","overlay-gradient":""},"tablet":{"background-color":"","background-image":"","background-repeat":"repeat","background-position":"center center","background-size":"auto","background-attachment":"scroll","background-type":"","background-media":"","overlay-type":"","overlay-color":"","overlay-opacity":"","overlay-gradient":""},"mobile":{"background-color":"","background-image":"","background-repeat":"repeat","background-position":"center center","background-size":"auto","background-attachment":"scroll","background-type":"","background-media":"","overlay-type":"","overlay-color":"","overlay-opacity":"","overlay-gradient":""}},"ast-content-background-meta":{"desktop":{"background-color":"var(--ast-global-color-5)","background-image":"","background-repeat":"repeat","background-position":"center center","background-size":"auto","background-attachment":"scroll","background-type":"","background-media":"","overlay-type":"","overlay-color":"","overlay-opacity":"","overlay-gradient":""},"tablet":{"background-color":"var(--ast-global-color-5)","background-image":"","background-repeat":"repeat","background-position":"center center","background-size":"auto","background-attachment":"scroll","background-type":"","background-media":"","overlay-type":"","overlay-color":"","overlay-opacity":"","overlay-gradient":""},"mobile":{"background-color":"var(--ast-global-color-5)","background-image":"","background-repeat":"repeat","background-position":"center center","background-size":"auto","background-attachment":"scroll","background-type":"","background-media":"","overlay-type":"","overlay-color":"","overlay-opacity":"","overlay-gradient":""}}},"section":[],"product_brand":[],"product_cat":[1334,1317],"product_tag":[],"class_list":{"0":"post-196530","1":"product","2":"type-product","3":"status-publish","4":"has-post-thumbnail","6":"product_cat-cours-italien-en-italie-pour-les-familles","7":"product_cat-cours-a-salerne","8":"desktop-align-left","9":"tablet-align-left","10":"mobile-align-left","11":"ast-product-gallery-layout-horizontal-slider","12":"ast-product-single-variable","13":"ast-product-tabs-layout-horizontal","14":"ast-qv-on-image-click","16":"first","17":"instock","18":"sold-individually","19":"shipping-taxable","20":"purchasable","21":"product-type-variable"},"acf":[],"taxonomy_info":{"product_cat":[{"value":1334,"label":"Cours d'italien en Italie pour les familles"},{"value":1317,"label":"\u00c9tudier \u00e0 Salerne"}]},"featured_image_src_large":["https:\/\/www.studiainitalia.com\/wp-content\/uploads\/2024\/01\/genitori-con-i-loro-bambini-che-camminano-nella-foresta-scaled.jpg",2048,1365,false],"author_info":[],"comment_info":0,"uagb_featured_image_src":{"full":["https:\/\/www.studiainitalia.com\/wp-content\/uploads\/2024\/01\/genitori-con-i-loro-bambini-che-camminano-nella-foresta-scaled.jpg",2048,1365,false],"thumbnail":["https:\/\/www.studiainitalia.com\/wp-content\/uploads\/2024\/01\/genitori-con-i-loro-bambini-che-camminano-nella-foresta-scaled.jpg",128,85,false],"medium":["https:\/\/www.studiainitalia.com\/wp-content\/uploads\/2024\/01\/genitori-con-i-loro-bambini-che-camminano-nella-foresta-scaled.jpg",2048,1365,false],"medium_large":["https:\/\/www.studiainitalia.com\/wp-content\/uploads\/2024\/01\/genitori-con-i-loro-bambini-che-camminano-nella-foresta-768x512.jpg",768,512,true],"large":["https:\/\/www.studiainitalia.com\/wp-content\/uploads\/2024\/01\/genitori-con-i-loro-bambini-che-camminano-nella-foresta-scaled.jpg",2048,1365,false],"1536x1536":["https:\/\/www.studiainitalia.com\/wp-content\/uploads\/2024\/01\/genitori-con-i-loro-bambini-che-camminano-nella-foresta-1536x1024.jpg",1536,1024,true],"2048x2048":["https:\/\/www.studiainitalia.com\/wp-content\/uploads\/2024\/01\/genitori-con-i-loro-bambini-che-camminano-nella-foresta-2048x1365.jpg",2048,1365,true],"ultp_layout_landscape_large":["https:\/\/www.studiainitalia.com\/wp-content\/uploads\/2024\/01\/genitori-con-i-loro-bambini-che-camminano-nella-foresta-1200x800.jpg",1200,800,true],"ultp_layout_landscape":["https:\/\/www.studiainitalia.com\/wp-content\/uploads\/2024\/01\/genitori-con-i-loro-bambini-che-camminano-nella-foresta-870x570.jpg",870,570,true],"ultp_layout_portrait":["https:\/\/www.studiainitalia.com\/wp-content\/uploads\/2024\/01\/genitori-con-i-loro-bambini-che-camminano-nella-foresta-600x900.jpg",600,900,true],"ultp_layout_square":["https:\/\/www.studiainitalia.com\/wp-content\/uploads\/2024\/01\/genitori-con-i-loro-bambini-che-camminano-nella-foresta-600x600.jpg",600,600,true],"gform-image-choice-sm":["https:\/\/www.studiainitalia.com\/wp-content\/uploads\/2024\/01\/genitori-con-i-loro-bambini-che-camminano-nella-foresta-scaled.jpg",300,200,false],"gform-image-choice-md":["https:\/\/www.studiainitalia.com\/wp-content\/uploads\/2024\/01\/genitori-con-i-loro-bambini-che-camminano-nella-foresta-scaled.jpg",400,267,false],"gform-image-choice-lg":["https:\/\/www.studiainitalia.com\/wp-content\/uploads\/2024\/01\/genitori-con-i-loro-bambini-che-camminano-nella-foresta-scaled.jpg",600,400,false],"woocommerce_thumbnail":["https:\/\/www.studiainitalia.com\/wp-content\/uploads\/2024\/01\/genitori-con-i-loro-bambini-che-camminano-nella-foresta-300x300.jpg",300,300,true],"woocommerce_single":["https:\/\/www.studiainitalia.com\/wp-content\/uploads\/2024\/01\/genitori-con-i-loro-bambini-che-camminano-nella-foresta-400x267.jpg",400,267,true],"woocommerce_gallery_thumbnail":["https:\/\/www.studiainitalia.com\/wp-content\/uploads\/2024\/01\/genitori-con-i-loro-bambini-che-camminano-nella-foresta-100x100.jpg",100,100,true],"yarpp-thumbnail":["https:\/\/www.studiainitalia.com\/wp-content\/uploads\/2024\/01\/genitori-con-i-loro-bambini-che-camminano-nella-foresta-120x120.jpg",120,120,true]},"uagb_author_info":{"display_name":"Jordi Torres","author_link":"https:\/\/www.studiainitalia.com\/fr\/author\/"},"uagb_comment_info":0,"uagb_excerpt":"Voulez vous partir pour une aventure en famille en Italie? &nbsp; Notre programme familial est con\u00e7u pour les parents d'enfants \u00e2g\u00e9s de 7 \u00e0 16 ans. Plongez dans la beaut\u00e9 de l'Italie, en combinant des vacances avec la joie d'apprendre l'italien et de vous immerger dans la culture du sud de l'Italie. Un voyage d'apprentissage\u2026","_links":{"self":[{"href":"https:\/\/www.studiainitalia.com\/fr\/wp-json\/wp\/v2\/product\/196530","targetHints":{"allow":["GET"]}}],"collection":[{"href":"https:\/\/www.studiainitalia.com\/fr\/wp-json\/wp\/v2\/product"}],"about":[{"href":"https:\/\/www.studiainitalia.com\/fr\/wp-json\/wp\/v2\/types\/product"}],"replies":[{"embeddable":true,"href":"https:\/\/www.studiainitalia.com\/fr\/wp-json\/wp\/v2\/comments?post=196530"}],"wp:featuredmedia":[{"embeddable":true,"href":"https:\/\/www.studiainitalia.com\/fr\/wp-json\/wp\/v2\/media\/196538"}],"wp:attachment":[{"href":"https:\/\/www.studiainitalia.com\/fr\/wp-json\/wp\/v2\/media?parent=196530"}],"wp:term":[{"taxonomy":"section","embeddable":true,"href":"https:\/\/www.studiainitalia.com\/fr\/wp-json\/wp\/v2\/section?post=196530"},{"taxonomy":"product_brand","embeddable":true,"href":"https:\/\/www.studiainitalia.com\/fr\/wp-json\/wp\/v2\/product_brand?post=196530"},{"taxonomy":"product_cat","embeddable":true,"href":"https:\/\/www.studiainitalia.com\/fr\/wp-json\/wp\/v2\/product_cat?post=196530"},{"taxonomy":"product_tag","embeddable":true,"href":"https:\/\/www.studiainitalia.com\/fr\/wp-json\/wp\/v2\/product_tag?post=196530"}],"curies":[{"name":"wp","href":"https:\/\/api.w.org\/{rel}","templated":true}]}}