{"id":196533,"date":"2024-01-04T18:26:54","date_gmt":"2024-01-04T17:26:54","guid":{"rendered":"https:\/\/www.studiainitalia.com\/?post_type=product&#038;p=196533"},"modified":"2025-11-18T12:00:32","modified_gmt":"2025-11-18T11:00:32","slug":"stage-ditalien-pour-les-jeunes","status":"publish","type":"product","link":"https:\/\/www.studiainitalia.com\/fr\/cours\/cours-italien-en-italie-pour-les-familles\/stage-ditalien-pour-les-jeunes\/","title":{"rendered":"Stage d&rsquo;Italien pour les Jeunes"},"content":{"rendered":"<h2>Stage d&rsquo;Italien pour les Jeunes<\/h2>\n<p>&nbsp;<\/p>\n<p>Notre stage d&rsquo;italien pour les jeunes est une exp\u00e9rience \u00e9ducative unique pour apprendre l&rsquo;italien au bord de la mer gr\u00e2ce \u00e0 un programme intensif qui combine l&rsquo;\u00e9tude de la langue italienne avec des vacances dans une r\u00e9gion magnifique, riche en art et en histoire, pr\u00e8s de la c\u00f4te amalfitaine.<\/p>\n<p>En participant \u00e0 ce stage d&rsquo;italien pour les jeunes , les \u00e9l\u00e8ves \u00e2g\u00e9s de 14 \u00e0 17 ans feront l&rsquo;exp\u00e9rience de la culture italienne dans un cadre traditionnel et r\u00e9el.<\/p>\n<p>Les participants suivront un cours d&rsquo;italien en groupe \u00e0 raison de 4 le\u00e7ons par jour, du lundi au vendredi (20 le\u00e7ons par semaine), ainsi qu&rsquo;une s\u00e9rie d&rsquo;activit\u00e9s r\u00e9cr\u00e9atives \u00e0 fort impact.<\/p>\n<p>&nbsp;<\/p>\n<p><strong>Le programme comprend<\/strong><\/p>\n<p>&nbsp;<\/p>\n<p>Cours d&rsquo;italien g\u00e9n\u00e9ral 20 le\u00e7ons par semaine du lundi au vendredi<\/p>\n<p>Dur\u00e9e du cours : 2 semaines &#8211; 40 le\u00e7ons en groupe<\/p>\n<p>H\u00e9bergement<\/p>\n<p>2 semaines\/ 13 nuits<\/p>\n<p>&nbsp;<\/p>\n<p>Les \u00e9tudiants sont log\u00e9s en chambre double ou triple avec pension compl\u00e8te au Convitto Nazionale, une r\u00e9sidence scolaire confortable situ\u00e9e au c\u0153ur du centre historique de Salerne, \u00e0 quelques minutes \u00e0 pied de l&rsquo;Accademia Italiana. Toutes les chambres ont une salle de bain priv\u00e9e et la r\u00e9sidence dispose d&rsquo;une cantine scolaire, d&rsquo;une salle de t\u00e9l\u00e9vision commune et d&rsquo;un terrain de football.<\/p>\n<p>Un nombre minimum de participants est requis pour l&rsquo;h\u00e9bergement en \u00e9cole\/r\u00e9sidence h\u00f4teli\u00e8re pour chaque date. Si le nombre minimum n&rsquo;est pas atteint, l&rsquo;h\u00e9bergement en famille d&rsquo;accueil est garanti.<\/p>\n<p>Transfert<\/p>\n<p>L&rsquo;a\u00e9roport le plus proche est celui de Naples-Capodichino. Il ne faut qu&rsquo;une heure pour se rendre \u00e0 Salerne. L&rsquo;\u00e9col peut organiser un service de transfert de\/\u00e0 l&rsquo;a\u00e9roport de Naples \u00e0 un co\u00fbt suppl\u00e9mentaire sur demande.<\/p>\n<p>&nbsp;<\/p>\n<p><strong>Activit\u00e9s et excursions<\/strong><\/p>\n<p>&nbsp;<\/p>\n<p>F\u00eate de bienvenue<br \/>\nProgramme social comprenant 2 excursions<br \/>\n1 le\u00e7on de cuisine italienne<br \/>\n1 cours d&rsquo;artisanat d&rsquo;art<br \/>\nActivit\u00e9s sportives<br \/>\nActivit\u00e9s de plage<br \/>\nS\u00e9minaires culturels<br \/>\nD\u00e9gustation de glaces<\/p>\n<p>&nbsp;<\/p>\n<p><strong>DATES 2026 :<\/strong><\/p>\n<p>14, 28 juin &#8211; 12, 26 juillet<\/p>\n","protected":false},"excerpt":{"rendered":"<h2>Souhaitez-vous vous embarquer pour un voyage inoubliable de langues et de loisirs en Italie ?<\/h2>\n<p>&nbsp;<\/p>\n<p>Rejoignez notre camp d&rsquo;\u00e9t\u00e9 d&rsquo;italien pour jeunes, une exp\u00e9rience immersive m\u00e9ticuleusement con\u00e7ue pour les jeunes de 14 \u00e0 17 ans \u00e0 la recherche d&rsquo;un m\u00e9lange parfait d&rsquo;\u00e9ducation et d&rsquo;exploration le long de la magnifique c\u00f4te amalfitaine.<\/p>\n<p>Nich\u00e9 dans ce havre pittoresque, notre camp est plus qu&rsquo;un centre d&rsquo;apprentissage des langues ; c&rsquo;est une occasion en or de plonger au c\u0153ur de la culture italienne au milieu des paysages captivants de Salerne et de Paestum. Imaginez que vous \u00e9tudiez l&rsquo;italien le matin, entour\u00e9 des \u00e9chos de l&rsquo;histoire, et que vous passez l&rsquo;apr\u00e8s-midi \u00e0 vous adonner \u00e0 des activit\u00e9s r\u00e9cr\u00e9atives.<\/p>\n<p><strong>Apprentissage:<\/strong> Plongez dans notre cours d&rsquo;italien g\u00e9n\u00e9ral, qui propose 20 le\u00e7ons par semaine, du lundi au vendredi. Pendant deux semaines, vous b\u00e9n\u00e9ficierez de 40 le\u00e7ons en groupe, ce qui vous permettra d&rsquo;acqu\u00e9rir une base compl\u00e8te de la belle langue italienne.<\/p>\n<p><strong>Un chez-soi loin de chez soi<\/strong> : \u00e0 Salerne, d\u00e9couvrez le confort du Convitto Nazionale dans le c\u0153ur historique de la ville. Les chambres doubles ou triples constituent un havre de paix douillet avec pension compl\u00e8te, salle de bains priv\u00e9e et \u00e9quipements pratiques. \u00c0 Paestum, profitez de la s\u00e9r\u00e9nit\u00e9 du bord de mer \u00e0 l&rsquo;h\u00f4tel Villa Rita, qui propose des chambres triples ou quadruples, des douches priv\u00e9es, l&rsquo;air conditionn\u00e9 et le wifi gratuit.<\/p>\n<p><strong>Au-del\u00e0 de la salle de classe<\/strong> : Notre programme va bien au-del\u00e0 des manuels scolaires. Imaginez-vous \u00e0 une f\u00eate de bienvenue, savourant la richesse de la cuisine italienne lors d&rsquo;un cours de cuisine, lib\u00e9rant votre cr\u00e9ativit\u00e9 lors d&rsquo;une s\u00e9ance d&rsquo;artisanat d&rsquo;art, et vous laissant aller \u00e0 la joie d&rsquo;une d\u00e9gustation de glaces. Avec deux excursions passionnantes, des sports, des activit\u00e9s de plage et des s\u00e9minaires culturels, chaque moment devient une histoire \u00e0 raconter.<\/p>\n<p><strong>D\u00e9couvrez les tr\u00e9sors de l&rsquo;Italie, ma\u00eetrisez sa langue et cr\u00e9ez des souvenirs qui dureront toute votre vie dans notre camp d&rsquo;\u00e9t\u00e9 international pour jeunes. Saisissez l&rsquo;opportunit\u00e9 d&rsquo;apprendre, d&rsquo;explorer et de vous \u00e9panouir dans une aventure \u00e9ducative sans pr\u00e9c\u00e9dent au bord des eaux scintillantes de la c\u00f4te amalfitaine.<\/strong><\/p>\n","protected":false},"featured_media":196502,"comment_status":"open","ping_status":"closed","template":"","meta":{"_acf_changed":false,"_uag_custom_page_level_css":"","_kad_blocks_custom_css":"","_kad_blocks_head_custom_js":"","_kad_blocks_body_custom_js":"","_kad_blocks_footer_custom_js":"","site-sidebar-layout":"default","site-content-layout":"","ast-site-content-layout":"default","site-content-style":"default","site-sidebar-style":"default","ast-global-header-display":"","ast-banner-title-visibility":"","ast-main-header-display":"","ast-hfb-above-header-display":"","ast-hfb-below-header-display":"","ast-hfb-mobile-header-display":"","site-post-title":"","ast-breadcrumbs-content":"","ast-featured-img":"","footer-sml-layout":"","ast-disable-related-posts":"","theme-transparent-header-meta":"default","adv-header-id-meta":"","stick-header-meta":"default","header-above-stick-meta":"","header-main-stick-meta":"","header-below-stick-meta":"","astra-migrate-meta-layouts":"set","ast-page-background-enabled":"default","ast-page-background-meta":{"desktop":{"background-color":"var(--ast-global-color-4)","background-image":"","background-repeat":"repeat","background-position":"center center","background-size":"auto","background-attachment":"scroll","background-type":"","background-media":"","overlay-type":"","overlay-color":"","overlay-opacity":"","overlay-gradient":""},"tablet":{"background-color":"","background-image":"","background-repeat":"repeat","background-position":"center center","background-size":"auto","background-attachment":"scroll","background-type":"","background-media":"","overlay-type":"","overlay-color":"","overlay-opacity":"","overlay-gradient":""},"mobile":{"background-color":"","background-image":"","background-repeat":"repeat","background-position":"center center","background-size":"auto","background-attachment":"scroll","background-type":"","background-media":"","overlay-type":"","overlay-color":"","overlay-opacity":"","overlay-gradient":""}},"ast-content-background-meta":{"desktop":{"background-color":"var(--ast-global-color-5)","background-image":"","background-repeat":"repeat","background-position":"center center","background-size":"auto","background-attachment":"scroll","background-type":"","background-media":"","overlay-type":"","overlay-color":"","overlay-opacity":"","overlay-gradient":""},"tablet":{"background-color":"var(--ast-global-color-5)","background-image":"","background-repeat":"repeat","background-position":"center center","background-size":"auto","background-attachment":"scroll","background-type":"","background-media":"","overlay-type":"","overlay-color":"","overlay-opacity":"","overlay-gradient":""},"mobile":{"background-color":"var(--ast-global-color-5)","background-image":"","background-repeat":"repeat","background-position":"center center","background-size":"auto","background-attachment":"scroll","background-type":"","background-media":"","overlay-type":"","overlay-color":"","overlay-opacity":"","overlay-gradient":""}}},"section":[],"product_brand":[],"product_cat":[1334],"product_tag":[],"class_list":{"0":"post-196533","1":"product","2":"type-product","3":"status-publish","4":"has-post-thumbnail","6":"product_cat-cours-italien-en-italie-pour-les-familles","7":"desktop-align-left","8":"tablet-align-left","9":"mobile-align-left","10":"ast-product-gallery-layout-horizontal-slider","11":"ast-product-single-variable","12":"ast-product-tabs-layout-horizontal","13":"ast-qv-on-image-click","15":"first","16":"instock","17":"shipping-taxable","18":"purchasable","19":"product-type-variable"},"acf":[],"taxonomy_info":{"product_cat":[{"value":1334,"label":"Cours d'italien en Italie pour les familles"}]},"featured_image_src_large":["https:\/\/www.studiainitalia.com\/wp-content\/uploads\/2024\/01\/teens-home-scaled.jpg",2048,1542,false],"author_info":[],"comment_info":0,"uagb_featured_image_src":{"full":["https:\/\/www.studiainitalia.com\/wp-content\/uploads\/2024\/01\/teens-home-scaled.jpg",2048,1542,false],"thumbnail":["https:\/\/www.studiainitalia.com\/wp-content\/uploads\/2024\/01\/teens-home-scaled.jpg",128,96,false],"medium":["https:\/\/www.studiainitalia.com\/wp-content\/uploads\/2024\/01\/teens-home-scaled.jpg",2048,1542,false],"medium_large":["https:\/\/www.studiainitalia.com\/wp-content\/uploads\/2024\/01\/teens-home-768x578.jpg",768,578,true],"large":["https:\/\/www.studiainitalia.com\/wp-content\/uploads\/2024\/01\/teens-home-scaled.jpg",2048,1542,false],"1536x1536":["https:\/\/www.studiainitalia.com\/wp-content\/uploads\/2024\/01\/teens-home-1536x1157.jpg",1536,1157,true],"2048x2048":["https:\/\/www.studiainitalia.com\/wp-content\/uploads\/2024\/01\/teens-home-2048x1542.jpg",2048,1542,true],"ultp_layout_landscape_large":["https:\/\/www.studiainitalia.com\/wp-content\/uploads\/2024\/01\/teens-home-1200x800.jpg",1200,800,true],"ultp_layout_landscape":["https:\/\/www.studiainitalia.com\/wp-content\/uploads\/2024\/01\/teens-home-870x570.jpg",870,570,true],"ultp_layout_portrait":["https:\/\/www.studiainitalia.com\/wp-content\/uploads\/2024\/01\/teens-home-600x900.jpg",600,900,true],"ultp_layout_square":["https:\/\/www.studiainitalia.com\/wp-content\/uploads\/2024\/01\/teens-home-600x600.jpg",600,600,true],"gform-image-choice-sm":["https:\/\/www.studiainitalia.com\/wp-content\/uploads\/2024\/01\/teens-home-scaled.jpg",300,226,false],"gform-image-choice-md":["https:\/\/www.studiainitalia.com\/wp-content\/uploads\/2024\/01\/teens-home-scaled.jpg",400,301,false],"gform-image-choice-lg":["https:\/\/www.studiainitalia.com\/wp-content\/uploads\/2024\/01\/teens-home-scaled.jpg",600,452,false],"woocommerce_thumbnail":["https:\/\/www.studiainitalia.com\/wp-content\/uploads\/2024\/01\/teens-home-300x300.jpg",300,300,true],"woocommerce_single":["https:\/\/www.studiainitalia.com\/wp-content\/uploads\/2024\/01\/teens-home-400x301.jpg",400,301,true],"woocommerce_gallery_thumbnail":["https:\/\/www.studiainitalia.com\/wp-content\/uploads\/2024\/01\/teens-home-100x100.jpg",100,100,true],"yarpp-thumbnail":["https:\/\/www.studiainitalia.com\/wp-content\/uploads\/2024\/01\/teens-home-120x120.jpg",120,120,true]},"uagb_author_info":{"display_name":"Jordi Torres","author_link":"https:\/\/www.studiainitalia.com\/fr\/author\/"},"uagb_comment_info":0,"uagb_excerpt":"Souhaitez-vous vous embarquer pour un voyage inoubliable de langues et de loisirs en Italie ? &nbsp; Rejoignez notre camp d'\u00e9t\u00e9 d'italien pour jeunes, une exp\u00e9rience immersive m\u00e9ticuleusement con\u00e7ue pour les jeunes de 14 \u00e0 17 ans \u00e0 la recherche d'un m\u00e9lange parfait d'\u00e9ducation et d'exploration le long de la magnifique c\u00f4te amalfitaine. Nich\u00e9 dans ce\u2026","_links":{"self":[{"href":"https:\/\/www.studiainitalia.com\/fr\/wp-json\/wp\/v2\/product\/196533","targetHints":{"allow":["GET"]}}],"collection":[{"href":"https:\/\/www.studiainitalia.com\/fr\/wp-json\/wp\/v2\/product"}],"about":[{"href":"https:\/\/www.studiainitalia.com\/fr\/wp-json\/wp\/v2\/types\/product"}],"replies":[{"embeddable":true,"href":"https:\/\/www.studiainitalia.com\/fr\/wp-json\/wp\/v2\/comments?post=196533"}],"wp:featuredmedia":[{"embeddable":true,"href":"https:\/\/www.studiainitalia.com\/fr\/wp-json\/wp\/v2\/media\/196502"}],"wp:attachment":[{"href":"https:\/\/www.studiainitalia.com\/fr\/wp-json\/wp\/v2\/media?parent=196533"}],"wp:term":[{"taxonomy":"section","embeddable":true,"href":"https:\/\/www.studiainitalia.com\/fr\/wp-json\/wp\/v2\/section?post=196533"},{"taxonomy":"product_brand","embeddable":true,"href":"https:\/\/www.studiainitalia.com\/fr\/wp-json\/wp\/v2\/product_brand?post=196533"},{"taxonomy":"product_cat","embeddable":true,"href":"https:\/\/www.studiainitalia.com\/fr\/wp-json\/wp\/v2\/product_cat?post=196533"},{"taxonomy":"product_tag","embeddable":true,"href":"https:\/\/www.studiainitalia.com\/fr\/wp-json\/wp\/v2\/product_tag?post=196533"}],"curies":[{"name":"wp","href":"https:\/\/api.w.org\/{rel}","templated":true}]}}