{"id":203661,"date":"2026-01-08T12:27:37","date_gmt":"2026-01-08T11:27:37","guid":{"rendered":"https:\/\/www.studiainitalia.com\/?post_type=product&#038;p=203661"},"modified":"2026-03-25T09:50:04","modified_gmt":"2026-03-25T08:50:04","slug":"cours-ditalien-a-trapani","status":"publish","type":"product","link":"https:\/\/www.studiainitalia.com\/fr\/cours\/cours-italien-en-italie\/cours-ditalien-a-trapani\/","title":{"rendered":"Cours d\u2019italien \u00e0 Trapani"},"content":{"rendered":"<h2><\/h2>\n<h2><strong>Nos cours d\u2019italien \u00e0 Trapani<\/strong><\/h2>\n<p>Au c\u0153ur de notre programme se trouvent des cours intensifs de langue et de culture italiennes, dispens\u00e9s de mars \u00e0 novembre. Au printemps, en \u00e9t\u00e9 et en automne, les \u00e9tudiants de tous \u00e2ges profitent d&rsquo;une immersion totale dans la langue italienne, combin\u00e9e \u00e0 des activit\u00e9s culturelles telles que :<\/p>\n<ul>\n<li><strong>Cours de cuisine italienne et sicilienne<\/strong><\/li>\n<li><strong>Visites guid\u00e9es et excursions<\/strong><\/li>\n<li><strong>\u00c9v\u00e9nements culturels et sociaux \u00e0 Trapani et dans l&rsquo;ouest de la Sicile<\/strong><\/li>\n<\/ul>\n<p>L&rsquo;\u00e9cole propose \u00e9galement :<\/p>\n<ul>\n<li><strong>Des cours particuliers d&rsquo;italien<\/strong> (g\u00e9n\u00e9raux ou sp\u00e9cialis\u00e9s)<\/li>\n<li><strong>Des cours d&rsquo;italien au domicile du professeur<\/strong><\/li>\n<li><strong>Des semaines intensives d&rsquo;italien pour les \u00e9coles et les groupes ferm\u00e9s<\/strong><\/li>\n<li><strong>Des cours d&rsquo;italien en ligne<\/strong><\/li>\n<li><strong>La pr\u00e9paration \u00e0 l&rsquo;examen CELI<\/strong>, y compris <strong>l&rsquo;italien B1 pour la citoyennet\u00e9<\/strong><\/li>\n<\/ul>\n<h3><strong>Structure des cours<\/strong><\/h3>\n<p>Notre \u00e9quipe de <strong>professeurs natifs et hautement qualifi\u00e9s<\/strong> apporte des exp\u00e9riences et des personnalit\u00e9s diff\u00e9rentes, mais partage une approche commune : faire de l&rsquo;apprentissage des langues une <strong>exp\u00e9rience culturelle enrichissante<\/strong>, encourager la communication, l&rsquo;\u00e9panouissement personnel et les amiti\u00e9s internationales durables.<\/p>\n<ul>\n<li>3 cours par jour, du lundi au vendredi<\/li>\n<li>Petits groupes : entre 4 et 8 \u00e9tudiants<\/li>\n<li>Horaires du matin<\/li>\n<\/ul>\n<p>Chaque journ\u00e9e commence par des cours d&rsquo;italien en petits groupes, combinant :<\/p>\n<ul>\n<li>Conversation structur\u00e9e<\/li>\n<li>Activit\u00e9s interactives et jeux linguistiques<\/li>\n<li>Grammaire claire et pratique<\/li>\n<\/ul>\n<p>Cette m\u00e9thode vous aide \u00e0 enrichir votre vocabulaire, \u00e0 am\u00e9liorer votre aisance et \u00e0 cr\u00e9er de v\u00e9ritables liens avec vos camarades de classe. La taille r\u00e9duite des classes favorise la communication et conduit souvent \u00e0 des amiti\u00e9s internationales durables.<\/p>\n<p>Les \u00e9tudiants peuvent \u00e9galement ajouter des cours individuels ou en petits groupes l&rsquo;apr\u00e8s-midi, notamment des cours de conversation, d&rsquo;italien des affaires ou des cours sp\u00e9cialis\u00e9s.<\/p>\n<h2>Dates de d\u00e9but des cours et informations d\u00e9taill\u00e9es<\/h2>\n<ul>\n<li><strong>Dates de d\u00e9but\u00a0 tous les lundis<\/strong><\/li>\n<li><strong>De <\/strong>mars \u00e0 novembre<\/li>\n<li><strong>Dur\u00e9e des cours<\/strong> : 60 minute<strong>s<\/strong><\/li>\n<li><strong>Taille moyenne des classes<\/strong> : 6 \u00e9tudiants<\/li>\n<li><strong>Taille maximale des classes<\/strong> : 8 \u00e9tudiants<\/li>\n<li><strong>Horaire<\/strong>: matin<\/li>\n<li><strong>Mat\u00e9riel p\u00e9dagogique<\/strong> : inclus<\/li>\n<li><strong>Test de niveau et certificat final<\/strong> : inclus<\/li>\n<li><strong>Lieu<\/strong> : Via Osorio 24<\/li>\n<li><strong>Autres services<\/strong> : acc\u00e8s Internet, biblioth\u00e8que, activit\u00e9s sociales<\/li>\n<\/ul>\n<div class=\"aiosrs-rating-wrap\" data-schema-id=\"90691\">\n<h3 class=\"aiosrs-star-rating-wrap \"><strong>Activit\u00e9s et vie culturelle \u00e0 Trapani<\/strong><\/h3>\n<p>&nbsp;<\/p>\n<\/div>\n<p>Ce qui rend ce cours vraiment sp\u00e9cial, c&rsquo;est l&rsquo;immersion totale dans la vie italienne. Apr\u00e8s les cours, les \u00e9tudiants profitent des plages, des couchers de soleil et des excursions sur les \u00eeles, tandis que l&rsquo;\u00e9cole organise des activit\u00e9s culturelles, telles que :<\/p>\n<ul>\n<li>Promenades guid\u00e9es dans le centre historique de Trapani<\/li>\n<li>Ap\u00e9ritifs avec des professeurs natifs<\/li>\n<li>\u00c9v\u00e9nements culturels et sociaux<\/li>\n<\/ul>\n<p>Chaque semaine, des activit\u00e9s facultatives sont propos\u00e9es, telles que des d\u00e9gustations de produits siciliens, des cours de cuisine, des d\u00e9gustations de vins, des promenades gastronomiques et des rencontres avec des artisans locaux.<\/p>\n<p>&nbsp;<\/p>\n<p>&nbsp;<\/p>\n","protected":false},"excerpt":{"rendered":"<h2><strong>Apprenez l&rsquo;italien \u00e0 Trapani, dans l&rsquo;ouest de la Sicile<\/strong><\/h2>\n<p>Trapani, l&rsquo;une des plus anciennes villes d&rsquo;Italie, offre un environnement accueillant et \u00e0 taille humaine o\u00f9 les \u00e9tudiants se sentent rapidement chez eux.<\/p>\n<p>C&rsquo;est \u00e9galement un point de d\u00e9part id\u00e9al pour explorer l&rsquo;ouest de la Sicile, notamment ses sites historiques, ses r\u00e9serves naturelles et ses \u00eeles m\u00e9diterran\u00e9ennes.<\/p>\n<p>La porte d&rsquo;entr\u00e9e de la Sicile occidentale. L&rsquo;histoire, la culture m\u00e9diterran\u00e9enne, les marais salants, les \u00eeles \u00c9gades, Selinunte et Pantelleria vous attendent.<\/p>\n","protected":false},"featured_media":203707,"comment_status":"open","ping_status":"closed","template":"","meta":{"_acf_changed":false,"_uag_custom_page_level_css":"","_kad_blocks_custom_css":"","_kad_blocks_head_custom_js":"","_kad_blocks_body_custom_js":"","_kad_blocks_footer_custom_js":"","site-sidebar-layout":"default","site-content-layout":"default","ast-site-content-layout":"default","site-content-style":"default","site-sidebar-style":"default","ast-global-header-display":"","ast-banner-title-visibility":"","ast-main-header-display":"","ast-hfb-above-header-display":"","ast-hfb-below-header-display":"","ast-hfb-mobile-header-display":"","site-post-title":"","ast-breadcrumbs-content":"","ast-featured-img":"","footer-sml-layout":"","ast-disable-related-posts":"","theme-transparent-header-meta":"default","adv-header-id-meta":"","stick-header-meta":"default","header-above-stick-meta":"","header-main-stick-meta":"","header-below-stick-meta":"","astra-migrate-meta-layouts":"set","ast-page-background-enabled":"default","ast-page-background-meta":{"desktop":{"background-color":"var(--ast-global-color-4)","background-image":"","background-repeat":"repeat","background-position":"center center","background-size":"auto","background-attachment":"scroll","background-type":"","background-media":"","overlay-type":"","overlay-color":"","overlay-opacity":"","overlay-gradient":""},"tablet":{"background-color":"","background-image":"","background-repeat":"repeat","background-position":"center center","background-size":"auto","background-attachment":"scroll","background-type":"","background-media":"","overlay-type":"","overlay-color":"","overlay-opacity":"","overlay-gradient":""},"mobile":{"background-color":"","background-image":"","background-repeat":"repeat","background-position":"center center","background-size":"auto","background-attachment":"scroll","background-type":"","background-media":"","overlay-type":"","overlay-color":"","overlay-opacity":"","overlay-gradient":""}},"ast-content-background-meta":{"desktop":{"background-color":"var(--ast-global-color-5)","background-image":"","background-repeat":"repeat","background-position":"center center","background-size":"auto","background-attachment":"scroll","background-type":"","background-media":"","overlay-type":"","overlay-color":"","overlay-opacity":"","overlay-gradient":""},"tablet":{"background-color":"var(--ast-global-color-5)","background-image":"","background-repeat":"repeat","background-position":"center center","background-size":"auto","background-attachment":"scroll","background-type":"","background-media":"","overlay-type":"","overlay-color":"","overlay-opacity":"","overlay-gradient":""},"mobile":{"background-color":"var(--ast-global-color-5)","background-image":"","background-repeat":"repeat","background-position":"center center","background-size":"auto","background-attachment":"scroll","background-type":"","background-media":"","overlay-type":"","overlay-color":"","overlay-opacity":"","overlay-gradient":""}}},"section":[2029],"product_brand":[],"product_cat":[1262,2026],"product_tag":[1877],"class_list":{"0":"post-203661","1":"product","2":"type-product","3":"status-publish","4":"has-post-thumbnail","6":"section-south-and-islands","7":"product_cat-cours-italien-en-italie","8":"product_cat-etudiar-a-trapani","9":"product_tag-cours-ditalien-en-italie","10":"desktop-align-left","11":"tablet-align-left","12":"mobile-align-left","13":"ast-product-gallery-layout-horizontal-slider","14":"ast-product-single-variable","15":"ast-product-tabs-layout-horizontal","16":"ast-qv-on-image-click","18":"first","19":"instock","20":"sold-individually","21":"shipping-taxable","22":"purchasable","23":"product-type-variable"},"acf":[],"taxonomy_info":{"section":[{"value":2029,"label":"South and Islands"}],"product_cat":[{"value":1262,"label":"Cours d'italien en Italie"},{"value":2026,"label":"\u00c9tudiar \u00e0 Trapani"}],"product_tag":[{"value":1877,"label":"Cours d'italien en Italie"}]},"featured_image_src_large":["https:\/\/www.studiainitalia.com\/wp-content\/uploads\/2026\/01\/trapani-1-scaled.jpg",1366,2048,false],"author_info":[],"comment_info":0,"uagb_featured_image_src":{"full":["https:\/\/www.studiainitalia.com\/wp-content\/uploads\/2026\/01\/trapani-1-scaled.jpg",1366,2048,false],"thumbnail":["https:\/\/www.studiainitalia.com\/wp-content\/uploads\/2026\/01\/trapani-1-scaled.jpg",64,96,false],"medium":["https:\/\/www.studiainitalia.com\/wp-content\/uploads\/2026\/01\/trapani-1-scaled.jpg",1366,2048,false],"medium_large":["https:\/\/www.studiainitalia.com\/wp-content\/uploads\/2026\/01\/trapani-1-768x1152.jpg",768,1152,true],"large":["https:\/\/www.studiainitalia.com\/wp-content\/uploads\/2026\/01\/trapani-1-scaled.jpg",1366,2048,false],"1536x1536":["https:\/\/www.studiainitalia.com\/wp-content\/uploads\/2026\/01\/trapani-1-1024x1536.jpg",1024,1536,true],"2048x2048":["https:\/\/www.studiainitalia.com\/wp-content\/uploads\/2026\/01\/trapani-1-1366x2048.jpg",1366,2048,true],"ultp_layout_landscape_large":["https:\/\/www.studiainitalia.com\/wp-content\/uploads\/2026\/01\/trapani-1-1200x800.jpg",1200,800,true],"ultp_layout_landscape":["https:\/\/www.studiainitalia.com\/wp-content\/uploads\/2026\/01\/trapani-1-870x570.jpg",870,570,true],"ultp_layout_portrait":["https:\/\/www.studiainitalia.com\/wp-content\/uploads\/2026\/01\/trapani-1-600x900.jpg",600,900,true],"ultp_layout_square":["https:\/\/www.studiainitalia.com\/wp-content\/uploads\/2026\/01\/trapani-1-600x600.jpg",600,600,true],"gform-image-choice-sm":["https:\/\/www.studiainitalia.com\/wp-content\/uploads\/2026\/01\/trapani-1-scaled.jpg",200,300,false],"gform-image-choice-md":["https:\/\/www.studiainitalia.com\/wp-content\/uploads\/2026\/01\/trapani-1-scaled.jpg",267,400,false],"gform-image-choice-lg":["https:\/\/www.studiainitalia.com\/wp-content\/uploads\/2026\/01\/trapani-1-scaled.jpg",400,600,false],"woocommerce_thumbnail":["https:\/\/www.studiainitalia.com\/wp-content\/uploads\/2026\/01\/trapani-1-300x300.jpg",300,300,true],"woocommerce_single":["https:\/\/www.studiainitalia.com\/wp-content\/uploads\/2026\/01\/trapani-1-400x600.jpg",400,600,true],"woocommerce_gallery_thumbnail":["https:\/\/www.studiainitalia.com\/wp-content\/uploads\/2026\/01\/trapani-1-100x100.jpg",100,100,true],"yarpp-thumbnail":["https:\/\/www.studiainitalia.com\/wp-content\/uploads\/2026\/01\/trapani-1-120x120.jpg",120,120,true]},"uagb_author_info":{"display_name":"Jordi Mont","author_link":"https:\/\/www.studiainitalia.com\/fr\/author\/"},"uagb_comment_info":0,"uagb_excerpt":"Apprenez l'italien \u00e0 Trapani, dans l'ouest de la Sicile Trapani, l'une des plus anciennes villes d'Italie, offre un environnement accueillant et \u00e0 taille humaine o\u00f9 les \u00e9tudiants se sentent rapidement chez eux. C'est \u00e9galement un point de d\u00e9part id\u00e9al pour explorer l'ouest de la Sicile, notamment ses sites historiques, ses r\u00e9serves naturelles et ses \u00eeles\u2026","_links":{"self":[{"href":"https:\/\/www.studiainitalia.com\/fr\/wp-json\/wp\/v2\/product\/203661","targetHints":{"allow":["GET"]}}],"collection":[{"href":"https:\/\/www.studiainitalia.com\/fr\/wp-json\/wp\/v2\/product"}],"about":[{"href":"https:\/\/www.studiainitalia.com\/fr\/wp-json\/wp\/v2\/types\/product"}],"replies":[{"embeddable":true,"href":"https:\/\/www.studiainitalia.com\/fr\/wp-json\/wp\/v2\/comments?post=203661"}],"wp:featuredmedia":[{"embeddable":true,"href":"https:\/\/www.studiainitalia.com\/fr\/wp-json\/wp\/v2\/media\/203707"}],"wp:attachment":[{"href":"https:\/\/www.studiainitalia.com\/fr\/wp-json\/wp\/v2\/media?parent=203661"}],"wp:term":[{"taxonomy":"section","embeddable":true,"href":"https:\/\/www.studiainitalia.com\/fr\/wp-json\/wp\/v2\/section?post=203661"},{"taxonomy":"product_brand","embeddable":true,"href":"https:\/\/www.studiainitalia.com\/fr\/wp-json\/wp\/v2\/product_brand?post=203661"},{"taxonomy":"product_cat","embeddable":true,"href":"https:\/\/www.studiainitalia.com\/fr\/wp-json\/wp\/v2\/product_cat?post=203661"},{"taxonomy":"product_tag","embeddable":true,"href":"https:\/\/www.studiainitalia.com\/fr\/wp-json\/wp\/v2\/product_tag?post=203661"}],"curies":[{"name":"wp","href":"https:\/\/api.w.org\/{rel}","templated":true}]}}