{"id":203729,"date":"2026-01-08T13:00:09","date_gmt":"2026-01-08T12:00:09","guid":{"rendered":"https:\/\/www.studiainitalia.com\/?post_type=product&#038;p=203729"},"modified":"2026-03-24T15:35:50","modified_gmt":"2026-03-24T14:35:50","slug":"cours-ditalien-a-bari","status":"publish","type":"product","link":"https:\/\/www.studiainitalia.com\/fr\/cours\/cours-italien-en-italie\/cours-ditalien-a-bari\/","title":{"rendered":"Cours d\u2019italien \u00e0  Bari"},"content":{"rendered":"<h2><strong>Nos cours d&rsquo;italien \u00e0 Bari<\/strong><\/h2>\n<p><b>Les cours du matin<\/b> sont ax\u00e9s sur l&rsquo;<b>apprentissage et la pratique de l&rsquo;italien<\/b> avec des <b>professeurs exp\u00e9riment\u00e9s<\/b>, et abordent des th\u00e8mes tels que l&rsquo;<b>art, la musique, la gastronomie et le vin<\/b>.<\/p>\n<p>Les apr\u00e8s-midis sont consacr\u00e9s \u00e0 la d\u00e9couverte de la charmante r\u00e9gion des Pouilles \u00e0 travers des visites guid\u00e9es et des activit\u00e9s culturelles. Cette approche pratique permet de renforcer les comp\u00e9tences linguistiques dans des situations r\u00e9elles.<\/p>\n<h3><strong>Structure du cours :<\/strong><\/h3>\n<p>&nbsp;<\/p>\n<ul>\n<li>3 le\u00e7ons par jour, du lundi au vendredi<\/li>\n<li>Petits groupes : entre 4 et 8 \u00e9tudiants<\/li>\n<\/ul>\n<p>Le programme peut faire l\u2019objet de modifications d\u2019horaires ou d\u2019activit\u00e9s pour des raisons majeures.<\/p>\n<p>Dimanche Arriv\u00e9e \u00e0 l\u2019a\u00e9roport de Bari et transfert vers le logement \u00e0 Locorotondo<\/p>\n<p>Lundi 9h30 \u2013 12h30 : cours de langue et de culture italiennes Apr\u00e8s-midi : visite guid\u00e9e de Locorotondo<\/p>\n<p>Mardi\u00a0 9h30 \u2013 12h30 : cours de langue et de culture italiennes Apr\u00e8s-midi :Visite guid\u00e9e d\u2019Alberobello<\/p>\n<p>Mercredi 9h30 \u2013 12h30 : cours de langue et de culture italiennes Apr\u00e8s-midi : Visite guid\u00e9e de Martina Franca<\/p>\n<p>Jeudi 9h30 \u2013 12h30 : Cours de langue et de culture italiennes Apr\u00e8s-midi :Visite guid\u00e9e des vignobles<\/p>\n<p>Vendredi 9h30 \u2013 12h30 : Cours de langue et de culture italiennes Apr\u00e8s-midi : libre<\/p>\n<p>Samedi et Dimanche: libres<\/p>\n<p><strong>2<sup>e<\/sup> semaine<\/strong><\/p>\n<p>Lundi\u00a0 9h30 \u2013 12h30 : Cours de langue et de culture italiennes Apr\u00e8s-midi :Visite guid\u00e9e de Polignano a Mare<\/p>\n<p>Mardi 9h30 \u2013 12h30 : Cours de langue et de culture italiennes Apr\u00e8s-midi : Visite guid\u00e9e d\u2019une fromagerie de mozzarella<\/p>\n<p>Mercredi 9h30 \u2013 12h30 : Cours de langue et de culture italiennes Apr\u00e8s-midi :Visite guid\u00e9e de Monopoli<\/p>\n<p>Jeudi : 9h30 \u2013 12h30 : Cours de langue et de culture italiennes Apr\u00e8s-midi : Visite guid\u00e9e d\u2019Ostuni<\/p>\n<p>Vendredi 9h30 \u2013 12h30 : Cours de langue et de culture italiennes Apr\u00e8s-midi: Cours de cuisine Soir\u00e9e : D\u00eener et f\u00eate d\u2019adieu<\/p>\n<p>Samedi: D\u00e9part<\/p>\n<p>L\u2019\u00e9cole propose \u00e9galement :<\/p>\n<ul>\n<li><b>Cours particuliers d\u2019italien<\/b> (g\u00e9n\u00e9raux ou sp\u00e9cialis\u00e9s)<\/li>\n<li><strong>Cours intensifs d\u2019italien<\/strong><\/li>\n<li><strong>Semaines intensives d\u2019italien pour les \u00e9coles et les groupes ferm\u00e9s<\/strong><\/li>\n<li><strong>Cours d\u2019italien en ligne<\/strong><\/li>\n<li><strong>Pr\u00e9paration \u00e0 l\u2019examen CELI<\/strong><\/li>\n<\/ul>\n<h2><b>Dates de d\u00e9but des cours et d\u00e9tails<\/b><\/h2>\n<ul>\n<li><b>Dates de d\u00e9but :<\/b> 26\/04 &#8211; 30\/08 &#8211; 13\/09<\/li>\n<\/ul>\n<ul>\n<li><b>Dur\u00e9e des cours<\/b> : 50 minutes<\/li>\n<li><b>Effectif moyen par classe<\/b> : 6 \u00e9tudiants<\/li>\n<li><b>Effectif maximal par classe<\/b> : 8 \u00e9tudiants<\/li>\n<li><b>Emploi du temps<\/b> : Cours le matin et activit\u00e9s l\u2019apr\u00e8s-midi<\/li>\n<li><b>Mat\u00e9riel p\u00e9dagogique<\/b> : Inclus<\/li>\n<li><b>Test de niveau et certificat final<\/b> : Inclus<\/li>\n<li><b>Lieu<\/b> : Locorotondo<\/li>\n<li><b>Autres services<\/b> : acc\u00e8s Internet, activit\u00e9s sociales<\/li>\n<\/ul>\n<p><b>PRIX 1 850 \u20ac<\/b><\/p>\n<p>Le prix comprend :<\/p>\n<ul>\n<li>H\u00e9bergement \u00e0 Locorotondo<\/li>\n<li>Visites guid\u00e9es avec transport<\/li>\n<li>Soir\u00e9e d&rsquo;adieu avec d\u00eener italien typique<\/li>\n<li>Non compris dans le prix : les repas<\/li>\n<li>Excursions et activit\u00e9s optionnelles selon le programme<\/li>\n<li>Options suppl\u00e9mentaires : chambre individuelle avec salle de bain priv\u00e9e<\/li>\n<\/ul>\n<p><strong>Autres cours d&rsquo;italien disponibles \u00e0 Bari toute l&rsquo;ann\u00e9e<\/strong><\/p>\n<p>&nbsp;<\/p>\n","protected":false},"excerpt":{"rendered":"<h2><b>Apprenez l&rsquo;italien \u00e0 Bari, <\/b>parcourez les <b>Pouilles<\/b><\/h2>\n<p>Nos cours d&rsquo;italien \u00e0 Bari mettent l&rsquo;accent sur les comp\u00e9tences linguistiques pratiques et les exp\u00e9riences culturelles. Les \u00e9tudiants peuvent suivre des cours le matin et participer \u00e0 des activit\u00e9s l&rsquo;apr\u00e8s-midi, ce qui leur garantit un parcours d&rsquo;apprentissage complet \u00e0 travers cette magnifique r\u00e9gion.<\/p>\n<p>Les Pouilles offrent une occasion unique d&rsquo;apprendre l&rsquo;italien sur la c\u00f4te adriatique. Bari allie la vie urbaine \u00e0 la mer. Promenades en bord de mer, panoramas c\u00f4tiers et acc\u00e8s facile aux plages le long du littoral des Pouilles.<\/p>\n<p>L&rsquo;hospitalit\u00e9 l\u00e9gendaire de la ville permet aux visiteurs de se sentir comme chez eux d\u00e8s le premier jour.<\/p>\n","protected":false},"featured_media":203749,"comment_status":"open","ping_status":"closed","template":"","meta":{"_acf_changed":false,"_uag_custom_page_level_css":"","_kad_blocks_custom_css":"","_kad_blocks_head_custom_js":"","_kad_blocks_body_custom_js":"","_kad_blocks_footer_custom_js":"","site-sidebar-layout":"default","site-content-layout":"default","ast-site-content-layout":"default","site-content-style":"default","site-sidebar-style":"default","ast-global-header-display":"","ast-banner-title-visibility":"","ast-main-header-display":"","ast-hfb-above-header-display":"","ast-hfb-below-header-display":"","ast-hfb-mobile-header-display":"","site-post-title":"","ast-breadcrumbs-content":"","ast-featured-img":"","footer-sml-layout":"","ast-disable-related-posts":"","theme-transparent-header-meta":"default","adv-header-id-meta":"","stick-header-meta":"default","header-above-stick-meta":"","header-main-stick-meta":"","header-below-stick-meta":"","astra-migrate-meta-layouts":"set","ast-page-background-enabled":"default","ast-page-background-meta":{"desktop":{"background-color":"var(--ast-global-color-4)","background-image":"","background-repeat":"repeat","background-position":"center center","background-size":"auto","background-attachment":"scroll","background-type":"","background-media":"","overlay-type":"","overlay-color":"","overlay-opacity":"","overlay-gradient":""},"tablet":{"background-color":"","background-image":"","background-repeat":"repeat","background-position":"center center","background-size":"auto","background-attachment":"scroll","background-type":"","background-media":"","overlay-type":"","overlay-color":"","overlay-opacity":"","overlay-gradient":""},"mobile":{"background-color":"","background-image":"","background-repeat":"repeat","background-position":"center center","background-size":"auto","background-attachment":"scroll","background-type":"","background-media":"","overlay-type":"","overlay-color":"","overlay-opacity":"","overlay-gradient":""}},"ast-content-background-meta":{"desktop":{"background-color":"var(--ast-global-color-5)","background-image":"","background-repeat":"repeat","background-position":"center center","background-size":"auto","background-attachment":"scroll","background-type":"","background-media":"","overlay-type":"","overlay-color":"","overlay-opacity":"","overlay-gradient":""},"tablet":{"background-color":"var(--ast-global-color-5)","background-image":"","background-repeat":"repeat","background-position":"center center","background-size":"auto","background-attachment":"scroll","background-type":"","background-media":"","overlay-type":"","overlay-color":"","overlay-opacity":"","overlay-gradient":""},"mobile":{"background-color":"var(--ast-global-color-5)","background-image":"","background-repeat":"repeat","background-position":"center center","background-size":"auto","background-attachment":"scroll","background-type":"","background-media":"","overlay-type":"","overlay-color":"","overlay-opacity":"","overlay-gradient":""}}},"section":[2029],"product_brand":[],"product_cat":[1262,2036],"product_tag":[],"class_list":{"0":"post-203729","1":"product","2":"type-product","3":"status-publish","4":"has-post-thumbnail","6":"section-south-and-islands","7":"product_cat-cours-italien-en-italie","8":"product_cat-cours-ditalien-a-bari-3","9":"desktop-align-left","10":"tablet-align-left","11":"mobile-align-left","12":"ast-product-gallery-layout-horizontal-slider","13":"ast-product-single-variable","14":"ast-product-tabs-layout-horizontal","15":"ast-qv-on-image-click","17":"first","18":"instock","19":"sold-individually","20":"shipping-taxable","21":"purchasable","22":"product-type-variable"},"acf":[],"taxonomy_info":{"section":[{"value":2029,"label":"South and Islands"}],"product_cat":[{"value":1262,"label":"Cours d'italien en Italie"},{"value":2036,"label":"Cours d&#039;italien \u00e0 Bari"}]},"featured_image_src_large":["https:\/\/www.studiainitalia.com\/wp-content\/uploads\/2026\/01\/30-Corsi-di-cucina.jpeg",1079,792,false],"author_info":[],"comment_info":0,"uagb_featured_image_src":{"full":["https:\/\/www.studiainitalia.com\/wp-content\/uploads\/2026\/01\/30-Corsi-di-cucina.jpeg",1079,792,false],"thumbnail":["https:\/\/www.studiainitalia.com\/wp-content\/uploads\/2026\/01\/30-Corsi-di-cucina.jpeg",128,94,false],"medium":["https:\/\/www.studiainitalia.com\/wp-content\/uploads\/2026\/01\/30-Corsi-di-cucina.jpeg",1079,792,false],"medium_large":["https:\/\/www.studiainitalia.com\/wp-content\/uploads\/2026\/01\/30-Corsi-di-cucina-768x564.jpeg",768,564,true],"large":["https:\/\/www.studiainitalia.com\/wp-content\/uploads\/2026\/01\/30-Corsi-di-cucina.jpeg",1079,792,false],"1536x1536":["https:\/\/www.studiainitalia.com\/wp-content\/uploads\/2026\/01\/30-Corsi-di-cucina.jpeg",1079,792,false],"2048x2048":["https:\/\/www.studiainitalia.com\/wp-content\/uploads\/2026\/01\/30-Corsi-di-cucina.jpeg",1079,792,false],"ultp_layout_landscape_large":["https:\/\/www.studiainitalia.com\/wp-content\/uploads\/2026\/01\/30-Corsi-di-cucina.jpeg",1079,792,false],"ultp_layout_landscape":["https:\/\/www.studiainitalia.com\/wp-content\/uploads\/2026\/01\/30-Corsi-di-cucina-870x570.jpeg",870,570,true],"ultp_layout_portrait":["https:\/\/www.studiainitalia.com\/wp-content\/uploads\/2026\/01\/30-Corsi-di-cucina-600x792.jpeg",600,792,true],"ultp_layout_square":["https:\/\/www.studiainitalia.com\/wp-content\/uploads\/2026\/01\/30-Corsi-di-cucina-600x600.jpeg",600,600,true],"gform-image-choice-sm":["https:\/\/www.studiainitalia.com\/wp-content\/uploads\/2026\/01\/30-Corsi-di-cucina.jpeg",300,220,false],"gform-image-choice-md":["https:\/\/www.studiainitalia.com\/wp-content\/uploads\/2026\/01\/30-Corsi-di-cucina.jpeg",400,294,false],"gform-image-choice-lg":["https:\/\/www.studiainitalia.com\/wp-content\/uploads\/2026\/01\/30-Corsi-di-cucina.jpeg",600,440,false],"woocommerce_thumbnail":["https:\/\/www.studiainitalia.com\/wp-content\/uploads\/2026\/01\/30-Corsi-di-cucina-300x300.jpeg",300,300,true],"woocommerce_single":["https:\/\/www.studiainitalia.com\/wp-content\/uploads\/2026\/01\/30-Corsi-di-cucina-400x294.jpeg",400,294,true],"woocommerce_gallery_thumbnail":["https:\/\/www.studiainitalia.com\/wp-content\/uploads\/2026\/01\/30-Corsi-di-cucina-100x100.jpeg",100,100,true],"yarpp-thumbnail":["https:\/\/www.studiainitalia.com\/wp-content\/uploads\/2026\/01\/30-Corsi-di-cucina-120x120.jpeg",120,120,true]},"uagb_author_info":{"display_name":"Jordi Mont","author_link":"https:\/\/www.studiainitalia.com\/fr\/author\/"},"uagb_comment_info":0,"uagb_excerpt":"Apprenez l'italien \u00e0 Bari, parcourez les Pouilles Nos cours d'italien \u00e0 Bari mettent l'accent sur les comp\u00e9tences linguistiques pratiques et les exp\u00e9riences culturelles. Les \u00e9tudiants peuvent suivre des cours le matin et participer \u00e0 des activit\u00e9s l'apr\u00e8s-midi, ce qui leur garantit un parcours d'apprentissage complet \u00e0 travers cette magnifique r\u00e9gion. Les Pouilles offrent une occasion\u2026","_links":{"self":[{"href":"https:\/\/www.studiainitalia.com\/fr\/wp-json\/wp\/v2\/product\/203729","targetHints":{"allow":["GET"]}}],"collection":[{"href":"https:\/\/www.studiainitalia.com\/fr\/wp-json\/wp\/v2\/product"}],"about":[{"href":"https:\/\/www.studiainitalia.com\/fr\/wp-json\/wp\/v2\/types\/product"}],"replies":[{"embeddable":true,"href":"https:\/\/www.studiainitalia.com\/fr\/wp-json\/wp\/v2\/comments?post=203729"}],"wp:featuredmedia":[{"embeddable":true,"href":"https:\/\/www.studiainitalia.com\/fr\/wp-json\/wp\/v2\/media\/203749"}],"wp:attachment":[{"href":"https:\/\/www.studiainitalia.com\/fr\/wp-json\/wp\/v2\/media?parent=203729"}],"wp:term":[{"taxonomy":"section","embeddable":true,"href":"https:\/\/www.studiainitalia.com\/fr\/wp-json\/wp\/v2\/section?post=203729"},{"taxonomy":"product_brand","embeddable":true,"href":"https:\/\/www.studiainitalia.com\/fr\/wp-json\/wp\/v2\/product_brand?post=203729"},{"taxonomy":"product_cat","embeddable":true,"href":"https:\/\/www.studiainitalia.com\/fr\/wp-json\/wp\/v2\/product_cat?post=203729"},{"taxonomy":"product_tag","embeddable":true,"href":"https:\/\/www.studiainitalia.com\/fr\/wp-json\/wp\/v2\/product_tag?post=203729"}],"curies":[{"name":"wp","href":"https:\/\/api.w.org\/{rel}","templated":true}]}}