{"id":189480,"date":"2016-11-21T19:23:32","date_gmt":"2016-11-21T18:23:32","guid":{"rendered":"https:\/\/www.studiainitalia.com\/blogue\/"},"modified":"2023-12-05T16:42:36","modified_gmt":"2023-12-05T15:42:36","slug":"blog","status":"publish","type":"page","link":"https:\/\/www.studiainitalia.com\/pt-br\/blog\/","title":{"rendered":"Blog"},"content":{"rendered":"\n<div class=\"wp-block-cover alignfull is-light\" style=\"min-height:224px;aspect-ratio:unset;\"><span aria-hidden=\"true\" class=\"wp-block-cover__background has-background-dim\"><\/span><img decoding=\"async\" width=\"1600\" height=\"275\" class=\"wp-block-cover__image-background wp-image-86282\" alt=\"blog studiainitalia noticias\" src=\"https:\/\/www.studiainitalia.com\/wp-content\/uploads2019\/12\/noticias-articulos-blog-studiainitalia.jpg\" data-object-fit=\"cover\" title=\"\" srcset=\"https:\/\/www.studiainitalia.com\/wp-content\/uploads\/2019\/12\/noticias-articulos-blog-studiainitalia.jpg 1600w, https:\/\/www.studiainitalia.com\/wp-content\/uploads\/2019\/12\/noticias-articulos-blog-studiainitalia-300x52.jpg 300w, https:\/\/www.studiainitalia.com\/wp-content\/uploads\/2019\/12\/noticias-articulos-blog-studiainitalia-1024x176.jpg 1024w, https:\/\/www.studiainitalia.com\/wp-content\/uploads\/2019\/12\/noticias-articulos-blog-studiainitalia-768x132.jpg 768w, https:\/\/www.studiainitalia.com\/wp-content\/uploads\/2019\/12\/noticias-articulos-blog-studiainitalia-1536x264.jpg 1536w, https:\/\/www.studiainitalia.com\/wp-content\/uploads\/2019\/12\/noticias-articulos-blog-studiainitalia-1080x186.jpg 1080w, https:\/\/www.studiainitalia.com\/wp-content\/uploads\/2019\/12\/noticias-articulos-blog-studiainitalia-1280x220.jpg 1280w, https:\/\/www.studiainitalia.com\/wp-content\/uploads\/2019\/12\/noticias-articulos-blog-studiainitalia-980x168.jpg 980w, https:\/\/www.studiainitalia.com\/wp-content\/uploads\/2019\/12\/noticias-articulos-blog-studiainitalia-480x83.jpg 480w, https:\/\/www.studiainitalia.com\/wp-content\/uploads\/2019\/12\/noticias-articulos-blog-studiainitalia-400x69.jpg 400w\" sizes=\"(max-width: 1600px) 100vw, 1600px\" \/><div class=\"wp-block-cover__inner-container is-layout-flow wp-block-cover-is-layout-flow\"><style>.wp-block-kadence-advancedheading.kt-adv-heading189480_c6f940-cf, .wp-block-kadence-advancedheading.kt-adv-heading189480_c6f940-cf[data-kb-block=\"kb-adv-heading189480_c6f940-cf\"]{font-style:normal;}.wp-block-kadence-advancedheading.kt-adv-heading189480_c6f940-cf mark.kt-highlight, .wp-block-kadence-advancedheading.kt-adv-heading189480_c6f940-cf[data-kb-block=\"kb-adv-heading189480_c6f940-cf\"] mark.kt-highlight{font-style:normal;color:#f76a0c;-webkit-box-decoration-break:clone;box-decoration-break:clone;padding-top:0px;padding-right:0px;padding-bottom:0px;padding-left:0px;}<\/style>\n<h1 class=\"kt-adv-heading189480_c6f940-cf wp-block-kadence-advancedheading\" data-kb-block=\"kb-adv-heading189480_c6f940-cf\">Blog<\/h1>\n<\/div><\/div>\n\n\n<div  class=\"wp-block-ultimate-post-heading ultp-block-aa0ba9\"><div class=\"ultp-block-wrapper\"><div class=\"ultp-heading-wrap ultp-heading-style9 ultp-heading-center\"><h2 class=\"ultp-heading-inner\"><span>Detto Fatto: O Blog de Studiainitalia<\/span><\/h2><\/div><\/div><\/div>\n\n<div class=\"ultp-shortcode\" data-postid=\"94263\"><div  class=\"ultp-post-grid-block wp-block-ultimate-post-post-grid-1 ultp-block-9f8766\"><div class=\"ultp-block-wrapper\"><div class=\"ultp-loading\"><div class=\"ultp-loading-blocks\" style=\"width:100%;height:100%;\"><div style=\"left: 0;top: 0;animation-delay:0s;\"><\/div><div style=\"left: 21px;top: 0;animation-delay:0.125s;\"><\/div><div style=\"left: 42px;top: 0;animation-delay:0.25s;\"><\/div><div style=\"left: 0;top: 21px;animation-delay:0.875s;\"><\/div><div style=\"left: 42px;top: 21px;animation-delay:0.375s;\"><\/div><div style=\"left: 0;top: 42px;animation-delay:0.75s;\"><\/div><div style=\"left: 42px;top: 42px;animation-delay:0.625s;\"><\/div><div style=\"left: 21px;top: 42px;animation-delay:0.5s;\"><\/div><\/div><\/div><div class=\"ultp-heading-filter\"><div class=\"ultp-heading-filter-in\"><div class=\"ultp-filter-navigation\"><\/div><\/div><\/div><div class=\"ultp-block-items-wrap ultp-block-row ultp-pg1a-style1 ultp-grid1-responsive ultp-block-column-3 ultp-sm-column-2 ultp-xs-column-1 ultp-layout1\"><div class=\"ultp-block-item post-id-191074\"><div class=\"ultp-block-content-wrap\"><div class=\"ultp-block-image ultp-block-image-opacity\"><a href=\"https:\/\/www.studiainitalia.com\/pt-br\/blog\/cursos-historia-arte-florenca-veneza\/\"><img decoding=\"async\" class=\"ultp-block-image-content\" alt=\"Cursos de hist\u00f3ria da arte em Floren\u00e7a, It\u00e1lia - Imagem de Rodney Castillo do Pixabay\" src=\"https:\/\/www.studiainitalia.com\/wp-content\/uploads\/2019\/09\/history-of-art-courses-in-florence-italy.jpg\" title=\"\"><\/a><\/div><div class=\"ultp-block-content\"><h3 class=\"ultp-block-title \"><a href=\"https:\/\/www.studiainitalia.com\/pt-br\/blog\/cursos-historia-arte-florenca-veneza\/\">Cursos de Hist\u00f3ria da Arte em Floren\u00e7a, Veneza e Roma: Renascimento e Cultura<\/a><\/h3><div class=\"ultp-block-meta ultp-block-meta-verticalbar ultp-block-meta-noIcon\"><\/div><div class=\"ultp-block-excerpt\"><p>Para entender a hist\u00f3ria da arte italiana, \u00e9 preciso compreender&hellip;<\/p>\n<\/div><\/div><\/div><\/div><div class=\"ultp-block-item post-id-191035\"><div class=\"ultp-block-content-wrap\"><div class=\"ultp-block-image ultp-block-image-opacity\"><a href=\"https:\/\/www.studiainitalia.com\/pt-br\/blog\/curso-italiano-florenca-ferias-estudo\/\"><img decoding=\"async\" class=\"ultp-block-image-content\" alt=\"Curso de Italiano em Floren\u00e7a dicas de viagem photo by user32212 from Pixabay\" src=\"https:\/\/www.studiainitalia.com\/wp-content\/uploads\/2021\/05\/Italian-Course-in-Florence-travel-tips.jpg\" title=\"\"><\/a><\/div><div class=\"ultp-block-content\"><h3 class=\"ultp-block-title \"><a href=\"https:\/\/www.studiainitalia.com\/pt-br\/blog\/curso-italiano-florenca-ferias-estudo\/\">Curso de Italiano em Floren\u00e7a: 6 Dicas para Viver a Cidade Al\u00e9m dos Guias Tur\u00edsticos<\/a><\/h3><div class=\"ultp-block-meta ultp-block-meta-verticalbar ultp-block-meta-noIcon\"><\/div><div class=\"ultp-block-excerpt\"><p>Floren\u00e7a \u00e9 mais do que um museu a c\u00e9u aberto:&hellip;<\/p>\n<\/div><\/div><\/div><\/div><div class=\"ultp-block-item post-id-203905\"><div class=\"ultp-block-content-wrap\"><div class=\"ultp-block-image ultp-block-image-opacity\"><a href=\"https:\/\/www.studiainitalia.com\/pt-br\/blog\/agencia-de-intercambio-na-italia\/\"><img decoding=\"async\" class=\"ultp-block-image-content\" alt=\"Ag\u00eancia de interc\u00e2mbio na It\u00e1lia\" src=\"https:\/\/www.studiainitalia.com\/wp-content\/uploads\/2026\/02\/italian-education-agency-to-study-abroad-in-italy-1.jpg\" title=\"\"><\/a><\/div><div class=\"ultp-block-content\"><h3 class=\"ultp-block-title \"><a href=\"https:\/\/www.studiainitalia.com\/pt-br\/blog\/agencia-de-intercambio-na-italia\/\">Ag\u00eancia de interc\u00e2mbio na It\u00e1lia: 5 motivos para contratar uma<\/a><\/h3><div class=\"ultp-block-meta ultp-block-meta-verticalbar ultp-block-meta-noIcon\"><\/div><div class=\"ultp-block-excerpt\"><p>Imagine a cena: voc\u00ea finalmente decidiu tirar do papel o&hellip;<\/p>\n<\/div><\/div><\/div><\/div><div class=\"ultp-block-item post-id-203580\"><div class=\"ultp-block-content-wrap\"><div class=\"ultp-block-image ultp-block-image-opacity\"><a href=\"https:\/\/www.studiainitalia.com\/pt-br\/blog\/exposicoes-arte-italia-2026\/\"><img decoding=\"async\" class=\"ultp-block-image-content\" alt=\"Exposi\u00e7\u00f5es de Arte na It\u00e1lia em 2026\" src=\"https:\/\/www.studiainitalia.com\/wp-content\/uploads\/2025\/12\/Art-Exhibitions-in-Italy-2026.jpg\" title=\"\"><\/a><\/div><div class=\"ultp-block-content\"><h3 class=\"ultp-block-title \"><a href=\"https:\/\/www.studiainitalia.com\/pt-br\/blog\/exposicoes-arte-italia-2026\/\">Exposi\u00e7\u00f5es de Arte na It\u00e1lia em 2026: As Mostras Imperd\u00edveis<\/a><\/h3><div class=\"ultp-block-meta ultp-block-meta-verticalbar ultp-block-meta-noIcon\"><\/div><div class=\"ultp-block-excerpt\"><p>2026 promete ser um ano espetacular para a arte, a&hellip;<\/p>\n<\/div><\/div><\/div><\/div><div class=\"ultp-block-item post-id-203247\"><div class=\"ultp-block-content-wrap\"><div class=\"ultp-block-image ultp-block-image-opacity\"><a href=\"https:\/\/www.studiainitalia.com\/pt-br\/blog\/risotto-milanese-ossobuco-receita\/\"><img decoding=\"async\" class=\"ultp-block-image-content\" alt=\"Risotto alla Milanese e Ossobuco\" src=\"https:\/\/www.studiainitalia.com\/wp-content\/uploads\/2025\/12\/Risotto-alla-Milanese-and-Ossobuco.jpg\" title=\"\"><\/a><\/div><div class=\"ultp-block-content\"><h3 class=\"ultp-block-title \"><a href=\"https:\/\/www.studiainitalia.com\/pt-br\/blog\/risotto-milanese-ossobuco-receita\/\">Risotto alla Milanese e Ossobuco\ufeff<\/a><\/h3><div class=\"ultp-block-meta ultp-block-meta-verticalbar ultp-block-meta-noIcon\"><\/div><div class=\"ultp-block-excerpt\"><p>Dezembro \u00e9 o momento perfeito para trazer um toque de&hellip;<\/p>\n<\/div><\/div><\/div><\/div><div class=\"ultp-block-item post-id-202983\"><div class=\"ultp-block-content-wrap\"><div class=\"ultp-block-image ultp-block-image-opacity\"><a href=\"https:\/\/www.studiainitalia.com\/pt-br\/blog\/saudade-enquanto-estuda-italia\/\"><img decoding=\"async\" class=\"ultp-block-image-content\" alt=\"Homesickness While Studying in Italy\" src=\"https:\/\/www.studiainitalia.com\/wp-content\/uploads\/2025\/11\/Homesickness-While-Studying-in-Italy.jpg\" title=\"\"><\/a><\/div><div class=\"ultp-block-content\"><h3 class=\"ultp-block-title \"><a href=\"https:\/\/www.studiainitalia.com\/pt-br\/blog\/saudade-enquanto-estuda-italia\/\">Dicas para lidar com a saudade enquanto voc\u00ea estuda na It\u00e1lia<\/a><\/h3><div class=\"ultp-block-meta ultp-block-meta-verticalbar ultp-block-meta-noIcon\"><\/div><div class=\"ultp-block-excerpt\"><p>Embarcar em uma jornada para estudar no exterior \u00e9 empolgante&hellip;<\/p>\n<\/div><\/div><\/div><\/div><div class=\"ultp-block-item post-id-202850\"><div class=\"ultp-block-content-wrap\"><div class=\"ultp-block-image ultp-block-image-opacity\"><a href=\"https:\/\/www.studiainitalia.com\/pt-br\/blog\/entrevistas-ex-alunos\/\"><img decoding=\"async\" class=\"ultp-block-image-content\" alt=\"study abroad italy experiences\" src=\"https:\/\/www.studiainitalia.com\/wp-content\/uploads\/2025\/10\/study-abroad-italy-experiences.jpg\" title=\"\"><\/a><\/div><div class=\"ultp-block-content\"><h3 class=\"ultp-block-title \"><a href=\"https:\/\/www.studiainitalia.com\/pt-br\/blog\/entrevistas-ex-alunos\/\">Entrevistas com ex-alunos: suas jornadas e hist\u00f3rias de sucesso<\/a><\/h3><div class=\"ultp-block-meta ultp-block-meta-verticalbar ultp-block-meta-noIcon\"><\/div><div class=\"ultp-block-excerpt\"><p>Estudar na It\u00e1lia \u00e9 muito mais do que fazer um&hellip;<\/p>\n<\/div><\/div><\/div><\/div><div class=\"ultp-block-item post-id-202748\"><div class=\"ultp-block-content-wrap\"><div class=\"ultp-block-image ultp-block-image-opacity\"><a href=\"https:\/\/www.studiainitalia.com\/pt-br\/blog\/cursos-presenciais-italia-ou-distancia\/\"><img decoding=\"async\" class=\"ultp-block-image-content\" alt=\"on-campus learning in italy\" src=\"https:\/\/www.studiainitalia.com\/wp-content\/uploads\/2025\/09\/on-campus-learning-in-italy.jpeg\" title=\"\"><\/a><\/div><div class=\"ultp-block-content\"><h3 class=\"ultp-block-title \"><a href=\"https:\/\/www.studiainitalia.com\/pt-br\/blog\/cursos-presenciais-italia-ou-distancia\/\">Cursos Presenciais ou a Dist\u00e2ncia na It\u00e1lia: Qual \u00e9 o Ideal para Voc\u00ea?<\/a><\/h3><div class=\"ultp-block-meta ultp-block-meta-verticalbar ultp-block-meta-noIcon\"><\/div><div class=\"ultp-block-excerpt\"><p>Escolher entre o ensino presencial e o ensino a dist\u00e2ncia&hellip;<\/p>\n<\/div><\/div><\/div><\/div><div class=\"ultp-block-item post-id-202712\"><div class=\"ultp-block-content-wrap\"><div class=\"ultp-block-image ultp-block-image-opacity\"><a href=\"https:\/\/www.studiainitalia.com\/pt-br\/blog\/cursos-exclusivos-idiomas-cultura-italia\/\"><img decoding=\"async\" class=\"ultp-block-image-content\" alt=\"hiddens gems where to study in italy\" src=\"https:\/\/www.studiainitalia.com\/wp-content\/uploads\/2025\/08\/hiddens-gems-where-to-study-in-italy.jpg\" title=\"\"><\/a><\/div><div class=\"ultp-block-content\"><h3 class=\"ultp-block-title \"><a href=\"https:\/\/www.studiainitalia.com\/pt-br\/blog\/cursos-exclusivos-idiomas-cultura-italia\/\">Cursos exclusivos de idiomas e cultura na It\u00e1lia<\/a><\/h3><div class=\"ultp-block-meta ultp-block-meta-verticalbar ultp-block-meta-noIcon\"><\/div><div class=\"ultp-block-excerpt\"><p>Imagine aprender italiano numa vila costeira banhada pelo sol, onde&hellip;<\/p>\n<\/div><\/div><\/div><\/div><\/div><div class=\"ultp-pagination-wrap\" data-paged=\"1\" data-expost=\"\"  data-blockid=\"9f8766\" data-postid=\"94263\" data-pages=\"12\" data-blockname=\"ultimate-post_post-grid-1\" data-selfpostid=\"yes\"><ul class=\"ultp-pagination\"><li class=\"ultp-first-pages\" style=\"display:none\" data-current=\"1\"><a href=\"https:\/\/www.studiainitalia.com\/pt-br\/wp-json\/wp\/v2\/pages\/189480\/\">1<\/a><\/li><li class=\"ultp-center-item pagination-active\" data-current=\"1\"><a href=\"https:\/\/www.studiainitalia.com\/pt-br\/wp-json\/wp\/v2\/pages\/189480\/\">1<\/a><\/li><li class=\"ultp-center-item\" data-current=\"2\" ><a href=\"https:\/\/www.studiainitalia.com\/pt-br\/wp-json\/wp\/v2\/pages\/189480\/page\/2\/\">2<\/a><\/li><li class=\"ultp-center-item\" data-current=\"3\" ><a href=\"https:\/\/www.studiainitalia.com\/pt-br\/wp-json\/wp\/v2\/pages\/189480\/page\/3\/\">3<\/a><\/li><li class=\"ultp-last-dot\" ><a href=\"#\">...<\/a><\/li><li class=\"ultp-last-pages\" data-current=\"12\"><a href=\"https:\/\/www.studiainitalia.com\/pt-br\/wp-json\/wp\/v2\/pages\/189480\/page\/12\/\">12<\/a><\/li><li class=\"ultp-next-page-numbers\"><a href=\"https:\/\/www.studiainitalia.com\/pt-br\/wp-json\/wp\/v2\/pages\/189480\/page\/2\/\">Next<svg xmlns=\"http:\/\/www.w3.org\/2000\/svg\" fill=\"none\" viewBox=\"0 0 24 24\">\r\n  <path stroke=\"currentColor\" stroke-linecap=\"round\" stroke-linejoin=\"round\" stroke-width=\"1.5\" d=\"m9 18 6-6-6-6\"\/>\r\n<\/svg>\r\n<\/a><\/li><\/ul><\/div><\/div><div class=\"pagination-block-html\" aria-hidden=\"true\" style=\"display: none;\"><\/div><\/div><\/div>\n","protected":false},"excerpt":{"rendered":"","protected":false},"author":1,"featured_media":0,"parent":0,"menu_order":97,"comment_status":"closed","ping_status":"closed","template":"","meta":{"_acf_changed":false,"_uag_custom_page_level_css":"","_kad_blocks_custom_css":"","_kad_blocks_head_custom_js":"","_kad_blocks_body_custom_js":"","_kad_blocks_footer_custom_js":"","site-sidebar-layout":"default","site-content-layout":"","ast-site-content-layout":"default","site-content-style":"default","site-sidebar-style":"default","ast-global-header-display":"","ast-banner-title-visibility":"","ast-main-header-display":"","ast-hfb-above-header-display":"","ast-hfb-below-header-display":"","ast-hfb-mobile-header-display":"","site-post-title":"","ast-breadcrumbs-content":"","ast-featured-img":"","footer-sml-layout":"","ast-disable-related-posts":"","theme-transparent-header-meta":"","adv-header-id-meta":"","stick-header-meta":"","header-above-stick-meta":"","header-main-stick-meta":"","header-below-stick-meta":"","astra-migrate-meta-layouts":"set","ast-page-background-enabled":"default","ast-page-background-meta":{"desktop":{"background-color":"var(--ast-global-color-4)","background-image":"","background-repeat":"repeat","background-position":"center center","background-size":"auto","background-attachment":"scroll","background-type":"","background-media":"","overlay-type":"","overlay-color":"","overlay-opacity":"","overlay-gradient":""},"tablet":{"background-color":"","background-image":"","background-repeat":"repeat","background-position":"center center","background-size":"auto","background-attachment":"scroll","background-type":"","background-media":"","overlay-type":"","overlay-color":"","overlay-opacity":"","overlay-gradient":""},"mobile":{"background-color":"","background-image":"","background-repeat":"repeat","background-position":"center center","background-size":"auto","background-attachment":"scroll","background-type":"","background-media":"","overlay-type":"","overlay-color":"","overlay-opacity":"","overlay-gradient":""}},"ast-content-background-meta":{"desktop":{"background-color":"var(--ast-global-color-5)","background-image":"","background-repeat":"repeat","background-position":"center center","background-size":"auto","background-attachment":"scroll","background-type":"","background-media":"","overlay-type":"","overlay-color":"","overlay-opacity":"","overlay-gradient":""},"tablet":{"background-color":"var(--ast-global-color-5)","background-image":"","background-repeat":"repeat","background-position":"center center","background-size":"auto","background-attachment":"scroll","background-type":"","background-media":"","overlay-type":"","overlay-color":"","overlay-opacity":"","overlay-gradient":""},"mobile":{"background-color":"var(--ast-global-color-5)","background-image":"","background-repeat":"repeat","background-position":"center center","background-size":"auto","background-attachment":"scroll","background-type":"","background-media":"","overlay-type":"","overlay-color":"","overlay-opacity":"","overlay-gradient":""}},"footnotes":""},"class_list":["post-189480","page","type-page","status-publish","hentry"],"acf":[],"taxonomy_info":[],"featured_image_src_large":false,"author_info":{"display_name":"Javier Diaz","author_link":"https:\/\/www.studiainitalia.com\/pt-br\/author\/studiain_jedv\/"},"comment_info":0,"uagb_featured_image_src":{"full":false,"thumbnail":false,"medium":false,"medium_large":false,"large":false,"1536x1536":false,"2048x2048":false,"ultp_layout_landscape_large":false,"ultp_layout_landscape":false,"ultp_layout_portrait":false,"ultp_layout_square":false,"gform-image-choice-sm":false,"gform-image-choice-md":false,"gform-image-choice-lg":false,"woocommerce_thumbnail":false,"woocommerce_single":false,"woocommerce_gallery_thumbnail":false,"yarpp-thumbnail":false},"uagb_author_info":{"display_name":"Javier Diaz","author_link":"https:\/\/www.studiainitalia.com\/pt-br\/author\/studiain_jedv\/"},"uagb_comment_info":0,"uagb_excerpt":null,"_links":{"self":[{"href":"https:\/\/www.studiainitalia.com\/pt-br\/wp-json\/wp\/v2\/pages\/189480","targetHints":{"allow":["GET"]}}],"collection":[{"href":"https:\/\/www.studiainitalia.com\/pt-br\/wp-json\/wp\/v2\/pages"}],"about":[{"href":"https:\/\/www.studiainitalia.com\/pt-br\/wp-json\/wp\/v2\/types\/page"}],"author":[{"embeddable":true,"href":"https:\/\/www.studiainitalia.com\/pt-br\/wp-json\/wp\/v2\/users\/1"}],"replies":[{"embeddable":true,"href":"https:\/\/www.studiainitalia.com\/pt-br\/wp-json\/wp\/v2\/comments?post=189480"}],"version-history":[{"count":0,"href":"https:\/\/www.studiainitalia.com\/pt-br\/wp-json\/wp\/v2\/pages\/189480\/revisions"}],"wp:attachment":[{"href":"https:\/\/www.studiainitalia.com\/pt-br\/wp-json\/wp\/v2\/media?parent=189480"}],"curies":[{"name":"wp","href":"https:\/\/api.w.org\/{rel}","templated":true}]}}