{"id":189503,"date":"2016-10-28T16:49:34","date_gmt":"2016-10-28T14:49:34","guid":{"rendered":"https:\/\/www.studiainitalia.com\/home\/"},"modified":"2016-10-28T16:49:34","modified_gmt":"2016-10-28T14:49:34","slug":"home","status":"publish","type":"page","link":"https:\/\/www.studiainitalia.com\/pt-br\/home\/","title":{"rendered":"Studiainitalia"},"content":{"rendered":"<h1 style=\"text-align: center;\"><a title=\"Nossos cursos na It\u00e1lia\" href=\"https:\/\/www.studiainitalia.com\/study-in-italy\/italian-courses\/\">Nossos cursos na It\u00e1lia<\/a><\/h1>\n<p><iframe style=\"display: none;\"><\/iframe><\/p>\n<h3 style=\"text-align: center;\">Solicitar uma reuni\u00e3o online<\/h3>\n<h2 style=\"text-align: center;\">Estudar italiano com os nossos cursos na It\u00e1lia<\/h2>\n<h2 style=\"text-align: center;\">Estudar cultura italiana com os nossos cursos em It\u00e1lia<\/h2>\n<h2 style=\"text-align: center;\">Servi\u00e7os exclusivos para voc\u00ea<\/h2>\n<h3 style=\"text-align: justify;\">Viaje e aprenda com os especialistas na It\u00e1lia<\/h3>\n<p style=\"text-align: justify;\"><b>Studiainitalia <\/b>\u00e9 especializada em turismo criativo e <a href=\"https:\/\/www.studiainitalia.com\/study-in-italy\/italian-courses\/\">cursos de italiano em It\u00e1lia<\/a>. S\u00f3 trabalhamos com a It\u00e1lia h\u00e1 mais de 20 anos, somos italianos e <strong>conhecemos pessoalmente todas as escolas com as quais colaboramos.<\/strong> Gostamos de oferecer programas originais e de qualidade que permitam uma verdadeira imers\u00e3o na cultura italiana. <\/p>\n<h3>Conhecer a It\u00e1lia como a palma da m\u00e3o!<\/h3>\n<p style=\"text-align: justify;\">O <strong>turismo criativo<\/strong> \u00e9 uma nova forma eco-sustent\u00e1vel de descobrir uma cultura estrangeira, experimentando-a. Se precisa de se sentir envolvido na vida quotidiana italiana e se n\u00e3o quer ser considerado &#8220;turista&#8221;, esta \u00e9 a sua forma de viajar.&nbsp;  Experimente a cultura italiana juntando-se \u00e0s nossas actividades lingu\u00edsticas, art\u00edsticas e criativas.  <strong>A miss\u00e3o de Studiainitalia \u00e9 que os nossos viajantes possam viver aut\u00eanticas experi\u00eancias criativas e culturais na It\u00e1lia.<\/strong><\/p>\n<h3>Vamos trazer at\u00e9 voc\u00ea a tradi\u00e7\u00e3o e a criatividade italiana<\/h3>\n<p style=\"text-align: justify;\">Nossas oficinas de arte e artesanato foram escolhidas por serem os melhores exemplos da criatividade e tradi\u00e7\u00e3o italianas. Conhecemos pessoalmente todos artes\u00e3os e juntos formamos uma equipe capaz de satisfazer <strong>as exig\u00eancias pessoais de nossos estudantes.<\/strong><\/p>\n<h3 style=\"text-align: justify;\"><\/h3>\n<h3 style=\"text-align: justify;\">Por que reservar um curso com Studiainitalia?<\/h3>\n<p style=\"text-align: justify;\">Gostaria de fazer um curso na It\u00e1lia, mas n\u00e3o sabe qual escolher? H\u00e1 tanto na rede com diferentes escolas, custos, qualidades, coment\u00e1rios e voc\u00ea s\u00f3 quer aproveitar sua viagem \u00e0 It\u00e1lia sem ter que passar horas a internet? Deixe-nos ajud\u00e1-lo a organizar sua viagem \u00e0 It\u00e1lia.<\/p>\n<p style=\"text-align: justify;\">Somos uma ag\u00eancia especializada na It\u00e1lia, oferecemos aos nossos clientes um servi\u00e7o personalizado, competente e gratuito.<\/p>\n<p>Se quiser entrar em contacto com profissionais da educa\u00e7\u00e3o, em vez de apenas com um bot, deixe-nos ajud\u00e1-lo a organizar a <em>sua viagem a It\u00e1lia, que muda a sua vida<\/em>.  &nbsp; <strong>N\u00e3o lhe custar\u00e1 mais e ter\u00e1 uma equipa de profissionais a gui\u00e1-lo<\/strong> na sua selec\u00e7\u00e3o de cursos e a acompanhar cada uma das etapas da sua estadia em It\u00e1lia.<\/p>\n<p style=\"text-align: justify;\">Adoramos conhecer nossos viajantes pessoalmente e acompanhar seu progresso. Se voc\u00ea est\u00e1 procurando um curso de boa qualidade e gostaria de organiz\u00e1-lo perfeitamente, a Studiainitalia \u00e9 a sua ag\u00eancia para conhecer a verdadeira It\u00e1lia . <\/p>\n<p style=\"text-align: justify;\">Garantimos escolas de alta qualidade sem nenhum custo extra: voc\u00ea n\u00e3o ter\u00e1 que pagar mais do que se reservar diretamente com a escola<\/p>\n<p style=\"text-align: justify;\"><strong>S\u00e3o pequenos detalhes que fazem a diferen\u00e7a.<br \/>\n<\/strong><\/p>\n<h2 style=\"text-align: center;\">Servi\u00e7os exclusivos para voc\u00ea<\/h2>\n<h3 style=\"text-align: justify;\">Viaje e aprenda com os especialistas na It\u00e1lia<\/h3>\n<p style=\"text-align: justify;\"><b>Studiainitalia <\/b>\u00e9 especializada em turismo criativo e <a href=\"https:\/\/www.studiainitalia.com\/study-in-italy\/italian-courses\/\">cursos de italiano em It\u00e1lia<\/a>. S\u00f3 trabalhamos com a It\u00e1lia h\u00e1 mais de 20 anos, somos italianos e <strong>conhecemos pessoalmente todas as escolas com as quais colaboramos.<\/strong> Gostamos de oferecer programas originais e de qualidade que permitam uma verdadeira imers\u00e3o na cultura italiana. <\/p>\n<h3>Conhecer a It\u00e1lia como a palma da m\u00e3o!<\/h3>\n<p style=\"text-align: justify;\">O <strong>turismo criativo<\/strong> \u00e9 uma nova forma eco- sustent\u00e1vel de descobrir uma cultura estrangeira, experimentando-a.<\/p>\n<p style=\"text-align: justify;\">Se precisa de se sentir envolvido na vida quotidiana italiana e se n\u00e3o quer ser considerado &#8220;turista&#8221;, esta \u00e9 a sua forma de viajar.<\/p>\n<p style=\"text-align: justify;\">Experimente a cultura italiana, alegrando as nossas actividades lingu\u00edsticas, art\u00edsticas e criativas.  <strong>A miss\u00e3o de Studiainitalia \u00e9 que os nossos viajantes possam viver aut\u00eanticas experi\u00eancias criativas e culturais na It\u00e1lia.<\/strong><\/p>\n<p style=\"text-align: justify;\"><span style=\"color: #444444; font-family: 'Open Sans', Arial, sans-serif; font-size: 14px; font-style: normal; font-variant-ligatures: normal; font-variant-caps: normal; font-weight: 500; letter-spacing: normal; orphans: 2; text-align: justify; text-indent: 0px; text-transform: none; white-space: normal; widows: 2; word-spacing: 0px; -webkit-text-stroke-width: 0px; background-color: rgba(12, 180, 206, 0.04); text-decoration-thickness: initial; text-decoration-style: initial; text-decoration-color: initial; display: inline !important; float: none;\"><\/span><\/p>\n<h3>Vamos trazer at\u00e9 voc\u00ea a tradi\u00e7\u00e3o e a criatividade italiana<\/h3>\n<p style=\"text-align: justify;\">Nossas oficinas de arte e artesanato foram escolhidas por serem os melhores exemplos da criatividade e tradi\u00e7\u00e3o italianas. Conhecemos pessoalmente todos artes\u00e3os e juntos formamos uma equipe capaz de satisfazer <strong>as exig\u00eancias pessoais de nossos estudantes.<\/strong><\/p>\n<h3 style=\"text-align: justify;\">Por que reservar um curso com Studiainitalia?<\/h3>\n<p style=\"text-align: justify;\">Gostaria de fazer um curso na It\u00e1lia, mas n\u00e3o sabe qual escolher? H\u00e1 tanto na rede com diferentes escolas, custos, qualidades, coment\u00e1rios e voc\u00ea s\u00f3 quer aproveitar sua viagem \u00e0 It\u00e1lia sem ter que passar horas a internet? Deixe-nos ajud\u00e1-lo a organizar sua viagem \u00e0 It\u00e1lia.&nbsp;<span style=\"color: #444444; font-family: 'Open Sans', Arial, sans-serif; font-size: 14px; font-style: normal; font-variant-ligatures: normal; font-variant-caps: normal; font-weight: 500; letter-spacing: normal; orphans: 2; text-align: justify; text-indent: 0px; text-transform: none; white-space: normal; widows: 2; word-spacing: 0px; -webkit-text-stroke-width: 0px; background-color: rgba(12, 180, 206, 0.04); text-decoration-thickness: initial; text-decoration-style: initial; text-decoration-color: initial; display: inline !important; float: none;\"> <\/span><\/p>\n<p style=\"text-align: justify;\">Somos uma ag\u00eancia especializada em It\u00e1lia, prestamos-lhe um <strong>servi\u00e7o personalizado e competente gratuito<\/strong>.<\/p>\n<p style=\"text-align: justify;\">Se quiser entrar em contacto com profissionais da educa\u00e7\u00e3o, em vez de apenas com um bot, deixe-nos ajud\u00e1-lo a organizar a sua <em>viagem a It\u00e1lia, que muda a sua vida<\/em>.  <strong>N\u00e3o lhe custar\u00e1 mais e ter\u00e1 uma equipa de profissionais a gui\u00e1-lo<\/strong> na sua selec\u00e7\u00e3o de cursos e a acompanhar cada uma das etapas da sua estadia em It\u00e1lia.<\/p>\n<p style=\"text-align: justify;\">Adoramos conhecer pessoalmente os nossos viajantes e seguir o seu progresso. Se procura cursos de boa qualidade em It\u00e1lia e gostaria de organiz\u00e1-los na perfei\u00e7\u00e3o, Studiainitalia \u00e9 a sua ag\u00eancia para descobrir a verdadeira It\u00e1lia.&nbsp;<span style=\"color: #444444; font-family: 'Open Sans', Arial, sans-serif; font-size: 14px; font-style: normal; font-variant-ligatures: normal; font-variant-caps: normal; font-weight: 500; letter-spacing: normal; orphans: 2; text-align: left; text-indent: 0px; text-transform: none; white-space: normal; widows: 2; word-spacing: 0px; -webkit-text-stroke-width: 0px; background-color: rgba(12, 180, 206, 0.04); text-decoration-thickness: initial; text-decoration-style: initial; text-decoration-color: initial; display: inline !important; float: none;\"><\/span><\/p>\n<p style=\"text-align: justify;\">Garantimos escolas de alta qualidade sem nenhum custo extra: voc\u00ea n\u00e3o ter\u00e1 que pagar mais do que se reservar diretamente com a escola<\/p>\n<p style=\"text-align: justify;\"><strong>S\u00e3o pequenos detalhes que fazem a diferen\u00e7a.<br \/>\n<\/strong><\/p>\n<h2 style=\"text-align: center;\">Nossas destina\u00e7\u00f5es de turismo criativo na It\u00e1lia<\/h2>\n<h2 style=\"text-align: center;\">Nossas destina\u00e7\u00f5es de turismo criativo na It\u00e1lia<\/h2>\n<p><strong>CONSTRUIR SUA VIAGEM DE SONHO COM A AJUDA DE NOSSOS EXPERTOS<\/strong><\/p>\n<p>Conhecimento e experi\u00eancia locais fazem toda a diferen\u00e7a! Quando voc\u00ea cria sua experi\u00eancia com Studiainitalia voc\u00ea trabalha diretamente com nossa equipe internacional de especialistas em turismo criativo na It\u00e1lia. N\u00f3s ajud\u00e1-lo a construir estadas completamente personalizadas na It\u00e1lia apenas para voc\u00ea, sua fam\u00edlia ou seu grupo.   Aprender italiano em It\u00e1lia com Studiainitalia.<\/p>\n<h2 style=\"text-align: center;\">Ofertas Especiais<\/h2>\n<h2 style=\"text-align: center;\">Programa Estrela<\/h2>\n<h2 style=\"text-align: center;\">As nossas especialistas na It\u00e1lia<\/h2>\n<p style=\"text-align: justify;\">Nasc\u00ed e cresc\u00ed em Floren\u00e7a, hoje vivo entre a It\u00e1lia e a Espanha. Em 2005 durante um breve periodo de resid\u00eancia na Nova Zel\u00e2ndia, eu criei a <strong>Studiainitalia<\/strong> a fim de preencher um vazio na organiza\u00e7\u00e3o e promo\u00e7\u00e3o de cursos e viagens culturais para pessoas de todas as idades e com um grande interesse na It\u00e1lia. Minha miss\u00e3o \u00e9 oferecer aos meus clientes um <strong>servi\u00e7o personalizado e profissional<\/strong>, para eles descubrirem os aspectos da cultura, criatividade e tradi\u00e7\u00e3o italiana que eu admiro com muito entusiasmo. Curta a It\u00e1lia conosco!   <\/p>\n<p style=\"text-align: justify;\"><span lang=\"EN\">Nasci na Jord\u00e2nia de pais \u00edtalo-brasileiros, e durante um quarto de s\u00e9culo morei e estudei pelo mundo antes de decidir de me estabelecer na It\u00e1lia. Eu combinei a minha paix\u00e3o pelas viagens com a outra minha obsess\u00e3o: marketing digital. Eu adoro escrever sobre destinos e o <strong>artesanato local, a hist\u00f3ria art\u00edstica e os eventos tradicionais de cada lugar<\/strong>. Minha miss\u00e3o \u00e9 compartilhar dicas sobre como voc\u00ea pode tornar-se um <strong>turista criativo<\/strong>, um artista ou um artes\u00e3o na It\u00e1lia, vivendo experi\u00eancias que v\u00e3o al\u00e9m do cart\u00e3o-postal. Meus pontos fracos: animais de estima\u00e7\u00e3o e gelato!    <\/span><\/p>\n<p style=\"text-align: justify;\">Nascido em Madrid, com sede em Floren\u00e7a. Vivi e estudei design gr\u00e1fico em Londres durante alguns anos antes de me estabelecer em It\u00e1lia em 2000. Quando cheguei a Floren\u00e7a n\u00e3o falava uma palavra de italiano, e queria estudar arte para encontrar um lugar para fazer ambas as coisas n\u00e3o era f\u00e1cil, uma vez que na altura n\u00e3o havia ag\u00eancias como a Studiainitalia. Foi por isso que quando Studiainitalia me pediu para os representar, n\u00e3o hesitei. A minha miss\u00e3o \u00e9 representar Studiainitalia, visitando estudantes e falando com eles sobre as suas experi\u00eancias. Adoro conhecer estudantes de todo o mundo. Espero v\u00ea-lo por a\u00ed em breve!<\/p>\n<h2 style=\"text-align: center;\">As nossas especialistas na It\u00e1lia<\/h2>\n<p style=\"text-align: justify;\">Nasc\u00ed e cresc\u00ed em Floren\u00e7a, hoje vivo entre a It\u00e1lia e a Espanha. Em 2005 durante um breve periodo de resid\u00eancia na Nova Zel\u00e2ndia, eu criei a <strong>Studiainitalia<\/strong> a fim de preencher um vazio na organiza\u00e7\u00e3o e promo\u00e7\u00e3o de cursos e viagens culturais para pessoas de todas as idades e com um grande interesse na It\u00e1lia. Minha miss\u00e3o \u00e9 oferecer aos meus clientes um <strong>servi\u00e7o personalizado e profissional<\/strong>, para eles descubrirem os aspectos da cultura, criatividade e tradi\u00e7\u00e3o italiana que eu admiro com muito entusiasmo. Curta a It\u00e1lia conosco!   <\/p>\n<p style=\"text-align: justify;\"><span lang=\"EN\">Nasci na Jord\u00e2nia de pais \u00edtalo-brasileiros, e durante um quarto de s\u00e9culo morei e estudei pelo mundo antes de decidir de me estabelecer na It\u00e1lia. Eu combinei a minha paix\u00e3o pelas viagens com a outra minha obsess\u00e3o: marketing digital. Eu adoro escrever sobre destinos e o <strong>artesanato local, a hist\u00f3ria art\u00edstica e os eventos tradicionais de cada lugar<\/strong>. Minha miss\u00e3o \u00e9 compartilhar dicas sobre como voc\u00ea pode tornar-se um <strong>turista criativo<\/strong>, um artista ou um artes\u00e3o na It\u00e1lia, vivendo experi\u00eancias que v\u00e3o al\u00e9m do cart\u00e3o-postal. Meus pontos fracos: animais de estima\u00e7\u00e3o e gelato!    <\/span><\/p>\n<p style=\"text-align: justify;\">Nascido em Madrid, com sede em Floren\u00e7a. Vivi e estudei design gr\u00e1fico em Londres durante alguns anos antes de me estabelecer em It\u00e1lia em 2000. Quando cheguei a Floren\u00e7a n\u00e3o falava uma palavra de italiano, e queria estudar arte para encontrar um lugar para fazer ambas as coisas n\u00e3o era f\u00e1cil, uma vez que na altura n\u00e3o havia ag\u00eancias como a Studiainitalia. Foi por isso que quando Studiainitalia me pediu para os representar, n\u00e3o hesitei. A minha miss\u00e3o \u00e9 representar Studiainitalia, visitando estudantes e falando com eles sobre as suas experi\u00eancias. Adoro conhecer estudantes de todo o mundo. Espero v\u00ea-lo por a\u00ed em breve! \ud83d\ude42<\/p>\n<h2 style=\"text-align: center;\">O que \u00e9 Studiainitalia?<\/h2>\n<h3 style=\"text-align: center;\"><a href=\"https:\/\/www.studiainitalia.com\/low-prices-guarantee\/\">Garantia de Preco baixo<\/a><\/h3>\n<h4 style=\"text-align: center;color:#0cb4ce!important;font-size: 26px;\">Servi\u00e7o 100% gratuito e personalizado<\/h4>\n<h2 style=\"text-align: center;\">O que \u00e9 Studiainitalia?<\/h2>\n<h3 style=\"text-align: center;\"><a href=\"https:\/\/www.studiainitalia.com\/low-prices-guarantee\/\">Garantia de Preco baixo<\/a><\/h3>\n<h4 style=\"text-align: center;color:#0cb4ce!important;font-size: 26px;\">Servi\u00e7o 100% gratuito e personalizado<\/h4>\n<h2 style=\"text-align: center;\">Conte\u00fados mais recentes do nosso blog<\/h2>\n","protected":false},"excerpt":{"rendered":"<p>Nossos cursos na It\u00e1lia Solicitar uma reuni\u00e3o online Estudar italiano com os nossos cursos na It\u00e1lia Estudar cultura italiana com os nossos cursos em It\u00e1lia Servi\u00e7os exclusivos para voc\u00ea Viaje e aprenda com os especialistas na It\u00e1lia Studiainitalia \u00e9 especializada em turismo criativo e cursos de italiano em It\u00e1lia. S\u00f3 trabalhamos com a It\u00e1lia h\u00e1 [&hellip;]<\/p>\n","protected":false},"author":1,"featured_media":0,"parent":0,"menu_order":33,"comment_status":"closed","ping_status":"open","template":"","meta":{"_acf_changed":false,"_uag_custom_page_level_css":"","_kad_blocks_custom_css":"","_kad_blocks_head_custom_js":"","_kad_blocks_body_custom_js":"","_kad_blocks_footer_custom_js":"","site-sidebar-layout":"default","site-content-layout":"","ast-site-content-layout":"default","site-content-style":"default","site-sidebar-style":"default","ast-global-header-display":"","ast-banner-title-visibility":"","ast-main-header-display":"","ast-hfb-above-header-display":"","ast-hfb-below-header-display":"","ast-hfb-mobile-header-display":"","site-post-title":"","ast-breadcrumbs-content":"","ast-featured-img":"","footer-sml-layout":"","ast-disable-related-posts":"","theme-transparent-header-meta":"","adv-header-id-meta":"","stick-header-meta":"","header-above-stick-meta":"","header-main-stick-meta":"","header-below-stick-meta":"","astra-migrate-meta-layouts":"default","ast-page-background-enabled":"default","ast-page-background-meta":{"desktop":{"background-color":"var(--ast-global-color-4)","background-image":"","background-repeat":"repeat","background-position":"center center","background-size":"auto","background-attachment":"scroll","background-type":"","background-media":"","overlay-type":"","overlay-color":"","overlay-opacity":"","overlay-gradient":""},"tablet":{"background-color":"","background-image":"","background-repeat":"repeat","background-position":"center center","background-size":"auto","background-attachment":"scroll","background-type":"","background-media":"","overlay-type":"","overlay-color":"","overlay-opacity":"","overlay-gradient":""},"mobile":{"background-color":"","background-image":"","background-repeat":"repeat","background-position":"center center","background-size":"auto","background-attachment":"scroll","background-type":"","background-media":"","overlay-type":"","overlay-color":"","overlay-opacity":"","overlay-gradient":""}},"ast-content-background-meta":{"desktop":{"background-color":"var(--ast-global-color-5)","background-image":"","background-repeat":"repeat","background-position":"center center","background-size":"auto","background-attachment":"scroll","background-type":"","background-media":"","overlay-type":"","overlay-color":"","overlay-opacity":"","overlay-gradient":""},"tablet":{"background-color":"var(--ast-global-color-5)","background-image":"","background-repeat":"repeat","background-position":"center center","background-size":"auto","background-attachment":"scroll","background-type":"","background-media":"","overlay-type":"","overlay-color":"","overlay-opacity":"","overlay-gradient":""},"mobile":{"background-color":"var(--ast-global-color-5)","background-image":"","background-repeat":"repeat","background-position":"center center","background-size":"auto","background-attachment":"scroll","background-type":"","background-media":"","overlay-type":"","overlay-color":"","overlay-opacity":"","overlay-gradient":""}},"footnotes":""},"class_list":["post-189503","page","type-page","status-publish","hentry"],"acf":[],"taxonomy_info":[],"featured_image_src_large":false,"author_info":{"display_name":"Javier Diaz","author_link":"https:\/\/www.studiainitalia.com\/pt-br\/author\/studiain_jedv\/"},"comment_info":0,"uagb_featured_image_src":{"full":false,"thumbnail":false,"medium":false,"medium_large":false,"large":false,"1536x1536":false,"2048x2048":false,"ultp_layout_landscape_large":false,"ultp_layout_landscape":false,"ultp_layout_portrait":false,"ultp_layout_square":false,"gform-image-choice-sm":false,"gform-image-choice-md":false,"gform-image-choice-lg":false,"woocommerce_thumbnail":false,"woocommerce_single":false,"woocommerce_gallery_thumbnail":false,"yarpp-thumbnail":false},"uagb_author_info":{"display_name":"Javier Diaz","author_link":"https:\/\/www.studiainitalia.com\/pt-br\/author\/studiain_jedv\/"},"uagb_comment_info":0,"uagb_excerpt":"Nossos cursos na It\u00e1lia Solicitar uma reuni\u00e3o online Estudar italiano com os nossos cursos na It\u00e1lia Estudar cultura italiana com os nossos cursos em It\u00e1lia Servi\u00e7os exclusivos para voc\u00ea Viaje e aprenda com os especialistas na It\u00e1lia Studiainitalia \u00e9 especializada em turismo criativo e cursos de italiano em It\u00e1lia. S\u00f3 trabalhamos com a It\u00e1lia h\u00e1&hellip;","_links":{"self":[{"href":"https:\/\/www.studiainitalia.com\/pt-br\/wp-json\/wp\/v2\/pages\/189503","targetHints":{"allow":["GET"]}}],"collection":[{"href":"https:\/\/www.studiainitalia.com\/pt-br\/wp-json\/wp\/v2\/pages"}],"about":[{"href":"https:\/\/www.studiainitalia.com\/pt-br\/wp-json\/wp\/v2\/types\/page"}],"author":[{"embeddable":true,"href":"https:\/\/www.studiainitalia.com\/pt-br\/wp-json\/wp\/v2\/users\/1"}],"replies":[{"embeddable":true,"href":"https:\/\/www.studiainitalia.com\/pt-br\/wp-json\/wp\/v2\/comments?post=189503"}],"version-history":[{"count":0,"href":"https:\/\/www.studiainitalia.com\/pt-br\/wp-json\/wp\/v2\/pages\/189503\/revisions"}],"wp:attachment":[{"href":"https:\/\/www.studiainitalia.com\/pt-br\/wp-json\/wp\/v2\/media?parent=189503"}],"curies":[{"name":"wp","href":"https:\/\/api.w.org\/{rel}","templated":true}]}}