{"id":189512,"date":"2016-11-21T15:19:48","date_gmt":"2016-11-21T14:19:48","guid":{"rendered":"https:\/\/www.studiainitalia.com\/faq\/"},"modified":"2024-04-11T15:37:55","modified_gmt":"2024-04-11T13:37:55","slug":"faq","status":"publish","type":"page","link":"https:\/\/www.studiainitalia.com\/pt-br\/faq\/","title":{"rendered":"FAQ Estudo no Estrangeiro em It\u00e1lia"},"content":{"rendered":"<style>.wp-block-kadence-advancedheading.kt-adv-heading189512_095665-3d, .wp-block-kadence-advancedheading.kt-adv-heading189512_095665-3d[data-kb-block=\"kb-adv-heading189512_095665-3d\"]{margin-bottom:var(--global-kb-spacing-md, 2rem);font-style:normal;}.wp-block-kadence-advancedheading.kt-adv-heading189512_095665-3d mark.kt-highlight, .wp-block-kadence-advancedheading.kt-adv-heading189512_095665-3d[data-kb-block=\"kb-adv-heading189512_095665-3d\"] mark.kt-highlight{font-style:normal;color:#f76a0c;-webkit-box-decoration-break:clone;box-decoration-break:clone;padding-top:0px;padding-right:0px;padding-bottom:0px;padding-left:0px;}<\/style>\n<h1 class=\"kt-adv-heading189512_095665-3d wp-block-kadence-advancedheading\" data-kb-block=\"kb-adv-heading189512_095665-3d\">FAQ Estudo no Estrangeiro em It\u00e1lia<\/h1>\n\n\n<div id=\"main-content\">\n<article id=\"post-64765\" class=\"post-64765 page type-page status-publish hentry\">\n<div class=\"entry-content\">\n<div class=\"et-l et-l--post\">\n<div class=\"et_builder_inner_content et_pb_gutters3\">\n<div class=\"et_pb_section et_pb_section_0 et_section_regular\">\n<div class=\"et_pb_row et_pb_row_0\">\n<div class=\"et_pb_column et_pb_column_4_4 et_pb_column_0  et_pb_css_mix_blend_mode_passthrough et-last-child\">\n<div class=\"et_pb_module et_pb_text et_pb_text_0  et_pb_text_align_left et_pb_bg_layout_light\">\n<div class=\"et_pb_text_inner\">\n<p>Aqui segue uma lista de perguntas que frequentemente recebemos dos nossos alunos que v\u00eam at\u00e9 n\u00f3s para aprender italiano conosco. Teremos muito prazer em responder-lhe pessoalmente a estas e outras quest\u00f5es relacionadas aos nossos cursos de italiano na It\u00e1lia, outros cursos na It\u00e1lia, est\u00e1gios de trabalho ou uma viagem cultural para a It\u00e1lia. Para isso, por favor, envie-nos um e-mail.<\/p>\n<p>\u00a0<\/p>\n<p><strong>Eu n\u00e3o encontrei na p\u00e1gina web o curso, o estagio ou a viagem na It\u00e1lia que gostaria de fazer. Seria possimvel organizar uma estadia personalizada?<\/strong><\/p>\n<p>Claro, oferecemos outros programas al\u00e9m dos indicados na web. Entre em contato conosco e n\u00f3s vamos ajud\u00e1-lo a organizar o tipo de viagem que voc\u00ea quer para estudar na It\u00e1lia. N\u00f3s oferecemos cursos e viagens sob medida para voc\u00ea.<\/p>\n<p>\u00a0<\/p>\n<p><strong>Porqu\u00ea aprender italiano em It\u00e1lia?<\/strong><\/p>\n<p>O italiano \u00e9 uma l\u00edngua relativamente f\u00e1cil de aprender mas, devido \u00e0 sua semelhan\u00e7a com o portugu\u00eas, \u00e9 mais f\u00e1cil cometer os mesmos erros a toda a hora. Por esta raz\u00e3o, fazer um curso de italiano em It\u00e1lia \u00e9 a melhor maneira de realmente falar italiano.<\/p>\n<p>\u00a0<\/p>\n<p><strong>Onde \u00e9 melhor estudar italiano em It\u00e1lia?<\/strong><\/p>\n<p>Na It\u00e1lia pode encontrar diferentes escolas de l\u00edngua italiana em todo o pa\u00eds. Seleccion\u00e1mos pessoalmente para si os melhores de acordo com os seguintes crit\u00e9rios:<\/p>\n<ul>\n<li>profissionalismo<\/li>\n<li>seriedade<\/li>\n<li>aspecto humano<\/li>\n<li>As nossas escolas oferecem um servi\u00e7o personalizado<\/li>\n<li>Nossas escolas s\u00e3o reconhecidas oficialmente e pertencem \u00e0s escolas Asils, Dante Alighieri ou Licet.<\/li>\n<\/ul>\n<p><strong>\u00a0<\/strong><\/p>\n<p><strong>Porqu\u00ea escolher um curso em It\u00e1lia com Studiainitalia?<\/strong><\/p>\n<p>Com tantos cursos dispon\u00edveis na Internet, deixe-nos gui\u00e1-lo na escolha da melhor op\u00e7\u00e3o.<\/p>\n<ul>\n<li>N\u00e3o vai custar mais caro, garantimos o menor pre\u00e7o sem nenhum extra: voc\u00ea n\u00e3o ter\u00e1 que pagar mais do que se reservar diretamente com a escola.<\/li>\n<\/ul>\n<ul>\n<li>Voc\u00ea ter\u00e1 uma equipe que o ajudar\u00e1: antes de sua viagem, durante sua estada na It\u00e1lia, mesmo pessoalmente e depois de &#8230;. manteremos contato com voc\u00ea e voc\u00ea far\u00e1 parte de nossa comunidade de amantes da cultura italiana e da l\u00edngua italiana!<\/li>\n<\/ul>\n<ul>\n<li>Beneficie-se de nossos 20 anos de experi\u00eancia dedicados exclusivamente a cursos na It\u00e1lia.<\/li>\n<\/ul>\n<ul>\n<li>Somos a \u00fanica ag\u00eancia de viagens de idiomas que oferece a It\u00e1lia como um \u00fanico destino<\/li>\n<li>Voc\u00ea ainda n\u00e3o est\u00e1 convencido? Leia as avalia\u00e7\u00f5es\u00a0de nossos clientes de todo o mundo<\/li>\n<\/ul>\n<\/div>\n<p>\u00a0<\/p>\n<p><strong>\u00c9 poss\u00edvel realizar um curso de mais de 4 semanas?<\/strong><\/p>\n<p>Claro que sim! Voc\u00ea pode fazer um curso com um m\u00ednimo de uma semana at\u00e9 um m\u00e1ximo de 48 semanas<\/p>\n<p>\u00a0<\/p>\n<p><strong>Todos os n\u00edveis de italiano est\u00e3o dispon\u00edveis? Como saberei qual \u00e9 o meu n\u00edvel?<\/strong><\/p>\n<p>Todas as nossas escolas de italiano t\u00eam programas baseados no Quadro Europeu de Refer\u00eancia para L\u00ednguas que oferecem os seguintes n\u00edveis: a1, a2, b1, b2, c1, c2<\/p>\n<p>Voc\u00ea ter\u00e1 que fazer um teste de n\u00edvel escrito e oral antes do in\u00edcio do curso e ser\u00e1 colocado no grupo que corresponde a voc\u00ea.<\/p>\n<p>\u00a0<\/p>\n<p><strong>O que acontece se o grupo do meu n\u00edvel n\u00e3o for aberto?<\/strong><\/p>\n<p>Normalmente, todos os n\u00edveis s\u00e3o oferecidos, mas se a escola n\u00e3o puder oferecer elei\u00e7\u00f5es em grupo, ser\u00e3o oferecidas aulas particulares e o n\u00famero de horas ser\u00e1 reduzido<\/p>\n<div class=\"et_pb_text_inner\">\n<p>\u00a0<\/p>\n<p><strong>O qu\u00e9 esta inclu\u00eddo em nossos precos? <\/strong><\/p>\n<p>Studiainitalia oferece um servi\u00e7o gratuito, personalizado e competente. Vamos orient\u00e1-lo na sua escolha do curso, escola ou cidade mais adequada gratuitamente. Voc\u00ea n\u00e3o pagar\u00e1 mais do que reservar diretamente nas escolas. A taxa de matr\u00edcula escolar est\u00e1 sempre inclu\u00edda em nossos pre\u00e7os publicados. Se voc\u00ea encontrar o mesmo curso por menos, entre em contato conosco.<\/p>\n<p>\u00a0<\/p>\n<p><strong>O que inclui a administra\u00e7\u00e3o opcional STAR de Studiainitalia?<\/strong><\/p>\n<p>Studiainitalia Star Programme \u00e9 indicado a todos os nossos clientes que desejam contratar nosso telefone de <span id=\"result_box\" class=\"short_text\" lang=\"pt\">emerg\u00eancia e <\/span>assist\u00eancia durante sua estadia. H\u00e1 uma validade de 12 meses, a partir do dia de in\u00edcio do primeiro curso na It\u00e1lia.<\/p>\n<p>Os membros do Star Programme v\u00e3o receber descontos (5%-10%) ao realizar um segundo ou terceiro curso conosco, que tamb\u00e9m podem passar a familiares ou amigos.<\/p>\n<p>\u00a0<\/p>\n<p><strong>\u00c9 aconselh\u00e1vel fazer um seguro total?<\/strong><\/p>\n<p>Oferecemos a possibilidade de fazer o seguro europeu que lhe convier. Para mais informa\u00e7\u00f5es, entre em contato com Studiainitalia.<\/p>\n<p>\u00a0<\/p>\n<p><strong>Como devo fazer para me inscrever?<\/strong><\/p>\n<p>Quando tiver escolhido o seu programa na It\u00e1lia, por favor acrescente-o ao seu carrinho e proceda com a ficha de inscri\u00e7\u00e3o. Processaremos o seu pedido assim que recebermos seu dep\u00f3sito (150\u20ac ou de 300 \u20ac para curso e alojamento; sobretaxa para pagamentos com Stripe-cart\u00e3o de cr\u00e9dito ou Paypal). Uma vez aprovado o seu pedido, vamos enviar-lhe sua confirma\u00e7\u00e3o de reserva e instru\u00e7\u00f5es para completar seu pagamento.<\/p>\n<p>\u00a0<\/p>\n<p><span id=\"result_box\" lang=\"en\"><span title=\"\u00bfEl material did\u00e1ctico va incluido en el coste del curso? \"><strong>Que tipo de informa\u00e7\u00e3o \u00e9 \u00fatil se saber antes da minha viagem para a It\u00e1lia?<\/strong><\/span><\/span><\/p>\n<p><span title=\"s\u00ec, a no ser de que expresamente indicado en nuestra web o en tu hoja de confirmaci\u00f3n de la reserva \">Studiainitalia vai dar todas as informa\u00e7\u00f5es necess\u00e1rias sobre o pa\u00eds e sobre a cidade que voc\u00ea escolheu assim como conselhos \u00fateis para voc\u00ea aprender italiano e obter o maior aproveitamento da sua estadia na It\u00e1lia.<\/span><\/p>\n<p>\u00a0<\/p>\n<p><span title=\"\u00bfPuedo solicitar el visado para entrar en Italia a trav\u00e9s de Studiainitalia? \"><strong>O material did\u00e1tico est\u00e1 inclu\u00eddo no pre\u00e7o do curso?<\/strong><\/span><\/p>\n<p><span title=\"Si necesitas el visado para entrar en Italia te enviamos los documentos necesarios para solicitar el visado en la embajada italiana en tu pa\u00eds.\">Sim est\u00e1, a n\u00e3o ser que esteja indicado por escrito no nosso site ou na sua confirma\u00e7\u00e3o de reserva.<\/span><\/p>\n<p>\u00a0<\/p>\n<p><span title=\"\u00bfC\u00f3mo puedo elegir el alojamiento? \"><strong>Como posso escolher a acomoda\u00e7\u00e3o?<\/strong><\/span><\/p>\n<p><span title=\"Generalmente la mejor opci\u00f3n calidad-precio es vivir en un piso compartido con personas italianas.\">Geralmente a melhor op\u00e7\u00e3o qualidade-pre\u00e7o \u00e9 ficar em um apartamento dividido com pessoas italianas. Voc\u00ea tem o seu quarto e compartilha os outros c\u00f4modos em comum da casa, como a cozinha e o banheiro.<\/span><\/p>\n<p>Tamb\u00e9m se pode se reservar hot\u00e9is ou pequenos apartamentos individuais, os pre\u00e7os variam dependendo da \u00e9poca do ano. Os apartamentos sao alocados 20 d\u00edas antes da partida.<\/p>\n<p>Aqui mais info: <a href=\"https:\/\/www.studiainitalia.com\/pt-br\/alojamento\/\">Alojamento &#8211; Studiainitalia | Study Abroad In Italy<\/a><\/p>\n<p>\u00a0<\/p>\n<p><span title=\"\u00bf los gastos de los pisos van incluidos en el precio del alojamiento? \"><strong>As contas dos apartamentos est\u00e3o inclu\u00eddas no pre\u00e7o da acomoda\u00e7\u00e3o?<\/strong><\/span><\/p>\n<p><span title=\"Los gastos de agua, gaz, luz, calefacci\u00f3n van incluidos.\">As contas de \u00e1gua, g\u00e1s, eletricidade e aquecimento est\u00e3o inclu\u00eddas. \u00c0s vezes as fam\u00edlias pedem um pagamento extra para o uso de internet ou da m\u00e1quina de lavar roupas; a informa\u00e7\u00e3o detalhada vai estar na sua documenta\u00e7\u00e3o de viagem.<\/span><\/p>\n<p><span title=\"en algunas ciudades las toallas no van incluidas. \">Em algumas cidades as toalhas n\u00e3o est\u00e3o inclu\u00eddas.<\/span><\/p>\n<p>\u00a0<\/p>\n<p><strong>Vistos para It\u00e1lia<\/strong><\/p>\n<p>Se voc\u00ea precisa de um visto para a sua estadia na It\u00e1lia, voc\u00ea precisa se inscrever no curso com 3 meses de anteced\u00eancia e especifica-lo no seu cadastro.<\/p>\n<p>Dependendo da dura\u00e7\u00e3o do seu curso, algumas escolas exigem o pagamento integral antes do in\u00edcio do curso. Em qualquer caso, iremos inform\u00e1-lo sobre os processos a serem seguidos para seu pedido de visto.<\/p>\n<p>Para mais info:\u00a0 esteri.it e aqui: <a href=\"https:\/\/www.studiainitalia.com\/pt-br\/visto\/\">Visto &#8211; Studiainitalia | Study Abroad In Italy<\/a><\/p>\n<p>\u00a0<\/p>\n<p><span id=\"result_box\" lang=\"en\"><span title=\"\u00bfTienes m\u00e1s preguntas? \"><strong>Tem mais preguntas?<\/strong><\/span><\/span><\/p>\n<p><span title=\"Cont\u00e1ctanos a info@studiainitalia.com\">Entre em contacto conosco pelo\u00a0 <a href=\"https:\/\/www.studiainitalia.com\/pt-br\/contato\/\">info@studiainitalia.com<\/a><\/span><\/p>\n<\/div>\n<\/div>\n<\/div>\n<\/div>\n<\/div>\n<\/div>\n<\/div>\n<\/div>\n<\/article>\n<\/div>\n<p style=\"text-align: justify;\">\u00a0<\/p>","protected":false},"excerpt":{"rendered":"<p>FAQ Estudo no Estrangeiro em It\u00e1lia Aqui segue uma lista de perguntas que frequentemente recebemos dos nossos alunos que v\u00eam at\u00e9 n\u00f3s para aprender italiano conosco. Teremos muito prazer em responder-lhe pessoalmente a estas e outras quest\u00f5es relacionadas aos nossos cursos de italiano na It\u00e1lia, outros cursos na It\u00e1lia, est\u00e1gios de trabalho ou uma viagem [&hellip;]<\/p>\n","protected":false},"author":1,"featured_media":0,"parent":0,"menu_order":99,"comment_status":"closed","ping_status":"closed","template":"","meta":{"_acf_changed":false,"_uag_custom_page_level_css":"","_kad_blocks_custom_css":"","_kad_blocks_head_custom_js":"","_kad_blocks_body_custom_js":"","_kad_blocks_footer_custom_js":"","site-sidebar-layout":"default","site-content-layout":"default","ast-site-content-layout":"default","site-content-style":"default","site-sidebar-style":"default","ast-global-header-display":"","ast-banner-title-visibility":"","ast-main-header-display":"","ast-hfb-above-header-display":"","ast-hfb-below-header-display":"","ast-hfb-mobile-header-display":"","site-post-title":"","ast-breadcrumbs-content":"","ast-featured-img":"","footer-sml-layout":"","ast-disable-related-posts":"","theme-transparent-header-meta":"default","adv-header-id-meta":"","stick-header-meta":"default","header-above-stick-meta":"","header-main-stick-meta":"","header-below-stick-meta":"","astra-migrate-meta-layouts":"set","ast-page-background-enabled":"default","ast-page-background-meta":{"desktop":{"background-color":"var(--ast-global-color-4)","background-image":"","background-repeat":"repeat","background-position":"center center","background-size":"auto","background-attachment":"scroll","background-type":"","background-media":"","overlay-type":"","overlay-color":"","overlay-opacity":"","overlay-gradient":""},"tablet":{"background-color":"","background-image":"","background-repeat":"repeat","background-position":"center center","background-size":"auto","background-attachment":"scroll","background-type":"","background-media":"","overlay-type":"","overlay-color":"","overlay-opacity":"","overlay-gradient":""},"mobile":{"background-color":"","background-image":"","background-repeat":"repeat","background-position":"center center","background-size":"auto","background-attachment":"scroll","background-type":"","background-media":"","overlay-type":"","overlay-color":"","overlay-opacity":"","overlay-gradient":""}},"ast-content-background-meta":{"desktop":{"background-color":"var(--ast-global-color-5)","background-image":"","background-repeat":"repeat","background-position":"center center","background-size":"auto","background-attachment":"scroll","background-type":"","background-media":"","overlay-type":"","overlay-color":"","overlay-opacity":"","overlay-gradient":""},"tablet":{"background-color":"var(--ast-global-color-5)","background-image":"","background-repeat":"repeat","background-position":"center center","background-size":"auto","background-attachment":"scroll","background-type":"","background-media":"","overlay-type":"","overlay-color":"","overlay-opacity":"","overlay-gradient":""},"mobile":{"background-color":"var(--ast-global-color-5)","background-image":"","background-repeat":"repeat","background-position":"center center","background-size":"auto","background-attachment":"scroll","background-type":"","background-media":"","overlay-type":"","overlay-color":"","overlay-opacity":"","overlay-gradient":""}},"footnotes":""},"class_list":["post-189512","page","type-page","status-publish","hentry"],"acf":[],"taxonomy_info":[],"featured_image_src_large":false,"author_info":{"display_name":"Javier Diaz","author_link":"https:\/\/www.studiainitalia.com\/pt-br\/author\/studiain_jedv\/"},"comment_info":0,"uagb_featured_image_src":{"full":false,"thumbnail":false,"medium":false,"medium_large":false,"large":false,"1536x1536":false,"2048x2048":false,"ultp_layout_landscape_large":false,"ultp_layout_landscape":false,"ultp_layout_portrait":false,"ultp_layout_square":false,"gform-image-choice-sm":false,"gform-image-choice-md":false,"gform-image-choice-lg":false,"woocommerce_thumbnail":false,"woocommerce_single":false,"woocommerce_gallery_thumbnail":false,"yarpp-thumbnail":false},"uagb_author_info":{"display_name":"Javier Diaz","author_link":"https:\/\/www.studiainitalia.com\/pt-br\/author\/studiain_jedv\/"},"uagb_comment_info":0,"uagb_excerpt":"FAQ Estudo no Estrangeiro em It\u00e1lia Aqui segue uma lista de perguntas que frequentemente recebemos dos nossos alunos que v\u00eam at\u00e9 n\u00f3s para aprender italiano conosco. Teremos muito prazer em responder-lhe pessoalmente a estas e outras quest\u00f5es relacionadas aos nossos cursos de italiano na It\u00e1lia, outros cursos na It\u00e1lia, est\u00e1gios de trabalho ou uma viagem&hellip;","_links":{"self":[{"href":"https:\/\/www.studiainitalia.com\/pt-br\/wp-json\/wp\/v2\/pages\/189512","targetHints":{"allow":["GET"]}}],"collection":[{"href":"https:\/\/www.studiainitalia.com\/pt-br\/wp-json\/wp\/v2\/pages"}],"about":[{"href":"https:\/\/www.studiainitalia.com\/pt-br\/wp-json\/wp\/v2\/types\/page"}],"author":[{"embeddable":true,"href":"https:\/\/www.studiainitalia.com\/pt-br\/wp-json\/wp\/v2\/users\/1"}],"replies":[{"embeddable":true,"href":"https:\/\/www.studiainitalia.com\/pt-br\/wp-json\/wp\/v2\/comments?post=189512"}],"version-history":[{"count":0,"href":"https:\/\/www.studiainitalia.com\/pt-br\/wp-json\/wp\/v2\/pages\/189512\/revisions"}],"wp:attachment":[{"href":"https:\/\/www.studiainitalia.com\/pt-br\/wp-json\/wp\/v2\/media?parent=189512"}],"curies":[{"name":"wp","href":"https:\/\/api.w.org\/{rel}","templated":true}]}}