{"id":191582,"date":"2022-09-29T10:32:12","date_gmt":"2022-09-29T08:32:12","guid":{"rendered":"https:\/\/www.studiainitalia.com\/?page_id=191582"},"modified":"2026-02-12T16:37:40","modified_gmt":"2026-02-12T15:37:40","slug":"cursos-de-italiano-online","status":"publish","type":"page","link":"https:\/\/www.studiainitalia.com\/pt-br\/estudar-na-italia\/cursos-de-italiano-online\/","title":{"rendered":"Cursos Online"},"content":{"rendered":"\n<div class=\"wp-block-columns alignfull has-ast-global-color-2-background-color has-background is-layout-flex wp-container-core-columns-is-layout-c6bc58be wp-block-columns-is-layout-flex\" style=\"padding-top:0px;padding-right:0px;padding-bottom:0px;padding-left:0px\">\n<div class=\"wp-block-column is-layout-flow wp-block-column-is-layout-flow\" style=\"flex-basis:60%\">\n<div class=\"wp-block-cover alignfull is-light\" style=\"min-height:780px;aspect-ratio:unset;\"><img decoding=\"async\" width=\"844\" height=\"546\" class=\"wp-block-cover__image-background wp-image-94503\" alt=\"\" src=\"https:\/\/www.studiainitalia.com\/wp-content\/uploads\/2022\/09\/webinar_jpg.jpg\" data-object-fit=\"cover\" title=\"\" srcset=\"https:\/\/www.studiainitalia.com\/wp-content\/uploads\/2022\/09\/webinar_jpg.jpg 844w, https:\/\/www.studiainitalia.com\/wp-content\/uploads\/2022\/09\/webinar_jpg-768x497.jpg 768w, https:\/\/www.studiainitalia.com\/wp-content\/uploads\/2022\/09\/webinar_jpg-400x259.jpg 400w\" sizes=\"(max-width: 844px) 100vw, 844px\" \/><span aria-hidden=\"true\" class=\"wp-block-cover__background has-background-dim\"><\/span><div class=\"wp-block-cover__inner-container is-layout-flow wp-block-cover-is-layout-flow\">\n<h1 class=\"wp-block-heading has-text-align-center\" style=\"font-size:35px\">Nossos cursos online<\/h1>\n<\/div><\/div>\n<\/div>\n\n\n\n<div class=\"wp-block-column is-layout-flow wp-block-column-is-layout-flow\" style=\"padding-top:6%;padding-right:6%;padding-bottom:6%;padding-left:6%;flex-basis:40%\"><div  class=\"wp-block-ultimate-post-heading ultp-block-2cce16\"><div class=\"ultp-block-wrapper\"><div class=\"ultp-heading-wrap ultp-heading-style9 ultp-heading-left\"><h2 class=\"ultp-heading-inner\"><span>CURSOS ONLINE<\/span><\/h2><\/div><\/div><\/div>\n\n\n<p><strong>Cursos de italiano online<\/strong><\/p>\n\n\n\n<p style=\"padding-top:var(--wp--preset--spacing--20);padding-right:var(--wp--preset--spacing--20);padding-bottom:var(--wp--preset--spacing--20);padding-left:var(--wp--preset--spacing--20)\"><\/p>\n\n\n\n<p><strong>Ainda n\u00e3o pode viajar para a It\u00e1lia, mas quer estudar italiano?&nbsp;<\/strong>Acreditamos que voc\u00ea deve&nbsp;<em>aprender viajando, tocando, degustando e cheirando<\/em>, mas tamb\u00e9m oferecemos algumas atividades online. Para que voc\u00ea descubra a&nbsp;<strong>qualidade<\/strong>&nbsp;dos nossos cursos.<\/p>\n\n\n\n<p style=\"padding-top:var(--wp--preset--spacing--20);padding-right:var(--wp--preset--spacing--20);padding-bottom:var(--wp--preset--spacing--20);padding-left:var(--wp--preset--spacing--20)\"><\/p>\n\n\n\n<p>N\u00f3s oferecemos alguns cursos online, n\u00e3o podemos oferecer todos, mas se voc\u00ea quiser&nbsp;<em>estudar italiano, aprender hist\u00f3ria da arte italiana<\/em>&nbsp;ou&nbsp;<em>fazer sapatos<\/em>, voc\u00ea tamb\u00e9m pode fazer em sua casa com nossos cursos de italiano online, arte e artesanato.<\/p>\n\n\n\n<p style=\"padding-top:var(--wp--preset--spacing--20);padding-right:0;padding-bottom:var(--wp--preset--spacing--20);padding-left:0\"><\/p>\n\n\n\n<p><strong>Voc\u00ea n\u00e3o encontra o curso que procura?&nbsp;<\/strong>Se encontrar algum dos nossos cursos que tenha interesse em fazer, informe-nos e veremos se \u00e9 poss\u00edvel organiz\u00e1-lo online.<\/p>\n\n\n\n<p style=\"padding-top:var(--wp--preset--spacing--20);padding-right:var(--wp--preset--spacing--20);padding-bottom:var(--wp--preset--spacing--20);padding-left:var(--wp--preset--spacing--20)\"><\/p>\n\n\n\n<p>E quando voc\u00ea terminar seu curso online \u2026<strong>&nbsp;estaremos esperando por voc\u00ea na It\u00e1lia!<\/strong><\/p>\n<\/div>\n<\/div>\n\n\n<div  class=\"wp-block-ultimate-post-heading ultp-block-74c754\"><div class=\"ultp-block-wrapper\"><div class=\"ultp-heading-wrap ultp-heading-style9 ultp-heading-center\"><h2 class=\"ultp-heading-inner\"><span>Escolha o seu curso online<\/span><\/h2><\/div><\/div><\/div>\n\n<div class=\"wopb-shortcode\" data-postid=\"95402\"><div  class=\"wp-block-product-blocks-product-grid-1 wopb-block-61b818 \"><div class=\"wopb-block-wrapper\"><div class=\"wopb-wrapper-main-content\"><div class=\"wopb-block-items-wrap wopb-block-row wopb-block-column-3\"><div class=\"wopb-block-item \"><div class=\"wopb-block-content-wrap\"><div class=\"wopb-block-image wopb-block-image-none\"><div class=\"wopb-product-new-meta\"><\/div><a href=\"https:\/\/www.studiainitalia.com\/pt-br\/cursos\/cursos-online\/curso-de-renascenca-arte-historia\/\"><img decoding=\"async\" src=\"https:\/\/www.studiainitalia.com\/wp-content\/uploads\/2020\/10\/foto-curso-on-line-florencia-300x300.jpg\" alt=\"Curso de Hist\u00f3ria da Arte Renascen\u00e7a Online\" title=\"\"><\/a><\/div><h3 class=\"wopb-block-title\"><a title=\"Curso de Hist\u00f3ria da Arte Renascen\u00e7a Online\"  href=\"https:\/\/www.studiainitalia.com\/pt-br\/cursos\/cursos-online\/curso-de-renascenca-arte-historia\/\">Curso de Hist\u00f3ria da Arte Renascen\u00e7a Online<\/a><\/h3><div class=\"wopb-product-price\"><span class=\"woocommerce-Price-amount amount\"><bdi>450<span class=\"woocommerce-Price-currencySymbol\">&euro;<\/span><\/bdi><\/span><\/div><div class=\"wopb-star-rating\"><span style=\"width: 100%\"><strong itemprop=\"ratingValue\" class=\"wopb-rating\">5.00<\/strong>out of 5<\/span><\/div><\/div><\/div><div class=\"wopb-block-item \"><div class=\"wopb-block-content-wrap\"><div class=\"wopb-block-image wopb-block-image-none\"><div class=\"wopb-product-new-meta\"><\/div><a href=\"https:\/\/www.studiainitalia.com\/pt-br\/cursos\/cursos-de-italiano-em-italia\/cursos-de-italiano-online\/\"><img decoding=\"async\" src=\"https:\/\/www.studiainitalia.com\/wp-content\/uploads\/2024\/10\/laptop-2838917_1280-300x300.jpg\" alt=\"Curso de italiano online\" title=\"\"><\/a><\/div><h3 class=\"wopb-block-title\"><a title=\"Curso de italiano online\"  href=\"https:\/\/www.studiainitalia.com\/pt-br\/cursos\/cursos-de-italiano-em-italia\/cursos-de-italiano-online\/\">Curso de italiano online<\/a><\/h3><div class=\"wopb-product-price\"><span class=\"woocommerce-Price-amount amount\"><bdi>290<span class=\"woocommerce-Price-currencySymbol\">&euro;<\/span><\/bdi><\/span><\/div><div class=\"wopb-star-rating\"><span style=\"width: 0%\"><strong itemprop=\"ratingValue\" class=\"wopb-rating\">0<\/strong>out of 5<\/span><\/div><\/div><\/div><\/div><\/div><\/div><\/div><\/div>\n","protected":false},"excerpt":{"rendered":"<p>Cursos de italiano online Ainda n\u00e3o pode viajar para a It\u00e1lia, mas quer estudar italiano?&nbsp;Acreditamos que voc\u00ea deve&nbsp;aprender viajando, tocando, degustando e cheirando, mas tamb\u00e9m oferecemos algumas atividades online. Para que voc\u00ea descubra a&nbsp;qualidade&nbsp;dos nossos cursos. N\u00f3s oferecemos alguns cursos online, n\u00e3o podemos oferecer todos, mas se voc\u00ea quiser&nbsp;estudar italiano, aprender hist\u00f3ria da arte italiana&nbsp;ou&nbsp;fazer [&hellip;]<\/p>\n","protected":false},"author":132,"featured_media":130979,"parent":187935,"menu_order":61,"comment_status":"closed","ping_status":"closed","template":"","meta":{"_acf_changed":false,"_uag_custom_page_level_css":"","_kad_blocks_custom_css":"","_kad_blocks_head_custom_js":"","_kad_blocks_body_custom_js":"","_kad_blocks_footer_custom_js":"","site-sidebar-layout":"default","site-content-layout":"","ast-site-content-layout":"default","site-content-style":"default","site-sidebar-style":"default","ast-global-header-display":"","ast-banner-title-visibility":"","ast-main-header-display":"","ast-hfb-above-header-display":"","ast-hfb-below-header-display":"","ast-hfb-mobile-header-display":"","site-post-title":"disabled","ast-breadcrumbs-content":"","ast-featured-img":"","footer-sml-layout":"","ast-disable-related-posts":"","theme-transparent-header-meta":"","adv-header-id-meta":"","stick-header-meta":"","header-above-stick-meta":"","header-main-stick-meta":"","header-below-stick-meta":"","astra-migrate-meta-layouts":"set","ast-page-background-enabled":"default","ast-page-background-meta":{"desktop":{"background-color":"var(--ast-global-color-4)","background-image":"","background-repeat":"repeat","background-position":"center center","background-size":"auto","background-attachment":"scroll","background-type":"","background-media":"","overlay-type":"","overlay-color":"","overlay-opacity":"","overlay-gradient":""},"tablet":{"background-color":"","background-image":"","background-repeat":"repeat","background-position":"center center","background-size":"auto","background-attachment":"scroll","background-type":"","background-media":"","overlay-type":"","overlay-color":"","overlay-opacity":"","overlay-gradient":""},"mobile":{"background-color":"","background-image":"","background-repeat":"repeat","background-position":"center center","background-size":"auto","background-attachment":"scroll","background-type":"","background-media":"","overlay-type":"","overlay-color":"","overlay-opacity":"","overlay-gradient":""}},"ast-content-background-meta":{"desktop":{"background-color":"var(--ast-global-color-5)","background-image":"","background-repeat":"repeat","background-position":"center center","background-size":"auto","background-attachment":"scroll","background-type":"","background-media":"","overlay-type":"","overlay-color":"","overlay-opacity":"","overlay-gradient":""},"tablet":{"background-color":"var(--ast-global-color-5)","background-image":"","background-repeat":"repeat","background-position":"center center","background-size":"auto","background-attachment":"scroll","background-type":"","background-media":"","overlay-type":"","overlay-color":"","overlay-opacity":"","overlay-gradient":""},"mobile":{"background-color":"var(--ast-global-color-5)","background-image":"","background-repeat":"repeat","background-position":"center center","background-size":"auto","background-attachment":"scroll","background-type":"","background-media":"","overlay-type":"","overlay-color":"","overlay-opacity":"","overlay-gradient":""}},"footnotes":""},"class_list":["post-191582","page","type-page","status-publish","has-post-thumbnail","hentry"],"acf":[],"taxonomy_info":[],"featured_image_src_large":["https:\/\/www.studiainitalia.com\/wp-content\/uploads\/2021\/03\/webinar.jpg",844,546,false],"author_info":{"display_name":"Jordi Torres","author_link":"https:\/\/www.studiainitalia.com\/pt-br\/author\/creativa\/"},"comment_info":0,"uagb_featured_image_src":{"full":["https:\/\/www.studiainitalia.com\/wp-content\/uploads\/2021\/03\/webinar.jpg",844,546,false],"thumbnail":["https:\/\/www.studiainitalia.com\/wp-content\/uploads\/2021\/03\/webinar.jpg",128,83,false],"medium":["https:\/\/www.studiainitalia.com\/wp-content\/uploads\/2021\/03\/webinar.jpg",844,546,false],"medium_large":["https:\/\/www.studiainitalia.com\/wp-content\/uploads\/2021\/03\/webinar-768x497.jpg",768,497,true],"large":["https:\/\/www.studiainitalia.com\/wp-content\/uploads\/2021\/03\/webinar.jpg",844,546,false],"1536x1536":["https:\/\/www.studiainitalia.com\/wp-content\/uploads\/2021\/03\/webinar.jpg",844,546,false],"2048x2048":["https:\/\/www.studiainitalia.com\/wp-content\/uploads\/2021\/03\/webinar.jpg",844,546,false],"ultp_layout_landscape_large":["https:\/\/www.studiainitalia.com\/wp-content\/uploads\/2021\/03\/webinar.jpg",844,546,false],"ultp_layout_landscape":["https:\/\/www.studiainitalia.com\/wp-content\/uploads\/2021\/03\/webinar.jpg",844,546,false],"ultp_layout_portrait":["https:\/\/www.studiainitalia.com\/wp-content\/uploads\/2021\/03\/webinar.jpg",600,388,false],"ultp_layout_square":["https:\/\/www.studiainitalia.com\/wp-content\/uploads\/2021\/03\/webinar.jpg",600,388,false],"gform-image-choice-sm":["https:\/\/www.studiainitalia.com\/wp-content\/uploads\/2021\/03\/webinar.jpg",300,194,false],"gform-image-choice-md":["https:\/\/www.studiainitalia.com\/wp-content\/uploads\/2021\/03\/webinar.jpg",400,259,false],"gform-image-choice-lg":["https:\/\/www.studiainitalia.com\/wp-content\/uploads\/2021\/03\/webinar.jpg",600,388,false],"woocommerce_thumbnail":["https:\/\/www.studiainitalia.com\/wp-content\/uploads\/2021\/03\/webinar-300x300.jpg",300,300,true],"woocommerce_single":["https:\/\/www.studiainitalia.com\/wp-content\/uploads\/2021\/03\/webinar-400x259.jpg",400,259,true],"woocommerce_gallery_thumbnail":["https:\/\/www.studiainitalia.com\/wp-content\/uploads\/2021\/03\/webinar-100x100.jpg",100,100,true],"yarpp-thumbnail":["https:\/\/www.studiainitalia.com\/wp-content\/uploads\/2021\/03\/webinar-120x120.jpg",120,120,true]},"uagb_author_info":{"display_name":"Jordi Torres","author_link":"https:\/\/www.studiainitalia.com\/pt-br\/author\/creativa\/"},"uagb_comment_info":0,"uagb_excerpt":"Cursos de italiano online Ainda n\u00e3o pode viajar para a It\u00e1lia, mas quer estudar italiano?&nbsp;Acreditamos que voc\u00ea deve&nbsp;aprender viajando, tocando, degustando e cheirando, mas tamb\u00e9m oferecemos algumas atividades online. Para que voc\u00ea descubra a&nbsp;qualidade&nbsp;dos nossos cursos. N\u00f3s oferecemos alguns cursos online, n\u00e3o podemos oferecer todos, mas se voc\u00ea quiser&nbsp;estudar italiano, aprender hist\u00f3ria da arte italiana&nbsp;ou&nbsp;fazer&hellip;","_links":{"self":[{"href":"https:\/\/www.studiainitalia.com\/pt-br\/wp-json\/wp\/v2\/pages\/191582","targetHints":{"allow":["GET"]}}],"collection":[{"href":"https:\/\/www.studiainitalia.com\/pt-br\/wp-json\/wp\/v2\/pages"}],"about":[{"href":"https:\/\/www.studiainitalia.com\/pt-br\/wp-json\/wp\/v2\/types\/page"}],"author":[{"embeddable":true,"href":"https:\/\/www.studiainitalia.com\/pt-br\/wp-json\/wp\/v2\/users\/132"}],"replies":[{"embeddable":true,"href":"https:\/\/www.studiainitalia.com\/pt-br\/wp-json\/wp\/v2\/comments?post=191582"}],"version-history":[{"count":0,"href":"https:\/\/www.studiainitalia.com\/pt-br\/wp-json\/wp\/v2\/pages\/191582\/revisions"}],"up":[{"embeddable":true,"href":"https:\/\/www.studiainitalia.com\/pt-br\/wp-json\/wp\/v2\/pages\/187935"}],"wp:featuredmedia":[{"embeddable":true,"href":"https:\/\/www.studiainitalia.com\/pt-br\/wp-json\/wp\/v2\/media\/130979"}],"wp:attachment":[{"href":"https:\/\/www.studiainitalia.com\/pt-br\/wp-json\/wp\/v2\/media?parent=191582"}],"curies":[{"name":"wp","href":"https:\/\/api.w.org\/{rel}","templated":true}]}}