{"id":191834,"date":"2022-09-27T09:14:43","date_gmt":"2022-09-27T07:14:43","guid":{"rendered":"https:\/\/www.studiainitalia.com\/?page_id=191834"},"modified":"2025-12-13T14:23:00","modified_gmt":"2025-12-13T13:23:00","slug":"cursos-em-napoles","status":"publish","type":"page","link":"https:\/\/www.studiainitalia.com\/pt-br\/destinos\/cursos-em-napoles\/","title":{"rendered":"N\u00e1poles"},"content":{"rendered":"\n<div class=\"wp-block-columns alignfull has-ast-global-color-2-background-color has-background is-layout-flex wp-container-core-columns-is-layout-c6bc58be wp-block-columns-is-layout-flex\" style=\"padding-top:0px;padding-right:0px;padding-bottom:0px;padding-left:0px\">\n<div class=\"wp-block-column is-layout-flow wp-block-column-is-layout-flow\" style=\"flex-basis:60%\">\n<div class=\"wp-block-cover alignfull\" style=\"min-height:685px;aspect-ratio:unset;\"><img decoding=\"async\" width=\"640\" height=\"426\" class=\"wp-block-cover__image-background wp-image-94199\" alt=\"cursos em Napoles\" src=\"https:\/\/www.studiainitalia.com\/wp-content\/uploads\/2022\/09\/learn-italian-in-naples_jpg.jpg\" data-object-fit=\"cover\" title=\"\" srcset=\"https:\/\/www.studiainitalia.com\/wp-content\/uploads\/2022\/09\/learn-italian-in-naples_jpg.jpg 640w, https:\/\/www.studiainitalia.com\/wp-content\/uploads\/2022\/09\/learn-italian-in-naples_jpg-400x266.jpg 400w\" sizes=\"(max-width: 640px) 100vw, 640px\" \/><span aria-hidden=\"true\" class=\"wp-block-cover__background has-background-dim\"><\/span><div class=\"wp-block-cover__inner-container is-layout-flow wp-block-cover-is-layout-flow\">\n<h1 class=\"wp-block-heading has-text-align-center\" style=\"font-size:32px\">Cursos em N\u00e1poles<\/h1>\n<\/div><\/div>\n<\/div>\n\n\n\n<div class=\"wp-block-column is-layout-flow wp-block-column-is-layout-flow\" style=\"padding-top:6%;padding-right:6%;padding-bottom:6%;padding-left:6%;flex-basis:40%\"><div  class=\"wp-block-ultimate-post-heading ultp-block-71315d\"><div class=\"ultp-block-wrapper\"><div class=\"ultp-heading-wrap ultp-heading-style9 ultp-heading-left\"><h2 class=\"ultp-heading-inner\"><span>N\u00c1POLES<\/span><\/h2><\/div><\/div><\/div>\n\n<style>.wp-block-kadence-spacer.kt-block-spacer-_03022e-64 .kt-block-spacer{height:10px;}.wp-block-kadence-spacer.kt-block-spacer-_03022e-64 .kt-divider{border-top-width:1px;height:1px;border-top-color:var(--ast-global-color-1);width:100%;border-top-style:solid;}<\/style>\n<div class=\"wp-block-kadence-spacer aligncenter kt-block-spacer-_03022e-64\"><div class=\"kt-block-spacer kt-block-spacer-halign-center\"><hr class=\"kt-divider\"\/><\/div><\/div>\n\n\n\n<p>Em N\u00e1poles pode-se passear nas ruas cheias de vida e calor, desfrutar da beleza do Golfo, visitar as ilhas de Ischia e Capri, saborear pratos da cozinha napolitana e fazer excurs\u00f5es ao Ves\u00favio e \u00e0s escava\u00e7\u00f5es de Pomp\u00e9ia e Herculano.<\/p>\n\n\n\n<p>Vai poder desfrutar de uma combina\u00e7\u00e3o muito convidativa: muita hist\u00f3ria (igrejas antigas, Universidade medieval) e uma vida quotidiana muito ativa (caf\u00e9s, bares e locais noturnos), juntamente \u00e0 iniciativas culturais e de lazer durante todo o ano. Tudo isto no incompar\u00e1vel cen\u00e1rio do Golfo de N\u00e1poles, coroado pelo Ves\u00favio.<\/p>\n<\/div>\n<\/div>\n\n\n<div  class=\"wp-block-ultimate-post-heading ultp-block-0d3cdc\"><div class=\"ultp-block-wrapper\"><div class=\"ultp-heading-wrap ultp-heading-style9 ultp-heading-center\"><h2 class=\"ultp-heading-inner\"><span>Elige seu curso em N\u00e1poles<\/span><\/h2><\/div><\/div><\/div>\n\n<div class=\"wopb-shortcode\" data-postid=\"95373\"><div  class=\"wp-block-product-blocks-product-grid-1 wopb-block-06d3d9 \"><div class=\"wopb-block-wrapper\"><div class=\"wopb-wrapper-main-content\"><div class=\"wopb-block-items-wrap wopb-block-row wopb-block-column-6\"><div class=\"wopb-block-item \"><div class=\"wopb-block-content-wrap\"><div class=\"wopb-block-image wopb-block-image-none\"><div class=\"wopb-product-new-meta\"><\/div><a href=\"https:\/\/www.studiainitalia.com\/pt-br\/cursos\/cursos-de-italiano-em-italia\/curso-de-italiano-em-napoles\/\"><img decoding=\"async\" src=\"https:\/\/www.studiainitalia.com\/wp-content\/uploads\/2016\/11\/learn-italian-in-naples-e1490029532776-300x300.jpg\" alt=\"Curso de italiano em N\u00e1poles\" title=\"\"><\/a><\/div><h3 class=\"wopb-block-title\"><a title=\"Curso de italiano em N\u00e1poles\"  href=\"https:\/\/www.studiainitalia.com\/pt-br\/cursos\/cursos-de-italiano-em-italia\/curso-de-italiano-em-napoles\/\">Curso de italiano em N\u00e1poles<\/a><\/h3><div class=\"wopb-product-price\"><span class=\"woocommerce-Price-amount amount\" aria-hidden=\"true\"><bdi>325<span class=\"woocommerce-Price-currencySymbol\">&euro;<\/span><\/bdi><\/span> <span aria-hidden=\"true\">&ndash;<\/span> <span class=\"woocommerce-Price-amount amount\" aria-hidden=\"true\"><bdi>795<span class=\"woocommerce-Price-currencySymbol\">&euro;<\/span><\/bdi><\/span><span class=\"screen-reader-text\">Price range: 325&euro; through 795&euro;<\/span><\/div><div class=\"wopb-star-rating\"><span style=\"width: 96.8%\"><strong itemprop=\"ratingValue\" class=\"wopb-rating\">4.84<\/strong>out of 5<\/span><\/div><\/div><\/div><\/div><\/div><\/div><\/div><\/div>\n\n\n\n<div class=\"wp-block-columns alignfull has-ast-global-color-2-background-color has-background is-layout-flex wp-container-core-columns-is-layout-c7ed57bb wp-block-columns-is-layout-flex\" style=\"padding-top:5%;padding-right:10%;padding-bottom:5%;padding-left:10%\">\n<div class=\"wp-block-column is-layout-constrained wp-container-core-column-is-layout-80c0687d wp-block-column-is-layout-constrained\">\n<figure class=\"wp-block-image aligncenter size-full\"><img decoding=\"async\" width=\"52\" height=\"52\" src=\"https:\/\/www.studiainitalia.com\/wp-content\/uploads\/2016\/11\/napolinnnnnn.png\" alt=\"\" class=\"wp-image-85679\" title=\"\"><\/figure>\n\n\n<div  class=\"wp-block-ultimate-post-heading ultp-block-78cb5d\"><div class=\"ultp-block-wrapper\"><div class=\"ultp-heading-wrap ultp-heading-style1 ultp-heading-center\"><h2 class=\"ultp-heading-inner\"><span>Por que N\u00e1poles?<\/span><\/h2><\/div><\/div><\/div>\n\n\n<p>N\u00e1poles \u00e9 uma cidade ideal para ser descoberta passeando. \u00c9 menor do que Roma ou Mil\u00e3o e por isso \u00e9 mais manej\u00e1vel. A cidade \u00e9 dividida em bairros, cada um com seu pr\u00f3prio estilo e encanto e por isso N\u00e1poles oferece algo que se adapta a todos os gostos.<\/p>\n\n\n\n<p>De fato, s\u00e3o talmente tantas as coisas para se verem que N\u00e1poles \u00e9 considerada como um museo ao ar livre. Al\u00e9m do mais, a cidade de N\u00e1poles \u00e9 a base ideal para se visitar a Costa de Amalfi e suas maravilhosas cidades e praias assim como os s\u00edtios arqueol\u00f3gicos de Pomp\u00e9ia e Herculano.<\/p>\n<\/div>\n\n\n\n<div class=\"wp-block-column is-layout-constrained wp-container-core-column-is-layout-80c0687d wp-block-column-is-layout-constrained\">\n<figure class=\"wp-block-image aligncenter size-full\"><img decoding=\"async\" width=\"50\" height=\"50\" src=\"https:\/\/www.studiainitalia.com\/wp-content\/uploads\/2022\/09\/caelndar2-3_png_webp.png\" alt=\"\" class=\"wp-image-94147\" title=\"\"><\/figure>\n\n\n<div  class=\"wp-block-ultimate-post-heading ultp-block-f76926\"><div class=\"ultp-block-wrapper\"><div class=\"ultp-heading-wrap ultp-heading-style1 ultp-heading-center\"><h2 class=\"ultp-heading-inner\"><span>Quando ir?<\/span><\/h2><\/div><\/div><\/div>\n\n\n<p>As temperaturas em N\u00e1poles s\u00e3o agrad\u00e1veis durante o ano todo e tamb\u00e9m na primavera e outono. A Semana Santa e as festas de Natal s\u00e3o importantes celebra\u00e7\u00f5es para a cidade que oferece numerosos eventos tradicionais.<\/p>\n<\/div>\n\n\n\n<div class=\"wp-block-column is-layout-constrained wp-container-core-column-is-layout-80c0687d wp-block-column-is-layout-constrained\">\n<figure class=\"wp-block-image aligncenter size-full\"><img decoding=\"async\" width=\"52\" height=\"52\" src=\"https:\/\/www.studiainitalia.com\/wp-content\/uploads\/2022\/09\/vespa-1_png_webp.png\" alt=\"\" class=\"wp-image-94148\" title=\"\"><\/figure>\n\n\n<div  class=\"wp-block-ultimate-post-heading ultp-block-f66884\"><div class=\"ultp-block-wrapper\"><div class=\"ultp-heading-wrap ultp-heading-style1 ultp-heading-center\"><h2 class=\"ultp-heading-inner\"><span>Como chegar?<\/span><\/h2><\/div><\/div><\/div>\n\n\n<p>Existem muitos voos ao aeroporto internacional de N\u00e1poles Capodichino. Podemos organizar um transfer desde outros aeroportos at\u00e9 o seu alojamento em N\u00e1poles.<\/p>\n\n\n\n<p>Para mais informa\u00e7\u00f5es sobre coisas para ver e fazer durante o curso de italiano em N\u00e1poles, recomendamos que voc\u00ea leia o guia Lonely Planet Guide to Naples.<\/p>\n<\/div>\n<\/div>\n\n\n\n<div class=\"wp-block-columns alignfull are-vertically-aligned-center is-layout-flex wp-container-core-columns-is-layout-28f84493 wp-block-columns-is-layout-flex\">\n<div class=\"wp-block-column is-vertically-aligned-center is-layout-flow wp-block-column-is-layout-flow\" style=\"flex-basis:40%\">\n<figure class=\"wp-block-embed is-type-video is-provider-youtube wp-block-embed-youtube wp-embed-aspect-16-9 wp-has-aspect-ratio\"><div class=\"wp-block-embed__wrapper\">\n<iframe title=\"Napoli, non un luogo comune: il nuovo video del Comune di Napoli\" width=\"500\" height=\"281\" src=\"https:\/\/www.youtube.com\/embed\/ZgmtRHtxUAM?feature=oembed\" frameborder=\"0\" allow=\"accelerometer; autoplay; clipboard-write; encrypted-media; gyroscope; picture-in-picture; web-share\" referrerpolicy=\"strict-origin-when-cross-origin\" allowfullscreen><\/iframe>\n<\/div><\/figure>\n<\/div>\n\n\n\n<div class=\"wp-block-column is-vertically-aligned-center is-layout-flow wp-block-column-is-layout-flow\" style=\"flex-basis:60%\"><style>.kb-google-maps-container191834_b7f217-c3{height:450px;}.kb-google-maps-container191834_b7f217-c3{filter:grayscale(100%);}<\/style><div class=\"kb-google-maps-container kb-google-maps-container191834_b7f217-c3  wp-block-kadence-googlemaps\" data-mapid=\"191834_b7f217c3\"><iframe width=\"100%\" height=\"100%\"\n\t\t\t\t\t\t\tstyle=\"border:0\" loading=\"lazy\"\n\t\t\t\t\t\t\tsrc=\"https:\/\/www.google.com\/maps\/embed\/v1\/place?key=AIzaSyBAM2o7PiQqwk15LC1XRH2e_KJ-jUa7KYk&#038;zoom=11&#038;maptype=roadmap&#038;q=Napoli%2C+Italia\"\n\t\t\t\t\t\t\ttitle=\"Google map of Napoli, Italia\"><\/iframe><\/div><script>function kb_google_map191834_b7f217c3() { let center = { lat: 37.8201, lng: -122.4781}; let map = new google.maps.Map(document.getElementById(\"kb-google-map191834_b7f217c3\"), {\n\t\t\t\t\t    zoom: 11,\n\t\t\t\t\t    center: center,});let marker = new google.maps.Marker({   position: { lat: 37.8201, lng: -122.4781},    map: map,  });}<\/script><\/div>\n<\/div>\n","protected":false},"excerpt":{"rendered":"<p>Em N\u00e1poles pode-se passear nas ruas cheias de vida e calor, desfrutar da beleza do Golfo, visitar as ilhas de Ischia e Capri, saborear pratos da cozinha napolitana e fazer excurs\u00f5es ao Ves\u00favio e \u00e0s escava\u00e7\u00f5es de Pomp\u00e9ia e Herculano. Vai poder desfrutar de uma combina\u00e7\u00e3o muito convidativa: muita hist\u00f3ria (igrejas antigas, Universidade medieval) e [&hellip;]<\/p>\n","protected":false},"author":132,"featured_media":0,"parent":191783,"menu_order":61,"comment_status":"closed","ping_status":"closed","template":"","meta":{"_acf_changed":false,"_uag_custom_page_level_css":"","_kad_blocks_custom_css":"","_kad_blocks_head_custom_js":"","_kad_blocks_body_custom_js":"","_kad_blocks_footer_custom_js":"","site-sidebar-layout":"default","site-content-layout":"","ast-site-content-layout":"default","site-content-style":"default","site-sidebar-style":"default","ast-global-header-display":"","ast-banner-title-visibility":"","ast-main-header-display":"","ast-hfb-above-header-display":"","ast-hfb-below-header-display":"","ast-hfb-mobile-header-display":"","site-post-title":"disabled","ast-breadcrumbs-content":"","ast-featured-img":"","footer-sml-layout":"","ast-disable-related-posts":"","theme-transparent-header-meta":"","adv-header-id-meta":"","stick-header-meta":"","header-above-stick-meta":"","header-main-stick-meta":"","header-below-stick-meta":"","astra-migrate-meta-layouts":"set","ast-page-background-enabled":"default","ast-page-background-meta":{"desktop":{"background-color":"var(--ast-global-color-4)","background-image":"","background-repeat":"repeat","background-position":"center center","background-size":"auto","background-attachment":"scroll","background-type":"","background-media":"","overlay-type":"","overlay-color":"","overlay-opacity":"","overlay-gradient":""},"tablet":{"background-color":"","background-image":"","background-repeat":"repeat","background-position":"center center","background-size":"auto","background-attachment":"scroll","background-type":"","background-media":"","overlay-type":"","overlay-color":"","overlay-opacity":"","overlay-gradient":""},"mobile":{"background-color":"","background-image":"","background-repeat":"repeat","background-position":"center center","background-size":"auto","background-attachment":"scroll","background-type":"","background-media":"","overlay-type":"","overlay-color":"","overlay-opacity":"","overlay-gradient":""}},"ast-content-background-meta":{"desktop":{"background-color":"var(--ast-global-color-5)","background-image":"","background-repeat":"repeat","background-position":"center center","background-size":"auto","background-attachment":"scroll","background-type":"","background-media":"","overlay-type":"","overlay-color":"","overlay-opacity":"","overlay-gradient":""},"tablet":{"background-color":"var(--ast-global-color-5)","background-image":"","background-repeat":"repeat","background-position":"center center","background-size":"auto","background-attachment":"scroll","background-type":"","background-media":"","overlay-type":"","overlay-color":"","overlay-opacity":"","overlay-gradient":""},"mobile":{"background-color":"var(--ast-global-color-5)","background-image":"","background-repeat":"repeat","background-position":"center center","background-size":"auto","background-attachment":"scroll","background-type":"","background-media":"","overlay-type":"","overlay-color":"","overlay-opacity":"","overlay-gradient":""}},"footnotes":""},"class_list":["post-191834","page","type-page","status-publish","hentry"],"acf":[],"taxonomy_info":[],"featured_image_src_large":false,"author_info":{"display_name":"Jordi Torres","author_link":"https:\/\/www.studiainitalia.com\/pt-br\/author\/creativa\/"},"comment_info":0,"uagb_featured_image_src":{"full":false,"thumbnail":false,"medium":false,"medium_large":false,"large":false,"1536x1536":false,"2048x2048":false,"ultp_layout_landscape_large":false,"ultp_layout_landscape":false,"ultp_layout_portrait":false,"ultp_layout_square":false,"gform-image-choice-sm":false,"gform-image-choice-md":false,"gform-image-choice-lg":false,"woocommerce_thumbnail":false,"woocommerce_single":false,"woocommerce_gallery_thumbnail":false,"yarpp-thumbnail":false},"uagb_author_info":{"display_name":"Jordi Torres","author_link":"https:\/\/www.studiainitalia.com\/pt-br\/author\/creativa\/"},"uagb_comment_info":0,"uagb_excerpt":"Em N\u00e1poles pode-se passear nas ruas cheias de vida e calor, desfrutar da beleza do Golfo, visitar as ilhas de Ischia e Capri, saborear pratos da cozinha napolitana e fazer excurs\u00f5es ao Ves\u00favio e \u00e0s escava\u00e7\u00f5es de Pomp\u00e9ia e Herculano. Vai poder desfrutar de uma combina\u00e7\u00e3o muito convidativa: muita hist\u00f3ria (igrejas antigas, Universidade medieval) e&hellip;","_links":{"self":[{"href":"https:\/\/www.studiainitalia.com\/pt-br\/wp-json\/wp\/v2\/pages\/191834","targetHints":{"allow":["GET"]}}],"collection":[{"href":"https:\/\/www.studiainitalia.com\/pt-br\/wp-json\/wp\/v2\/pages"}],"about":[{"href":"https:\/\/www.studiainitalia.com\/pt-br\/wp-json\/wp\/v2\/types\/page"}],"author":[{"embeddable":true,"href":"https:\/\/www.studiainitalia.com\/pt-br\/wp-json\/wp\/v2\/users\/132"}],"replies":[{"embeddable":true,"href":"https:\/\/www.studiainitalia.com\/pt-br\/wp-json\/wp\/v2\/comments?post=191834"}],"version-history":[{"count":0,"href":"https:\/\/www.studiainitalia.com\/pt-br\/wp-json\/wp\/v2\/pages\/191834\/revisions"}],"up":[{"embeddable":true,"href":"https:\/\/www.studiainitalia.com\/pt-br\/wp-json\/wp\/v2\/pages\/191783"}],"wp:attachment":[{"href":"https:\/\/www.studiainitalia.com\/pt-br\/wp-json\/wp\/v2\/media?parent=191834"}],"curies":[{"name":"wp","href":"https:\/\/api.w.org\/{rel}","templated":true}]}}