{"id":191916,"date":"2022-09-27T09:59:19","date_gmt":"2022-09-27T07:59:19","guid":{"rendered":"https:\/\/www.studiainitalia.com\/?page_id=191916"},"modified":"2024-10-24T14:09:51","modified_gmt":"2024-10-24T12:09:51","slug":"cursos-em-turim","status":"publish","type":"page","link":"https:\/\/www.studiainitalia.com\/pt-br\/destinos\/cursos-em-turim\/","title":{"rendered":"Turim"},"content":{"rendered":"\n<div class=\"wp-block-columns alignfull has-ast-global-color-2-background-color has-background is-layout-flex wp-container-core-columns-is-layout-c6bc58be wp-block-columns-is-layout-flex\" style=\"padding-top:0px;padding-right:0px;padding-bottom:0px;padding-left:0px\">\n<div class=\"wp-block-column is-layout-flow wp-block-column-is-layout-flow\" style=\"flex-basis:60%\">\n<div class=\"wp-block-cover alignfull\" style=\"min-height:685px;aspect-ratio:unset;\"><span aria-hidden=\"true\" class=\"wp-block-cover__background has-background-dim\"><\/span><img decoding=\"async\" width=\"1280\" height=\"830\" class=\"wp-block-cover__image-background wp-image-199698\" alt=\"Italiano em Turim\" src=\"https:\/\/www.studiainitalia.com\/wp-content\/uploads\/2024\/10\/torino-3294227_1280.jpg\" data-object-fit=\"cover\" title=\"\" srcset=\"https:\/\/www.studiainitalia.com\/wp-content\/uploads\/2024\/10\/torino-3294227_1280.jpg 1280w, https:\/\/www.studiainitalia.com\/wp-content\/uploads\/2024\/10\/torino-3294227_1280-768x498.jpg 768w, https:\/\/www.studiainitalia.com\/wp-content\/uploads\/2024\/10\/torino-3294227_1280-400x259.jpg 400w\" sizes=\"(max-width: 1280px) 100vw, 1280px\" \/><div class=\"wp-block-cover__inner-container is-layout-flow wp-block-cover-is-layout-flow\">\n<h1 class=\"wp-block-heading has-text-align-center\" style=\"font-size:32px\">Cursos em Turim<\/h1>\n<\/div><\/div>\n<\/div>\n\n\n\n<div class=\"wp-block-column is-layout-flow wp-block-column-is-layout-flow\" style=\"padding-top:6%;padding-right:6%;padding-bottom:6%;padding-left:6%;flex-basis:40%\"><div  class=\"wp-block-ultimate-post-heading ultp-block-706120\"><div class=\"ultp-block-wrapper\"><div class=\"ultp-heading-wrap ultp-heading-style9 ultp-heading-left\"><h2 class=\"ultp-heading-inner\"><span>TURIM<\/span><\/h2><\/div><\/div><\/div>\n\n<style>.wp-block-kadence-spacer.kt-block-spacer-_03022e-64 .kt-block-spacer{height:10px;}.wp-block-kadence-spacer.kt-block-spacer-_03022e-64 .kt-divider{border-top-width:1px;height:1px;border-top-color:var(--ast-global-color-1);width:100%;border-top-style:solid;}<\/style>\n<div class=\"wp-block-kadence-spacer aligncenter kt-block-spacer-_03022e-64\"><div class=\"kt-block-spacer kt-block-spacer-halign-center\"><hr class=\"kt-divider\"\/><\/div><\/div>\n\n\n\n<p>A cidade de Turim fica localizada entre os Alpes e a costa do mar da Lig\u00faria. Fundada pelos romanos, alcan\u00e7ou o seu apogeu durante o per\u00edodo barroco e sob a dinastia dos Savoia. Foi capital da It\u00e1lia e desde o s\u00e9culo XIX tornou-se um importante centro industrial. Turim \u00e9 hoje a cidade da FIAT e do time da Juventus, com uma vibrante vida cultural, que inclui o Museu Eg\u00edpcio e o Museu do Cinema.<\/p>\n<\/div>\n<\/div>\n\n\n<div  class=\"wp-block-ultimate-post-heading ultp-block-a20806\"><div class=\"ultp-block-wrapper\"><div class=\"ultp-heading-wrap ultp-heading-style9 ultp-heading-center\"><h2 class=\"ultp-heading-inner\"><span>Elige seu curso em Turim<\/span><\/h2><\/div><\/div><\/div>\n\n<div class=\"wopb-shortcode\" data-postid=\"95378\"><div  class=\"wp-block-product-blocks-product-grid-1 wopb-block-c8b528 \"><div class=\"wopb-block-wrapper\"><div class=\"wopb-wrapper-main-content\"><div class=\"wopb-block-items-wrap wopb-block-row wopb-block-column-6\"><div class=\"wopb-block-item \"><div class=\"wopb-block-content-wrap\"><div class=\"wopb-block-image wopb-block-image-none\"><div class=\"wopb-product-new-meta\"><\/div><a href=\"https:\/\/www.studiainitalia.com\/pt-br\/cursos\/cursos-de-italiano-em-italia\/curso-de-italiano-em-turim\/\"><img decoding=\"async\" src=\"https:\/\/www.studiainitalia.com\/wp-content\/uploads\/2016\/11\/learn-italian-in-turin-e1490029138302-300x300.jpg\" alt=\"Curso de italiano em Turim\" title=\"\"><\/a><\/div><h3 class=\"wopb-block-title\"><a title=\"Curso de italiano em Turim\"  href=\"https:\/\/www.studiainitalia.com\/pt-br\/cursos\/cursos-de-italiano-em-italia\/curso-de-italiano-em-turim\/\">Curso de italiano em Turim<\/a><\/h3><div class=\"wopb-product-price\"><span class=\"woocommerce-Price-amount amount\" aria-hidden=\"true\"><bdi>300<span class=\"woocommerce-Price-currencySymbol\">&euro;<\/span><\/bdi><\/span> <span aria-hidden=\"true\">&ndash;<\/span> <span class=\"woocommerce-Price-amount amount\" aria-hidden=\"true\"><bdi>820<span class=\"woocommerce-Price-currencySymbol\">&euro;<\/span><\/bdi><\/span><span class=\"screen-reader-text\">Price range: 300&euro; through 820&euro;<\/span><\/div><div class=\"wopb-star-rating\"><span style=\"width: 99.6%\"><strong itemprop=\"ratingValue\" class=\"wopb-rating\">4.98<\/strong>out of 5<\/span><\/div><\/div><\/div><\/div><\/div><\/div><\/div><\/div>\n\n\n\n<div class=\"wp-block-columns alignfull has-ast-global-color-2-background-color has-background is-layout-flex wp-container-core-columns-is-layout-c7ed57bb wp-block-columns-is-layout-flex\" style=\"padding-top:5%;padding-right:10%;padding-bottom:5%;padding-left:10%\">\n<div class=\"wp-block-column is-layout-constrained wp-container-core-column-is-layout-80c0687d wp-block-column-is-layout-constrained\">\n<figure class=\"wp-block-image aligncenter size-full\"><img decoding=\"async\" width=\"52\" height=\"52\" src=\"https:\/\/www.studiainitalia.com\/wp-content\/uploads\/2016\/11\/turin34343.png\" alt=\"\" class=\"wp-image-56065\" title=\"\"><\/figure>\n\n\n<div  class=\"wp-block-ultimate-post-heading ultp-block-4006f7\"><div class=\"ultp-block-wrapper\"><div class=\"ultp-heading-wrap ultp-heading-style1 ultp-heading-center\"><h2 class=\"ultp-heading-inner\"><span>Por que Turim?<\/span><\/h2><\/div><\/div><\/div>\n\n\n<p>Enquanto Roma \u00e9 relacionada \u00e0 Antig\u00fcidade e Floren\u00e7a ao Renascimento, Turim \u00e9 o melhor exemplo de cidade real com seus impressionantes edif\u00edcios \u2013 Pal\u00e1cio Real, Pal\u00e1cio Madama, Pal\u00e1cio Carignano. A cidade conta com um grande n\u00famero de cafeterias e muitas delas s\u00e3o caf\u00e9s hist\u00f3ricos. Al\u00e9m do mais Turim \u00e9 a capital do chocolate: o famoso gianduia e a crema Nutella foram criados aqui.<\/p>\n<\/div>\n\n\n\n<div class=\"wp-block-column is-layout-constrained wp-container-core-column-is-layout-80c0687d wp-block-column-is-layout-constrained\">\n<figure class=\"wp-block-image aligncenter size-full\"><img decoding=\"async\" width=\"50\" height=\"50\" src=\"https:\/\/www.studiainitalia.com\/wp-content\/uploads\/2022\/09\/caelndar2-3_png_webp.png\" alt=\"\" class=\"wp-image-94147\" title=\"\"><\/figure>\n\n\n<div  class=\"wp-block-ultimate-post-heading ultp-block-5f27b9\"><div class=\"ultp-block-wrapper\"><div class=\"ultp-heading-wrap ultp-heading-style1 ultp-heading-center\"><h2 class=\"ultp-heading-inner\"><span>Quando ir?<\/span><\/h2><\/div><\/div><\/div>\n\n\n<p>Turim \u00e9 uma cidade para todas as esta\u00e7\u00f5es. O per\u00edodo mais quente em Turim vai desde abril at\u00e9 outubro. No inverno a cidade costuma cobrir-se de neve, um para\u00edso para os amantes dos esportes de inverno.<\/p>\n<\/div>\n\n\n\n<div class=\"wp-block-column is-layout-constrained wp-container-core-column-is-layout-80c0687d wp-block-column-is-layout-constrained\">\n<figure class=\"wp-block-image aligncenter size-full\"><img decoding=\"async\" width=\"52\" height=\"52\" src=\"https:\/\/www.studiainitalia.com\/wp-content\/uploads\/2022\/09\/vespa-1_png_webp.png\" alt=\"\" class=\"wp-image-94148\" title=\"\"><\/figure>\n\n\n<div  class=\"wp-block-ultimate-post-heading ultp-block-423e44\"><div class=\"ultp-block-wrapper\"><div class=\"ultp-heading-wrap ultp-heading-style1 ultp-heading-center\"><h2 class=\"ultp-heading-inner\"><span>Como chegar?<\/span><\/h2><\/div><\/div><\/div>\n\n\n<p>Existem muitos voos ao aeroporto internacional de Turim Caselle. Podemos organizar um transfer desde outros aeroportos at\u00e9 o seu alojamento em Turim. Para mais informa\u00e7\u00f5es sobre coisas para ver e fazer durante o curso de italiano em Turim, recomendamos&nbsp;<a href=\"https:\/\/www.lonelyplanet.com\/italy\/liguria-piedmont-and-valle-daosta\/turin\" target=\"_blank\" rel=\"noreferrer noopener\">Lonely Planet Guide to Turin<\/a>.<\/p>\n<\/div>\n<\/div>\n\n\n\n<div class=\"wp-block-columns alignfull are-vertically-aligned-center is-layout-flex wp-container-core-columns-is-layout-28f84493 wp-block-columns-is-layout-flex\">\n<div class=\"wp-block-column is-vertically-aligned-center is-layout-flow wp-block-column-is-layout-flow\" style=\"flex-basis:40%\">\n<figure class=\"wp-block-embed is-type-video is-provider-youtube wp-block-embed-youtube wp-embed-aspect-16-9 wp-has-aspect-ratio\"><div class=\"wp-block-embed__wrapper\">\n<iframe title=\"Torino is Happy\" width=\"500\" height=\"281\" src=\"https:\/\/www.youtube.com\/embed\/iWmUurkIeJ8?feature=oembed\" frameborder=\"0\" allow=\"accelerometer; autoplay; clipboard-write; encrypted-media; gyroscope; picture-in-picture; web-share\" referrerpolicy=\"strict-origin-when-cross-origin\" allowfullscreen><\/iframe>\n<\/div><\/figure>\n<\/div>\n\n\n\n<div class=\"wp-block-column is-vertically-aligned-center is-layout-flow wp-block-column-is-layout-flow\" style=\"flex-basis:60%\"><style>.kb-google-maps-container191916_2ca907-13{height:450px;}.kb-google-maps-container191916_2ca907-13{filter:grayscale(100%);}<\/style><div class=\"kb-google-maps-container kb-google-maps-container191916_2ca907-13  wp-block-kadence-googlemaps\" data-mapid=\"191916_2ca90713\"><iframe width=\"100%\" height=\"100%\"\n\t\t\t\t\t\t\tstyle=\"border:0\" loading=\"lazy\"\n\t\t\t\t\t\t\tsrc=\"https:\/\/www.google.com\/maps\/embed\/v1\/place?key=AIzaSyBAM2o7PiQqwk15LC1XRH2e_KJ-jUa7KYk&#038;zoom=11&#038;maptype=roadmap&#038;q=Turin\"\n\t\t\t\t\t\t\ttitle=\"Google map of Turin\"><\/iframe><\/div><script>function kb_google_map191916_2ca90713() { let center = { lat: 37.8201, lng: -122.4781}; let map = new google.maps.Map(document.getElementById(\"kb-google-map191916_2ca90713\"), {\n\t\t\t\t\t    zoom: 11,\n\t\t\t\t\t    center: center,});let marker = new google.maps.Marker({   position: { lat: 37.8201, lng: -122.4781},    map: map,  });}<\/script><\/div>\n<\/div>\n","protected":false},"excerpt":{"rendered":"<p>A cidade de Turim fica localizada entre os Alpes e a costa do mar da Lig\u00faria. Fundada pelos romanos, alcan\u00e7ou o seu apogeu durante o per\u00edodo barroco e sob a dinastia dos Savoia. Foi capital da It\u00e1lia e desde o s\u00e9culo XIX tornou-se um importante centro industrial. Turim \u00e9 hoje a cidade da FIAT e [&hellip;]<\/p>\n","protected":false},"author":132,"featured_media":0,"parent":191783,"menu_order":61,"comment_status":"closed","ping_status":"closed","template":"","meta":{"_acf_changed":false,"_uag_custom_page_level_css":"","_kad_blocks_custom_css":"","_kad_blocks_head_custom_js":"","_kad_blocks_body_custom_js":"","_kad_blocks_footer_custom_js":"","site-sidebar-layout":"default","site-content-layout":"","ast-site-content-layout":"default","site-content-style":"default","site-sidebar-style":"default","ast-global-header-display":"","ast-banner-title-visibility":"","ast-main-header-display":"","ast-hfb-above-header-display":"","ast-hfb-below-header-display":"","ast-hfb-mobile-header-display":"","site-post-title":"disabled","ast-breadcrumbs-content":"","ast-featured-img":"","footer-sml-layout":"","ast-disable-related-posts":"","theme-transparent-header-meta":"","adv-header-id-meta":"","stick-header-meta":"","header-above-stick-meta":"","header-main-stick-meta":"","header-below-stick-meta":"","astra-migrate-meta-layouts":"set","ast-page-background-enabled":"default","ast-page-background-meta":{"desktop":{"background-color":"var(--ast-global-color-4)","background-image":"","background-repeat":"repeat","background-position":"center center","background-size":"auto","background-attachment":"scroll","background-type":"","background-media":"","overlay-type":"","overlay-color":"","overlay-opacity":"","overlay-gradient":""},"tablet":{"background-color":"","background-image":"","background-repeat":"repeat","background-position":"center center","background-size":"auto","background-attachment":"scroll","background-type":"","background-media":"","overlay-type":"","overlay-color":"","overlay-opacity":"","overlay-gradient":""},"mobile":{"background-color":"","background-image":"","background-repeat":"repeat","background-position":"center center","background-size":"auto","background-attachment":"scroll","background-type":"","background-media":"","overlay-type":"","overlay-color":"","overlay-opacity":"","overlay-gradient":""}},"ast-content-background-meta":{"desktop":{"background-color":"var(--ast-global-color-5)","background-image":"","background-repeat":"repeat","background-position":"center center","background-size":"auto","background-attachment":"scroll","background-type":"","background-media":"","overlay-type":"","overlay-color":"","overlay-opacity":"","overlay-gradient":""},"tablet":{"background-color":"var(--ast-global-color-5)","background-image":"","background-repeat":"repeat","background-position":"center center","background-size":"auto","background-attachment":"scroll","background-type":"","background-media":"","overlay-type":"","overlay-color":"","overlay-opacity":"","overlay-gradient":""},"mobile":{"background-color":"var(--ast-global-color-5)","background-image":"","background-repeat":"repeat","background-position":"center center","background-size":"auto","background-attachment":"scroll","background-type":"","background-media":"","overlay-type":"","overlay-color":"","overlay-opacity":"","overlay-gradient":""}},"footnotes":""},"class_list":["post-191916","page","type-page","status-publish","hentry"],"acf":[],"taxonomy_info":[],"featured_image_src_large":false,"author_info":{"display_name":"Jordi Torres","author_link":"https:\/\/www.studiainitalia.com\/pt-br\/author\/creativa\/"},"comment_info":0,"uagb_featured_image_src":{"full":false,"thumbnail":false,"medium":false,"medium_large":false,"large":false,"1536x1536":false,"2048x2048":false,"ultp_layout_landscape_large":false,"ultp_layout_landscape":false,"ultp_layout_portrait":false,"ultp_layout_square":false,"gform-image-choice-sm":false,"gform-image-choice-md":false,"gform-image-choice-lg":false,"woocommerce_thumbnail":false,"woocommerce_single":false,"woocommerce_gallery_thumbnail":false,"yarpp-thumbnail":false},"uagb_author_info":{"display_name":"Jordi Torres","author_link":"https:\/\/www.studiainitalia.com\/pt-br\/author\/creativa\/"},"uagb_comment_info":0,"uagb_excerpt":"A cidade de Turim fica localizada entre os Alpes e a costa do mar da Lig\u00faria. Fundada pelos romanos, alcan\u00e7ou o seu apogeu durante o per\u00edodo barroco e sob a dinastia dos Savoia. Foi capital da It\u00e1lia e desde o s\u00e9culo XIX tornou-se um importante centro industrial. Turim \u00e9 hoje a cidade da FIAT e&hellip;","_links":{"self":[{"href":"https:\/\/www.studiainitalia.com\/pt-br\/wp-json\/wp\/v2\/pages\/191916","targetHints":{"allow":["GET"]}}],"collection":[{"href":"https:\/\/www.studiainitalia.com\/pt-br\/wp-json\/wp\/v2\/pages"}],"about":[{"href":"https:\/\/www.studiainitalia.com\/pt-br\/wp-json\/wp\/v2\/types\/page"}],"author":[{"embeddable":true,"href":"https:\/\/www.studiainitalia.com\/pt-br\/wp-json\/wp\/v2\/users\/132"}],"replies":[{"embeddable":true,"href":"https:\/\/www.studiainitalia.com\/pt-br\/wp-json\/wp\/v2\/comments?post=191916"}],"version-history":[{"count":0,"href":"https:\/\/www.studiainitalia.com\/pt-br\/wp-json\/wp\/v2\/pages\/191916\/revisions"}],"up":[{"embeddable":true,"href":"https:\/\/www.studiainitalia.com\/pt-br\/wp-json\/wp\/v2\/pages\/191783"}],"wp:attachment":[{"href":"https:\/\/www.studiainitalia.com\/pt-br\/wp-json\/wp\/v2\/media?parent=191916"}],"curies":[{"name":"wp","href":"https:\/\/api.w.org\/{rel}","templated":true}]}}