{"id":194070,"date":"2022-06-27T10:08:53","date_gmt":"2022-06-27T08:08:53","guid":{"rendered":"https:\/\/www.studiainitalia.com\/?page_id=194070"},"modified":"2025-04-13T10:48:47","modified_gmt":"2025-04-13T08:48:47","slug":"alojamento","status":"publish","type":"page","link":"https:\/\/www.studiainitalia.com\/pt-br\/alojamento\/","title":{"rendered":"alojamento"},"content":{"rendered":"<style>.wp-block-kadence-advancedheading.kt-adv-heading194070_a1e515-83, .wp-block-kadence-advancedheading.kt-adv-heading194070_a1e515-83[data-kb-block=\"kb-adv-heading194070_a1e515-83\"]{margin-bottom:var(--global-kb-spacing-md, 2rem);font-style:normal;}.wp-block-kadence-advancedheading.kt-adv-heading194070_a1e515-83 mark.kt-highlight, .wp-block-kadence-advancedheading.kt-adv-heading194070_a1e515-83[data-kb-block=\"kb-adv-heading194070_a1e515-83\"] mark.kt-highlight{font-style:normal;color:#f76a0c;-webkit-box-decoration-break:clone;box-decoration-break:clone;padding-top:0px;padding-right:0px;padding-bottom:0px;padding-left:0px;}<\/style>\n<h1 class=\"kt-adv-heading194070_a1e515-83 wp-block-kadence-advancedheading\" data-kb-block=\"kb-adv-heading194070_a1e515-83\">Alojamento<\/h1>\n\n\n\n<p>As escolas oferecem a possibilidade de ficar em casas particulares. N\u00e3o somos uma ag\u00eancia imobili\u00e1ria, pelo que este servi\u00e7o \u00e9 apenas para pessoas que desejem ter uma experi\u00eancia de estadia em casa de fam\u00edlia. A acomoda\u00e7\u00e3o \u00e9 reservada para a mesma dura\u00e7\u00e3o do curso<\/p>\n\n\n<style>.wp-block-kadence-spacer.kt-block-spacer-194070_db2fd7-58 .kt-block-spacer{height:60px;}.wp-block-kadence-spacer.kt-block-spacer-194070_db2fd7-58 .kt-divider{border-top-width:1px;height:1px;border-top-color:#eee;width:80%;border-top-style:solid;}<\/style>\n<div class=\"wp-block-kadence-spacer aligncenter kt-block-spacer-194070_db2fd7-58\"><div class=\"kt-block-spacer kt-block-spacer-halign-center\"><hr class=\"kt-divider\"\/><\/div><\/div>\n\n\n\n<p>A procura de alojamento s\u00f3 \u00e9 efectuada pela escola ap\u00f3s o registo e pagamento do deposito do curso. Depois que a acomoda\u00e7\u00e3o for alocada (aproximadamente 20 dias antes do in\u00edcio do curso), se voc\u00ea cancelar a reserva, dever\u00e1 pagar uma taxa de cancelamento de \u20ac 150, que ser\u00e1 deduzida do pagamento do curso.<\/p>\n\n\n<style>.wp-block-kadence-spacer.kt-block-spacer-194070_c758ab-31 .kt-block-spacer{height:60px;}.wp-block-kadence-spacer.kt-block-spacer-194070_c758ab-31 .kt-divider{border-top-width:1px;height:1px;border-top-color:#eee;width:80%;border-top-style:solid;}<\/style>\n<div class=\"wp-block-kadence-spacer aligncenter kt-block-spacer-194070_c758ab-31\"><div class=\"kt-block-spacer kt-block-spacer-halign-center\"><hr class=\"kt-divider\"\/><\/div><\/div>\n\n\n\n<p>As casas s\u00e3o partilhadas com pessoas solteiras ou fam\u00edlias. Cada casa \u00e9 diferente e pode estar localizada em diferentes partes da cidade, mas sempre ao alcance da escola. N\u00e3o s\u00e3o hot\u00e9is, por isso pedimos-lhe que respeite sempre as regras das fam\u00edlias.<\/p>\n\n\n<style>.wp-block-kadence-spacer.kt-block-spacer-194070_0d2585-fe .kt-block-spacer{height:60px;}.wp-block-kadence-spacer.kt-block-spacer-194070_0d2585-fe .kt-divider{border-top-width:1px;height:1px;border-top-color:#eee;width:80%;border-top-style:solid;}<\/style>\n<div class=\"wp-block-kadence-spacer aligncenter kt-block-spacer-194070_0d2585-fe\"><div class=\"kt-block-spacer kt-block-spacer-halign-center\"><hr class=\"kt-divider\"\/><\/div><\/div>\n\n\n\n<p>O alojamento decorre desde o domingo anterior ao curso at\u00e9 ao s\u00e1bado seguinte (em alguns casos at\u00e9 domingo). Em alguns casos \u00e9 poss\u00edvel reservar uma noite extra de s\u00e1bado a domingo.<\/p>\n\n\n<style>.wp-block-kadence-spacer.kt-block-spacer-194070_d3633e-92 .kt-block-spacer{height:60px;}.wp-block-kadence-spacer.kt-block-spacer-194070_d3633e-92 .kt-divider{border-top-width:1px;height:1px;border-top-color:#eee;width:80%;border-top-style:solid;}<\/style>\n<div class=\"wp-block-kadence-spacer aligncenter kt-block-spacer-194070_d3633e-92\"><div class=\"kt-block-spacer kt-block-spacer-halign-center\"><hr class=\"kt-divider\"\/><\/div><\/div>\n\n\n\n<p>Os pre\u00e7os de alojamento s\u00e3o semanais, n\u00e3o di\u00e1rios, por isso, se chegar numa segunda-feira, por exemplo, a noite de domingo n\u00e3o \u00e9 reembols\u00e1vel. O mesmo se decidir partir numa sexta-feira.<\/p>\n\n\n<style>.wp-block-kadence-spacer.kt-block-spacer-194070_5f32fb-41 .kt-block-spacer{height:60px;}.wp-block-kadence-spacer.kt-block-spacer-194070_5f32fb-41 .kt-divider{border-top-width:1px;height:1px;border-top-color:#eee;width:80%;border-top-style:solid;}<\/style>\n<div class=\"wp-block-kadence-spacer aligncenter kt-block-spacer-194070_5f32fb-41\"><div class=\"kt-block-spacer kt-block-spacer-halign-center\"><hr class=\"kt-divider\"\/><\/div><\/div>\n\n\n\n<p>O custo inclui o quarto, limpeza \u00e0 chegada, 1 m\u00e1quina de lavar roupa semanal, \u00e1gua, electricidade, g\u00e1s. Roupa de cama, toalhas e a utiliza\u00e7\u00e3o da cozinha. Os custos de acomoda\u00e7\u00e3o devem ser pagos diretamente na escola ou ao seu anfitri\u00e3o no primeiro dia. A Studiainitalia n\u00e3o aceita pagamentos de acomoda\u00e7\u00e3o<\/p>\n\n\n<style>.wp-block-kadence-spacer.kt-block-spacer-194070_6ca6e7-6c .kt-block-spacer{height:60px;}.wp-block-kadence-spacer.kt-block-spacer-194070_6ca6e7-6c .kt-divider{border-top-width:1px;height:1px;border-top-color:#eee;width:80%;border-top-style:solid;}<\/style>\n<div class=\"wp-block-kadence-spacer aligncenter kt-block-spacer-194070_6ca6e7-6c\"><div class=\"kt-block-spacer kt-block-spacer-halign-center\"><hr class=\"kt-divider\"\/><\/div><\/div>\n\n\n\n<p>As casas particulares s\u00f3 s\u00e3o atribu\u00eddas pelas escolas 20 a 30 dias antes da partida, sempre que poss\u00edvel, a escola enviar\u00e1 fotografias. Muitas fam\u00edlias n\u00e3o desejam enviar fotos da sua casa por raz\u00f5es de privacidade.<\/p>\n\n\n<style>.wp-block-kadence-spacer.kt-block-spacer-194070_56ca6b-91 .kt-block-spacer{height:60px;}.wp-block-kadence-spacer.kt-block-spacer-194070_56ca6b-91 .kt-divider{border-top-width:1px;height:1px;border-top-color:#eee;width:80%;border-top-style:solid;}<\/style>\n<div class=\"wp-block-kadence-spacer aligncenter kt-block-spacer-194070_56ca6b-91\"><div class=\"kt-block-spacer kt-block-spacer-halign-center\"><hr class=\"kt-divider\"\/><\/div><\/div>\n\n\n\n<p>Em muitas das acomoda\u00e7\u00f5es h\u00e1 c\u00e3es ou gatos. Se voc\u00ea for al\u00e9rgico, informe-nos no momento da inscri\u00e7\u00e3o.<\/p>\n\n\n<style>.wp-block-kadence-spacer.kt-block-spacer-194070_db9ab1-aa .kt-block-spacer{height:60px;}.wp-block-kadence-spacer.kt-block-spacer-194070_db9ab1-aa .kt-divider{border-top-width:1px;height:1px;border-top-color:#eee;width:80%;border-top-style:solid;}<\/style>\n<div class=\"wp-block-kadence-spacer aligncenter kt-block-spacer-194070_db9ab1-aa\"><div class=\"kt-block-spacer kt-block-spacer-halign-center\"><hr class=\"kt-divider\"\/><\/div><\/div>\n\n\n\n<p>Se tiver pedidos especiais, a escola tentar\u00e1 sempre acomod\u00e1-los, mas dever\u00e1 comunic\u00e1-los no momento da inscri\u00e7\u00e3o ou oa escola n\u00e3o poder\u00e1 fazer nada por si depois de lhe ter sido atribu\u00eddo alojamento\/chegada em It\u00e1lia.<\/p>\n\n\n<style>.wp-block-kadence-spacer.kt-block-spacer-194070_fa2fd1-f8 .kt-block-spacer{height:60px;}.wp-block-kadence-spacer.kt-block-spacer-194070_fa2fd1-f8 .kt-divider{border-top-width:1px;height:1px;border-top-color:#eee;width:80%;border-top-style:solid;}<\/style>\n<div class=\"wp-block-kadence-spacer aligncenter kt-block-spacer-194070_fa2fd1-f8\"><div class=\"kt-block-spacer kt-block-spacer-halign-center\"><hr class=\"kt-divider\"\/><\/div><\/div>\n\n\n\n<p>Se n\u00e3o gostar do seu alojamento, deve notificar a secretaria da escola no primeiro dia e pedir uma alternativa que lhe ser\u00e1 oferecida se houver disponibilidade.<\/p>\n\n\n<style>.wp-block-kadence-spacer.kt-block-spacer-194070_93d532-ed .kt-block-spacer{height:60px;}.wp-block-kadence-spacer.kt-block-spacer-194070_93d532-ed .kt-divider{border-top-width:1px;height:1px;border-top-color:#eee;width:80%;border-top-style:solid;}<\/style>\n<div class=\"wp-block-kadence-spacer aligncenter kt-block-spacer-194070_93d532-ed\"><div class=\"kt-block-spacer kt-block-spacer-halign-center\"><hr class=\"kt-divider\"\/><\/div><\/div>\n\n\n\n<p>As acomoda\u00e7\u00f5es s\u00e3o para pessoas de mente aberta e flex\u00edvel que desejam ter uma experi\u00eancia italiana<\/p>\n\n\n<style>.wp-block-kadence-spacer.kt-block-spacer-194070_84aae7-65 .kt-block-spacer{height:60px;}.wp-block-kadence-spacer.kt-block-spacer-194070_84aae7-65 .kt-divider{border-top-width:1px;height:1px;border-top-color:#eee;width:80%;border-top-style:solid;}<\/style>\n<div class=\"wp-block-kadence-spacer aligncenter kt-block-spacer-194070_84aae7-65\"><div class=\"kt-block-spacer kt-block-spacer-halign-center\"><hr class=\"kt-divider\"\/><\/div><\/div>\n\n\n\n<p>Assim, se achar que tem requisitos especiais ou que n\u00e3o \u00e9 adequado para partilhar com outras pessoas ou pensar que n\u00e3o pode cumprir as regras b\u00e1sicas de coabita\u00e7\u00e3o, podemos ajud\u00e1-lo a encontrar um alojamento privado.<\/p>\n\n\n<style>.wp-block-kadence-spacer.kt-block-spacer-194070_dd251a-49 .kt-block-spacer{height:60px;}.wp-block-kadence-spacer.kt-block-spacer-194070_dd251a-49 .kt-divider{border-top-width:1px;height:1px;border-top-color:#eee;width:80%;border-top-style:solid;}<\/style>\n<div class=\"wp-block-kadence-spacer aligncenter kt-block-spacer-194070_dd251a-49\"><div class=\"kt-block-spacer kt-block-spacer-halign-center\"><hr class=\"kt-divider\"\/><\/div><\/div>\n\n\n\n<p><strong>Para mais informa\u00e7\u00f5es, por favor pe\u00e7a-nos as condi\u00e7\u00f5es de alojamento para ter a certeza de que este tipo de alojamento \u00e9 adequado para voce<\/strong><\/p>\n\n\n<style>.wp-block-kadence-spacer.kt-block-spacer-194070_a65af1-9c .kt-block-spacer{height:60px;}.wp-block-kadence-spacer.kt-block-spacer-194070_a65af1-9c .kt-divider{border-top-width:1px;height:1px;border-top-color:#eee;width:80%;border-top-style:solid;}<\/style>\n<div class=\"wp-block-kadence-spacer aligncenter kt-block-spacer-194070_a65af1-9c\"><div class=\"kt-block-spacer kt-block-spacer-halign-center\"><hr class=\"kt-divider\"\/><\/div><\/div>\n\n\n\n<p>Caso voc\u00ea prefira alugar um apartamento estudantil,&nbsp;<strong>use nosso c\u00f3digo promocional SII25 e obtenha 25% de desconto<\/strong>&nbsp;com a plataforma online l\u00edder da&nbsp;<a href=\"http:\/\/www.spotahome.com\/\" target=\"_blank\" rel=\"noreferrer noopener\">SPOTAHOME<\/a>&nbsp;Europe para encontrar acomoda\u00e7\u00f5es de m\u00e9dio e longo prazo.<\/p>\n\n\n\n<p>Email: partners@spotahome.com<\/p>\n\n\n\n<p>+39 3791468503 (somente mensagens whatsapp)<\/p>\n\n\n<style>.kadence-column194070_6bedce-f1 > .kt-inside-inner-col,.kadence-column194070_6bedce-f1 > .kt-inside-inner-col:before{border-top-left-radius:0px;border-top-right-radius:0px;border-bottom-right-radius:0px;border-bottom-left-radius:0px;}.kadence-column194070_6bedce-f1 > .kt-inside-inner-col{column-gap:var(--global-kb-gap-sm, 1rem);}.kadence-column194070_6bedce-f1 > .kt-inside-inner-col{flex-direction:column;}.kadence-column194070_6bedce-f1 > .kt-inside-inner-col > .aligncenter{width:100%;}.kadence-column194070_6bedce-f1 > .kt-inside-inner-col:before{opacity:0.3;}.kadence-column194070_6bedce-f1{position:relative;}@media all and (max-width: 1024px){.kadence-column194070_6bedce-f1 > .kt-inside-inner-col{flex-direction:column;justify-content:center;}}@media all and (max-width: 767px){.kadence-column194070_6bedce-f1 > .kt-inside-inner-col{flex-direction:column;justify-content:center;}}<\/style>\n<div class=\"wp-block-kadence-column kadence-column194070_6bedce-f1\"><div class=\"kt-inside-inner-col\">\n<p style=\"padding-top:var(--wp--preset--spacing--20);padding-right:var(--wp--preset--spacing--20);padding-bottom:var(--wp--preset--spacing--20);padding-left:var(--wp--preset--spacing--20)\"><\/p>\n<\/div><\/div>\n\n\n\n<p>ou podes usar o<strong> <a href=\"https:\/\/spacest.com\/en\/?utm_source=studiainitalia&amp;utm_medium=sito&amp;utm_campaign=studiainitalia\" data-type=\"link\" data-id=\"https:\/\/spacest.com\/en\/?utm_source=studiainitalia&amp;utm_medium=sito&amp;utm_campaign=studiainitalia\" target=\"_blank\" rel=\"noopener\">Spacest<\/a><\/strong>, a plataforma perfeita para quem procura alojamento a m\u00e9dio-longo prazo. Independentemente do teu destino, em Spacest.com encontrar\u00e1s quartos e apartamentos totalmente mobilados e verificados.<\/p>\n\n\n\n<p>Recebe um c\u00f3digo promocional exclusivo e obt\u00e9m um desconto de 25% na taxa de reserva utilizando o c\u00f3digo <strong>STUDIAINIT25<\/strong><\/p>\n\n\n\n<p>Reserva a tua futura casa diretamente online, e em seguran\u00e7a gra\u00e7as \u00e0 Garantia Spacest. Envia o teu pedido de informa\u00e7\u00e3o para sales@roomlessrent.com ou utiliza esta <a href=\"https:\/\/spacest.com\/en\/?utm_source=studiainitalia&amp;utm_medium=sito&amp;utm_campaign=studiainitalia\" data-type=\"link\" data-id=\"https:\/\/spacest.com\/en\/?utm_source=studiainitalia&amp;utm_medium=sito&amp;utm_campaign=studiainitalia\" target=\"_blank\" rel=\"noopener\">liga\u00e7\u00e3o<\/a> ou WhatsApp +39 055 9970084<\/p>\n\n\n\n<p><\/p>\n\n\n<style>.wp-block-kadence-spacer.kt-block-spacer-194070_41f961-f0 .kt-block-spacer{height:60px;}.wp-block-kadence-spacer.kt-block-spacer-194070_41f961-f0 .kt-divider{border-top-width:1px;height:1px;border-top-color:var(--ast-global-color-5);width:80%;border-top-style:solid;}<\/style>\n<div class=\"wp-block-kadence-spacer aligncenter kt-block-spacer-194070_41f961-f0\"><div class=\"kt-block-spacer kt-block-spacer-halign-center\"><hr class=\"kt-divider\"\/><\/div><\/div>\n","protected":false},"excerpt":{"rendered":"<p>Alojamento As escolas oferecem a possibilidade de ficar em casas particulares. N\u00e3o somos uma ag\u00eancia imobili\u00e1ria, pelo que este servi\u00e7o \u00e9 apenas para pessoas que desejem ter uma experi\u00eancia de estadia em casa de fam\u00edlia. A acomoda\u00e7\u00e3o \u00e9 reservada para a mesma dura\u00e7\u00e3o do curso A procura de alojamento s\u00f3 \u00e9 efectuada pela escola ap\u00f3s [&hellip;]<\/p>\n","protected":false},"author":132,"featured_media":0,"parent":0,"menu_order":0,"comment_status":"closed","ping_status":"closed","template":"","meta":{"_acf_changed":false,"_uag_custom_page_level_css":"","_kad_blocks_custom_css":"","_kad_blocks_head_custom_js":"","_kad_blocks_body_custom_js":"","_kad_blocks_footer_custom_js":"","site-sidebar-layout":"default","site-content-layout":"default","ast-site-content-layout":"default","site-content-style":"default","site-sidebar-style":"default","ast-global-header-display":"","ast-banner-title-visibility":"","ast-main-header-display":"","ast-hfb-above-header-display":"","ast-hfb-below-header-display":"","ast-hfb-mobile-header-display":"","site-post-title":"","ast-breadcrumbs-content":"","ast-featured-img":"","footer-sml-layout":"","ast-disable-related-posts":"","theme-transparent-header-meta":"default","adv-header-id-meta":"","stick-header-meta":"default","header-above-stick-meta":"","header-main-stick-meta":"","header-below-stick-meta":"","astra-migrate-meta-layouts":"set","ast-page-background-enabled":"default","ast-page-background-meta":{"desktop":{"background-color":"var(--ast-global-color-4)","background-image":"","background-repeat":"repeat","background-position":"center center","background-size":"auto","background-attachment":"scroll","background-type":"","background-media":"","overlay-type":"","overlay-color":"","overlay-opacity":"","overlay-gradient":""},"tablet":{"background-color":"","background-image":"","background-repeat":"repeat","background-position":"center center","background-size":"auto","background-attachment":"scroll","background-type":"","background-media":"","overlay-type":"","overlay-color":"","overlay-opacity":"","overlay-gradient":""},"mobile":{"background-color":"","background-image":"","background-repeat":"repeat","background-position":"center center","background-size":"auto","background-attachment":"scroll","background-type":"","background-media":"","overlay-type":"","overlay-color":"","overlay-opacity":"","overlay-gradient":""}},"ast-content-background-meta":{"desktop":{"background-color":"var(--ast-global-color-5)","background-image":"","background-repeat":"repeat","background-position":"center center","background-size":"auto","background-attachment":"scroll","background-type":"","background-media":"","overlay-type":"","overlay-color":"","overlay-opacity":"","overlay-gradient":""},"tablet":{"background-color":"var(--ast-global-color-5)","background-image":"","background-repeat":"repeat","background-position":"center center","background-size":"auto","background-attachment":"scroll","background-type":"","background-media":"","overlay-type":"","overlay-color":"","overlay-opacity":"","overlay-gradient":""},"mobile":{"background-color":"var(--ast-global-color-5)","background-image":"","background-repeat":"repeat","background-position":"center center","background-size":"auto","background-attachment":"scroll","background-type":"","background-media":"","overlay-type":"","overlay-color":"","overlay-opacity":"","overlay-gradient":""}},"footnotes":""},"class_list":["post-194070","page","type-page","status-publish","hentry"],"acf":[],"taxonomy_info":[],"featured_image_src_large":false,"author_info":{"display_name":"Jordi Torres","author_link":"https:\/\/www.studiainitalia.com\/pt-br\/author\/creativa\/"},"comment_info":0,"uagb_featured_image_src":{"full":false,"thumbnail":false,"medium":false,"medium_large":false,"large":false,"1536x1536":false,"2048x2048":false,"ultp_layout_landscape_large":false,"ultp_layout_landscape":false,"ultp_layout_portrait":false,"ultp_layout_square":false,"gform-image-choice-sm":false,"gform-image-choice-md":false,"gform-image-choice-lg":false,"woocommerce_thumbnail":false,"woocommerce_single":false,"woocommerce_gallery_thumbnail":false,"yarpp-thumbnail":false},"uagb_author_info":{"display_name":"Jordi Torres","author_link":"https:\/\/www.studiainitalia.com\/pt-br\/author\/creativa\/"},"uagb_comment_info":0,"uagb_excerpt":"Alojamento As escolas oferecem a possibilidade de ficar em casas particulares. N\u00e3o somos uma ag\u00eancia imobili\u00e1ria, pelo que este servi\u00e7o \u00e9 apenas para pessoas que desejem ter uma experi\u00eancia de estadia em casa de fam\u00edlia. A acomoda\u00e7\u00e3o \u00e9 reservada para a mesma dura\u00e7\u00e3o do curso A procura de alojamento s\u00f3 \u00e9 efectuada pela escola ap\u00f3s&hellip;","_links":{"self":[{"href":"https:\/\/www.studiainitalia.com\/pt-br\/wp-json\/wp\/v2\/pages\/194070","targetHints":{"allow":["GET"]}}],"collection":[{"href":"https:\/\/www.studiainitalia.com\/pt-br\/wp-json\/wp\/v2\/pages"}],"about":[{"href":"https:\/\/www.studiainitalia.com\/pt-br\/wp-json\/wp\/v2\/types\/page"}],"author":[{"embeddable":true,"href":"https:\/\/www.studiainitalia.com\/pt-br\/wp-json\/wp\/v2\/users\/132"}],"replies":[{"embeddable":true,"href":"https:\/\/www.studiainitalia.com\/pt-br\/wp-json\/wp\/v2\/comments?post=194070"}],"version-history":[{"count":0,"href":"https:\/\/www.studiainitalia.com\/pt-br\/wp-json\/wp\/v2\/pages\/194070\/revisions"}],"wp:attachment":[{"href":"https:\/\/www.studiainitalia.com\/pt-br\/wp-json\/wp\/v2\/media?parent=194070"}],"curies":[{"name":"wp","href":"https:\/\/api.w.org\/{rel}","templated":true}]}}