{"id":194128,"date":"2022-10-03T13:11:49","date_gmt":"2022-10-03T11:11:49","guid":{"rendered":"https:\/\/www.studiainitalia.com\/?page_id=194128"},"modified":"2024-10-25T12:11:00","modified_gmt":"2024-10-25T10:11:00","slug":"cursos-em-cagliari","status":"publish","type":"page","link":"https:\/\/www.studiainitalia.com\/pt-br\/destinos\/cursos-em-cagliari\/","title":{"rendered":"Cursos em Cagliari"},"content":{"rendered":"\n<div class=\"wp-block-columns alignfull has-ast-global-color-2-background-color has-background is-layout-flex wp-container-core-columns-is-layout-c6bc58be wp-block-columns-is-layout-flex\" style=\"padding-top:0px;padding-right:0px;padding-bottom:0px;padding-left:0px\">\n<div class=\"wp-block-column is-layout-flow wp-block-column-is-layout-flow\" style=\"flex-basis:60%\">\n<div class=\"wp-block-cover alignfull\" style=\"min-height:455px;aspect-ratio:unset;\"><span aria-hidden=\"true\" class=\"wp-block-cover__background has-background-dim\"><\/span><img decoding=\"async\" width=\"1280\" height=\"854\" class=\"wp-block-cover__image-background wp-image-199756\" alt=\"cursos em Cagliari\" src=\"https:\/\/www.studiainitalia.com\/wp-content\/uploads\/2024\/10\/cagliari-3671983_1280.jpg\" data-object-fit=\"cover\" title=\"\" srcset=\"https:\/\/www.studiainitalia.com\/wp-content\/uploads\/2024\/10\/cagliari-3671983_1280.jpg 1280w, https:\/\/www.studiainitalia.com\/wp-content\/uploads\/2024\/10\/cagliari-3671983_1280-768x512.jpg 768w, https:\/\/www.studiainitalia.com\/wp-content\/uploads\/2024\/10\/cagliari-3671983_1280-1200x800.jpg 1200w, https:\/\/www.studiainitalia.com\/wp-content\/uploads\/2024\/10\/cagliari-3671983_1280-400x267.jpg 400w\" sizes=\"(max-width: 1280px) 100vw, 1280px\" \/><div class=\"wp-block-cover__inner-container is-layout-flow wp-block-cover-is-layout-flow\"><style>.wp-block-kadence-advancedheading.kt-adv-heading194128_05e829-9b, .wp-block-kadence-advancedheading.kt-adv-heading194128_05e829-9b[data-kb-block=\"kb-adv-heading194128_05e829-9b\"]{text-align:center;font-style:normal;}.wp-block-kadence-advancedheading.kt-adv-heading194128_05e829-9b mark.kt-highlight, .wp-block-kadence-advancedheading.kt-adv-heading194128_05e829-9b[data-kb-block=\"kb-adv-heading194128_05e829-9b\"] mark.kt-highlight{font-style:normal;color:#f76a0c;-webkit-box-decoration-break:clone;box-decoration-break:clone;padding-top:0px;padding-right:0px;padding-bottom:0px;padding-left:0px;}<\/style>\n<h1 class=\"kt-adv-heading194128_05e829-9b wp-block-kadence-advancedheading\" data-kb-block=\"kb-adv-heading194128_05e829-9b\">Cursos em Cagliari<\/h1>\n<\/div><\/div>\n<\/div>\n\n\n\n<div class=\"wp-block-column is-layout-flow wp-block-column-is-layout-flow\" style=\"padding-top:6%;padding-right:6%;padding-bottom:6%;padding-left:6%;flex-basis:40%\"><div  class=\"wp-block-ultimate-post-heading ultp-block-0afda6\"><div class=\"ultp-block-wrapper\"><div class=\"ultp-heading-wrap ultp-heading-style9 ultp-heading-left\"><h2 class=\"ultp-heading-inner\"><span>CAGLIARI<\/span><\/h2><\/div><\/div><\/div>\n\n<style>.wp-block-kadence-spacer.kt-block-spacer-_03022e-64 .kt-block-spacer{height:10px;}.wp-block-kadence-spacer.kt-block-spacer-_03022e-64 .kt-divider{border-top-width:1px;height:1px;border-top-color:var(--ast-global-color-1);width:100%;border-top-style:solid;}<\/style>\n<div class=\"wp-block-kadence-spacer aligncenter kt-block-spacer-_03022e-64\"><div class=\"kt-block-spacer kt-block-spacer-halign-center\"><hr class=\"kt-divider\"\/><\/div><\/div>\n\n\n\n<p>A cidade de Cagliari \u00e9 a mais importante da Sardenha. Pelas suas dimens\u00f5es e o car\u00e1ter amig\u00e1vel dos seus habitantes, Cagliari \u00e9 uma cidade perfeita para acolher os estudantes que querem aprender italiano. A sua posi\u00e7\u00e3o em frente ao mar, as suas origens antigas e as suas tradi\u00e7\u00f5es, permitem satisfazer as exig\u00eancias de todos.<\/p>\n<\/div>\n<\/div>\n\n\n<div  class=\"wp-block-ultimate-post-heading ultp-block-b4ab2c\"><div class=\"ultp-block-wrapper\"><div class=\"ultp-heading-wrap ultp-heading-style9 ultp-heading-center\"><h2 class=\"ultp-heading-inner\"><span>Elige seu curso em Cagliari<\/span><\/h2><\/div><\/div><\/div>\n\n<div data-block-name=\"woocommerce\/product-category\" data-categories=\"[1268]\" data-columns=\"6\" data-content-visibility=\"{&quot;image&quot;:true,&quot;title&quot;:true,&quot;price&quot;:true,&quot;rating&quot;:true,&quot;button&quot;:false}\" class=\"wc-block-grid wp-block-product-category wp-block-woocommerce-product-category wc-block-product-category has-6-columns has-multiple-rows\"><ul class=\"wc-block-grid__products\"><li class=\"wc-block-grid__product\"><span class=\"gtm4wp_productdata\" style=\"display:none; visibility:hidden;\" data-gtm4wp_product_data=\"{&quot;internal_id&quot;:188044,&quot;item_id&quot;:188044,&quot;item_name&quot;:&quot;Curso de italiano em Cagliari&quot;,&quot;sku&quot;:188044,&quot;price&quot;:360,&quot;stocklevel&quot;:null,&quot;stockstatus&quot;:&quot;instock&quot;,&quot;google_business_vertical&quot;:&quot;retail&quot;,&quot;item_category&quot;:&quot;Cursos em Cagliari&quot;,&quot;id&quot;:188044,&quot;productlink&quot;:&quot;https:\\\/\\\/www.studiainitalia.com\\\/pt-br\\\/cursos\\\/cursos-de-italiano-em-italia\\\/curso-de-italiano-em-cagliari\\\/&quot;,&quot;item_list_name&quot;:&quot;General Product List&quot;,&quot;index&quot;:0,&quot;product_type&quot;:&quot;variable&quot;,&quot;item_brand&quot;:&quot;&quot;}\"><\/span>\n\t\t\t\t<a href=\"https:\/\/www.studiainitalia.com\/pt-br\/cursos\/cursos-de-italiano-em-italia\/curso-de-italiano-em-cagliari\/\" class=\"wc-block-grid__product-link\">\n\t\t\t\t\t\n\t\t\t\t\t<div class=\"wc-block-grid__product-image\"><img decoding=\"async\" width=\"300\" height=\"300\" src=\"https:\/\/www.studiainitalia.com\/wp-content\/uploads\/2024\/03\/CAGLIARI-300x300.jpg\" class=\"attachment-woocommerce_thumbnail size-woocommerce_thumbnail\" alt=\"CAGLIARI\" srcset=\"https:\/\/www.studiainitalia.com\/wp-content\/uploads\/2024\/03\/CAGLIARI-300x300.jpg 300w, https:\/\/www.studiainitalia.com\/wp-content\/uploads\/2024\/03\/CAGLIARI-600x600.jpg 600w, https:\/\/www.studiainitalia.com\/wp-content\/uploads\/2024\/03\/CAGLIARI-100x100.jpg 100w, https:\/\/www.studiainitalia.com\/wp-content\/uploads\/2024\/03\/CAGLIARI-120x120.jpg 120w\" sizes=\"(max-width: 300px) 100vw, 300px\" title=\"\"><\/div>\n\t\t\t\t\t<div class=\"wc-block-grid__product-title\">Curso de italiano em Cagliari<\/div>\n\t\t\t\t<\/a>\n\t\t\t\t<div class=\"wc-block-grid__product-price price\"><span class=\"woocommerce-Price-amount amount\" aria-hidden=\"true\">360<span class=\"woocommerce-Price-currencySymbol\">&euro;<\/span><\/span> <span aria-hidden=\"true\">&ndash;<\/span> <span class=\"woocommerce-Price-amount amount\" aria-hidden=\"true\">1.970<span class=\"woocommerce-Price-currencySymbol\">&euro;<\/span><\/span><span class=\"screen-reader-text\">Price range: 360&euro; through 1.970&euro;<\/span><\/div>\n\t\t\t\t<div class=\"wc-block-grid__product-rating\"><div class=\"review-rating\"><div class=\"star-rating\"><span style=\"width:92.6%\">Avaliado como <strong class=\"rating\">4.63<\/strong> de 5, com baseado em <span class=\"rating\">8<\/span> avalia\u00e7\u00f5es de clientes<\/span><\/div><\/div><\/div>\n\t\t\t\t\n\t\t\t<\/li><\/ul><\/div>\n\n\n<div class=\"wp-block-columns alignfull has-ast-global-color-2-background-color has-background is-layout-flex wp-container-core-columns-is-layout-c7ed57bb wp-block-columns-is-layout-flex\" style=\"padding-top:5%;padding-right:10%;padding-bottom:5%;padding-left:10%\">\n<div class=\"wp-block-column is-layout-constrained wp-container-core-column-is-layout-80c0687d wp-block-column-is-layout-constrained\">\n<figure class=\"wp-block-image aligncenter size-full\"><img decoding=\"async\" width=\"52\" height=\"52\" src=\"https:\/\/www.studiainitalia.com\/wp-content\/uploads\/2016\/10\/italy4.png\" alt=\"\" class=\"wp-image-85623\" title=\"\"><\/figure>\n\n\n<div  class=\"wp-block-ultimate-post-heading ultp-block-e08798\"><div class=\"ultp-block-wrapper\"><div class=\"ultp-heading-wrap ultp-heading-style1 ultp-heading-center\"><h2 class=\"ultp-heading-inner\"><span><br>Por que Cagliari?<\/span><\/h2><\/div><\/div><\/div>\n\n\n<p>Gra\u00e7as ao seu tamanho e \u00e0 amabilidade de seus habitantes, Cagliari \u00e9 o lugar perfeito para estudantes que queiram aprender italiano. Sua por\u00e7\u00e3o de terra em frente ao mar, suas origens hist\u00f3ricas, tradi\u00e7\u00f5es e tesouros arqueol\u00f3gicos e monumentos medievais, encontram e satisfazem as necessidades de todos. Al\u00e9m do mais \u00e9 o ponto de sa\u00edda perfeito para se iniciar um tour pela ilha de Sardenha.<\/p>\n<\/div>\n\n\n\n<div class=\"wp-block-column is-layout-constrained wp-container-core-column-is-layout-80c0687d wp-block-column-is-layout-constrained\">\n<figure class=\"wp-block-image aligncenter size-full\"><img decoding=\"async\" width=\"50\" height=\"50\" src=\"https:\/\/www.studiainitalia.com\/wp-content\/uploads\/2022\/09\/caelndar2-3_png_webp.png\" alt=\"\" class=\"wp-image-94147\" title=\"\"><\/figure>\n\n\n<div  class=\"wp-block-ultimate-post-heading ultp-block-d1106f\"><div class=\"ultp-block-wrapper\"><div class=\"ultp-heading-wrap ultp-heading-style1 ultp-heading-center\"><h2 class=\"ultp-heading-inner\"><span>Quando ir?<\/span><\/h2><\/div><\/div><\/div>\n\n\n<p>Cagliari oferece um clima mediterraneo com ver\u00e3os quentes e secos e invernos tranq\u00fcilos. A partir da primavera at\u00e9 Setembro pode-se desfrutar de uma prazerosa temporada de praia.<\/p>\n<\/div>\n\n\n\n<div class=\"wp-block-column is-layout-constrained wp-container-core-column-is-layout-80c0687d wp-block-column-is-layout-constrained\">\n<figure class=\"wp-block-image aligncenter size-full\"><img decoding=\"async\" width=\"52\" height=\"52\" src=\"https:\/\/www.studiainitalia.com\/wp-content\/uploads\/2022\/09\/vespa-1_png_webp.png\" alt=\"\" class=\"wp-image-94148\" title=\"\"><\/figure>\n\n\n<div  class=\"wp-block-ultimate-post-heading ultp-block-baa645\"><div class=\"ultp-block-wrapper\"><div class=\"ultp-heading-wrap ultp-heading-style1 ultp-heading-center\"><h2 class=\"ultp-heading-inner\"><span><mark class=\"has-inline-color has-ast-global-color-1-color\">Como chegar?<\/mark><\/span><\/h2><\/div><\/div><\/div>\n\n\n<p>Existem muitos voos ao aeroporto internacional de Cagliari Elmas. Podemos organizar um transfer desde outros aeroportos at\u00e9 o seu alojamento em Cagliari.Para mais informa\u00e7\u00f5es sobre coisas para ver e fazer durante o curso de italiano em Cagliari, recomendamos que voc\u00ea leia o guia&nbsp;<a href=\"https:\/\/www.lonelyplanet.com\/italy\/sardinia\/cagliari\" target=\"_blank\" rel=\"noreferrer noopener\">Lonely Planet Guide to Cagliari<\/a>.<\/p>\n<\/div>\n<\/div>\n\n\n\n<div class=\"wp-block-columns alignfull are-vertically-aligned-center is-layout-flex wp-container-core-columns-is-layout-28f84493 wp-block-columns-is-layout-flex\">\n<div class=\"wp-block-column is-vertically-aligned-center is-layout-flow wp-block-column-is-layout-flow\" style=\"flex-basis:40%\">\n<figure class=\"wp-block-embed is-type-video is-provider-youtube wp-block-embed-youtube wp-embed-aspect-16-9 wp-has-aspect-ratio\"><div class=\"wp-block-embed__wrapper\">\n<iframe title=\"Cagliari. The life you want.\" width=\"500\" height=\"281\" src=\"https:\/\/www.youtube.com\/embed\/DY2c56KlesM?feature=oembed\" frameborder=\"0\" allow=\"accelerometer; autoplay; clipboard-write; encrypted-media; gyroscope; picture-in-picture; web-share\" referrerpolicy=\"strict-origin-when-cross-origin\" allowfullscreen><\/iframe>\n<\/div><\/figure>\n<\/div>\n\n\n\n<div class=\"wp-block-column is-vertically-aligned-center is-layout-flow wp-block-column-is-layout-flow\" style=\"flex-basis:60%\"><style>.kb-google-maps-container194128_45f28e-46{height:450px;}.kb-google-maps-container194128_45f28e-46{filter:grayscale(100%);}<\/style><div class=\"kb-google-maps-container kb-google-maps-container194128_45f28e-46  wp-block-kadence-googlemaps\" data-mapid=\"194128_45f28e46\"><iframe width=\"100%\" height=\"100%\"\n\t\t\t\t\t\t\tstyle=\"border:0\" loading=\"lazy\"\n\t\t\t\t\t\t\tsrc=\"https:\/\/www.google.com\/maps\/embed\/v1\/place?key=AIzaSyBAM2o7PiQqwk15LC1XRH2e_KJ-jUa7KYk&#038;zoom=11&#038;maptype=roadmap&#038;q=cagliari\"\n\t\t\t\t\t\t\ttitle=\"Google map of cagliari\"><\/iframe><\/div><script>function kb_google_map194128_45f28e46() { let center = { lat: 37.8201, lng: -122.4781}; let map = new google.maps.Map(document.getElementById(\"kb-google-map194128_45f28e46\"), {\n\t\t\t\t\t    zoom: 11,\n\t\t\t\t\t    center: center,});let marker = new google.maps.Marker({   position: { lat: 37.8201, lng: -122.4781},    map: map,  });}<\/script><\/div>\n<\/div>\n","protected":false},"excerpt":{"rendered":"<p>A cidade de Cagliari \u00e9 a mais importante da Sardenha. Pelas suas dimens\u00f5es e o car\u00e1ter amig\u00e1vel dos seus habitantes, Cagliari \u00e9 uma cidade perfeita para acolher os estudantes que querem aprender italiano. A sua posi\u00e7\u00e3o em frente ao mar, as suas origens antigas e as suas tradi\u00e7\u00f5es, permitem satisfazer as exig\u00eancias de todos. Gra\u00e7as [&hellip;]<\/p>\n","protected":false},"author":132,"featured_media":0,"parent":191783,"menu_order":61,"comment_status":"closed","ping_status":"closed","template":"","meta":{"_acf_changed":false,"_uag_custom_page_level_css":"","_kad_blocks_custom_css":"","_kad_blocks_head_custom_js":"","_kad_blocks_body_custom_js":"","_kad_blocks_footer_custom_js":"","site-sidebar-layout":"default","site-content-layout":"","ast-site-content-layout":"default","site-content-style":"default","site-sidebar-style":"default","ast-global-header-display":"","ast-banner-title-visibility":"","ast-main-header-display":"","ast-hfb-above-header-display":"","ast-hfb-below-header-display":"","ast-hfb-mobile-header-display":"","site-post-title":"","ast-breadcrumbs-content":"","ast-featured-img":"","footer-sml-layout":"","ast-disable-related-posts":"","theme-transparent-header-meta":"","adv-header-id-meta":"","stick-header-meta":"","header-above-stick-meta":"","header-main-stick-meta":"","header-below-stick-meta":"","astra-migrate-meta-layouts":"set","ast-page-background-enabled":"default","ast-page-background-meta":{"desktop":{"background-color":"var(--ast-global-color-4)","background-image":"","background-repeat":"repeat","background-position":"center center","background-size":"auto","background-attachment":"scroll","background-type":"","background-media":"","overlay-type":"","overlay-color":"","overlay-opacity":"","overlay-gradient":""},"tablet":{"background-color":"","background-image":"","background-repeat":"repeat","background-position":"center center","background-size":"auto","background-attachment":"scroll","background-type":"","background-media":"","overlay-type":"","overlay-color":"","overlay-opacity":"","overlay-gradient":""},"mobile":{"background-color":"","background-image":"","background-repeat":"repeat","background-position":"center center","background-size":"auto","background-attachment":"scroll","background-type":"","background-media":"","overlay-type":"","overlay-color":"","overlay-opacity":"","overlay-gradient":""}},"ast-content-background-meta":{"desktop":{"background-color":"var(--ast-global-color-5)","background-image":"","background-repeat":"repeat","background-position":"center center","background-size":"auto","background-attachment":"scroll","background-type":"","background-media":"","overlay-type":"","overlay-color":"","overlay-opacity":"","overlay-gradient":""},"tablet":{"background-color":"var(--ast-global-color-5)","background-image":"","background-repeat":"repeat","background-position":"center center","background-size":"auto","background-attachment":"scroll","background-type":"","background-media":"","overlay-type":"","overlay-color":"","overlay-opacity":"","overlay-gradient":""},"mobile":{"background-color":"var(--ast-global-color-5)","background-image":"","background-repeat":"repeat","background-position":"center center","background-size":"auto","background-attachment":"scroll","background-type":"","background-media":"","overlay-type":"","overlay-color":"","overlay-opacity":"","overlay-gradient":""}},"footnotes":""},"class_list":["post-194128","page","type-page","status-publish","hentry"],"acf":[],"taxonomy_info":[],"featured_image_src_large":false,"author_info":{"display_name":"Jordi Torres","author_link":"https:\/\/www.studiainitalia.com\/pt-br\/author\/creativa\/"},"comment_info":0,"uagb_featured_image_src":{"full":false,"thumbnail":false,"medium":false,"medium_large":false,"large":false,"1536x1536":false,"2048x2048":false,"ultp_layout_landscape_large":false,"ultp_layout_landscape":false,"ultp_layout_portrait":false,"ultp_layout_square":false,"gform-image-choice-sm":false,"gform-image-choice-md":false,"gform-image-choice-lg":false,"woocommerce_thumbnail":false,"woocommerce_single":false,"woocommerce_gallery_thumbnail":false,"yarpp-thumbnail":false},"uagb_author_info":{"display_name":"Jordi Torres","author_link":"https:\/\/www.studiainitalia.com\/pt-br\/author\/creativa\/"},"uagb_comment_info":0,"uagb_excerpt":"A cidade de Cagliari \u00e9 a mais importante da Sardenha. Pelas suas dimens\u00f5es e o car\u00e1ter amig\u00e1vel dos seus habitantes, Cagliari \u00e9 uma cidade perfeita para acolher os estudantes que querem aprender italiano. A sua posi\u00e7\u00e3o em frente ao mar, as suas origens antigas e as suas tradi\u00e7\u00f5es, permitem satisfazer as exig\u00eancias de todos. Gra\u00e7as&hellip;","_links":{"self":[{"href":"https:\/\/www.studiainitalia.com\/pt-br\/wp-json\/wp\/v2\/pages\/194128","targetHints":{"allow":["GET"]}}],"collection":[{"href":"https:\/\/www.studiainitalia.com\/pt-br\/wp-json\/wp\/v2\/pages"}],"about":[{"href":"https:\/\/www.studiainitalia.com\/pt-br\/wp-json\/wp\/v2\/types\/page"}],"author":[{"embeddable":true,"href":"https:\/\/www.studiainitalia.com\/pt-br\/wp-json\/wp\/v2\/users\/132"}],"replies":[{"embeddable":true,"href":"https:\/\/www.studiainitalia.com\/pt-br\/wp-json\/wp\/v2\/comments?post=194128"}],"version-history":[{"count":0,"href":"https:\/\/www.studiainitalia.com\/pt-br\/wp-json\/wp\/v2\/pages\/194128\/revisions"}],"up":[{"embeddable":true,"href":"https:\/\/www.studiainitalia.com\/pt-br\/wp-json\/wp\/v2\/pages\/191783"}],"wp:attachment":[{"href":"https:\/\/www.studiainitalia.com\/pt-br\/wp-json\/wp\/v2\/media?parent=194128"}],"curies":[{"name":"wp","href":"https:\/\/api.w.org\/{rel}","templated":true}]}}