{"id":194274,"date":"2022-10-03T14:04:57","date_gmt":"2022-10-03T12:04:57","guid":{"rendered":"https:\/\/www.studiainitalia.com\/?page_id=194274"},"modified":"2026-01-12T15:35:40","modified_gmt":"2026-01-12T14:35:40","slug":"cursos-em-trapani","status":"publish","type":"page","link":"https:\/\/www.studiainitalia.com\/pt-br\/destinos\/cursos-em-trapani\/","title":{"rendered":"Trapani"},"content":{"rendered":"\n<div class=\"wp-block-columns alignfull has-ast-global-color-2-background-color has-background is-layout-flex wp-container-core-columns-is-layout-c6bc58be wp-block-columns-is-layout-flex\" style=\"padding-top:0px;padding-right:0px;padding-bottom:0px;padding-left:0px\">\n<div class=\"wp-block-column is-layout-flow wp-block-column-is-layout-flow\" style=\"flex-basis:60%\">\n<div class=\"wp-block-cover alignfull is-light\" style=\"min-height:458px;aspect-ratio:unset;\"><img decoding=\"async\" class=\"wp-block-cover__image-background wp-image-203597 size-full\" alt=\"\" src=\"https:\/\/www.studiainitalia.com\/wp-content\/uploads\/2026\/01\/trapani.jpg\" data-object-fit=\"cover\" title=\"\"><span aria-hidden=\"true\" class=\"wp-block-cover__background has-background-dim\" style=\"background-color:#9db1be\"><\/span><div class=\"wp-block-cover__inner-container is-layout-flow wp-block-cover-is-layout-flow\"><style>.wp-block-kadence-advancedheading.kt-adv-heading194274_e199bf-3a, .wp-block-kadence-advancedheading.kt-adv-heading194274_e199bf-3a[data-kb-block=\"kb-adv-heading194274_e199bf-3a\"]{text-align:center;font-style:normal;}.wp-block-kadence-advancedheading.kt-adv-heading194274_e199bf-3a mark.kt-highlight, .wp-block-kadence-advancedheading.kt-adv-heading194274_e199bf-3a[data-kb-block=\"kb-adv-heading194274_e199bf-3a\"] mark.kt-highlight{font-style:normal;color:#f76a0c;-webkit-box-decoration-break:clone;box-decoration-break:clone;padding-top:0px;padding-right:0px;padding-bottom:0px;padding-left:0px;}<\/style>\n<h1 class=\"kt-adv-heading194274_e199bf-3a wp-block-kadence-advancedheading\" data-kb-block=\"kb-adv-heading194274_e199bf-3a\">Trapani <\/h1>\n<\/div><\/div>\n<\/div>\n\n\n\n<div class=\"wp-block-column is-layout-flow wp-block-column-is-layout-flow\" style=\"padding-top:6%;padding-right:6%;padding-bottom:6%;padding-left:6%;flex-basis:40%\"><div  class=\"wp-block-ultimate-post-heading ultp-block-5ad663\"><div class=\"ultp-block-wrapper\"><div class=\"ultp-heading-wrap ultp-heading-style9 ultp-heading-left\"><h2 class=\"ultp-heading-inner\"><span>TRAPANI<\/span><\/h2><\/div><\/div><\/div>\n\n<style>.wp-block-kadence-spacer.kt-block-spacer-_03022e-64 .kt-block-spacer{height:10px;}.wp-block-kadence-spacer.kt-block-spacer-_03022e-64 .kt-divider{border-top-width:1px;height:1px;border-top-color:var(--ast-global-color-1);width:100%;border-top-style:solid;}<\/style>\n<div class=\"wp-block-kadence-spacer aligncenter kt-block-spacer-_03022e-64\"><div class=\"kt-block-spacer kt-block-spacer-halign-center\"><hr class=\"kt-divider\"\/><\/div><\/div>\n\n\n\n<p> Localizada no cora\u00e7\u00e3o do <strong>Mar Mediterr\u00e2neo<\/strong>, a <strong>Sic\u00edlia<\/strong> \u00e9 o ponto de encontro entre as culturas ocidentais e orientais do Mediterr\u00e2neo. Gra\u00e7as \u00e0 sua posi\u00e7\u00e3o estrat\u00e9gica, <strong>Trapani<\/strong> \u2014 a quinta maior cidade da Sic\u00edlia \u2014 sempre esteve profundamente ligada ao <strong>Mediterr\u00e2neo Ocidental<\/strong>, <\/p>\n\n\n\n<p>Os amantes da natureza podem explorar as <strong>Ilhas Egadi<\/strong>, a <strong>Reserva Natural do Zingaro<\/strong> e as ic\u00f3nicas <strong>salinas de Trapani e Paceco<\/strong>. Com mais tempo, a ilha vulc\u00e2nica de <strong>Pantelleria<\/strong> destaca-se como um dos destinos mais bonitos do Mediterr\u00e2neo.<\/p>\n<\/div>\n<\/div>\n\n\n<div  class=\"wp-block-ultimate-post-heading ultp-block-4c7456\"><div class=\"ultp-block-wrapper\"><div class=\"ultp-heading-wrap ultp-heading-style9 ultp-heading-center\"><h2 class=\"ultp-heading-inner\"><span>Elige seu curso em Trapani<\/span><\/h2><\/div><\/div><\/div>\n\n<div data-block-name=\"woocommerce\/product-category\" data-categories=\"[2025]\" data-columns=\"6\" data-content-visibility=\"{&quot;image&quot;:true,&quot;title&quot;:true,&quot;price&quot;:true,&quot;rating&quot;:true,&quot;button&quot;:false}\" class=\"wc-block-grid wp-block-product-category wp-block-woocommerce-product-category wc-block-product-category has-6-columns has-multiple-rows\"><ul class=\"wc-block-grid__products\"><li class=\"wc-block-grid__product\"><span class=\"gtm4wp_productdata\" style=\"display:none; visibility:hidden;\" data-gtm4wp_product_data=\"{&quot;internal_id&quot;:203670,&quot;item_id&quot;:203670,&quot;item_name&quot;:&quot;Curso de italiano em Trapani&quot;,&quot;sku&quot;:203670,&quot;price&quot;:285,&quot;stocklevel&quot;:null,&quot;stockstatus&quot;:&quot;instock&quot;,&quot;google_business_vertical&quot;:&quot;retail&quot;,&quot;item_category&quot;:&quot;Cursos em Trapani&quot;,&quot;id&quot;:203670,&quot;productlink&quot;:&quot;https:\\\/\\\/www.studiainitalia.com\\\/pt-br\\\/cursos\\\/cursos-de-italiano-em-italia\\\/curso-de-italiano-em-trapani\\\/&quot;,&quot;item_list_name&quot;:&quot;General Product List&quot;,&quot;index&quot;:0,&quot;product_type&quot;:&quot;variable&quot;,&quot;item_brand&quot;:&quot;&quot;}\"><\/span>\n\t\t\t\t<a href=\"https:\/\/www.studiainitalia.com\/pt-br\/cursos\/cursos-de-italiano-em-italia\/curso-de-italiano-em-trapani\/\" class=\"wc-block-grid__product-link\">\n\t\t\t\t\t\n\t\t\t\t\t<div class=\"wc-block-grid__product-image\"><img decoding=\"async\" width=\"300\" height=\"300\" src=\"https:\/\/www.studiainitalia.com\/wp-content\/uploads\/2026\/01\/trapani-1-300x300.jpg\" class=\"attachment-woocommerce_thumbnail size-woocommerce_thumbnail\" alt=\"Curso de italiano em Trapani\" srcset=\"https:\/\/www.studiainitalia.com\/wp-content\/uploads\/2026\/01\/trapani-1-300x300.jpg 300w, https:\/\/www.studiainitalia.com\/wp-content\/uploads\/2026\/01\/trapani-1-600x600.jpg 600w, https:\/\/www.studiainitalia.com\/wp-content\/uploads\/2026\/01\/trapani-1-100x100.jpg 100w, https:\/\/www.studiainitalia.com\/wp-content\/uploads\/2026\/01\/trapani-1-120x120.jpg 120w\" sizes=\"(max-width: 300px) 100vw, 300px\" title=\"\"><\/div>\n\t\t\t\t\t<div class=\"wc-block-grid__product-title\">Curso de italiano em Trapani<\/div>\n\t\t\t\t<\/a>\n\t\t\t\t<div class=\"wc-block-grid__product-price price\"><span class=\"woocommerce-Price-amount amount\" aria-hidden=\"true\">285<span class=\"woocommerce-Price-currencySymbol\">&euro;<\/span><\/span> <span aria-hidden=\"true\">&ndash;<\/span> <span class=\"woocommerce-Price-amount amount\" aria-hidden=\"true\">870<span class=\"woocommerce-Price-currencySymbol\">&euro;<\/span><\/span><span class=\"screen-reader-text\">Price range: 285&euro; through 870&euro;<\/span><\/div>\n\t\t\t\t<div class=\"wc-block-grid__product-rating\"><div class=\"review-rating\"><div class=\"star-rating\"><span style=\"width:100%\">Avaliado como <strong class=\"rating\">5.00<\/strong> de 5, com baseado em <span class=\"rating\">1<\/span> avalia\u00e7\u00e3o de cliente<\/span><\/div><\/div><\/div>\n\t\t\t\t\n\t\t\t<\/li><\/ul><\/div>\n\n\n<div class=\"wp-block-columns alignfull has-ast-global-color-2-background-color has-background is-layout-flex wp-container-core-columns-is-layout-c7ed57bb wp-block-columns-is-layout-flex\" style=\"padding-top:5%;padding-right:10%;padding-bottom:5%;padding-left:10%\">\n<div class=\"wp-block-column is-layout-constrained wp-container-core-column-is-layout-80c0687d wp-block-column-is-layout-constrained\">\n<figure class=\"wp-block-image aligncenter size-full\"><img decoding=\"async\" width=\"52\" height=\"52\" src=\"https:\/\/www.studiainitalia.com\/wp-content\/uploads\/2016\/11\/sorrentobbbb.png\" alt=\"\" class=\"wp-image-85703\" title=\"\"><\/figure>\n\n\n<div  class=\"wp-block-ultimate-post-heading ultp-block-a70d3c\"><div class=\"ultp-block-wrapper\"><div class=\"ultp-heading-wrap ultp-heading-style1 ultp-heading-center\"><h2 class=\"ultp-heading-inner\"><span>Por que Trapani?<\/span><\/h2><\/div><\/div><\/div>\n\n\n<p>Trapani \u00e9 o principal centro tur\u00edstico da Sic\u00edlia Ocidental, oferecendo f\u00e1cil acesso a um patrim\u00f3nio cultural extraordin\u00e1rio: Mozia e as suas ru\u00ednas p\u00fanicas, Mazara del Vallo com a sua Casbah \u00e1rabe, Marsala e a sua hist\u00f3ria romana, Selinunte, o maior parque arqueol\u00f3gico da Europa, e os s\u00edtios elimos de Erice e Segesta<\/p>\n<\/div>\n\n\n\n<div class=\"wp-block-column is-layout-constrained wp-container-core-column-is-layout-80c0687d wp-block-column-is-layout-constrained\">\n<figure class=\"wp-block-image aligncenter size-full\"><img decoding=\"async\" width=\"50\" height=\"50\" src=\"https:\/\/www.studiainitalia.com\/wp-content\/uploads\/2022\/09\/caelndar2-3_png_webp.png\" alt=\"\" class=\"wp-image-94147\" title=\"\"><\/figure>\n\n\n<div  class=\"wp-block-ultimate-post-heading ultp-block-2024aa\"><div class=\"ultp-block-wrapper\"><div class=\"ultp-heading-wrap ultp-heading-style1 ultp-heading-center\"><h2 class=\"ultp-heading-inner\"><span>Quando ir?<\/span><\/h2><\/div><\/div><\/div>\n\n\n<p>O melhor per\u00edodo para se visitar Trapani \u00e9 a primavera quando as temperaturas s\u00e3o agrad\u00e1veis; o ver\u00e3o tamb\u00e9m \u00e9 uma boa temporada e pela sua posi\u00e7\u00e3o no litoral o calor \u00e9 moderado devido \u00e0 brisa do mar.<\/p>\n<\/div>\n\n\n\n<div class=\"wp-block-column is-layout-constrained wp-container-core-column-is-layout-80c0687d wp-block-column-is-layout-constrained\">\n<figure class=\"wp-block-image aligncenter size-full\"><img decoding=\"async\" width=\"52\" height=\"52\" src=\"https:\/\/www.studiainitalia.com\/wp-content\/uploads\/2022\/09\/vespa-1_png_webp.png\" alt=\"\" class=\"wp-image-94148\" title=\"\"><\/figure>\n\n\n<div  class=\"wp-block-ultimate-post-heading ultp-block-6a6f02\"><div class=\"ultp-block-wrapper\"><div class=\"ultp-heading-wrap ultp-heading-style1 ultp-heading-center\"><h2 class=\"ultp-heading-inner\"><span>Como chegar?<\/span><\/h2><\/div><\/div><\/div>\n\n\n<p>Existem muitos voos ao aeroporto internacional de Trapani e Palermo. Para mais informa\u00e7\u00f5es sobre coisas para ver e fazer durante seu curso de italiano em Trapani, recomendamos que voc\u00ea leia&nbsp;<a href=\"https:\/\/www.lonelyplanet.com\/destinations\/italy\/sicily\/trapani\" data-type=\"link\" data-id=\"https:\/\/www.lonelyplanet.com\/destinations\/italy\/sicily\/trapani\" target=\"_blank\" rel=\"noopener\">Lonely Planet Guide to Trapani.<\/a><\/p>\n<\/div>\n<\/div>\n\n\n\n<div class=\"wp-block-columns alignfull are-vertically-aligned-center is-layout-flex wp-container-core-columns-is-layout-28f84493 wp-block-columns-is-layout-flex\">\n<div class=\"wp-block-column is-vertically-aligned-center is-layout-flow wp-block-column-is-layout-flow\" style=\"flex-basis:100%\"><style>.kb-google-maps-container194274_2f04bc-d0{height:450px;}.kb-google-maps-container194274_2f04bc-d0{filter:grayscale(100%);}<\/style><div class=\"kb-google-maps-container kb-google-maps-container194274_2f04bc-d0  wp-block-kadence-googlemaps\" data-mapid=\"194274_2f04bcd0\"><iframe width=\"100%\" height=\"100%\"\n\t\t\t\t\t\t\tstyle=\"border:0\" loading=\"lazy\"\n\t\t\t\t\t\t\tsrc=\"https:\/\/www.google.com\/maps\/embed\/v1\/place?key=AIzaSyBAM2o7PiQqwk15LC1XRH2e_KJ-jUa7KYk&#038;zoom=13&#038;maptype=roadmap&#038;q=Trapani%2C+Italia\"\n\t\t\t\t\t\t\ttitle=\"Google map of Trapani, Italia\"><\/iframe><\/div><script>function kb_google_map194274_2f04bcd0() { let center = { lat: 37.8201, lng: -122.4781}; let map = new google.maps.Map(document.getElementById(\"kb-google-map194274_2f04bcd0\"), {\n\t\t\t\t\t    zoom: 13,\n\t\t\t\t\t    center: center,});let marker = new google.maps.Marker({   position: { lat: 37.8201, lng: -122.4781},    map: map,  });}<\/script><\/div>\n<\/div>\n","protected":false},"excerpt":{"rendered":"<p>Localizada no cora\u00e7\u00e3o do Mar Mediterr\u00e2neo, a Sic\u00edlia \u00e9 o ponto de encontro entre as culturas ocidentais e orientais do Mediterr\u00e2neo. Gra\u00e7as \u00e0 sua posi\u00e7\u00e3o estrat\u00e9gica, Trapani \u2014 a quinta maior cidade da Sic\u00edlia \u2014 sempre esteve profundamente ligada ao Mediterr\u00e2neo Ocidental, Os amantes da natureza podem explorar as Ilhas Egadi, a Reserva Natural do [&hellip;]<\/p>\n","protected":false},"author":132,"featured_media":0,"parent":191783,"menu_order":61,"comment_status":"closed","ping_status":"closed","template":"","meta":{"_acf_changed":false,"_uag_custom_page_level_css":"","_kad_blocks_custom_css":"","_kad_blocks_head_custom_js":"","_kad_blocks_body_custom_js":"","_kad_blocks_footer_custom_js":"","site-sidebar-layout":"default","site-content-layout":"","ast-site-content-layout":"default","site-content-style":"default","site-sidebar-style":"default","ast-global-header-display":"","ast-banner-title-visibility":"","ast-main-header-display":"","ast-hfb-above-header-display":"","ast-hfb-below-header-display":"","ast-hfb-mobile-header-display":"","site-post-title":"","ast-breadcrumbs-content":"","ast-featured-img":"","footer-sml-layout":"","ast-disable-related-posts":"","theme-transparent-header-meta":"","adv-header-id-meta":"","stick-header-meta":"","header-above-stick-meta":"","header-main-stick-meta":"","header-below-stick-meta":"","astra-migrate-meta-layouts":"set","ast-page-background-enabled":"default","ast-page-background-meta":{"desktop":{"background-color":"var(--ast-global-color-4)","background-image":"","background-repeat":"repeat","background-position":"center center","background-size":"auto","background-attachment":"scroll","background-type":"","background-media":"","overlay-type":"","overlay-color":"","overlay-opacity":"","overlay-gradient":""},"tablet":{"background-color":"","background-image":"","background-repeat":"repeat","background-position":"center center","background-size":"auto","background-attachment":"scroll","background-type":"","background-media":"","overlay-type":"","overlay-color":"","overlay-opacity":"","overlay-gradient":""},"mobile":{"background-color":"","background-image":"","background-repeat":"repeat","background-position":"center center","background-size":"auto","background-attachment":"scroll","background-type":"","background-media":"","overlay-type":"","overlay-color":"","overlay-opacity":"","overlay-gradient":""}},"ast-content-background-meta":{"desktop":{"background-color":"var(--ast-global-color-5)","background-image":"","background-repeat":"repeat","background-position":"center center","background-size":"auto","background-attachment":"scroll","background-type":"","background-media":"","overlay-type":"","overlay-color":"","overlay-opacity":"","overlay-gradient":""},"tablet":{"background-color":"var(--ast-global-color-5)","background-image":"","background-repeat":"repeat","background-position":"center center","background-size":"auto","background-attachment":"scroll","background-type":"","background-media":"","overlay-type":"","overlay-color":"","overlay-opacity":"","overlay-gradient":""},"mobile":{"background-color":"var(--ast-global-color-5)","background-image":"","background-repeat":"repeat","background-position":"center center","background-size":"auto","background-attachment":"scroll","background-type":"","background-media":"","overlay-type":"","overlay-color":"","overlay-opacity":"","overlay-gradient":""}},"footnotes":""},"class_list":["post-194274","page","type-page","status-publish","hentry"],"acf":[],"taxonomy_info":[],"featured_image_src_large":false,"author_info":{"display_name":"Jordi Torres","author_link":"https:\/\/www.studiainitalia.com\/pt-br\/author\/creativa\/"},"comment_info":0,"uagb_featured_image_src":{"full":false,"thumbnail":false,"medium":false,"medium_large":false,"large":false,"1536x1536":false,"2048x2048":false,"ultp_layout_landscape_large":false,"ultp_layout_landscape":false,"ultp_layout_portrait":false,"ultp_layout_square":false,"gform-image-choice-sm":false,"gform-image-choice-md":false,"gform-image-choice-lg":false,"woocommerce_thumbnail":false,"woocommerce_single":false,"woocommerce_gallery_thumbnail":false,"yarpp-thumbnail":false},"uagb_author_info":{"display_name":"Jordi Torres","author_link":"https:\/\/www.studiainitalia.com\/pt-br\/author\/creativa\/"},"uagb_comment_info":0,"uagb_excerpt":"Localizada no cora\u00e7\u00e3o do Mar Mediterr\u00e2neo, a Sic\u00edlia \u00e9 o ponto de encontro entre as culturas ocidentais e orientais do Mediterr\u00e2neo. Gra\u00e7as \u00e0 sua posi\u00e7\u00e3o estrat\u00e9gica, Trapani \u2014 a quinta maior cidade da Sic\u00edlia \u2014 sempre esteve profundamente ligada ao Mediterr\u00e2neo Ocidental, Os amantes da natureza podem explorar as Ilhas Egadi, a Reserva Natural do&hellip;","_links":{"self":[{"href":"https:\/\/www.studiainitalia.com\/pt-br\/wp-json\/wp\/v2\/pages\/194274","targetHints":{"allow":["GET"]}}],"collection":[{"href":"https:\/\/www.studiainitalia.com\/pt-br\/wp-json\/wp\/v2\/pages"}],"about":[{"href":"https:\/\/www.studiainitalia.com\/pt-br\/wp-json\/wp\/v2\/types\/page"}],"author":[{"embeddable":true,"href":"https:\/\/www.studiainitalia.com\/pt-br\/wp-json\/wp\/v2\/users\/132"}],"replies":[{"embeddable":true,"href":"https:\/\/www.studiainitalia.com\/pt-br\/wp-json\/wp\/v2\/comments?post=194274"}],"version-history":[{"count":0,"href":"https:\/\/www.studiainitalia.com\/pt-br\/wp-json\/wp\/v2\/pages\/194274\/revisions"}],"up":[{"embeddable":true,"href":"https:\/\/www.studiainitalia.com\/pt-br\/wp-json\/wp\/v2\/pages\/191783"}],"wp:attachment":[{"href":"https:\/\/www.studiainitalia.com\/pt-br\/wp-json\/wp\/v2\/media?parent=194274"}],"curies":[{"name":"wp","href":"https:\/\/api.w.org\/{rel}","templated":true}]}}