{"id":194294,"date":"2022-10-03T14:18:37","date_gmt":"2022-10-03T12:18:37","guid":{"rendered":"https:\/\/www.studiainitalia.com\/?page_id=194294"},"modified":"2025-12-13T14:20:12","modified_gmt":"2025-12-13T13:20:12","slug":"cursos-em-tropea","status":"publish","type":"page","link":"https:\/\/www.studiainitalia.com\/pt-br\/destinos\/cursos-em-tropea\/","title":{"rendered":"Cursos em Tropea"},"content":{"rendered":"\n<div class=\"wp-block-columns alignfull has-ast-global-color-2-background-color has-background is-layout-flex wp-container-core-columns-is-layout-c6bc58be wp-block-columns-is-layout-flex\" style=\"padding-top:0px;padding-right:0px;padding-bottom:0px;padding-left:0px\">\n<div class=\"wp-block-column is-layout-flow wp-block-column-is-layout-flow\" style=\"flex-basis:60%\">\n<div class=\"wp-block-cover alignfull is-light\" style=\"min-height:645px;aspect-ratio:unset;\"><img decoding=\"async\" width=\"700\" height=\"370\" class=\"wp-block-cover__image-background wp-image-75252\" alt=\"Italiano em Tropea\" src=\"https:\/\/www.studiainitalia.com\/wp-content\/uploads2018\/10\/Unusual-Cities-to-Study-Abroad-in-Italy-Tropea.jpg\" data-object-fit=\"cover\" title=\"\" srcset=\"https:\/\/www.studiainitalia.com\/wp-content\/uploads\/2018\/10\/Unusual-Cities-to-Study-Abroad-in-Italy-Tropea.jpg 700w, https:\/\/www.studiainitalia.com\/wp-content\/uploads\/2018\/10\/Unusual-Cities-to-Study-Abroad-in-Italy-Tropea-300x159.jpg 300w, https:\/\/www.studiainitalia.com\/wp-content\/uploads\/2018\/10\/Unusual-Cities-to-Study-Abroad-in-Italy-Tropea-400x211.jpg 400w\" sizes=\"(max-width: 700px) 100vw, 700px\" \/><span aria-hidden=\"true\" class=\"wp-block-cover__background has-background-dim\"><\/span><div class=\"wp-block-cover__inner-container is-layout-flow wp-block-cover-is-layout-flow\"><style>.wp-block-kadence-advancedheading.kt-adv-heading194294_11bb29-aa, .wp-block-kadence-advancedheading.kt-adv-heading194294_11bb29-aa[data-kb-block=\"kb-adv-heading194294_11bb29-aa\"]{text-align:center;font-style:normal;}.wp-block-kadence-advancedheading.kt-adv-heading194294_11bb29-aa mark.kt-highlight, .wp-block-kadence-advancedheading.kt-adv-heading194294_11bb29-aa[data-kb-block=\"kb-adv-heading194294_11bb29-aa\"] mark.kt-highlight{font-style:normal;color:#f76a0c;-webkit-box-decoration-break:clone;box-decoration-break:clone;padding-top:0px;padding-right:0px;padding-bottom:0px;padding-left:0px;}<\/style>\n<h1 class=\"kt-adv-heading194294_11bb29-aa wp-block-kadence-advancedheading\" data-kb-block=\"kb-adv-heading194294_11bb29-aa\">Cursos em Tropea<\/h1>\n<\/div><\/div>\n<\/div>\n\n\n\n<div class=\"wp-block-column is-layout-flow wp-block-column-is-layout-flow\" style=\"padding-top:6%;padding-right:6%;padding-bottom:6%;padding-left:6%;flex-basis:40%\"><div  class=\"wp-block-ultimate-post-heading ultp-block-8a8d40\"><div class=\"ultp-block-wrapper\"><div class=\"ultp-heading-wrap ultp-heading-style9 ultp-heading-left\"><h2 class=\"ultp-heading-inner\"><span>TROPEA<\/span><\/h2><\/div><\/div><\/div>\n\n<style>.wp-block-kadence-spacer.kt-block-spacer-_03022e-64 .kt-block-spacer{height:10px;}.wp-block-kadence-spacer.kt-block-spacer-_03022e-64 .kt-divider{border-top-width:1px;height:1px;border-top-color:var(--ast-global-color-1);width:100%;border-top-style:solid;}<\/style>\n<div class=\"wp-block-kadence-spacer aligncenter kt-block-spacer-_03022e-64\"><div class=\"kt-block-spacer kt-block-spacer-halign-center\"><hr class=\"kt-divider\"\/><\/div><\/div>\n\n\n\n<p>Numa parte da costa tirr\u00eanica sobre o promont\u00f3rio que compreende o Golfo de Gioia e de S. Eufemia, Tropea goza de uma esplendida posi\u00e7\u00e3o panor\u00e2mica e \u00e9 centro tur\u00edstico por excel\u00eancia da Calabria.<\/p>\n<\/div>\n<\/div>\n\n\n<div  class=\"wp-block-ultimate-post-heading ultp-block-8bc8c2\"><div class=\"ultp-block-wrapper\"><div class=\"ultp-heading-wrap ultp-heading-style9 ultp-heading-center\"><h2 class=\"ultp-heading-inner\"><span>Elige seu cursos em Tropea<\/span><\/h2><\/div><\/div><\/div>\n\n<div data-block-name=\"woocommerce\/product-category\" data-categories=\"[1304]\" data-columns=\"6\" data-content-visibility=\"{&quot;image&quot;:true,&quot;title&quot;:true,&quot;price&quot;:true,&quot;rating&quot;:true,&quot;button&quot;:false}\" class=\"wc-block-grid wp-block-product-category wp-block-woocommerce-product-category wc-block-product-category has-6-columns has-multiple-rows\"><ul class=\"wc-block-grid__products\"><li class=\"wc-block-grid__product\"><span class=\"gtm4wp_productdata\" style=\"display:none; visibility:hidden;\" data-gtm4wp_product_data=\"{&quot;internal_id&quot;:188333,&quot;item_id&quot;:188333,&quot;item_name&quot;:&quot;Curso de italiano em Tropea&quot;,&quot;sku&quot;:188333,&quot;price&quot;:375,&quot;stocklevel&quot;:null,&quot;stockstatus&quot;:&quot;instock&quot;,&quot;google_business_vertical&quot;:&quot;retail&quot;,&quot;item_category&quot;:&quot;Cursos em Tropea&quot;,&quot;id&quot;:188333,&quot;productlink&quot;:&quot;https:\\\/\\\/www.studiainitalia.com\\\/pt-br\\\/cursos\\\/cursos-de-italiano-em-italia\\\/italiano-em-tropea\\\/&quot;,&quot;item_list_name&quot;:&quot;General Product List&quot;,&quot;index&quot;:0,&quot;product_type&quot;:&quot;variable&quot;,&quot;item_brand&quot;:&quot;&quot;}\"><\/span>\n\t\t\t\t<a href=\"https:\/\/www.studiainitalia.com\/pt-br\/cursos\/cursos-de-italiano-em-italia\/italiano-em-tropea\/\" class=\"wc-block-grid__product-link\">\n\t\t\t\t\t\n\t\t\t\t\t<div class=\"wc-block-grid__product-image\"><img decoding=\"async\" width=\"300\" height=\"300\" src=\"https:\/\/www.studiainitalia.com\/wp-content\/uploads\/2024\/03\/tropea1-300x300.jpg\" class=\"attachment-woocommerce_thumbnail size-woocommerce_thumbnail\" alt=\"TROPEA\" srcset=\"https:\/\/www.studiainitalia.com\/wp-content\/uploads\/2024\/03\/tropea1-300x300.jpg 300w, https:\/\/www.studiainitalia.com\/wp-content\/uploads\/2024\/03\/tropea1-600x600.jpg 600w, https:\/\/www.studiainitalia.com\/wp-content\/uploads\/2024\/03\/tropea1-100x100.jpg 100w, https:\/\/www.studiainitalia.com\/wp-content\/uploads\/2024\/03\/tropea1-120x120.jpg 120w\" sizes=\"(max-width: 300px) 100vw, 300px\" title=\"\"><\/div>\n\t\t\t\t\t<div class=\"wc-block-grid__product-title\">Curso de italiano em Tropea<\/div>\n\t\t\t\t<\/a>\n\t\t\t\t<div class=\"wc-block-grid__product-price price\"><span class=\"woocommerce-Price-amount amount\" aria-hidden=\"true\">375<span class=\"woocommerce-Price-currencySymbol\">&euro;<\/span><\/span> <span aria-hidden=\"true\">&ndash;<\/span> <span class=\"woocommerce-Price-amount amount\" aria-hidden=\"true\">960<span class=\"woocommerce-Price-currencySymbol\">&euro;<\/span><\/span><span class=\"screen-reader-text\">Price range: 375&euro; through 960&euro;<\/span><\/div>\n\t\t\t\t<div class=\"wc-block-grid__product-rating\"><div class=\"review-rating\"><div class=\"star-rating\"><span style=\"width:100%\">Avaliado como <strong class=\"rating\">5.00<\/strong> de 5, com baseado em <span class=\"rating\">12<\/span> avalia\u00e7\u00f5es de clientes<\/span><\/div><\/div><\/div>\n\t\t\t\t\n\t\t\t<\/li><\/ul><\/div>\n\n\n<div class=\"wp-block-columns alignfull has-ast-global-color-2-background-color has-background is-layout-flex wp-container-core-columns-is-layout-c7ed57bb wp-block-columns-is-layout-flex\" style=\"padding-top:5%;padding-right:10%;padding-bottom:5%;padding-left:10%\">\n<div class=\"wp-block-column is-layout-constrained wp-container-core-column-is-layout-80c0687d wp-block-column-is-layout-constrained\">\n<figure class=\"wp-block-image aligncenter size-full\"><img decoding=\"async\" width=\"52\" height=\"52\" src=\"https:\/\/www.studiainitalia.com\/wp-content\/uploads\/2016\/10\/italy4.png\" alt=\"\" class=\"wp-image-85623\" title=\"\"><\/figure>\n\n\n<div  class=\"wp-block-ultimate-post-heading ultp-block-cec526\"><div class=\"ultp-block-wrapper\"><div class=\"ultp-heading-wrap ultp-heading-style1 ultp-heading-center\"><h2 class=\"ultp-heading-inner\"><span>Por que Tropea?<\/span><\/h2><\/div><\/div><\/div>\n\n\n<p>Tropea, ganha com facilidade a competi\u00e7\u00e3o como o povo mais bonito do litoral do mar Tirreno, na Cal\u00e1bria. Seu recinto antigo \u00e9 um dos mais preservados e belos do sul da It\u00e1lia. Nos dias de c\u00e9u limpo \u00e9 possivel avistar a ilha de Stromboli que pode-se visitar saindo com uma excurs\u00e3o de Tropea mesmo.<\/p>\n<\/div>\n\n\n\n<div class=\"wp-block-column is-layout-constrained wp-container-core-column-is-layout-80c0687d wp-block-column-is-layout-constrained\">\n<figure class=\"wp-block-image aligncenter size-full\"><img decoding=\"async\" width=\"50\" height=\"50\" src=\"https:\/\/www.studiainitalia.com\/wp-content\/uploads\/2022\/09\/caelndar2-3_png_webp.png\" alt=\"\" class=\"wp-image-94147\" title=\"\"><\/figure>\n\n\n<div  class=\"wp-block-ultimate-post-heading ultp-block-8e73db\"><div class=\"ultp-block-wrapper\"><div class=\"ultp-heading-wrap ultp-heading-style1 ultp-heading-center\"><h2 class=\"ultp-heading-inner\"><span>Quando ir?<\/span><\/h2><\/div><\/div><\/div>\n\n\n<p>Se quiser desfrutar ao m\u00e1ximo das praias de Tropea, a melhor \u00e9poca do ano \u00e9 entre maio e novembro. Os invernos s\u00e3o amenos e tranq\u00fcilos, uma boa oportunidade para se desfrutar do Mediterraneo fora da alta esta\u00e7\u00e3o.<\/p>\n<\/div>\n\n\n\n<div class=\"wp-block-column is-layout-constrained wp-container-core-column-is-layout-80c0687d wp-block-column-is-layout-constrained\">\n<figure class=\"wp-block-image aligncenter size-full\"><img decoding=\"async\" width=\"52\" height=\"52\" src=\"https:\/\/www.studiainitalia.com\/wp-content\/uploads\/2022\/09\/vespa-1_png_webp.png\" alt=\"\" class=\"wp-image-94148\" title=\"\"><\/figure>\n\n\n<div  class=\"wp-block-ultimate-post-heading ultp-block-d0190f\"><div class=\"ultp-block-wrapper\"><div class=\"ultp-heading-wrap ultp-heading-style1 ultp-heading-center\"><h2 class=\"ultp-heading-inner\"><span>Como chegar?<\/span><\/h2><\/div><\/div><\/div>\n\n\n<p>Existem muitos voos ao aeroporto internacional de Lamezia Terme. A escola organiza um transfer gratuito desde o aeroporto at\u00e9 o seu alojamento em Tropea. Para mais informa\u00e7\u00f5es sobre coisas para ver e fazer durante o curso de italiano em Tropea, recomendamos&nbsp;<a href=\"https:\/\/www.lonelyplanet.com\/italy\/tropea\" target=\"_blank\" rel=\"noreferrer noopener\">Lonely Planet Guide to Tropea<\/a>.<\/p>\n<\/div>\n<\/div>\n\n\n\n<div class=\"wp-block-columns alignfull are-vertically-aligned-center is-layout-flex wp-container-core-columns-is-layout-28f84493 wp-block-columns-is-layout-flex\">\n<div class=\"wp-block-column is-vertically-aligned-center is-layout-flow wp-block-column-is-layout-flow\" style=\"flex-basis:100%\"><style>.kb-google-maps-container194294_779d92-42{height:450px;}.kb-google-maps-container194294_779d92-42{filter:grayscale(100%);}<\/style><div class=\"kb-google-maps-container kb-google-maps-container194294_779d92-42  wp-block-kadence-googlemaps\" data-mapid=\"194294_779d9242\"><iframe width=\"100%\" height=\"100%\"\n\t\t\t\t\t\t\tstyle=\"border:0\" loading=\"lazy\"\n\t\t\t\t\t\t\tsrc=\"https:\/\/www.google.com\/maps\/embed\/v1\/place?key=AIzaSyBAM2o7PiQqwk15LC1XRH2e_KJ-jUa7KYk&#038;zoom=13&#038;maptype=roadmap&#038;q=Tropea%2C+Italia\"\n\t\t\t\t\t\t\ttitle=\"Google map of Tropea, Italia\"><\/iframe><\/div><script>function kb_google_map194294_779d9242() { let center = { lat: 37.8201, lng: -122.4781}; let map = new google.maps.Map(document.getElementById(\"kb-google-map194294_779d9242\"), {\n\t\t\t\t\t    zoom: 13,\n\t\t\t\t\t    center: center,});let marker = new google.maps.Marker({   position: { lat: 37.8201, lng: -122.4781},    map: map,  });}<\/script><\/div>\n<\/div>\n","protected":false},"excerpt":{"rendered":"<p>Numa parte da costa tirr\u00eanica sobre o promont\u00f3rio que compreende o Golfo de Gioia e de S. Eufemia, Tropea goza de uma esplendida posi\u00e7\u00e3o panor\u00e2mica e \u00e9 centro tur\u00edstico por excel\u00eancia da Calabria. Tropea, ganha com facilidade a competi\u00e7\u00e3o como o povo mais bonito do litoral do mar Tirreno, na Cal\u00e1bria. Seu recinto antigo \u00e9 [&hellip;]<\/p>\n","protected":false},"author":132,"featured_media":0,"parent":191783,"menu_order":61,"comment_status":"closed","ping_status":"closed","template":"","meta":{"_acf_changed":false,"_uag_custom_page_level_css":"","_kad_blocks_custom_css":"","_kad_blocks_head_custom_js":"","_kad_blocks_body_custom_js":"","_kad_blocks_footer_custom_js":"","site-sidebar-layout":"default","site-content-layout":"","ast-site-content-layout":"default","site-content-style":"default","site-sidebar-style":"default","ast-global-header-display":"","ast-banner-title-visibility":"","ast-main-header-display":"","ast-hfb-above-header-display":"","ast-hfb-below-header-display":"","ast-hfb-mobile-header-display":"","site-post-title":"","ast-breadcrumbs-content":"","ast-featured-img":"","footer-sml-layout":"","ast-disable-related-posts":"","theme-transparent-header-meta":"","adv-header-id-meta":"","stick-header-meta":"","header-above-stick-meta":"","header-main-stick-meta":"","header-below-stick-meta":"","astra-migrate-meta-layouts":"set","ast-page-background-enabled":"default","ast-page-background-meta":{"desktop":{"background-color":"var(--ast-global-color-4)","background-image":"","background-repeat":"repeat","background-position":"center center","background-size":"auto","background-attachment":"scroll","background-type":"","background-media":"","overlay-type":"","overlay-color":"","overlay-opacity":"","overlay-gradient":""},"tablet":{"background-color":"","background-image":"","background-repeat":"repeat","background-position":"center center","background-size":"auto","background-attachment":"scroll","background-type":"","background-media":"","overlay-type":"","overlay-color":"","overlay-opacity":"","overlay-gradient":""},"mobile":{"background-color":"","background-image":"","background-repeat":"repeat","background-position":"center center","background-size":"auto","background-attachment":"scroll","background-type":"","background-media":"","overlay-type":"","overlay-color":"","overlay-opacity":"","overlay-gradient":""}},"ast-content-background-meta":{"desktop":{"background-color":"var(--ast-global-color-5)","background-image":"","background-repeat":"repeat","background-position":"center center","background-size":"auto","background-attachment":"scroll","background-type":"","background-media":"","overlay-type":"","overlay-color":"","overlay-opacity":"","overlay-gradient":""},"tablet":{"background-color":"var(--ast-global-color-5)","background-image":"","background-repeat":"repeat","background-position":"center center","background-size":"auto","background-attachment":"scroll","background-type":"","background-media":"","overlay-type":"","overlay-color":"","overlay-opacity":"","overlay-gradient":""},"mobile":{"background-color":"var(--ast-global-color-5)","background-image":"","background-repeat":"repeat","background-position":"center center","background-size":"auto","background-attachment":"scroll","background-type":"","background-media":"","overlay-type":"","overlay-color":"","overlay-opacity":"","overlay-gradient":""}},"footnotes":""},"class_list":["post-194294","page","type-page","status-publish","hentry"],"acf":[],"taxonomy_info":[],"featured_image_src_large":false,"author_info":{"display_name":"Jordi Torres","author_link":"https:\/\/www.studiainitalia.com\/pt-br\/author\/creativa\/"},"comment_info":0,"uagb_featured_image_src":{"full":false,"thumbnail":false,"medium":false,"medium_large":false,"large":false,"1536x1536":false,"2048x2048":false,"ultp_layout_landscape_large":false,"ultp_layout_landscape":false,"ultp_layout_portrait":false,"ultp_layout_square":false,"gform-image-choice-sm":false,"gform-image-choice-md":false,"gform-image-choice-lg":false,"woocommerce_thumbnail":false,"woocommerce_single":false,"woocommerce_gallery_thumbnail":false,"yarpp-thumbnail":false},"uagb_author_info":{"display_name":"Jordi Torres","author_link":"https:\/\/www.studiainitalia.com\/pt-br\/author\/creativa\/"},"uagb_comment_info":0,"uagb_excerpt":"Numa parte da costa tirr\u00eanica sobre o promont\u00f3rio que compreende o Golfo de Gioia e de S. Eufemia, Tropea goza de uma esplendida posi\u00e7\u00e3o panor\u00e2mica e \u00e9 centro tur\u00edstico por excel\u00eancia da Calabria. Tropea, ganha com facilidade a competi\u00e7\u00e3o como o povo mais bonito do litoral do mar Tirreno, na Cal\u00e1bria. Seu recinto antigo \u00e9&hellip;","_links":{"self":[{"href":"https:\/\/www.studiainitalia.com\/pt-br\/wp-json\/wp\/v2\/pages\/194294","targetHints":{"allow":["GET"]}}],"collection":[{"href":"https:\/\/www.studiainitalia.com\/pt-br\/wp-json\/wp\/v2\/pages"}],"about":[{"href":"https:\/\/www.studiainitalia.com\/pt-br\/wp-json\/wp\/v2\/types\/page"}],"author":[{"embeddable":true,"href":"https:\/\/www.studiainitalia.com\/pt-br\/wp-json\/wp\/v2\/users\/132"}],"replies":[{"embeddable":true,"href":"https:\/\/www.studiainitalia.com\/pt-br\/wp-json\/wp\/v2\/comments?post=194294"}],"version-history":[{"count":0,"href":"https:\/\/www.studiainitalia.com\/pt-br\/wp-json\/wp\/v2\/pages\/194294\/revisions"}],"up":[{"embeddable":true,"href":"https:\/\/www.studiainitalia.com\/pt-br\/wp-json\/wp\/v2\/pages\/191783"}],"wp:attachment":[{"href":"https:\/\/www.studiainitalia.com\/pt-br\/wp-json\/wp\/v2\/media?parent=194294"}],"curies":[{"name":"wp","href":"https:\/\/api.w.org\/{rel}","templated":true}]}}