{"id":194773,"date":"2016-11-27T18:20:21","date_gmt":"2016-11-27T17:20:21","guid":{"rendered":"https:\/\/www.studiainitalia.com\/?page_id=194773"},"modified":"2024-01-30T13:39:37","modified_gmt":"2024-01-30T12:39:37","slug":"condicoes-gerais","status":"publish","type":"page","link":"https:\/\/www.studiainitalia.com\/pt-br\/condicoes-gerais\/","title":{"rendered":"CONDI\u00c7\u00d5ES GERAIS"},"content":{"rendered":"<p><strong>CONDI\u00c7\u00d5ES GERAIS<\/strong><\/p>\n<p><strong>1. Matr\u00edcula<\/strong><br \/>\nEstes s\u00e3o os termos e condi\u00e7\u00f5es estabelecidos por STUDIAINITALIA, v\u00e1lidos para todas as reservas feitas com STUDIAINITALIA (\u201cn\u00f3s\u201d, \u201cn\u00f3s\u201d, \u201ca ag\u00eancia\u201d) por voc\u00ea (\u201co aluno\u201d, \u201co participante do curso\u201d). Todas as matr\u00edculas est\u00e3o sujeitas a essas condi\u00e7\u00f5es, que se tornam legalmente vinculantes na confirma\u00e7\u00e3o de aceita\u00e7\u00e3o pela STUDIAINITALIA. A STUDIAINITALIA reserva-se o direito de reter a confirma\u00e7\u00e3o de uma matr\u00edcula, a seu crit\u00e9rio, se tal a\u00e7\u00e3o for considerada necess\u00e1ria no interesse do aluno ou da escola.<\/p>\n<p><strong>2. Taxas<\/strong><br \/>\nAs aplica\u00e7\u00f5es online n\u00e3o ser\u00e3o processadas at\u00e9 que um dep\u00f3sito de 150 euros (transfer\u00eancia banc\u00e1ria, cartao sobretaxa 4% ou PayPal sobretaxa de 9 \u20ac por pessoa tenha sido pago ao STUDIAINITALIA. Se voc\u00ea tamb\u00e9m reservar acomoda\u00e7\u00e3o, o dep\u00f3sito ser\u00e1 de 300 euros. O restante da taxa total deve ser pago integralmente pelo menos 30 dias antes do in\u00edcio do curso, tamb\u00e9m \u00e9 poss\u00edvel pagar o saldo no momento da chegada, se solicitado. Nenhuma compensa\u00e7\u00e3o, redu\u00e7\u00f5es de taxas, reembolsos, cr\u00e9dito, li\u00e7\u00f5es adicionais ou extens\u00e3o do curso podem ser dadas para:<br \/>\n-servi\u00e7os ou facilidades inclu\u00eddas nas taxas e n\u00e3o utilizadas;<br \/>\n-entrada tardia ou aus\u00eancia ou sa\u00edda antecipada de um curso;<br \/>\n-aulas substitu\u00eddas por procedimentos de teste e aloca\u00e7\u00e3o de classes em datas de entrada do curso;<br \/>\n-dias em que as escolas s\u00e3o fechadas por causa de feriados oficiais;<br \/>\nAs restitui\u00e7\u00f5es aprovadas s\u00f3 podem ser feitas pelo escrit\u00f3rio ou pela escola.<br \/>\nA STUDIAINITALIA reserva-se o direito de fazer ajustes de taxas como resultado de altera\u00e7\u00f5es nas taxas de c\u00e2mbio ou impostos estatut\u00e1rios.<\/p>\n<p><strong>3. Cancelamento<\/strong><br \/>\nAs taxas, por exemplo, para cancelamentos, devem ser pagas no recebimento da fatura. Os encargos banc\u00e1rios s\u00e3o de responsabilidade do aluno, quaisquer encargos incorridos pela STUDIAINITALIA s\u00e3o repassados ao aluno em sua chegada e devem ser pagos imediatamente. Voc\u00ea pode cancelar seu contrato com a STUDIAINITALIA a qualquer momento por escrito por meio de entrega gravada. As taxas de cancelamento s\u00e3o as seguintes:<br \/>\n-at\u00e9 45 dias antes do in\u00edcio do curso: 150 \u20ac o 300 \u20ac com alojamento.<br \/>\n-menos de 45 dias antes do in\u00edcio do curso 100%<br \/>\nDe qualquer forma, a possibilidade de manter o dep\u00f3sito por um ano ser\u00e1 determinada caso a caso<br \/>\nNa aus\u00eancia de um aviso por escrito de cancelamento, as taxas do curso ser\u00e3o mantidas integralmente pela STUDIAINITALIA.<br \/>\nExistem termos e condi\u00e7\u00f5es separados para os estudantes que precisam de visto para entrada na It\u00e1lia. Por favor, veja \u201cEstudantes que precisam de visto para entrada na It\u00e1lia\u201d.<\/p>\n<p><strong>4. Pessoa em seu lugar<\/strong><br \/>\nAt\u00e9 o in\u00edcio do curso \u00e9 poss\u00edvel que outra pessoa fa\u00e7a o curso em vez de si mesmo. STUDIAINITALIA reserva-se o direito de rejeitar essa pessoa se ele\/ela n\u00e3o atender ao curso ou a quaisquer requisitos legais. A taxa de manuseio para isso \u00e9 de 25 euros. Se houver outros custos, por exemplo, a retirada do aeroporto para cursos que n\u00e3o incluem este servi\u00e7o, uma taxa separada ser\u00e1 feita.<\/p>\n<p><strong>5. Altera\u00e7\u00f5es de reserva<\/strong><br \/>\nAltera\u00e7\u00f5es em uma reserva sobre datas do curso e acomoda\u00e7\u00e3o podem ser feitas at\u00e9 14 dias antes do in\u00edcio do curso. Altera\u00e7\u00f5es menores de 14 dias antes do in\u00edcio do curso incorrem em uma taxa de 150 euros.<\/p>\n<p><strong>6. Cancelamento por STUDIAINITALIA<\/strong><br \/>\nSe um aluno n\u00e3o cumprir os termos e condi\u00e7\u00f5es da nossa escola, a STUDIAINITALIA reserva-se o direito de cancelar o contrato com efeito imediato. As taxas do curso n\u00e3o ser\u00e3o reembolsadas. Poss\u00edveis sobretaxas, por exemplo, taxas adicionais de transfer\u00eancia do aeroporto, ser\u00e3o faturadas para o aluno. Caso voc\u00ea decida n\u00e3o utilizar os servi\u00e7os reservados com a STUDIAINITALIA ap\u00f3s o in\u00edcio do seu curso, n\u00e3o haver\u00e1 reembolso de taxas.<\/p>\n<p><strong>7. Garantia<\/strong><br \/>\nCaso voc\u00ea encontre falhas nos servi\u00e7os prestados pela STUDIAINITALIA, voc\u00ea deve declarar sua reivindica\u00e7\u00e3o ao Diretor da STUDIAINITALIA durante o per\u00edodo de curso. Quaisquer reclama\u00e7\u00f5es feitas ap\u00f3s o t\u00e9rmino de nossos servi\u00e7os n\u00e3o ser\u00e3o reconhecidas. Em caso de reclama\u00e7\u00e3o justificada, o Diretor reserva-se o direito de fazer o reembolso adequado.<\/p>\n<p><strong>8. Passaporte, Visto, Restri\u00e7\u00f5es alfandeg\u00e1rias<\/strong><br \/>\n\u00c9 responsabilidade de cada aluno manter essas restri\u00e7\u00f5es. O n\u00e3o cumprimento dessas normas e quaisquer custos que possam ser incorridos devido a isso s\u00e3o de responsabilidade do aluno. Por favor, veja tamb\u00e9m \u201cEstudantes que precisam de visto para entrada na It\u00e1lia\u201d.<\/p>\n<p><strong>9. Seguro<\/strong><br \/>\nSTUDIAINITALIA, seus Representantes e funcion\u00e1rios n\u00e3o ser\u00e3o respons\u00e1veis por qualquer perda, dano, doen\u00e7a ou les\u00e3o a pessoas ou bens, no entanto, causados. \u00c9 responsabilidade do aluno fazer um seguro pessoal contra todos esses riscos, incluindo a incapacidade de participar ou continuar um curso e um seguro para o pagamento de despesas m\u00e9dicas.<\/p>\n<p><strong>10. Circunst\u00e2ncias Inevit\u00e1veis<\/strong><br \/>\nSer\u00e1 uma condi\u00e7\u00e3o fundamental do contrato entre a STUDIAINITALIA que tamb\u00e9m n\u00e3o seremos respons\u00e1veis ao aluno no caso de qualquer servi\u00e7o contratado tornar-se imposs\u00edvel de fornecer em raz\u00e3o de disputa industrial ou qualquer outra causa fora de seu controle.<\/p>\n<p><strong>11. Estudantes que precisam de visto para entrada na It\u00e1lia<\/strong><br \/>\nOs termos e condi\u00e7\u00f5es acima se aplicam com exce\u00e7\u00e3o das regras de cancelamento e altera\u00e7\u00e3o de reserva. Se voc\u00ea precisar de um visto para entrada na It\u00e1lia, a STUDIAINITALIA enviar\u00e1 um convite para receber o pagamento integral das taxas do curso. Uma c\u00f3pia deste convite ser\u00e1 enviada \u00e0 Embaixada Italiana em seu pa\u00eds. Caso voc\u00ea n\u00e3o receba seu visto, a STUDIAINITALIA manter\u00e1 uma taxa de manuseio e devolver\u00e1 o restante de seu pagamento menos encargos banc\u00e1rios a voc\u00ea ap\u00f3s o recebimento do documento oficial de recusa da Embaixada italiana em seu pa\u00eds. Se voc\u00ea receber seu visto e decidir n\u00e3o fazer o seu curso, um relat\u00f3rio de sua aus\u00eancia ser\u00e1 enviado para a Embaixada italiana em seu pa\u00eds.<\/p>\n<p><strong>12. Dados pessoais<br \/>\n<\/strong>Os dados pessoais ser\u00e3o coletados e processados por um sistema automatizado com o objetivo de manter seus dados de contato de acordo com o Regulamento (UE) 2016\/679 do Parlamento Europeu. Esses dados pessoais ser\u00e3o tratados como confidenciais e n\u00e3o ser\u00e3o compartilhados com terceiros fora do grupo STUDIAINITALIA e seus subcontratados. Studiainitalia pode tirar imagens para uso interno (para outros usos ser\u00e1 solicitado seu consentimento). Voc\u00ea tem o direito de solicitar acesso aos seus dados pessoais salvos pelo STUDIAINITALIA para fins de tal servi\u00e7o, e solicitar que eles sejam alterados, corrigidos ou exclu\u00eddos. Para isso, entre em contato com a STUDIAINITALIA enviando um e-mail no seguinte endere\u00e7o: info@studiainitalia.com.<\/p>\n<p><strong>13. Validade das Condi\u00e7\u00f5es<\/strong><br \/>\nEstas condi\u00e7\u00f5es de matr\u00edcula s\u00e3o v\u00e1lidas a partir de 23 de Abril de 2005 e est\u00e3o sujeitas \u00e0 legisla\u00e7\u00e3o europeia.<\/p>\n<p><strong>14. Nosso papel:<\/strong><br \/>\nSTUDIAINITALIA \u00e9 um intermedi\u00e1rio entre escolas, prestadores de acomoda\u00e7\u00e3o, ag\u00eancias, seguradoras e ag\u00eancias de coloca\u00e7\u00e3o de empregos. N\u00e3o nos responsabilizamos por altera\u00e7\u00f5es, perdas e cancelamentos produzidos por nenhum deles.<\/p>\n<p><strong>15. Programas italianos e de trabalho:<br \/>\n<\/strong>N\u00e3o h\u00e1 reembolso em caso de cancelamento do programa antes de iniciar o per\u00edodo de est\u00e1gio previsto. Em alguns casos, se o programa for abandonado sem motiva\u00e7\u00e3o, a empresa poder\u00e1 solicitar o pagamento de uma multa.<\/p>\n<p><strong>16. Acomoda\u00e7\u00e3o:<\/strong><br \/>\nAs acomoda\u00e7\u00f5es s\u00e3o reservadas de domingo a s\u00e1bado e, em alguns casos, os propriet\u00e1rios podem solicitar um dep\u00f3sito. Se voc\u00ea deixar a acomoda\u00e7\u00e3o n\u00e3o h\u00e1 direito de reembolso. Visitas n\u00e3o s\u00e3o permitidas. As acomoda\u00e7\u00f5es ser\u00e3o designadas cerca de 20 dias antes da partida.Depois que a acomoda\u00e7\u00e3o for alocada (aproximadamente 20 dias antes do in\u00edcio do curso), se voc\u00ea cancelar a reserva, dever\u00e1 pagar uma taxa de cancelamento de \u20ac 150, que ser\u00e1 deduzida do pagamento do curso. Os custos de acomoda\u00e7\u00e3o devem ser pagos diretamente na escola ou ao seu anfitri\u00e3o no primeiro dia. A Studiainitalia n\u00e3o aceita pagamentos por acomoda\u00e7\u00e3o<\/p>\n<p><strong>17. Curso:<\/strong><br \/>\nEm algumas escolas o material did\u00e1tico n\u00e3o est\u00e1 inclu\u00eddo e deve ser pago no primeiro dia de aula. Caso a escola n\u00e3o possa oferecer um curso em grupo devido \u00e0 falta de um n\u00famero m\u00ednimo de participantes, o n\u00famero de horas reservadas poder\u00e1 ser reduzido. Se o curso for abandonado, n\u00e3o haver\u00e1 reembolso. Se a classe cair em um feriado banc\u00e1rio, n\u00e3o haver\u00e1 reembolso.<\/p>\n<p><strong>18.Usos e costumes:<\/strong><br \/>\nO aluno deve se adaptar \u00e0s regras e regulamentos na It\u00e1lia, em caso de descumprimento, falta de disciplina etc. o aluno pode ser expulso.<\/p>\n<p><strong>19. Aceita\u00e7\u00e3o dessas condi\u00e7\u00f5es:<br \/>\n<\/strong>Ao inscrever qualquer um de nossos cursos, os clientes aceitam essas condi\u00e7\u00f5es.<\/p>\n<p>Para obter mais informa\u00e7\u00f5es, consulte nossa p\u00e1gina de Pol\u00edtica de Privacidade.<\/p>\n<p>Condi\u00e7\u00f5es de n\u00f3s<\/p>\n","protected":false},"excerpt":{"rendered":"<p>CONDI\u00c7\u00d5ES GERAIS 1. Matr\u00edcula Estes s\u00e3o os termos e condi\u00e7\u00f5es estabelecidos por STUDIAINITALIA, v\u00e1lidos para todas as reservas feitas com STUDIAINITALIA (\u201cn\u00f3s\u201d, \u201cn\u00f3s\u201d, \u201ca ag\u00eancia\u201d) por voc\u00ea (\u201co aluno\u201d, \u201co participante do curso\u201d). Todas as matr\u00edculas est\u00e3o sujeitas a essas condi\u00e7\u00f5es, que se tornam legalmente vinculantes na confirma\u00e7\u00e3o de aceita\u00e7\u00e3o pela STUDIAINITALIA. A STUDIAINITALIA reserva-se [&hellip;]<\/p>\n","protected":false},"author":132,"featured_media":0,"parent":0,"menu_order":99,"comment_status":"closed","ping_status":"closed","template":"","meta":{"_acf_changed":false,"_uag_custom_page_level_css":"","_kad_blocks_custom_css":"","_kad_blocks_head_custom_js":"","_kad_blocks_body_custom_js":"","_kad_blocks_footer_custom_js":"","site-sidebar-layout":"default","site-content-layout":"default","ast-site-content-layout":"default","site-content-style":"default","site-sidebar-style":"default","ast-global-header-display":"","ast-banner-title-visibility":"","ast-main-header-display":"","ast-hfb-above-header-display":"","ast-hfb-below-header-display":"","ast-hfb-mobile-header-display":"","site-post-title":"","ast-breadcrumbs-content":"","ast-featured-img":"","footer-sml-layout":"","ast-disable-related-posts":"","theme-transparent-header-meta":"default","adv-header-id-meta":"","stick-header-meta":"default","header-above-stick-meta":"","header-main-stick-meta":"","header-below-stick-meta":"","astra-migrate-meta-layouts":"set","ast-page-background-enabled":"default","ast-page-background-meta":{"desktop":{"background-color":"var(--ast-global-color-4)","background-image":"","background-repeat":"repeat","background-position":"center center","background-size":"auto","background-attachment":"scroll","background-type":"","background-media":"","overlay-type":"","overlay-color":"","overlay-opacity":"","overlay-gradient":""},"tablet":{"background-color":"","background-image":"","background-repeat":"repeat","background-position":"center center","background-size":"auto","background-attachment":"scroll","background-type":"","background-media":"","overlay-type":"","overlay-color":"","overlay-opacity":"","overlay-gradient":""},"mobile":{"background-color":"","background-image":"","background-repeat":"repeat","background-position":"center center","background-size":"auto","background-attachment":"scroll","background-type":"","background-media":"","overlay-type":"","overlay-color":"","overlay-opacity":"","overlay-gradient":""}},"ast-content-background-meta":{"desktop":{"background-color":"var(--ast-global-color-5)","background-image":"","background-repeat":"repeat","background-position":"center center","background-size":"auto","background-attachment":"scroll","background-type":"","background-media":"","overlay-type":"","overlay-color":"","overlay-opacity":"","overlay-gradient":""},"tablet":{"background-color":"var(--ast-global-color-5)","background-image":"","background-repeat":"repeat","background-position":"center center","background-size":"auto","background-attachment":"scroll","background-type":"","background-media":"","overlay-type":"","overlay-color":"","overlay-opacity":"","overlay-gradient":""},"mobile":{"background-color":"var(--ast-global-color-5)","background-image":"","background-repeat":"repeat","background-position":"center center","background-size":"auto","background-attachment":"scroll","background-type":"","background-media":"","overlay-type":"","overlay-color":"","overlay-opacity":"","overlay-gradient":""}},"footnotes":""},"class_list":["post-194773","page","type-page","status-publish","hentry"],"acf":[],"taxonomy_info":[],"featured_image_src_large":false,"author_info":{"display_name":"Jordi Torres","author_link":"https:\/\/www.studiainitalia.com\/pt-br\/author\/creativa\/"},"comment_info":0,"uagb_featured_image_src":{"full":false,"thumbnail":false,"medium":false,"medium_large":false,"large":false,"1536x1536":false,"2048x2048":false,"ultp_layout_landscape_large":false,"ultp_layout_landscape":false,"ultp_layout_portrait":false,"ultp_layout_square":false,"gform-image-choice-sm":false,"gform-image-choice-md":false,"gform-image-choice-lg":false,"woocommerce_thumbnail":false,"woocommerce_single":false,"woocommerce_gallery_thumbnail":false,"yarpp-thumbnail":false},"uagb_author_info":{"display_name":"Jordi Torres","author_link":"https:\/\/www.studiainitalia.com\/pt-br\/author\/creativa\/"},"uagb_comment_info":0,"uagb_excerpt":"CONDI\u00c7\u00d5ES GERAIS 1. Matr\u00edcula Estes s\u00e3o os termos e condi\u00e7\u00f5es estabelecidos por STUDIAINITALIA, v\u00e1lidos para todas as reservas feitas com STUDIAINITALIA (\u201cn\u00f3s\u201d, \u201cn\u00f3s\u201d, \u201ca ag\u00eancia\u201d) por voc\u00ea (\u201co aluno\u201d, \u201co participante do curso\u201d). Todas as matr\u00edculas est\u00e3o sujeitas a essas condi\u00e7\u00f5es, que se tornam legalmente vinculantes na confirma\u00e7\u00e3o de aceita\u00e7\u00e3o pela STUDIAINITALIA. A STUDIAINITALIA reserva-se&hellip;","_links":{"self":[{"href":"https:\/\/www.studiainitalia.com\/pt-br\/wp-json\/wp\/v2\/pages\/194773","targetHints":{"allow":["GET"]}}],"collection":[{"href":"https:\/\/www.studiainitalia.com\/pt-br\/wp-json\/wp\/v2\/pages"}],"about":[{"href":"https:\/\/www.studiainitalia.com\/pt-br\/wp-json\/wp\/v2\/types\/page"}],"author":[{"embeddable":true,"href":"https:\/\/www.studiainitalia.com\/pt-br\/wp-json\/wp\/v2\/users\/132"}],"replies":[{"embeddable":true,"href":"https:\/\/www.studiainitalia.com\/pt-br\/wp-json\/wp\/v2\/comments?post=194773"}],"version-history":[{"count":0,"href":"https:\/\/www.studiainitalia.com\/pt-br\/wp-json\/wp\/v2\/pages\/194773\/revisions"}],"wp:attachment":[{"href":"https:\/\/www.studiainitalia.com\/pt-br\/wp-json\/wp\/v2\/media?parent=194773"}],"curies":[{"name":"wp","href":"https:\/\/api.w.org\/{rel}","templated":true}]}}