{"id":194876,"date":"2022-10-03T13:19:58","date_gmt":"2022-10-03T11:19:58","guid":{"rendered":"https:\/\/www.studiainitalia.com\/?page_id=194876"},"modified":"2026-03-24T09:58:49","modified_gmt":"2026-03-24T08:58:49","slug":"cursos-em-bari","status":"publish","type":"page","link":"https:\/\/www.studiainitalia.com\/pt-br\/destinos\/cursos-em-bari\/","title":{"rendered":"Cursos em Bari"},"content":{"rendered":"\n<div class=\"wp-block-columns alignfull has-ast-global-color-2-background-color has-background is-layout-flex wp-container-core-columns-is-layout-c6bc58be wp-block-columns-is-layout-flex\" style=\"padding-top:0px;padding-right:0px;padding-bottom:0px;padding-left:0px\">\n<div class=\"wp-block-column is-layout-flow wp-block-column-is-layout-flow\" style=\"flex-basis:60%\">\n<div class=\"wp-block-cover alignfull is-light\" style=\"min-height:702px;aspect-ratio:unset;\"><img decoding=\"async\" class=\"wp-block-cover__image-background wp-image-203618 size-full\" alt=\"Study Italian in Bari\" src=\"https:\/\/www.studiainitalia.com\/wp-content\/uploads\/2026\/01\/43-Bari-Basilica-di-San-Nicola.jpeg\" data-object-fit=\"cover\" title=\"\"><span aria-hidden=\"true\" class=\"wp-block-cover__background has-background-dim\" style=\"background-color:#a99684\"><\/span><div class=\"wp-block-cover__inner-container is-layout-flow wp-block-cover-is-layout-flow\"><style>.wp-block-kadence-advancedheading.kt-adv-heading194876_b8404d-26, .wp-block-kadence-advancedheading.kt-adv-heading194876_b8404d-26[data-kb-block=\"kb-adv-heading194876_b8404d-26\"]{text-align:center;font-style:normal;}.wp-block-kadence-advancedheading.kt-adv-heading194876_b8404d-26 mark.kt-highlight, .wp-block-kadence-advancedheading.kt-adv-heading194876_b8404d-26[data-kb-block=\"kb-adv-heading194876_b8404d-26\"] mark.kt-highlight{font-style:normal;color:#f76a0c;-webkit-box-decoration-break:clone;box-decoration-break:clone;padding-top:0px;padding-right:0px;padding-bottom:0px;padding-left:0px;}<\/style>\n<h1 class=\"kt-adv-heading194876_b8404d-26 wp-block-kadence-advancedheading\" data-kb-block=\"kb-adv-heading194876_b8404d-26\">Cursos em Bari<\/h1>\n<\/div><\/div>\n<\/div>\n\n\n\n<div class=\"wp-block-column is-layout-flow wp-block-column-is-layout-flow\" style=\"padding-top:6%;padding-right:6%;padding-bottom:6%;padding-left:6%;flex-basis:40%\"><div  class=\"wp-block-ultimate-post-heading ultp-block-885966\"><div class=\"ultp-block-wrapper\"><div class=\"ultp-heading-wrap ultp-heading-style9 ultp-heading-left\"><h2 class=\"ultp-heading-inner\"><span>BARI<\/span><\/h2><\/div><\/div><\/div>\n\n<style>.wp-block-kadence-spacer.kt-block-spacer-_03022e-64 .kt-block-spacer{height:10px;}.wp-block-kadence-spacer.kt-block-spacer-_03022e-64 .kt-divider{border-top-width:1px;height:1px;border-top-color:var(--ast-global-color-1);width:100%;border-top-style:solid;}<\/style>\n<div class=\"wp-block-kadence-spacer aligncenter kt-block-spacer-_03022e-64\"><div class=\"kt-block-spacer kt-block-spacer-halign-center\"><hr class=\"kt-divider\"\/><\/div><\/div>\n\n\n\n<p>Bari \u00e9 a base perfeita para explorar a Ap\u00falia. A partir daqui, pode facilmente chegar a Alberobello, Polignano a Mare, Monopoli, Matera e ao Vale de Itria.<br><br><br><\/p>\n\n\n<style>.kadence-column194876_fc414f-36 > .kt-inside-inner-col,.kadence-column194876_fc414f-36 > .kt-inside-inner-col:before{border-top-left-radius:0px;border-top-right-radius:0px;border-bottom-right-radius:0px;border-bottom-left-radius:0px;}.kadence-column194876_fc414f-36 > .kt-inside-inner-col{column-gap:var(--global-kb-gap-sm, 1rem);}.kadence-column194876_fc414f-36 > .kt-inside-inner-col{flex-direction:column;}.kadence-column194876_fc414f-36 > .kt-inside-inner-col > .aligncenter{width:100%;}.kadence-column194876_fc414f-36 > .kt-inside-inner-col:before{opacity:0.3;}.kadence-column194876_fc414f-36{position:relative;}@media all and (max-width: 1024px){.kadence-column194876_fc414f-36 > .kt-inside-inner-col{flex-direction:column;justify-content:center;}}@media all and (max-width: 767px){.kadence-column194876_fc414f-36 > .kt-inside-inner-col{flex-direction:column;justify-content:center;}}<\/style>\n<div class=\"wp-block-kadence-column kadence-column194876_fc414f-36\"><div class=\"kt-inside-inner-col\"><\/div><\/div>\n\n\n\n<p>Da Bas\u00edlica de S\u00e3o Nicola aos castelos medievais e igrejas hist\u00f3ricas, Bari \u00e9 uma cidade moldada por influ\u00eancias romanas, bizantinas e normandas.<\/p>\n\n\n<style>.kadence-column194876_475db3-1b > .kt-inside-inner-col,.kadence-column194876_475db3-1b > .kt-inside-inner-col:before{border-top-left-radius:0px;border-top-right-radius:0px;border-bottom-right-radius:0px;border-bottom-left-radius:0px;}.kadence-column194876_475db3-1b > .kt-inside-inner-col{column-gap:var(--global-kb-gap-sm, 1rem);}.kadence-column194876_475db3-1b > .kt-inside-inner-col{flex-direction:column;}.kadence-column194876_475db3-1b > .kt-inside-inner-col > .aligncenter{width:100%;}.kadence-column194876_475db3-1b > .kt-inside-inner-col:before{opacity:0.3;}.kadence-column194876_475db3-1b{position:relative;}@media all and (max-width: 1024px){.kadence-column194876_475db3-1b > .kt-inside-inner-col{flex-direction:column;justify-content:center;}}@media all and (max-width: 767px){.kadence-column194876_475db3-1b > .kt-inside-inner-col{flex-direction:column;justify-content:center;}}<\/style>\n<div class=\"wp-block-kadence-column kadence-column194876_475db3-1b\"><div class=\"kt-inside-inner-col\"><\/div><\/div>\n\n\n\n<p>Bari \u00e9 um para\u00edso para os amantes da gastronomia. Prove pratos aut\u00eanticos da Ap\u00falia, como <em>orecchiette<\/em>, marisco fresco, focaccia barese e comida de rua tradicional.<\/p>\n<\/div>\n<\/div>\n\n\n<div  class=\"wp-block-ultimate-post-heading ultp-block-8210b0\"><div class=\"ultp-block-wrapper\"><div class=\"ultp-heading-wrap ultp-heading-style9 ultp-heading-center\"><h2 class=\"ultp-heading-inner\"><span>Elige seu curso em <strong>B<\/strong>ari<\/span><\/h2><\/div><\/div><\/div>\n\n<div data-block-name=\"woocommerce\/product-category\" data-categories=\"[2037]\" data-columns=\"6\" data-content-visibility=\"{&quot;image&quot;:true,&quot;title&quot;:true,&quot;price&quot;:true,&quot;rating&quot;:true,&quot;button&quot;:false}\" class=\"wc-block-grid wp-block-product-category wp-block-woocommerce-product-category wc-block-product-category has-6-columns has-multiple-rows\"><ul class=\"wc-block-grid__products\"><li class=\"wc-block-grid__product\"><span class=\"gtm4wp_productdata\" style=\"display:none; visibility:hidden;\" data-gtm4wp_product_data=\"{&quot;internal_id&quot;:203738,&quot;item_id&quot;:203738,&quot;item_name&quot;:&quot;Curso de italiano em Bari&quot;,&quot;sku&quot;:203738,&quot;price&quot;:1850,&quot;stocklevel&quot;:null,&quot;stockstatus&quot;:&quot;instock&quot;,&quot;google_business_vertical&quot;:&quot;retail&quot;,&quot;item_category&quot;:&quot;Cursos de italiano em Bari&quot;,&quot;id&quot;:203738,&quot;productlink&quot;:&quot;https:\\\/\\\/www.studiainitalia.com\\\/pt-br\\\/cursos\\\/cursos-de-italiano-em-italia\\\/curso-de-italiano-em-bari\\\/&quot;,&quot;item_list_name&quot;:&quot;General Product List&quot;,&quot;index&quot;:0,&quot;product_type&quot;:&quot;variable&quot;,&quot;item_brand&quot;:&quot;&quot;}\"><\/span>\n\t\t\t\t<a href=\"https:\/\/www.studiainitalia.com\/pt-br\/cursos\/cursos-de-italiano-em-italia\/curso-de-italiano-em-bari\/\" class=\"wc-block-grid__product-link\">\n\t\t\t\t\t\n\t\t\t\t\t<div class=\"wc-block-grid__product-image\"><img decoding=\"async\" width=\"300\" height=\"300\" src=\"https:\/\/www.studiainitalia.com\/wp-content\/uploads\/2026\/01\/30-Corsi-di-cucina-300x300.jpeg\" class=\"attachment-woocommerce_thumbnail size-woocommerce_thumbnail\" alt=\"Estudiar italiano em Bari\" srcset=\"https:\/\/www.studiainitalia.com\/wp-content\/uploads\/2026\/01\/30-Corsi-di-cucina-300x300.jpeg 300w, https:\/\/www.studiainitalia.com\/wp-content\/uploads\/2026\/01\/30-Corsi-di-cucina-600x600.jpeg 600w, https:\/\/www.studiainitalia.com\/wp-content\/uploads\/2026\/01\/30-Corsi-di-cucina-100x100.jpeg 100w, https:\/\/www.studiainitalia.com\/wp-content\/uploads\/2026\/01\/30-Corsi-di-cucina-120x120.jpeg 120w\" sizes=\"(max-width: 300px) 100vw, 300px\" title=\"\"><\/div>\n\t\t\t\t\t<div class=\"wc-block-grid__product-title\">Curso de italiano em Bari<\/div>\n\t\t\t\t<\/a>\n\t\t\t\t<div class=\"wc-block-grid__product-price price\"><span class=\"woocommerce-Price-amount amount\">1.850<span class=\"woocommerce-Price-currencySymbol\">&euro;<\/span><\/span><\/div>\n\t\t\t\t\n\t\t\t\t\n\t\t\t<\/li><\/ul><\/div>\n\n\n<div class=\"wp-block-columns alignfull has-ast-global-color-2-background-color has-background is-layout-flex wp-container-core-columns-is-layout-c7ed57bb wp-block-columns-is-layout-flex\" style=\"padding-top:5%;padding-right:10%;padding-bottom:5%;padding-left:10%\">\n<div class=\"wp-block-column is-layout-constrained wp-container-core-column-is-layout-80c0687d wp-block-column-is-layout-constrained\">\n<figure class=\"wp-block-image aligncenter size-full\"><img decoding=\"async\" width=\"52\" height=\"52\" src=\"https:\/\/www.studiainitalia.com\/wp-content\/uploads\/2016\/10\/italy4.png\" alt=\"\" class=\"wp-image-55992\" title=\"\"><\/figure>\n\n\n<div  class=\"wp-block-ultimate-post-heading ultp-block-326bf5\"><div class=\"ultp-block-wrapper\"><div class=\"ultp-heading-wrap ultp-heading-style1 ultp-heading-center\"><h2 class=\"ultp-heading-inner\"><span>Por que Bari?<\/span><\/h2><\/div><\/div><\/div>\n\n\n<p><strong>Acess\u00edvel em compara\u00e7\u00e3o com outras cidades italianas<\/strong><br>Alojamento, alimenta\u00e7\u00e3o e transporte em Bari s\u00e3o geralmente mais acess\u00edveis do que em grandes cidades tur\u00edsticas como Roma ou Floren\u00e7a.<\/p>\n\n\n\n<p>Os seus habitantes s\u00e3o famosos por <strong>calorosos e acolhedores<\/strong><\/p>\n<\/div>\n\n\n\n<div class=\"wp-block-column is-layout-constrained wp-container-core-column-is-layout-80c0687d wp-block-column-is-layout-constrained\">\n<figure class=\"wp-block-image aligncenter size-full\"><img decoding=\"async\" width=\"50\" height=\"50\" src=\"https:\/\/www.studiainitalia.com\/wp-content\/uploads\/2022\/09\/caelndar2-3_png_webp.png\" alt=\"\" class=\"wp-image-94147\" title=\"\"><\/figure>\n\n\n<div  class=\"wp-block-ultimate-post-heading ultp-block-03bf00\"><div class=\"ultp-block-wrapper\"><div class=\"ultp-heading-wrap ultp-heading-style1 ultp-heading-center\"><h2 class=\"ultp-heading-inner\"><span>Quando ir ?<\/span><\/h2><\/div><\/div><\/div>\n\n\n<p><strong>Destino para todo o ano<\/strong><br>Gra\u00e7as ao seu clima ameno, Bari \u00e9 agrad\u00e1vel em todas as esta\u00e7\u00f5es, desde os ver\u00f5es ensolarados at\u00e9 aos agrad\u00e1veis meses de primavera e outono.<\/p>\n\n\n\n<p><\/p>\n<\/div>\n\n\n\n<div class=\"wp-block-column is-layout-constrained wp-container-core-column-is-layout-80c0687d wp-block-column-is-layout-constrained\">\n<figure class=\"wp-block-image aligncenter size-full\"><img decoding=\"async\" width=\"52\" height=\"52\" src=\"https:\/\/www.studiainitalia.com\/wp-content\/uploads\/2022\/09\/vespa-1_png_webp.png\" alt=\"\" class=\"wp-image-94148\" title=\"\"><\/figure>\n\n\n<div  class=\"wp-block-ultimate-post-heading ultp-block-5fc7f0\"><div class=\"ultp-block-wrapper\"><div class=\"ultp-heading-wrap ultp-heading-style1 ultp-heading-center\"><h2 class=\"ultp-heading-inner\"><span>Como chegar<\/span><\/h2><\/div><\/div><\/div>\n\n\n<p><strong>F\u00e1cil acesso e boas liga\u00e7\u00f5es<\/strong><br>Com um aeroporto internacional e excelentes liga\u00e7\u00f5es ferrovi\u00e1rias, Bari \u00e9 um dos destinos mais acess\u00edveis do sul de It\u00e1lia.<\/p>\n<\/div>\n<\/div>\n\n\n\n<div class=\"wp-block-columns alignfull are-vertically-aligned-center is-layout-flex wp-container-core-columns-is-layout-28f84493 wp-block-columns-is-layout-flex\">\n<div class=\"wp-block-column is-vertically-aligned-center is-layout-flow wp-block-column-is-layout-flow\" style=\"flex-basis:100%\"><style>.kb-google-maps-container194876_3f4c83-4b{height:450px;}.kb-google-maps-container194876_3f4c83-4b{filter:grayscale(100%);}<\/style><div class=\"kb-google-maps-container kb-google-maps-container194876_3f4c83-4b  wp-block-kadence-googlemaps\" data-mapid=\"194876_3f4c834b\"><iframe width=\"100%\" height=\"100%\"\n\t\t\t\t\t\t\tstyle=\"border:0\" loading=\"lazy\"\n\t\t\t\t\t\t\tsrc=\"https:\/\/www.google.com\/maps\/embed\/v1\/place?key=AIzaSyBAM2o7PiQqwk15LC1XRH2e_KJ-jUa7KYk&#038;zoom=12&#038;maptype=roadmap&#038;q=Bari%2C+Italia\"\n\t\t\t\t\t\t\ttitle=\"Google map of Bari, Italia\"><\/iframe><\/div><script>function kb_google_map194876_3f4c834b() { let center = { lat: 37.8201, lng: -122.4781}; let map = new google.maps.Map(document.getElementById(\"kb-google-map194876_3f4c834b\"), {\n\t\t\t\t\t    zoom: 12,\n\t\t\t\t\t    center: center,});let marker = new google.maps.Marker({   position: { lat: 37.8201, lng: -122.4781},    map: map,  });}<\/script><\/div>\n<\/div>\n","protected":false},"excerpt":{"rendered":"<p>Bari \u00e9 a base perfeita para explorar a Ap\u00falia. A partir daqui, pode facilmente chegar a Alberobello, Polignano a Mare, Monopoli, Matera e ao Vale de Itria. Da Bas\u00edlica de S\u00e3o Nicola aos castelos medievais e igrejas hist\u00f3ricas, Bari \u00e9 uma cidade moldada por influ\u00eancias romanas, bizantinas e normandas. Bari \u00e9 um para\u00edso para os [&hellip;]<\/p>\n","protected":false},"author":132,"featured_media":0,"parent":191783,"menu_order":61,"comment_status":"closed","ping_status":"closed","template":"","meta":{"_acf_changed":false,"_uag_custom_page_level_css":"","_kad_blocks_custom_css":"","_kad_blocks_head_custom_js":"","_kad_blocks_body_custom_js":"","_kad_blocks_footer_custom_js":"","site-sidebar-layout":"default","site-content-layout":"","ast-site-content-layout":"default","site-content-style":"default","site-sidebar-style":"default","ast-global-header-display":"","ast-banner-title-visibility":"","ast-main-header-display":"","ast-hfb-above-header-display":"","ast-hfb-below-header-display":"","ast-hfb-mobile-header-display":"","site-post-title":"","ast-breadcrumbs-content":"","ast-featured-img":"","footer-sml-layout":"","ast-disable-related-posts":"","theme-transparent-header-meta":"","adv-header-id-meta":"","stick-header-meta":"","header-above-stick-meta":"","header-main-stick-meta":"","header-below-stick-meta":"","astra-migrate-meta-layouts":"set","ast-page-background-enabled":"default","ast-page-background-meta":{"desktop":{"background-color":"var(--ast-global-color-4)","background-image":"","background-repeat":"repeat","background-position":"center center","background-size":"auto","background-attachment":"scroll","background-type":"","background-media":"","overlay-type":"","overlay-color":"","overlay-opacity":"","overlay-gradient":""},"tablet":{"background-color":"","background-image":"","background-repeat":"repeat","background-position":"center center","background-size":"auto","background-attachment":"scroll","background-type":"","background-media":"","overlay-type":"","overlay-color":"","overlay-opacity":"","overlay-gradient":""},"mobile":{"background-color":"","background-image":"","background-repeat":"repeat","background-position":"center center","background-size":"auto","background-attachment":"scroll","background-type":"","background-media":"","overlay-type":"","overlay-color":"","overlay-opacity":"","overlay-gradient":""}},"ast-content-background-meta":{"desktop":{"background-color":"var(--ast-global-color-5)","background-image":"","background-repeat":"repeat","background-position":"center center","background-size":"auto","background-attachment":"scroll","background-type":"","background-media":"","overlay-type":"","overlay-color":"","overlay-opacity":"","overlay-gradient":""},"tablet":{"background-color":"var(--ast-global-color-5)","background-image":"","background-repeat":"repeat","background-position":"center center","background-size":"auto","background-attachment":"scroll","background-type":"","background-media":"","overlay-type":"","overlay-color":"","overlay-opacity":"","overlay-gradient":""},"mobile":{"background-color":"var(--ast-global-color-5)","background-image":"","background-repeat":"repeat","background-position":"center center","background-size":"auto","background-attachment":"scroll","background-type":"","background-media":"","overlay-type":"","overlay-color":"","overlay-opacity":"","overlay-gradient":""}},"footnotes":""},"class_list":["post-194876","page","type-page","status-publish","hentry"],"acf":[],"taxonomy_info":[],"featured_image_src_large":false,"author_info":{"display_name":"Jordi Torres","author_link":"https:\/\/www.studiainitalia.com\/pt-br\/author\/creativa\/"},"comment_info":0,"uagb_featured_image_src":{"full":false,"thumbnail":false,"medium":false,"medium_large":false,"large":false,"1536x1536":false,"2048x2048":false,"ultp_layout_landscape_large":false,"ultp_layout_landscape":false,"ultp_layout_portrait":false,"ultp_layout_square":false,"gform-image-choice-sm":false,"gform-image-choice-md":false,"gform-image-choice-lg":false,"woocommerce_thumbnail":false,"woocommerce_single":false,"woocommerce_gallery_thumbnail":false,"yarpp-thumbnail":false},"uagb_author_info":{"display_name":"Jordi Torres","author_link":"https:\/\/www.studiainitalia.com\/pt-br\/author\/creativa\/"},"uagb_comment_info":0,"uagb_excerpt":"Bari \u00e9 a base perfeita para explorar a Ap\u00falia. A partir daqui, pode facilmente chegar a Alberobello, Polignano a Mare, Monopoli, Matera e ao Vale de Itria. Da Bas\u00edlica de S\u00e3o Nicola aos castelos medievais e igrejas hist\u00f3ricas, Bari \u00e9 uma cidade moldada por influ\u00eancias romanas, bizantinas e normandas. Bari \u00e9 um para\u00edso para os&hellip;","_links":{"self":[{"href":"https:\/\/www.studiainitalia.com\/pt-br\/wp-json\/wp\/v2\/pages\/194876","targetHints":{"allow":["GET"]}}],"collection":[{"href":"https:\/\/www.studiainitalia.com\/pt-br\/wp-json\/wp\/v2\/pages"}],"about":[{"href":"https:\/\/www.studiainitalia.com\/pt-br\/wp-json\/wp\/v2\/types\/page"}],"author":[{"embeddable":true,"href":"https:\/\/www.studiainitalia.com\/pt-br\/wp-json\/wp\/v2\/users\/132"}],"replies":[{"embeddable":true,"href":"https:\/\/www.studiainitalia.com\/pt-br\/wp-json\/wp\/v2\/comments?post=194876"}],"version-history":[{"count":0,"href":"https:\/\/www.studiainitalia.com\/pt-br\/wp-json\/wp\/v2\/pages\/194876\/revisions"}],"up":[{"embeddable":true,"href":"https:\/\/www.studiainitalia.com\/pt-br\/wp-json\/wp\/v2\/pages\/191783"}],"wp:attachment":[{"href":"https:\/\/www.studiainitalia.com\/pt-br\/wp-json\/wp\/v2\/media?parent=194876"}],"curies":[{"name":"wp","href":"https:\/\/api.w.org\/{rel}","templated":true}]}}