{"id":194903,"date":"2017-12-07T15:20:09","date_gmt":"2017-12-07T14:20:09","guid":{"rendered":"https:\/\/www.studiainitalia.com\/?page_id=194903"},"modified":"2026-03-18T09:56:21","modified_gmt":"2026-03-18T08:56:21","slug":"politica-de-privacidade","status":"publish","type":"page","link":"https:\/\/www.studiainitalia.com\/pt-br\/politica-de-privacidade\/","title":{"rendered":"Politica de privacidade"},"content":{"rendered":"<p>DADOS DA EMPRESA<\/p>\n<p>Em cumprimento ao dever de informa\u00e7\u00e3o reunido no artigo 10 da Lei 34\/2002, de 11 de julho, dos servi\u00e7os da Sociedade da Informa\u00e7\u00e3o e Com\u00e9rcio Eletr\u00f4nico (LSSICE) s\u00e3o apresentados os seguintes dados identificativos da empresa:<\/p>\n<p>Nome da empresa: STUDIAINITALIA CURSOS Y VIAJES, S.L.<\/p>\n<p>Sede: Calle Ferrer del R\u00edo, n\u00ba 28, Esc. 1, 6\u00ba B; C.P. 28028 \u2013 MADRID ESPANHA &#8211; VAT NUMBER ESB84916279<\/p>\n<p>Email: info@studiainitalia.com<\/p>\n<p>Telefones: +34. 915336873 \/\/ +39. 3295616956<\/p>\n<p>PROPRIEDADE INDUSTRIAL E INTELECTUAL<\/p>\n<p>O design do site e seus c\u00f3digos-fonte, bem como os logotipos, marcas registradas e outros sinais distintivos que aparecem nele pertencem \u00e0 STUDIAINITALIA CURSOS Y VIAJES, S.L. e est\u00e3o protegidos pelos direitos de propriedade intelectual e industrial correspondentes.<\/p>\n<p>USU\u00c1RIOS<\/p>\n<p>O acesso e \/ ou uso deste website atribui a condi\u00e7\u00e3o de Usu\u00e1rio, que aceita os termos e condi\u00e7\u00f5es gerais de uso para poder usar todos os servi\u00e7os e informa\u00e7\u00f5es fornecidos pelo portal. Estas condi\u00e7\u00f5es est\u00e3o descritas abaixo:<\/p>\n<p>TERMOS E CONDI\u00c7\u00d5ES<\/p>\n<p>As presentes condi\u00e7\u00f5es de utiliza\u00e7\u00e3o da p\u00e1gina web, regulam os termos de acesso e utiliza\u00e7\u00e3o do portal da STUDIAINITALIA CURSOS Y VIAJES, S.L. O mero acesso ou uso do portal, todo ou parte de seu conte\u00fado e servi\u00e7os significa a aceita\u00e7\u00e3o plena e expressa dessas condi\u00e7\u00f5es de uso. Entende-se que a disponibilidade e uso do portal est\u00e3o sujeitos ao estrito cumprimento dos termos contidos nestas condi\u00e7\u00f5es de uso do portal. e os servi\u00e7os disponibilizados aos usu\u00e1rios e \/ ou atrav\u00e9s do portal, seja atrav\u00e9s do portal, seja por seus usu\u00e1rios ou por terceiros. No entanto, o acesso e uso de determinados conte\u00fados e \/ ou servi\u00e7os podem estar sujeitos a determinadas condi\u00e7\u00f5es espec\u00edficas.<\/p>\n<p>A empresa se reserva o direito de modificar a qualquer momento as condi\u00e7\u00f5es gerais de uso do portal. Em qualquer caso, recomenda-se que voc\u00ea consulte periodicamente as presentes condi\u00e7\u00f5es gerais de uso do portal, uma vez que elas podem ser modificadas.<\/p>\n<p>OBRIGA\u00c7\u00d5ES DO USU\u00c1RIO<\/p>\n<p>O usu\u00e1rio deve respeitar em todos os momentos os termos e condi\u00e7\u00f5es estabelecidos neste aviso legal. O usu\u00e1rio declara expressamente que ele \/ ela usar\u00e1 o portal diligentemente e assumindo qualquer responsabilidade que possa surgir da viola\u00e7\u00e3o das regras.<\/p>\n<p>O usu\u00e1rio compromete-se, nos casos em que dados ou informa\u00e7\u00f5es s\u00e3o solicitados, a n\u00e3o falsificar sua identidade fingindo ser qualquer outra pessoa. O usu\u00e1rio aceita que o uso do Portal ser\u00e1 realizado para fins estritamente pessoais, privados e privados. O usu\u00e1rio n\u00e3o pode usar o portal para atividades contr\u00e1rias \u00e0 lei, moral e ordem p\u00fablica, bem como para fins proibidos ou que violem ou prejudiquem os direitos de terceiros. Da mesma forma, \u00e9 proibida a dissemina\u00e7\u00e3o, armazenamento e \/ ou gest\u00e3o de dados ou conte\u00fados que violem os direitos de terceiros ou quaisquer regulamenta\u00e7\u00f5es regulamentares de direitos de propriedade intelectual ou industrial.<\/p>\n<p>Da mesma forma, o usu\u00e1rio n\u00e3o pode usar o portal para transmitir, armazenar, divulgar, promover ou distribuir dados ou conte\u00fados portadores de v\u00edrus ou qualquer outro c\u00f3digo de computador, arquivos ou programas projetados para interromper, destruir ou prejudicar a opera\u00e7\u00e3o de qualquer programa ou equipamento. TI ou telecomunica\u00e7\u00f5es.<\/p>\n<p>O usu\u00e1rio compromete-se a indenizar e isentar o portal por qualquer dano, preju\u00edzo, multa, multa, penalidade ou indeniza\u00e7\u00e3o que o portal tenha que enfrentar devido ao seu uso indevido pelo usu\u00e1rio.<\/p>\n<p>PROTE\u00c7\u00c3O DE DADOS<\/p>\n<p>Em conformidade com as disposi\u00e7\u00f5es do Regulamento (UE) 2016\/679 do Parlamento Europeu e do Conselho e da Lei Org\u00e2nica 15\/1999 de 13 de dezembro, Prote\u00e7\u00e3o de Dados Pessoais (LOPD) informa o usu\u00e1rio que todos os dados que voc\u00ea nos fornecer ser\u00e3o incorporados em um arquivo, criado e mantido sob a responsabilidade da STUDIAINITALIA CURSOS Y VIAJES, SL, que \u00e9 devidamente guardada e tratada, e que os dados nela contidos foram obtidos legalmente e cumprir as disposi\u00e7\u00f5es estabelecidas nos regulamentos para a prote\u00e7\u00e3o de dados pessoais.<\/p>\n<p>A pessoa encarregada do tratamento e de outros usu\u00e1rios autorizados somente e exclusivamente acessam e processam os dados contidos no arquivo de acordo com as instru\u00e7\u00f5es da pessoa respons\u00e1vel e somente os utilizam para realizar, em nome da pessoa respons\u00e1vel pelo arquivo, os servi\u00e7os especificamente autorizados.<\/p>\n<p>DIREITO DE ACESSO, OPOSI\u00c7\u00c3O, RECTIFICA\u00c7\u00c3O, CANCELAMENTO, SUPRESS\u00c3O E PORTABILIDADE DOS DADOS<\/p>\n<p>\u00c9 relatado que os direitos de acesso, oposi\u00e7\u00e3o, retifica\u00e7\u00e3o, cancelamento, exclus\u00e3o e portabilidade dos dados podem ser exercidos por correio postal para o seguinte endere\u00e7o:<\/p>\n<p>STUDIAINITALIA CURSOS Y VIAJES, S.L.<\/p>\n<p>Calle Ferrer del R\u00edo, n\u00ba 28, Esc. 1, 6\u00ba B; C.P. 28028 \u2013 MADRID\u00a0 anexando uma c\u00f3pia de seu DNI ou documento equivalente. Da mesma forma, e especialmente se voc\u00ea considerar que n\u00e3o obteve plena satisfa\u00e7\u00e3o no exerc\u00edcio de seus direitos, voc\u00ea pode apresentar uma reclama\u00e7\u00e3o \u00e0 autoridade supervisora nacional entrando em contato com a Ag\u00eancia Espanhola de Prote\u00e7\u00e3o de Dados, C\/ Jorge Juan, 6 \u2013 28001 Madrid.<\/p>\n<p>Por favor, leia este protocolo cuidadosamente. Se o signat\u00e1rio for um menor, este documento deve ser preenchido e ASSINADO pelo pai \/ respons\u00e1vel legal.<\/p>\n<p><u>Responsavel<\/u><\/p>\n<p>STUDIAINITALIA CURSOS Y VIAJES, S.L., CIF B- 84916279, Calle Ferrer del R\u00edo, n\u00ba\u00a0 28, Esc. 1, 6\u00ba B, C.P.: 28028, Madrid. E-mail: info@studiainitalia.com.<\/p>\n<p>INFORMA que:<\/p>\n<p>Os dados fornecidos destinam-se \u00e0 Gest\u00e3o de actividades relacionadas com a forma\u00e7\u00e3o, pr\u00e1ticas de trabalho, viagens de trabalho, actividades de turismo e lazer e pela emiss\u00e3o de diplomas e diplomas.<\/p>\n<ul>\n<li>Seus dados tamb\u00e9m podem ser usados para preparar or\u00e7amentos e divulgar e divulgar as atividades da empresa e oferecer novas atividades de treinamento, turismo e lazer.<\/li>\n<li>Os dados pessoais comunicados, direta ou indiretamente, far\u00e3o parte do nosso arquivo do cliente STUDIAINITALIA, e ser\u00e3o usados e tratados exclusivamente para os fins indicados, para cujo tratamento precisamos do seu consentimento expresso. Os dados fornecidos por voc\u00ea ser\u00e3o apenas aqueles estritamente necess\u00e1rios para o prop\u00f3sito acima mencionado, sendo essencial que voc\u00ea manifeste esta informa\u00e7\u00e3o de forma consciente e volunt\u00e1ria para fornecer os servi\u00e7os solicitados.<\/li>\n<li>O processamento de seus dados pessoais se estende apenas aos dados fornecidos ou gerados na atividade combinada.<\/li>\n<li>O processamento de categorias especiais de dados pessoais n\u00e3o ser\u00e1 realizado.<\/li>\n<li>Nenhum perfil ser\u00e1 desenvolvido com os dados, nem ser\u00e3o tomadas decis\u00f5es automatizadas com eles.<\/li>\n<li>Seus dados, com as medidas apropriadas de pseudonimiza\u00e7\u00e3o, agrega\u00e7\u00e3o e acesso restrito, ser\u00e3o protegidos e tratados com medidas de confidencialidade apropriadas e em total conformidade com as disposi\u00e7\u00f5es atuais sobre prote\u00e7\u00e3o de dados.<\/li>\n<\/ul>\n<p>Origem e Legitima\u00e7\u00e3o:<br \/>\n\u2022 Os dados s\u00e3o fornecidos voluntariamente por voc\u00ea ou obtidos na execu\u00e7\u00e3o do contrato para a presta\u00e7\u00e3o de servi\u00e7os e o tratamento dos mesmos \u00e9 baseado no consentimento livre e esclarecido concedido neste documento.<\/p>\n<p><strong><u>Destinatarios<\/u><\/strong><strong>:<\/strong><\/p>\n<ul>\n<li>Os destinat\u00e1rios dos dados ser\u00e3o apenas STUDIAINITALIA CURSOS Y VIAJES S.L. e propriet\u00e1rios e empregados da empresa diretamente envolvidos na gest\u00e3o dos servi\u00e7os contratados, ou com os servi\u00e7os administrativos, legais, cont\u00e1beis e tribut\u00e1rios dos profissionais participantes de sua execu\u00e7\u00e3o.<br \/>\n\u2022 Os dados podem ser acessados \u200b\u200bpor outras entidades ou profissionais da firma que possam ser contratados para prestar os servi\u00e7os necess\u00e1rios para a execu\u00e7\u00e3o de seu contrato, com prop\u00f3sitos id\u00eanticos e com as devidas garantias de confidencialidade, respeitando as previs\u00f5es em todos os momentos. do Regulamento (UE) 2016\/679 do Parlamento Europeu e do Conselho e da Lei Org\u00e2nica 15\/1999, de 13 de dezembro.<br \/>\n\u2022 A informa\u00e7\u00e3o que lhe afecte ser\u00e1 estritamente confidencial e independentemente dos destinat\u00e1rios indicados, ser\u00e1 apenas transmitida a si ou a quem, se exercer o seu direito de portabilidade, informe-nos, bem como, quando apropriado, os nossos consultores jur\u00eddicos, contabilistas e fiscais .<br \/>\n\u2022 Os dados podem ser fornecidos \u00e0 pessoa respons\u00e1vel pelo processamento do arquivo STUDIAINITALIA Clients e, quando apropriado, ao nosso computador externo, com a \u00fanica finalidade de garantir, com os devidos requisitos de confidencialidade, o tratamento de forma legal e transparente, isto \u00e9 para o seu registo, organiza\u00e7\u00e3o, conserva\u00e7\u00e3o, adapta\u00e7\u00e3o ou modifica\u00e7\u00e3o, extra\u00e7\u00e3o, consulta, utiliza\u00e7\u00e3o, transmiss\u00e3o, difus\u00e3o ou qualquer outra forma de autoriza\u00e7\u00e3o de acesso, intercala\u00e7\u00e3o ou interliga\u00e7\u00e3o, limita\u00e7\u00e3o, supress\u00e3o ou destrui\u00e7\u00e3o de dados, de acordo com as disposi\u00e7\u00f5es do Regulamento (UE) 2016\/679, preservando em todos os momentos o sigilo dos dados pessoais.<br \/>\n\u2022 As informa\u00e7\u00f5es que afetam voc\u00ea ser\u00e3o mantidas pelo tempo m\u00ednimo relevante para a finalidade para a qual s\u00e3o coletadas, de forma que o per\u00edodo de conserva\u00e7\u00e3o responda aos seguintes crit\u00e9rios:<br \/>\n\u2013 Eles ser\u00e3o mantidos pelo tempo necess\u00e1rio para cumprir o prop\u00f3sito para o qual foram coletados e para determinar as poss\u00edveis responsabilidades que poderiam derivar do referido prop\u00f3sito e do tratamento dos dados. As disposi\u00e7\u00f5es dos arquivos e regulamentos de documenta\u00e7\u00e3o ser\u00e3o aplicadas.<br \/>\n\u2013 Os dados dos professores ser\u00e3o conservados para futuras a\u00e7\u00f5es formativas, a menos que solicitem sua supress\u00e3o.<br \/>\n\u2013 A identifica\u00e7\u00e3o e os dados financeiros ser\u00e3o cancelados de acordo com os prazos estabelecidos pela legisla\u00e7\u00e3o tribut\u00e1ria referente \u00e0 prescri\u00e7\u00e3o de responsabilidades.<br \/>\n\u2013 No entanto, os dados podem ser retidos por um per\u00edodo mais longo no caso de algum tipo de responsabilidade ou obriga\u00e7\u00e3o legal derivada da execu\u00e7\u00e3o de um contrato ou a aplica\u00e7\u00e3o de medidas pr\u00e9-contratuais solicitadas pelo interessado poderem ser exigidas.<br \/>\n\u2022 N\u00e3o haver\u00e1 transfer\u00eancias internacionais dos seus dados fora do \u00e2mbito da Uni\u00e3o Europeia.<\/li>\n<\/ul>\n<p>Direitos:<\/p>\n<p>De acordo com as disposi\u00e7\u00f5es do Artigo 7 do Regulamento (UE) 2016\/679, voc\u00ea, como parte interessada, ter\u00e1 o direito de retirar o seu consentimento a qualquer momento. Embora voc\u00ea esteja informado de que a retirada do consentimento n\u00e3o afetar\u00e1 a legalidade do tratamento com base no consentimento anterior \u00e0 sua retirada.<\/p>\n<p>Al\u00e9m disso, com base nas disposi\u00e7\u00f5es do Artigo 15 e seguintes do Regulamento acima mencionado, os direitos de acesso, retifica\u00e7\u00e3o, limita\u00e7\u00e3o e oposi\u00e7\u00e3o s\u00e3o reconhecidos, bem como os direitos de exclus\u00e3o e portabilidade dos mesmos.<\/p>\n<p>Todos os direitos que voc\u00ea pode exercer a qualquer momento e gratuitamente, enviando uma solicita\u00e7\u00e3o por escrito para o endere\u00e7o ou endere\u00e7o indicado acima, fornecendo seu nome, sobrenome, fotoc\u00f3pia do seu documento de identidade, o direito que deseja solicitar e o conte\u00fado do seu pedido, bem como um endere\u00e7o para notifica\u00e7\u00f5es.<\/p>\n<p>Voc\u00ea tamb\u00e9m ter\u00e1 o direito de reclamar com a autoridade de controle (Ag\u00eancia Espanhola de Prote\u00e7\u00e3o de Dados \u2013 www.agpd.es\/), no caso de n\u00e3o ver o seu pedido.<\/p>\n<p>Em nosso endere\u00e7o de e-mail info@studiainitalia.com, voc\u00ea pode solicitar todas as informa\u00e7\u00f5es adicionais sobre o processamento de seus dados pessoais em nossa empresa. Voc\u00ea tamb\u00e9m pode solicitar um formul\u00e1rio para exercer seus direitos.Principio del formulario<\/p>\n<p>Final del formulario<\/p>\n<p>Origem dos dados:<br \/>\nOs dados pessoais que tratamos em STUDIAINITALIA CURSOS Y VIAJES, S.L. s\u00e3o as identifica\u00e7\u00f5es pessoais, econ\u00f4micas, financeiras, acad\u00eamicas e profissionais que afetam voc\u00ea e v\u00eam diretamente de voc\u00ea ou foram obtidas com o seu consentimento pelos profissionais de nossa empresa para o fornecimento e oferta de nossos servi\u00e7os.<br \/>\nCom base no que precede, ap\u00f3s ter sido avisado dos cuidados a receber nos seus dados e informado da sua utiliza\u00e7\u00e3o, em conformidade com o disposto no artigo 6.\u00ba, n.\u00ba 1, al\u00ednea a), do Regulamento (UE) 2016\/679, e tendo levar em conta os dados coletados nas v\u00e1rias se\u00e7\u00f5es do formul\u00e1rio de coleta de dados que voc\u00ea voluntariamente preenche,<\/p>\n<p>DECLARA ter lido e entendido o conte\u00fado deste documento e, portanto, expressamente aceitar e aceitar as informa\u00e7\u00f5es descritas<\/p>\n<p>FORNECE O SEU CONSENTIMENTO EXPRESSO para<br \/>\n\u00d8 Obten\u00e7\u00e3o dos dados de identifica\u00e7\u00e3o, pessoais, econ\u00f4mico-financeiros, acad\u00eamicos e profissionais coletados no formul\u00e1rio.<br \/>\n\u00d8 A formula\u00e7\u00e3o de or\u00e7amentos e treinamento, turismo e ofertas de lazer.<br \/>\n\u00d8 A gest\u00e3o de actividades relacionadas com a forma\u00e7\u00e3o, pr\u00e1ticas de trabalho, viagens de trabalho, actividades de turismo e lazer e para a emiss\u00e3o de diplomas e diplomas.<br \/>\n\u00d8 Receber comunica\u00e7\u00f5es de produtos e servi\u00e7os da STUDIAINITALIA CURSOS Y VIAJES, S.L. relacionados aos solicitados e para torn\u00e1-lo ciente das atividades de nossa empresa e propor novos servi\u00e7os.<br \/>\n\u00d8 O tratamento de dados pessoais fornecidos e obtidos, quando apropriado, na execu\u00e7\u00e3o de rela\u00e7\u00f5es com a nossa empresa.<br \/>\n\u00d8 Que todos os seus dados est\u00e3o inclu\u00eddos no arquivo STUDIAINITALIA Clients de tal forma que permita sua cust\u00f3dia e uso para os fins exclusivos para os quais foi coletado.<\/p>\n<p>E tudo isso de acordo com as especifica\u00e7\u00f5es contidas no presente consentimento informado.<\/p>\n","protected":false},"excerpt":{"rendered":"<p>DADOS DA EMPRESA Em cumprimento ao dever de informa\u00e7\u00e3o reunido no artigo 10 da Lei 34\/2002, de 11 de julho, dos servi\u00e7os da Sociedade da Informa\u00e7\u00e3o e Com\u00e9rcio Eletr\u00f4nico (LSSICE) s\u00e3o apresentados os seguintes dados identificativos da empresa: Nome da empresa: STUDIAINITALIA CURSOS Y VIAJES, S.L. Sede: Calle Ferrer del R\u00edo, n\u00ba 28, Esc. 1, [&hellip;]<\/p>\n","protected":false},"author":132,"featured_media":0,"parent":0,"menu_order":0,"comment_status":"closed","ping_status":"closed","template":"","meta":{"_acf_changed":false,"_uag_custom_page_level_css":"","_kad_blocks_custom_css":"","_kad_blocks_head_custom_js":"","_kad_blocks_body_custom_js":"","_kad_blocks_footer_custom_js":"","site-sidebar-layout":"default","site-content-layout":"","ast-site-content-layout":"default","site-content-style":"default","site-sidebar-style":"default","ast-global-header-display":"","ast-banner-title-visibility":"","ast-main-header-display":"","ast-hfb-above-header-display":"","ast-hfb-below-header-display":"","ast-hfb-mobile-header-display":"","site-post-title":"","ast-breadcrumbs-content":"","ast-featured-img":"","footer-sml-layout":"","ast-disable-related-posts":"","theme-transparent-header-meta":"","adv-header-id-meta":"","stick-header-meta":"","header-above-stick-meta":"","header-main-stick-meta":"","header-below-stick-meta":"","astra-migrate-meta-layouts":"set","ast-page-background-enabled":"default","ast-page-background-meta":{"desktop":{"background-color":"var(--ast-global-color-4)","background-image":"","background-repeat":"repeat","background-position":"center center","background-size":"auto","background-attachment":"scroll","background-type":"","background-media":"","overlay-type":"","overlay-color":"","overlay-opacity":"","overlay-gradient":""},"tablet":{"background-color":"","background-image":"","background-repeat":"repeat","background-position":"center center","background-size":"auto","background-attachment":"scroll","background-type":"","background-media":"","overlay-type":"","overlay-color":"","overlay-opacity":"","overlay-gradient":""},"mobile":{"background-color":"","background-image":"","background-repeat":"repeat","background-position":"center center","background-size":"auto","background-attachment":"scroll","background-type":"","background-media":"","overlay-type":"","overlay-color":"","overlay-opacity":"","overlay-gradient":""}},"ast-content-background-meta":{"desktop":{"background-color":"var(--ast-global-color-5)","background-image":"","background-repeat":"repeat","background-position":"center center","background-size":"auto","background-attachment":"scroll","background-type":"","background-media":"","overlay-type":"","overlay-color":"","overlay-opacity":"","overlay-gradient":""},"tablet":{"background-color":"var(--ast-global-color-5)","background-image":"","background-repeat":"repeat","background-position":"center center","background-size":"auto","background-attachment":"scroll","background-type":"","background-media":"","overlay-type":"","overlay-color":"","overlay-opacity":"","overlay-gradient":""},"mobile":{"background-color":"var(--ast-global-color-5)","background-image":"","background-repeat":"repeat","background-position":"center center","background-size":"auto","background-attachment":"scroll","background-type":"","background-media":"","overlay-type":"","overlay-color":"","overlay-opacity":"","overlay-gradient":""}},"footnotes":""},"class_list":["post-194903","page","type-page","status-publish","hentry"],"acf":[],"taxonomy_info":[],"featured_image_src_large":false,"author_info":{"display_name":"Jordi Torres","author_link":"https:\/\/www.studiainitalia.com\/pt-br\/author\/creativa\/"},"comment_info":0,"uagb_featured_image_src":{"full":false,"thumbnail":false,"medium":false,"medium_large":false,"large":false,"1536x1536":false,"2048x2048":false,"ultp_layout_landscape_large":false,"ultp_layout_landscape":false,"ultp_layout_portrait":false,"ultp_layout_square":false,"gform-image-choice-sm":false,"gform-image-choice-md":false,"gform-image-choice-lg":false,"woocommerce_thumbnail":false,"woocommerce_single":false,"woocommerce_gallery_thumbnail":false,"yarpp-thumbnail":false},"uagb_author_info":{"display_name":"Jordi Torres","author_link":"https:\/\/www.studiainitalia.com\/pt-br\/author\/creativa\/"},"uagb_comment_info":0,"uagb_excerpt":"DADOS DA EMPRESA Em cumprimento ao dever de informa\u00e7\u00e3o reunido no artigo 10 da Lei 34\/2002, de 11 de julho, dos servi\u00e7os da Sociedade da Informa\u00e7\u00e3o e Com\u00e9rcio Eletr\u00f4nico (LSSICE) s\u00e3o apresentados os seguintes dados identificativos da empresa: Nome da empresa: STUDIAINITALIA CURSOS Y VIAJES, S.L. Sede: Calle Ferrer del R\u00edo, n\u00ba 28, Esc. 1,&hellip;","_links":{"self":[{"href":"https:\/\/www.studiainitalia.com\/pt-br\/wp-json\/wp\/v2\/pages\/194903","targetHints":{"allow":["GET"]}}],"collection":[{"href":"https:\/\/www.studiainitalia.com\/pt-br\/wp-json\/wp\/v2\/pages"}],"about":[{"href":"https:\/\/www.studiainitalia.com\/pt-br\/wp-json\/wp\/v2\/types\/page"}],"author":[{"embeddable":true,"href":"https:\/\/www.studiainitalia.com\/pt-br\/wp-json\/wp\/v2\/users\/132"}],"replies":[{"embeddable":true,"href":"https:\/\/www.studiainitalia.com\/pt-br\/wp-json\/wp\/v2\/comments?post=194903"}],"version-history":[{"count":0,"href":"https:\/\/www.studiainitalia.com\/pt-br\/wp-json\/wp\/v2\/pages\/194903\/revisions"}],"wp:attachment":[{"href":"https:\/\/www.studiainitalia.com\/pt-br\/wp-json\/wp\/v2\/media?parent=194903"}],"curies":[{"name":"wp","href":"https:\/\/api.w.org\/{rel}","templated":true}]}}