{"id":195626,"date":"2023-11-06T22:28:42","date_gmt":"2023-11-06T21:28:42","guid":{"rendered":"https:\/\/www.studiainitalia.com\/?page_id=195626"},"modified":"2024-03-17T11:48:56","modified_gmt":"2024-03-17T10:48:56","slug":"garantia-de-preco-baixo","status":"publish","type":"page","link":"https:\/\/www.studiainitalia.com\/pt-br\/garantia-de-preco-baixo\/","title":{"rendered":"Garantia de Pre\u00e7o Baixo"},"content":{"rendered":"\n<p><strong>Garantia de Pre\u00e7o Baixo<\/strong><\/p>\n\n\n\n<p>Nossa Garantia de Pre\u00e7o Baixo, para que voc\u00ea possa sempre reservar seu curso de idiomas com confian\u00e7a.<\/p>\n\n\n\n<p>N\u00f3s garantimos que voc\u00ea est\u00e1 recebendo o menor pre\u00e7o. Se voc\u00ea encontrar um pre\u00e7o melhor em outro lugar para o mesmo curso de idiomas dentro de 48 horas, reembolsaremos a diferen\u00e7a.<\/p>\n\n\n\n<div class=\"wp-block-uagb-separator uagb-block-a181e514\"><div class=\"wp-block-uagb-separator__inner\" style=\"--my-background-image:\"><\/div><\/div>\n\n\n\n<h4 class=\"wp-block-heading\">Condi\u00e7\u00f5es<\/h4>\n\n\n\n<p>Entre em contato conosco dentro de 48 horas ap\u00f3s a reserva e informe ao nosso representante de suporte ao cliente onde voc\u00ea encontrou o pre\u00e7omaisbaixo. Veja detalhes.<\/p>\n\n\n\n<p>No caso de encontrar uma taxamais baixa em outro site dentro de 48 horas ap\u00f3s a reserva conosco, creditaremo sou reembolsaremos a diferen\u00e7a.<\/p>\n\n\n\n<p>Voc\u00ea debe entrar em contato conosco dentro de quarenta e oito (48) horas ap\u00f3s a sua reserva para fazer uma reclama\u00e7\u00e3o. A tarifa mais baix adeve estar dispon\u00edvel para reserva no momento em que voc\u00ea entrar em contato conosco.<\/p>\n\n\n\n<p>A Garantia de Pre\u00e7o Baixo est\u00e1 dispon\u00edvel apenas para correspond\u00eancias exatas do curso de idiomas, escolae as mesmas datas e hor\u00e1rios exatos reservados por n\u00f3s.<\/p>\n\n\n\n<p>A Garantia de Pre\u00e7oBaixo aplica-se apenas aos pre\u00e7os anunciados e dispon\u00edveis ao p\u00fablico em geral em umsite. A taxa mai sbaixa pode n\u00e3o vir de umsite para o qual voc\u00ea liga para obter a taxa ou de um e-mail que voc\u00ea recebeu.<\/p>\n","protected":false},"excerpt":{"rendered":"<p>Garantia de Pre\u00e7o Baixo Nossa Garantia de Pre\u00e7o Baixo, para que voc\u00ea possa sempre reservar seu curso de idiomas com confian\u00e7a. N\u00f3s garantimos que voc\u00ea est\u00e1 recebendo o menor pre\u00e7o. Se voc\u00ea encontrar um pre\u00e7o melhor em outro lugar para o mesmo curso de idiomas dentro de 48 horas, reembolsaremos a diferen\u00e7a. Condi\u00e7\u00f5es Entre em [&hellip;]<\/p>\n","protected":false},"author":132,"featured_media":0,"parent":0,"menu_order":0,"comment_status":"closed","ping_status":"closed","template":"","meta":{"_acf_changed":false,"_uag_custom_page_level_css":"","_kad_blocks_custom_css":"","_kad_blocks_head_custom_js":"","_kad_blocks_body_custom_js":"","_kad_blocks_footer_custom_js":"","site-sidebar-layout":"default","site-content-layout":"","ast-site-content-layout":"default","site-content-style":"default","site-sidebar-style":"default","ast-global-header-display":"","ast-banner-title-visibility":"","ast-main-header-display":"","ast-hfb-above-header-display":"","ast-hfb-below-header-display":"","ast-hfb-mobile-header-display":"","site-post-title":"","ast-breadcrumbs-content":"","ast-featured-img":"","footer-sml-layout":"","ast-disable-related-posts":"","theme-transparent-header-meta":"","adv-header-id-meta":"","stick-header-meta":"","header-above-stick-meta":"","header-main-stick-meta":"","header-below-stick-meta":"","astra-migrate-meta-layouts":"set","ast-page-background-enabled":"default","ast-page-background-meta":{"desktop":{"background-color":"var(--ast-global-color-4)","background-image":"","background-repeat":"repeat","background-position":"center center","background-size":"auto","background-attachment":"scroll","background-type":"","background-media":"","overlay-type":"","overlay-color":"","overlay-opacity":"","overlay-gradient":""},"tablet":{"background-color":"","background-image":"","background-repeat":"repeat","background-position":"center center","background-size":"auto","background-attachment":"scroll","background-type":"","background-media":"","overlay-type":"","overlay-color":"","overlay-opacity":"","overlay-gradient":""},"mobile":{"background-color":"","background-image":"","background-repeat":"repeat","background-position":"center center","background-size":"auto","background-attachment":"scroll","background-type":"","background-media":"","overlay-type":"","overlay-color":"","overlay-opacity":"","overlay-gradient":""}},"ast-content-background-meta":{"desktop":{"background-color":"var(--ast-global-color-5)","background-image":"","background-repeat":"repeat","background-position":"center center","background-size":"auto","background-attachment":"scroll","background-type":"","background-media":"","overlay-type":"","overlay-color":"","overlay-opacity":"","overlay-gradient":""},"tablet":{"background-color":"var(--ast-global-color-5)","background-image":"","background-repeat":"repeat","background-position":"center center","background-size":"auto","background-attachment":"scroll","background-type":"","background-media":"","overlay-type":"","overlay-color":"","overlay-opacity":"","overlay-gradient":""},"mobile":{"background-color":"var(--ast-global-color-5)","background-image":"","background-repeat":"repeat","background-position":"center center","background-size":"auto","background-attachment":"scroll","background-type":"","background-media":"","overlay-type":"","overlay-color":"","overlay-opacity":"","overlay-gradient":""}},"footnotes":""},"class_list":["post-195626","page","type-page","status-publish","hentry"],"acf":[],"taxonomy_info":[],"featured_image_src_large":false,"author_info":{"display_name":"Jordi Torres","author_link":"https:\/\/www.studiainitalia.com\/pt-br\/author\/creativa\/"},"comment_info":0,"uagb_featured_image_src":{"full":false,"thumbnail":false,"medium":false,"medium_large":false,"large":false,"1536x1536":false,"2048x2048":false,"ultp_layout_landscape_large":false,"ultp_layout_landscape":false,"ultp_layout_portrait":false,"ultp_layout_square":false,"gform-image-choice-sm":false,"gform-image-choice-md":false,"gform-image-choice-lg":false,"woocommerce_thumbnail":false,"woocommerce_single":false,"woocommerce_gallery_thumbnail":false,"yarpp-thumbnail":false},"uagb_author_info":{"display_name":"Jordi Torres","author_link":"https:\/\/www.studiainitalia.com\/pt-br\/author\/creativa\/"},"uagb_comment_info":0,"uagb_excerpt":"Garantia de Pre\u00e7o Baixo Nossa Garantia de Pre\u00e7o Baixo, para que voc\u00ea possa sempre reservar seu curso de idiomas com confian\u00e7a. N\u00f3s garantimos que voc\u00ea est\u00e1 recebendo o menor pre\u00e7o. Se voc\u00ea encontrar um pre\u00e7o melhor em outro lugar para o mesmo curso de idiomas dentro de 48 horas, reembolsaremos a diferen\u00e7a. Condi\u00e7\u00f5es Entre em&hellip;","_links":{"self":[{"href":"https:\/\/www.studiainitalia.com\/pt-br\/wp-json\/wp\/v2\/pages\/195626","targetHints":{"allow":["GET"]}}],"collection":[{"href":"https:\/\/www.studiainitalia.com\/pt-br\/wp-json\/wp\/v2\/pages"}],"about":[{"href":"https:\/\/www.studiainitalia.com\/pt-br\/wp-json\/wp\/v2\/types\/page"}],"author":[{"embeddable":true,"href":"https:\/\/www.studiainitalia.com\/pt-br\/wp-json\/wp\/v2\/users\/132"}],"replies":[{"embeddable":true,"href":"https:\/\/www.studiainitalia.com\/pt-br\/wp-json\/wp\/v2\/comments?post=195626"}],"version-history":[{"count":0,"href":"https:\/\/www.studiainitalia.com\/pt-br\/wp-json\/wp\/v2\/pages\/195626\/revisions"}],"wp:attachment":[{"href":"https:\/\/www.studiainitalia.com\/pt-br\/wp-json\/wp\/v2\/media?parent=195626"}],"curies":[{"name":"wp","href":"https:\/\/api.w.org\/{rel}","templated":true}]}}