{"id":196650,"date":"2024-01-15T11:36:38","date_gmt":"2024-01-15T10:36:38","guid":{"rendered":"https:\/\/www.studiainitalia.com\/?page_id=196650"},"modified":"2024-01-15T21:49:53","modified_gmt":"2024-01-15T20:49:53","slug":"visto","status":"publish","type":"page","link":"https:\/\/www.studiainitalia.com\/pt-br\/visto\/","title":{"rendered":"Visto"},"content":{"rendered":"<div  class=\"wp-block-ultimate-post-heading ultp-block-6add5e\"><div class=\"ultp-block-wrapper\"><div class=\"ultp-heading-wrap ultp-heading-style1 ultp-heading-left\"><h1 class=\"ultp-heading-inner\"><span>Visto<\/span><\/h1><\/div><\/div><\/div>\n\n\n<div class=\"wp-block-group is-layout-constrained wp-block-group-is-layout-constrained\">\n<p>Verifique se voc\u00ea precisa de visto aqui: <a href=\"https:\/\/vistoperitalia.esteri.it\/home.aspx\" target=\"_blank\" rel=\"noopener\">https:\/\/vistoperitalia.esteri.it\/home.aspx<\/a> &nbsp;<\/p>\n\n\n\n<p>Para solicitar o visto de estudante, voc\u00ea precisa estar matriculado em um curso de pelo menos 20 horas por semana. Isso significa que voc\u00ea deve frequentar um curso 4 horas por dia, 5 dias por semana, de segunda a sexta-feira. A participa\u00e7\u00e3o no curso \u00e9 obrigat\u00f3ria<\/p>\n\n\n\n<p>Observe que \u00e9 muito dif\u00edcil obter um visto como iniciante, por isso sugerimos que voc\u00ea comece um curso e chegue ao n\u00edvel A2 (que \u00e9 o que a maioria dos consulados pede, \u00e0s vezes at\u00e9 B1 ou B2) antes de solicitar o visto.<\/p>\n\n\n\n<p>Assim que o valor total da taxa do curso for pago, forneceremos a voc\u00ea toda a documenta\u00e7\u00e3o necess\u00e1ria de nossa parte para solicitar o visto. Por exemplo:<\/p>\n\n\n\n<ul class=\"wp-block-list\">\n<li>fatura<\/li>\n\n\n\n<li>certificado de matr\u00edcula<\/li>\n\n\n\n<li>reconhecimento do Minist\u00e9rio da Educa\u00e7\u00e3o da It\u00e1liacertificado de incorpora\u00e7\u00e3o<\/li>\n\n\n\n<li>registro da empresa na c\u00e2mara de com\u00e9rcio<\/li>\n<\/ul>\n\n\n\n<p>Al\u00e9m desses documentos, voc\u00ea deve apresentar os seguintes documentos na embaixada italiana:<\/p>\n\n\n\n<ul class=\"wp-block-list\">\n<li>passaporte v\u00e1lido<\/li>\n\n\n\n<li>seguro de sa\u00fade para todo o per\u00edodo de sua estadia, v\u00e1lido para a It\u00e1lia<\/li>\n\n\n\n<li>Acomoda\u00e7\u00e3o (na forma de um convite da fam\u00edlia anfitri\u00e3 ou podemos fornecer a voc\u00ea um certificado de hospedagem)cobertura econ\u00f4mica para todo o per\u00edodo da sua estadia (1.000 euros\/m\u00eas)<\/li>\n\n\n\n<li>carta de motiva\u00e7\u00e3o relacionando seu plano de estudar italiano com seus estudos passados ou futuros, ou com seu hist\u00f3rico de trabalho.<\/li>\n<\/ul>\n\n\n\n<p>Ao chegar \u00e0 It\u00e1lia, voc\u00ea precisa ir \u00e0 ag\u00eancia dos correios mais pr\u00f3xima e preencher o kit postal para a autoriza\u00e7\u00e3o de resid\u00eancia no prazo de 9 dias ap\u00f3s a sua chegada.<\/p>\n\n\n\n<p>Os documentos originais ser\u00e3o enviados a voc\u00ea por e-mail ou dhl, mediante solicita\u00e7\u00e3o e \u00e0s suas pr\u00f3prias custas<\/p>\n\n\n\n<p>Caso seu pedido de visto seja recusado, voc\u00ea receber\u00e1 um reembolso total, exceto a taxa administrativa de 350 euros. Os custos banc\u00e1rios para obter o reembolso s\u00e3o por sua conta.<\/p>\n\n\n<style>.wp-block-kadence-spacer.kt-block-spacer-196650_bf0b07-20 .kt-block-spacer{height:60px;}.wp-block-kadence-spacer.kt-block-spacer-196650_bf0b07-20 .kt-divider{border-top-width:1px;height:1px;border-top-color:var(--ast-global-color-5);width:80%;border-top-style:solid;}<\/style>\n<div class=\"wp-block-kadence-spacer aligncenter kt-block-spacer-196650_bf0b07-20\"><div class=\"kt-block-spacer kt-block-spacer-halign-center\"><\/div><\/div>\n<\/div>\n","protected":false},"excerpt":{"rendered":"<p>Verifique se voc\u00ea precisa de visto aqui: https:\/\/vistoperitalia.esteri.it\/home.aspx &nbsp; Para solicitar o visto de estudante, voc\u00ea precisa estar matriculado em um curso de pelo menos 20 horas por semana. Isso significa que voc\u00ea deve frequentar um curso 4 horas por dia, 5 dias por semana, de segunda a sexta-feira. A participa\u00e7\u00e3o no curso \u00e9 obrigat\u00f3ria [&hellip;]<\/p>\n","protected":false},"author":132,"featured_media":0,"parent":0,"menu_order":0,"comment_status":"closed","ping_status":"closed","template":"","meta":{"_acf_changed":false,"_uag_custom_page_level_css":"","_kad_blocks_custom_css":"","_kad_blocks_head_custom_js":"","_kad_blocks_body_custom_js":"","_kad_blocks_footer_custom_js":"","site-sidebar-layout":"default","site-content-layout":"","ast-site-content-layout":"default","site-content-style":"default","site-sidebar-style":"default","ast-global-header-display":"","ast-banner-title-visibility":"","ast-main-header-display":"","ast-hfb-above-header-display":"","ast-hfb-below-header-display":"","ast-hfb-mobile-header-display":"","site-post-title":"disabled","ast-breadcrumbs-content":"","ast-featured-img":"","footer-sml-layout":"","ast-disable-related-posts":"","theme-transparent-header-meta":"","adv-header-id-meta":"","stick-header-meta":"","header-above-stick-meta":"","header-main-stick-meta":"","header-below-stick-meta":"","astra-migrate-meta-layouts":"set","ast-page-background-enabled":"default","ast-page-background-meta":{"desktop":{"background-color":"var(--ast-global-color-4)","background-image":"","background-repeat":"repeat","background-position":"center center","background-size":"auto","background-attachment":"scroll","background-type":"","background-media":"","overlay-type":"","overlay-color":"","overlay-opacity":"","overlay-gradient":""},"tablet":{"background-color":"","background-image":"","background-repeat":"repeat","background-position":"center center","background-size":"auto","background-attachment":"scroll","background-type":"","background-media":"","overlay-type":"","overlay-color":"","overlay-opacity":"","overlay-gradient":""},"mobile":{"background-color":"","background-image":"","background-repeat":"repeat","background-position":"center center","background-size":"auto","background-attachment":"scroll","background-type":"","background-media":"","overlay-type":"","overlay-color":"","overlay-opacity":"","overlay-gradient":""}},"ast-content-background-meta":{"desktop":{"background-color":"var(--ast-global-color-5)","background-image":"","background-repeat":"repeat","background-position":"center center","background-size":"auto","background-attachment":"scroll","background-type":"","background-media":"","overlay-type":"","overlay-color":"","overlay-opacity":"","overlay-gradient":""},"tablet":{"background-color":"var(--ast-global-color-5)","background-image":"","background-repeat":"repeat","background-position":"center center","background-size":"auto","background-attachment":"scroll","background-type":"","background-media":"","overlay-type":"","overlay-color":"","overlay-opacity":"","overlay-gradient":""},"mobile":{"background-color":"var(--ast-global-color-5)","background-image":"","background-repeat":"repeat","background-position":"center center","background-size":"auto","background-attachment":"scroll","background-type":"","background-media":"","overlay-type":"","overlay-color":"","overlay-opacity":"","overlay-gradient":""}},"footnotes":""},"class_list":["post-196650","page","type-page","status-publish","hentry"],"acf":[],"taxonomy_info":[],"featured_image_src_large":false,"author_info":{"display_name":"Jordi Torres","author_link":"https:\/\/www.studiainitalia.com\/pt-br\/author\/creativa\/"},"comment_info":0,"uagb_featured_image_src":{"full":false,"thumbnail":false,"medium":false,"medium_large":false,"large":false,"1536x1536":false,"2048x2048":false,"ultp_layout_landscape_large":false,"ultp_layout_landscape":false,"ultp_layout_portrait":false,"ultp_layout_square":false,"gform-image-choice-sm":false,"gform-image-choice-md":false,"gform-image-choice-lg":false,"woocommerce_thumbnail":false,"woocommerce_single":false,"woocommerce_gallery_thumbnail":false,"yarpp-thumbnail":false},"uagb_author_info":{"display_name":"Jordi Torres","author_link":"https:\/\/www.studiainitalia.com\/pt-br\/author\/creativa\/"},"uagb_comment_info":0,"uagb_excerpt":"Verifique se voc\u00ea precisa de visto aqui: https:\/\/vistoperitalia.esteri.it\/home.aspx &nbsp; Para solicitar o visto de estudante, voc\u00ea precisa estar matriculado em um curso de pelo menos 20 horas por semana. Isso significa que voc\u00ea deve frequentar um curso 4 horas por dia, 5 dias por semana, de segunda a sexta-feira. A participa\u00e7\u00e3o no curso \u00e9 obrigat\u00f3ria&hellip;","_links":{"self":[{"href":"https:\/\/www.studiainitalia.com\/pt-br\/wp-json\/wp\/v2\/pages\/196650","targetHints":{"allow":["GET"]}}],"collection":[{"href":"https:\/\/www.studiainitalia.com\/pt-br\/wp-json\/wp\/v2\/pages"}],"about":[{"href":"https:\/\/www.studiainitalia.com\/pt-br\/wp-json\/wp\/v2\/types\/page"}],"author":[{"embeddable":true,"href":"https:\/\/www.studiainitalia.com\/pt-br\/wp-json\/wp\/v2\/users\/132"}],"replies":[{"embeddable":true,"href":"https:\/\/www.studiainitalia.com\/pt-br\/wp-json\/wp\/v2\/comments?post=196650"}],"version-history":[{"count":0,"href":"https:\/\/www.studiainitalia.com\/pt-br\/wp-json\/wp\/v2\/pages\/196650\/revisions"}],"wp:attachment":[{"href":"https:\/\/www.studiainitalia.com\/pt-br\/wp-json\/wp\/v2\/media?parent=196650"}],"curies":[{"name":"wp","href":"https:\/\/api.w.org\/{rel}","templated":true}]}}