{"id":197416,"date":"2021-02-24T20:15:06","date_gmt":"2021-02-24T19:15:06","guid":{"rendered":"https:\/\/www.studiainitalia.com\/error-404-o-conteudo-nao-existe-mais\/"},"modified":"2024-03-08T11:06:30","modified_gmt":"2024-03-08T10:06:30","slug":"error-404-o-conteudo-nao-existe-mais","status":"publish","type":"page","link":"https:\/\/www.studiainitalia.com\/pt-br\/error-404-o-conteudo-nao-existe-mais\/","title":{"rendered":"Error 404, o conte\u00fado n\u00e3o existe mais"},"content":{"rendered":"\n<h2 class=\"has-text-align-center wp-block-heading\">Nossas postagens mais recentes no blog<\/h2>\n<div  class=\"ultp-post-grid-block wp-block-ultimate-post-post-list-3 ultp-block-24de0a\"><div class=\"ultp-block-wrapper\"><div class=\"ultp-loading\"><div class=\"ultp-loading-blocks\" style=\"width:100%;height:100%;\"><div style=\"left: 0;top: 0;animation-delay:0s;\"><\/div><div style=\"left: 21px;top: 0;animation-delay:0.125s;\"><\/div><div style=\"left: 42px;top: 0;animation-delay:0.25s;\"><\/div><div style=\"left: 0;top: 21px;animation-delay:0.875s;\"><\/div><div style=\"left: 42px;top: 21px;animation-delay:0.375s;\"><\/div><div style=\"left: 0;top: 42px;animation-delay:0.75s;\"><\/div><div style=\"left: 42px;top: 42px;animation-delay:0.625s;\"><\/div><div style=\"left: 21px;top: 42px;animation-delay:0.5s;\"><\/div><\/div><\/div><div class=\"ultp-heading-filter\"><div class=\"ultp-heading-filter-in\"><div class=\"ultp-heading-wrap ultp-heading-style1 ultp-heading-left\"><h2 class=\"ultp-heading-inner\"><span><\/span><\/h2><\/div><div class=\"ultp-filter-navigation\"><\/div><\/div><\/div><div class=\"ultp-block-items-wrap ultp-block-row ultp-block-column-1 ultp-block-content-middle ultp-layout1\"><div class=\"ultp-block-item ultp-block-media post-id-191074\"><div class=\"ultp-block-content-wrap\"><div class=\"ultp-block-image ultp-block-image-opacity\"><a href=\"https:\/\/www.studiainitalia.com\/pt-br\/blog\/cursos-historia-arte-florenca-veneza\/\"><img decoding=\"async\" alt=\"Cursos de hist\u00f3ria da arte em Floren\u00e7a, It\u00e1lia - Imagem de Rodney Castillo do Pixabay\" src=\"https:\/\/www.studiainitalia.com\/wp-content\/uploads\/2019\/09\/history-of-art-courses-in-florence-italy-600x330.jpg\" title=\"\"><\/a><\/div><div class=\"ultp-block-content\"><div class=\"ultp-category-grid ultp-category-classic ultp-category-aboveTitle\"><div class=\"ultp-category-in\"><a class=\"ultp-cat-arts-pt-br\" href=\"https:\/\/www.studiainitalia.com\/pt-br\/blog\/category\/arts-pt-br\/\">Arte<\/a><a class=\"ultp-cat-italian-destinations-pt-br\" href=\"https:\/\/www.studiainitalia.com\/pt-br\/blog\/category\/italian-destinations-pt-br\/\">Ideias de viagem<\/a><\/div><\/div><h3 class=\"ultp-block-title \"><a href=\"https:\/\/www.studiainitalia.com\/pt-br\/blog\/cursos-historia-arte-florenca-veneza\/\">Cursos de Hist\u00f3ria da Arte em Floren\u00e7a, Veneza e Roma: Renascimento e Cultura<\/a><\/h3><div class=\"ultp-block-meta ultp-block-meta-dot ultp-block-meta-icon\"><span class=\"ultp-block-author ultp-block-meta-element\"><svg xmlns=\"http:\/\/www.w3.org\/2000\/svg\" fill=\"none\" viewBox=\"0 0 24 24\">\r\n  <circle cx=\"12\" cy=\"7\" r=\"4\" stroke=\"currentColor\" stroke-linejoin=\"round\" stroke-width=\"1.5\"\/>\r\n  <path stroke=\"currentColor\" stroke-linecap=\"round\" stroke-linejoin=\"round\" stroke-width=\"1.5\" d=\"M4 21v-3a4 4 0 0 1 4-4h8a4 4 0 0 1 4 4v3\"\/>\r\n<\/svg>\r\n<a class=\"\" href=\"https:\/\/www.studiainitalia.com\/pt-br\/author\/raffaella\/\">Raffaella Monaco<\/a><\/span><span class=\"ultp-block-date ultp-block-meta-element\"><svg xmlns=\"http:\/\/www.w3.org\/2000\/svg\" fill=\"none\" viewBox=\"0 0 24 24\">\r\n  <path stroke=\"currentColor\" stroke-linecap=\"round\" stroke-linejoin=\"round\" stroke-width=\"1.5\" d=\"M3 5.5a2 2 0 0 1 2-2h14a2 2 0 0 1 2 2v14a2 2 0 0 1-2 2H5a2 2 0 0 1-2-2v-14ZM8 2v3m8-3v3M3 9h18\"\/>\r\n<\/svg>\r\nabr 1, 2026<\/span><span class=\"ultp-post-read ultp-block-meta-element\"><svg xmlns=\"http:\/\/www.w3.org\/2000\/svg\" fill=\"none\" viewBox=\"0 0 24 24\">\r\n  <path stroke=\"currentColor\" stroke-linecap=\"round\" stroke-linejoin=\"round\" stroke-width=\"1.5\" d=\"M4 5v14a3 3 0 0 0 3 3h13V8H7a3 3 0 0 1-3-3Zm0 0a3 3 0 0 1 3-3h13M7 5h10\"\/>\r\n  <path stroke=\"currentColor\" stroke-linecap=\"round\" stroke-linejoin=\"round\" stroke-width=\"1.5\" d=\"M9.5 18.5v-3.092a3 3 0 0 1 .504-1.664l1.219-1.828a.934.934 0 0 1 1.554 0l1.22 1.828a3 3 0 0 1 .503 1.664V18.5m-5-2.5h5\"\/>\r\n<\/svg>\r\n5 min read<\/span><\/div><div class=\"ultp-block-excerpt\"><p>Para entender a hist\u00f3ria da arte italiana, \u00e9 preciso compreender que ela foi bem al\u00e9m da tinta no quadro. Na verdade, foi um jeito totalmente novo de enxergar o mundo. Um Curso de Hist\u00f3ria da Arte em Floren\u00e7a deixa voc\u00ea&hellip;<\/p>\n<\/div><div class=\"ultp-block-readmore\"><a aria-label=\"Cursos de Hist\u00f3ria da Arte em Floren\u00e7a, Veneza e Roma: Renascimento e Cultura\" href=\"https:\/\/www.studiainitalia.com\/pt-br\/blog\/cursos-historia-arte-florenca-veneza\/\">Leia mais<\/a><\/div><\/div><\/div><\/div><div class=\"ultp-block-item ultp-block-media post-id-191035\"><div class=\"ultp-block-content-wrap\"><div class=\"ultp-block-image ultp-block-image-opacity\"><a href=\"https:\/\/www.studiainitalia.com\/pt-br\/blog\/curso-italiano-florenca-ferias-estudo\/\"><img decoding=\"async\" alt=\"Curso de Italiano em Floren\u00e7a dicas de viagem photo by user32212 from Pixabay\" src=\"https:\/\/www.studiainitalia.com\/wp-content\/uploads\/2021\/05\/Italian-Course-in-Florence-travel-tips-600x329.jpg\" title=\"\"><\/a><\/div><div class=\"ultp-block-content\"><div class=\"ultp-category-grid ultp-category-classic ultp-category-aboveTitle\"><div class=\"ultp-category-in\"><a class=\"ultp-cat-curso-italiano\" href=\"https:\/\/www.studiainitalia.com\/pt-br\/blog\/category\/curso-italiano\/\">Curso de italiano<\/a><a class=\"ultp-cat-italian-destinations-pt-br\" href=\"https:\/\/www.studiainitalia.com\/pt-br\/blog\/category\/italian-destinations-pt-br\/\">Ideias de viagem<\/a><\/div><\/div><h3 class=\"ultp-block-title \"><a href=\"https:\/\/www.studiainitalia.com\/pt-br\/blog\/curso-italiano-florenca-ferias-estudo\/\">Curso de Italiano em Floren\u00e7a: 6 Dicas para Viver a Cidade Al\u00e9m dos Guias Tur\u00edsticos<\/a><\/h3><div class=\"ultp-block-meta ultp-block-meta-dot ultp-block-meta-icon\"><span class=\"ultp-block-author ultp-block-meta-element\"><svg xmlns=\"http:\/\/www.w3.org\/2000\/svg\" fill=\"none\" viewBox=\"0 0 24 24\">\r\n  <circle cx=\"12\" cy=\"7\" r=\"4\" stroke=\"currentColor\" stroke-linejoin=\"round\" stroke-width=\"1.5\"\/>\r\n  <path stroke=\"currentColor\" stroke-linecap=\"round\" stroke-linejoin=\"round\" stroke-width=\"1.5\" d=\"M4 21v-3a4 4 0 0 1 4-4h8a4 4 0 0 1 4 4v3\"\/>\r\n<\/svg>\r\n<a class=\"\" href=\"https:\/\/www.studiainitalia.com\/pt-br\/author\/raffaella\/\">Raffaella Monaco<\/a><\/span><span class=\"ultp-block-date ultp-block-meta-element\"><svg xmlns=\"http:\/\/www.w3.org\/2000\/svg\" fill=\"none\" viewBox=\"0 0 24 24\">\r\n  <path stroke=\"currentColor\" stroke-linecap=\"round\" stroke-linejoin=\"round\" stroke-width=\"1.5\" d=\"M3 5.5a2 2 0 0 1 2-2h14a2 2 0 0 1 2 2v14a2 2 0 0 1-2 2H5a2 2 0 0 1-2-2v-14ZM8 2v3m8-3v3M3 9h18\"\/>\r\n<\/svg>\r\nmar 2, 2026<\/span><span class=\"ultp-post-read ultp-block-meta-element\"><svg xmlns=\"http:\/\/www.w3.org\/2000\/svg\" fill=\"none\" viewBox=\"0 0 24 24\">\r\n  <path stroke=\"currentColor\" stroke-linecap=\"round\" stroke-linejoin=\"round\" stroke-width=\"1.5\" d=\"M4 5v14a3 3 0 0 0 3 3h13V8H7a3 3 0 0 1-3-3Zm0 0a3 3 0 0 1 3-3h13M7 5h10\"\/>\r\n  <path stroke=\"currentColor\" stroke-linecap=\"round\" stroke-linejoin=\"round\" stroke-width=\"1.5\" d=\"M9.5 18.5v-3.092a3 3 0 0 1 .504-1.664l1.219-1.828a.934.934 0 0 1 1.554 0l1.22 1.828a3 3 0 0 1 .503 1.664V18.5m-5-2.5h5\"\/>\r\n<\/svg>\r\n5 min read<\/span><\/div><div class=\"ultp-block-excerpt\"><p>Floren\u00e7a \u00e9 mais do que um museu a c\u00e9u aberto: \u00e9 a melhor sala de aula do mundo. Se voc\u00ea quer estudar italiano \u2014 seja por apenas uma semana ou em uma imers\u00e3o profunda \u2014 veja o que saber antes&hellip;<\/p>\n<\/div><div class=\"ultp-block-readmore\"><a aria-label=\"Curso de Italiano em Floren\u00e7a: 6 Dicas para Viver a Cidade Al\u00e9m dos Guias Tur\u00edsticos\" href=\"https:\/\/www.studiainitalia.com\/pt-br\/blog\/curso-italiano-florenca-ferias-estudo\/\">Leia mais<\/a><\/div><\/div><\/div><\/div><div class=\"ultp-block-item ultp-block-media post-id-203905\"><div class=\"ultp-block-content-wrap\"><div class=\"ultp-block-image ultp-block-image-opacity\"><a href=\"https:\/\/www.studiainitalia.com\/pt-br\/blog\/agencia-de-intercambio-na-italia\/\"><img decoding=\"async\" alt=\"Ag\u00eancia de interc\u00e2mbio na It\u00e1lia\" src=\"https:\/\/www.studiainitalia.com\/wp-content\/uploads\/2026\/02\/italian-education-agency-to-study-abroad-in-italy-1-600x330.jpg\" title=\"\"><\/a><\/div><div class=\"ultp-block-content\"><div class=\"ultp-category-grid ultp-category-classic ultp-category-aboveTitle\"><div class=\"ultp-category-in\"><a class=\"ultp-cat-curso-italiano\" href=\"https:\/\/www.studiainitalia.com\/pt-br\/blog\/category\/curso-italiano\/\">Curso de italiano<\/a><\/div><\/div><h3 class=\"ultp-block-title \"><a href=\"https:\/\/www.studiainitalia.com\/pt-br\/blog\/agencia-de-intercambio-na-italia\/\">Ag\u00eancia de interc\u00e2mbio na It\u00e1lia: 5 motivos para contratar uma<\/a><\/h3><div class=\"ultp-block-meta ultp-block-meta-dot ultp-block-meta-icon\"><span class=\"ultp-block-author ultp-block-meta-element\"><svg xmlns=\"http:\/\/www.w3.org\/2000\/svg\" fill=\"none\" viewBox=\"0 0 24 24\">\r\n  <circle cx=\"12\" cy=\"7\" r=\"4\" stroke=\"currentColor\" stroke-linejoin=\"round\" stroke-width=\"1.5\"\/>\r\n  <path stroke=\"currentColor\" stroke-linecap=\"round\" stroke-linejoin=\"round\" stroke-width=\"1.5\" d=\"M4 21v-3a4 4 0 0 1 4-4h8a4 4 0 0 1 4 4v3\"\/>\r\n<\/svg>\r\n<a class=\"\" href=\"https:\/\/www.studiainitalia.com\/pt-br\/author\/raffaella\/\">Raffaella Monaco<\/a><\/span><span class=\"ultp-block-date ultp-block-meta-element\"><svg xmlns=\"http:\/\/www.w3.org\/2000\/svg\" fill=\"none\" viewBox=\"0 0 24 24\">\r\n  <path stroke=\"currentColor\" stroke-linecap=\"round\" stroke-linejoin=\"round\" stroke-width=\"1.5\" d=\"M3 5.5a2 2 0 0 1 2-2h14a2 2 0 0 1 2 2v14a2 2 0 0 1-2 2H5a2 2 0 0 1-2-2v-14ZM8 2v3m8-3v3M3 9h18\"\/>\r\n<\/svg>\r\nfev 2, 2026<\/span><span class=\"ultp-post-read ultp-block-meta-element\"><svg xmlns=\"http:\/\/www.w3.org\/2000\/svg\" fill=\"none\" viewBox=\"0 0 24 24\">\r\n  <path stroke=\"currentColor\" stroke-linecap=\"round\" stroke-linejoin=\"round\" stroke-width=\"1.5\" d=\"M4 5v14a3 3 0 0 0 3 3h13V8H7a3 3 0 0 1-3-3Zm0 0a3 3 0 0 1 3-3h13M7 5h10\"\/>\r\n  <path stroke=\"currentColor\" stroke-linecap=\"round\" stroke-linejoin=\"round\" stroke-width=\"1.5\" d=\"M9.5 18.5v-3.092a3 3 0 0 1 .504-1.664l1.219-1.828a.934.934 0 0 1 1.554 0l1.22 1.828a3 3 0 0 1 .503 1.664V18.5m-5-2.5h5\"\/>\r\n<\/svg>\r\n5 min read<\/span><\/div><div class=\"ultp-block-excerpt\"><p>Imagine a cena: voc\u00ea finalmente decidiu tirar do papel o sonho de estudar na It\u00e1lia. Voc\u00ea quase consegue sentir o aroma da farinha em uma cozinha na Toscana ou o toque da argila em um est\u00fadio de cer\u00e2mica na Sic\u00edlia.&hellip;<\/p>\n<\/div><div class=\"ultp-block-readmore\"><a aria-label=\"Ag\u00eancia de interc\u00e2mbio na It\u00e1lia: 5 motivos para contratar uma\" href=\"https:\/\/www.studiainitalia.com\/pt-br\/blog\/agencia-de-intercambio-na-italia\/\">Leia mais<\/a><\/div><\/div><\/div><\/div><div class=\"ultp-block-item ultp-block-media post-id-203580\"><div class=\"ultp-block-content-wrap\"><div class=\"ultp-block-image ultp-block-image-opacity\"><a href=\"https:\/\/www.studiainitalia.com\/pt-br\/blog\/exposicoes-arte-italia-2026\/\"><img decoding=\"async\" alt=\"Exposi\u00e7\u00f5es de Arte na It\u00e1lia em 2026\" src=\"https:\/\/www.studiainitalia.com\/wp-content\/uploads\/2025\/12\/Art-Exhibitions-in-Italy-2026-600x330.jpg\" title=\"\"><\/a><\/div><div class=\"ultp-block-content\"><div class=\"ultp-category-grid ultp-category-classic ultp-category-aboveTitle\"><div class=\"ultp-category-in\"><a class=\"ultp-cat-arts-pt-br\" href=\"https:\/\/www.studiainitalia.com\/pt-br\/blog\/category\/arts-pt-br\/\">Arte<\/a><a class=\"ultp-cat-italian-destinations-pt-br\" href=\"https:\/\/www.studiainitalia.com\/pt-br\/blog\/category\/italian-destinations-pt-br\/\">Ideias de viagem<\/a><\/div><\/div><h3 class=\"ultp-block-title \"><a href=\"https:\/\/www.studiainitalia.com\/pt-br\/blog\/exposicoes-arte-italia-2026\/\">Exposi\u00e7\u00f5es de Arte na It\u00e1lia em 2026: As Mostras Imperd\u00edveis<\/a><\/h3><div class=\"ultp-block-meta ultp-block-meta-dot ultp-block-meta-icon\"><span class=\"ultp-block-author ultp-block-meta-element\"><svg xmlns=\"http:\/\/www.w3.org\/2000\/svg\" fill=\"none\" viewBox=\"0 0 24 24\">\r\n  <circle cx=\"12\" cy=\"7\" r=\"4\" stroke=\"currentColor\" stroke-linejoin=\"round\" stroke-width=\"1.5\"\/>\r\n  <path stroke=\"currentColor\" stroke-linecap=\"round\" stroke-linejoin=\"round\" stroke-width=\"1.5\" d=\"M4 21v-3a4 4 0 0 1 4-4h8a4 4 0 0 1 4 4v3\"\/>\r\n<\/svg>\r\n<a class=\"\" href=\"https:\/\/www.studiainitalia.com\/pt-br\/author\/raffaella\/\">Raffaella Monaco<\/a><\/span><span class=\"ultp-block-date ultp-block-meta-element\"><svg xmlns=\"http:\/\/www.w3.org\/2000\/svg\" fill=\"none\" viewBox=\"0 0 24 24\">\r\n  <path stroke=\"currentColor\" stroke-linecap=\"round\" stroke-linejoin=\"round\" stroke-width=\"1.5\" d=\"M3 5.5a2 2 0 0 1 2-2h14a2 2 0 0 1 2 2v14a2 2 0 0 1-2 2H5a2 2 0 0 1-2-2v-14ZM8 2v3m8-3v3M3 9h18\"\/>\r\n<\/svg>\r\njan 2, 2026<\/span><span class=\"ultp-post-read ultp-block-meta-element\"><svg xmlns=\"http:\/\/www.w3.org\/2000\/svg\" fill=\"none\" viewBox=\"0 0 24 24\">\r\n  <path stroke=\"currentColor\" stroke-linecap=\"round\" stroke-linejoin=\"round\" stroke-width=\"1.5\" d=\"M4 5v14a3 3 0 0 0 3 3h13V8H7a3 3 0 0 1-3-3Zm0 0a3 3 0 0 1 3-3h13M7 5h10\"\/>\r\n  <path stroke=\"currentColor\" stroke-linecap=\"round\" stroke-linejoin=\"round\" stroke-width=\"1.5\" d=\"M9.5 18.5v-3.092a3 3 0 0 1 .504-1.664l1.219-1.828a.934.934 0 0 1 1.554 0l1.22 1.828a3 3 0 0 1 .503 1.664V18.5m-5-2.5h5\"\/>\r\n<\/svg>\r\n7 min read<\/span><\/div><div class=\"ultp-block-excerpt\"><p>2026 promete ser um ano espetacular para a arte, a arquitetura e a cultura na It\u00e1lia. De norte a sul, museus e funda\u00e7\u00f5es preparam exposi\u00e7\u00f5es de arte extraordin\u00e1rias que cruzam linguagens e disciplinas, convidando o p\u00fablico a explorar espa\u00e7o, forma,&hellip;<\/p>\n<\/div><div class=\"ultp-block-readmore\"><a aria-label=\"Exposi\u00e7\u00f5es de Arte na It\u00e1lia em 2026: As Mostras Imperd\u00edveis\" href=\"https:\/\/www.studiainitalia.com\/pt-br\/blog\/exposicoes-arte-italia-2026\/\">Leia mais<\/a><\/div><\/div><\/div><\/div><div class=\"ultp-block-item ultp-block-media post-id-203247\"><div class=\"ultp-block-content-wrap\"><div class=\"ultp-block-image ultp-block-image-opacity\"><a href=\"https:\/\/www.studiainitalia.com\/pt-br\/blog\/risotto-milanese-ossobuco-receita\/\"><img decoding=\"async\" alt=\"Risotto alla Milanese e Ossobuco\" src=\"https:\/\/www.studiainitalia.com\/wp-content\/uploads\/2025\/12\/Risotto-alla-Milanese-and-Ossobuco-600x330.jpg\" title=\"\"><\/a><\/div><div class=\"ultp-block-content\"><div class=\"ultp-category-grid ultp-category-classic ultp-category-aboveTitle\"><div class=\"ultp-category-in\"><a class=\"ultp-cat-food-pt-br\" href=\"https:\/\/www.studiainitalia.com\/pt-br\/blog\/category\/food-pt-br\/\">Comida<\/a><\/div><\/div><h3 class=\"ultp-block-title \"><a href=\"https:\/\/www.studiainitalia.com\/pt-br\/blog\/risotto-milanese-ossobuco-receita\/\">Risotto alla Milanese e Ossobuco\ufeff<\/a><\/h3><div class=\"ultp-block-meta ultp-block-meta-dot ultp-block-meta-icon\"><span class=\"ultp-block-author ultp-block-meta-element\"><svg xmlns=\"http:\/\/www.w3.org\/2000\/svg\" fill=\"none\" viewBox=\"0 0 24 24\">\r\n  <circle cx=\"12\" cy=\"7\" r=\"4\" stroke=\"currentColor\" stroke-linejoin=\"round\" stroke-width=\"1.5\"\/>\r\n  <path stroke=\"currentColor\" stroke-linecap=\"round\" stroke-linejoin=\"round\" stroke-width=\"1.5\" d=\"M4 21v-3a4 4 0 0 1 4-4h8a4 4 0 0 1 4 4v3\"\/>\r\n<\/svg>\r\n<a class=\"\" href=\"https:\/\/www.studiainitalia.com\/pt-br\/author\/raffaella\/\">Raffaella Monaco<\/a><\/span><span class=\"ultp-block-date ultp-block-meta-element\"><svg xmlns=\"http:\/\/www.w3.org\/2000\/svg\" fill=\"none\" viewBox=\"0 0 24 24\">\r\n  <path stroke=\"currentColor\" stroke-linecap=\"round\" stroke-linejoin=\"round\" stroke-width=\"1.5\" d=\"M3 5.5a2 2 0 0 1 2-2h14a2 2 0 0 1 2 2v14a2 2 0 0 1-2 2H5a2 2 0 0 1-2-2v-14ZM8 2v3m8-3v3M3 9h18\"\/>\r\n<\/svg>\r\ndez 1, 2025<\/span><span class=\"ultp-post-read ultp-block-meta-element\"><svg xmlns=\"http:\/\/www.w3.org\/2000\/svg\" fill=\"none\" viewBox=\"0 0 24 24\">\r\n  <path stroke=\"currentColor\" stroke-linecap=\"round\" stroke-linejoin=\"round\" stroke-width=\"1.5\" d=\"M4 5v14a3 3 0 0 0 3 3h13V8H7a3 3 0 0 1-3-3Zm0 0a3 3 0 0 1 3-3h13M7 5h10\"\/>\r\n  <path stroke=\"currentColor\" stroke-linecap=\"round\" stroke-linejoin=\"round\" stroke-width=\"1.5\" d=\"M9.5 18.5v-3.092a3 3 0 0 1 .504-1.664l1.219-1.828a.934.934 0 0 1 1.554 0l1.22 1.828a3 3 0 0 1 .503 1.664V18.5m-5-2.5h5\"\/>\r\n<\/svg>\r\n4 min read<\/span><\/div><div class=\"ultp-block-excerpt\"><p>Dezembro \u00e9 o momento perfeito para trazer um toque de calor e tradi\u00e7\u00e3o italiana para a sua mesa de festas, e nada representa melhor o esp\u00edrito de uma refei\u00e7\u00e3o cl\u00e1ssica de Natal do que o Risotto alla Milanese acompanhado de&hellip;<\/p>\n<\/div><div class=\"ultp-block-readmore\"><a aria-label=\"Risotto alla Milanese e Ossobuco\ufeff\" href=\"https:\/\/www.studiainitalia.com\/pt-br\/blog\/risotto-milanese-ossobuco-receita\/\">Leia mais<\/a><\/div><\/div><\/div><\/div><\/div><div class=\"ultp-pagination-wrap ultp-pagination-ajax-action\" data-paged=\"1\" data-expost=\"\"  data-blockid=\"24de0a\" data-postid=\"203247\" data-pages=\"21\" data-blockname=\"ultimate-post_post-list-3\" data-selfpostid=\"no\"><ul class=\"ultp-pagination\"><li class=\"ultp-prev-page-numbers\" style=\"display:none\"><a href=\"https:\/\/www.studiainitalia.com\/pt-br\/wp-json\/wp\/v2\/pages\/197416\/\"><svg xmlns=\"http:\/\/www.w3.org\/2000\/svg\" fill=\"none\" viewBox=\"0 0 24 24\">\r\n  <path stroke=\"currentColor\" stroke-linecap=\"round\" stroke-linejoin=\"round\" stroke-width=\"1.5\" d=\"m15 18-6-6 6-6\"\/>\r\n<\/svg>\r\n Previous<\/a><\/li><li class=\"ultp-first-pages\" style=\"display:none\" data-current=\"1\"><a href=\"https:\/\/www.studiainitalia.com\/pt-br\/wp-json\/wp\/v2\/pages\/197416\/\">1<\/a><\/li><li class=\"ultp-first-dot\"style=\"display:none\"><a href=\"#\">&#8230;<\/a><\/li><li class=\"ultp-center-item pagination-active\" data-current=\"1\"><a href=\"https:\/\/www.studiainitalia.com\/pt-br\/wp-json\/wp\/v2\/pages\/197416\/\">1<\/a><\/li><li class=\"ultp-center-item\" data-current=\"2\" ><a href=\"https:\/\/www.studiainitalia.com\/pt-br\/wp-json\/wp\/v2\/pages\/197416\/page\/2\/\">2<\/a><\/li><li class=\"ultp-center-item\" data-current=\"3\" ><a href=\"https:\/\/www.studiainitalia.com\/pt-br\/wp-json\/wp\/v2\/pages\/197416\/page\/3\/\">3<\/a><\/li><li class=\"ultp-last-dot\" ><a href=\"#\">&#8230;<\/a><\/li><li class=\"ultp-last-pages\" data-current=\"21\"><a href=\"https:\/\/www.studiainitalia.com\/pt-br\/wp-json\/wp\/v2\/pages\/197416\/page\/21\/\">21<\/a><\/li><li class=\"ultp-next-page-numbers\"><a href=\"https:\/\/www.studiainitalia.com\/pt-br\/wp-json\/wp\/v2\/pages\/197416\/page\/2\/\">Next<svg xmlns=\"http:\/\/www.w3.org\/2000\/svg\" fill=\"none\" viewBox=\"0 0 24 24\">\r\n  <path stroke=\"currentColor\" stroke-linecap=\"round\" stroke-linejoin=\"round\" stroke-width=\"1.5\" d=\"m9 18 6-6-6-6\"\/>\r\n<\/svg>\r\n<\/a><\/li><\/ul><\/div><\/div><div class=\"pagination-block-html\" aria-hidden=\"true\" style=\"display: none;\"><\/div><\/div>","protected":false},"excerpt":{"rendered":"<p>metaseo_404_page<\/p>\n","protected":false},"author":132,"featured_media":0,"parent":0,"menu_order":0,"comment_status":"closed","ping_status":"closed","template":"","meta":{"_acf_changed":false,"_uag_custom_page_level_css":"","_kad_blocks_custom_css":"","_kad_blocks_head_custom_js":"","_kad_blocks_body_custom_js":"","_kad_blocks_footer_custom_js":"","site-sidebar-layout":"default","site-content-layout":"","ast-site-content-layout":"default","site-content-style":"default","site-sidebar-style":"default","ast-global-header-display":"","ast-banner-title-visibility":"","ast-main-header-display":"","ast-hfb-above-header-display":"","ast-hfb-below-header-display":"","ast-hfb-mobile-header-display":"","site-post-title":"","ast-breadcrumbs-content":"","ast-featured-img":"","footer-sml-layout":"","ast-disable-related-posts":"","theme-transparent-header-meta":"","adv-header-id-meta":"","stick-header-meta":"","header-above-stick-meta":"","header-main-stick-meta":"","header-below-stick-meta":"","astra-migrate-meta-layouts":"default","ast-page-background-enabled":"default","ast-page-background-meta":{"desktop":{"background-color":"var(--ast-global-color-4)","background-image":"","background-repeat":"repeat","background-position":"center center","background-size":"auto","background-attachment":"scroll","background-type":"","background-media":"","overlay-type":"","overlay-color":"","overlay-opacity":"","overlay-gradient":""},"tablet":{"background-color":"","background-image":"","background-repeat":"repeat","background-position":"center center","background-size":"auto","background-attachment":"scroll","background-type":"","background-media":"","overlay-type":"","overlay-color":"","overlay-opacity":"","overlay-gradient":""},"mobile":{"background-color":"","background-image":"","background-repeat":"repeat","background-position":"center center","background-size":"auto","background-attachment":"scroll","background-type":"","background-media":"","overlay-type":"","overlay-color":"","overlay-opacity":"","overlay-gradient":""}},"ast-content-background-meta":{"desktop":{"background-color":"var(--ast-global-color-5)","background-image":"","background-repeat":"repeat","background-position":"center center","background-size":"auto","background-attachment":"scroll","background-type":"","background-media":"","overlay-type":"","overlay-color":"","overlay-opacity":"","overlay-gradient":""},"tablet":{"background-color":"var(--ast-global-color-5)","background-image":"","background-repeat":"repeat","background-position":"center center","background-size":"auto","background-attachment":"scroll","background-type":"","background-media":"","overlay-type":"","overlay-color":"","overlay-opacity":"","overlay-gradient":""},"mobile":{"background-color":"var(--ast-global-color-5)","background-image":"","background-repeat":"repeat","background-position":"center center","background-size":"auto","background-attachment":"scroll","background-type":"","background-media":"","overlay-type":"","overlay-color":"","overlay-opacity":"","overlay-gradient":""}},"footnotes":""},"class_list":["post-197416","page","type-page","status-publish","hentry"],"acf":[],"taxonomy_info":[],"featured_image_src_large":false,"author_info":{"display_name":"Jordi Torres","author_link":"https:\/\/www.studiainitalia.com\/pt-br\/author\/creativa\/"},"comment_info":0,"uagb_featured_image_src":{"full":false,"thumbnail":false,"medium":false,"medium_large":false,"large":false,"1536x1536":false,"2048x2048":false,"ultp_layout_landscape_large":false,"ultp_layout_landscape":false,"ultp_layout_portrait":false,"ultp_layout_square":false,"gform-image-choice-sm":false,"gform-image-choice-md":false,"gform-image-choice-lg":false,"woocommerce_thumbnail":false,"woocommerce_single":false,"woocommerce_gallery_thumbnail":false,"yarpp-thumbnail":false},"uagb_author_info":{"display_name":"Jordi Torres","author_link":"https:\/\/www.studiainitalia.com\/pt-br\/author\/creativa\/"},"uagb_comment_info":0,"uagb_excerpt":"metaseo_404_page","_links":{"self":[{"href":"https:\/\/www.studiainitalia.com\/pt-br\/wp-json\/wp\/v2\/pages\/197416","targetHints":{"allow":["GET"]}}],"collection":[{"href":"https:\/\/www.studiainitalia.com\/pt-br\/wp-json\/wp\/v2\/pages"}],"about":[{"href":"https:\/\/www.studiainitalia.com\/pt-br\/wp-json\/wp\/v2\/types\/page"}],"author":[{"embeddable":true,"href":"https:\/\/www.studiainitalia.com\/pt-br\/wp-json\/wp\/v2\/users\/132"}],"replies":[{"embeddable":true,"href":"https:\/\/www.studiainitalia.com\/pt-br\/wp-json\/wp\/v2\/comments?post=197416"}],"version-history":[{"count":0,"href":"https:\/\/www.studiainitalia.com\/pt-br\/wp-json\/wp\/v2\/pages\/197416\/revisions"}],"wp:attachment":[{"href":"https:\/\/www.studiainitalia.com\/pt-br\/wp-json\/wp\/v2\/media?parent=197416"}],"curies":[{"name":"wp","href":"https:\/\/api.w.org\/{rel}","templated":true}]}}