{"id":197996,"date":"2024-04-11T09:16:53","date_gmt":"2024-04-11T07:16:53","guid":{"rendered":"https:\/\/www.studiainitalia.com\/reviews\/"},"modified":"2024-04-11T15:34:08","modified_gmt":"2024-04-11T13:34:08","slug":"revisoes","status":"publish","type":"page","link":"https:\/\/www.studiainitalia.com\/pt-br\/revisoes\/","title":{"rendered":"Avalias\u00f5es"},"content":{"rendered":"\n<div class=\"wp-block-cover alignfull is-light\" style=\"min-height:392px;aspect-ratio:unset;\"><span aria-hidden=\"true\" class=\"wp-block-cover__background has-background-dim-0 has-background-dim\"><\/span><img decoding=\"async\" width=\"2048\" height=\"1365\" class=\"wp-block-cover__image-background wp-image-197674\" alt=\"\" src=\"https:\/\/www.studiainitalia.com\/wp-content\/uploads\/2024\/03\/pintadera1-scaled.jpg\" style=\"object-position:57% 29%\" data-object-fit=\"cover\" data-object-position=\"57% 29%\" title=\"\" srcset=\"https:\/\/www.studiainitalia.com\/wp-content\/uploads\/2024\/03\/pintadera1-scaled.jpg 2048w, https:\/\/www.studiainitalia.com\/wp-content\/uploads\/2024\/03\/pintadera1-768x512.jpg 768w, https:\/\/www.studiainitalia.com\/wp-content\/uploads\/2024\/03\/pintadera1-1536x1024.jpg 1536w, https:\/\/www.studiainitalia.com\/wp-content\/uploads\/2024\/03\/pintadera1-1200x800.jpg 1200w, https:\/\/www.studiainitalia.com\/wp-content\/uploads\/2024\/03\/pintadera1-400x267.jpg 400w\" sizes=\"(max-width: 2048px) 100vw, 2048px\" \/><div class=\"wp-block-cover__inner-container is-layout-flow wp-block-cover-is-layout-flow\"><style>.wp-block-kadence-advancedheading.kt-adv-heading197993_233eb8-fa, .wp-block-kadence-advancedheading.kt-adv-heading197993_233eb8-fa[data-kb-block=\"kb-adv-heading197993_233eb8-fa\"]{font-style:normal;}.wp-block-kadence-advancedheading.kt-adv-heading197993_233eb8-fa mark.kt-highlight, .wp-block-kadence-advancedheading.kt-adv-heading197993_233eb8-fa[data-kb-block=\"kb-adv-heading197993_233eb8-fa\"] mark.kt-highlight{font-style:normal;color:#f76a0c;-webkit-box-decoration-break:clone;box-decoration-break:clone;padding-top:0px;padding-right:0px;padding-bottom:0px;padding-left:0px;}<\/style>\n<h1 class=\"kt-adv-heading197993_233eb8-fa wp-block-kadence-advancedheading\" data-kb-block=\"kb-adv-heading197993_233eb8-fa\"><mark style=\"background-color:rgba(0, 0, 0, 0)\" class=\"has-inline-color has-ast-global-color-5-color\">Avalias\u00f5es<\/mark><\/h1>\n<\/div><\/div>\n\n\n<style>.kb-row-layout-id197996_f4498e-91 > .kt-row-column-wrap{align-content:start;}:where(.kb-row-layout-id197996_f4498e-91 > .kt-row-column-wrap) > .wp-block-kadence-column{justify-content:start;}.kb-row-layout-id197996_f4498e-91 > .kt-row-column-wrap{column-gap:var(--global-kb-gap-md, 2rem);row-gap:var(--global-kb-gap-md, 2rem);padding-top:var(--global-kb-spacing-sm, 1.5rem);padding-bottom:var(--global-kb-spacing-sm, 1.5rem);grid-template-columns:minmax(0, 1fr);}.kb-row-layout-id197996_f4498e-91 > .kt-row-layout-overlay{opacity:0.30;}@media all and (max-width: 1024px){.kb-row-layout-id197996_f4498e-91 > .kt-row-column-wrap{grid-template-columns:minmax(0, 1fr);}}@media all and (max-width: 767px){.kb-row-layout-id197996_f4498e-91 > .kt-row-column-wrap{grid-template-columns:minmax(0, 1fr);}}<\/style><div class=\"kb-row-layout-wrap kb-row-layout-id197996_f4498e-91 alignnone wp-block-kadence-rowlayout\"><div class=\"kt-row-column-wrap kt-has-1-columns kt-row-layout-equal kt-tab-layout-inherit kt-mobile-layout-row kt-row-valign-top\">\n<style>.kadence-column197996_31d525-02 > .kt-inside-inner-col,.kadence-column197996_31d525-02 > .kt-inside-inner-col:before{border-top-left-radius:0px;border-top-right-radius:0px;border-bottom-right-radius:0px;border-bottom-left-radius:0px;}.kadence-column197996_31d525-02 > .kt-inside-inner-col{column-gap:var(--global-kb-gap-sm, 1rem);}.kadence-column197996_31d525-02 > .kt-inside-inner-col{flex-direction:column;}.kadence-column197996_31d525-02 > .kt-inside-inner-col > .aligncenter{width:100%;}.kadence-column197996_31d525-02 > .kt-inside-inner-col:before{opacity:0.3;}.kadence-column197996_31d525-02{position:relative;}@media all and (max-width: 1024px){.kadence-column197996_31d525-02 > .kt-inside-inner-col{flex-direction:column;justify-content:center;}}@media all and (max-width: 767px){.kadence-column197996_31d525-02 > .kt-inside-inner-col{flex-direction:column;justify-content:center;}}<\/style>\n<div class=\"wp-block-kadence-column kadence-column197996_31d525-02\"><div class=\"kt-inside-inner-col\">\n<div class=\"wp-block-uagb-restaurant-menu uagb-block-f43d8fb0 uagb-rm__desk-column-1 uagb-rm__tablet-column-2 uagb-rm__mobile-column-1\">\n<div class=\"wp-block-uagb-restaurant-menu-child uagb-rest_menu__wrap\"><div class=\"uagb-rm__content\"><div class=\"uagb-rm-details\"><h4 class=\"uagb-rm__title\"><strong>Paula, Portugal<\/strong><\/h4><div class=\"uagb-rm__desc\">Uma experi\u00eancia incr\u00edvel. Adorei. Acompanhamento incr\u00edvel.<\/div><\/div><span class=\"uagb-rm__price\">$9<\/span><\/div><div class=\"uagb-rm__separator\"><\/div><\/div>\n\n\n\n<div class=\"wp-block-uagb-restaurant-menu-child uagb-rest_menu__wrap\"><div class=\"uagb-rm__content\"><div class=\"uagb-rm-details\"><h4 class=\"uagb-rm__title\"><strong><strong>Rosely, Brasil<\/strong><\/strong><\/h4><div class=\"uagb-rm__desc\">Quero expressar o meu agradecimento \u00e0 empresa StudiainItalia, \u00e0 Federica e toda sua equipe pelo profissionalismo e compet\u00eancia a qual me permitiu realizar o meu projeto de estudos de l\u00edngua italiana na It\u00e1lia. Todo suporte e apoio recebido desde o in\u00edcio foi fundamental para ser bem sucedida neste empenho. Escolha de cidades, de escolas, per\u00edodo dos cursos etc. Estou muito satisfeita com os resultados obtidos e com a seriedade de trabalho da empresa. Certamente estaremos juntos novamente em uma pr\u00f3xima oportunidade.<\/div><\/div><span class=\"uagb-rm__price\">$9<\/span><\/div><div class=\"uagb-rm__separator\"><\/div><\/div>\n\n\n\n<div class=\"wp-block-uagb-restaurant-menu-child uagb-rest_menu__wrap\"><div class=\"uagb-rm__content\"><div class=\"uagb-rm-details\"><h4 class=\"uagb-rm__title\"><strong><strong>Paulo, Brasil<\/strong><\/strong><\/h4><div class=\"uagb-rm__desc\"><p><span lang=\"en-US\"><br>Trabalho s\u00e9rio e eficaz. Parab\u00e9ns a toda a equipe!<\/span><\/p><\/div><\/div><span class=\"uagb-rm__price\">$9<\/span><\/div><div class=\"uagb-rm__separator\"><\/div><\/div>\n\n\n\n<div class=\"wp-block-uagb-restaurant-menu-child uagb-rest_menu__wrap\"><div class=\"uagb-rm__content\"><div class=\"uagb-rm-details\"><h4 class=\"uagb-rm__title\"><strong><strong>Ana, Brasil<\/strong><\/strong><\/h4><div class=\"uagb-rm__desc\">O servi\u00e7o que recebi superou em muito as minhas expectativas. Senti um enorme carinho pelas respons\u00e1veis pela institui\u00e7\u00e3o. S\u00f3 tenho a elogiar e agradecer, tanto a qualidade do ensino como o carinho recebido.<\/div><\/div><span class=\"uagb-rm__price\">$9<\/span><\/div><div class=\"uagb-rm__separator\"><\/div><\/div>\n\n\n\n<div class=\"wp-block-uagb-restaurant-menu-child uagb-rest_menu__wrap\"><div class=\"uagb-rm__content\"><div class=\"uagb-rm-details\"><h4 class=\"uagb-rm__title\"><strong><strong>Joao,Brasil<\/strong><\/strong><\/h4><div class=\"uagb-rm__desc\">Atendimento excelente. Todas as minhas d\u00favidas eram sanadas em tempo.<\/div><\/div><span class=\"uagb-rm__price\">$9<\/span><\/div><div class=\"uagb-rm__separator\"><\/div><\/div>\n\n\n\n<div class=\"wp-block-uagb-restaurant-menu-child uagb-rest_menu__wrap\"><div class=\"uagb-rm__content\"><div class=\"uagb-rm-details\"><h4 class=\"uagb-rm__title\"><strong><strong>Levinda, Brasil<\/strong><\/strong><\/h4><div class=\"uagb-rm__desc\">O servi\u00e7o preencheu todas as minhas expectativas!<\/div><\/div><span class=\"uagb-rm__price\">$9<\/span><\/div><div class=\"uagb-rm__separator\"><\/div><\/div>\n\n\n\n<div class=\"wp-block-uagb-restaurant-menu-child uagb-rest_menu__wrap\"><div class=\"uagb-rm__content\"><div class=\"uagb-rm-details\"><h4 class=\"uagb-rm__title\"><strong><strong><strong>Carolina, Brasil<\/strong><\/strong><\/strong><\/h4><div class=\"uagb-rm__desc\">Fiquei muito satisfeita com o atendimento e a disposi\u00e7\u00e3o das pessoas. S\u00e3o muito eficientes e gentis.<\/div><\/div><span class=\"uagb-rm__price\">$9<\/span><\/div><div class=\"uagb-rm__separator\"><\/div><\/div>\n<\/div>\n<\/div><\/div>\n\n<\/div><\/div>","protected":false},"excerpt":{"rendered":"","protected":false},"author":132,"featured_media":0,"parent":0,"menu_order":0,"comment_status":"closed","ping_status":"closed","template":"","meta":{"_acf_changed":false,"_uag_custom_page_level_css":"","_kad_blocks_custom_css":"","_kad_blocks_head_custom_js":"","_kad_blocks_body_custom_js":"","_kad_blocks_footer_custom_js":"","site-sidebar-layout":"default","site-content-layout":"","ast-site-content-layout":"default","site-content-style":"default","site-sidebar-style":"default","ast-global-header-display":"","ast-banner-title-visibility":"","ast-main-header-display":"","ast-hfb-above-header-display":"","ast-hfb-below-header-display":"","ast-hfb-mobile-header-display":"","site-post-title":"","ast-breadcrumbs-content":"","ast-featured-img":"","footer-sml-layout":"","ast-disable-related-posts":"","theme-transparent-header-meta":"","adv-header-id-meta":"","stick-header-meta":"","header-above-stick-meta":"","header-main-stick-meta":"","header-below-stick-meta":"","astra-migrate-meta-layouts":"set","ast-page-background-enabled":"default","ast-page-background-meta":{"desktop":{"background-color":"var(--ast-global-color-4)","background-image":"","background-repeat":"repeat","background-position":"center center","background-size":"auto","background-attachment":"scroll","background-type":"","background-media":"","overlay-type":"","overlay-color":"","overlay-opacity":"","overlay-gradient":""},"tablet":{"background-color":"","background-image":"","background-repeat":"repeat","background-position":"center center","background-size":"auto","background-attachment":"scroll","background-type":"","background-media":"","overlay-type":"","overlay-color":"","overlay-opacity":"","overlay-gradient":""},"mobile":{"background-color":"","background-image":"","background-repeat":"repeat","background-position":"center center","background-size":"auto","background-attachment":"scroll","background-type":"","background-media":"","overlay-type":"","overlay-color":"","overlay-opacity":"","overlay-gradient":""}},"ast-content-background-meta":{"desktop":{"background-color":"var(--ast-global-color-5)","background-image":"","background-repeat":"repeat","background-position":"center center","background-size":"auto","background-attachment":"scroll","background-type":"","background-media":"","overlay-type":"","overlay-color":"","overlay-opacity":"","overlay-gradient":""},"tablet":{"background-color":"var(--ast-global-color-5)","background-image":"","background-repeat":"repeat","background-position":"center center","background-size":"auto","background-attachment":"scroll","background-type":"","background-media":"","overlay-type":"","overlay-color":"","overlay-opacity":"","overlay-gradient":""},"mobile":{"background-color":"var(--ast-global-color-5)","background-image":"","background-repeat":"repeat","background-position":"center center","background-size":"auto","background-attachment":"scroll","background-type":"","background-media":"","overlay-type":"","overlay-color":"","overlay-opacity":"","overlay-gradient":""}},"footnotes":""},"class_list":["post-197996","page","type-page","status-publish","hentry"],"acf":[],"taxonomy_info":[],"featured_image_src_large":false,"author_info":{"display_name":"Jordi Torres","author_link":"https:\/\/www.studiainitalia.com\/pt-br\/author\/creativa\/"},"comment_info":0,"uagb_featured_image_src":{"full":false,"thumbnail":false,"medium":false,"medium_large":false,"large":false,"1536x1536":false,"2048x2048":false,"ultp_layout_landscape_large":false,"ultp_layout_landscape":false,"ultp_layout_portrait":false,"ultp_layout_square":false,"gform-image-choice-sm":false,"gform-image-choice-md":false,"gform-image-choice-lg":false,"woocommerce_thumbnail":false,"woocommerce_single":false,"woocommerce_gallery_thumbnail":false,"yarpp-thumbnail":false},"uagb_author_info":{"display_name":"Jordi Torres","author_link":"https:\/\/www.studiainitalia.com\/pt-br\/author\/creativa\/"},"uagb_comment_info":0,"uagb_excerpt":null,"_links":{"self":[{"href":"https:\/\/www.studiainitalia.com\/pt-br\/wp-json\/wp\/v2\/pages\/197996","targetHints":{"allow":["GET"]}}],"collection":[{"href":"https:\/\/www.studiainitalia.com\/pt-br\/wp-json\/wp\/v2\/pages"}],"about":[{"href":"https:\/\/www.studiainitalia.com\/pt-br\/wp-json\/wp\/v2\/types\/page"}],"author":[{"embeddable":true,"href":"https:\/\/www.studiainitalia.com\/pt-br\/wp-json\/wp\/v2\/users\/132"}],"replies":[{"embeddable":true,"href":"https:\/\/www.studiainitalia.com\/pt-br\/wp-json\/wp\/v2\/comments?post=197996"}],"version-history":[{"count":0,"href":"https:\/\/www.studiainitalia.com\/pt-br\/wp-json\/wp\/v2\/pages\/197996\/revisions"}],"wp:attachment":[{"href":"https:\/\/www.studiainitalia.com\/pt-br\/wp-json\/wp\/v2\/media?parent=197996"}],"curies":[{"name":"wp","href":"https:\/\/api.w.org\/{rel}","templated":true}]}}