{"id":187963,"date":"2016-10-31T11:39:13","date_gmt":"2016-10-31T10:39:13","guid":{"rendered":"https:\/\/www.studiainitalia.com\/courses\/sem%20categoria\/italian-and-yoga-in-alghero\/"},"modified":"2025-12-19T23:37:56","modified_gmt":"2025-12-19T22:37:56","slug":"curso-de-italiano-e-yoga-em-alguero","status":"publish","type":"product","link":"https:\/\/www.studiainitalia.com\/pt-br\/cursos\/cursos-em-alghero\/curso-de-italiano-e-yoga-em-alguero\/","title":{"rendered":"Curso de Italiano e yoga em Alguero"},"content":{"rendered":"<h2><strong>Curso de Italiano e yoga<\/strong><\/h2>\n<p>&nbsp;<\/p>\n<p>A escola de l\u00edngua italiana est\u00e1 localizada no centro hist\u00f3rico de Alghero, em uma rua tranq\u00fcila. Os grupos s\u00e3o muito pequenos e as aulas s\u00e3o realizadas em uma atmosfera divertida, descontra\u00edda e estimulante. O curso de italiano e ioga \u00e9 perfeito se voc\u00ea quiser relaxar e estudar italiano no ver\u00e3o.<\/p>\n<p>&nbsp;<\/p>\n<p>A escola, que est\u00e1 aberta o ano inteiro, tamb\u00e9m oferece uma ampla gama de cursos culturais e atividades esportivas, que voc\u00ea pode combinar com suas aulas de italiano em Alghero.<\/p>\n<p>As li\u00e7\u00f5es italianas s\u00e3o normalmente divididas em duas partes: a primeira parte \u00e9 mais focada na gram\u00e1tica e a segunda parte \u00e9 mais focada na pr\u00e1tica das regras aprendidas em situa\u00e7\u00f5es da vida real. O m\u00e9todo de ensino \u00e9 comunicativo.<\/p>\n<p>&nbsp;<\/p>\n<p>No primeiro dia de aula, h\u00e1 um teste de coloca\u00e7\u00e3o para estabelecer o n\u00edvel e o grupo ao qual voc\u00ea pertence. A dura\u00e7\u00e3o m\u00ednima do curso \u00e9 de 1 semana e tamb\u00e9m s\u00e3o poss\u00edveis cursos mais longos. Ao final do curso, voc\u00ea receber\u00e1 um certificado de participa\u00e7\u00e3o.<\/p>\n<p>A escola oferece atividades culturais 3 vezes por semana. A escola tamb\u00e9m colabora com centros de yoga.Importante: os pre\u00e7os das aulas de yoga podem variar ao longo do ano e de acordo com a disponibilidade.<\/p>\n<p>&nbsp;<\/p>\n<p>Relaxe com seu curso de italiano e yoga!<\/p>\n<p>&nbsp;<\/p>\n<p>&nbsp;<\/p>\n<table id=\"tablepress-120\" class=\"tablepress tablepress-id-120\">\n<thead>\n<tr class=\"row-1 odd\">\n<th class=\"column-1\" colspan=\"6\">Datas de in\u00edcio<\/th>\n<\/tr>\n<\/thead>\n<tbody class=\"row-hover\">\n<tr class=\"row-2 even\">\n<td class=\"column-1\">Janeiro<\/td>\n<td class=\"column-2\"><\/td>\n<td class=\"column-3\">Maio<\/td>\n<td class=\"column-4\">cada segunda-feira<\/td>\n<td class=\"column-5\">Setembro<\/td>\n<td class=\"column-6\">cada segunda-feira<\/td>\n<\/tr>\n<tr class=\"row-3 odd\">\n<td class=\"column-1\">Fevereiro<\/td>\n<td class=\"column-2\"><\/td>\n<td class=\"column-3\">Junho<\/td>\n<td class=\"column-4\">cada segunda-feira<\/td>\n<td class=\"column-5\">Outubro<\/td>\n<td class=\"column-6\"><\/td>\n<\/tr>\n<tr class=\"row-4 even\">\n<td class=\"column-1\">Mar\u00e7o<\/td>\n<td class=\"column-2\"><\/td>\n<td class=\"column-3\">Julho<\/td>\n<td class=\"column-4\">cada segunda-feira<\/td>\n<td class=\"column-5\">Novembro<\/td>\n<td class=\"column-6\"><\/td>\n<\/tr>\n<tr class=\"row-5 odd\">\n<td class=\"column-1\">Abril<\/td>\n<td class=\"column-2\"><\/td>\n<td class=\"column-3\">Agosto<\/td>\n<td class=\"column-4\">cada segunda-feira<\/td>\n<td class=\"column-5\">Dezembro<\/td>\n<td class=\"column-6\"><\/td>\n<\/tr>\n<tr class=\"row-6 even\">\n<td class=\"column-1\" colspan=\"6\">A escola ser\u00e1 fechada nos seguintes feriados nacionais: 06\/01, segunda-feira de P\u00e1scoa, 25\/04, 01\/05, 02\/06, 15\/08, 01\/11, 8\/12, e durante os feriados locais e f\u00e9rias de Natal.<\/td>\n<\/tr>\n<\/tbody>\n<\/table>\n<p>&nbsp;<\/p>\n<div class=\"aiosrs-rating-wrap\" data-schema-id=\"90691\">\n<div class=\"aiosrs-rating-summary-wrap\"><\/div>\n<\/div>\n","protected":false},"excerpt":{"rendered":"<p>Um curso de l\u00edngua italiana e aulas de ioga na praia? Depois de um ano estressante, voc\u00ea merece umas f\u00e9rias relaxantes enquanto aprende italiano.<\/p>\n<p>Os cursos de italiano e ioga duram 1 ou 2 semanas. Elas acontecem durante o ver\u00e3o e consistem de 20 horas por semana de italiano combinadas com 2 sess\u00f5es de ioga por semana de 90 minutos cada.<\/p>\n<p>As aulas de italiano s\u00e3o ministradas por professores nativos e especializados, o foco \u00e9 o aprendizado simples e eficaz, os grupos s\u00e3o pequenos, entre 6 e 8 alunos, e a atmosfera \u00e9 divertida e estimulante.<\/p>\n<p>Ao final do curso, os alunos recebem um certificado de participa\u00e7\u00e3o indicando o n\u00edvel alcan\u00e7ado.<\/p>\n<p>As aulas de ioga s\u00e3o realizadas na praia ao amanhecer ou ao p\u00f4r-do-sol. Tipos de yga dispon\u00edveis: Hatha, Ashtanga e Yin.<\/p>\n","protected":false},"featured_media":199777,"comment_status":"open","ping_status":"closed","template":"","meta":{"_acf_changed":false,"_uag_custom_page_level_css":"","_kad_blocks_custom_css":"","_kad_blocks_head_custom_js":"","_kad_blocks_body_custom_js":"","_kad_blocks_footer_custom_js":"","site-sidebar-layout":"default","site-content-layout":"default","ast-site-content-layout":"default","site-content-style":"default","site-sidebar-style":"default","ast-global-header-display":"","ast-banner-title-visibility":"","ast-main-header-display":"","ast-hfb-above-header-display":"","ast-hfb-below-header-display":"","ast-hfb-mobile-header-display":"","site-post-title":"","ast-breadcrumbs-content":"","ast-featured-img":"","footer-sml-layout":"","ast-disable-related-posts":"","theme-transparent-header-meta":"default","adv-header-id-meta":"","stick-header-meta":"default","header-above-stick-meta":"","header-main-stick-meta":"","header-below-stick-meta":"","astra-migrate-meta-layouts":"set","ast-page-background-enabled":"default","ast-page-background-meta":{"desktop":{"background-color":"var(--ast-global-color-4)","background-image":"","background-repeat":"repeat","background-position":"center center","background-size":"auto","background-attachment":"scroll","background-type":"","background-media":"","overlay-type":"","overlay-color":"","overlay-opacity":"","overlay-gradient":""},"tablet":{"background-color":"","background-image":"","background-repeat":"repeat","background-position":"center center","background-size":"auto","background-attachment":"scroll","background-type":"","background-media":"","overlay-type":"","overlay-color":"","overlay-opacity":"","overlay-gradient":""},"mobile":{"background-color":"","background-image":"","background-repeat":"repeat","background-position":"center center","background-size":"auto","background-attachment":"scroll","background-type":"","background-media":"","overlay-type":"","overlay-color":"","overlay-opacity":"","overlay-gradient":""}},"ast-content-background-meta":{"desktop":{"background-color":"var(--ast-global-color-5)","background-image":"","background-repeat":"repeat","background-position":"center center","background-size":"auto","background-attachment":"scroll","background-type":"","background-media":"","overlay-type":"","overlay-color":"","overlay-opacity":"","overlay-gradient":""},"tablet":{"background-color":"var(--ast-global-color-5)","background-image":"","background-repeat":"repeat","background-position":"center center","background-size":"auto","background-attachment":"scroll","background-type":"","background-media":"","overlay-type":"","overlay-color":"","overlay-opacity":"","overlay-gradient":""},"mobile":{"background-color":"var(--ast-global-color-5)","background-image":"","background-repeat":"repeat","background-position":"center center","background-size":"auto","background-attachment":"scroll","background-type":"","background-media":"","overlay-type":"","overlay-color":"","overlay-opacity":"","overlay-gradient":""}}},"section":[],"product_brand":[],"product_cat":[1253,1257],"product_tag":[2008],"class_list":{"0":"post-187963","1":"product","2":"type-product","3":"status-publish","4":"has-post-thumbnail","6":"product_cat-cursos-em-alghero","7":"product_cat-esportes-na-italia","8":"product_tag-cursos-desportivos","9":"desktop-align-left","10":"tablet-align-left","11":"mobile-align-left","12":"ast-product-gallery-layout-horizontal-slider","13":"ast-product-single-variable","14":"ast-product-tabs-layout-horizontal","15":"ast-qv-on-image-click","17":"first","18":"instock","19":"sold-individually","20":"shipping-taxable","21":"purchasable","22":"product-type-variable","23":"has-default-attributes"},"acf":[],"taxonomy_info":{"product_cat":[{"value":1253,"label":"Cursos em Alghero"},{"value":1257,"label":"Esportes na Italia"}],"product_tag":[{"value":2008,"label":"Cursos desportivos"}]},"featured_image_src_large":["https:\/\/www.studiainitalia.com\/wp-content\/uploads\/2024\/10\/yoga-6723315_12801.jpg",1280,807,false],"author_info":[],"comment_info":1,"uagb_featured_image_src":{"full":["https:\/\/www.studiainitalia.com\/wp-content\/uploads\/2024\/10\/yoga-6723315_12801.jpg",1280,807,false],"thumbnail":["https:\/\/www.studiainitalia.com\/wp-content\/uploads\/2024\/10\/yoga-6723315_12801.jpg",128,81,false],"medium":["https:\/\/www.studiainitalia.com\/wp-content\/uploads\/2024\/10\/yoga-6723315_12801.jpg",1280,807,false],"medium_large":["https:\/\/www.studiainitalia.com\/wp-content\/uploads\/2024\/10\/yoga-6723315_12801-768x484.jpg",768,484,true],"large":["https:\/\/www.studiainitalia.com\/wp-content\/uploads\/2024\/10\/yoga-6723315_12801.jpg",1280,807,false],"1536x1536":["https:\/\/www.studiainitalia.com\/wp-content\/uploads\/2024\/10\/yoga-6723315_12801.jpg",1280,807,false],"2048x2048":["https:\/\/www.studiainitalia.com\/wp-content\/uploads\/2024\/10\/yoga-6723315_12801.jpg",1280,807,false],"ultp_layout_landscape_large":["https:\/\/www.studiainitalia.com\/wp-content\/uploads\/2024\/10\/yoga-6723315_12801-1200x800.jpg",1200,800,true],"ultp_layout_landscape":["https:\/\/www.studiainitalia.com\/wp-content\/uploads\/2024\/10\/yoga-6723315_12801-870x570.jpg",870,570,true],"ultp_layout_portrait":["https:\/\/www.studiainitalia.com\/wp-content\/uploads\/2024\/10\/yoga-6723315_12801-600x807.jpg",600,807,true],"ultp_layout_square":["https:\/\/www.studiainitalia.com\/wp-content\/uploads\/2024\/10\/yoga-6723315_12801-600x600.jpg",600,600,true],"gform-image-choice-sm":["https:\/\/www.studiainitalia.com\/wp-content\/uploads\/2024\/10\/yoga-6723315_12801.jpg",300,189,false],"gform-image-choice-md":["https:\/\/www.studiainitalia.com\/wp-content\/uploads\/2024\/10\/yoga-6723315_12801.jpg",400,252,false],"gform-image-choice-lg":["https:\/\/www.studiainitalia.com\/wp-content\/uploads\/2024\/10\/yoga-6723315_12801.jpg",600,378,false],"woocommerce_thumbnail":["https:\/\/www.studiainitalia.com\/wp-content\/uploads\/2024\/10\/yoga-6723315_12801-300x300.jpg",300,300,true],"woocommerce_single":["https:\/\/www.studiainitalia.com\/wp-content\/uploads\/2024\/10\/yoga-6723315_12801-400x252.jpg",400,252,true],"woocommerce_gallery_thumbnail":["https:\/\/www.studiainitalia.com\/wp-content\/uploads\/2024\/10\/yoga-6723315_12801-100x100.jpg",100,100,true],"yarpp-thumbnail":["https:\/\/www.studiainitalia.com\/wp-content\/uploads\/2024\/10\/yoga-6723315_12801-120x120.jpg",120,120,true]},"uagb_author_info":{"display_name":"Javier Diaz","author_link":"https:\/\/www.studiainitalia.com\/pt-br\/author\/"},"uagb_comment_info":1,"uagb_excerpt":"Um curso de l\u00edngua italiana e aulas de ioga na praia? Depois de um ano estressante, voc\u00ea merece umas f\u00e9rias relaxantes enquanto aprende italiano. Os cursos de italiano e ioga duram 1 ou 2 semanas. Elas acontecem durante o ver\u00e3o e consistem de 20 horas por semana de italiano combinadas com 2 sess\u00f5es de ioga&hellip;","_links":{"self":[{"href":"https:\/\/www.studiainitalia.com\/pt-br\/wp-json\/wp\/v2\/product\/187963","targetHints":{"allow":["GET"]}}],"collection":[{"href":"https:\/\/www.studiainitalia.com\/pt-br\/wp-json\/wp\/v2\/product"}],"about":[{"href":"https:\/\/www.studiainitalia.com\/pt-br\/wp-json\/wp\/v2\/types\/product"}],"replies":[{"embeddable":true,"href":"https:\/\/www.studiainitalia.com\/pt-br\/wp-json\/wp\/v2\/comments?post=187963"}],"wp:featuredmedia":[{"embeddable":true,"href":"https:\/\/www.studiainitalia.com\/pt-br\/wp-json\/wp\/v2\/media\/199777"}],"wp:attachment":[{"href":"https:\/\/www.studiainitalia.com\/pt-br\/wp-json\/wp\/v2\/media?parent=187963"}],"wp:term":[{"taxonomy":"section","embeddable":true,"href":"https:\/\/www.studiainitalia.com\/pt-br\/wp-json\/wp\/v2\/section?post=187963"},{"taxonomy":"product_brand","embeddable":true,"href":"https:\/\/www.studiainitalia.com\/pt-br\/wp-json\/wp\/v2\/product_brand?post=187963"},{"taxonomy":"product_cat","embeddable":true,"href":"https:\/\/www.studiainitalia.com\/pt-br\/wp-json\/wp\/v2\/product_cat?post=187963"},{"taxonomy":"product_tag","embeddable":true,"href":"https:\/\/www.studiainitalia.com\/pt-br\/wp-json\/wp\/v2\/product_tag?post=187963"}],"curies":[{"name":"wp","href":"https:\/\/api.w.org\/{rel}","templated":true}]}}