{"id":187989,"date":"2016-10-31T09:28:39","date_gmt":"2016-10-31T08:28:39","guid":{"rendered":"https:\/\/www.studiainitalia.com\/courses\/sem%20categoria\/studiainitalia-star-programme\/"},"modified":"2023-11-24T15:52:32","modified_gmt":"2023-11-24T14:52:32","slug":"studiainitalia-star-programme-pt","status":"publish","type":"product","link":"https:\/\/www.studiainitalia.com\/pt-br\/cursos\/ofertas-especiais\/studiainitalia-star-programme-pt\/","title":{"rendered":"Programa Studiainitalia Star"},"content":{"rendered":"<p style=\"text-align: justify;\">O <strong>Programa<\/strong> Studiainitalia <strong>Star<\/strong> destina-se a clientes que queiram melhorar o seu curso It\u00e1lia, incluindo o nosso n\u00famero de telem\u00f3vel de emerg\u00eancia durante o fim-de-semana, quando as escolas est\u00e3o fechadas. A ades\u00e3o dura um ano e come\u00e7a a partir do dia em que inicia o seu primeiro curso em It\u00e1lia.<\/p>\n<p style=\"text-align: justify;\">Os membros Estrela tamb\u00e9m ter\u00e3o um desconto (%-10%) nos seus segundo e terceiro cursos em It\u00e1lia, que podem eventualmente ser utilizados por um amigo.<\/p>\n<p style=\"text-align: justify;\">\n","protected":false},"excerpt":{"rendered":"<p style=\"text-align: justify;\">O <strong>Programa<\/strong> Studiainitalia <strong>Star<\/strong> destina-se aos clientes que desejam melhorar o seu curso It\u00e1lia, incluindo um n\u00famero m\u00f3vel de emerg\u00eancia, especialmente para o fim-de-semana em que as escolas est\u00e3o fechadas e assist\u00eancia durante a sua estadia em It\u00e1lia. A ades\u00e3o dura um ano e come\u00e7a a partir do dia em que inicia o seu primeiro curso em It\u00e1lia.<\/p>\n<p style=\"text-align: justify;\">Os membros Estrela tamb\u00e9m ter\u00e3o um desconto (%-10%) nos seus segundo e terceiro cursos em It\u00e1lia, que podem eventualmente ser utilizados por um amigo.<\/p>\n<p style=\"text-align: justify;\">\n","protected":false},"featured_media":117727,"comment_status":"open","ping_status":"closed","template":"","meta":{"_acf_changed":false,"_uag_custom_page_level_css":"","_kad_blocks_custom_css":"","_kad_blocks_head_custom_js":"","_kad_blocks_body_custom_js":"","_kad_blocks_footer_custom_js":"","site-sidebar-layout":"default","site-content-layout":"default","ast-site-content-layout":"default","site-content-style":"default","site-sidebar-style":"default","ast-global-header-display":"","ast-banner-title-visibility":"","ast-main-header-display":"","ast-hfb-above-header-display":"","ast-hfb-below-header-display":"","ast-hfb-mobile-header-display":"","site-post-title":"","ast-breadcrumbs-content":"","ast-featured-img":"","footer-sml-layout":"","ast-disable-related-posts":"","theme-transparent-header-meta":"default","adv-header-id-meta":"","stick-header-meta":"default","header-above-stick-meta":"","header-main-stick-meta":"","header-below-stick-meta":"","astra-migrate-meta-layouts":"set","ast-page-background-enabled":"default","ast-page-background-meta":{"desktop":{"background-color":"var(--ast-global-color-4)","background-image":"","background-repeat":"repeat","background-position":"center center","background-size":"auto","background-attachment":"scroll","background-type":"","background-media":"","overlay-type":"","overlay-color":"","overlay-opacity":"","overlay-gradient":""},"tablet":{"background-color":"","background-image":"","background-repeat":"repeat","background-position":"center center","background-size":"auto","background-attachment":"scroll","background-type":"","background-media":"","overlay-type":"","overlay-color":"","overlay-opacity":"","overlay-gradient":""},"mobile":{"background-color":"","background-image":"","background-repeat":"repeat","background-position":"center center","background-size":"auto","background-attachment":"scroll","background-type":"","background-media":"","overlay-type":"","overlay-color":"","overlay-opacity":"","overlay-gradient":""}},"ast-content-background-meta":{"desktop":{"background-color":"var(--ast-global-color-5)","background-image":"","background-repeat":"repeat","background-position":"center center","background-size":"auto","background-attachment":"scroll","background-type":"","background-media":"","overlay-type":"","overlay-color":"","overlay-opacity":"","overlay-gradient":""},"tablet":{"background-color":"var(--ast-global-color-5)","background-image":"","background-repeat":"repeat","background-position":"center center","background-size":"auto","background-attachment":"scroll","background-type":"","background-media":"","overlay-type":"","overlay-color":"","overlay-opacity":"","overlay-gradient":""},"mobile":{"background-color":"var(--ast-global-color-5)","background-image":"","background-repeat":"repeat","background-position":"center center","background-size":"auto","background-attachment":"scroll","background-type":"","background-media":"","overlay-type":"","overlay-color":"","overlay-opacity":"","overlay-gradient":""}}},"section":[],"product_brand":[],"product_cat":[1259],"product_tag":[],"class_list":{"0":"post-187989","1":"product","2":"type-product","3":"status-publish","4":"has-post-thumbnail","6":"product_cat-ofertas-especiais","7":"desktop-align-left","8":"tablet-align-left","9":"mobile-align-left","10":"ast-product-gallery-layout-horizontal-slider","11":"ast-product-gallery-with-no-image","12":"ast-product-tabs-layout-horizontal","13":"ast-qv-on-image-click","15":"first","16":"instock","17":"sale","18":"featured","19":"virtual","20":"purchasable","21":"product-type-simple"},"acf":[],"taxonomy_info":{"product_cat":[{"value":1259,"label":"Ofertas especiais"}]},"featured_image_src_large":["https:\/\/www.studiainitalia.com\/wp-content\/uploads\/2016\/10\/studiainitalia_star-programme.png",651,650,false],"author_info":[],"comment_info":0,"uagb_featured_image_src":{"full":["https:\/\/www.studiainitalia.com\/wp-content\/uploads\/2016\/10\/studiainitalia_star-programme.png",651,650,false],"thumbnail":["https:\/\/www.studiainitalia.com\/wp-content\/uploads\/2016\/10\/studiainitalia_star-programme-150x150.png",96,96,true],"medium":["https:\/\/www.studiainitalia.com\/wp-content\/uploads\/2016\/10\/studiainitalia_star-programme-300x300.png",300,300,true],"medium_large":["https:\/\/www.studiainitalia.com\/wp-content\/uploads\/2016\/10\/studiainitalia_star-programme.png",651,650,false],"large":["https:\/\/www.studiainitalia.com\/wp-content\/uploads\/2016\/10\/studiainitalia_star-programme.png",651,650,false],"1536x1536":["https:\/\/www.studiainitalia.com\/wp-content\/uploads\/2016\/10\/studiainitalia_star-programme.png",651,650,false],"2048x2048":["https:\/\/www.studiainitalia.com\/wp-content\/uploads\/2016\/10\/studiainitalia_star-programme.png",651,650,false],"ultp_layout_landscape_large":["https:\/\/www.studiainitalia.com\/wp-content\/uploads\/2016\/10\/studiainitalia_star-programme.png",651,650,false],"ultp_layout_landscape":["https:\/\/www.studiainitalia.com\/wp-content\/uploads\/2016\/10\/studiainitalia_star-programme.png",571,570,false],"ultp_layout_portrait":["https:\/\/www.studiainitalia.com\/wp-content\/uploads\/2016\/10\/studiainitalia_star-programme.png",600,599,false],"ultp_layout_square":["https:\/\/www.studiainitalia.com\/wp-content\/uploads\/2016\/10\/studiainitalia_star-programme.png",600,600,false],"gform-image-choice-sm":["https:\/\/www.studiainitalia.com\/wp-content\/uploads\/2016\/10\/studiainitalia_star-programme.png",300,300,false],"gform-image-choice-md":["https:\/\/www.studiainitalia.com\/wp-content\/uploads\/2016\/10\/studiainitalia_star-programme.png",400,400,false],"gform-image-choice-lg":["https:\/\/www.studiainitalia.com\/wp-content\/uploads\/2016\/10\/studiainitalia_star-programme.png",600,600,false],"woocommerce_thumbnail":["https:\/\/www.studiainitalia.com\/wp-content\/uploads\/2016\/10\/studiainitalia_star-programme-300x300.png",300,300,true],"woocommerce_single":["https:\/\/www.studiainitalia.com\/wp-content\/uploads\/2016\/10\/studiainitalia_star-programme-400x399.png",400,399,true],"woocommerce_gallery_thumbnail":["https:\/\/www.studiainitalia.com\/wp-content\/uploads\/2016\/10\/studiainitalia_star-programme-100x100.png",100,100,true],"yarpp-thumbnail":["https:\/\/www.studiainitalia.com\/wp-content\/uploads\/2016\/10\/studiainitalia_star-programme.png",120,120,false]},"uagb_author_info":{"display_name":"Javier Diaz","author_link":"https:\/\/www.studiainitalia.com\/pt-br\/author\/"},"uagb_comment_info":0,"uagb_excerpt":"O Programa Studiainitalia Star destina-se aos clientes que desejam melhorar o seu curso It\u00e1lia, incluindo um n\u00famero m\u00f3vel de emerg\u00eancia, especialmente para o fim-de-semana em que as escolas est\u00e3o fechadas e assist\u00eancia durante a sua estadia em It\u00e1lia. A ades\u00e3o dura um ano e come\u00e7a a partir do dia em que inicia o seu primeiro&hellip;","_links":{"self":[{"href":"https:\/\/www.studiainitalia.com\/pt-br\/wp-json\/wp\/v2\/product\/187989","targetHints":{"allow":["GET"]}}],"collection":[{"href":"https:\/\/www.studiainitalia.com\/pt-br\/wp-json\/wp\/v2\/product"}],"about":[{"href":"https:\/\/www.studiainitalia.com\/pt-br\/wp-json\/wp\/v2\/types\/product"}],"replies":[{"embeddable":true,"href":"https:\/\/www.studiainitalia.com\/pt-br\/wp-json\/wp\/v2\/comments?post=187989"}],"wp:featuredmedia":[{"embeddable":true,"href":"https:\/\/www.studiainitalia.com\/pt-br\/wp-json\/wp\/v2\/media\/117727"}],"wp:attachment":[{"href":"https:\/\/www.studiainitalia.com\/pt-br\/wp-json\/wp\/v2\/media?parent=187989"}],"wp:term":[{"taxonomy":"section","embeddable":true,"href":"https:\/\/www.studiainitalia.com\/pt-br\/wp-json\/wp\/v2\/section?post=187989"},{"taxonomy":"product_brand","embeddable":true,"href":"https:\/\/www.studiainitalia.com\/pt-br\/wp-json\/wp\/v2\/product_brand?post=187989"},{"taxonomy":"product_cat","embeddable":true,"href":"https:\/\/www.studiainitalia.com\/pt-br\/wp-json\/wp\/v2\/product_cat?post=187989"},{"taxonomy":"product_tag","embeddable":true,"href":"https:\/\/www.studiainitalia.com\/pt-br\/wp-json\/wp\/v2\/product_tag?post=187989"}],"curies":[{"name":"wp","href":"https:\/\/api.w.org\/{rel}","templated":true}]}}