{"id":187998,"date":"2016-10-31T12:34:19","date_gmt":"2016-10-31T11:34:19","guid":{"rendered":"https:\/\/www.studiainitalia.com\/courses\/sem%20categoria\/italian-and-sailing-in-alghero\/"},"modified":"2025-12-19T23:39:43","modified_gmt":"2025-12-19T22:39:43","slug":"curso-de-italiano-e-vela-em-alguero","status":"publish","type":"product","link":"https:\/\/www.studiainitalia.com\/pt-br\/cursos\/cursos-em-alghero\/curso-de-italiano-e-vela-em-alguero\/","title":{"rendered":"Curso de Italiano e vela em Alguero"},"content":{"rendered":"<h2><strong>Curso de Italiano e vela<\/strong><\/h2>\n<p>&nbsp;<\/p>\n<p>As li\u00e7\u00f5es de italiano s\u00e3o normalmente divididas em duas partes: a primeira parte com mais foco na gram\u00e1tica e a segunda parte mais focada na pr\u00e1tica das regras aprendidas em situa\u00e7\u00f5es da vida real. O m\u00e9todo de ensino \u00e9 comunicativo. No primeiro dia do curso, h\u00e1 um teste de coloca\u00e7\u00e3o para estabelecer o n\u00edvel e o grupo ao qual voc\u00ea pertence.<\/p>\n<p>&nbsp;<\/p>\n<p>A dura\u00e7\u00e3o m\u00ednima do curso \u00e9 de 1 semana e tamb\u00e9m s\u00e3o poss\u00edveis cursos mais longos. Ao final do curso, voc\u00ea receber\u00e1 um certificado de participa\u00e7\u00e3o.<\/p>\n<p>A escola oferece atividades 3 vezes por semana \u00e0 tarde dentro e fora da escola. As atividades incluem visitas a oficinas de artesanato locais, visitas gastron\u00f4micas, li\u00e7\u00f5es culturais sobre a hist\u00f3ria e as tradi\u00e7\u00f5es da Sardenha\u2026<\/p>\n<p>&nbsp;<\/p>\n<p>A escola tamb\u00e9m colabora com os centros esportivos e tur\u00edsticos locais e oferece a possibilidade de participar de muitas atividades esportivas como vela, windsurf e yoga.Importante: os pre\u00e7os das aulas de vela podem variar ao longo do ano e de acordo com a disponibilidade<\/p>\n<p>O curso de italiano e de vela \u00e9 a oportunidade perfeita para estudar italiano e praticar seu esporte no mar da Sardenha.<\/p>\n<p>&nbsp;<\/p>\n<p>Favor verificar com a studiainitalia as datas de in\u00edcio do curso<\/p>\n<p>&nbsp;<\/p>\n<p>&nbsp;<\/p>\n<div class=\"aiosrs-rating-wrap\" data-schema-id=\"90691\">\n<div class=\"aiosrs-star-rating-wrap \"><\/div>\n<div class=\"aiosrs-rating-summary-wrap\"><\/div>\n<\/div>\n","protected":false},"excerpt":{"rendered":"<h2>Aproveite suas f\u00e9rias para estudar italiano em Alghero e praticar seu esporte preferido nos mares azuis da Sardenha!<\/h2>\n<p>&nbsp;<\/p>\n<p>Os cursos de italiano e de vela t\u00eam uma dura\u00e7\u00e3o de 1 ou 2 semanas.<\/p>\n<p>Elas acontecem durante o ver\u00e3o e consistem em 20 aulas de italiano por semana combinadas com aulas de vela todas as tardes, de segunda a sexta-feira das 15:30 \u00e0s 17:30.<\/p>\n<p>\u00c9 necess\u00e1rio um certificado m\u00e9dico esportivo para as aulas de vela.<\/p>\n<p>Ao final do curso, os alunos receber\u00e3o um certificado de participa\u00e7\u00e3o indicando o n\u00edvel alcan\u00e7ado.<\/p>\n","protected":false},"featured_media":117466,"comment_status":"open","ping_status":"closed","template":"","meta":{"_acf_changed":false,"_uag_custom_page_level_css":"","_kad_blocks_custom_css":"","_kad_blocks_head_custom_js":"","_kad_blocks_body_custom_js":"","_kad_blocks_footer_custom_js":"","site-sidebar-layout":"default","site-content-layout":"default","ast-site-content-layout":"default","site-content-style":"default","site-sidebar-style":"default","ast-global-header-display":"","ast-banner-title-visibility":"","ast-main-header-display":"","ast-hfb-above-header-display":"","ast-hfb-below-header-display":"","ast-hfb-mobile-header-display":"","site-post-title":"","ast-breadcrumbs-content":"","ast-featured-img":"","footer-sml-layout":"","ast-disable-related-posts":"","theme-transparent-header-meta":"default","adv-header-id-meta":"","stick-header-meta":"default","header-above-stick-meta":"","header-main-stick-meta":"","header-below-stick-meta":"","astra-migrate-meta-layouts":"set","ast-page-background-enabled":"default","ast-page-background-meta":{"desktop":{"background-color":"var(--ast-global-color-4)","background-image":"","background-repeat":"repeat","background-position":"center center","background-size":"auto","background-attachment":"scroll","background-type":"","background-media":"","overlay-type":"","overlay-color":"","overlay-opacity":"","overlay-gradient":""},"tablet":{"background-color":"","background-image":"","background-repeat":"repeat","background-position":"center center","background-size":"auto","background-attachment":"scroll","background-type":"","background-media":"","overlay-type":"","overlay-color":"","overlay-opacity":"","overlay-gradient":""},"mobile":{"background-color":"","background-image":"","background-repeat":"repeat","background-position":"center center","background-size":"auto","background-attachment":"scroll","background-type":"","background-media":"","overlay-type":"","overlay-color":"","overlay-opacity":"","overlay-gradient":""}},"ast-content-background-meta":{"desktop":{"background-color":"var(--ast-global-color-5)","background-image":"","background-repeat":"repeat","background-position":"center center","background-size":"auto","background-attachment":"scroll","background-type":"","background-media":"","overlay-type":"","overlay-color":"","overlay-opacity":"","overlay-gradient":""},"tablet":{"background-color":"var(--ast-global-color-5)","background-image":"","background-repeat":"repeat","background-position":"center center","background-size":"auto","background-attachment":"scroll","background-type":"","background-media":"","overlay-type":"","overlay-color":"","overlay-opacity":"","overlay-gradient":""},"mobile":{"background-color":"var(--ast-global-color-5)","background-image":"","background-repeat":"repeat","background-position":"center center","background-size":"auto","background-attachment":"scroll","background-type":"","background-media":"","overlay-type":"","overlay-color":"","overlay-opacity":"","overlay-gradient":""}}},"section":[],"product_brand":[],"product_cat":[1253,1257],"product_tag":[2008],"class_list":{"0":"post-187998","1":"product","2":"type-product","3":"status-publish","4":"has-post-thumbnail","6":"product_cat-cursos-em-alghero","7":"product_cat-esportes-na-italia","8":"product_tag-cursos-desportivos","9":"desktop-align-left","10":"tablet-align-left","11":"mobile-align-left","12":"ast-product-gallery-layout-horizontal-slider","13":"ast-product-gallery-with-no-image","14":"ast-product-single-variable","15":"ast-product-tabs-layout-horizontal","16":"ast-qv-on-image-click","18":"first","19":"instock","20":"sold-individually","21":"shipping-taxable","22":"purchasable","23":"product-type-variable","24":"has-default-attributes"},"acf":[],"taxonomy_info":{"product_cat":[{"value":1253,"label":"Cursos em Alghero"},{"value":1257,"label":"Esportes na Italia"}],"product_tag":[{"value":2008,"label":"Cursos desportivos"}]},"featured_image_src_large":["https:\/\/www.studiainitalia.com\/wp-content\/uploads\/2016\/10\/sailing-in-alghero-e1490029589355.jpg",350,349,false],"author_info":[],"comment_info":1,"uagb_featured_image_src":{"full":["https:\/\/www.studiainitalia.com\/wp-content\/uploads\/2016\/10\/sailing-in-alghero-e1490029589355.jpg",350,349,false],"thumbnail":["https:\/\/www.studiainitalia.com\/wp-content\/uploads\/2016\/10\/sailing-in-alghero-150x150.jpg",96,96,true],"medium":["https:\/\/www.studiainitalia.com\/wp-content\/uploads\/2016\/10\/sailing-in-alghero-300x300.jpg",300,300,true],"medium_large":["https:\/\/www.studiainitalia.com\/wp-content\/uploads\/2016\/10\/sailing-in-alghero-e1490029589355.jpg",350,349,false],"large":["https:\/\/www.studiainitalia.com\/wp-content\/uploads\/2016\/10\/sailing-in-alghero-e1490029589355.jpg",350,349,false],"1536x1536":["https:\/\/www.studiainitalia.com\/wp-content\/uploads\/2016\/10\/sailing-in-alghero-e1490029589355.jpg",350,349,false],"2048x2048":["https:\/\/www.studiainitalia.com\/wp-content\/uploads\/2016\/10\/sailing-in-alghero-e1490029589355.jpg",350,349,false],"ultp_layout_landscape_large":["https:\/\/www.studiainitalia.com\/wp-content\/uploads\/2016\/10\/sailing-in-alghero-e1490029589355.jpg",350,349,false],"ultp_layout_landscape":["https:\/\/www.studiainitalia.com\/wp-content\/uploads\/2016\/10\/sailing-in-alghero-e1490029589355.jpg",350,349,false],"ultp_layout_portrait":["https:\/\/www.studiainitalia.com\/wp-content\/uploads\/2016\/10\/sailing-in-alghero-e1490029589355.jpg",350,349,false],"ultp_layout_square":["https:\/\/www.studiainitalia.com\/wp-content\/uploads\/2016\/10\/sailing-in-alghero-e1490029589355.jpg",350,349,false],"gform-image-choice-sm":["https:\/\/www.studiainitalia.com\/wp-content\/uploads\/2016\/10\/sailing-in-alghero-e1490029589355.jpg",300,300,false],"gform-image-choice-md":["https:\/\/www.studiainitalia.com\/wp-content\/uploads\/2016\/10\/sailing-in-alghero-e1490029589355.jpg",350,349,false],"gform-image-choice-lg":["https:\/\/www.studiainitalia.com\/wp-content\/uploads\/2016\/10\/sailing-in-alghero-e1490029589355.jpg",350,349,false],"woocommerce_thumbnail":["https:\/\/www.studiainitalia.com\/wp-content\/uploads\/2016\/10\/sailing-in-alghero-e1490029589355-300x300.jpg",300,300,true],"woocommerce_single":["https:\/\/www.studiainitalia.com\/wp-content\/uploads\/2016\/10\/sailing-in-alghero-e1490029589355.jpg",350,349,false],"woocommerce_gallery_thumbnail":["https:\/\/www.studiainitalia.com\/wp-content\/uploads\/2016\/10\/sailing-in-alghero-e1490029589355-100x100.jpg",100,100,true],"yarpp-thumbnail":["https:\/\/www.studiainitalia.com\/wp-content\/uploads\/2016\/10\/sailing-in-alghero-e1490029589355.jpg",120,120,false]},"uagb_author_info":{"display_name":"Javier Diaz","author_link":"https:\/\/www.studiainitalia.com\/pt-br\/author\/"},"uagb_comment_info":1,"uagb_excerpt":"Aproveite suas f\u00e9rias para estudar italiano em Alghero e praticar seu esporte preferido nos mares azuis da Sardenha! &nbsp; Os cursos de italiano e de vela t\u00eam uma dura\u00e7\u00e3o de 1 ou 2 semanas. Elas acontecem durante o ver\u00e3o e consistem em 20 aulas de italiano por semana combinadas com aulas de vela todas as&hellip;","_links":{"self":[{"href":"https:\/\/www.studiainitalia.com\/pt-br\/wp-json\/wp\/v2\/product\/187998","targetHints":{"allow":["GET"]}}],"collection":[{"href":"https:\/\/www.studiainitalia.com\/pt-br\/wp-json\/wp\/v2\/product"}],"about":[{"href":"https:\/\/www.studiainitalia.com\/pt-br\/wp-json\/wp\/v2\/types\/product"}],"replies":[{"embeddable":true,"href":"https:\/\/www.studiainitalia.com\/pt-br\/wp-json\/wp\/v2\/comments?post=187998"}],"wp:featuredmedia":[{"embeddable":true,"href":"https:\/\/www.studiainitalia.com\/pt-br\/wp-json\/wp\/v2\/media\/117466"}],"wp:attachment":[{"href":"https:\/\/www.studiainitalia.com\/pt-br\/wp-json\/wp\/v2\/media?parent=187998"}],"wp:term":[{"taxonomy":"section","embeddable":true,"href":"https:\/\/www.studiainitalia.com\/pt-br\/wp-json\/wp\/v2\/section?post=187998"},{"taxonomy":"product_brand","embeddable":true,"href":"https:\/\/www.studiainitalia.com\/pt-br\/wp-json\/wp\/v2\/product_brand?post=187998"},{"taxonomy":"product_cat","embeddable":true,"href":"https:\/\/www.studiainitalia.com\/pt-br\/wp-json\/wp\/v2\/product_cat?post=187998"},{"taxonomy":"product_tag","embeddable":true,"href":"https:\/\/www.studiainitalia.com\/pt-br\/wp-json\/wp\/v2\/product_tag?post=187998"}],"curies":[{"name":"wp","href":"https:\/\/api.w.org\/{rel}","templated":true}]}}