{"id":188067,"date":"2016-10-31T12:12:13","date_gmt":"2016-10-31T11:12:13","guid":{"rendered":"https:\/\/www.studiainitalia.com\/courses\/sem%20categoria\/italiano-e-windsurf-em-alghero\/"},"modified":"2026-03-09T17:24:35","modified_gmt":"2026-03-09T16:24:35","slug":"curso-de-italiano-e-windsurf-em-alguero","status":"publish","type":"product","link":"https:\/\/www.studiainitalia.com\/pt-br\/cursos\/cursos-em-alghero\/curso-de-italiano-e-windsurf-em-alguero\/","title":{"rendered":"Curso de Italiano e windsurf em Alguero"},"content":{"rendered":"<p>O curso de italiano e windsurf ou surf \u00e9 organizado por nossa escola. A escola de l\u00edngua italiana est\u00e1 localizada no centro hist\u00f3rico de Alghero, em uma rua tranq\u00fcila.<\/p>\n<p>&nbsp;<\/p>\n<p>Os grupos s\u00e3o muito pequenos e as aulas acontecem em uma atmosfera divertida, relaxada e estimulante. A escola, aberta o ano inteiro, tamb\u00e9m oferece uma ampla gama de cursos culturais e atividades esportivas, que voc\u00ea pode combinar com suas aulas de italiano em Alghero.<\/p>\n<p>As aulas acontecem pela manh\u00e3, das 9h00 \u00e0s 13h00. No primeiro dia do curso, h\u00e1 um teste de coloca\u00e7\u00e3o para estabelecer seu n\u00edvel e grupo. A dura\u00e7\u00e3o m\u00ednima do curso \u00e9 de 1 semana e tamb\u00e9m \u00e9 poss\u00edvel fazer cursos mais longos. Ao final do curso, voc\u00ea receber\u00e1 um certificado de participa\u00e7\u00e3o.<\/p>\n<p>&nbsp;<\/p>\n<p>A escola oferece atividades 3 vezes por semana. H\u00e1 visitas a oficinas locais de artesanato, visitas gastron\u00f4micas, aulas culturais.<\/p>\n<p>A escola colabora com os centros esportivos e tur\u00edsticos locais e oferece a possibilidade de participar de muitas atividades esportivas como vela, windsurf, yoga. Importante: os pre\u00e7os das aulas de surf podem variar ao longo do ano e de acordo com a disponibilidade<\/p>\n<p>Aproveite seu curso de italiano e windsurf!<\/p>\n<p>&nbsp;<\/p>\n<p>Favor verificar com a studiainitalia as datas de in\u00edcio do curso.<\/p>\n","protected":false},"excerpt":{"rendered":"<h2>Feriados na Sardenha! As \u00e1guas cristalinas das praias de Alghero, Lido e Maria Pia s\u00e3o o lugar perfeito para surfistas e windsurfistas<\/h2>\n<p>&nbsp;<\/p>\n<p>Os cursos de italiano e windsurf duram 1 ou 2 semanas.<\/p>\n<p>Elas s\u00e3o realizadas durante o ver\u00e3o e consistem em 20 aulas de italiano por semana combinadas com aulas de windsurf todas as tardes de segunda a sexta-feira das 13:00 \u00e0s 17:00 horas.<\/p>\n<p>O curso inclui: bagagem, fato de mergulho, colete salva-vidas, seguro de responsabilidade civil, seguro sobre o equipamento, uso do simulador.<\/p>\n<p>Para ter aulas de windsurf, \u00e9 necess\u00e1rio um certificado m\u00e9dico para praticar esportes.<\/p>\n<p>Ao final do curso, os alunos receber\u00e3o um certificado de participa\u00e7\u00e3o indicando o n\u00edvel alcan\u00e7ado.<\/p>\n","protected":false},"featured_media":117454,"comment_status":"open","ping_status":"closed","template":"","meta":{"_acf_changed":false,"_uag_custom_page_level_css":"","_kad_blocks_custom_css":"","_kad_blocks_head_custom_js":"","_kad_blocks_body_custom_js":"","_kad_blocks_footer_custom_js":"","site-sidebar-layout":"default","site-content-layout":"default","ast-site-content-layout":"default","site-content-style":"default","site-sidebar-style":"default","ast-global-header-display":"","ast-banner-title-visibility":"","ast-main-header-display":"","ast-hfb-above-header-display":"","ast-hfb-below-header-display":"","ast-hfb-mobile-header-display":"","site-post-title":"","ast-breadcrumbs-content":"","ast-featured-img":"","footer-sml-layout":"","ast-disable-related-posts":"","theme-transparent-header-meta":"default","adv-header-id-meta":"","stick-header-meta":"default","header-above-stick-meta":"","header-main-stick-meta":"","header-below-stick-meta":"","astra-migrate-meta-layouts":"set","ast-page-background-enabled":"default","ast-page-background-meta":{"desktop":{"background-color":"var(--ast-global-color-4)","background-image":"","background-repeat":"repeat","background-position":"center center","background-size":"auto","background-attachment":"scroll","background-type":"","background-media":"","overlay-type":"","overlay-color":"","overlay-opacity":"","overlay-gradient":""},"tablet":{"background-color":"","background-image":"","background-repeat":"repeat","background-position":"center center","background-size":"auto","background-attachment":"scroll","background-type":"","background-media":"","overlay-type":"","overlay-color":"","overlay-opacity":"","overlay-gradient":""},"mobile":{"background-color":"","background-image":"","background-repeat":"repeat","background-position":"center center","background-size":"auto","background-attachment":"scroll","background-type":"","background-media":"","overlay-type":"","overlay-color":"","overlay-opacity":"","overlay-gradient":""}},"ast-content-background-meta":{"desktop":{"background-color":"var(--ast-global-color-5)","background-image":"","background-repeat":"repeat","background-position":"center center","background-size":"auto","background-attachment":"scroll","background-type":"","background-media":"","overlay-type":"","overlay-color":"","overlay-opacity":"","overlay-gradient":""},"tablet":{"background-color":"var(--ast-global-color-5)","background-image":"","background-repeat":"repeat","background-position":"center center","background-size":"auto","background-attachment":"scroll","background-type":"","background-media":"","overlay-type":"","overlay-color":"","overlay-opacity":"","overlay-gradient":""},"mobile":{"background-color":"var(--ast-global-color-5)","background-image":"","background-repeat":"repeat","background-position":"center center","background-size":"auto","background-attachment":"scroll","background-type":"","background-media":"","overlay-type":"","overlay-color":"","overlay-opacity":"","overlay-gradient":""}}},"section":[],"product_brand":[],"product_cat":[1253,1257],"product_tag":[2008],"class_list":{"0":"post-188067","1":"product","2":"type-product","3":"status-publish","4":"has-post-thumbnail","6":"product_cat-cursos-em-alghero","7":"product_cat-esportes-na-italia","8":"product_tag-cursos-desportivos","9":"desktop-align-left","10":"tablet-align-left","11":"mobile-align-left","12":"ast-product-gallery-layout-horizontal-slider","13":"ast-product-single-variable","14":"ast-product-tabs-layout-horizontal","15":"ast-qv-on-image-click","17":"first","18":"instock","19":"sold-individually","20":"shipping-taxable","21":"purchasable","22":"product-type-variable","23":"has-default-attributes"},"acf":[],"taxonomy_info":{"product_cat":[{"value":1253,"label":"Cursos em Alghero"},{"value":1257,"label":"Esportes na Italia"}],"product_tag":[{"value":2008,"label":"Cursos desportivos"}]},"featured_image_src_large":["https:\/\/www.studiainitalia.com\/wp-content\/uploads\/2016\/10\/windsurf-in-alghero-1-e1490029611616.jpg",350,349,false],"author_info":[],"comment_info":0,"uagb_featured_image_src":{"full":["https:\/\/www.studiainitalia.com\/wp-content\/uploads\/2016\/10\/windsurf-in-alghero-1-e1490029611616.jpg",350,349,false],"thumbnail":["https:\/\/www.studiainitalia.com\/wp-content\/uploads\/2016\/10\/windsurf-in-alghero-1-150x150.jpg",96,96,true],"medium":["https:\/\/www.studiainitalia.com\/wp-content\/uploads\/2016\/10\/windsurf-in-alghero-1-300x300.jpg",300,300,true],"medium_large":["https:\/\/www.studiainitalia.com\/wp-content\/uploads\/2016\/10\/windsurf-in-alghero-1-e1490029611616.jpg",350,349,false],"large":["https:\/\/www.studiainitalia.com\/wp-content\/uploads\/2016\/10\/windsurf-in-alghero-1-e1490029611616.jpg",350,349,false],"1536x1536":["https:\/\/www.studiainitalia.com\/wp-content\/uploads\/2016\/10\/windsurf-in-alghero-1-e1490029611616.jpg",350,349,false],"2048x2048":["https:\/\/www.studiainitalia.com\/wp-content\/uploads\/2016\/10\/windsurf-in-alghero-1-e1490029611616.jpg",350,349,false],"ultp_layout_landscape_large":["https:\/\/www.studiainitalia.com\/wp-content\/uploads\/2016\/10\/windsurf-in-alghero-1-e1490029611616.jpg",350,349,false],"ultp_layout_landscape":["https:\/\/www.studiainitalia.com\/wp-content\/uploads\/2016\/10\/windsurf-in-alghero-1-e1490029611616.jpg",350,349,false],"ultp_layout_portrait":["https:\/\/www.studiainitalia.com\/wp-content\/uploads\/2016\/10\/windsurf-in-alghero-1-e1490029611616.jpg",350,349,false],"ultp_layout_square":["https:\/\/www.studiainitalia.com\/wp-content\/uploads\/2016\/10\/windsurf-in-alghero-1-e1490029611616.jpg",350,349,false],"gform-image-choice-sm":["https:\/\/www.studiainitalia.com\/wp-content\/uploads\/2016\/10\/windsurf-in-alghero-1-e1490029611616.jpg",300,300,false],"gform-image-choice-md":["https:\/\/www.studiainitalia.com\/wp-content\/uploads\/2016\/10\/windsurf-in-alghero-1-e1490029611616.jpg",350,349,false],"gform-image-choice-lg":["https:\/\/www.studiainitalia.com\/wp-content\/uploads\/2016\/10\/windsurf-in-alghero-1-e1490029611616.jpg",350,349,false],"woocommerce_thumbnail":["https:\/\/www.studiainitalia.com\/wp-content\/uploads\/2016\/10\/windsurf-in-alghero-1-e1490029611616-300x300.jpg",300,300,true],"woocommerce_single":["https:\/\/www.studiainitalia.com\/wp-content\/uploads\/2016\/10\/windsurf-in-alghero-1-e1490029611616.jpg",350,349,false],"woocommerce_gallery_thumbnail":["https:\/\/www.studiainitalia.com\/wp-content\/uploads\/2016\/10\/windsurf-in-alghero-1-e1490029611616-100x100.jpg",100,100,true],"yarpp-thumbnail":["https:\/\/www.studiainitalia.com\/wp-content\/uploads\/2016\/10\/windsurf-in-alghero-1-e1490029611616.jpg",120,120,false]},"uagb_author_info":{"display_name":"Javier Diaz","author_link":"https:\/\/www.studiainitalia.com\/pt-br\/author\/"},"uagb_comment_info":0,"uagb_excerpt":"Feriados na Sardenha! As \u00e1guas cristalinas das praias de Alghero, Lido e Maria Pia s\u00e3o o lugar perfeito para surfistas e windsurfistas &nbsp; Os cursos de italiano e windsurf duram 1 ou 2 semanas. Elas s\u00e3o realizadas durante o ver\u00e3o e consistem em 20 aulas de italiano por semana combinadas com aulas de windsurf todas&hellip;","_links":{"self":[{"href":"https:\/\/www.studiainitalia.com\/pt-br\/wp-json\/wp\/v2\/product\/188067","targetHints":{"allow":["GET"]}}],"collection":[{"href":"https:\/\/www.studiainitalia.com\/pt-br\/wp-json\/wp\/v2\/product"}],"about":[{"href":"https:\/\/www.studiainitalia.com\/pt-br\/wp-json\/wp\/v2\/types\/product"}],"replies":[{"embeddable":true,"href":"https:\/\/www.studiainitalia.com\/pt-br\/wp-json\/wp\/v2\/comments?post=188067"}],"wp:featuredmedia":[{"embeddable":true,"href":"https:\/\/www.studiainitalia.com\/pt-br\/wp-json\/wp\/v2\/media\/117454"}],"wp:attachment":[{"href":"https:\/\/www.studiainitalia.com\/pt-br\/wp-json\/wp\/v2\/media?parent=188067"}],"wp:term":[{"taxonomy":"section","embeddable":true,"href":"https:\/\/www.studiainitalia.com\/pt-br\/wp-json\/wp\/v2\/section?post=188067"},{"taxonomy":"product_brand","embeddable":true,"href":"https:\/\/www.studiainitalia.com\/pt-br\/wp-json\/wp\/v2\/product_brand?post=188067"},{"taxonomy":"product_cat","embeddable":true,"href":"https:\/\/www.studiainitalia.com\/pt-br\/wp-json\/wp\/v2\/product_cat?post=188067"},{"taxonomy":"product_tag","embeddable":true,"href":"https:\/\/www.studiainitalia.com\/pt-br\/wp-json\/wp\/v2\/product_tag?post=188067"}],"curies":[{"name":"wp","href":"https:\/\/api.w.org\/{rel}","templated":true}]}}