{"id":188088,"date":"2016-10-29T07:06:10","date_gmt":"2016-10-29T05:06:10","guid":{"rendered":"https:\/\/www.studiainitalia.com\/courses\/sem%20categoria\/italian-in-bologna\/"},"modified":"2026-03-25T09:59:40","modified_gmt":"2026-03-25T08:59:40","slug":"curso-de-italiano-em-bolonha","status":"publish","type":"product","link":"https:\/\/www.studiainitalia.com\/pt-br\/cursos\/cursos-de-italiano-em-italia\/curso-de-italiano-em-bolonha\/","title":{"rendered":"Curso de italiano em Bolonha"},"content":{"rendered":"<h3><\/h3>\n<h2><strong>Nossos cursos de italiano em Bolonha<\/strong><\/h2>\n<p>&nbsp;<\/p>\n<p>Os cursos de italiano em Bolonha come\u00e7am todas as segundas-feiras do ano e est\u00e3o dispon\u00edveis para todos os n\u00edveis, do iniciante ao avan\u00e7ado. S\u00e3o ideais tanto para quem busca um curso r\u00e1pido de italiano quanto para quem deseja um interc\u00e2mbio lingu\u00edstico de longa dura\u00e7\u00e3o na It\u00e1lia.<\/p>\n<p>A escola de italiano Cultura Italiana est\u00e1 localizada em um edif\u00edcio hist\u00f3rico no centro de Bolonha, muito perto das Duas Torres e da Piazza Maggiore \u2014 uma localiza\u00e7\u00e3o perfeita para aprender italiano com imers\u00e3o total.<\/p>\n<p>Fundada em 1981 e oficialmente reconhecida pelo Minist\u00e9rio da Educa\u00e7\u00e3o Italiano, a escola tem mais de 40 anos de experi\u00eancia no ensino de italiano para estrangeiros. Oferece um ambiente internacional onde s\u00f3 se fala italiano, dentro e fora da sala de aula.<\/p>\n<p>Os professores s\u00e3o falantes nativos altamente qualificados, especializados no ensino de italiano como l\u00edngua estrangeira. A escola utiliza uma abordagem comunicativa, garantindo que os alunos comecem a falar italiano desde o primeiro dia.<\/p>\n<h3><strong>Estrutura dos cursos<\/strong><\/h3>\n<p>&nbsp;<\/p>\n<ul>\n<li>4 aulas de italiano por dia, de segunda a sexta-feira<\/li>\n<li>10 horas semanais de <strong>atividades culturais em italiano<\/strong> (semin\u00e1rios, workshops, visitas e interc\u00e2mbios lingu\u00edsticos)<\/li>\n<li>Grupos pequenos, com 6 a 12 alunos<\/li>\n<li>Aulas no per\u00edodo da manh\u00e3 ou da tarde, conforme o n\u00edvel<\/li>\n<li>Dura\u00e7\u00e3o flex\u00edvel: de 1 a 48 semanas<\/li>\n<\/ul>\n<p>As aulas s\u00e3o divididas em duas partes:<\/p>\n<ul>\n<li>Foco em gram\u00e1tica e vocabul\u00e1rio italiano<\/li>\n<li>Desenvolvimento da express\u00e3o oral e da comunica\u00e7\u00e3o<\/li>\n<\/ul>\n<p>Esse m\u00e9todo comunicativo garante que voc\u00ea comece a falar italiano desde o primeiro dia. Na escola, apenas o italiano \u00e9 utilizado, favorecendo uma imers\u00e3o lingu\u00edstica completa.<\/p>\n<p>No primeiro dia de aula, \u00e9 realizado um teste de n\u00edvel oral e escrito para coloc\u00e1-lo no grupo adequado (a escola oferece 8 n\u00edveis ao longo do ano).<br \/>\nAo final do curso, voc\u00ea receber\u00e1 um certificado de participa\u00e7\u00e3o, indicando o n\u00edvel de italiano alcan\u00e7ado.<\/p>\n<h2>Datas de in\u00edcio do curso e detalhes<\/h2>\n<p>&nbsp;<\/p>\n<ul>\n<li><b>Dura\u00e7\u00e3o da aula<\/b>: 45 minutos<\/li>\n<li><b>N\u00famero m\u00e9dio de alunos por turma<\/b>: 9 alunos<\/li>\n<li><b>N\u00famero m\u00e1ximo de alunos por turma<\/b>: 12 alunos<\/li>\n<li><b>Hor\u00e1rio<\/b>: Manh\u00e3 ou tarde, dependendo do n\u00edvel atribu\u00eddo<\/li>\n<li><b>Materiais do curso<\/b>: Inclu\u00eddos (fotoc\u00f3pias e empr\u00e9stimo de livros did\u00e1ticos)<\/li>\n<li><b>Teste de n\u00edvel e certificado final<\/b>: Inclu\u00eddos<\/li>\n<li><b>Localiza\u00e7\u00e3o<\/b>: Via Castiglione 4 \u2013 Centro de Bolonha (edif\u00edcio hist\u00f3rico no cora\u00e7\u00e3o da cidade)<\/li>\n<li><b>Outros servi\u00e7os<\/b>: Acesso \u00e0 Internet, biblioteca, atividades sociais e transporte do aeroporto dispon\u00edvel<\/li>\n<\/ul>\n<table id=\"tablepress-95\" class=\"tablepress tablepress-id-95\">\n<thead>\n<tr class=\"row-1 odd\">\n<th class=\"column-1\" colspan=\"6\">Datas de in\u00edcio<\/th>\n<\/tr>\n<\/thead>\n<tbody class=\"row-hover\">\n<tr class=\"row-2 even\">\n<td class=\"column-1\">Janeiro<\/td>\n<td class=\"column-2\">cada segunda-feira<\/td>\n<td class=\"column-3\">Maio<\/td>\n<td class=\"column-4\">cada segunda-feira<\/td>\n<td class=\"column-5\">Setembro<\/td>\n<td class=\"column-6\">cada segunda-feira<\/td>\n<\/tr>\n<tr class=\"row-3 odd\">\n<td class=\"column-1\">Fevereiro<\/td>\n<td class=\"column-2\">cada segunda-feira<\/td>\n<td class=\"column-3\">Junho<\/td>\n<td class=\"column-4\">cada segunda-feira<\/td>\n<td class=\"column-5\">Outubro<\/td>\n<td class=\"column-6\">cada segunda-feira<\/td>\n<\/tr>\n<tr class=\"row-4 even\">\n<td class=\"column-1\">Mar\u00e7o<\/td>\n<td class=\"column-2\">cada segunda-feira<\/td>\n<td class=\"column-3\">Julho<\/td>\n<td class=\"column-4\">cada segunda-feira<\/td>\n<td class=\"column-5\">Novembro<\/td>\n<td class=\"column-6\">cada segunda-feira<\/td>\n<\/tr>\n<tr class=\"row-5 odd\">\n<td class=\"column-1\">Abril<\/td>\n<td class=\"column-2\">cada segunda-feira<\/td>\n<td class=\"column-3\">Agosto<\/td>\n<td class=\"column-4\">cada segunda-feira<\/td>\n<td class=\"column-5\">Dezembro<\/td>\n<td class=\"column-6\">cada segunda-feira<\/td>\n<\/tr>\n<tr class=\"row-6 even\">\n<td class=\"column-1\" colspan=\"6\">A escola ser\u00e1 fechada nos seguintes feriados nacionais: 06\/01, segunda-feira de P\u00e1scoa, 25\/04, 01\/05, 02\/06, 15\/08, 01\/11, 8\/12, e durante os feriados locais e f\u00e9rias de Natal.<\/td>\n<\/tr>\n<\/tbody>\n<\/table>\n<h3><\/h3>\n<h3><strong>Atividades e vida cultural em Bolonha<\/strong><\/h3>\n<div class=\"aiosrs-rating-wrap\" data-schema-id=\"90691\">\n<div class=\"aiosrs-star-rating-wrap \"><\/div>\n<div class=\"aiosrs-rating-summary-wrap\">\n<p>Depois das aulas, a escola organiza diversas <strong>atividades culturais na It\u00e1lia<\/strong>, pensadas para ampliar o contato com a l\u00edngua e a cultura local:<\/p>\n<ul>\n<li>Semin\u00e1rios sobre cultura e costumes italianos<\/li>\n<li>Oficinas de culin\u00e1ria italiana e aulas de canto l\u00edrico<\/li>\n<li>Excurs\u00f5es para Ferrara, Modena e Parma<\/li>\n<li>Visitas guiadas ao centro hist\u00f3rico de Bolonha<\/li>\n<li>Eventos sociais e encontros semanais<\/li>\n<\/ul>\n<h2>Por que aprender italiano em Bolonha?<\/h2>\n<p>&nbsp;<\/p>\n<p>Viver em Bolonha \u00e9 mergulhar na cultura italiana, aproveitar caf\u00e9s, mercados, livrarias e festivais, e praticar italiano o tempo todo.<\/p>\n<\/div>\n<p><strong>Imers\u00e3o na l\u00edngua e na cultura de Bolonha<\/strong><\/p>\n<\/div>\n<p>Explorar Bolonha proporciona experi\u00eancias \u00fanicas que aprofundam o aprendizado da l\u00edngua italiana e o contato com a cultura da It\u00e1lia. A cidade \u00e9 um verdadeiro museu a c\u00e9u aberto, com:<\/p>\n<ul>\n<li>A Pinacoteca Nazionale, com uma rica cole\u00e7\u00e3o de arte italiana<\/li>\n<li>Mercados locais como o Mercato di Mezzo, ideais para aprender o italiano do cotidiano<\/li>\n<li>Pontos hist\u00f3ricos como a Bas\u00edlica de San Petronio, exemplo marcante da arquitetura g\u00f3tica<\/li>\n<\/ul>\n<p><strong>Contato com a popula\u00e7\u00e3o local e estudantes italianos<\/strong><\/p>\n<p>Interagir com os moradores \u00e9 uma das melhores formas de praticar italiano fora da sala de aula. As conversas com os habitantes de Bolonha ajudam os alunos a:<\/p>\n<ul>\n<li>Melhorar a flu\u00eancia, pron\u00fancia e compreens\u00e3o oral<\/li>\n<li>Conhecer o estilo de vida e os costumes italianos<\/li>\n<li>Criar conex\u00f5es em caf\u00e9s, universidades e eventos culturais<\/li>\n<\/ul>\n<p>A vida cultural ativa de Bolonha oferece oportunidades constantes para praticar o idioma por meio de:<\/p>\n<ul>\n<li>Festivais gastron\u00f4micos e culturais<\/li>\n<li>Oficinas de artes, m\u00fasica, cinema e culin\u00e1ria<\/li>\n<li>Eventos comunit\u00e1rios que re\u00fanem estudantes internacionais e falantes nativos<\/li>\n<\/ul>\n","protected":false},"excerpt":{"rendered":"<h2><strong>Aprenda italiano em Bolonha, a cidade universit\u00e1ria mais antiga da Europa<\/strong><\/h2>\n<p>Quer aprender italiano na It\u00e1lia em uma das cidades mais aut\u00eanticas e culturais do pa\u00eds?<\/p>\n<p>Bolonha espera por voc\u00ea com seu ambiente jovem, sua gastronomia renomada e uma vida universit\u00e1ria intensa, ideal para praticar italiano no dia a dia durante um interc\u00e2mbio de italiano.<\/p>\n<p>Com \u00a0Studiainitalia, especialista em curso de italiano na It\u00e1lia, voc\u00ea pode estudar italiano em Bolonha em uma escola de italiano credenciada, com professores nativos, turmas reduzidas e uma imers\u00e3o total na l\u00edngua e na cultura italiana.<\/p>\n<p>Uma excelente op\u00e7\u00e3o para brasileiros que desejam fazer um curso de italiano na It\u00e1lia com qualidade e reconhecimento internacional.<\/p>\n<p>&nbsp;<\/p>\n<p>&nbsp;<\/p>\n","protected":false},"featured_media":122056,"comment_status":"open","ping_status":"closed","template":"","meta":{"_acf_changed":false,"_uag_custom_page_level_css":"","_kad_blocks_custom_css":"","_kad_blocks_head_custom_js":"","_kad_blocks_body_custom_js":"","_kad_blocks_footer_custom_js":"","site-sidebar-layout":"default","site-content-layout":"default","ast-site-content-layout":"default","site-content-style":"default","site-sidebar-style":"default","ast-global-header-display":"","ast-banner-title-visibility":"","ast-main-header-display":"","ast-hfb-above-header-display":"","ast-hfb-below-header-display":"","ast-hfb-mobile-header-display":"","site-post-title":"","ast-breadcrumbs-content":"","ast-featured-img":"","footer-sml-layout":"","ast-disable-related-posts":"","theme-transparent-header-meta":"default","adv-header-id-meta":"","stick-header-meta":"default","header-above-stick-meta":"","header-main-stick-meta":"","header-below-stick-meta":"","astra-migrate-meta-layouts":"set","ast-page-background-enabled":"default","ast-page-background-meta":{"desktop":{"background-color":"var(--ast-global-color-4)","background-image":"","background-repeat":"repeat","background-position":"center center","background-size":"auto","background-attachment":"scroll","background-type":"","background-media":"","overlay-type":"","overlay-color":"","overlay-opacity":"","overlay-gradient":""},"tablet":{"background-color":"","background-image":"","background-repeat":"repeat","background-position":"center center","background-size":"auto","background-attachment":"scroll","background-type":"","background-media":"","overlay-type":"","overlay-color":"","overlay-opacity":"","overlay-gradient":""},"mobile":{"background-color":"","background-image":"","background-repeat":"repeat","background-position":"center center","background-size":"auto","background-attachment":"scroll","background-type":"","background-media":"","overlay-type":"","overlay-color":"","overlay-opacity":"","overlay-gradient":""}},"ast-content-background-meta":{"desktop":{"background-color":"var(--ast-global-color-5)","background-image":"","background-repeat":"repeat","background-position":"center center","background-size":"auto","background-attachment":"scroll","background-type":"","background-media":"","overlay-type":"","overlay-color":"","overlay-opacity":"","overlay-gradient":""},"tablet":{"background-color":"var(--ast-global-color-5)","background-image":"","background-repeat":"repeat","background-position":"center center","background-size":"auto","background-attachment":"scroll","background-type":"","background-media":"","overlay-type":"","overlay-color":"","overlay-opacity":"","overlay-gradient":""},"mobile":{"background-color":"var(--ast-global-color-5)","background-image":"","background-repeat":"repeat","background-position":"center center","background-size":"auto","background-attachment":"scroll","background-type":"","background-media":"","overlay-type":"","overlay-color":"","overlay-opacity":"","overlay-gradient":""}}},"section":[2027],"product_brand":[],"product_cat":[1267,1271],"product_tag":[2017,1848],"class_list":{"0":"post-188088","1":"product","2":"type-product","3":"status-publish","4":"has-post-thumbnail","6":"section-north","7":"product_cat-cursos-de-italiano-em-italia","8":"product_cat-cursos-em-bolonha","9":"product_tag-bolo","10":"product_tag-cursos-italiano","11":"desktop-align-left","12":"tablet-align-left","13":"mobile-align-left","14":"ast-product-gallery-layout-horizontal-slider","15":"ast-product-single-variable","16":"ast-product-tabs-layout-horizontal","17":"ast-qv-on-image-click","19":"first","20":"instock","21":"sold-individually","22":"shipping-taxable","23":"purchasable","24":"product-type-variable","25":"has-default-attributes"},"acf":[],"taxonomy_info":{"section":[{"value":2027,"label":"North"}],"product_cat":[{"value":1267,"label":"Cursos de italiano em It\u00e1lia"},{"value":1271,"label":"Cursos em Bolonha"}],"product_tag":[{"value":2017,"label":"bolo"},{"value":1848,"label":"Cursos Italiano"}]},"featured_image_src_large":["https:\/\/www.studiainitalia.com\/wp-content\/uploads\/2016\/10\/italian-in-bologna-1-1024x1024.jpg","1024","1024",true],"author_info":[],"comment_info":19,"uagb_featured_image_src":{"full":["https:\/\/www.studiainitalia.com\/wp-content\/uploads\/2016\/10\/italian-in-bologna-1-e1495232970528.jpg",750,750,false],"thumbnail":["https:\/\/www.studiainitalia.com\/wp-content\/uploads\/2016\/10\/italian-in-bologna-1-150x150.jpg",96,96,true],"medium":["https:\/\/www.studiainitalia.com\/wp-content\/uploads\/2016\/10\/italian-in-bologna-1-300x300.jpg","300","300",true],"medium_large":["https:\/\/www.studiainitalia.com\/wp-content\/uploads\/2016\/10\/italian-in-bologna-1-768x768.jpg",768,768,true],"large":["https:\/\/www.studiainitalia.com\/wp-content\/uploads\/2016\/10\/italian-in-bologna-1-1024x1024.jpg","1024","1024",true],"1536x1536":["https:\/\/www.studiainitalia.com\/wp-content\/uploads\/2016\/10\/italian-in-bologna-1-e1495232970528.jpg",750,750,false],"2048x2048":["https:\/\/www.studiainitalia.com\/wp-content\/uploads\/2016\/10\/italian-in-bologna-1-e1495232970528.jpg",750,750,false],"ultp_layout_landscape_large":["https:\/\/www.studiainitalia.com\/wp-content\/uploads\/2016\/10\/italian-in-bologna-1-e1495232970528.jpg",750,750,false],"ultp_layout_landscape":["https:\/\/www.studiainitalia.com\/wp-content\/uploads\/2016\/10\/italian-in-bologna-1-e1495232970528.jpg",570,570,false],"ultp_layout_portrait":["https:\/\/www.studiainitalia.com\/wp-content\/uploads\/2016\/10\/italian-in-bologna-1-e1495232970528.jpg",600,600,false],"ultp_layout_square":["https:\/\/www.studiainitalia.com\/wp-content\/uploads\/2016\/10\/italian-in-bologna-1-e1495232970528.jpg",600,600,false],"gform-image-choice-sm":["https:\/\/www.studiainitalia.com\/wp-content\/uploads\/2016\/10\/italian-in-bologna-1-e1495232970528.jpg",300,300,false],"gform-image-choice-md":["https:\/\/www.studiainitalia.com\/wp-content\/uploads\/2016\/10\/italian-in-bologna-1-e1495232970528.jpg",400,400,false],"gform-image-choice-lg":["https:\/\/www.studiainitalia.com\/wp-content\/uploads\/2016\/10\/italian-in-bologna-1-e1495232970528.jpg",600,600,false],"woocommerce_thumbnail":["https:\/\/www.studiainitalia.com\/wp-content\/uploads\/2016\/10\/italian-in-bologna-1-e1495232970528-300x300.jpg",300,300,true],"woocommerce_single":["https:\/\/www.studiainitalia.com\/wp-content\/uploads\/2016\/10\/italian-in-bologna-1-e1495232970528-400x400.jpg",400,400,true],"woocommerce_gallery_thumbnail":["https:\/\/www.studiainitalia.com\/wp-content\/uploads\/2016\/10\/italian-in-bologna-1-e1495232970528-100x100.jpg",100,100,true],"yarpp-thumbnail":["https:\/\/www.studiainitalia.com\/wp-content\/uploads\/2016\/10\/italian-in-bologna-1-e1495232970528.jpg",120,120,false]},"uagb_author_info":{"display_name":"Javier Diaz","author_link":"https:\/\/www.studiainitalia.com\/pt-br\/author\/"},"uagb_comment_info":19,"uagb_excerpt":"Aprenda italiano em Bolonha, a cidade universit\u00e1ria mais antiga da Europa Quer aprender italiano na It\u00e1lia em uma das cidades mais aut\u00eanticas e culturais do pa\u00eds? Bolonha espera por voc\u00ea com seu ambiente jovem, sua gastronomia renomada e uma vida universit\u00e1ria intensa, ideal para praticar italiano no dia a dia durante um interc\u00e2mbio de italiano.&hellip;","_links":{"self":[{"href":"https:\/\/www.studiainitalia.com\/pt-br\/wp-json\/wp\/v2\/product\/188088","targetHints":{"allow":["GET"]}}],"collection":[{"href":"https:\/\/www.studiainitalia.com\/pt-br\/wp-json\/wp\/v2\/product"}],"about":[{"href":"https:\/\/www.studiainitalia.com\/pt-br\/wp-json\/wp\/v2\/types\/product"}],"replies":[{"embeddable":true,"href":"https:\/\/www.studiainitalia.com\/pt-br\/wp-json\/wp\/v2\/comments?post=188088"}],"wp:featuredmedia":[{"embeddable":true,"href":"https:\/\/www.studiainitalia.com\/pt-br\/wp-json\/wp\/v2\/media\/122056"}],"wp:attachment":[{"href":"https:\/\/www.studiainitalia.com\/pt-br\/wp-json\/wp\/v2\/media?parent=188088"}],"wp:term":[{"taxonomy":"section","embeddable":true,"href":"https:\/\/www.studiainitalia.com\/pt-br\/wp-json\/wp\/v2\/section?post=188088"},{"taxonomy":"product_brand","embeddable":true,"href":"https:\/\/www.studiainitalia.com\/pt-br\/wp-json\/wp\/v2\/product_brand?post=188088"},{"taxonomy":"product_cat","embeddable":true,"href":"https:\/\/www.studiainitalia.com\/pt-br\/wp-json\/wp\/v2\/product_cat?post=188088"},{"taxonomy":"product_tag","embeddable":true,"href":"https:\/\/www.studiainitalia.com\/pt-br\/wp-json\/wp\/v2\/product_tag?post=188088"}],"curies":[{"name":"wp","href":"https:\/\/api.w.org\/{rel}","templated":true}]}}