{"id":188122,"date":"2016-10-31T13:16:54","date_gmt":"2016-10-31T12:16:54","guid":{"rendered":"https:\/\/www.studiainitalia.com\/courses\/sem%20categoria\/italiano-cookery-in-bologna\/"},"modified":"2025-12-19T23:54:45","modified_gmt":"2025-12-19T22:54:45","slug":"curso-de-culinaria-em-bolonha","status":"publish","type":"product","link":"https:\/\/www.studiainitalia.com\/pt-br\/cursos\/cursos-em-bolonha\/curso-de-culinaria-em-bolonha\/","title":{"rendered":"Curso de culin\u00e1ria em Bolonha"},"content":{"rendered":"<h2>Curso de culin\u00e1ria<\/h2>\n<p>&nbsp;<\/p>\n<p>A escola de culin\u00e1ria italiana em Bolonha est\u00e1 localizada em um antigo edif\u00edcio. Est\u00e1 localizada no centro hist\u00f3rico, a apenas alguns passos da Piazza Maggiore. A escola \u2013 fundada em 1980 e reconhecida pelo Minist\u00e9rio da Educa\u00e7\u00e3o italiano \u2013 oferece cursos de culin\u00e1ria para amadores, semi-profissionais e profissionais.<\/p>\n<p>&nbsp;<\/p>\n<p>Tamb\u00e9m pode organizar cursos para vegetarianos, culin\u00e1ria sem gl\u00faten e outras dietas espec\u00edficas.<\/p>\n<p>Os professores s\u00e3o chefs profissionais com uma paix\u00e3o pela cozinha e pelo ensino. Eles combinam o profissionalismo do chefe de cozinha com a habilidade do professor.<\/p>\n<p>&nbsp;<\/p>\n<table id=\"tablepress-122\" class=\"tablepress tablepress-id-122\">\n<thead>\n<tr class=\"row-1 odd\">\n<th class=\"column-1\" colspan=\"6\">Datas<\/th>\n<\/tr>\n<\/thead>\n<tbody class=\"row-hover\">\n<tr class=\"row-2 even\">\n<td class=\"column-1\">Janeiro<\/td>\n<td class=\"column-2\">cada segunda-feira<\/td>\n<td class=\"column-3\">Maio<\/td>\n<td class=\"column-4\">cada segunda-feira<\/td>\n<td class=\"column-5\">Setembro<\/td>\n<td class=\"column-6\">cada segunda-feira<\/td>\n<\/tr>\n<tr class=\"row-3 odd\">\n<td class=\"column-1\">Fevereiro<\/td>\n<td class=\"column-2\">cada segunda-feira<\/td>\n<td class=\"column-3\">Junho<\/td>\n<td class=\"column-4\">cada segunda-feira<\/td>\n<td class=\"column-5\">Outubro<\/td>\n<td class=\"column-6\">cada segunda-feira<\/td>\n<\/tr>\n<tr class=\"row-4 even\">\n<td class=\"column-1\">Mar\u00e7o<\/td>\n<td class=\"column-2\">cada segunda-feira<\/td>\n<td class=\"column-3\">Julho<\/td>\n<td class=\"column-4\">cada segunda-feira<\/td>\n<td class=\"column-5\">Novembro<\/td>\n<td class=\"column-6\">cada segunda-feira<\/td>\n<\/tr>\n<tr class=\"row-5 odd\">\n<td class=\"column-1\">Abril<\/td>\n<td class=\"column-2\">cada segunda-feira<\/td>\n<td class=\"column-3\">Agosto<\/td>\n<td class=\"column-4\">cada segunda-feira<\/td>\n<td class=\"column-5\">Dezembro<\/td>\n<td class=\"column-6\">cada segunda-feira<\/td>\n<\/tr>\n<tr class=\"row-6 even\">\n<td class=\"column-1\" colspan=\"6\">A escola ser\u00e1 fechada nos seguintes feriados nacionais: 06\/01, segunda-feira de P\u00e1scoa, 25\/04, 01\/05, 02\/06, 15\/08, 01\/11, 8\/12, e durante os feriados locais e f\u00e9rias de Natal.<\/td>\n<\/tr>\n<\/tbody>\n<\/table>\n<p>&nbsp;<\/p>\n<div class=\"aiosrs-rating-wrap\" data-schema-id=\"90691\">\n<div class=\"aiosrs-star-rating-wrap \"><\/div>\n<div class=\"aiosrs-rating-summary-wrap\"><\/div>\n<\/div>\n<p>&nbsp;<\/p>\n","protected":false},"excerpt":{"rendered":"<h2>Voc\u00ea sabia que Bolonha \u00e9 a capital da comida italiana? <em>Tortellini, lasagne, parmes\u00e3o, mortadella<\/em>\u00a0\u2026. todos v\u00eam de Bolonha!<\/h2>\n<p>&nbsp;<\/p>\n<p>Os cursos de culin\u00e1ria em Bolonha s\u00e3o destinados tanto a estudantes amadores quanto profissionais.<\/p>\n<p>H\u00e1 2 aulas por semana e cada aula dura 3 horas e ter lugar de tarde.<\/p>\n<p>Em cada classe \u00e9 preparado um menu completo com ingredientes sazonais.<\/p>\n<p>Estes cursos est\u00e3o dispon\u00edveis para grupos de no m\u00ednimo 6-15 alunos. Tamb\u00e9m \u00e9 poss\u00edvel personalizar a dura\u00e7\u00e3o do curso ou combinar os cursos de culin\u00e1ria em Bolonha com um curso de l\u00edngua italiana.<\/p>\n","protected":false},"featured_media":122623,"comment_status":"open","ping_status":"closed","template":"","meta":{"_acf_changed":false,"_uag_custom_page_level_css":"","_kad_blocks_custom_css":"","_kad_blocks_head_custom_js":"","_kad_blocks_body_custom_js":"","_kad_blocks_footer_custom_js":"","site-sidebar-layout":"default","site-content-layout":"default","ast-site-content-layout":"default","site-content-style":"default","site-sidebar-style":"default","ast-global-header-display":"","ast-banner-title-visibility":"","ast-main-header-display":"","ast-hfb-above-header-display":"","ast-hfb-below-header-display":"","ast-hfb-mobile-header-display":"","site-post-title":"","ast-breadcrumbs-content":"","ast-featured-img":"","footer-sml-layout":"","ast-disable-related-posts":"","theme-transparent-header-meta":"default","adv-header-id-meta":"","stick-header-meta":"default","header-above-stick-meta":"","header-main-stick-meta":"","header-below-stick-meta":"","astra-migrate-meta-layouts":"set","ast-page-background-enabled":"default","ast-page-background-meta":{"desktop":{"background-color":"var(--ast-global-color-4)","background-image":"","background-repeat":"repeat","background-position":"center center","background-size":"auto","background-attachment":"scroll","background-type":"","background-media":"","overlay-type":"","overlay-color":"","overlay-opacity":"","overlay-gradient":""},"tablet":{"background-color":"","background-image":"","background-repeat":"repeat","background-position":"center center","background-size":"auto","background-attachment":"scroll","background-type":"","background-media":"","overlay-type":"","overlay-color":"","overlay-opacity":"","overlay-gradient":""},"mobile":{"background-color":"","background-image":"","background-repeat":"repeat","background-position":"center center","background-size":"auto","background-attachment":"scroll","background-type":"","background-media":"","overlay-type":"","overlay-color":"","overlay-opacity":"","overlay-gradient":""}},"ast-content-background-meta":{"desktop":{"background-color":"var(--ast-global-color-5)","background-image":"","background-repeat":"repeat","background-position":"center center","background-size":"auto","background-attachment":"scroll","background-type":"","background-media":"","overlay-type":"","overlay-color":"","overlay-opacity":"","overlay-gradient":""},"tablet":{"background-color":"var(--ast-global-color-5)","background-image":"","background-repeat":"repeat","background-position":"center center","background-size":"auto","background-attachment":"scroll","background-type":"","background-media":"","overlay-type":"","overlay-color":"","overlay-opacity":"","overlay-gradient":""},"mobile":{"background-color":"var(--ast-global-color-5)","background-image":"","background-repeat":"repeat","background-position":"center center","background-size":"auto","background-attachment":"scroll","background-type":"","background-media":"","overlay-type":"","overlay-color":"","overlay-opacity":"","overlay-gradient":""}}},"section":[],"product_brand":[],"product_cat":[1274,1271],"product_tag":[1873],"class_list":{"0":"post-188122","1":"product","2":"type-product","3":"status-publish","4":"has-post-thumbnail","6":"product_cat-cursos-de-culinaria-em-italia","7":"product_cat-cursos-em-bolonha","8":"product_tag-cursos-de-culinaria","9":"desktop-align-left","10":"tablet-align-left","11":"mobile-align-left","12":"ast-product-gallery-layout-horizontal-slider","13":"ast-product-single-variable","14":"ast-product-tabs-layout-horizontal","15":"ast-qv-on-image-click","17":"first","18":"instock","19":"sold-individually","20":"shipping-taxable","21":"purchasable","22":"product-type-variable","23":"has-default-attributes"},"acf":[],"taxonomy_info":{"product_cat":[{"value":1274,"label":"Cursos de culin\u00e1ria em It\u00e1lia"},{"value":1271,"label":"Cursos em Bolonha"}],"product_tag":[{"value":1873,"label":"Cursos de culin\u00e1ria"}]},"featured_image_src_large":["https:\/\/www.studiainitalia.com\/wp-content\/uploads\/2016\/10\/cooking-in-bologna-1024x1024.jpg",1024,1024,true],"author_info":[],"comment_info":7,"uagb_featured_image_src":{"full":["https:\/\/www.studiainitalia.com\/wp-content\/uploads\/2016\/10\/cooking-in-bologna.jpg",1600,1600,false],"thumbnail":["https:\/\/www.studiainitalia.com\/wp-content\/uploads\/2016\/10\/cooking-in-bologna-150x150.jpg",96,96,true],"medium":["https:\/\/www.studiainitalia.com\/wp-content\/uploads\/2016\/10\/cooking-in-bologna-300x300.jpg",300,300,true],"medium_large":["https:\/\/www.studiainitalia.com\/wp-content\/uploads\/2016\/10\/cooking-in-bologna-768x768.jpg",768,768,true],"large":["https:\/\/www.studiainitalia.com\/wp-content\/uploads\/2016\/10\/cooking-in-bologna-1024x1024.jpg",1024,1024,true],"1536x1536":["https:\/\/www.studiainitalia.com\/wp-content\/uploads\/2016\/10\/cooking-in-bologna.jpg",1536,1536,false],"2048x2048":["https:\/\/www.studiainitalia.com\/wp-content\/uploads\/2016\/10\/cooking-in-bologna.jpg",1600,1600,false],"ultp_layout_landscape_large":["https:\/\/www.studiainitalia.com\/wp-content\/uploads\/2016\/10\/cooking-in-bologna.jpg",800,800,false],"ultp_layout_landscape":["https:\/\/www.studiainitalia.com\/wp-content\/uploads\/2016\/10\/cooking-in-bologna.jpg",570,570,false],"ultp_layout_portrait":["https:\/\/www.studiainitalia.com\/wp-content\/uploads\/2016\/10\/cooking-in-bologna.jpg",600,600,false],"ultp_layout_square":["https:\/\/www.studiainitalia.com\/wp-content\/uploads\/2016\/10\/cooking-in-bologna.jpg",600,600,false],"gform-image-choice-sm":["https:\/\/www.studiainitalia.com\/wp-content\/uploads\/2016\/10\/cooking-in-bologna.jpg",300,300,false],"gform-image-choice-md":["https:\/\/www.studiainitalia.com\/wp-content\/uploads\/2016\/10\/cooking-in-bologna.jpg",400,400,false],"gform-image-choice-lg":["https:\/\/www.studiainitalia.com\/wp-content\/uploads\/2016\/10\/cooking-in-bologna.jpg",600,600,false],"woocommerce_thumbnail":["https:\/\/www.studiainitalia.com\/wp-content\/uploads\/2016\/10\/cooking-in-bologna-300x300.jpg",300,300,true],"woocommerce_single":["https:\/\/www.studiainitalia.com\/wp-content\/uploads\/2016\/10\/cooking-in-bologna-400x400.jpg",400,400,true],"woocommerce_gallery_thumbnail":["https:\/\/www.studiainitalia.com\/wp-content\/uploads\/2016\/10\/cooking-in-bologna-100x100.jpg",100,100,true],"yarpp-thumbnail":["https:\/\/www.studiainitalia.com\/wp-content\/uploads\/2016\/10\/cooking-in-bologna.jpg",120,120,false]},"uagb_author_info":{"display_name":"Javier Diaz","author_link":"https:\/\/www.studiainitalia.com\/pt-br\/author\/"},"uagb_comment_info":7,"uagb_excerpt":"Voc\u00ea sabia que Bolonha \u00e9 a capital da comida italiana? Tortellini, lasagne, parmes\u00e3o, mortadella\u00a0\u2026. todos v\u00eam de Bolonha! &nbsp; Os cursos de culin\u00e1ria em Bolonha s\u00e3o destinados tanto a estudantes amadores quanto profissionais. H\u00e1 2 aulas por semana e cada aula dura 3 horas e ter lugar de tarde. Em cada classe \u00e9 preparado um&hellip;","_links":{"self":[{"href":"https:\/\/www.studiainitalia.com\/pt-br\/wp-json\/wp\/v2\/product\/188122","targetHints":{"allow":["GET"]}}],"collection":[{"href":"https:\/\/www.studiainitalia.com\/pt-br\/wp-json\/wp\/v2\/product"}],"about":[{"href":"https:\/\/www.studiainitalia.com\/pt-br\/wp-json\/wp\/v2\/types\/product"}],"replies":[{"embeddable":true,"href":"https:\/\/www.studiainitalia.com\/pt-br\/wp-json\/wp\/v2\/comments?post=188122"}],"wp:featuredmedia":[{"embeddable":true,"href":"https:\/\/www.studiainitalia.com\/pt-br\/wp-json\/wp\/v2\/media\/122623"}],"wp:attachment":[{"href":"https:\/\/www.studiainitalia.com\/pt-br\/wp-json\/wp\/v2\/media?parent=188122"}],"wp:term":[{"taxonomy":"section","embeddable":true,"href":"https:\/\/www.studiainitalia.com\/pt-br\/wp-json\/wp\/v2\/section?post=188122"},{"taxonomy":"product_brand","embeddable":true,"href":"https:\/\/www.studiainitalia.com\/pt-br\/wp-json\/wp\/v2\/product_brand?post=188122"},{"taxonomy":"product_cat","embeddable":true,"href":"https:\/\/www.studiainitalia.com\/pt-br\/wp-json\/wp\/v2\/product_cat?post=188122"},{"taxonomy":"product_tag","embeddable":true,"href":"https:\/\/www.studiainitalia.com\/pt-br\/wp-json\/wp\/v2\/product_tag?post=188122"}],"curies":[{"name":"wp","href":"https:\/\/api.w.org\/{rel}","templated":true}]}}