{"id":188166,"date":"2016-11-06T19:15:02","date_gmt":"2016-11-06T18:15:02","guid":{"rendered":"https:\/\/www.studiainitalia.com\/courses\/sem%20categoria\/italian-in-assisi\/"},"modified":"2026-04-12T14:49:27","modified_gmt":"2026-04-12T12:49:27","slug":"curso-de-italiano-em-assis","status":"publish","type":"product","link":"https:\/\/www.studiainitalia.com\/pt-br\/cursos\/cursos-de-italiano-em-italia\/curso-de-italiano-em-assis\/","title":{"rendered":"Curso de italiano em Assis"},"content":{"rendered":"<h2><strong>Italiano em Assis<\/strong><\/h2>\n<p>&nbsp;<\/p>\n<p>A\u00a0<strong>Accademia Lingua Italiana<\/strong>\u00a0abriu em 1993, \u00e9 reconhecida pelo Minist\u00e9rio da Educa\u00e7\u00e3o Italiano (MIUR) e \u00e9 dirigida pelo Prof. Angelo Chiuchi\u00f9. A escola emite cr\u00e9ditos universit\u00e1rios e \u00e9 um centro de certifica\u00e7\u00e3o para PLIDA, Roma Tre e CILS.<\/p>\n<p>&nbsp;<\/p>\n<p>Nossos cursos de italiano em Assis atraem uma mistura ecl\u00e9tica de alunos. Voc\u00ea pode encontrar alunos universit\u00e1rios e do col\u00e9gio.<\/p>\n<p>Muitos de nossos alunos s\u00e3o m\u00fasicos e cantores. \u00c0 Accademia pode adaptar os cursos na base das necessidades dos alunos: grupos pequenos, cursos personalizados e flexibilidade s\u00e3o nossos pontos fortes. A localiza\u00e7\u00e3o \u00e9 em uma das \u00e1reas mais bonitas da It\u00e1lia.<\/p>\n<p>&nbsp;<\/p>\n<p>A escola organiza cursos de italiano semi-intensivos, intensivos e superintensivos. Al\u00e9m do curso de idiomas, voc\u00ea pode assistir a aulas de arqueologia, cinema e literatura.<\/p>\n<p>&nbsp;<\/p>\n<table id=\"tablepress-111\" class=\"tablepress tablepress-id-111\">\n<thead>\n<tr class=\"row-1 odd\">\n<th class=\"column-1\" colspan=\"6\">Datas de in\u00edcio 2026<\/th>\n<\/tr>\n<\/thead>\n<tbody class=\"row-hover\">\n<tr class=\"row-2 even\">\n<td class=\"column-1\">Janeiro<\/td>\n<td class=\"column-2\"><\/td>\n<td class=\"column-3\">Maio<\/td>\n<td class=\"column-4\">18<\/td>\n<td class=\"column-5\">Setembro<\/td>\n<td class=\"column-6\">14<\/td>\n<\/tr>\n<tr class=\"row-3 odd\">\n<td class=\"column-1\">Fevereiro<\/td>\n<td class=\"column-2\"><\/td>\n<td class=\"column-3\">Junho<\/td>\n<td class=\"column-4\">29<\/td>\n<td class=\"column-5\">Outubro<\/td>\n<td class=\"column-6\">12<\/td>\n<\/tr>\n<tr class=\"row-4 even\">\n<td class=\"column-1\">Mar\u00e7o<\/td>\n<td class=\"column-2\">2<\/td>\n<td class=\"column-3\">Julho<\/td>\n<td class=\"column-4\">13<\/td>\n<td class=\"column-5\">Novembro<\/td>\n<td class=\"column-6\">2, 30<\/td>\n<\/tr>\n<tr class=\"row-5 odd\">\n<td class=\"column-1\">Abril<\/td>\n<td class=\"column-2\">13<\/td>\n<td class=\"column-3\">Agosto<\/td>\n<td class=\"column-4\">24<\/td>\n<td class=\"column-5\">Dezembro<\/td>\n<td class=\"column-6\"><\/td>\n<\/tr>\n<tr class=\"row-6 even\">\n<td class=\"column-1\" colspan=\"6\">A escola ser\u00e1 fechada nos seguintes feriados nacionais: 06\/01, segunda-feira de P\u00e1scoa, 25\/04, 01\/05, 02\/06, 15\/08, 01\/11, 8\/12, e durante os feriados locais e f\u00e9rias de Natal.<\/td>\n<\/tr>\n<\/tbody>\n<\/table>\n<div class=\"aiosrs-rating-wrap\" data-schema-id=\"90691\">\n<div class=\"aiosrs-star-rating-wrap \"><\/div>\n<div class=\"aiosrs-rating-summary-wrap\"><\/div>\n<\/div>\n","protected":false},"excerpt":{"rendered":"<p><strong>Assis \u00e9 o primeiro destino dos peregrinos que desejam conhecer os lugares de S\u00e3o Francisco. Neste pequeno centro localizado nas encostas do Monte Sub\u00e1sio tudo parece se referir ao Santo. Assis e seu territ\u00f3rio s\u00e3o Patrim\u00f4nio da Humanidade UNESCO desde 2000. <\/strong><\/p>\n<p><strong>Assis \u00e9 um exemplo \u00fanico de hist\u00f3ria cont\u00ednua como cidade-santu\u00e1rio, desde suas origens romanas passando pela Idade M\u00e9dia e at\u00e9 os dias de hoje. A regi\u00e3o da Umbria \u00e9 conhecida como o cora\u00e7\u00e3o verde da It\u00e1lia.<\/strong><\/p>\n<ul>\n<li>Os cursos intensivos de italiano consistem em quatro aulas de italiano por dia, de segunda a quinta-feira.<\/li>\n<\/ul>\n<ul>\n<li>Os cursos est\u00e3o dispon\u00edveis para todos os n\u00edveis e por qualquer per\u00edodo de tempo.<\/li>\n<\/ul>\n<ul>\n<li>Os grupos s\u00e3o pequenos, de 6 a 12 alunos.<\/li>\n<\/ul>\n<ul>\n<li>Todas as tardes os alunos t\u00eam acesso a sala de m\u00fasica, a biblioteca, e nossos professores e diretores de curso est\u00e3o sempre dispon\u00edveis.<\/li>\n<\/ul>\n","protected":false},"featured_media":197726,"comment_status":"open","ping_status":"closed","template":"","meta":{"_acf_changed":false,"_uag_custom_page_level_css":"","_kad_blocks_custom_css":"","_kad_blocks_head_custom_js":"","_kad_blocks_body_custom_js":"","_kad_blocks_footer_custom_js":"","site-sidebar-layout":"default","site-content-layout":"default","ast-site-content-layout":"default","site-content-style":"default","site-sidebar-style":"default","ast-global-header-display":"","ast-banner-title-visibility":"","ast-main-header-display":"","ast-hfb-above-header-display":"","ast-hfb-below-header-display":"","ast-hfb-mobile-header-display":"","site-post-title":"","ast-breadcrumbs-content":"","ast-featured-img":"","footer-sml-layout":"","ast-disable-related-posts":"","theme-transparent-header-meta":"default","adv-header-id-meta":"","stick-header-meta":"default","header-above-stick-meta":"","header-main-stick-meta":"","header-below-stick-meta":"","astra-migrate-meta-layouts":"set","ast-page-background-enabled":"default","ast-page-background-meta":{"desktop":{"background-color":"var(--ast-global-color-4)","background-image":"","background-repeat":"repeat","background-position":"center center","background-size":"auto","background-attachment":"scroll","background-type":"","background-media":"","overlay-type":"","overlay-color":"","overlay-opacity":"","overlay-gradient":""},"tablet":{"background-color":"","background-image":"","background-repeat":"repeat","background-position":"center center","background-size":"auto","background-attachment":"scroll","background-type":"","background-media":"","overlay-type":"","overlay-color":"","overlay-opacity":"","overlay-gradient":""},"mobile":{"background-color":"","background-image":"","background-repeat":"repeat","background-position":"center center","background-size":"auto","background-attachment":"scroll","background-type":"","background-media":"","overlay-type":"","overlay-color":"","overlay-opacity":"","overlay-gradient":""}},"ast-content-background-meta":{"desktop":{"background-color":"var(--ast-global-color-5)","background-image":"","background-repeat":"repeat","background-position":"center center","background-size":"auto","background-attachment":"scroll","background-type":"","background-media":"","overlay-type":"","overlay-color":"","overlay-opacity":"","overlay-gradient":""},"tablet":{"background-color":"var(--ast-global-color-5)","background-image":"","background-repeat":"repeat","background-position":"center center","background-size":"auto","background-attachment":"scroll","background-type":"","background-media":"","overlay-type":"","overlay-color":"","overlay-opacity":"","overlay-gradient":""},"mobile":{"background-color":"var(--ast-global-color-5)","background-image":"","background-repeat":"repeat","background-position":"center center","background-size":"auto","background-attachment":"scroll","background-type":"","background-media":"","overlay-type":"","overlay-color":"","overlay-opacity":"","overlay-gradient":""}}},"section":[2028],"product_brand":[],"product_cat":[1267,1282],"product_tag":[1848],"class_list":{"0":"post-188166","1":"product","2":"type-product","3":"status-publish","4":"has-post-thumbnail","6":"section-center","7":"product_cat-cursos-de-italiano-em-italia","8":"product_cat-cursos-em-assis","9":"product_tag-cursos-italiano","10":"desktop-align-left","11":"tablet-align-left","12":"mobile-align-left","13":"ast-product-gallery-layout-horizontal-slider","14":"ast-product-single-variable","15":"ast-product-tabs-layout-horizontal","16":"ast-qv-on-image-click","18":"first","19":"instock","20":"sold-individually","21":"shipping-taxable","22":"purchasable","23":"product-type-variable","24":"has-default-attributes"},"acf":[],"taxonomy_info":{"section":[{"value":2028,"label":"Center"}],"product_cat":[{"value":1267,"label":"Cursos de italiano em It\u00e1lia"},{"value":1282,"label":"Cursos em Assis"}],"product_tag":[{"value":1848,"label":"Cursos Italiano"}]},"featured_image_src_large":["https:\/\/www.studiainitalia.com\/wp-content\/uploads\/2016\/11\/chiudere-le-persone-che-imparano-insieme-scaled.jpg",2048,1366,false],"author_info":[],"comment_info":1,"uagb_featured_image_src":{"full":["https:\/\/www.studiainitalia.com\/wp-content\/uploads\/2016\/11\/chiudere-le-persone-che-imparano-insieme-scaled.jpg",2048,1366,false],"thumbnail":["https:\/\/www.studiainitalia.com\/wp-content\/uploads\/2016\/11\/chiudere-le-persone-che-imparano-insieme-scaled.jpg",128,85,false],"medium":["https:\/\/www.studiainitalia.com\/wp-content\/uploads\/2016\/11\/chiudere-le-persone-che-imparano-insieme-scaled.jpg",2048,1366,false],"medium_large":["https:\/\/www.studiainitalia.com\/wp-content\/uploads\/2016\/11\/chiudere-le-persone-che-imparano-insieme-768x512.jpg",768,512,true],"large":["https:\/\/www.studiainitalia.com\/wp-content\/uploads\/2016\/11\/chiudere-le-persone-che-imparano-insieme-scaled.jpg",2048,1366,false],"1536x1536":["https:\/\/www.studiainitalia.com\/wp-content\/uploads\/2016\/11\/chiudere-le-persone-che-imparano-insieme-1536x1025.jpg",1536,1025,true],"2048x2048":["https:\/\/www.studiainitalia.com\/wp-content\/uploads\/2016\/11\/chiudere-le-persone-che-imparano-insieme-2048x1366.jpg",2048,1366,true],"ultp_layout_landscape_large":["https:\/\/www.studiainitalia.com\/wp-content\/uploads\/2016\/11\/chiudere-le-persone-che-imparano-insieme-1200x800.jpg",1200,800,true],"ultp_layout_landscape":["https:\/\/www.studiainitalia.com\/wp-content\/uploads\/2016\/11\/chiudere-le-persone-che-imparano-insieme-870x570.jpg",870,570,true],"ultp_layout_portrait":["https:\/\/www.studiainitalia.com\/wp-content\/uploads\/2016\/11\/chiudere-le-persone-che-imparano-insieme-600x900.jpg",600,900,true],"ultp_layout_square":["https:\/\/www.studiainitalia.com\/wp-content\/uploads\/2016\/11\/chiudere-le-persone-che-imparano-insieme-600x600.jpg",600,600,true],"gform-image-choice-sm":["https:\/\/www.studiainitalia.com\/wp-content\/uploads\/2016\/11\/chiudere-le-persone-che-imparano-insieme-scaled.jpg",300,200,false],"gform-image-choice-md":["https:\/\/www.studiainitalia.com\/wp-content\/uploads\/2016\/11\/chiudere-le-persone-che-imparano-insieme-scaled.jpg",400,267,false],"gform-image-choice-lg":["https:\/\/www.studiainitalia.com\/wp-content\/uploads\/2016\/11\/chiudere-le-persone-che-imparano-insieme-scaled.jpg",600,400,false],"woocommerce_thumbnail":["https:\/\/www.studiainitalia.com\/wp-content\/uploads\/2016\/11\/chiudere-le-persone-che-imparano-insieme-300x300.jpg",300,300,true],"woocommerce_single":["https:\/\/www.studiainitalia.com\/wp-content\/uploads\/2016\/11\/chiudere-le-persone-che-imparano-insieme-400x267.jpg",400,267,true],"woocommerce_gallery_thumbnail":["https:\/\/www.studiainitalia.com\/wp-content\/uploads\/2016\/11\/chiudere-le-persone-che-imparano-insieme-100x100.jpg",100,100,true],"yarpp-thumbnail":["https:\/\/www.studiainitalia.com\/wp-content\/uploads\/2016\/11\/chiudere-le-persone-che-imparano-insieme-120x120.jpg",120,120,true]},"uagb_author_info":{"display_name":"Javier Diaz","author_link":"https:\/\/www.studiainitalia.com\/pt-br\/author\/"},"uagb_comment_info":1,"uagb_excerpt":"Assis \u00e9 o primeiro destino dos peregrinos que desejam conhecer os lugares de S\u00e3o Francisco. Neste pequeno centro localizado nas encostas do Monte Sub\u00e1sio tudo parece se referir ao Santo. Assis e seu territ\u00f3rio s\u00e3o Patrim\u00f4nio da Humanidade UNESCO desde 2000. Assis \u00e9 um exemplo \u00fanico de hist\u00f3ria cont\u00ednua como cidade-santu\u00e1rio, desde suas origens romanas&hellip;","_links":{"self":[{"href":"https:\/\/www.studiainitalia.com\/pt-br\/wp-json\/wp\/v2\/product\/188166","targetHints":{"allow":["GET"]}}],"collection":[{"href":"https:\/\/www.studiainitalia.com\/pt-br\/wp-json\/wp\/v2\/product"}],"about":[{"href":"https:\/\/www.studiainitalia.com\/pt-br\/wp-json\/wp\/v2\/types\/product"}],"replies":[{"embeddable":true,"href":"https:\/\/www.studiainitalia.com\/pt-br\/wp-json\/wp\/v2\/comments?post=188166"}],"wp:featuredmedia":[{"embeddable":true,"href":"https:\/\/www.studiainitalia.com\/pt-br\/wp-json\/wp\/v2\/media\/197726"}],"wp:attachment":[{"href":"https:\/\/www.studiainitalia.com\/pt-br\/wp-json\/wp\/v2\/media?parent=188166"}],"wp:term":[{"taxonomy":"section","embeddable":true,"href":"https:\/\/www.studiainitalia.com\/pt-br\/wp-json\/wp\/v2\/section?post=188166"},{"taxonomy":"product_brand","embeddable":true,"href":"https:\/\/www.studiainitalia.com\/pt-br\/wp-json\/wp\/v2\/product_brand?post=188166"},{"taxonomy":"product_cat","embeddable":true,"href":"https:\/\/www.studiainitalia.com\/pt-br\/wp-json\/wp\/v2\/product_cat?post=188166"},{"taxonomy":"product_tag","embeddable":true,"href":"https:\/\/www.studiainitalia.com\/pt-br\/wp-json\/wp\/v2\/product_tag?post=188166"}],"curies":[{"name":"wp","href":"https:\/\/api.w.org\/{rel}","templated":true}]}}