{"id":188169,"date":"2016-11-06T17:04:25","date_gmt":"2016-11-06T16:04:25","guid":{"rendered":"https:\/\/www.studiainitalia.com\/courses\/sem%20categoria\/italian-in-salerno\/"},"modified":"2026-03-25T10:28:29","modified_gmt":"2026-03-25T09:28:29","slug":"curso-de-italiano-em-salerno","status":"publish","type":"product","link":"https:\/\/www.studiainitalia.com\/pt-br\/cursos\/cursos-de-italiano-em-italia\/curso-de-italiano-em-salerno\/","title":{"rendered":"Curso de italiano em Salerno"},"content":{"rendered":"<h2><strong>Curso de italiano em Salerno<\/strong><\/h2>\n<p>O curso de italiano em Salerno \u00e9 ministrado na Accademia Italiana. A escola fica num pr\u00e9dio a poucos metros do centro hist\u00f3rico. A poucos minutos a p\u00e9, voc\u00ea encontra a praia da cidade.<\/p>\n<p>A escola, fundada em 1997, oferece uma ampla variedade de cursos de l\u00edngua e cultura italiana e \u00e9 reconhecida pelo Minist\u00e9rio da Educa\u00e7\u00e3o italiano.<\/p>\n<p>O m\u00e9todo de ensino baseia-se nas t\u00e9cnicas did\u00e1ticas mais modernas e todos os professores s\u00e3o profissionais do ensino de italiano como l\u00edngua estrangeira. Os cursos s\u00e3o ministrados por professores altamente qualificados, especialistas no ensino de italiano como l\u00edngua estrangeira (L2\/FL). A sua experi\u00eancia garante uma experi\u00eancia de aprendizagem imersiva e eficaz, adaptada a falantes n\u00e3o nativos.<\/p>\n<p>A escola oferece aten\u00e7\u00e3o personalizada a todos os alunos, gra\u00e7as tamb\u00e9m ao n\u00famero reduzido de alunos por grupo.<\/p>\n<ul>\n<li>Os cursos intensivos de italiano incluem 20 aulas por semana.<\/li>\n<li>Os grupos t\u00eam entre 4 e 10 alunos.<\/li>\n<li>Os cursos de italiano est\u00e3o abertos a todos os n\u00edveis e dura\u00e7\u00f5es, desde iniciante at\u00e9 avan\u00e7ado.<\/li>\n<li>As aulas s\u00e3o ministradas de segunda a sexta-feira, no per\u00edodo da manh\u00e3.<\/li>\n<li>No primeiro dia de aula, \u00e9 feito um teste de n\u00edvel para determinar o grupo ao qual cada aluno pertence.<\/li>\n<li>No final do curso, os alunos receber\u00e3o um certificado de participa\u00e7\u00e3o com indica\u00e7\u00e3o do n\u00edvel alcan\u00e7ado.<\/li>\n<\/ul>\n<p>Todos os nossos cursos s\u00e3o reconhecidos pela Universidade para Estrangeiros de Siena e pela Universidade para Estrangeiros de Perugia. O curso de italiano tamb\u00e9m inclui in\u00fameras atividades sociais e culturais.<\/p>\n<p>Desfrute de uma sala de aula verdadeiramente global, com uma excelente mistura de nacionalidades e idades. Para garantir que cada aluno receba aten\u00e7\u00e3o individualizada, o tamanho das nossas turmas \u00e9 estritamente limitado a 10 alunos.<\/p>\n<p>A escola conta com 14 salas de aula, 1 sala multim\u00e9dia com 8 computadores, 1 sala de cinema, uma biblioteca e uma cafetaria.<\/p>\n<p>&nbsp;<\/p>\n<h3><b>Estrutura do curso<\/b><\/h3>\n<p>&nbsp;<\/p>\n<ul>\n<li>20 aulas por semana (4 aulas por dia, de segunda a sexta-feira)<\/li>\n<li>Hor\u00e1rio matinal para cursos intensivos<\/li>\n<li>Dura\u00e7\u00e3o flex\u00edvel: a partir de 1 semana<\/li>\n<li>Tamanho m\u00e9dio das turmas: 8 alunos<\/li>\n<\/ul>\n<h3><b>Tipos de cursos dispon\u00edveis em Salerno<\/b><\/h3>\n<p>&nbsp;<\/p>\n<ul>\n<li>Cursos superintensivos<\/li>\n<li>Cursos de italiano de longa dura\u00e7\u00e3o<\/li>\n<li>Aulas particulares de italiano<\/li>\n<li>Cursos de prepara\u00e7\u00e3o para o exame CILS de italiano<\/li>\n<li>Cursos de italiano online<\/li>\n<li>Cursos combinados de l\u00edngua e cultura italiana<\/li>\n<li>Programas especiais para <a href=\"https:\/\/www.studiainitalia.com\/pt-br\/estudar-na-italia\/italiano-para-familias-maiores-e-jovens\/\">melhor idade, jovens e fam\u00edlias<\/a><\/li>\n<\/ul>\n<h2><b>Datas de in\u00edcio e detalhes<\/b><\/h2>\n<p>&nbsp;<\/p>\n<ul>\n<li><b>Dura\u00e7\u00e3o das aulas<\/b>: 45 minutos<\/li>\n<li><b>Tamanho m\u00e9dio das turmas<\/b>: 8 alunos<\/li>\n<li><b>Tamanho m\u00e1ximo das turmas<\/b>: 10 alunos<\/li>\n<li><b>Hor\u00e1rio<\/b>: De manh\u00e3 ou \u00e0 tarde, dependendo do tipo de curso<\/li>\n<li><b>Materiais do curso<\/b>: Inclu\u00eddos<\/li>\n<li><b>Teste de n\u00edvel e certificado final<\/b>: Inclu\u00eddos<\/li>\n<li><b>Localiza\u00e7\u00e3o<\/b>: Via Roma 39<\/li>\n<li><b>Outros servi\u00e7os<\/b>: Acesso \u00e0 Internet, biblioteca, ar condicionado, atividades sociais e transporte para o aeroporto dispon\u00edveis<\/li>\n<\/ul>\n<p>&nbsp;<\/p>\n<table id=\"tablepress-105\" class=\"tablepress tablepress-id-105\">\n<thead>\n<tr class=\"row-1 odd\">\n<th class=\"column-1\" colspan=\"6\">Datas de in\u00edcio 2026<\/th>\n<\/tr>\n<\/thead>\n<tbody class=\"row-hover\">\n<tr class=\"row-2 even\">\n<td class=\"column-1\">Janeiro<\/td>\n<td class=\"column-2\">5, 19<\/td>\n<td class=\"column-3\">Maio<\/td>\n<td class=\"column-4\">4, 18<\/td>\n<td class=\"column-5\">Setembro<\/td>\n<td class=\"column-6\">7, 21<\/td>\n<\/tr>\n<tr class=\"row-3 odd\">\n<td class=\"column-1\">Fevereiro<\/td>\n<td class=\"column-2\">2, 16<\/td>\n<td class=\"column-3\">Junho<\/td>\n<td class=\"column-4\">1, 15, 29<\/td>\n<td class=\"column-5\">Outubro<\/td>\n<td class=\"column-6\">5, 19<\/td>\n<\/tr>\n<tr class=\"row-4 even\">\n<td class=\"column-1\">Mar\u00e7o<\/td>\n<td class=\"column-2\">2, 16,30<\/td>\n<td class=\"column-3\">Julho<\/td>\n<td class=\"column-4\">13, 27<\/td>\n<td class=\"column-5\">Novembro<\/td>\n<td class=\"column-6\">2, 16<\/td>\n<\/tr>\n<tr class=\"row-5 odd\">\n<td class=\"column-1\">Abril<\/td>\n<td class=\"column-2\">13<\/td>\n<td class=\"column-3\">Agosto<\/td>\n<td class=\"column-4\">10, 24<\/td>\n<td class=\"column-5\">Dezembro<\/td>\n<td class=\"column-6\">7<\/td>\n<\/tr>\n<tr class=\"row-6 even\">\n<td class=\"column-1\" colspan=\"6\">A escola ser\u00e1 fechada nos seguintes feriados nacionais: 06\/01, segunda-feira de P\u00e1scoa, 25\/04, 01\/05, 02\/06, 15\/08, 01\/11, 8\/12, e durante os feriados locais e f\u00e9rias de Natal.<\/td>\n<\/tr>\n<\/tbody>\n<\/table>\n<h2><\/h2>\n<h2>Por<b> que estudar italiano em Salerno?<\/b><\/h2>\n<p>&nbsp;<\/p>\n<p>Se est\u00e1s \u00e0 procura de um destino onde a l\u00edngua italiana ganhe vida, n\u00e3o procures al\u00e9m de Salerno. Ao contr\u00e1rio das cidades tur\u00edsticas lotadas, Salerno oferece uma mistura perfeita de hist\u00f3ria, cultura e vida italiana moderna.<\/p>\n<p>Situada entre a mundialmente famosa costa de Amalfi e as antigas maravilhas do Parque Nacional do Cilento, Salerno oferece o cen\u00e1rio perfeito para uma experi\u00eancia lingu\u00edstica imersiva que vai muito al\u00e9m da sala de aula.<\/p>\n<p><b>Vantagens de estudar italiano em Salerno<\/b><\/p>\n<ul>\n<li>Imers\u00e3o cultural aut\u00eantica: Salerno n\u00e3o \u00e9 invadida pelo turismo de massa, ent\u00e3o voc\u00ea poder\u00e1 praticar italiano em situa\u00e7\u00f5es cotidianas, desde pedir um <i>caff\u00e8<\/i> em um bar local at\u00e9 conversar com os simp\u00e1ticos lojistas do centro hist\u00f3rico.<\/li>\n<li>Alta qualidade de vida, custos baixos: desfruta do estilo de vida mediterr\u00e2neo por uma fra\u00e7\u00e3o do custo do norte da It\u00e1lia. Salerno oferece restaurantes acess\u00edveis e um centro urbano seguro e f\u00e1cil de percorrer a p\u00e9.<\/li>\n<li>Hospitalidade calorosa do sul: os habitantes de Salerno s\u00e3o famosos pela sua franqueza e cordialidade.<\/li>\n<li>Clima ideal durante todo o ano: com invernos amenos e ver\u00f5es longos e ensolarados, Salerno \u00e9 um destino fant\u00e1stico para cursos de idiomas em qualquer \u00e9poca do ano, permitindo que voc\u00ea aproveite passeios ao ar livre e a vida \u00e0 beira-mar quando decidir visit\u00e1-la.<\/li>\n<\/ul>\n<h3><b>Atividades e vida cultural em Salerno<\/b><\/h3>\n<p>&nbsp;<\/p>\n<p>A escola oferece um rico programa de atividades extracurriculares. Semin\u00e1rios, filmes italianos, visitas guiadas, excurs\u00f5es.<\/p>\n<p>As atividades est\u00e3o inclu\u00eddas no pre\u00e7o do curso, exceto entradas ou bilhetes de transporte.<\/p>\n<p>Estuda junto ao mar! A cidade tem um belo cal\u00e7ad\u00e3o \u00e0 beira-mar (<i>Lungomare<\/i>) e \u00e9 cercada por montanhas espetaculares e \u00e1guas cristalinas, perfeitas para relaxar depois de um dia de estudos.<\/p>\n<p>A localiza\u00e7\u00e3o estrat\u00e9gica de Salerno permite-lhe apanhar um ferry para <b>Positano e Amalfi<\/b> ou fazer uma curta viagem de comboio at\u00e9 \u00e0s ru\u00ednas de <b>Pompeia e Paestum<\/b> depois das suas aulas matinais.<\/p>\n<p>Recomenda-se excurs\u00f5es a <b>Capri e Ischia.<\/b><\/p>\n<p>Al\u00e9m disso, n\u00e3o pode perder a visita a <b>N\u00e1poles<\/b> e <b>Caserta<\/b> durante o seu curso de italiano em Salerno.<\/p>\n<div class=\"aiosrs-rating-wrap\" data-schema-id=\"90691\">\n<div class=\"aiosrs-star-rating-wrap \"><\/div>\n<div class=\"aiosrs-rating-summary-wrap\"><\/div>\n<\/div>\n","protected":false},"excerpt":{"rendered":"<h2><b>Aprenda italiano em Salerno, d<\/b>escubra a costa Amalfitana!<\/h2>\n<p>Salerno \u00e9 o lugar ideal para fazer o seu curso de italiano. Na cidade, voc\u00ea vai encontrar uma \u00f3tima variedade de restaurantes, bares e atividades a pre\u00e7os bem acess\u00edveis.<\/p>\n<p>\u00c9 a sua porta de entrada para o sul da It\u00e1lia. A partir daqui, voc\u00ea est\u00e1 a apenas uma curta viagem de ferry ou comboio de lugares imperd\u00edveis como Capri, Sorrento e as antigas maravilhas de Herculano e Paestum.<\/p>\n<p>&nbsp;<\/p>\n","protected":false},"featured_media":118447,"comment_status":"open","ping_status":"closed","template":"","meta":{"_acf_changed":false,"_uag_custom_page_level_css":"","_kad_blocks_custom_css":"","_kad_blocks_head_custom_js":"","_kad_blocks_body_custom_js":"","_kad_blocks_footer_custom_js":"","site-sidebar-layout":"default","site-content-layout":"default","ast-site-content-layout":"default","site-content-style":"default","site-sidebar-style":"default","ast-global-header-display":"","ast-banner-title-visibility":"","ast-main-header-display":"","ast-hfb-above-header-display":"","ast-hfb-below-header-display":"","ast-hfb-mobile-header-display":"","site-post-title":"","ast-breadcrumbs-content":"","ast-featured-img":"","footer-sml-layout":"","ast-disable-related-posts":"","theme-transparent-header-meta":"default","adv-header-id-meta":"","stick-header-meta":"default","header-above-stick-meta":"","header-main-stick-meta":"","header-below-stick-meta":"","astra-migrate-meta-layouts":"set","ast-page-background-enabled":"default","ast-page-background-meta":{"desktop":{"background-color":"var(--ast-global-color-4)","background-image":"","background-repeat":"repeat","background-position":"center center","background-size":"auto","background-attachment":"scroll","background-type":"","background-media":"","overlay-type":"","overlay-color":"","overlay-opacity":"","overlay-gradient":""},"tablet":{"background-color":"","background-image":"","background-repeat":"repeat","background-position":"center center","background-size":"auto","background-attachment":"scroll","background-type":"","background-media":"","overlay-type":"","overlay-color":"","overlay-opacity":"","overlay-gradient":""},"mobile":{"background-color":"","background-image":"","background-repeat":"repeat","background-position":"center center","background-size":"auto","background-attachment":"scroll","background-type":"","background-media":"","overlay-type":"","overlay-color":"","overlay-opacity":"","overlay-gradient":""}},"ast-content-background-meta":{"desktop":{"background-color":"var(--ast-global-color-5)","background-image":"","background-repeat":"repeat","background-position":"center center","background-size":"auto","background-attachment":"scroll","background-type":"","background-media":"","overlay-type":"","overlay-color":"","overlay-opacity":"","overlay-gradient":""},"tablet":{"background-color":"var(--ast-global-color-5)","background-image":"","background-repeat":"repeat","background-position":"center center","background-size":"auto","background-attachment":"scroll","background-type":"","background-media":"","overlay-type":"","overlay-color":"","overlay-opacity":"","overlay-gradient":""},"mobile":{"background-color":"var(--ast-global-color-5)","background-image":"","background-repeat":"repeat","background-position":"center center","background-size":"auto","background-attachment":"scroll","background-type":"","background-media":"","overlay-type":"","overlay-color":"","overlay-opacity":"","overlay-gradient":""}}},"section":[2029],"product_brand":[],"product_cat":[1267,1285],"product_tag":[1848],"class_list":{"0":"post-188169","1":"product","2":"type-product","3":"status-publish","4":"has-post-thumbnail","6":"section-south-and-islands","7":"product_cat-cursos-de-italiano-em-italia","8":"product_cat-cursos-em-salerno","9":"product_tag-cursos-italiano","10":"desktop-align-left","11":"tablet-align-left","12":"mobile-align-left","13":"ast-product-gallery-layout-horizontal-slider","14":"ast-product-single-variable","15":"ast-product-tabs-layout-horizontal","16":"ast-qv-on-image-click","18":"first","19":"instock","20":"sold-individually","21":"shipping-taxable","22":"purchasable","23":"product-type-variable","24":"has-default-attributes"},"acf":[],"taxonomy_info":{"section":[{"value":2029,"label":"South and Islands"}],"product_cat":[{"value":1267,"label":"Cursos de italiano em It\u00e1lia"},{"value":1285,"label":"Cursos em Salerno"}],"product_tag":[{"value":1848,"label":"Cursos Italiano"}]},"featured_image_src_large":["https:\/\/www.studiainitalia.com\/wp-content\/uploads\/2016\/11\/learn-italian-in-salerno-e1490028343528.jpg",350,352,false],"author_info":[],"comment_info":10,"uagb_featured_image_src":{"full":["https:\/\/www.studiainitalia.com\/wp-content\/uploads\/2016\/11\/learn-italian-in-salerno-e1490028343528.jpg",350,352,false],"thumbnail":["https:\/\/www.studiainitalia.com\/wp-content\/uploads\/2016\/11\/learn-italian-in-salerno-150x150.jpg",96,96,true],"medium":["https:\/\/www.studiainitalia.com\/wp-content\/uploads\/2016\/11\/learn-italian-in-salerno-298x300.jpg",298,300,true],"medium_large":["https:\/\/www.studiainitalia.com\/wp-content\/uploads\/2016\/11\/learn-italian-in-salerno-e1490028343528.jpg",350,352,false],"large":["https:\/\/www.studiainitalia.com\/wp-content\/uploads\/2016\/11\/learn-italian-in-salerno-e1490028343528.jpg",350,352,false],"1536x1536":["https:\/\/www.studiainitalia.com\/wp-content\/uploads\/2016\/11\/learn-italian-in-salerno-e1490028343528.jpg",350,352,false],"2048x2048":["https:\/\/www.studiainitalia.com\/wp-content\/uploads\/2016\/11\/learn-italian-in-salerno-e1490028343528.jpg",350,352,false],"ultp_layout_landscape_large":["https:\/\/www.studiainitalia.com\/wp-content\/uploads\/2016\/11\/learn-italian-in-salerno-e1490028343528.jpg",350,352,false],"ultp_layout_landscape":["https:\/\/www.studiainitalia.com\/wp-content\/uploads\/2016\/11\/learn-italian-in-salerno-e1490028343528.jpg",350,352,false],"ultp_layout_portrait":["https:\/\/www.studiainitalia.com\/wp-content\/uploads\/2016\/11\/learn-italian-in-salerno-e1490028343528.jpg",350,352,false],"ultp_layout_square":["https:\/\/www.studiainitalia.com\/wp-content\/uploads\/2016\/11\/learn-italian-in-salerno-e1490028343528.jpg",350,352,false],"gform-image-choice-sm":["https:\/\/www.studiainitalia.com\/wp-content\/uploads\/2016\/11\/learn-italian-in-salerno-e1490028343528.jpg",298,300,false],"gform-image-choice-md":["https:\/\/www.studiainitalia.com\/wp-content\/uploads\/2016\/11\/learn-italian-in-salerno-e1490028343528.jpg",350,352,false],"gform-image-choice-lg":["https:\/\/www.studiainitalia.com\/wp-content\/uploads\/2016\/11\/learn-italian-in-salerno-e1490028343528.jpg",350,352,false],"woocommerce_thumbnail":["https:\/\/www.studiainitalia.com\/wp-content\/uploads\/2016\/11\/learn-italian-in-salerno-e1490028343528-300x300.jpg",300,300,true],"woocommerce_single":["https:\/\/www.studiainitalia.com\/wp-content\/uploads\/2016\/11\/learn-italian-in-salerno-e1490028343528.jpg",350,352,false],"woocommerce_gallery_thumbnail":["https:\/\/www.studiainitalia.com\/wp-content\/uploads\/2016\/11\/learn-italian-in-salerno-e1490028343528-100x100.jpg",100,100,true],"yarpp-thumbnail":["https:\/\/www.studiainitalia.com\/wp-content\/uploads\/2016\/11\/learn-italian-in-salerno-e1490028343528.jpg",120,120,false]},"uagb_author_info":{"display_name":"Javier Diaz","author_link":"https:\/\/www.studiainitalia.com\/pt-br\/author\/"},"uagb_comment_info":10,"uagb_excerpt":"Aprenda italiano em Salerno, descubra a costa Amalfitana! Salerno \u00e9 o lugar ideal para fazer o seu curso de italiano. Na cidade, voc\u00ea vai encontrar uma \u00f3tima variedade de restaurantes, bares e atividades a pre\u00e7os bem acess\u00edveis. \u00c9 a sua porta de entrada para o sul da It\u00e1lia. A partir daqui, voc\u00ea est\u00e1 a apenas&hellip;","_links":{"self":[{"href":"https:\/\/www.studiainitalia.com\/pt-br\/wp-json\/wp\/v2\/product\/188169","targetHints":{"allow":["GET"]}}],"collection":[{"href":"https:\/\/www.studiainitalia.com\/pt-br\/wp-json\/wp\/v2\/product"}],"about":[{"href":"https:\/\/www.studiainitalia.com\/pt-br\/wp-json\/wp\/v2\/types\/product"}],"replies":[{"embeddable":true,"href":"https:\/\/www.studiainitalia.com\/pt-br\/wp-json\/wp\/v2\/comments?post=188169"}],"wp:featuredmedia":[{"embeddable":true,"href":"https:\/\/www.studiainitalia.com\/pt-br\/wp-json\/wp\/v2\/media\/118447"}],"wp:attachment":[{"href":"https:\/\/www.studiainitalia.com\/pt-br\/wp-json\/wp\/v2\/media?parent=188169"}],"wp:term":[{"taxonomy":"section","embeddable":true,"href":"https:\/\/www.studiainitalia.com\/pt-br\/wp-json\/wp\/v2\/section?post=188169"},{"taxonomy":"product_brand","embeddable":true,"href":"https:\/\/www.studiainitalia.com\/pt-br\/wp-json\/wp\/v2\/product_brand?post=188169"},{"taxonomy":"product_cat","embeddable":true,"href":"https:\/\/www.studiainitalia.com\/pt-br\/wp-json\/wp\/v2\/product_cat?post=188169"},{"taxonomy":"product_tag","embeddable":true,"href":"https:\/\/www.studiainitalia.com\/pt-br\/wp-json\/wp\/v2\/product_tag?post=188169"}],"curies":[{"name":"wp","href":"https:\/\/api.w.org\/{rel}","templated":true}]}}