{"id":188241,"date":"2016-11-06T14:16:53","date_gmt":"2016-11-06T13:16:53","guid":{"rendered":"https:\/\/www.studiainitalia.com\/courses\/sem%20categoria\/italian-in-na-naples\/"},"modified":"2026-03-25T10:32:40","modified_gmt":"2026-03-25T09:32:40","slug":"curso-de-italiano-em-napoles","status":"publish","type":"product","link":"https:\/\/www.studiainitalia.com\/pt-br\/cursos\/cursos-de-italiano-em-italia\/curso-de-italiano-em-napoles\/","title":{"rendered":"Curso de italiano em N\u00e1poles"},"content":{"rendered":"<h2>Curso de italiano em N\u00e1poles<\/h2>\n<p>&nbsp;<\/p>\n<p>Os cursos de italiano em N\u00e1poles s\u00e3o <b>intensivos<\/b>, com <b>20 aulas por semana<\/b>, e est\u00e3o dispon\u00edveis em dura\u00e7\u00f5es flex\u00edveis, desde <b>1 semana at\u00e9 programas de longa dura\u00e7\u00e3o (at\u00e9 48 semanas)<\/b>.<\/p>\n<p>Os cursos s\u00e3o organizados em <b>seis n\u00edveis de idioma<\/b>, desde iniciantes absolutos at\u00e9 alunos avan\u00e7ados. No primeiro dia do curso, os alunos fazem um <b>teste de n\u00edvel escrito e oral<\/b> para garantir que sejam colocados no grupo mais adequado.<\/p>\n<p>As aulas s\u00e3o ministradas por <b>professores nativos qualificados<\/b> e baseiam-se em m\u00e9todos de ensino claros e eficazes. Trabalhar\u00e1s todas as compet\u00eancias lingu\u00edsticas \u2014<b>express\u00e3o oral, compreens\u00e3o auditiva, leitura e express\u00e3o escrita<\/b>\u2014 com forte \u00eanfase na conversa\u00e7\u00e3o e na comunica\u00e7\u00e3o pr\u00e1tica.<\/p>\n<p>As aulas s\u00e3o ministradas em <b>grupos pequenos<\/b>, com uma m\u00e9dia de <b>8 alunos<\/b> e um m\u00e1ximo de <b>12<\/b>, o que cria um ambiente de aprendizagem descontra\u00eddo e envolvente.<\/p>\n<p>A escola com a qual colaboramos em N\u00e1poles \u00e9 o Centro Italiano, localizado perto da Via Toledo, da Piazza Municipio e do passeio mar\u00edtimo. Esta localiza\u00e7\u00e3o central facilita a frequ\u00eancia \u00e0s aulas e permite descobrir N\u00e1poles a p\u00e9.<\/p>\n<p>Acima de tudo, a escola oferece um ambiente acolhedor e alegre, tal como o car\u00e1ter dos napolitanos. H\u00e1 Wi-Fi e uma biblioteca dispon\u00edveis gratuitamente. Um quadro de avisos na entrada ir\u00e1 lembr\u00e1-lo de todos os eventos que n\u00e3o pode perder, e n\u00e3o \u00e9 preciso comprar livros!<\/p>\n<p>Os professores t\u00eam ampla experi\u00eancia no ensino de italiano como l\u00edngua estrangeira. A escola oferece in\u00fameras atividades sociais e culturais durante o seu curso de italiano em N\u00e1poles.<\/p>\n<h3><b>Estrutura do curso<\/b><\/h3>\n<p>&nbsp;<\/p>\n<ul>\n<li>20 aulas por semana<\/li>\n<li>Aulas pela manh\u00e3, de segunda a sexta-feira<\/li>\n<li>Tamanho m\u00e9dio da turma: 8 alunos<\/li>\n<li>Tamanho m\u00e1ximo da turma: 12 alunos<\/li>\n<li>Dura\u00e7\u00e3o de cada aula: 50 minutos<\/li>\n<\/ul>\n<p>O italiano \u00e9 usado desde a primeira aula, o que promove <b>uma imers\u00e3o constante<\/b> no idioma.<\/p>\n<p>No final do curso, os alunos recebem um <b>certificado de frequ\u00eancia que indica o n\u00edvel alcan\u00e7ado<\/b>.<\/p>\n<p>&nbsp;<\/p>\n<h3><b>Outras op\u00e7\u00f5es de cursos dispon\u00edveis em N\u00e1poles<\/b><\/h3>\n<p>&nbsp;<\/p>\n<ul>\n<li>Curso intensivo de italiano (4 aulas por dia)<\/li>\n<li>Cursos semi-intensivos (2 aulas por dia)<\/li>\n<li>Aulas particulares de italiano<\/li>\n<li>Italiano para religiosos<\/li>\n<li>Combina\u00e7\u00e3o de italiano e culin\u00e1ria<\/li>\n<\/ul>\n<h2><strong>Datas de in\u00edcio e detalhes<\/strong><\/h2>\n<p>&nbsp;<\/p>\n<ul>\n<li><b>Dura\u00e7\u00e3o das aulas<\/b>: 45 minutos<\/li>\n<li><b>Tamanho m\u00e9dio das aulas<\/b>: 9 alunos<\/li>\n<li><b>Tamanho m\u00e1ximo das aulas<\/b>: 12 alunos<\/li>\n<li><b>Hor\u00e1rio<\/b>: Manh\u00e3<\/li>\n<li><b>Materiais do curso<\/b>: Inclu\u00eddos<\/li>\n<li><b>Teste de n\u00edvel e certificado final<\/b>: Inclu\u00eddos<\/li>\n<li><b>Localiza\u00e7\u00e3o<\/b>: Vicolo Santa Maria dell&#8217;Aiuto 17<\/li>\n<li><b>Outros servi\u00e7os<\/b>: Acesso \u00e0 Internet, biblioteca, ar condicionado, atividades sociais e transporte para o aeroporto dispon\u00edveis<\/li>\n<\/ul>\n<p>&nbsp;<\/p>\n<table id=\"tablepress-101\" class=\"tablepress tablepress-id-101\">\n<thead>\n<tr class=\"row-1 odd\">\n<th class=\"column-1\" colspan=\"6\">Datas de in\u00edcio 2026<\/th>\n<\/tr>\n<\/thead>\n<tbody class=\"row-hover\">\n<tr class=\"row-2 even\">\n<td class=\"column-1\">Janeiro<\/td>\n<td class=\"column-2\">5, 19<\/td>\n<td class=\"column-3\">Maio<\/td>\n<td class=\"column-4\">11, 25<\/td>\n<td class=\"column-5\">Setembro<\/td>\n<td class=\"column-6\">14, 28<\/td>\n<\/tr>\n<tr class=\"row-3 odd\">\n<td class=\"column-1\">Fevereiro<\/td>\n<td class=\"column-2\">2, 16<\/td>\n<td class=\"column-3\">Junho<\/td>\n<td class=\"column-4\">8, 22<\/td>\n<td class=\"column-5\">Outubro<\/td>\n<td class=\"column-6\">12, 26<\/td>\n<\/tr>\n<tr class=\"row-4 even\">\n<td class=\"column-1\">Mar\u00e7o<\/td>\n<td class=\"column-2\">2, 16, 30<\/td>\n<td class=\"column-3\">Julho<\/td>\n<td class=\"column-4\">6, 20<\/td>\n<td class=\"column-5\">Novembro<\/td>\n<td class=\"column-6\">9, 23<\/td>\n<\/tr>\n<tr class=\"row-5 odd\">\n<td class=\"column-1\">Abril<\/td>\n<td class=\"column-2\">13, 27<\/td>\n<td class=\"column-3\">Agosto<\/td>\n<td class=\"column-4\">3, 17, 31<\/td>\n<td class=\"column-5\">Dezembro<\/td>\n<td class=\"column-6\">7<\/td>\n<\/tr>\n<tr class=\"row-6 even\">\n<td class=\"column-1\" colspan=\"6\">A escola ser\u00e1 fechada nos seguintes feriados nacionais: 06\/01, segunda-feira de P\u00e1scoa, 25\/04, 01\/05, 02\/06, 15\/08, 01\/11, 8\/12, e durante os feriados locais e f\u00e9rias de Natal.<\/td>\n<\/tr>\n<\/tbody>\n<\/table>\n<h2><\/h2>\n<h2>Por que estudar italiano em N\u00e1poles?<\/h2>\n<p>&nbsp;<\/p>\n<p>N\u00e1poles oferece um ambiente muito prop\u00edcio para a aprendizagem de l\u00ednguas. O italiano \u00e9 falado em toda parte e a comunica\u00e7\u00e3o tende a ser direta, expressiva e espont\u00e2nea, o que torna a cidade especialmente eficaz para melhorar as habilidades de compreens\u00e3o auditiva e express\u00e3o oral.<\/p>\n<p>Em compara\u00e7\u00e3o com destinos mais formais ou muito tur\u00edsticos, N\u00e1poles permite que os alunos experimentem a cultura italiana de uma forma muito aut\u00eantica. As intera\u00e7\u00f5es di\u00e1rias, as fortes tradi\u00e7\u00f5es regionais e a animada cultura de rua contribuem para uma compreens\u00e3o mais profunda tanto da l\u00edngua como da vida local.<\/p>\n<p>N\u00e1poles \u00e9 tamb\u00e9m uma excelente base para explorar o sul de It\u00e1lia. As excurs\u00f5es e visitas culturais a locais como <b>Pompeia, Ves\u00favio, Caserta, Sorrento, Capri e Ischia<\/b> complementam o curso de l\u00ednguas e oferecem mais oportunidades para praticar italiano em contextos reais.<\/p>\n<p><strong>Beba o melhor caf\u00e9 italiano e coma a aut\u00eantica pizza italiana!<\/strong><\/p>\n<p>&nbsp;<\/p>\n<h3><b>Atividades culturais e vida em N\u00e1poles<\/b><\/h3>\n<p>&nbsp;<\/p>\n<p>Al\u00e9m das aulas de l\u00edngua, a escola organiza um <b>programa de atividades sociais e culturais<\/b> concebido para ajudar os alunos a integrarem-se na vida local e a praticarem o italiano fora da sala de aula.<\/p>\n<p>As atividades podem incluir:<\/p>\n<ul>\n<li>visitas guiadas e excurs\u00f5es em N\u00e1poles e na regi\u00e3o da Camp\u00e2nia<\/li>\n<li>sa\u00eddas culturais e eventos sociais<\/li>\n<li>semin\u00e1rios culturais gratuitos sobre temas como <b>arte, cinema italiano, m\u00fasica e tradi\u00e7\u00f5es regionais<\/b><\/li>\n<\/ul>\n<p>A participa\u00e7\u00e3o nas atividades sociais est\u00e1 inclu\u00edda no pre\u00e7o do curso. S\u00f3 precisas pagar os ingressos e as despesas de transporte.<\/p>\n<p>A escola tamb\u00e9m oferece a possibilidade de combinar os cursos de italiano com <b>cursos curtos de culin\u00e1ria<\/b>, bem como <b>cursos profissionais de confe\u00e7\u00e3o de pizza<\/b>, para os alunos interessados numa experi\u00eancia mais especializada<\/p>\n<div class=\"aiosrs-rating-wrap\" data-schema-id=\"90691\">\n<div class=\"aiosrs-star-rating-wrap \"><\/div>\n<div class=\"aiosrs-rating-summary-wrap\"><\/div>\n<\/div>\n","protected":false},"excerpt":{"rendered":"<h2><b><strong>Aprende italiano em N\u00e1poles, uma das cidades mais animadas da It\u00e1lia<\/strong><\/b><\/h2>\n<p>Gostaria de aprender italiano numa cidade conhecida pela sua energia, forte identidade e autenticidade quotidiana?<\/p>\n<p>N\u00e1poles oferece um ambiente de aprendizagem muito diferente de outros destinos italianos, pois combina hist\u00f3ria, tradi\u00e7\u00f5es locais e um ambiente social animado, muitas vezes com um custo de vida mais acess\u00edvel.<\/p>\n<p>Estudar italiano em N\u00e1poles significa estar constantemente rodeado pela l\u00edngua.<\/p>\n<p>Desde caf\u00e9s e mercados at\u00e9 ruas de bairro e intera\u00e7\u00f5es sociais, o italiano \u00e9 falado de forma natural e expressiva, o que torna a cidade especialmente atraente para estudantes de idiomas.<\/p>\n<p>Com a <b>StudiainItalia<\/b>, podes estudar italiano em N\u00e1poles numa escola local cuidadosamente selecionada, com professores nativos, turmas pequenas e uma abordagem comunicativa focada no uso real da l\u00edngua.<\/p>\n","protected":false},"featured_media":118411,"comment_status":"open","ping_status":"closed","template":"","meta":{"_acf_changed":false,"_uag_custom_page_level_css":"","_kad_blocks_custom_css":"","_kad_blocks_head_custom_js":"","_kad_blocks_body_custom_js":"","_kad_blocks_footer_custom_js":"","site-sidebar-layout":"default","site-content-layout":"default","ast-site-content-layout":"default","site-content-style":"default","site-sidebar-style":"default","ast-global-header-display":"","ast-banner-title-visibility":"","ast-main-header-display":"","ast-hfb-above-header-display":"","ast-hfb-below-header-display":"","ast-hfb-mobile-header-display":"","site-post-title":"","ast-breadcrumbs-content":"","ast-featured-img":"","footer-sml-layout":"","ast-disable-related-posts":"","theme-transparent-header-meta":"default","adv-header-id-meta":"","stick-header-meta":"default","header-above-stick-meta":"","header-main-stick-meta":"","header-below-stick-meta":"","astra-migrate-meta-layouts":"set","ast-page-background-enabled":"default","ast-page-background-meta":{"desktop":{"background-color":"var(--ast-global-color-4)","background-image":"","background-repeat":"repeat","background-position":"center center","background-size":"auto","background-attachment":"scroll","background-type":"","background-media":"","overlay-type":"","overlay-color":"","overlay-opacity":"","overlay-gradient":""},"tablet":{"background-color":"","background-image":"","background-repeat":"repeat","background-position":"center center","background-size":"auto","background-attachment":"scroll","background-type":"","background-media":"","overlay-type":"","overlay-color":"","overlay-opacity":"","overlay-gradient":""},"mobile":{"background-color":"","background-image":"","background-repeat":"repeat","background-position":"center center","background-size":"auto","background-attachment":"scroll","background-type":"","background-media":"","overlay-type":"","overlay-color":"","overlay-opacity":"","overlay-gradient":""}},"ast-content-background-meta":{"desktop":{"background-color":"var(--ast-global-color-5)","background-image":"","background-repeat":"repeat","background-position":"center center","background-size":"auto","background-attachment":"scroll","background-type":"","background-media":"","overlay-type":"","overlay-color":"","overlay-opacity":"","overlay-gradient":""},"tablet":{"background-color":"var(--ast-global-color-5)","background-image":"","background-repeat":"repeat","background-position":"center center","background-size":"auto","background-attachment":"scroll","background-type":"","background-media":"","overlay-type":"","overlay-color":"","overlay-opacity":"","overlay-gradient":""},"mobile":{"background-color":"var(--ast-global-color-5)","background-image":"","background-repeat":"repeat","background-position":"center center","background-size":"auto","background-attachment":"scroll","background-type":"","background-media":"","overlay-type":"","overlay-color":"","overlay-opacity":"","overlay-gradient":""}}},"section":[2029],"product_brand":[],"product_cat":[1267,1289],"product_tag":[1848],"class_list":{"0":"post-188241","1":"product","2":"type-product","3":"status-publish","4":"has-post-thumbnail","6":"section-south-and-islands","7":"product_cat-cursos-de-italiano-em-italia","8":"product_cat-cursos-em-napoles","9":"product_tag-cursos-italiano","10":"desktop-align-left","11":"tablet-align-left","12":"mobile-align-left","13":"ast-product-gallery-layout-horizontal-slider","14":"ast-product-single-variable","15":"ast-product-tabs-layout-horizontal","16":"ast-qv-on-image-click","18":"first","19":"instock","20":"sold-individually","21":"shipping-taxable","22":"purchasable","23":"product-type-variable"},"acf":[],"taxonomy_info":{"section":[{"value":2029,"label":"South and Islands"}],"product_cat":[{"value":1267,"label":"Cursos de italiano em It\u00e1lia"},{"value":1289,"label":"Cursos em N\u00e1poles"}],"product_tag":[{"value":1848,"label":"Cursos Italiano"}]},"featured_image_src_large":["https:\/\/www.studiainitalia.com\/wp-content\/uploads\/2016\/11\/learn-italian-in-naples-e1490029532776.jpg",350,350,false],"author_info":[],"comment_info":20,"uagb_featured_image_src":{"full":["https:\/\/www.studiainitalia.com\/wp-content\/uploads\/2016\/11\/learn-italian-in-naples-e1490029532776.jpg",350,350,false],"thumbnail":["https:\/\/www.studiainitalia.com\/wp-content\/uploads\/2016\/11\/learn-italian-in-naples-150x150.jpg",96,96,true],"medium":["https:\/\/www.studiainitalia.com\/wp-content\/uploads\/2016\/11\/learn-italian-in-naples-300x300.jpg",300,300,true],"medium_large":["https:\/\/www.studiainitalia.com\/wp-content\/uploads\/2016\/11\/learn-italian-in-naples-e1490029532776.jpg",350,350,false],"large":["https:\/\/www.studiainitalia.com\/wp-content\/uploads\/2016\/11\/learn-italian-in-naples-e1490029532776.jpg",350,350,false],"1536x1536":["https:\/\/www.studiainitalia.com\/wp-content\/uploads\/2016\/11\/learn-italian-in-naples-e1490029532776.jpg",350,350,false],"2048x2048":["https:\/\/www.studiainitalia.com\/wp-content\/uploads\/2016\/11\/learn-italian-in-naples-e1490029532776.jpg",350,350,false],"ultp_layout_landscape_large":["https:\/\/www.studiainitalia.com\/wp-content\/uploads\/2016\/11\/learn-italian-in-naples-e1490029532776.jpg",350,350,false],"ultp_layout_landscape":["https:\/\/www.studiainitalia.com\/wp-content\/uploads\/2016\/11\/learn-italian-in-naples-e1490029532776.jpg",350,350,false],"ultp_layout_portrait":["https:\/\/www.studiainitalia.com\/wp-content\/uploads\/2016\/11\/learn-italian-in-naples-e1490029532776.jpg",350,350,false],"ultp_layout_square":["https:\/\/www.studiainitalia.com\/wp-content\/uploads\/2016\/11\/learn-italian-in-naples-e1490029532776.jpg",350,350,false],"gform-image-choice-sm":["https:\/\/www.studiainitalia.com\/wp-content\/uploads\/2016\/11\/learn-italian-in-naples-e1490029532776.jpg",300,300,false],"gform-image-choice-md":["https:\/\/www.studiainitalia.com\/wp-content\/uploads\/2016\/11\/learn-italian-in-naples-e1490029532776.jpg",350,350,false],"gform-image-choice-lg":["https:\/\/www.studiainitalia.com\/wp-content\/uploads\/2016\/11\/learn-italian-in-naples-e1490029532776.jpg",350,350,false],"woocommerce_thumbnail":["https:\/\/www.studiainitalia.com\/wp-content\/uploads\/2016\/11\/learn-italian-in-naples-e1490029532776-300x300.jpg",300,300,true],"woocommerce_single":["https:\/\/www.studiainitalia.com\/wp-content\/uploads\/2016\/11\/learn-italian-in-naples-e1490029532776.jpg",350,350,false],"woocommerce_gallery_thumbnail":["https:\/\/www.studiainitalia.com\/wp-content\/uploads\/2016\/11\/learn-italian-in-naples-e1490029532776-100x100.jpg",100,100,true],"yarpp-thumbnail":["https:\/\/www.studiainitalia.com\/wp-content\/uploads\/2016\/11\/learn-italian-in-naples-e1490029532776.jpg",120,120,false]},"uagb_author_info":{"display_name":"Javier Diaz","author_link":"https:\/\/www.studiainitalia.com\/pt-br\/author\/"},"uagb_comment_info":20,"uagb_excerpt":"Aprende italiano em N\u00e1poles, uma das cidades mais animadas da It\u00e1lia Gostaria de aprender italiano numa cidade conhecida pela sua energia, forte identidade e autenticidade quotidiana? N\u00e1poles oferece um ambiente de aprendizagem muito diferente de outros destinos italianos, pois combina hist\u00f3ria, tradi\u00e7\u00f5es locais e um ambiente social animado, muitas vezes com um custo de vida&hellip;","_links":{"self":[{"href":"https:\/\/www.studiainitalia.com\/pt-br\/wp-json\/wp\/v2\/product\/188241","targetHints":{"allow":["GET"]}}],"collection":[{"href":"https:\/\/www.studiainitalia.com\/pt-br\/wp-json\/wp\/v2\/product"}],"about":[{"href":"https:\/\/www.studiainitalia.com\/pt-br\/wp-json\/wp\/v2\/types\/product"}],"replies":[{"embeddable":true,"href":"https:\/\/www.studiainitalia.com\/pt-br\/wp-json\/wp\/v2\/comments?post=188241"}],"wp:featuredmedia":[{"embeddable":true,"href":"https:\/\/www.studiainitalia.com\/pt-br\/wp-json\/wp\/v2\/media\/118411"}],"wp:attachment":[{"href":"https:\/\/www.studiainitalia.com\/pt-br\/wp-json\/wp\/v2\/media?parent=188241"}],"wp:term":[{"taxonomy":"section","embeddable":true,"href":"https:\/\/www.studiainitalia.com\/pt-br\/wp-json\/wp\/v2\/section?post=188241"},{"taxonomy":"product_brand","embeddable":true,"href":"https:\/\/www.studiainitalia.com\/pt-br\/wp-json\/wp\/v2\/product_brand?post=188241"},{"taxonomy":"product_cat","embeddable":true,"href":"https:\/\/www.studiainitalia.com\/pt-br\/wp-json\/wp\/v2\/product_cat?post=188241"},{"taxonomy":"product_tag","embeddable":true,"href":"https:\/\/www.studiainitalia.com\/pt-br\/wp-json\/wp\/v2\/product_tag?post=188241"}],"curies":[{"name":"wp","href":"https:\/\/api.w.org\/{rel}","templated":true}]}}