{"id":188331,"date":"2016-11-06T16:44:28","date_gmt":"2016-11-06T15:44:28","guid":{"rendered":"https:\/\/www.studiainitalia.com\/courses\/sem%20categoria\/italian-in-rome\/"},"modified":"2026-03-25T10:29:59","modified_gmt":"2026-03-25T09:29:59","slug":"curso-de-italiano-em-roma","status":"publish","type":"product","link":"https:\/\/www.studiainitalia.com\/pt-br\/cursos\/cursos-de-italiano-em-italia\/curso-de-italiano-em-roma\/","title":{"rendered":"Curso de italiano em Roma"},"content":{"rendered":"<h2><strong>Os nossos cursos de Cursos de italiano em Roma<\/strong><\/h2>\n<p>&nbsp;<\/p>\n<p>Os cursos de italiano em Roma s\u00e3o <strong>intensivos<\/strong>, com <strong>20 aulas por semana<\/strong>, de segunda a sexta-feira, geralmente realizadas pela manh\u00e3.<\/p>\n<p>Os cursos est\u00e3o dispon\u00edveis para <strong>todos os n\u00edveis<\/strong>, durante todo o ano, desde iniciantes at\u00e9 alunos avan\u00e7ados e proficientes, e com dura\u00e7\u00f5es flex\u00edveis.<\/p>\n<p>No primeiro dia, os alunos fazem um <strong>teste de nivelamento (escrito e oral)<\/strong> para garantir que sejam designados ao n\u00edvel mais adequado.<\/p>\n<p>O ensino segue uma <strong>metodologia comunicativa<\/strong>, com forte \u00eanfase na conversa\u00e7\u00e3o e na intera\u00e7\u00e3o pr\u00e1tica.<\/p>\n<p>Desde o in\u00edcio, os alunos s\u00e3o incentivados a usar o italiano ativamente, ajudando-os a ganhar confian\u00e7a e a comunicar-se de forma eficaz em situa\u00e7\u00f5es da vida real.<\/p>\n<p>A escola com a qual colaboramos em Roma, Clidante, \u00e9 <strong>oficialmente reconhecida pelo Minist\u00e9rio da Educa\u00e7\u00e3o italiano<\/strong> e foi fundada em <strong>1994<\/strong>.<\/p>\n<p>Roma tem muitas escolas de l\u00edngua italiana, mas trabalhamos com uma em que confiamos pela qualidade do ensino e pelo ambiente acolhedor e humano que oferece aos alunos internacionais.<\/p>\n<p>A recep\u00e7\u00e3o calorosa dos professores e dos funcion\u00e1rios faz com que os alunos se sintam em casa desde o in\u00edcio; voc\u00ea ter\u00e1 toda \u00e0 ajuda necess\u00e1ria para tornar a sua estadia em Roma em uma experi\u00eancia muito gratificante.<\/p>\n<h3><strong>Estrutura do curso de italiano<\/strong><\/h3>\n<p>&nbsp;<\/p>\n<p>O programa principal \u00e9 um <strong>Curso Intensivo de Italiano<\/strong>, concebido para um progresso r\u00e1pido e eficaz atrav\u00e9s da imers\u00e3o.<\/p>\n<ul>\n<li>4 aulas por dia, de segunda a sexta-feira (20 aulas por semana)<\/li>\n<li>Grupos pequenos: 6\u201312 alunos (m\u00e9dia de 8\u201310)<\/li>\n<li>N\u00edveis de l\u00edngua, do iniciante ao avan\u00e7ado<\/li>\n<li>Aulas de manh\u00e3 ou \u00e0 tarde, dependendo do n\u00edvel e da disponibilidade<\/li>\n<li>Teste de nivelamento oral e escrito no in\u00edcio do curso<\/li>\n<\/ul>\n<p>O italiano \u00e9 usado nas aulas para incentivar a <strong>imers\u00e3o consistente <\/strong><strong>na l\u00edngua<\/strong>.<\/p>\n<p>Nofinal do curso, os alunos recebem um <strong>certificado de frequ\u00eancia indicando o n\u00edvel alcan\u00e7ado<\/strong>.<\/p>\n<h3><strong>Tipos de cursos de italiano dispon\u00edveis em Roma\u00a0<\/strong><\/h3>\n<p>&nbsp;<\/p>\n<ul>\n<li>Curso intensivo de italiano (4 aulas por dia)<\/li>\n<li>Cursos semi-intensivos<\/li>\n<li>Cursos de italiano de longa dura\u00e7\u00e3o<\/li>\n<li>Aulas particulares de italiano<\/li>\n<li>Cursos de prepara\u00e7\u00e3o para o exame Plida de italiano<\/li>\n<li>Cursos combinados de l\u00edngua e cultura italiana (hist\u00f3ria da arte, culin\u00e1ria, \u00f3pera)<\/li>\n<\/ul>\n<h2><strong>Datas de in\u00edcio e detalhes\u00a0<\/strong><\/h2>\n<p>&nbsp;<\/p>\n<ul>\n<li><strong>Dura\u00e7\u00e3o da aula<\/strong>: 45 minutos<\/li>\n<li><strong>Tamanho m\u00e9dio da turma<\/strong>: 9 alunos<\/li>\n<li><strong>Tamanho m\u00e1ximo da turma<\/strong>: 12 alunos<\/li>\n<li><strong>Hor\u00e1rio<\/strong>: Manh\u00e3 ou tarde, dependendo do n\u00edvel atribu\u00eddo<\/li>\n<li><strong>Materiais do curso<\/strong>: Inclu\u00eddos<\/li>\n<li><strong>Teste de n\u00edvel e certificado final<\/strong>: Inclu\u00eddos<\/li>\n<li><strong>Localiza\u00e7\u00e3o<\/strong>: Via Piazza Bologna 1<\/li>\n<li><strong>Outros servi\u00e7os<\/strong>: Acesso \u00e0 Internet, biblioteca, ar condicionado, atividades sociais e transporte do aeroporto dispon\u00edveis<\/li>\n<\/ul>\n\n<table id=\"tablepress-749\" class=\"tablepress tablepress-id-749 tbody-has-connected-cells\">\n<thead>\n<tr class=\"row-1\">\n\t<th colspan=\"6\" class=\"column-1\">Datas de in\u00edcio 2026<\/th>\n<\/tr>\n<\/thead>\n<tbody class=\"row-striping row-hover\">\n<tr class=\"row-2\">\n\t<td class=\"column-1\">Janeiro<\/td><td class=\"column-2\">7<\/td><td class=\"column-3\">Maio<\/td><td class=\"column-4\">4<\/td><td class=\"column-5\">Setembro<\/td><td class=\"column-6\">28<\/td>\n<\/tr>\n<tr class=\"row-3\">\n\t<td class=\"column-1\">Fevereiro<\/td><td class=\"column-2\">2<\/td><td class=\"column-3\">Junho<\/td><td class=\"column-4\">3<\/td><td class=\"column-5\">Outubro<\/td><td class=\"column-6\">26<\/td>\n<\/tr>\n<tr class=\"row-4\">\n\t<td class=\"column-1\">Mar\u00e7o <\/td><td class=\"column-2\">2, 30<\/td><td class=\"column-3\">Julho<\/td><td class=\"column-4\">6<\/td><td class=\"column-5\">Novembro<\/td><td class=\"column-6\">23<\/td>\n<\/tr>\n<tr class=\"row-5\">\n\t<td class=\"column-1\">Abril<\/td><td class=\"column-2\"><\/td><td class=\"column-3\">Agosto<\/td><td class=\"column-4\">3, 31<\/td><td class=\"column-5\">Dezembro<\/td><td class=\"column-6\"><\/td>\n<\/tr>\n<tr class=\"row-6\">\n\t<td colspan=\"6\" class=\"column-1\">A escola ser\u00e1 fechada nos seguintes feriados nacionais: 06\/01, segunda-feira de P\u00e1scoa, 25\/04, 01\/05, 02\/06, 15\/08, 01\/11, 8\/12, e durante os feriados locais e f\u00e9rias de Natal.<\/td>\n<\/tr>\n<\/tbody>\n<\/table>\n\n<p>&nbsp;<\/p>\n<h2><strong>Por que estudar italiano em Roma?<\/strong><\/h2>\n<p>&nbsp;<\/p>\n<div class=\"aiosrs-rating-summary-wrap\">\n<p>Como diz a famosa express\u00e3o: todos os caminhos levam a Roma<\/p>\n<p>Se voc\u00ea estuda italiano n\u00e3o pode perder uma viagem a capital italiana.<\/p>\n<\/div>\n<div><\/div>\n<div>\n<p>Estudar italiano em Roma significa aprender a l\u00edngua numa ampla variedade de contextos do dia a dia.<\/p>\n<p>Como capital da It\u00e1lia, a cidade re\u00fane pessoas de diferentes regi\u00f5es e origens, oferecendo exposi\u00e7\u00e3o regular ao italiano tal como \u00e9 falado na vida real.. Museusmercados, caf\u00e9s de bairro, transportes p\u00fablicos e eventos culturais tornam-se<\/p>\n<p>oportunidades para praticar italiano naturalmente. Roma tamb\u00e9m oferece uma combina\u00e7\u00e3o equilibrada<\/p>\n<p>de foco acad\u00e9mico e est\u00edmulo cultural. Enquanto\u00a0cidades como Floren\u00e7a ou Bolonha s\u00e3o frequentemente associadas a tradi\u00e7\u00f5es art\u00edsticas ou acad\u00e9micas espec\u00edficas, Roma oferece um ambiente mais amplo e variado, no qual a aprendizagem da l\u00edngua e a experi\u00eancia cultural andam de m\u00e3os dadas.<\/p>\n<p><strong>Vantagens de estudar italiano em Roma<\/strong><\/p>\n<ul>\n<li><strong>Uma cidade de hist\u00f3ria e cultura<\/strong>: Roma \u00e9 um museu a c\u00e9u aberto, oferecendo s\u00e9culos de hist\u00f3ria, arte de classe mundial, arquitetura e marcos hist\u00f3ricos que enriquecem a sua experi\u00eancia de aprendizagem.<\/li>\n<li><strong>Estilo de vida romano<\/strong>: de caf\u00e9s e mercados a transportes p\u00fablicos e vida social, voc\u00ea experimenta a verdadeira cultura italiana todos os dias.<\/li>\n<li><strong>Cidade eterna<\/strong>: Roma combina tradi\u00e7\u00f5es antigas com a vida moderna, oferecendo infinitas oportunidades de explora\u00e7\u00e3o, eventos e atividades culturais.<\/li>\n<li><strong>Um ambiente de aprendizagem diferente<\/strong>: estudar italiano rodeado por locais ic\u00f3nicos como o Coliseu e a Cidade do Vaticano torna a aprendizagem envolvente e memor\u00e1vel.<\/li>\n<\/ul>\n<h2><\/h2>\n<h2><strong>Apoio personalizado da Studia in Italia<\/strong><\/h2>\n<p>&nbsp;<\/p>\n<p>Uma diferen\u00e7a pr\u00e1tica entre a Studia in Italia e as grandes redes de escolas de idiomas\u00e9 a nossa <strong>abordagem personalizada<\/strong>.<\/p>\n<p>Trabalhamos com um n\u00famero limitado de programas para que possamos oferecer um apoio consistente e individual.<\/p>\n<p>Desde aconsulta inicial at\u00e9 ao final da estadia, os alunos s\u00e3o assistidos por uma equipa com um forte conhecimento local da It\u00e1lia e do seu sistema educativo. Isso inclui<\/p>\n<p>orienta\u00e7\u00e3o sobre a sele\u00e7\u00e3o de cursos, acomoda\u00e7\u00e3o e arranjos pr\u00e1ticos.<\/p>\n<p>Em vez de oferecer pacotes padronizados, o nosso papel \u00e9 ajudar os alunos a escolher um programa que realmente se adapte aos seus objetivos de aprendizagem e interesses pessoais.<\/p>\n<p>&nbsp;<\/p>\n<h3><strong>\u00a0Atividades culturais e vida em Roma<\/strong><\/h3>\n<p>&nbsp;<\/p>\n<p>Al\u00e9m das aulas de l\u00edngua, a escola oferece um <strong>programa cultural<\/strong> concebido para ajudar os alunos a interagir com a cidade e praticar italiano fora da sala de aula.<\/p>\n<p>As atividades podem incluir:<\/p>\n<ul>\n<li>visitas guiadas por Roma<\/li>\n<li>exibi\u00e7\u00f5es de filmes italianos<\/li>\n<li>semin\u00e1rios sobre cultura e literatura italiana<\/li>\n<\/ul>\n<p>A participa\u00e7\u00e3o no programa cultural \u00e9 gratuita, enquanto os bilhetes de entrada e os custos de transporte s\u00e3o pagos pelo aluno.<\/p>\n<\/div>\n<div><\/div>\n<div><\/div>\n","protected":false},"excerpt":{"rendered":"<h2><strong>Aprenda italiano em Roma, a Cidade Eterna<\/strong><\/h2>\n<p>Quer aprender italiano numa cidade onde a hist\u00f3ria e a vida cotidiana se misturam naturalmente?<\/p>\n<p>Roma \u00e9 um lugar incr\u00edvel para estudar a l\u00edngua, combinando profundidade cultural com uma atmosfera animada e moderna.<\/p>\n<p>Aprender italiano aqui vai al\u00e9m da sala de aula e faz parte do dia a dia \u2014 em caf\u00e9s, mercados, museus e ruas do bairro.<\/p>\n<p>Com a <strong>StudiainItalia<\/strong>, pode estudar italiano em Roma numa escola local cuidadosamente selecionada, com professores nativos, turmas pequenas e uma abordagem comunicativa focada no uso pr\u00e1tico da l\u00edngua.<\/p>\n<p>O nosso papel \u00e9 orientar e apoiar-te com um servi\u00e7o personalizado, ajudando-te a construir uma experi\u00eancia de estudo significativa e bem estruturada em It\u00e1lia.<\/p>\n<p>Em Roma voc\u00ea pode encontrar muitas outras escolas de italiano, mas n\u00f3s escolhemos aquela que sempre nos d\u00e1 a melhor garantia em termos de aspecto humano, seriedade e cursos de alta qualidade<\/p>\n<p>&nbsp;<\/p>\n","protected":false},"featured_media":118435,"comment_status":"open","ping_status":"closed","template":"","meta":{"_acf_changed":false,"_uag_custom_page_level_css":"","_kad_blocks_custom_css":"","_kad_blocks_head_custom_js":"","_kad_blocks_body_custom_js":"","_kad_blocks_footer_custom_js":"","site-sidebar-layout":"default","site-content-layout":"default","ast-site-content-layout":"default","site-content-style":"default","site-sidebar-style":"default","ast-global-header-display":"","ast-banner-title-visibility":"","ast-main-header-display":"","ast-hfb-above-header-display":"","ast-hfb-below-header-display":"","ast-hfb-mobile-header-display":"","site-post-title":"","ast-breadcrumbs-content":"","ast-featured-img":"","footer-sml-layout":"","ast-disable-related-posts":"","theme-transparent-header-meta":"default","adv-header-id-meta":"","stick-header-meta":"default","header-above-stick-meta":"","header-main-stick-meta":"","header-below-stick-meta":"","astra-migrate-meta-layouts":"set","ast-page-background-enabled":"default","ast-page-background-meta":{"desktop":{"background-color":"var(--ast-global-color-4)","background-image":"","background-repeat":"repeat","background-position":"center center","background-size":"auto","background-attachment":"scroll","background-type":"","background-media":"","overlay-type":"","overlay-color":"","overlay-opacity":"","overlay-gradient":""},"tablet":{"background-color":"","background-image":"","background-repeat":"repeat","background-position":"center center","background-size":"auto","background-attachment":"scroll","background-type":"","background-media":"","overlay-type":"","overlay-color":"","overlay-opacity":"","overlay-gradient":""},"mobile":{"background-color":"","background-image":"","background-repeat":"repeat","background-position":"center center","background-size":"auto","background-attachment":"scroll","background-type":"","background-media":"","overlay-type":"","overlay-color":"","overlay-opacity":"","overlay-gradient":""}},"ast-content-background-meta":{"desktop":{"background-color":"var(--ast-global-color-5)","background-image":"","background-repeat":"repeat","background-position":"center center","background-size":"auto","background-attachment":"scroll","background-type":"","background-media":"","overlay-type":"","overlay-color":"","overlay-opacity":"","overlay-gradient":""},"tablet":{"background-color":"var(--ast-global-color-5)","background-image":"","background-repeat":"repeat","background-position":"center center","background-size":"auto","background-attachment":"scroll","background-type":"","background-media":"","overlay-type":"","overlay-color":"","overlay-opacity":"","overlay-gradient":""},"mobile":{"background-color":"var(--ast-global-color-5)","background-image":"","background-repeat":"repeat","background-position":"center center","background-size":"auto","background-attachment":"scroll","background-type":"","background-media":"","overlay-type":"","overlay-color":"","overlay-opacity":"","overlay-gradient":""}}},"section":[2028],"product_brand":[],"product_cat":[1267,1303],"product_tag":[1848],"class_list":{"0":"post-188331","1":"product","2":"type-product","3":"status-publish","4":"has-post-thumbnail","6":"section-center","7":"product_cat-cursos-de-italiano-em-italia","8":"product_cat-cursos-de-italiano-em-roma","9":"product_tag-cursos-italiano","10":"desktop-align-left","11":"tablet-align-left","12":"mobile-align-left","13":"ast-product-gallery-layout-horizontal-slider","14":"ast-product-single-variable","15":"ast-product-tabs-layout-horizontal","16":"ast-qv-on-image-click","18":"first","19":"instock","20":"sold-individually","21":"shipping-taxable","22":"purchasable","23":"product-type-variable","24":"has-default-attributes"},"acf":[],"taxonomy_info":{"section":[{"value":2028,"label":"Center"}],"product_cat":[{"value":1267,"label":"Cursos de italiano em It\u00e1lia"},{"value":1303,"label":"Cursos de italiano em Roma"}],"product_tag":[{"value":1848,"label":"Cursos Italiano"}]},"featured_image_src_large":["https:\/\/www.studiainitalia.com\/wp-content\/uploads\/2016\/11\/learn-italian-in-rome-e1490027930226.jpg",350,352,false],"author_info":[],"comment_info":22,"uagb_featured_image_src":{"full":["https:\/\/www.studiainitalia.com\/wp-content\/uploads\/2016\/11\/learn-italian-in-rome-e1490027930226.jpg",350,352,false],"thumbnail":["https:\/\/www.studiainitalia.com\/wp-content\/uploads\/2016\/11\/learn-italian-in-rome-150x150.jpg",96,96,true],"medium":["https:\/\/www.studiainitalia.com\/wp-content\/uploads\/2016\/11\/learn-italian-in-rome-298x300.jpg",298,300,true],"medium_large":["https:\/\/www.studiainitalia.com\/wp-content\/uploads\/2016\/11\/learn-italian-in-rome-e1490027930226.jpg",350,352,false],"large":["https:\/\/www.studiainitalia.com\/wp-content\/uploads\/2016\/11\/learn-italian-in-rome-e1490027930226.jpg",350,352,false],"1536x1536":["https:\/\/www.studiainitalia.com\/wp-content\/uploads\/2016\/11\/learn-italian-in-rome-e1490027930226.jpg",350,352,false],"2048x2048":["https:\/\/www.studiainitalia.com\/wp-content\/uploads\/2016\/11\/learn-italian-in-rome-e1490027930226.jpg",350,352,false],"ultp_layout_landscape_large":["https:\/\/www.studiainitalia.com\/wp-content\/uploads\/2016\/11\/learn-italian-in-rome-e1490027930226.jpg",350,352,false],"ultp_layout_landscape":["https:\/\/www.studiainitalia.com\/wp-content\/uploads\/2016\/11\/learn-italian-in-rome-e1490027930226.jpg",350,352,false],"ultp_layout_portrait":["https:\/\/www.studiainitalia.com\/wp-content\/uploads\/2016\/11\/learn-italian-in-rome-e1490027930226.jpg",350,352,false],"ultp_layout_square":["https:\/\/www.studiainitalia.com\/wp-content\/uploads\/2016\/11\/learn-italian-in-rome-e1490027930226.jpg",350,352,false],"gform-image-choice-sm":["https:\/\/www.studiainitalia.com\/wp-content\/uploads\/2016\/11\/learn-italian-in-rome-e1490027930226.jpg",298,300,false],"gform-image-choice-md":["https:\/\/www.studiainitalia.com\/wp-content\/uploads\/2016\/11\/learn-italian-in-rome-e1490027930226.jpg",350,352,false],"gform-image-choice-lg":["https:\/\/www.studiainitalia.com\/wp-content\/uploads\/2016\/11\/learn-italian-in-rome-e1490027930226.jpg",350,352,false],"woocommerce_thumbnail":["https:\/\/www.studiainitalia.com\/wp-content\/uploads\/2016\/11\/learn-italian-in-rome-e1490027930226-300x300.jpg",300,300,true],"woocommerce_single":["https:\/\/www.studiainitalia.com\/wp-content\/uploads\/2016\/11\/learn-italian-in-rome-e1490027930226.jpg",350,352,false],"woocommerce_gallery_thumbnail":["https:\/\/www.studiainitalia.com\/wp-content\/uploads\/2016\/11\/learn-italian-in-rome-e1490027930226-100x100.jpg",100,100,true],"yarpp-thumbnail":["https:\/\/www.studiainitalia.com\/wp-content\/uploads\/2016\/11\/learn-italian-in-rome-e1490027930226.jpg",120,120,false]},"uagb_author_info":{"display_name":"Javier Diaz","author_link":"https:\/\/www.studiainitalia.com\/pt-br\/author\/"},"uagb_comment_info":22,"uagb_excerpt":"Aprenda italiano em Roma, a Cidade Eterna Quer aprender italiano numa cidade onde a hist\u00f3ria e a vida cotidiana se misturam naturalmente? Roma \u00e9 um lugar incr\u00edvel para estudar a l\u00edngua, combinando profundidade cultural com uma atmosfera animada e moderna. Aprender italiano aqui vai al\u00e9m da sala de aula e faz parte do dia a&hellip;","_links":{"self":[{"href":"https:\/\/www.studiainitalia.com\/pt-br\/wp-json\/wp\/v2\/product\/188331","targetHints":{"allow":["GET"]}}],"collection":[{"href":"https:\/\/www.studiainitalia.com\/pt-br\/wp-json\/wp\/v2\/product"}],"about":[{"href":"https:\/\/www.studiainitalia.com\/pt-br\/wp-json\/wp\/v2\/types\/product"}],"replies":[{"embeddable":true,"href":"https:\/\/www.studiainitalia.com\/pt-br\/wp-json\/wp\/v2\/comments?post=188331"}],"wp:featuredmedia":[{"embeddable":true,"href":"https:\/\/www.studiainitalia.com\/pt-br\/wp-json\/wp\/v2\/media\/118435"}],"wp:attachment":[{"href":"https:\/\/www.studiainitalia.com\/pt-br\/wp-json\/wp\/v2\/media?parent=188331"}],"wp:term":[{"taxonomy":"section","embeddable":true,"href":"https:\/\/www.studiainitalia.com\/pt-br\/wp-json\/wp\/v2\/section?post=188331"},{"taxonomy":"product_brand","embeddable":true,"href":"https:\/\/www.studiainitalia.com\/pt-br\/wp-json\/wp\/v2\/product_brand?post=188331"},{"taxonomy":"product_cat","embeddable":true,"href":"https:\/\/www.studiainitalia.com\/pt-br\/wp-json\/wp\/v2\/product_cat?post=188331"},{"taxonomy":"product_tag","embeddable":true,"href":"https:\/\/www.studiainitalia.com\/pt-br\/wp-json\/wp\/v2\/product_tag?post=188331"}],"curies":[{"name":"wp","href":"https:\/\/api.w.org\/{rel}","templated":true}]}}