{"id":188333,"date":"2016-11-06T19:49:04","date_gmt":"2016-11-06T18:49:04","guid":{"rendered":"https:\/\/www.studiainitalia.com\/courses\/sem%20categoria\/italian-in-tropea\/"},"modified":"2026-03-25T10:19:51","modified_gmt":"2026-03-25T09:19:51","slug":"italiano-em-tropea","status":"publish","type":"product","link":"https:\/\/www.studiainitalia.com\/pt-br\/cursos\/cursos-de-italiano-em-italia\/italiano-em-tropea\/","title":{"rendered":"Curso de italiano em Tropea"},"content":{"rendered":"<h2><strong>Curso de italiano em Tropea<\/strong><\/h2>\n<p>&nbsp;<\/p>\n<p>Nossa escola em Tropea,\u00a0<strong>Piccola Universit\u00e0<\/strong>, funciona desde 2004. A escola \u00e9 reconhecida pelo Minist\u00e9rio da Educa\u00e7\u00e3o da It\u00e1lia.<\/p>\n<p>\u00c9 o lugar ideal para estudar italiano e desfrutar de f\u00e9rias a beira-mar na It\u00e1lia.<\/p>\n<p>Falantes nativos e professores graduados comp\u00f5em uma equipe maravilhosa.<\/p>\n<p>As salas de aula t\u00eam equipamento multim\u00e9dia, Wi-Fi gratuito e ar condicionado\/aquecimento.<\/p>\n<p>Os alunos t\u00eam \u00e0 disposi\u00e7\u00e3o salas de cinema e m\u00fasica com piano e guitarras.<\/p>\n<p>A nossa escola em Tropea tamb\u00e9m oferece cursos de mergulho, windsurf e catamar\u00e3, al\u00e9m de um programa interessante de atividades extras.<\/p>\n<p>A equipa administrativa \u00e9 multilingue e cuida dos alunos durante a sua estadia em Tropea.<\/p>\n<p>O servi\u00e7o de transporte do aeroporto de Lamezia Terme est\u00e1 inclu\u00eddo no pre\u00e7o do curso.<\/p>\n<h3><b>Estrutura do curso<\/b><\/h3>\n<p>&nbsp;<\/p>\n<p>Experimente uma <b>abordagem pragm\u00e1tica-comunicativa<\/b>. A escola centra-se no <b>m\u00e9todo human\u00edstico-afetivo<\/b>, colocando o aluno no centro do processo de aprendizagem para garantir o desenvolvimento harmonioso das quatro compet\u00eancias lingu\u00edsticas.<\/p>\n<ul>\n<li>Os cursos intensivos de italiano em Tropea consistem em 20 aulas por semana.<\/li>\n<li>Os cursos est\u00e3o dispon\u00edveis de mar\u00e7o a outubro. Est\u00e3o abertos a todos os n\u00edveis, desde iniciante at\u00e9 avan\u00e7ado.<\/li>\n<li>No primeiro dia de aula, \u00e9 feito um teste de n\u00edvel: isso vai ajudar a organizar as aulas de acordo com o seu n\u00edvel de conhecimento de italiano.<\/li>\n<li>As aulas s\u00e3o ministradas pela manh\u00e3, a partir das 9h. O objetivo principal desses cursos intensivos de italiano em Tropea \u00e9 melhorar a capacidade comunicativa dos alunos em todas as \u00e1reas da l\u00edngua italiana.<\/li>\n<li>As aulas di\u00e1rias s\u00e3o divididas entre fundamentos gramaticais estruturados e pr\u00e1tica din\u00e2mica de conversa\u00e7\u00e3o.<\/li>\n<li>Usando o m\u00e9todo situacional, preparamos voc\u00ea para a vida cotidiana na It\u00e1lia atrav\u00e9s do cinema, da m\u00fasica, da culin\u00e1ria e da hist\u00f3ria.<\/li>\n<\/ul>\n<p>S\u00e3o oferecidos todos os n\u00edveis, do A1 ao C2, do Quadro Europeu Comum de Refer\u00eancia para as L\u00ednguas (QECR).<\/p>\n<p>&nbsp;<\/p>\n<h3><b>Tipos de cursos de italiano dispon\u00edveis em Tropea<\/b><\/h3>\n<p>&nbsp;<\/p>\n<ul>\n<li>Curso intensivo de italiano (4 aulas por dia)<\/li>\n<li>Cursos superintensivos<\/li>\n<li>Aulas particulares de italiano<\/li>\n<li>Aulas de conversa\u00e7\u00e3o em italiano<\/li>\n<li>Cursos combinados de l\u00edngua e cultura italiana (para idosos, culin\u00e1ria, desporto, \u00f3pera)<\/li>\n<\/ul>\n<h2><b>Datas de in\u00edcio e detalhes<\/b><\/h2>\n<p>&nbsp;<\/p>\n<ul>\n<li><b>Dura\u00e7\u00e3o das aulas<\/b>: 55 minutos<\/li>\n<li><b>Tamanho m\u00e9dio das aulas<\/b>: 8 alunos<\/li>\n<li><b>Tamanho m\u00e1ximo das aulas<\/b>: 9 alunos<\/li>\n<li><b>Hor\u00e1rio<\/b>: pela manh\u00e3<\/li>\n<li><b>Materiais do curso<\/b>: inclu\u00eddos<\/li>\n<li><b>Teste de n\u00edvel e certificado final<\/b>: inclu\u00eddos<\/li>\n<li><b>Localiza\u00e7\u00e3o<\/b>: Via Largo Antonio Pandullo 5<\/li>\n<li><b>Outros servi\u00e7os<\/b>: acesso \u00e0 Internet, biblioteca, atividades sociais e transporte para o aeroporto dispon\u00edveis<\/li>\n<\/ul>\n<table id=\"tablepress-113\" class=\"tablepress tablepress-id-113\">\n<thead>\n<tr class=\"row-1 odd\">\n<th class=\"column-1\" colspan=\"6\">Datas de in\u00edcio<\/th>\n<\/tr>\n<\/thead>\n<tbody class=\"row-hover\">\n<tr class=\"row-2 even\">\n<td class=\"column-1\">Janeiro<\/td>\n<td class=\"column-2\"><\/td>\n<td class=\"column-3\">Maio<\/td>\n<td class=\"column-4\">cada segunda-feira<\/td>\n<td class=\"column-5\">Setembro<\/td>\n<td class=\"column-6\">cada segunda-feira<\/td>\n<\/tr>\n<tr class=\"row-3 odd\">\n<td class=\"column-1\">Fevereiro<\/td>\n<td class=\"column-2\"><\/td>\n<td class=\"column-3\">Junho<\/td>\n<td class=\"column-4\">cada segunda-feira<\/td>\n<td class=\"column-5\">Outubro<\/td>\n<td class=\"column-6\">cada segunda-feira<\/td>\n<\/tr>\n<tr class=\"row-4 even\">\n<td class=\"column-1\">Mar\u00e7o<\/td>\n<td class=\"column-2\">cada segunda-feira do dia 17<\/td>\n<td class=\"column-3\">Julho<\/td>\n<td class=\"column-4\">cada segunda-feira<\/td>\n<td class=\"column-5\">Novembro<\/td>\n<td class=\"column-6\"><\/td>\n<\/tr>\n<tr class=\"row-5 odd\">\n<td class=\"column-1\">Abril<\/td>\n<td class=\"column-2\">cada segunda-feira<\/td>\n<td class=\"column-3\">Agosto<\/td>\n<td class=\"column-4\">cada segunda-feira<\/td>\n<td class=\"column-5\">Dezembro<\/td>\n<td class=\"column-6\"><\/td>\n<\/tr>\n<tr class=\"row-6 even\">\n<td class=\"column-1\" colspan=\"6\">A escola ser\u00e1 fechada nos seguintes feriados nacionais: 06\/01, segunda-feira de P\u00e1scoa, 25\/04, 01\/05, 02\/06, 15\/08, 01\/11, 8\/12, e durante os feriados locais e f\u00e9rias de Natal.<\/td>\n<\/tr>\n<\/tbody>\n<\/table>\n<div class=\"aiosrs-rating-wrap\" data-schema-id=\"90691\">\n<div class=\"aiosrs-star-rating-wrap \"><\/div>\n<div class=\"aiosrs-rating-summary-wrap\">\n<h2><b>Por que estudar italiano em Tropea?<\/b><\/h2>\n<p>&nbsp;<\/p>\n<p>Estude com vista para as \u00e1guas turquesa e as praias de areia branca.<\/p>\n<p>Ao contr\u00e1rio dos centros tur\u00edsticos lotados, Tropea oferece um ambiente aut\u00eantico de \u201ccidade pequena\u201d, onde voc\u00ea pode praticar italiano diariamente com os simp\u00e1ticos habitantes locais.<\/p>\n<p>O tamanho compacto da cidade permite um estilo de vida sem stress, onde voc\u00ea pode ir a p\u00e9 a todos os lugares e se concentrar no sol, no mar e na comida.<\/p>\n<p>Ber\u00e7o da famosa \u00abCipolla Rossa\u00bb (cebola roxa) e da picante &#8216;Nduja, \u00e9 um para\u00edso para os amantes da gastronomia e entusiastas da dieta mediterr\u00e2nica.<\/p>\n<p>Desfrute de ver\u00f5es dourados que permitem o aprendizado ao ar livre e excurs\u00f5es.<\/p>\n<p><b>Vantagens de estudar italiano em Tropea<\/b><\/p>\n<ul>\n<li><b>Seguro e acolhedor:<\/b> um ambiente seguro.<\/li>\n<li><b>Localiza\u00e7\u00e3o estrat\u00e9gica:<\/b> explore o resto da Cal\u00e1bria, as Ilhas E\u00f3lias e a Sic\u00edlia.<\/li>\n<\/ul>\n<h3><b>Atividades culturais e vida em Tropea<\/b><\/h3>\n<p>&nbsp;<\/p>\n<p>O programa cultural semanal da escola oferece uma imers\u00e3o total no aut\u00eantico estilo de vida italiano atrav\u00e9s de uma rica variedade de atividades:<\/p>\n<ul>\n<li><b>Arte e entretenimento:<\/b> desfrute de noites de cinema italiano, concertos cl\u00e1ssicos privados e semin\u00e1rios sobre os costumes locais.<\/li>\n<li><b>Mar e aventura:<\/b> Participe em excurs\u00f5es de lancha a praias escondidas de areia branca ou em viagens \u00e0s ilhas E\u00f3lias.<\/li>\n<li><b>Explora\u00e7\u00e3o regional:<\/b> Visitas guiadas pela Cal\u00e1bria, Sic\u00edlia e Camp\u00e2nia.<\/li>\n<\/ul>\n<\/div>\n<\/div>\n","protected":false},"excerpt":{"rendered":"<h2><b>Aprenda italiano em Tropea:\u00a0<\/b>um deslumbrante mar cristalino<\/h2>\n<p>Pronto para uma imers\u00e3o \u00e0 beira-mar?<\/p>\n<p>Comece a sua aventura mediterr\u00e2nea em Tropea, descubra a Cal\u00e1bria e a cultura mediterr\u00e2nea<\/p>\n<h2><\/h2>\n<p>&nbsp;<\/p>\n","protected":false},"featured_media":197688,"comment_status":"open","ping_status":"closed","template":"","meta":{"_acf_changed":false,"_uag_custom_page_level_css":"","_kad_blocks_custom_css":"","_kad_blocks_head_custom_js":"","_kad_blocks_body_custom_js":"","_kad_blocks_footer_custom_js":"","site-sidebar-layout":"default","site-content-layout":"default","ast-site-content-layout":"default","site-content-style":"default","site-sidebar-style":"default","ast-global-header-display":"","ast-banner-title-visibility":"","ast-main-header-display":"","ast-hfb-above-header-display":"","ast-hfb-below-header-display":"","ast-hfb-mobile-header-display":"","site-post-title":"","ast-breadcrumbs-content":"","ast-featured-img":"","footer-sml-layout":"","ast-disable-related-posts":"","theme-transparent-header-meta":"default","adv-header-id-meta":"","stick-header-meta":"default","header-above-stick-meta":"","header-main-stick-meta":"","header-below-stick-meta":"","astra-migrate-meta-layouts":"set","ast-page-background-enabled":"default","ast-page-background-meta":{"desktop":{"background-color":"var(--ast-global-color-4)","background-image":"","background-repeat":"repeat","background-position":"center center","background-size":"auto","background-attachment":"scroll","background-type":"","background-media":"","overlay-type":"","overlay-color":"","overlay-opacity":"","overlay-gradient":""},"tablet":{"background-color":"","background-image":"","background-repeat":"repeat","background-position":"center center","background-size":"auto","background-attachment":"scroll","background-type":"","background-media":"","overlay-type":"","overlay-color":"","overlay-opacity":"","overlay-gradient":""},"mobile":{"background-color":"","background-image":"","background-repeat":"repeat","background-position":"center center","background-size":"auto","background-attachment":"scroll","background-type":"","background-media":"","overlay-type":"","overlay-color":"","overlay-opacity":"","overlay-gradient":""}},"ast-content-background-meta":{"desktop":{"background-color":"var(--ast-global-color-5)","background-image":"","background-repeat":"repeat","background-position":"center center","background-size":"auto","background-attachment":"scroll","background-type":"","background-media":"","overlay-type":"","overlay-color":"","overlay-opacity":"","overlay-gradient":""},"tablet":{"background-color":"var(--ast-global-color-5)","background-image":"","background-repeat":"repeat","background-position":"center center","background-size":"auto","background-attachment":"scroll","background-type":"","background-media":"","overlay-type":"","overlay-color":"","overlay-opacity":"","overlay-gradient":""},"mobile":{"background-color":"var(--ast-global-color-5)","background-image":"","background-repeat":"repeat","background-position":"center center","background-size":"auto","background-attachment":"scroll","background-type":"","background-media":"","overlay-type":"","overlay-color":"","overlay-opacity":"","overlay-gradient":""}}},"section":[2029],"product_brand":[],"product_cat":[1267,1304],"product_tag":[1848],"class_list":{"0":"post-188333","1":"product","2":"type-product","3":"status-publish","4":"has-post-thumbnail","6":"section-south-and-islands","7":"product_cat-cursos-de-italiano-em-italia","8":"product_cat-cursos-em-tropea","9":"product_tag-cursos-italiano","10":"desktop-align-left","11":"tablet-align-left","12":"mobile-align-left","13":"ast-product-gallery-layout-horizontal-slider","14":"ast-product-single-variable","15":"ast-product-tabs-layout-horizontal","16":"ast-qv-on-image-click","18":"first","19":"instock","20":"sold-individually","21":"shipping-taxable","22":"purchasable","23":"product-type-variable","24":"has-default-attributes"},"acf":[],"taxonomy_info":{"section":[{"value":2029,"label":"South and Islands"}],"product_cat":[{"value":1267,"label":"Cursos de italiano em It\u00e1lia"},{"value":1304,"label":"Cursos em Tropea"}],"product_tag":[{"value":1848,"label":"Cursos Italiano"}]},"featured_image_src_large":["https:\/\/www.studiainitalia.com\/wp-content\/uploads\/2024\/03\/tropea1.jpg",750,851,false],"author_info":[],"comment_info":3,"uagb_featured_image_src":{"full":["https:\/\/www.studiainitalia.com\/wp-content\/uploads\/2024\/03\/tropea1.jpg",750,851,false],"thumbnail":["https:\/\/www.studiainitalia.com\/wp-content\/uploads\/2024\/03\/tropea1.jpg",85,96,false],"medium":["https:\/\/www.studiainitalia.com\/wp-content\/uploads\/2024\/03\/tropea1.jpg",750,851,false],"medium_large":["https:\/\/www.studiainitalia.com\/wp-content\/uploads\/2024\/03\/tropea1.jpg",750,851,false],"large":["https:\/\/www.studiainitalia.com\/wp-content\/uploads\/2024\/03\/tropea1.jpg",750,851,false],"1536x1536":["https:\/\/www.studiainitalia.com\/wp-content\/uploads\/2024\/03\/tropea1.jpg",750,851,false],"2048x2048":["https:\/\/www.studiainitalia.com\/wp-content\/uploads\/2024\/03\/tropea1.jpg",750,851,false],"ultp_layout_landscape_large":["https:\/\/www.studiainitalia.com\/wp-content\/uploads\/2024\/03\/tropea1-750x800.jpg",750,800,true],"ultp_layout_landscape":["https:\/\/www.studiainitalia.com\/wp-content\/uploads\/2024\/03\/tropea1-750x570.jpg",750,570,true],"ultp_layout_portrait":["https:\/\/www.studiainitalia.com\/wp-content\/uploads\/2024\/03\/tropea1-600x851.jpg",600,851,true],"ultp_layout_square":["https:\/\/www.studiainitalia.com\/wp-content\/uploads\/2024\/03\/tropea1-600x600.jpg",600,600,true],"gform-image-choice-sm":["https:\/\/www.studiainitalia.com\/wp-content\/uploads\/2024\/03\/tropea1.jpg",264,300,false],"gform-image-choice-md":["https:\/\/www.studiainitalia.com\/wp-content\/uploads\/2024\/03\/tropea1.jpg",353,400,false],"gform-image-choice-lg":["https:\/\/www.studiainitalia.com\/wp-content\/uploads\/2024\/03\/tropea1.jpg",529,600,false],"woocommerce_thumbnail":["https:\/\/www.studiainitalia.com\/wp-content\/uploads\/2024\/03\/tropea1-300x300.jpg",300,300,true],"woocommerce_single":["https:\/\/www.studiainitalia.com\/wp-content\/uploads\/2024\/03\/tropea1-400x454.jpg",400,454,true],"woocommerce_gallery_thumbnail":["https:\/\/www.studiainitalia.com\/wp-content\/uploads\/2024\/03\/tropea1-100x100.jpg",100,100,true],"yarpp-thumbnail":["https:\/\/www.studiainitalia.com\/wp-content\/uploads\/2024\/03\/tropea1-120x120.jpg",120,120,true]},"uagb_author_info":{"display_name":"Javier Diaz","author_link":"https:\/\/www.studiainitalia.com\/pt-br\/author\/"},"uagb_comment_info":3,"uagb_excerpt":"Aprenda italiano em Tropea:\u00a0um deslumbrante mar cristalino Pronto para uma imers\u00e3o \u00e0 beira-mar? Comece a sua aventura mediterr\u00e2nea em Tropea, descubra a Cal\u00e1bria e a cultura mediterr\u00e2nea &nbsp;","_links":{"self":[{"href":"https:\/\/www.studiainitalia.com\/pt-br\/wp-json\/wp\/v2\/product\/188333","targetHints":{"allow":["GET"]}}],"collection":[{"href":"https:\/\/www.studiainitalia.com\/pt-br\/wp-json\/wp\/v2\/product"}],"about":[{"href":"https:\/\/www.studiainitalia.com\/pt-br\/wp-json\/wp\/v2\/types\/product"}],"replies":[{"embeddable":true,"href":"https:\/\/www.studiainitalia.com\/pt-br\/wp-json\/wp\/v2\/comments?post=188333"}],"wp:featuredmedia":[{"embeddable":true,"href":"https:\/\/www.studiainitalia.com\/pt-br\/wp-json\/wp\/v2\/media\/197688"}],"wp:attachment":[{"href":"https:\/\/www.studiainitalia.com\/pt-br\/wp-json\/wp\/v2\/media?parent=188333"}],"wp:term":[{"taxonomy":"section","embeddable":true,"href":"https:\/\/www.studiainitalia.com\/pt-br\/wp-json\/wp\/v2\/section?post=188333"},{"taxonomy":"product_brand","embeddable":true,"href":"https:\/\/www.studiainitalia.com\/pt-br\/wp-json\/wp\/v2\/product_brand?post=188333"},{"taxonomy":"product_cat","embeddable":true,"href":"https:\/\/www.studiainitalia.com\/pt-br\/wp-json\/wp\/v2\/product_cat?post=188333"},{"taxonomy":"product_tag","embeddable":true,"href":"https:\/\/www.studiainitalia.com\/pt-br\/wp-json\/wp\/v2\/product_tag?post=188333"}],"curies":[{"name":"wp","href":"https:\/\/api.w.org\/{rel}","templated":true}]}}