{"id":188335,"date":"2016-11-06T18:56:00","date_gmt":"2016-11-06T17:56:00","guid":{"rendered":"https:\/\/www.studiainitalia.com\/courses\/sem%20categoria\/italian-in-taormina\/"},"modified":"2026-03-25T10:25:42","modified_gmt":"2026-03-25T09:25:42","slug":"curso-de-italiano-em-taormina","status":"publish","type":"product","link":"https:\/\/www.studiainitalia.com\/pt-br\/cursos\/cursos-de-italiano-em-italia\/curso-de-italiano-em-taormina\/","title":{"rendered":"Curso de italiano em Taormina"},"content":{"rendered":"<h2><strong>Curso de italiano em Taormina<\/strong><\/h2>\n<p>&nbsp;<\/p>\n<p>A nossa escola de italiano em Taormina, Babilonia, \u00e9 reconhecida pelo Minist\u00e9rio da Educa\u00e7\u00e3o italiano.<\/p>\n<p>A escola fica a poucos metros do Teatro Grego.<\/p>\n<p>No jardim, os alunos podem relaxar sob as \u00e1rvores frondosas. Pode estudar e encontrar-se com os seus amigos para tomar um caf\u00e9. A cafetaria da escola prepara pratos t\u00edpicos sicilianos.<\/p>\n<p>Experimente um caminho personalizado para a flu\u00eancia com a metodologia imersiva da escola. Combinamos turmas pequenas (em m\u00e9dia 4-6 alunos) com uma rota\u00e7\u00e3o de professores experientes para que voc\u00ea se exponha aos sons e ritmos aut\u00eanticos da It\u00e1lia.<\/p>\n<p>Todos os n\u00edveis, de A1 a C2, do Quadro Europeu Comum de Refer\u00eancia para as L\u00ednguas (QECR) est\u00e3o dispon\u00edveis.<\/p>\n<p>O plano de estudos da escola usa materiais do mundo real, como cinema, not\u00edcias e literatura, para diminuir a dist\u00e2ncia entre a sala de aula e a piazza. Garantimos que voc\u00ea vai ganhar confian\u00e7a para falar corretamente.<\/p>\n<p>A nossa equipa especializada supervisiona semanalmente o seu progresso para garantir uma experi\u00eancia de aprendizagem perfeitamente adaptada ao seu n\u00edvel.<\/p>\n<p>A abordagem comunicativa da escola reconhece que existe uma diferen\u00e7a fundamental entre simplesmente aprender uma l\u00edngua e realmente adquiri-la. Mergulhe no italiano real que os italianos falam, usando materiais aut\u00eanticos que encurtam a dist\u00e2ncia entre a sala de aula e as ruas animadas de Taormina.<\/p>\n<p>&nbsp;<\/p>\n<h3><b>Estrutura do curso<\/b><\/h3>\n<p>&nbsp;<\/p>\n<ul>\n<li>Os cursos intensivos de italiano em Taormina consistem em 20 aulas por semana. H\u00e1 cursos para todos os n\u00edveis dispon\u00edveis de fevereiro a novembro.<\/li>\n<\/ul>\n<ul>\n<li>As aulas s\u00e3o ministradas por professores nativos qualificados e baseiam-se no uso de m\u00e9todos de ensino simples, mas eficazes.<\/li>\n<\/ul>\n<ul>\n<li>O tamanho das turmas, com uma m\u00e9dia de 6-8 e um m\u00e1ximo de 10 alunos do mesmo n\u00edvel por turma, permite uma experi\u00eancia de aprendizagem interativa e r\u00e1pida.<\/li>\n<\/ul>\n<ul>\n<li>Os programas dos cursos intensivos de italiano foram desenvolvidos a partir de uma abordagem comunicativa.<\/li>\n<\/ul>\n<ul>\n<li>O primeiro objetivo \u00e9 a comunica\u00e7\u00e3o, tanto oral como escrita.<\/li>\n<\/ul>\n<h3><b>Tipos de cursos de italiano dispon\u00edveis em Taormina<\/b><\/h3>\n<p>&nbsp;<\/p>\n<ul>\n<li>Curso intensivo de italiano (4 aulas por dia)<\/li>\n<li>Cursos superintensivos<\/li>\n<li>Cursos semi-intensivos (2 horas por dia)<\/li>\n<li>Aulas particulares de italiano<\/li>\n<li>Cursos combinados de l\u00edngua e cultura italiana (desportos, culin\u00e1ria, cer\u00e2mica)<\/li>\n<li><a href=\"https:\/\/www.studiainitalia.com\/pt-br\/cursos\/cursos-em-taormina\/curso-de-italiano-50-em-taormina\/\">Cursos para 50+<\/a><\/li>\n<\/ul>\n<h2><b>Datas de in\u00edcio e detalhes<\/b><\/h2>\n<p>&nbsp;<\/p>\n<ul>\n<li><b>Dura\u00e7\u00e3o das aulas<\/b>: 45 minutos<\/li>\n<li><b>Tamanho m\u00e9dio das turmas<\/b>: 9 alunos<\/li>\n<li><b>Tamanho m\u00e1ximo das turmas<\/b>: 12 alunos<\/li>\n<li><b>Hor\u00e1rio<\/b>: De manh\u00e3 ou \u00e0 tarde, dependendo do tipo de curso<\/li>\n<li><b>Materiais do curso<\/b>: Inclu\u00eddos<\/li>\n<li><b>Teste de n\u00edvel e certificado final<\/b>: Inclu\u00eddos<\/li>\n<li><b>Localiza\u00e7\u00e3o<\/b>: Via Timoleone 10<\/li>\n<li><b>Outros servi\u00e7os<\/b>: Acesso \u00e0 Internet, atividades sociais, jardim, cafetaria e transporte para o aeroporto dispon\u00edvel<\/li>\n<\/ul>\n<div>\n<table id=\"tablepress-108\" class=\"tablepress tablepress-id-108 tbody-has-connected-cells\">\n<thead>\n<tr class=\"row-1\">\n\t<th colspan=\"6\" class=\"column-1\">Datas de in\u00edcio 2026<\/th>\n<\/tr>\n<\/thead>\n<tbody class=\"row-striping row-hover\">\n<tr class=\"row-2\">\n\t<td class=\"column-1\">Janeiro<\/td><td class=\"column-2\"><\/td><td class=\"column-3\">Maio<\/td><td class=\"column-4\">cada segunda feira<\/td><td class=\"column-5\">Setembro<\/td><td class=\"column-6\">cada segunda feira<\/td>\n<\/tr>\n<tr class=\"row-3\">\n\t<td class=\"column-1\">Fevereiro<\/td><td class=\"column-2\">cada segunda feira<\/td><td class=\"column-3\">Junho<\/td><td class=\"column-4\">cada segunda feira<\/td><td class=\"column-5\">Outubro<\/td><td class=\"column-6\">cada segunda feira<\/td>\n<\/tr>\n<tr class=\"row-4\">\n\t<td class=\"column-1\">Mar\u00e7o <\/td><td class=\"column-2\">cada segunda feira<\/td><td class=\"column-3\">Julho<\/td><td class=\"column-4\">cada segunda feira<\/td><td class=\"column-5\">Novembro<\/td><td class=\"column-6\">cada segunda feira<\/td>\n<\/tr>\n<tr class=\"row-5\">\n\t<td class=\"column-1\">Abril<\/td><td class=\"column-2\">cada segunda feira<\/td><td class=\"column-3\">Agosto<\/td><td class=\"column-4\">cada segunda feira<\/td><td class=\"column-5\">Dezembro<\/td><td class=\"column-6\">cada segunda feira<\/td>\n<\/tr>\n<tr class=\"row-6\">\n\t<td colspan=\"6\" class=\"column-1\">A escola ser\u00e1 fechada nos seguintes feriados nacionais: 06\/01, segunda-feira de P\u00e1scoa, 25\/04, 01\/05, 02\/06, 15\/08, 01\/11, 8\/12, e durante os feriados locais e f\u00e9rias de Natal a partir do 13.11<\/td>\n<\/tr>\n<\/tbody>\n<\/table>\n<!-- #tablepress-108 from cache --><\/div>\n<div><\/div>\n<h2><\/h2>\n<h2><b>Por que estudar italiano em Taormina?<\/b><\/h2>\n<p>&nbsp;<\/p>\n<p>As ruas medievais s\u00e3o seguras, transit\u00e1veis e cheias de pessoas simp\u00e1ticas que v\u00e3o adorar conversar consigo. Pode praticar o que aprendeu na aula da manh\u00e3 enquanto pede uma <i>granita<\/i> numa cafetaria.<\/p>\n<p>Taormina acolheu escritores, poetas e artistas durante s\u00e9culos, desde DH Lawrence a Oscar Wilde. Hoje em dia, esse esp\u00edrito art\u00edstico continua vivo atrav\u00e9s de festivais internacionais de cinema, m\u00fasica e literatura.<\/p>\n<p>Taormina tem invernos amenos e ver\u00f5es ensolarados. Isso permite um estilo de vida ao ar livre durante todo o ano.<\/p>\n<p><b>Vantagens de estudar italiano em Taormina<\/b><\/p>\n<p><b>Sabores sicilianos:<\/b> Taormina \u00e9 a porta de entrada para o incr\u00edvel mundo da cozinha siciliana. Desde frutos do mar de primeira qualidade at\u00e9 os famosos vinhos cultivados no solo vulc\u00e2nico do Etna, cada refei\u00e7\u00e3o \u00e9 uma oportunidade para explorar a conex\u00e3o entre a l\u00edngua italiana e sua alma culin\u00e1ria.<\/p>\n<p><b>Cultura siciliana<\/b> Taormina \u00e9 a porta de entrada perfeita para o rico patrim\u00f3nio da Sic\u00edlia.<\/p>\n<p>&nbsp;<\/p>\n<h3><b>Atividades culturais e vida em Taormina<\/b><\/h3>\n<p>&nbsp;<\/p>\n<p>A escola tem um lindo jardim onde s\u00e3o realizados v\u00e1rios eventos culturais.<\/p>\n<p>A escola organiza todas as semanas v\u00e1rias atividades sociais e excurs\u00f5es, como palestras sobre literatura italiana e pol\u00edtica siciliana, exibi\u00e7\u00f5es de filmes e passeios guiados por Taormina.<\/p>\n<p>Al\u00e9m das nossas atividades gratuitas, a escola organiza excurs\u00f5es e passeios exclusivos.<\/p>\n<ul>\n<li><b>Excurs\u00f5es de um dia e fins de semana:<\/b> Explore as paisagens vulc\u00e2nicas do <b>Monte Etna<\/b>, as antigas ru\u00ednas de <b>Siracusa<\/b> ou as cristalinas <b>Ilhas E\u00f3lias<\/b>.<\/li>\n<li><b>Noites culturais:<\/b> Junte-se a n\u00f3s em jantares em grupo, apresenta\u00e7\u00f5es teatrais e concertos sob as estrelas.<\/li>\n<\/ul>\n<p><b>\u00c9 um convite perfeito para estudar italiano em Taormina e descobrir o estilo de vida siciliano.<\/b><\/p>\n<p>&nbsp;<\/p>\n<div class=\"aiosrs-rating-summary-wrap\"><\/div>\n<div><\/div>\n<div><\/div>\n","protected":false},"excerpt":{"rendered":"<h2><b>Aprenda italiano em Taormina, uma <\/b>imers\u00e3o lingu\u00edstica entre o mar e o Etna<\/h2>\n<p>Imagine aprender italiano enquanto contempla as \u00e1guas turquesa do mar J\u00f3nico. <b>Taormina<\/b>, a \u00abp\u00e9rola do Mediterr\u00e2neo\u00bb da Sic\u00edlia, \u00e9 mais do que um cen\u00e1rio pitoresco: \u00e9 a sala de aula definitiva para a descoberta cultural e lingu\u00edstica.<\/p>\n<p>Esta impressionante cidade siciliana combina uma educa\u00e7\u00e3o de primeira classe com um estilo de vida inesquec\u00edvel. Os nossos cursos s\u00e3o concebidos para que comece a falar desde o primeiro dia num ambiente que se assemelha menos a uma escola e mais a uma comunidade.<\/p>\n<p>Taormina fica a quarenta e cinco minutos de carro do maior vulc\u00e3o ativo da Europa, o <b>Monte Etna<\/b>. Fica perto da localidade costeira de Giardini Naxos. Isola Bella e Spisone s\u00e3o as suas praias famosas.<\/p>\n","protected":false},"featured_media":118483,"comment_status":"open","ping_status":"closed","template":"","meta":{"_acf_changed":false,"_uag_custom_page_level_css":"","_kad_blocks_custom_css":"","_kad_blocks_head_custom_js":"","_kad_blocks_body_custom_js":"","_kad_blocks_footer_custom_js":"","site-sidebar-layout":"default","site-content-layout":"default","ast-site-content-layout":"default","site-content-style":"default","site-sidebar-style":"default","ast-global-header-display":"","ast-banner-title-visibility":"","ast-main-header-display":"","ast-hfb-above-header-display":"","ast-hfb-below-header-display":"","ast-hfb-mobile-header-display":"","site-post-title":"","ast-breadcrumbs-content":"","ast-featured-img":"","footer-sml-layout":"","ast-disable-related-posts":"","theme-transparent-header-meta":"default","adv-header-id-meta":"","stick-header-meta":"default","header-above-stick-meta":"","header-main-stick-meta":"","header-below-stick-meta":"","astra-migrate-meta-layouts":"set","ast-page-background-enabled":"default","ast-page-background-meta":{"desktop":{"background-color":"var(--ast-global-color-4)","background-image":"","background-repeat":"repeat","background-position":"center center","background-size":"auto","background-attachment":"scroll","background-type":"","background-media":"","overlay-type":"","overlay-color":"","overlay-opacity":"","overlay-gradient":""},"tablet":{"background-color":"","background-image":"","background-repeat":"repeat","background-position":"center center","background-size":"auto","background-attachment":"scroll","background-type":"","background-media":"","overlay-type":"","overlay-color":"","overlay-opacity":"","overlay-gradient":""},"mobile":{"background-color":"","background-image":"","background-repeat":"repeat","background-position":"center center","background-size":"auto","background-attachment":"scroll","background-type":"","background-media":"","overlay-type":"","overlay-color":"","overlay-opacity":"","overlay-gradient":""}},"ast-content-background-meta":{"desktop":{"background-color":"var(--ast-global-color-5)","background-image":"","background-repeat":"repeat","background-position":"center center","background-size":"auto","background-attachment":"scroll","background-type":"","background-media":"","overlay-type":"","overlay-color":"","overlay-opacity":"","overlay-gradient":""},"tablet":{"background-color":"var(--ast-global-color-5)","background-image":"","background-repeat":"repeat","background-position":"center center","background-size":"auto","background-attachment":"scroll","background-type":"","background-media":"","overlay-type":"","overlay-color":"","overlay-opacity":"","overlay-gradient":""},"mobile":{"background-color":"var(--ast-global-color-5)","background-image":"","background-repeat":"repeat","background-position":"center center","background-size":"auto","background-attachment":"scroll","background-type":"","background-media":"","overlay-type":"","overlay-color":"","overlay-opacity":"","overlay-gradient":""}}},"section":[2029],"product_brand":[],"product_cat":[1267,1306],"product_tag":[1848],"class_list":{"0":"post-188335","1":"product","2":"type-product","3":"status-publish","4":"has-post-thumbnail","6":"section-south-and-islands","7":"product_cat-cursos-de-italiano-em-italia","8":"product_cat-cursos-em-taormina","9":"product_tag-cursos-italiano","10":"desktop-align-left","11":"tablet-align-left","12":"mobile-align-left","13":"ast-product-gallery-layout-horizontal-slider","14":"ast-product-single-variable","15":"ast-product-tabs-layout-horizontal","16":"ast-qv-on-image-click","18":"first","19":"instock","20":"sold-individually","21":"shipping-taxable","22":"purchasable","23":"product-type-variable","24":"has-default-attributes"},"acf":[],"taxonomy_info":{"section":[{"value":2029,"label":"South and Islands"}],"product_cat":[{"value":1267,"label":"Cursos de italiano em It\u00e1lia"},{"value":1306,"label":"Cursos em Taormina"}],"product_tag":[{"value":1848,"label":"Cursos Italiano"}]},"featured_image_src_large":["https:\/\/www.studiainitalia.com\/wp-content\/uploads\/2016\/11\/learn-italian-in-taormina-e1490028120271.jpg",350,350,false],"author_info":[],"comment_info":9,"uagb_featured_image_src":{"full":["https:\/\/www.studiainitalia.com\/wp-content\/uploads\/2016\/11\/learn-italian-in-taormina-e1490028120271.jpg",350,350,false],"thumbnail":["https:\/\/www.studiainitalia.com\/wp-content\/uploads\/2016\/11\/learn-italian-in-taormina-150x150.jpg",96,96,true],"medium":["https:\/\/www.studiainitalia.com\/wp-content\/uploads\/2016\/11\/learn-italian-in-taormina-300x300.jpg",300,300,true],"medium_large":["https:\/\/www.studiainitalia.com\/wp-content\/uploads\/2016\/11\/learn-italian-in-taormina-e1490028120271.jpg",350,350,false],"large":["https:\/\/www.studiainitalia.com\/wp-content\/uploads\/2016\/11\/learn-italian-in-taormina-e1490028120271.jpg",350,350,false],"1536x1536":["https:\/\/www.studiainitalia.com\/wp-content\/uploads\/2016\/11\/learn-italian-in-taormina-e1490028120271.jpg",350,350,false],"2048x2048":["https:\/\/www.studiainitalia.com\/wp-content\/uploads\/2016\/11\/learn-italian-in-taormina-e1490028120271.jpg",350,350,false],"ultp_layout_landscape_large":["https:\/\/www.studiainitalia.com\/wp-content\/uploads\/2016\/11\/learn-italian-in-taormina-e1490028120271.jpg",350,350,false],"ultp_layout_landscape":["https:\/\/www.studiainitalia.com\/wp-content\/uploads\/2016\/11\/learn-italian-in-taormina-e1490028120271.jpg",350,350,false],"ultp_layout_portrait":["https:\/\/www.studiainitalia.com\/wp-content\/uploads\/2016\/11\/learn-italian-in-taormina-e1490028120271.jpg",350,350,false],"ultp_layout_square":["https:\/\/www.studiainitalia.com\/wp-content\/uploads\/2016\/11\/learn-italian-in-taormina-e1490028120271.jpg",350,350,false],"gform-image-choice-sm":["https:\/\/www.studiainitalia.com\/wp-content\/uploads\/2016\/11\/learn-italian-in-taormina-e1490028120271.jpg",300,300,false],"gform-image-choice-md":["https:\/\/www.studiainitalia.com\/wp-content\/uploads\/2016\/11\/learn-italian-in-taormina-e1490028120271.jpg",350,350,false],"gform-image-choice-lg":["https:\/\/www.studiainitalia.com\/wp-content\/uploads\/2016\/11\/learn-italian-in-taormina-e1490028120271.jpg",350,350,false],"woocommerce_thumbnail":["https:\/\/www.studiainitalia.com\/wp-content\/uploads\/2016\/11\/learn-italian-in-taormina-e1490028120271-300x300.jpg",300,300,true],"woocommerce_single":["https:\/\/www.studiainitalia.com\/wp-content\/uploads\/2016\/11\/learn-italian-in-taormina-e1490028120271.jpg",350,350,false],"woocommerce_gallery_thumbnail":["https:\/\/www.studiainitalia.com\/wp-content\/uploads\/2016\/11\/learn-italian-in-taormina-e1490028120271-100x100.jpg",100,100,true],"yarpp-thumbnail":["https:\/\/www.studiainitalia.com\/wp-content\/uploads\/2016\/11\/learn-italian-in-taormina-e1490028120271.jpg",120,120,false]},"uagb_author_info":{"display_name":"Javier Diaz","author_link":"https:\/\/www.studiainitalia.com\/pt-br\/author\/"},"uagb_comment_info":9,"uagb_excerpt":"Aprenda italiano em Taormina, uma imers\u00e3o lingu\u00edstica entre o mar e o Etna Imagine aprender italiano enquanto contempla as \u00e1guas turquesa do mar J\u00f3nico. Taormina, a \u00abp\u00e9rola do Mediterr\u00e2neo\u00bb da Sic\u00edlia, \u00e9 mais do que um cen\u00e1rio pitoresco: \u00e9 a sala de aula definitiva para a descoberta cultural e lingu\u00edstica. Esta impressionante cidade siciliana combina&hellip;","_links":{"self":[{"href":"https:\/\/www.studiainitalia.com\/pt-br\/wp-json\/wp\/v2\/product\/188335","targetHints":{"allow":["GET"]}}],"collection":[{"href":"https:\/\/www.studiainitalia.com\/pt-br\/wp-json\/wp\/v2\/product"}],"about":[{"href":"https:\/\/www.studiainitalia.com\/pt-br\/wp-json\/wp\/v2\/types\/product"}],"replies":[{"embeddable":true,"href":"https:\/\/www.studiainitalia.com\/pt-br\/wp-json\/wp\/v2\/comments?post=188335"}],"wp:featuredmedia":[{"embeddable":true,"href":"https:\/\/www.studiainitalia.com\/pt-br\/wp-json\/wp\/v2\/media\/118483"}],"wp:attachment":[{"href":"https:\/\/www.studiainitalia.com\/pt-br\/wp-json\/wp\/v2\/media?parent=188335"}],"wp:term":[{"taxonomy":"section","embeddable":true,"href":"https:\/\/www.studiainitalia.com\/pt-br\/wp-json\/wp\/v2\/section?post=188335"},{"taxonomy":"product_brand","embeddable":true,"href":"https:\/\/www.studiainitalia.com\/pt-br\/wp-json\/wp\/v2\/product_brand?post=188335"},{"taxonomy":"product_cat","embeddable":true,"href":"https:\/\/www.studiainitalia.com\/pt-br\/wp-json\/wp\/v2\/product_cat?post=188335"},{"taxonomy":"product_tag","embeddable":true,"href":"https:\/\/www.studiainitalia.com\/pt-br\/wp-json\/wp\/v2\/product_tag?post=188335"}],"curies":[{"name":"wp","href":"https:\/\/api.w.org\/{rel}","templated":true}]}}