{"id":188359,"date":"2016-11-01T15:57:25","date_gmt":"2016-11-01T14:57:25","guid":{"rendered":"https:\/\/www.studiainitalia.com\/courses\/sem%20categoria\/italian-in-lucca\/"},"modified":"2026-04-28T08:51:39","modified_gmt":"2026-04-28T06:51:39","slug":"italiano-em-lucca","status":"publish","type":"product","link":"https:\/\/www.studiainitalia.com\/pt-br\/cursos\/cursos-de-italiano-em-italia\/italiano-em-lucca\/","title":{"rendered":"Curso de italiano em Lucca"},"content":{"rendered":"<h2><strong>Curso de italiano em Lucca<\/strong><\/h2>\n<p>&nbsp;<\/p>\n<p>O nosso curso de <b>l\u00edngua italiana em Lucca<\/b> rola o ano todo. Os cursos s\u00e3o oficialmente aprovados pela Regi\u00e3o da Toscana e pela cidade de Lucca.<\/p>\n<p>Essa certifica\u00e7\u00e3o \u00e9 a tua garantia de que oferecemos ensino de alta qualidade, instrutores experientes e um ambiente seguro e bem equipado para os teus estudos na It\u00e1lia.<\/p>\n<p>A gente acredita que uma l\u00edngua \u00e9 muito mais do que um conjunto de regras; \u00e9 uma ponte para conex\u00f5es aut\u00eanticas e autoexpress\u00e3o.<\/p>\n<p>A nossa abordagem d\u00e1 vida ao cora\u00e7\u00e3o italiano, usando materiais do mundo real na sala de aula e promovendo conversas genu\u00ednas com os habitantes locais nas ruas de Lucca.<\/p>\n<p>Oferecemos uma explora\u00e7\u00e3o profunda e cuidadosa da gram\u00e1tica, sintaxe e vocabul\u00e1rio \u2014 n\u00e3o como exerc\u00edcios enfadonhos, mas como chaves essenciais para desvendar a riqueza da cultura italiana.<\/p>\n<p>Todos os n\u00edveis, de A1 a C2, do Quadro Europeu Comum de Refer\u00eancia para as L\u00ednguas (QECR) est\u00e3o dispon\u00edveis.<\/p>\n<p>Ao equilibrar a aprendizagem estruturada com a pr\u00e1tica imersiva, garantimos que ganhe confian\u00e7a para falar e a perspic\u00e1cia para compreender verdadeiramente o modo de vida italiano.<\/p>\n<p>A escola organiza atividades culturais. Pode desfrutar de visitas guiadas, semin\u00e1rios culturais, degusta\u00e7\u00f5es de vinhos e azeites.<\/p>\n<h3><strong>Estrutura dos cursos <\/strong><\/h3>\n<p>&nbsp;<\/p>\n<ul>\n<li>4 aulas de italiano por dia, de segunda a sexta-feira<\/li>\n<li>Grupos pequenos, com 6 a 12 alunos<\/li>\n<li>Aulas no per\u00edodo da manh\u00e3<\/li>\n<\/ul>\n<h3><strong>Tipos de cursos de italiano dispon\u00edveisem Lucca<\/strong><\/h3>\n<p>&nbsp;<\/p>\n<ul>\n<li>Curso intensivo de italiano (4 aulas por dia)<\/li>\n<li>Aulas particulares<\/li>\n<li>Cursos combinados de l\u00edngua e cultura italiana (arte, hist\u00f3ria da arte, joalharia, culin\u00e1ria, \u00f3pera)<\/li>\n<\/ul>\n<h2><strong>Datas de in\u00edcio do curso e detalhes <\/strong><\/h2>\n<p>&nbsp;<\/p>\n<ul>\n<li><strong>Dura\u00e7\u00e3o da aula<\/strong>: 50 minutos<\/li>\n<li><strong>N\u00famero m\u00e9dio de alunos por turma<\/strong>: 9 alunos<\/li>\n<li><strong>N\u00famero m\u00e1ximo de alunos por turma<\/strong>: 12 alunos<\/li>\n<li><strong>Hor\u00e1rio<\/strong>: Manh\u00e3<\/li>\n<li><strong>Materiais do curso<\/strong>: Inclu\u00eddos<\/li>\n<li><strong>Teste de n\u00edvel e certificado final<\/strong>: Inclu\u00eddos<\/li>\n<li><strong>Localiza\u00e7\u00e3o<\/strong>: Via dei Bacchettoni 25<\/li>\n<li><strong>Outros servi\u00e7os<\/strong>: Acesso \u00e0 Internet, biblioteca, atividades sociais e jardim<\/li>\n<\/ul>\n<table id=\"tablepress-98\" class=\"tablepress tablepress-id-98\">\n<thead>\n<tr class=\"row-1 odd\">\n<th class=\"column-1\" colspan=\"6\">Datas de in\u00edcio 2026<\/th>\n<\/tr>\n<\/thead>\n<tbody class=\"row-hover\">\n<tr class=\"row-2 even\">\n<td class=\"column-1\">Janeiro<\/td>\n<td class=\"column-2\">12, 26<\/td>\n<td class=\"column-3\">Maio<\/td>\n<td class=\"column-4\">4, 18<\/td>\n<td class=\"column-5\">Setembro<\/td>\n<td class=\"column-6\">14, 28<\/td>\n<\/tr>\n<tr class=\"row-3 odd\">\n<td class=\"column-1\">Fevereiro<\/td>\n<td class=\"column-2\">9, 23<\/td>\n<td class=\"column-3\">Junho<\/td>\n<td class=\"column-4\">8, 22<\/td>\n<td class=\"column-5\">Outubro<\/td>\n<td class=\"column-6\">12, 26<\/td>\n<\/tr>\n<tr class=\"row-4 even\">\n<td class=\"column-1\">Mar\u00e7o<\/td>\n<td class=\"column-2\">9, 23<\/td>\n<td class=\"column-3\">Julho<\/td>\n<td class=\"column-4\">6, 20<\/td>\n<td class=\"column-5\">Novembro<\/td>\n<td class=\"column-6\">9, 23<\/td>\n<\/tr>\n<tr class=\"row-5 odd\">\n<td class=\"column-1\">Abril<\/td>\n<td class=\"column-2\">7, 20<\/td>\n<td class=\"column-3\">Agosto<\/td>\n<td class=\"column-4\">17, 31<\/td>\n<td class=\"column-5\">Dezembro<\/td>\n<td class=\"column-6\">7<\/td>\n<\/tr>\n<tr class=\"row-6 even\">\n<td class=\"column-1\" colspan=\"6\">A escola ser\u00e1 fechada nos seguintes feriados nacionais: 06\/01, segunda-feira de P\u00e1scoa, 25\/04, 01\/05, 02\/06, 15\/08, 01\/11, 8\/12, e durante os feriados locais e f\u00e9rias de Natal.<\/td>\n<\/tr>\n<\/tbody>\n<\/table>\n<div class=\"aiosrs-rating-wrap\" data-schema-id=\"90691\">\n<div class=\"aiosrs-rating-summary-wrap\">\n<h2><b><strong>Porqu\u00ea aprender italiano em Lucca?<\/strong><\/b><\/h2>\n<\/div>\n<\/div>\n<p>&nbsp;<\/p>\n<p>Com uma localiza\u00e7\u00e3o perfeita, a uma curta dist\u00e2ncia das cidades art\u00edsticas de Floren\u00e7a e Pisa, Lucca continua a ser um ref\u00fagio tranquilo \u2014 uma aut\u00eantica cidade italiana onde a vida decorre a um ritmo gracioso e humano.<\/p>\n<p>\u00c9 o local ideal para estudar a l\u00edngua; o italiano falado aqui \u00e9 notavelmente claro e pr\u00f3ximo da l\u00edngua padr\u00e3o, tornando-o um prazer de aprender e praticar com os simp\u00e1ticos habitantes locais.<\/p>\n<ul>\n<li><b>As muralhas ic\u00f3nicas:<\/b> A cidade \u00e9 cercada por quase seis quil\u00f3metros de muralhas antigas e arborizadas, que oferecem um caminho plano e f\u00e1cil para um passeio matinal ou um passeio de bicicleta tranquilo com vista para os telhados.<\/li>\n<li><b>Uma hist\u00f3ria viva:<\/b> Das ru\u00ednas romanas ao local de nascimento do grande compositor de \u00f3pera <b>Giacomo Puccini<\/b>, a hist\u00f3ria est\u00e1 em cada esquina.<\/li>\n<li><b>Cultura e conforto:<\/b> Lucca \u00e9 pequena o suficiente para se sentir em casa, mas grande o suficiente para oferecer lojas sofisticadas, oficinas de artesanato tradicional e vinhos e iguarias locais incr\u00edveis.<\/li>\n<\/ul>\n<p><b>Vantagens de estudar italiano em Lucca<\/b><\/p>\n<ul>\n<li><b>Sotaques claros:<\/b> Estude no cora\u00e7\u00e3o da Toscana, onde o italiano local \u00e9 super claro e pr\u00f3ximo da l\u00edngua \u201cpadr\u00e3o\u201d, facilitando o seu aprendizado e compreens\u00e3o.<\/li>\n<li><b>Imers\u00e3o local:<\/b> Lucca continua sendo uma cidade italiana genu\u00edna, onde voc\u00ea pode praticar suas habilidades durante conversas tranquilas e significativas com moradores acolhedores.<\/li>\n<li><b>Um ambiente descontra\u00eddo e seguro:<\/b> Desfruta da paz de uma cidade pedonal; as ruas planas e as impressionantes muralhas arborizadas oferecem um cen\u00e1rio seguro, sereno e bonito para os teus passeios e estudos di\u00e1rios.<\/li>\n<li><b>A base toscana perfeita:<\/b> Aninhada entre as montanhas e o mar, Lucca \u00e9 um ref\u00fagio tranquilo que te permite explorar Floren\u00e7a.<\/li>\n<\/ul>\n<h3><b><strong>Atividades e vida cultural em Lucca<\/strong><\/b><\/h3>\n<p>&nbsp;<\/p>\n<p>O calend\u00e1rio de Lucca est\u00e1 repleto de celebra\u00e7\u00f5es que d\u00e3o vida \u00e0 sua hist\u00f3ria e comunidade, como o Lucca Comics, um dos maiores festivais de cultura pop do mundo. Tamb\u00e9m famosa pelo Lucca Summer Festival, que recebe artistas de renome mundial nas pra\u00e7as hist\u00f3ricas, e pelo <b>Puccini Festival<\/b>, na vizinha Torre del Lago.<\/p>\n","protected":false},"excerpt":{"rendered":"<h2>Lucca, uma das cidades mais bonitas da Toscana<\/h2>\n<p>\u00c9 muito perto de Floren\u00e7a, mas longe do turismo de massa. \u00c9 uma cidade ideal para pedestres e ciclistas, ent\u00e3o voc\u00ea pode se mover com seguran\u00e7a em suas ruas estreitas.<\/p>\n<p>Se voc\u00ea ama a m\u00fasica, n\u00e3o pode perder o Festival Puccini ou o Festival do Jazz no ver\u00e3o, sob o sol da Toscana.<\/p>\n<p>&nbsp;<\/p>\n","protected":false},"featured_media":117748,"comment_status":"open","ping_status":"closed","template":"","meta":{"_acf_changed":false,"_uag_custom_page_level_css":"","_kad_blocks_custom_css":"","_kad_blocks_head_custom_js":"","_kad_blocks_body_custom_js":"","_kad_blocks_footer_custom_js":"","site-sidebar-layout":"default","site-content-layout":"default","ast-site-content-layout":"default","site-content-style":"default","site-sidebar-style":"default","ast-global-header-display":"","ast-banner-title-visibility":"","ast-main-header-display":"","ast-hfb-above-header-display":"","ast-hfb-below-header-display":"","ast-hfb-mobile-header-display":"","site-post-title":"","ast-breadcrumbs-content":"","ast-featured-img":"","footer-sml-layout":"","ast-disable-related-posts":"","theme-transparent-header-meta":"default","adv-header-id-meta":"","stick-header-meta":"default","header-above-stick-meta":"","header-main-stick-meta":"","header-below-stick-meta":"","astra-migrate-meta-layouts":"set","ast-page-background-enabled":"default","ast-page-background-meta":{"desktop":{"background-color":"var(--ast-global-color-4)","background-image":"","background-repeat":"repeat","background-position":"center center","background-size":"auto","background-attachment":"scroll","background-type":"","background-media":"","overlay-type":"","overlay-color":"","overlay-opacity":"","overlay-gradient":""},"tablet":{"background-color":"","background-image":"","background-repeat":"repeat","background-position":"center center","background-size":"auto","background-attachment":"scroll","background-type":"","background-media":"","overlay-type":"","overlay-color":"","overlay-opacity":"","overlay-gradient":""},"mobile":{"background-color":"","background-image":"","background-repeat":"repeat","background-position":"center center","background-size":"auto","background-attachment":"scroll","background-type":"","background-media":"","overlay-type":"","overlay-color":"","overlay-opacity":"","overlay-gradient":""}},"ast-content-background-meta":{"desktop":{"background-color":"var(--ast-global-color-5)","background-image":"","background-repeat":"repeat","background-position":"center center","background-size":"auto","background-attachment":"scroll","background-type":"","background-media":"","overlay-type":"","overlay-color":"","overlay-opacity":"","overlay-gradient":""},"tablet":{"background-color":"var(--ast-global-color-5)","background-image":"","background-repeat":"repeat","background-position":"center center","background-size":"auto","background-attachment":"scroll","background-type":"","background-media":"","overlay-type":"","overlay-color":"","overlay-opacity":"","overlay-gradient":""},"mobile":{"background-color":"var(--ast-global-color-5)","background-image":"","background-repeat":"repeat","background-position":"center center","background-size":"auto","background-attachment":"scroll","background-type":"","background-media":"","overlay-type":"","overlay-color":"","overlay-opacity":"","overlay-gradient":""}}},"section":[2028],"product_brand":[],"product_cat":[1267,1309],"product_tag":[1848],"class_list":{"0":"post-188359","1":"product","2":"type-product","3":"status-publish","4":"has-post-thumbnail","6":"section-center","7":"product_cat-cursos-de-italiano-em-italia","8":"product_cat-cursos-em-lucca","9":"product_tag-cursos-italiano","10":"desktop-align-left","11":"tablet-align-left","12":"mobile-align-left","13":"ast-product-gallery-layout-horizontal-slider","14":"ast-product-single-variable","15":"ast-product-tabs-layout-horizontal","16":"ast-qv-on-image-click","18":"first","19":"instock","20":"sold-individually","21":"shipping-taxable","22":"purchasable","23":"product-type-variable","24":"has-default-attributes"},"acf":[],"taxonomy_info":{"section":[{"value":2028,"label":"Center"}],"product_cat":[{"value":1267,"label":"Cursos de italiano em It\u00e1lia"},{"value":1309,"label":"Cursos em Lucca"}],"product_tag":[{"value":1848,"label":"Cursos Italiano"}]},"featured_image_src_large":["https:\/\/www.studiainitalia.com\/wp-content\/uploads\/2016\/11\/italian-in-lucca-1-e1490099174871.jpg",300,301,false],"author_info":[],"comment_info":13,"uagb_featured_image_src":{"full":["https:\/\/www.studiainitalia.com\/wp-content\/uploads\/2016\/11\/italian-in-lucca-1-e1490099174871.jpg",300,301,false],"thumbnail":["https:\/\/www.studiainitalia.com\/wp-content\/uploads\/2016\/11\/italian-in-lucca-1-150x150.jpg",96,96,true],"medium":["https:\/\/www.studiainitalia.com\/wp-content\/uploads\/2016\/11\/italian-in-lucca-1-300x300.jpg",300,300,true],"medium_large":["https:\/\/www.studiainitalia.com\/wp-content\/uploads\/2016\/11\/italian-in-lucca-1-e1490099174871.jpg",300,301,false],"large":["https:\/\/www.studiainitalia.com\/wp-content\/uploads\/2016\/11\/italian-in-lucca-1-e1490099174871.jpg",300,301,false],"1536x1536":["https:\/\/www.studiainitalia.com\/wp-content\/uploads\/2016\/11\/italian-in-lucca-1-e1490099174871.jpg",300,301,false],"2048x2048":["https:\/\/www.studiainitalia.com\/wp-content\/uploads\/2016\/11\/italian-in-lucca-1-e1490099174871.jpg",300,301,false],"ultp_layout_landscape_large":["https:\/\/www.studiainitalia.com\/wp-content\/uploads\/2016\/11\/italian-in-lucca-1-e1490099174871.jpg",300,301,false],"ultp_layout_landscape":["https:\/\/www.studiainitalia.com\/wp-content\/uploads\/2016\/11\/italian-in-lucca-1-e1490099174871.jpg",300,301,false],"ultp_layout_portrait":["https:\/\/www.studiainitalia.com\/wp-content\/uploads\/2016\/11\/italian-in-lucca-1-e1490099174871.jpg",300,301,false],"ultp_layout_square":["https:\/\/www.studiainitalia.com\/wp-content\/uploads\/2016\/11\/italian-in-lucca-1-e1490099174871.jpg",300,301,false],"grid-thumb":["https:\/\/www.studiainitalia.com\/wp-content\/uploads\/2016\/11\/italian-in-lucca-1-e1490099174871.jpg",150,150,false],"gform-image-choice-sm":["https:\/\/www.studiainitalia.com\/wp-content\/uploads\/2016\/11\/italian-in-lucca-1-e1490099174871.jpg",299,300,false],"gform-image-choice-md":["https:\/\/www.studiainitalia.com\/wp-content\/uploads\/2016\/11\/italian-in-lucca-1-e1490099174871.jpg",300,301,false],"gform-image-choice-lg":["https:\/\/www.studiainitalia.com\/wp-content\/uploads\/2016\/11\/italian-in-lucca-1-e1490099174871.jpg",300,301,false],"woocommerce_thumbnail":["https:\/\/www.studiainitalia.com\/wp-content\/uploads\/2016\/11\/italian-in-lucca-1-e1490099174871-300x300.jpg",300,300,true],"woocommerce_single":["https:\/\/www.studiainitalia.com\/wp-content\/uploads\/2016\/11\/italian-in-lucca-1-e1490099174871.jpg",300,301,false],"woocommerce_gallery_thumbnail":["https:\/\/www.studiainitalia.com\/wp-content\/uploads\/2016\/11\/italian-in-lucca-1-e1490099174871-100x100.jpg",100,100,true],"yarpp-thumbnail":["https:\/\/www.studiainitalia.com\/wp-content\/uploads\/2016\/11\/italian-in-lucca-1-e1490099174871.jpg",120,120,false]},"uagb_author_info":{"display_name":"Javier Diaz","author_link":"https:\/\/www.studiainitalia.com\/pt-br\/author\/"},"uagb_comment_info":13,"uagb_excerpt":"Lucca, uma das cidades mais bonitas da Toscana \u00c9 muito perto de Floren\u00e7a, mas longe do turismo de massa. \u00c9 uma cidade ideal para pedestres e ciclistas, ent\u00e3o voc\u00ea pode se mover com seguran\u00e7a em suas ruas estreitas. Se voc\u00ea ama a m\u00fasica, n\u00e3o pode perder o Festival Puccini ou o Festival do Jazz no&hellip;","_links":{"self":[{"href":"https:\/\/www.studiainitalia.com\/pt-br\/wp-json\/wp\/v2\/product\/188359","targetHints":{"allow":["GET"]}}],"collection":[{"href":"https:\/\/www.studiainitalia.com\/pt-br\/wp-json\/wp\/v2\/product"}],"about":[{"href":"https:\/\/www.studiainitalia.com\/pt-br\/wp-json\/wp\/v2\/types\/product"}],"replies":[{"embeddable":true,"href":"https:\/\/www.studiainitalia.com\/pt-br\/wp-json\/wp\/v2\/comments?post=188359"}],"wp:featuredmedia":[{"embeddable":true,"href":"https:\/\/www.studiainitalia.com\/pt-br\/wp-json\/wp\/v2\/media\/117748"}],"wp:attachment":[{"href":"https:\/\/www.studiainitalia.com\/pt-br\/wp-json\/wp\/v2\/media?parent=188359"}],"wp:term":[{"taxonomy":"section","embeddable":true,"href":"https:\/\/www.studiainitalia.com\/pt-br\/wp-json\/wp\/v2\/section?post=188359"},{"taxonomy":"product_brand","embeddable":true,"href":"https:\/\/www.studiainitalia.com\/pt-br\/wp-json\/wp\/v2\/product_brand?post=188359"},{"taxonomy":"product_cat","embeddable":true,"href":"https:\/\/www.studiainitalia.com\/pt-br\/wp-json\/wp\/v2\/product_cat?post=188359"},{"taxonomy":"product_tag","embeddable":true,"href":"https:\/\/www.studiainitalia.com\/pt-br\/wp-json\/wp\/v2\/product_tag?post=188359"}],"curies":[{"name":"wp","href":"https:\/\/api.w.org\/{rel}","templated":true}]}}