{"id":188362,"date":"2016-11-06T19:58:49","date_gmt":"2016-11-06T18:58:49","guid":{"rendered":"https:\/\/www.studiainitalia.com\/courses\/sem%20categoria\/italian-in-venice\/"},"modified":"2026-04-19T01:37:18","modified_gmt":"2026-04-18T23:37:18","slug":"curso-de-italiano-em-veneza","status":"publish","type":"product","link":"https:\/\/www.studiainitalia.com\/pt-br\/cursos\/cursos-de-italiano-em-italia\/curso-de-italiano-em-veneza\/","title":{"rendered":"Curso de italiano em Veneza"},"content":{"rendered":"<h2><strong>Curso de italiano em Veneza<\/strong><\/h2>\n<p>O nosso <b>curso de l\u00edngua italiana<\/b> em Veneza acontece durante todo o ano. A nossa escola, o Istituto Venezia, \u00e9 oficialmente reconhecida pelo Minist\u00e9rio da Educa\u00e7\u00e3o italiano.<\/p>\n<p>A escola est\u00e1 localizada no centro hist\u00f3rico de Veneza, num edif\u00edcio hist\u00f3rico com um amplo terra\u00e7o numa das pra\u00e7as mais bonitas da cidade.<\/p>\n<p>Os professores s\u00e3o continuamente atualizados com semin\u00e1rios especiais e programas de forma\u00e7\u00e3o de professores. S\u00e3o profissionais que ensinam italiano como l\u00edngua estrangeira. A metodologia de ensino centra-se numa abordagem totalmente comunicativa. Tem como objetivo desenvolver compet\u00eancias de comunica\u00e7\u00e3o oral e escrita. Portanto, se deseja estudar italiano em Veneza, garantimos uma das melhores escolas.<\/p>\n<p>O curso intensivo de italiano em Veneza inclui <b>20 aulas por semana<\/b>, de segunda a sexta-feira, e est\u00e1 dispon\u00edvel para <b>todos os n\u00edveis<\/b>, do iniciante ao avan\u00e7ado. Pode estudar a partir de <b>1 semana<\/b>, com a possibilidade de programas mais longos.<\/p>\n<p>Antes do in\u00edcio das aulas, os alunos fazem um <b>teste de nivelamento<\/b> para garantir que sejam colocados no n\u00edvel certo desde o primeiro dia.<\/p>\n<p>As turmas s\u00e3o pequenas, o que ajuda no progresso constante e na aten\u00e7\u00e3o individual.<\/p>\n<h3><b>Estrutura do curso<\/b><\/h3>\n<p>&nbsp;<\/p>\n<ul>\n<li>20 aulas por semana<\/li>\n<li>De segunda a sexta-feira<\/li>\n<li>Aulas matinais<\/li>\n<li>Dura\u00e7\u00e3o flex\u00edvel: de 1 semana a estadias mais longas<\/li>\n<li>Teste de nivelamento e certificado final dispon\u00edveis<\/li>\n<li>O aprendizado do idioma se concentra na comunica\u00e7\u00e3o real, enquanto desenvolve ambos<\/li>\n<\/ul>\n<h3><strong>Outros tipos de cursos dispon\u00edveis em Veneza<\/strong><\/h3>\n<p>&nbsp;<\/p>\n<p>Dependendo da disponibilidade, os alunos tamb\u00e9m podem:<\/p>\n<ul>\n<li>aulas particulares<\/li>\n<li>Cursos de longa dura\u00e7\u00e3o<\/li>\n<li>Cursos de prepara\u00e7\u00e3o para exames<\/li>\n<li>Cursos superintensivos<\/li>\n<\/ul>\n<p>A escola tamb\u00e9m organiza <a href=\"https:\/\/www.studiainitalia.com\/pt-br\/cursos\/cursos-em-veneza\/curso-de-historia-da-arte-em-veneza\/\">cursos de hist\u00f3ria da arte<\/a>.<\/p>\n<p>A escola tamb\u00e9m oferece, em colabora\u00e7\u00e3o com as escolas de <b>Floren\u00e7a, Roma e Mil\u00e3o<\/b>, a oportunidade de fazer o curso em duas ou mais cidades.<\/p>\n<h2><b>Datas de in\u00edcio e detalhes do curso<\/b><\/h2>\n<p>&nbsp;<\/p>\n<ul>\n<li><b>Dura\u00e7\u00e3o da aula<\/b>: 45 minutos<\/li>\n<li><b>Tamanho m\u00e9dio da turma<\/b>: 9 alunos<\/li>\n<li><b>Tamanho m\u00e1ximo da turma<\/b>: 12 alunos<\/li>\n<li><b>Hor\u00e1rio<\/b>: Manh\u00e3<\/li>\n<li><b>Materiais do curso<\/b>: Inclu\u00eddos<\/li>\n<li><b>Teste de n\u00edvel e certificado final<\/b>: Inclu\u00eddos<\/li>\n<li><b>Localiza\u00e7\u00e3o<\/b>: Campo Santa Margherita Dorsoduro<\/li>\n<li><b>Outros servi\u00e7os<\/b>: Acesso \u00e0 Internet, biblioteca, atividades sociais<\/li>\n<\/ul>\n<p>&nbsp;<\/p>\n<table id=\"tablepress-115\" class=\"tablepress tablepress-id-115\">\n<thead>\n<tr class=\"row-1 odd\">\n<th class=\"column-1\" colspan=\"6\">Datas de in\u00edcio 2026<\/th>\n<\/tr>\n<\/thead>\n<tbody class=\"row-hover\">\n<tr class=\"row-2 even\">\n<td class=\"column-1\">Janeiro<\/td>\n<td class=\"column-2\">5<\/td>\n<td class=\"column-3\">Maio<\/td>\n<td class=\"column-4\">25<\/td>\n<td class=\"column-5\">Setembro<\/td>\n<td class=\"column-6\">14<\/td>\n<\/tr>\n<tr class=\"row-3 odd\">\n<td class=\"column-1\">Fevereiro<\/td>\n<td class=\"column-2\">2<\/td>\n<td class=\"column-3\">Junho<\/td>\n<td class=\"column-4\">22<\/td>\n<td class=\"column-5\">Outubro<\/td>\n<td class=\"column-6\">12<\/td>\n<\/tr>\n<tr class=\"row-4 even\">\n<td class=\"column-1\">Mar\u00e7o<\/td>\n<td class=\"column-2\">2, 30<\/td>\n<td class=\"column-3\">Julho<\/td>\n<td class=\"column-4\">20<\/td>\n<td class=\"column-5\">Novembro<\/td>\n<td class=\"column-6\">9<\/td>\n<\/tr>\n<tr class=\"row-5 odd\">\n<td class=\"column-1\">Abril<\/td>\n<td class=\"column-2\">\u00a027<\/td>\n<td class=\"column-3\">Agosto<\/td>\n<td class=\"column-4\">17<\/td>\n<td class=\"column-5\">Dezembro<\/td>\n<td class=\"column-6\">7<\/td>\n<\/tr>\n<tr class=\"row-6 even\">\n<td class=\"column-1\" colspan=\"6\">Estudantes n\u00e3o iniciantes podem iniciar cursos a pedido qualquer segunda-feira.<br \/>\nA escola ser\u00e1 fechada nos seguintes feriados nacionais: 06\/01, segunda-feira de P\u00e1scoa, 25\/04, 01\/05, 02\/06, 15\/08, 01\/11, 8\/12, e durante os feriados locais e f\u00e9rias de Natal.<\/td>\n<\/tr>\n<\/tbody>\n<\/table>\n<div class=\"aiosrs-rating-wrap\" data-schema-id=\"90691\">\n<div class=\"aiosrs-star-rating-wrap \"><\/div>\n<div class=\"aiosrs-rating-summary-wrap\">\n<h2><\/h2>\n<h2><b>Porqu\u00ea estudar italiano em Veneza?<\/b><\/h2>\n<p>&nbsp;<\/p>\n<p>Veneza \u00e9 um lugar particularmente gratificante para aprender italiano, porque a cidade incentiva um ritmo diferente. Tu andas pelas mesmas ruas e pra\u00e7as todos os dias, voltas aos mesmos lugares locais e, aos poucos, sentes-te mais em casa. Essa rotina torna mais f\u00e1cil praticar italiano de forma natural e consistente.<\/p>\n<p>Veneza tamb\u00e9m oferece uma forte dimens\u00e3o cultural. Muitos estudantes escolhem a cidade porque \u00e9 inspiradora e profundamente ligada \u00e0 arte, \u00e0 hist\u00f3ria e \u00e0 tradi\u00e7\u00e3o. Aprender italiano aqui muitas vezes parece aprender atrav\u00e9s da pr\u00f3pria cidade.<\/p>\n<p><strong>Vantagens de aprender italiano em Veneza<\/strong><\/p>\n<ul>\n<li><b>Para\u00edso dos pe\u00f5es:<\/b> sem carros nem motos!<\/li>\n<li><b>A cultura \u00abBacaro\u00bb:<\/b> a socializa\u00e7\u00e3o gira em torno de pequenos bares de vinho (<i>bacari<\/i>). \u00c9 o ambiente perfeito e descontra\u00eddo para praticar italiano conversacional enquanto desfruta de <i>cicchetti<\/i> (tapas venezianas).<\/li>\n<li><b>Imers\u00e3o na hist\u00f3ria da arte:<\/b> N\u00e3o est\u00e1 apenas a ler sobre arte, est\u00e1 a viv\u00ea-la.<\/li>\n<li><b>Eventos de classe mundial:<\/b> Pode praticar compet\u00eancias lingu\u00edsticas avan\u00e7adas enquanto participa em eventos culturais de alto n\u00edvel, como a <b>Bienal de Veneza<\/b>, o <b>Festival de Cinema<\/b> ou o <b>Carnaval<\/b>.<\/li>\n<\/ul>\n<h3><b>Atividades culturais e vida em Veneza<\/b><\/h3>\n<p>&nbsp;<\/p>\n<p>Os alunos podem participar num programa de atividades sociais e culturais concebido para ajud\u00e1-los a experimentar Veneza de uma forma mais local e continuar a praticar italiano depois das aulas.<\/p>\n<p>As atividades podem incluir:<\/p>\n<ul>\n<li>passeios guiados e visitas por Veneza<\/li>\n<li>semin\u00e1rios culturais (por exemplo, arte, cinema, m\u00fasica e tradi\u00e7\u00f5es locais)<\/li>\n<li>encontros sociais e atividades em grupo organizados pela escola<\/li>\n<li>excurs\u00f5es a destinos pr\u00f3ximos, como <b>P\u00e1dua, Treviso, Verona e Ferrara<\/b><\/li>\n<\/ul>\n<p>A escola organiza diferentes atividades sociais para descobrir a cidade de Veneza. Tamb\u00e9m visitar\u00e1 algumas das cidades mais interessantes perto de Veneza: P\u00e1dua, Treviso, Verona, Ferrara. Desfrutar\u00e1 da bela paisagem ao redor de Veneza.<\/p>\n<p><strong><em>Descubra Veneza como um veneziano, n\u00e3o como um turista<\/em><\/strong><\/p>\n<\/div>\n<\/div>\n<p>&nbsp;<\/p>\n","protected":false},"excerpt":{"rendered":"<h2><b>Aprenda italiano em Veneza e conhe\u00e7a a cidade al\u00e9m dos cart\u00f5es postais<\/b><\/h2>\n<p>Veneza \u00e9 mais do que seus pontos tur\u00edsticos. Viver e estudar aqui d\u00e1 a chance de desacelerar, criar uma rotina di\u00e1ria e conhecer a cidade de um jeito mais local e significativo \u2014 a p\u00e9, nos caf\u00e9s do bairro e atrav\u00e9s de conversas do dia a dia.<\/p>\n<p>Com a <b>StudiainItalia<\/b>, podes estudar italiano em Veneza numa escola local cuidadosamente selecionada, com professores nativos qualificados, turmas pequenas e uma abordagem comunicativa focada no uso pr\u00e1tico da l\u00edngua.<\/p>\n<p>O objetivo \u00e9 simples: ajudar-te a sentir-te confiante ao usar o italiano em situa\u00e7\u00f5es reais enquanto desfrutas de uma experi\u00eancia cultural aut\u00eantica.<\/p>\n<p><em><strong>Pronto para saborear as emo\u00e7\u00f5es que s\u00f3 Veneza pode proporcionar?<\/strong><\/em><\/p>\n<p>&nbsp;<\/p>\n","protected":false},"featured_media":197730,"comment_status":"open","ping_status":"closed","template":"","meta":{"_acf_changed":false,"_uag_custom_page_level_css":"","_kad_blocks_custom_css":"","_kad_blocks_head_custom_js":"","_kad_blocks_body_custom_js":"","_kad_blocks_footer_custom_js":"","site-sidebar-layout":"default","site-content-layout":"default","ast-site-content-layout":"default","site-content-style":"default","site-sidebar-style":"default","ast-global-header-display":"","ast-banner-title-visibility":"","ast-main-header-display":"","ast-hfb-above-header-display":"","ast-hfb-below-header-display":"","ast-hfb-mobile-header-display":"","site-post-title":"","ast-breadcrumbs-content":"","ast-featured-img":"","footer-sml-layout":"","ast-disable-related-posts":"","theme-transparent-header-meta":"default","adv-header-id-meta":"","stick-header-meta":"default","header-above-stick-meta":"","header-main-stick-meta":"","header-below-stick-meta":"","astra-migrate-meta-layouts":"set","ast-page-background-enabled":"default","ast-page-background-meta":{"desktop":{"background-color":"var(--ast-global-color-4)","background-image":"","background-repeat":"repeat","background-position":"center center","background-size":"auto","background-attachment":"scroll","background-type":"","background-media":"","overlay-type":"","overlay-color":"","overlay-opacity":"","overlay-gradient":""},"tablet":{"background-color":"","background-image":"","background-repeat":"repeat","background-position":"center center","background-size":"auto","background-attachment":"scroll","background-type":"","background-media":"","overlay-type":"","overlay-color":"","overlay-opacity":"","overlay-gradient":""},"mobile":{"background-color":"","background-image":"","background-repeat":"repeat","background-position":"center center","background-size":"auto","background-attachment":"scroll","background-type":"","background-media":"","overlay-type":"","overlay-color":"","overlay-opacity":"","overlay-gradient":""}},"ast-content-background-meta":{"desktop":{"background-color":"var(--ast-global-color-5)","background-image":"","background-repeat":"repeat","background-position":"center center","background-size":"auto","background-attachment":"scroll","background-type":"","background-media":"","overlay-type":"","overlay-color":"","overlay-opacity":"","overlay-gradient":""},"tablet":{"background-color":"var(--ast-global-color-5)","background-image":"","background-repeat":"repeat","background-position":"center center","background-size":"auto","background-attachment":"scroll","background-type":"","background-media":"","overlay-type":"","overlay-color":"","overlay-opacity":"","overlay-gradient":""},"mobile":{"background-color":"var(--ast-global-color-5)","background-image":"","background-repeat":"repeat","background-position":"center center","background-size":"auto","background-attachment":"scroll","background-type":"","background-media":"","overlay-type":"","overlay-color":"","overlay-opacity":"","overlay-gradient":""}}},"section":[2027],"product_brand":[],"product_cat":[1267,1310],"product_tag":[1848,1891],"class_list":{"0":"post-188362","1":"product","2":"type-product","3":"status-publish","4":"has-post-thumbnail","6":"section-north","7":"product_cat-cursos-de-italiano-em-italia","8":"product_cat-cursos-em-veneza","9":"product_tag-cursos-italiano","10":"product_tag-venecia-pt-br","11":"desktop-align-left","12":"tablet-align-left","13":"mobile-align-left","14":"ast-product-gallery-layout-horizontal-slider","15":"ast-product-single-variable","16":"ast-product-tabs-layout-horizontal","17":"ast-qv-on-image-click","19":"first","20":"instock","21":"sold-individually","22":"shipping-taxable","23":"purchasable","24":"product-type-variable","25":"has-default-attributes"},"acf":[],"taxonomy_info":{"section":[{"value":2027,"label":"North"}],"product_cat":[{"value":1267,"label":"Cursos de italiano em It\u00e1lia"},{"value":1310,"label":"Cursos em Veneza"}],"product_tag":[{"value":1848,"label":"Cursos Italiano"},{"value":1891,"label":"Venecia"}]},"featured_image_src_large":["https:\/\/www.studiainitalia.com\/wp-content\/uploads\/2024\/03\/VENEZIA.jpg",1024,814,false],"author_info":[],"comment_info":12,"uagb_featured_image_src":{"full":["https:\/\/www.studiainitalia.com\/wp-content\/uploads\/2024\/03\/VENEZIA.jpg",1024,814,false],"thumbnail":["https:\/\/www.studiainitalia.com\/wp-content\/uploads\/2024\/03\/VENEZIA.jpg",121,96,false],"medium":["https:\/\/www.studiainitalia.com\/wp-content\/uploads\/2024\/03\/VENEZIA.jpg",1024,814,false],"medium_large":["https:\/\/www.studiainitalia.com\/wp-content\/uploads\/2024\/03\/VENEZIA-768x611.jpg",768,611,true],"large":["https:\/\/www.studiainitalia.com\/wp-content\/uploads\/2024\/03\/VENEZIA.jpg",1024,814,false],"1536x1536":["https:\/\/www.studiainitalia.com\/wp-content\/uploads\/2024\/03\/VENEZIA.jpg",1024,814,false],"2048x2048":["https:\/\/www.studiainitalia.com\/wp-content\/uploads\/2024\/03\/VENEZIA.jpg",1024,814,false],"ultp_layout_landscape_large":["https:\/\/www.studiainitalia.com\/wp-content\/uploads\/2024\/03\/VENEZIA-1024x800.jpg",1024,800,true],"ultp_layout_landscape":["https:\/\/www.studiainitalia.com\/wp-content\/uploads\/2024\/03\/VENEZIA-870x570.jpg",870,570,true],"ultp_layout_portrait":["https:\/\/www.studiainitalia.com\/wp-content\/uploads\/2024\/03\/VENEZIA-600x814.jpg",600,814,true],"ultp_layout_square":["https:\/\/www.studiainitalia.com\/wp-content\/uploads\/2024\/03\/VENEZIA-600x600.jpg",600,600,true],"gform-image-choice-sm":["https:\/\/www.studiainitalia.com\/wp-content\/uploads\/2024\/03\/VENEZIA.jpg",300,238,false],"gform-image-choice-md":["https:\/\/www.studiainitalia.com\/wp-content\/uploads\/2024\/03\/VENEZIA.jpg",400,318,false],"gform-image-choice-lg":["https:\/\/www.studiainitalia.com\/wp-content\/uploads\/2024\/03\/VENEZIA.jpg",600,477,false],"woocommerce_thumbnail":["https:\/\/www.studiainitalia.com\/wp-content\/uploads\/2024\/03\/VENEZIA-300x300.jpg",300,300,true],"woocommerce_single":["https:\/\/www.studiainitalia.com\/wp-content\/uploads\/2024\/03\/VENEZIA-400x318.jpg",400,318,true],"woocommerce_gallery_thumbnail":["https:\/\/www.studiainitalia.com\/wp-content\/uploads\/2024\/03\/VENEZIA-100x100.jpg",100,100,true],"yarpp-thumbnail":["https:\/\/www.studiainitalia.com\/wp-content\/uploads\/2024\/03\/VENEZIA-120x120.jpg",120,120,true]},"uagb_author_info":{"display_name":"Javier Diaz","author_link":"https:\/\/www.studiainitalia.com\/pt-br\/author\/"},"uagb_comment_info":12,"uagb_excerpt":"Aprenda italiano em Veneza e conhe\u00e7a a cidade al\u00e9m dos cart\u00f5es postais Veneza \u00e9 mais do que seus pontos tur\u00edsticos. Viver e estudar aqui d\u00e1 a chance de desacelerar, criar uma rotina di\u00e1ria e conhecer a cidade de um jeito mais local e significativo \u2014 a p\u00e9, nos caf\u00e9s do bairro e atrav\u00e9s de conversas&hellip;","_links":{"self":[{"href":"https:\/\/www.studiainitalia.com\/pt-br\/wp-json\/wp\/v2\/product\/188362","targetHints":{"allow":["GET"]}}],"collection":[{"href":"https:\/\/www.studiainitalia.com\/pt-br\/wp-json\/wp\/v2\/product"}],"about":[{"href":"https:\/\/www.studiainitalia.com\/pt-br\/wp-json\/wp\/v2\/types\/product"}],"replies":[{"embeddable":true,"href":"https:\/\/www.studiainitalia.com\/pt-br\/wp-json\/wp\/v2\/comments?post=188362"}],"wp:featuredmedia":[{"embeddable":true,"href":"https:\/\/www.studiainitalia.com\/pt-br\/wp-json\/wp\/v2\/media\/197730"}],"wp:attachment":[{"href":"https:\/\/www.studiainitalia.com\/pt-br\/wp-json\/wp\/v2\/media?parent=188362"}],"wp:term":[{"taxonomy":"section","embeddable":true,"href":"https:\/\/www.studiainitalia.com\/pt-br\/wp-json\/wp\/v2\/section?post=188362"},{"taxonomy":"product_brand","embeddable":true,"href":"https:\/\/www.studiainitalia.com\/pt-br\/wp-json\/wp\/v2\/product_brand?post=188362"},{"taxonomy":"product_cat","embeddable":true,"href":"https:\/\/www.studiainitalia.com\/pt-br\/wp-json\/wp\/v2\/product_cat?post=188362"},{"taxonomy":"product_tag","embeddable":true,"href":"https:\/\/www.studiainitalia.com\/pt-br\/wp-json\/wp\/v2\/product_tag?post=188362"}],"curies":[{"name":"wp","href":"https:\/\/api.w.org\/{rel}","templated":true}]}}