{"id":188535,"date":"2016-11-06T19:53:54","date_gmt":"2016-11-06T18:53:54","guid":{"rendered":"https:\/\/www.studiainitalia.com\/courses\/sem%20categoria\/italian-in-turin\/"},"modified":"2026-04-03T07:56:51","modified_gmt":"2026-04-03T05:56:51","slug":"curso-de-italiano-em-turim","status":"publish","type":"product","link":"https:\/\/www.studiainitalia.com\/pt-br\/cursos\/cursos-de-italiano-em-italia\/curso-de-italiano-em-turim\/","title":{"rendered":"Curso de italiano em Turim"},"content":{"rendered":"<h2><strong>Curso de italiano em Turim<\/strong><\/h2>\n<p>&nbsp;<\/p>\n<p>Nossa escola de italiano em Turim,\u00a0Italiano Porticando, \u00e9 uma escola familiar localizada em um edif\u00edcio do s\u00e9culo XVIII no centro hist\u00f3rico da cidade.<\/p>\n<p>Quando escolhes estudar italiano em Turim<b>, <\/b>mergulhas de cabe\u00e7a na l\u00edngua, da melhor maneira poss\u00edvel.<\/p>\n<p>A escola usa um m\u00e9todo de ensino comunicativo direto, o que significa que o italiano \u00e9 a \u00fanica l\u00edngua falada desde o primeiro dia.<\/p>\n<p>Os professores s\u00e3o especialistas no ensino de l\u00ednguas estrangeiras, por isso n\u00e3o precisam de ingl\u00eas ou outras l\u00ednguas para explicar os conceitos.<\/p>\n<p>Isso aplica-se a todos os n\u00edveis, desde iniciantes absolutos (A1) at\u00e9 alunos avan\u00e7ados (C2).<\/p>\n<p>O objetivo principal \u00e9 desenvolver primeiro a tua confian\u00e7a e as tuas habilidades comunicativas, para depois aperfei\u00e7oar a tua gram\u00e1tica e eliminar os erros.<\/p>\n<p>Os programas intensivos s\u00e3o concebidos para serem rigorosos e atraentes, e adaptam-se perfeitamente ao estilo de vida de algu\u00e9m que se muda para Turim, It\u00e1lia, para estudar italiano.<\/p>\n<p>O plano de estudos vai al\u00e9m dos livros did\u00e1ticos para garantir que voc\u00ea consiga se virar no dia a dia na It\u00e1lia:<\/p>\n<ul>\n<li><b>Materiais estimulantes:<\/b> uso de m\u00fasicas, filmes, literatura, an\u00fancios e artigos de jornal.<\/li>\n<li><b>Situa\u00e7\u00f5es simuladas:<\/b> as atividades s\u00e3o projetadas para imitar as intera\u00e7\u00f5es sociais e as tarefas da vida real.<\/li>\n<li><b>Certifica\u00e7\u00e3o:<\/b> ao concluir os seus estudos, receber\u00e1 um certificado de frequ\u00eancia que detalha o seu n\u00edvel e o tipo de curso.<\/li>\n<\/ul>\n<p>As salas de aula s\u00e3o luminosas e acolhedoras. Toda a escola oferece um ambiente confort\u00e1vel e acolhedor que o far\u00e1 sentir-se mais em casa do que na escola.<\/p>\n<p>Os alunos t\u00eam \u00e0 sua disposi\u00e7\u00e3o uma grande variedade de materiais did\u00e1ticos, como livros, jornais e revistas. Al\u00e9m disso, voc\u00ea pode pegar CDs e DVDs emprestados ou us\u00e1-los na escola.<\/p>\n<h3><b>Estrutura do curso<\/b><\/h3>\n<p>&nbsp;<\/p>\n<ul>\n<li>20 horas semanais (4 aulas por dia, de segunda a sexta-feira)<\/li>\n<li>Hor\u00e1rio matinal para cursos intensivos<\/li>\n<li>Dura\u00e7\u00e3o flex\u00edvel: a partir de 1 semana<\/li>\n<li>Tamanho dos grupos<b>:<\/b> Grupos pequenos e internacionais (normalmente 6-8 alunos).<\/li>\n<\/ul>\n<h3><b>Tipos de cursos de italiano dispon\u00edveis em Turim<\/b><\/h3>\n<p>&nbsp;<\/p>\n<ul>\n<li>Curso intensivo de italiano (4 aulas por dia)<\/li>\n<li>Cursos semi-intensivos (3 aulas por dia)<\/li>\n<li>Cursos de italiano de longa dura\u00e7\u00e3o<\/li>\n<li>Aulas particulares de italiano<\/li>\n<li>Cursos de conversa\u00e7\u00e3o<\/li>\n<li>Cursos de italiano online e na tarde<\/li>\n<li>Cursos combinados de l\u00edngua e cultura italiana (arte, culin\u00e1ria, cultura)<\/li>\n<\/ul>\n<h2><b>Datas de in\u00edcio e detalhes<\/b><\/h2>\n<p>&nbsp;<\/p>\n<ul>\n<li><b>Dura\u00e7\u00e3o das aulas<\/b>: 50 minutos<\/li>\n<li><b>Tamanho m\u00e9dio das turmas<\/b>: 8 alunos<\/li>\n<li><b>Tamanho m\u00e1ximo das turmas<\/b>: 12 alunos<\/li>\n<li><b>Hor\u00e1rio<\/b>: Manh\u00e3<\/li>\n<li><b>Materiais do curso<\/b>: Inclu\u00eddos<\/li>\n<li><b>Teste de n\u00edvel e certificado final<\/b>: Inclu\u00eddos<\/li>\n<li><b>Localiza\u00e7\u00e3o<\/b>: Via Pietro Micca 20<\/li>\n<li><b>Outros servi\u00e7os<\/b>: Acesso \u00e0 Internet, biblioteca, atividades sociais e transporte para o aeroporto dispon\u00edveis<\/li>\n<\/ul>\n<p>&nbsp;<\/p>\n<table id=\"tablepress-114\" class=\"tablepress tablepress-id-114\">\n<thead>\n<tr class=\"row-1 odd\">\n<th class=\"column-1\" colspan=\"6\">Datas de in\u00edcio 2026<\/th>\n<\/tr>\n<\/thead>\n<tbody class=\"row-hover\">\n<tr class=\"row-2 even\">\n<td class=\"column-1\">Janeiro<\/td>\n<td class=\"column-2\">5<\/td>\n<td class=\"column-3\">Maio<\/td>\n<td class=\"column-4\">4<\/td>\n<td class=\"column-5\">Setembro<\/td>\n<td class=\"column-6\">28<\/td>\n<\/tr>\n<tr class=\"row-3 odd\">\n<td class=\"column-1\">Fevereiro<\/td>\n<td class=\"column-2\">2<\/td>\n<td class=\"column-3\">Junho<\/td>\n<td class=\"column-4\">1<\/td>\n<td class=\"column-5\">Outubro<\/td>\n<td class=\"column-6\">26<\/td>\n<\/tr>\n<tr class=\"row-4 even\">\n<td class=\"column-1\">Mar\u00e7o<\/td>\n<td class=\"column-2\">2, 30<\/td>\n<td class=\"column-3\">Julho<\/td>\n<td class=\"column-4\">6<\/td>\n<td class=\"column-5\">Novembro<\/td>\n<td class=\"column-6\">23<\/td>\n<\/tr>\n<tr class=\"row-5 odd\">\n<td class=\"column-1\">Abril<\/td>\n<td class=\"column-2\"><\/td>\n<td class=\"column-3\">Agosto<\/td>\n<td class=\"column-4\">3, 31<\/td>\n<td class=\"column-5\">Dezembro<\/td>\n<td class=\"column-6\"><\/td>\n<\/tr>\n<tr class=\"row-6 even\">\n<td class=\"column-1\" colspan=\"6\">Estudantes n\u00e3o iniciantes podem iniciar cursos a pedido qualquer segunda-feira.<br \/>\nA escola ser\u00e1 fechada nos seguintes feriados nacionais: 06\/01, segunda-feira de P\u00e1scoa, 25\/04, 01\/05, 02\/06, 15\/08, 01\/11, 8\/12, e durante os feriados locais e f\u00e9rias de Natal.<\/td>\n<\/tr>\n<\/tbody>\n<\/table>\n<div class=\"aiosrs-rating-wrap\" data-schema-id=\"90691\">\n<div class=\"aiosrs-star-rating-wrap \"><\/div>\n<div class=\"aiosrs-rating-summary-wrap\">\n<h2><b>Porqu\u00ea estudar italiano em Turim?<\/b><\/h2>\n<p>&nbsp;<\/p>\n<p>Uma das melhores raz\u00f5es para estudar italiano em Turim, It\u00e1lia, \u00e9 a qualidade da l\u00edngua falada. Turim oferece um ambiente \u00ablimpo\u00bb para os alunos.<\/p>\n<ul>\n<li><b>Sotaque neutro e elegante:<\/b> O sotaque local \u00e9 considerado um dos mais claros e \u00abpadr\u00e3o\u00bb da It\u00e1lia. Isso torna muito mais f\u00e1cil para os iniciantes imitarem a pron\u00fancia correta.<\/li>\n<li><b>Ritmo moderado:<\/b> os habitantes locais tendem a articular bem e a falar num ritmo constante e moderado, o que \u00e9 uma grande ajuda para os estudantes que praticam as suas compet\u00eancias de compreens\u00e3o oral.<\/li>\n<li><b>Italiano padr\u00e3o em vez de dialeto:<\/b> embora exista o dialeto local <i>piemont\u00eas<\/i>, ele raramente \u00e9 usado com estrangeiros. Quase sempre ouvir\u00e1s e falar\u00e1s italiano padr\u00e3o.<\/li>\n<\/ul>\n<p><b>Vantagens de estudar italiano em Turim<\/b><\/p>\n<p>Turim \u00e9 uma cidade constru\u00edda com base na educa\u00e7\u00e3o e na hist\u00f3ria, o que proporciona um ambiente estimulante para os seus estudos.<\/p>\n<ul>\n<li>\u00c9 a sede da Universit\u00e0 di Torino, uma das universidades mais antigas e prestigiadas de It\u00e1lia.<\/li>\n<li>Ter\u00e1s acesso direto ao <b>Museu Eg\u00edpcio<\/b> (o segundo mais importante do mundo) e ao <b>Museu Nacional do Cinema<\/b>, localizado dentro do emblem\u00e1tico edif\u00edcio da cidade, a <i>Mole Antonelliana<\/i>.<\/li>\n<li><b>Os Alpes <\/b>e al\u00e9m: quando precisares de uma pausa dos livros, os Alpes est\u00e3o a apenas uma hora de dist\u00e2ncia para esquiar ou fazer caminhadas.<\/li>\n<li>Est\u00e1s numa posi\u00e7\u00e3o perfeita para fazer escapadelas de fim de semana \u00e0 Fran\u00e7a, Su\u00ed\u00e7a ou \u00e0 ensolarada costa da Lig\u00faria.<\/li>\n<\/ul>\n<h3><b>Atividades e vida cultural em Turim<\/b><\/h3>\n<p>&nbsp;<\/p>\n<p>As aulas s\u00e3o complementadas com atividades extracurriculares organizadas pela escola \u00e0 tarde, permitindo aos alunos colocar em pr\u00e1tica o que aprenderam durante as aulas da manh\u00e3.<\/p>\n<p>Na verdade, a cidade e a regi\u00e3o oferecem a jovens e idosos muitos eventos e in\u00fameras oportunidades para se divertir, relaxar e descobrir coisas novas e particulares:<\/p>\n<ul>\n<li>Museus, exposi\u00e7\u00f5es de arte moderna<\/li>\n<li>Eventos enogastron\u00f3micos<\/li>\n<li>Festivais e comemora\u00e7\u00f5es de eventos hist\u00f3ricos<\/li>\n<li>Caminhadas nas colinas ao redor de Turim<\/li>\n<li>Excurs\u00f5es aos Alpes<\/li>\n<li>Excurs\u00f5es \u00e0 Langa e aos vinhedos<\/li>\n<li>Excurs\u00f5es aos \u00abgrandes\u00bb lagos do Piemonte<\/li>\n<li>N\u00e3o deixem de experimentar um<i> Bicerin <\/i>enquanto estiverem l\u00e1: \u00e9 uma bebida quente tradicional \u00e0 base de caf\u00e9, chocolate e natas. \u00c9 um ritual de inicia\u00e7\u00e3o em Turim!<\/li>\n<li><b>Ber\u00e7o do aperitivo:<\/b> Turim \u00e9 a rainha do <i>Apericena, <\/i>desfrutem de uma bebida e um buffet completo.<\/li>\n<\/ul>\n<\/div>\n<\/div>\n","protected":false},"excerpt":{"rendered":"<h2><b>Aprenda italiano em Turim, a cidade mais elegante de It\u00e1lia<\/b><\/h2>\n<p>Turim \u00e9 famosa pela sua eleg\u00e2ncia, parques e museus. Vale a pena visitar o <b><i>Museu Eg\u00edpcio<\/i><\/b> e o <b><i>Museu do Cinema Italiano<\/i><\/b>. \u00c9 tamb\u00e9m a <b><i>capital do chocolate<\/i><\/b>.<\/p>\n<p>Turim \u00e9 uma cidade conhecida por ser um centro industrial, mas pouco conhecida pelos turistas.<\/p>\n<p>No entanto, Turim tem um incr\u00edvel legado art\u00edstico e cultural para oferecer a quem ama a It\u00e1lia, a sua l\u00edngua e a sua cultura.<\/p>\n<p>Os dias de neblina, as longas avenidas e as vistas para as montanhas fazem parte do seu encanto. N\u00e3o resista, deixe-se levar!<\/p>\n<p>A cidade tem mais de <b>18 km de arcadas cobertas (portici)<\/b>, e passear por baixo delas faz parte da vida cotidiana, n\u00e3o apenas do turismo.<\/p>\n<p>&nbsp;<\/p>\n","protected":false},"featured_media":118543,"comment_status":"open","ping_status":"closed","template":"","meta":{"_acf_changed":false,"_uag_custom_page_level_css":"","_kad_blocks_custom_css":"","_kad_blocks_head_custom_js":"","_kad_blocks_body_custom_js":"","_kad_blocks_footer_custom_js":"","site-sidebar-layout":"default","site-content-layout":"default","ast-site-content-layout":"default","site-content-style":"default","site-sidebar-style":"default","ast-global-header-display":"","ast-banner-title-visibility":"","ast-main-header-display":"","ast-hfb-above-header-display":"","ast-hfb-below-header-display":"","ast-hfb-mobile-header-display":"","site-post-title":"","ast-breadcrumbs-content":"","ast-featured-img":"","footer-sml-layout":"","ast-disable-related-posts":"","theme-transparent-header-meta":"default","adv-header-id-meta":"","stick-header-meta":"default","header-above-stick-meta":"","header-main-stick-meta":"","header-below-stick-meta":"","astra-migrate-meta-layouts":"set","ast-page-background-enabled":"default","ast-page-background-meta":{"desktop":{"background-color":"var(--ast-global-color-4)","background-image":"","background-repeat":"repeat","background-position":"center center","background-size":"auto","background-attachment":"scroll","background-type":"","background-media":"","overlay-type":"","overlay-color":"","overlay-opacity":"","overlay-gradient":""},"tablet":{"background-color":"","background-image":"","background-repeat":"repeat","background-position":"center center","background-size":"auto","background-attachment":"scroll","background-type":"","background-media":"","overlay-type":"","overlay-color":"","overlay-opacity":"","overlay-gradient":""},"mobile":{"background-color":"","background-image":"","background-repeat":"repeat","background-position":"center center","background-size":"auto","background-attachment":"scroll","background-type":"","background-media":"","overlay-type":"","overlay-color":"","overlay-opacity":"","overlay-gradient":""}},"ast-content-background-meta":{"desktop":{"background-color":"var(--ast-global-color-5)","background-image":"","background-repeat":"repeat","background-position":"center center","background-size":"auto","background-attachment":"scroll","background-type":"","background-media":"","overlay-type":"","overlay-color":"","overlay-opacity":"","overlay-gradient":""},"tablet":{"background-color":"var(--ast-global-color-5)","background-image":"","background-repeat":"repeat","background-position":"center center","background-size":"auto","background-attachment":"scroll","background-type":"","background-media":"","overlay-type":"","overlay-color":"","overlay-opacity":"","overlay-gradient":""},"mobile":{"background-color":"var(--ast-global-color-5)","background-image":"","background-repeat":"repeat","background-position":"center center","background-size":"auto","background-attachment":"scroll","background-type":"","background-media":"","overlay-type":"","overlay-color":"","overlay-opacity":"","overlay-gradient":""}}},"section":[2027],"product_brand":[],"product_cat":[1267,1325],"product_tag":[1848],"class_list":{"0":"post-188535","1":"product","2":"type-product","3":"status-publish","4":"has-post-thumbnail","6":"section-north","7":"product_cat-cursos-de-italiano-em-italia","8":"product_cat-cursos-em-turim","9":"product_tag-cursos-italiano","10":"desktop-align-left","11":"tablet-align-left","12":"mobile-align-left","13":"ast-product-gallery-layout-horizontal-slider","14":"ast-product-gallery-with-no-image","15":"ast-product-single-variable","16":"ast-product-tabs-layout-horizontal","17":"ast-qv-on-image-click","19":"first","20":"instock","21":"sold-individually","22":"shipping-taxable","23":"purchasable","24":"product-type-variable","25":"has-default-attributes"},"acf":[],"taxonomy_info":{"section":[{"value":2027,"label":"North"}],"product_cat":[{"value":1267,"label":"Cursos de italiano em It\u00e1lia"},{"value":1325,"label":"Cursos em Turim"}],"product_tag":[{"value":1848,"label":"Cursos Italiano"}]},"featured_image_src_large":["https:\/\/www.studiainitalia.com\/wp-content\/uploads\/2016\/11\/learn-italian-in-turin-e1490029138302.jpg",350,350,false],"author_info":[],"comment_info":10,"uagb_featured_image_src":{"full":["https:\/\/www.studiainitalia.com\/wp-content\/uploads\/2016\/11\/learn-italian-in-turin-e1490029138302.jpg",350,350,false],"thumbnail":["https:\/\/www.studiainitalia.com\/wp-content\/uploads\/2016\/11\/learn-italian-in-turin-150x150.jpg",96,96,true],"medium":["https:\/\/www.studiainitalia.com\/wp-content\/uploads\/2016\/11\/learn-italian-in-turin-300x300.jpg",300,300,true],"medium_large":["https:\/\/www.studiainitalia.com\/wp-content\/uploads\/2016\/11\/learn-italian-in-turin-e1490029138302.jpg",350,350,false],"large":["https:\/\/www.studiainitalia.com\/wp-content\/uploads\/2016\/11\/learn-italian-in-turin-e1490029138302.jpg",350,350,false],"1536x1536":["https:\/\/www.studiainitalia.com\/wp-content\/uploads\/2016\/11\/learn-italian-in-turin-e1490029138302.jpg",350,350,false],"2048x2048":["https:\/\/www.studiainitalia.com\/wp-content\/uploads\/2016\/11\/learn-italian-in-turin-e1490029138302.jpg",350,350,false],"ultp_layout_landscape_large":["https:\/\/www.studiainitalia.com\/wp-content\/uploads\/2016\/11\/learn-italian-in-turin-e1490029138302.jpg",350,350,false],"ultp_layout_landscape":["https:\/\/www.studiainitalia.com\/wp-content\/uploads\/2016\/11\/learn-italian-in-turin-e1490029138302.jpg",350,350,false],"ultp_layout_portrait":["https:\/\/www.studiainitalia.com\/wp-content\/uploads\/2016\/11\/learn-italian-in-turin-e1490029138302.jpg",350,350,false],"ultp_layout_square":["https:\/\/www.studiainitalia.com\/wp-content\/uploads\/2016\/11\/learn-italian-in-turin-e1490029138302.jpg",350,350,false],"gform-image-choice-sm":["https:\/\/www.studiainitalia.com\/wp-content\/uploads\/2016\/11\/learn-italian-in-turin-e1490029138302.jpg",300,300,false],"gform-image-choice-md":["https:\/\/www.studiainitalia.com\/wp-content\/uploads\/2016\/11\/learn-italian-in-turin-e1490029138302.jpg",350,350,false],"gform-image-choice-lg":["https:\/\/www.studiainitalia.com\/wp-content\/uploads\/2016\/11\/learn-italian-in-turin-e1490029138302.jpg",350,350,false],"woocommerce_thumbnail":["https:\/\/www.studiainitalia.com\/wp-content\/uploads\/2016\/11\/learn-italian-in-turin-e1490029138302-300x300.jpg",300,300,true],"woocommerce_single":["https:\/\/www.studiainitalia.com\/wp-content\/uploads\/2016\/11\/learn-italian-in-turin-e1490029138302.jpg",350,350,false],"woocommerce_gallery_thumbnail":["https:\/\/www.studiainitalia.com\/wp-content\/uploads\/2016\/11\/learn-italian-in-turin-e1490029138302-100x100.jpg",100,100,true],"yarpp-thumbnail":["https:\/\/www.studiainitalia.com\/wp-content\/uploads\/2016\/11\/learn-italian-in-turin-e1490029138302.jpg",120,120,false]},"uagb_author_info":{"display_name":"Javier Diaz","author_link":"https:\/\/www.studiainitalia.com\/pt-br\/author\/"},"uagb_comment_info":10,"uagb_excerpt":"Aprenda italiano em Turim, a cidade mais elegante de It\u00e1lia Turim \u00e9 famosa pela sua eleg\u00e2ncia, parques e museus. Vale a pena visitar o Museu Eg\u00edpcio e o Museu do Cinema Italiano. \u00c9 tamb\u00e9m a capital do chocolate. Turim \u00e9 uma cidade conhecida por ser um centro industrial, mas pouco conhecida pelos turistas. No entanto,&hellip;","_links":{"self":[{"href":"https:\/\/www.studiainitalia.com\/pt-br\/wp-json\/wp\/v2\/product\/188535","targetHints":{"allow":["GET"]}}],"collection":[{"href":"https:\/\/www.studiainitalia.com\/pt-br\/wp-json\/wp\/v2\/product"}],"about":[{"href":"https:\/\/www.studiainitalia.com\/pt-br\/wp-json\/wp\/v2\/types\/product"}],"replies":[{"embeddable":true,"href":"https:\/\/www.studiainitalia.com\/pt-br\/wp-json\/wp\/v2\/comments?post=188535"}],"wp:featuredmedia":[{"embeddable":true,"href":"https:\/\/www.studiainitalia.com\/pt-br\/wp-json\/wp\/v2\/media\/118543"}],"wp:attachment":[{"href":"https:\/\/www.studiainitalia.com\/pt-br\/wp-json\/wp\/v2\/media?parent=188535"}],"wp:term":[{"taxonomy":"section","embeddable":true,"href":"https:\/\/www.studiainitalia.com\/pt-br\/wp-json\/wp\/v2\/section?post=188535"},{"taxonomy":"product_brand","embeddable":true,"href":"https:\/\/www.studiainitalia.com\/pt-br\/wp-json\/wp\/v2\/product_brand?post=188535"},{"taxonomy":"product_cat","embeddable":true,"href":"https:\/\/www.studiainitalia.com\/pt-br\/wp-json\/wp\/v2\/product_cat?post=188535"},{"taxonomy":"product_tag","embeddable":true,"href":"https:\/\/www.studiainitalia.com\/pt-br\/wp-json\/wp\/v2\/product_tag?post=188535"}],"curies":[{"name":"wp","href":"https:\/\/api.w.org\/{rel}","templated":true}]}}