{"id":188554,"date":"2016-11-06T16:29:53","date_gmt":"2016-11-06T15:29:53","guid":{"rendered":"https:\/\/www.studiainitalia.com\/courses\/sem%20categoria\/italian-in-orbetello\/"},"modified":"2026-03-25T10:31:19","modified_gmt":"2026-03-25T09:31:19","slug":"curso-de-italiano-em-orbetello","status":"publish","type":"product","link":"https:\/\/www.studiainitalia.com\/pt-br\/cursos\/cursos-de-italiano-em-italia\/curso-de-italiano-em-orbetello\/","title":{"rendered":"Curso de italiano em Orbetello"},"content":{"rendered":"<h2><strong>Italiano em Orbetello<\/strong><\/h2>\n<p>&nbsp;<\/p>\n<p>Nossa escola em Orbetello,\u00a0<strong>Orbitlingua<\/strong>, est\u00e1 localizada em um pr\u00e9dio tranquilo a poucos passos do centro hist\u00f3rico. Aberta de abril a outubro, ela possui um lindo jardim ao redor, onde algumas aulas s\u00e3o ministradas durante os meses de ver\u00e3o e onde os alunos podem se relaxar no tempo livre.<\/p>\n<p>&nbsp;<\/p>\n<p>A escola oferece cursos de idioma e cultura, em um ambiente amig\u00e1vel para alunos de todas as idades e de diferentes nacionalidades. Os computadores est\u00e3o dispon\u00edveis para os alunos usarem a internet e verificarem e-mails sem custo adicional. Al\u00e9m disso, a escola possui conex\u00e3o wi-fi, inclusive no jardim. Os alunos tamb\u00e9m podem pegar emprestado filmes e livros italianos da biblioteca da escola.<\/p>\n<p>&nbsp;<\/p>\n<p>A escola oferece um rico programa social e uma ampla variedade de excurs\u00f5es na regi\u00e3o de Maremma e nas ilhas do arquip\u00e9lago toscano.<\/p>\n<p>Estudar italiano em Orbetello \u00e9 a melhor op\u00e7\u00e3o para conhecer o sul da Toscana.<\/p>\n<p>&nbsp;<\/p>\n<p>A escola tamb\u00e9m oferece cursos de italiano para jovens e programas para idosos.<\/p>\n<p>&nbsp;<\/p>\n<table id=\"tablepress-102\" class=\"tablepress tablepress-id-102\">\n<thead>\n<tr class=\"row-1 odd\">\n<th class=\"column-1\" colspan=\"6\">Datas de in\u00edcio 2026<\/th>\n<\/tr>\n<\/thead>\n<tbody class=\"row-hover\">\n<tr class=\"row-2 even\">\n<td class=\"column-1\">Janeiro<\/td>\n<td class=\"column-2\"><\/td>\n<td class=\"column-3\">Maio<\/td>\n<td class=\"column-4\"><\/td>\n<td class=\"column-5\">Setembro<\/td>\n<td class=\"column-6\">7, 21<\/td>\n<\/tr>\n<tr class=\"row-3 odd\">\n<td class=\"column-1\">Fevereiro<\/td>\n<td class=\"column-2\"><\/td>\n<td class=\"column-3\">Junho<\/td>\n<td class=\"column-4\">1, 15<\/td>\n<td class=\"column-5\">Outubro<\/td>\n<td class=\"column-6\">5, 19<\/td>\n<\/tr>\n<tr class=\"row-4 even\">\n<td class=\"column-1\">Mar\u00e7o<\/td>\n<td class=\"column-2\"><\/td>\n<td class=\"column-3\">Julho<\/td>\n<td class=\"column-4\"><\/td>\n<td class=\"column-5\">Novembro<\/td>\n<td class=\"column-6\"><\/td>\n<\/tr>\n<tr class=\"row-5 odd\">\n<td class=\"column-1\">Abril<\/td>\n<td class=\"column-2\">7<\/td>\n<td class=\"column-3\">Agosto<\/td>\n<td class=\"column-4\"><\/td>\n<td class=\"column-5\">Dezembro<\/td>\n<td class=\"column-6\"><\/td>\n<\/tr>\n<tr class=\"row-6 even\">\n<td class=\"column-1\" colspan=\"6\">A escola ser\u00e1 fechada nos seguintes feriados nacionais: 06\/01, segunda-feira de P\u00e1scoa, 25\/04, 01\/05, 02\/06, 15\/08, 01\/11, 8\/12, e durante os feriados locais e f\u00e9rias de Natal.<\/td>\n<\/tr>\n<\/tbody>\n<\/table>\n<p>&nbsp;<\/p>\n<div class=\"aiosrs-rating-wrap\" data-schema-id=\"90691\">\n<div class=\"aiosrs-star-rating-wrap \"><\/div>\n<div class=\"aiosrs-rating-summary-wrap\"><\/div>\n<\/div>\n","protected":false},"excerpt":{"rendered":"<p><strong>Orbetello fica na regi\u00e3o da Toscana conhecida como Maremma, perto de Roma, Floren\u00e7a, Siena e Pisa. Aqui voc\u00ea encontrar\u00e1 quil\u00f4metros de praias virgens entre duas reservas naturais protegidas. <\/strong><\/p>\n<p><strong>O promont\u00f3rio do Argentario, as cidadezinhas de Porto Santo Stefano e Porto Ercole, e as ilhas de Giglio e Giannutri s\u00e3o facilmente acess\u00edveis.<\/strong><\/p>\n<ul>\n<li>Os cursos intensivos de italiano consistem em 4 aulas de italiano por dia.<\/li>\n<\/ul>\n<ul>\n<li>Este tipo de curso \u00e9 perfeito para quem deseja combinar o estudo com outras atividades culturais e de lazer no per\u00edodo da tarde.<\/li>\n<\/ul>\n<ul>\n<li>As classes consistem em pequenos grupos de 5-10 alunos com n\u00edveis compat\u00edveis de compet\u00eancia lingu\u00edstica de acordo com o teste de nivelamento.<\/li>\n<\/ul>\n<ul>\n<li>O m\u00e9todo de ensino \u00e9 comunicativo e usa uma grande variedade de material aut\u00eantico na sala de aula, dando aos alunos informa\u00e7\u00f5es valiosas sobre a cultura e a sociedade italiana moderna.<\/li>\n<\/ul>\n","protected":false},"featured_media":197742,"comment_status":"open","ping_status":"closed","template":"","meta":{"_acf_changed":false,"_uag_custom_page_level_css":"","_kad_blocks_custom_css":"","_kad_blocks_head_custom_js":"","_kad_blocks_body_custom_js":"","_kad_blocks_footer_custom_js":"","site-sidebar-layout":"default","site-content-layout":"default","ast-site-content-layout":"default","site-content-style":"default","site-sidebar-style":"default","ast-global-header-display":"","ast-banner-title-visibility":"","ast-main-header-display":"","ast-hfb-above-header-display":"","ast-hfb-below-header-display":"","ast-hfb-mobile-header-display":"","site-post-title":"","ast-breadcrumbs-content":"","ast-featured-img":"","footer-sml-layout":"","ast-disable-related-posts":"","theme-transparent-header-meta":"default","adv-header-id-meta":"","stick-header-meta":"default","header-above-stick-meta":"","header-main-stick-meta":"","header-below-stick-meta":"","astra-migrate-meta-layouts":"set","ast-page-background-enabled":"default","ast-page-background-meta":{"desktop":{"background-color":"var(--ast-global-color-4)","background-image":"","background-repeat":"repeat","background-position":"center center","background-size":"auto","background-attachment":"scroll","background-type":"","background-media":"","overlay-type":"","overlay-color":"","overlay-opacity":"","overlay-gradient":""},"tablet":{"background-color":"","background-image":"","background-repeat":"repeat","background-position":"center center","background-size":"auto","background-attachment":"scroll","background-type":"","background-media":"","overlay-type":"","overlay-color":"","overlay-opacity":"","overlay-gradient":""},"mobile":{"background-color":"","background-image":"","background-repeat":"repeat","background-position":"center center","background-size":"auto","background-attachment":"scroll","background-type":"","background-media":"","overlay-type":"","overlay-color":"","overlay-opacity":"","overlay-gradient":""}},"ast-content-background-meta":{"desktop":{"background-color":"var(--ast-global-color-5)","background-image":"","background-repeat":"repeat","background-position":"center center","background-size":"auto","background-attachment":"scroll","background-type":"","background-media":"","overlay-type":"","overlay-color":"","overlay-opacity":"","overlay-gradient":""},"tablet":{"background-color":"var(--ast-global-color-5)","background-image":"","background-repeat":"repeat","background-position":"center center","background-size":"auto","background-attachment":"scroll","background-type":"","background-media":"","overlay-type":"","overlay-color":"","overlay-opacity":"","overlay-gradient":""},"mobile":{"background-color":"var(--ast-global-color-5)","background-image":"","background-repeat":"repeat","background-position":"center center","background-size":"auto","background-attachment":"scroll","background-type":"","background-media":"","overlay-type":"","overlay-color":"","overlay-opacity":"","overlay-gradient":""}}},"section":[2028],"product_brand":[],"product_cat":[1267,1326],"product_tag":[1848],"class_list":{"0":"post-188554","1":"product","2":"type-product","3":"status-publish","4":"has-post-thumbnail","6":"section-center","7":"product_cat-cursos-de-italiano-em-italia","8":"product_cat-cursos-de-italiano-em-orbetello","9":"product_tag-cursos-italiano","10":"desktop-align-left","11":"tablet-align-left","12":"mobile-align-left","13":"ast-product-gallery-layout-horizontal-slider","14":"ast-product-single-variable","15":"ast-product-tabs-layout-horizontal","16":"ast-qv-on-image-click","18":"first","19":"instock","20":"sold-individually","21":"shipping-taxable","22":"purchasable","23":"product-type-variable","24":"has-default-attributes"},"acf":[],"taxonomy_info":{"section":[{"value":2028,"label":"Center"}],"product_cat":[{"value":1267,"label":"Cursos de italiano em It\u00e1lia"},{"value":1326,"label":"Cursos de italiano em Orbetello"}],"product_tag":[{"value":1848,"label":"Cursos Italiano"}]},"featured_image_src_large":["https:\/\/www.studiainitalia.com\/wp-content\/uploads\/2024\/03\/ORBETELLO.jpg",960,720,false],"author_info":[],"comment_info":2,"uagb_featured_image_src":{"full":["https:\/\/www.studiainitalia.com\/wp-content\/uploads\/2024\/03\/ORBETELLO.jpg",960,720,false],"thumbnail":["https:\/\/www.studiainitalia.com\/wp-content\/uploads\/2024\/03\/ORBETELLO.jpg",128,96,false],"medium":["https:\/\/www.studiainitalia.com\/wp-content\/uploads\/2024\/03\/ORBETELLO.jpg",960,720,false],"medium_large":["https:\/\/www.studiainitalia.com\/wp-content\/uploads\/2024\/03\/ORBETELLO-768x576.jpg",768,576,true],"large":["https:\/\/www.studiainitalia.com\/wp-content\/uploads\/2024\/03\/ORBETELLO.jpg",960,720,false],"1536x1536":["https:\/\/www.studiainitalia.com\/wp-content\/uploads\/2024\/03\/ORBETELLO.jpg",960,720,false],"2048x2048":["https:\/\/www.studiainitalia.com\/wp-content\/uploads\/2024\/03\/ORBETELLO.jpg",960,720,false],"ultp_layout_landscape_large":["https:\/\/www.studiainitalia.com\/wp-content\/uploads\/2024\/03\/ORBETELLO.jpg",960,720,false],"ultp_layout_landscape":["https:\/\/www.studiainitalia.com\/wp-content\/uploads\/2024\/03\/ORBETELLO-870x570.jpg",870,570,true],"ultp_layout_portrait":["https:\/\/www.studiainitalia.com\/wp-content\/uploads\/2024\/03\/ORBETELLO-600x720.jpg",600,720,true],"ultp_layout_square":["https:\/\/www.studiainitalia.com\/wp-content\/uploads\/2024\/03\/ORBETELLO-600x600.jpg",600,600,true],"gform-image-choice-sm":["https:\/\/www.studiainitalia.com\/wp-content\/uploads\/2024\/03\/ORBETELLO.jpg",300,225,false],"gform-image-choice-md":["https:\/\/www.studiainitalia.com\/wp-content\/uploads\/2024\/03\/ORBETELLO.jpg",400,300,false],"gform-image-choice-lg":["https:\/\/www.studiainitalia.com\/wp-content\/uploads\/2024\/03\/ORBETELLO.jpg",600,450,false],"woocommerce_thumbnail":["https:\/\/www.studiainitalia.com\/wp-content\/uploads\/2024\/03\/ORBETELLO-300x300.jpg",300,300,true],"woocommerce_single":["https:\/\/www.studiainitalia.com\/wp-content\/uploads\/2024\/03\/ORBETELLO-400x300.jpg",400,300,true],"woocommerce_gallery_thumbnail":["https:\/\/www.studiainitalia.com\/wp-content\/uploads\/2024\/03\/ORBETELLO-100x100.jpg",100,100,true],"yarpp-thumbnail":["https:\/\/www.studiainitalia.com\/wp-content\/uploads\/2024\/03\/ORBETELLO-120x120.jpg",120,120,true]},"uagb_author_info":{"display_name":"Javier Diaz","author_link":"https:\/\/www.studiainitalia.com\/pt-br\/author\/"},"uagb_comment_info":2,"uagb_excerpt":"Orbetello fica na regi\u00e3o da Toscana conhecida como Maremma, perto de Roma, Floren\u00e7a, Siena e Pisa. Aqui voc\u00ea encontrar\u00e1 quil\u00f4metros de praias virgens entre duas reservas naturais protegidas. O promont\u00f3rio do Argentario, as cidadezinhas de Porto Santo Stefano e Porto Ercole, e as ilhas de Giglio e Giannutri s\u00e3o facilmente acess\u00edveis. Os cursos intensivos de&hellip;","_links":{"self":[{"href":"https:\/\/www.studiainitalia.com\/pt-br\/wp-json\/wp\/v2\/product\/188554","targetHints":{"allow":["GET"]}}],"collection":[{"href":"https:\/\/www.studiainitalia.com\/pt-br\/wp-json\/wp\/v2\/product"}],"about":[{"href":"https:\/\/www.studiainitalia.com\/pt-br\/wp-json\/wp\/v2\/types\/product"}],"replies":[{"embeddable":true,"href":"https:\/\/www.studiainitalia.com\/pt-br\/wp-json\/wp\/v2\/comments?post=188554"}],"wp:featuredmedia":[{"embeddable":true,"href":"https:\/\/www.studiainitalia.com\/pt-br\/wp-json\/wp\/v2\/media\/197742"}],"wp:attachment":[{"href":"https:\/\/www.studiainitalia.com\/pt-br\/wp-json\/wp\/v2\/media?parent=188554"}],"wp:term":[{"taxonomy":"section","embeddable":true,"href":"https:\/\/www.studiainitalia.com\/pt-br\/wp-json\/wp\/v2\/section?post=188554"},{"taxonomy":"product_brand","embeddable":true,"href":"https:\/\/www.studiainitalia.com\/pt-br\/wp-json\/wp\/v2\/product_brand?post=188554"},{"taxonomy":"product_cat","embeddable":true,"href":"https:\/\/www.studiainitalia.com\/pt-br\/wp-json\/wp\/v2\/product_cat?post=188554"},{"taxonomy":"product_tag","embeddable":true,"href":"https:\/\/www.studiainitalia.com\/pt-br\/wp-json\/wp\/v2\/product_tag?post=188554"}],"curies":[{"name":"wp","href":"https:\/\/api.w.org\/{rel}","templated":true}]}}