{"id":188651,"date":"2016-11-07T13:51:08","date_gmt":"2016-11-07T12:51:08","guid":{"rendered":"https:\/\/www.studiainitalia.com\/courses\/sem%20categoria\/italian-in-verona\/"},"modified":"2026-03-25T10:13:05","modified_gmt":"2026-03-25T09:13:05","slug":"curso-de-italiano-em-verona","status":"publish","type":"product","link":"https:\/\/www.studiainitalia.com\/pt-br\/cursos\/cursos-de-italiano-em-italia\/curso-de-italiano-em-verona\/","title":{"rendered":"Curso de italiano em Verona"},"content":{"rendered":"<h2><strong>Curso de italiano em Verona<\/strong><\/h2>\n<p>&nbsp;<\/p>\n<p>Nossa escola de italiano em Verona,\u00a0<strong>In Classe<\/strong>, est\u00e1 localizada bem no centro da cidade, perto das famosas Piazza Br\u00e0 e Piazza Erbe.<\/p>\n<p>A localiza\u00e7\u00e3o permite que voc\u00ea se desloque por todo o centro a p\u00e9. A escola oferece cursos de italiano para todos os n\u00edveis, do A1 ao C2.<\/p>\n<p>A nossa escola conta com salas de aula luminosas e espa\u00e7osas, Wi-Fi gratuito, uma cafetaria e uma biblioteca, proporcionando um ambiente confort\u00e1vel para que os estudantes internacionais mergulhem na l\u00edngua.<\/p>\n<p>Os nossos professores nativos certificados utilizam uma abordagem comunicativa moderna que prioriza as suas necessidades individuais e o seu ritmo de aprendizagem. Para garantir uma aten\u00e7\u00e3o personalizada e um progresso constante, as turmas s\u00e3o pequenas, com um m\u00e1ximo de oito alunos. Acreditamos que a aprendizagem deve ser agrad\u00e1vel e sem stress, por isso as nossas aulas utilizam dramatiza\u00e7\u00f5es e jogos interativos para ajud\u00e1-lo a usar o italiano de forma natural e com confian\u00e7a.<\/p>\n<p>Ao combinar livros did\u00e1ticos modernos com materiais aut\u00eanticos e reais, vamos al\u00e9m do italiano b\u00e1sico dos livros did\u00e1ticos para ensinar a l\u00edngua cotidiana usada nas ruas. Atrav\u00e9s deste m\u00e9todo din\u00e2mico e funcional, voc\u00ea consolidar\u00e1 suas habilidades e progredir\u00e1 rapidamente enquanto desfruta do ambiente animado de Verona.<\/p>\n<p>A escola, totalmente coberta por Wi-Fi gratuito, est\u00e1 equipada com salas de aula luminosas, amplas e confort\u00e1veis. H\u00e1 tamb\u00e9m uma cafetaria e uma pequena biblioteca onde voc\u00ea pode assistir a v\u00eddeos.<\/p>\n<p>&nbsp;<\/p>\n<h3><b>Estrutura do curso<\/b><\/h3>\n<p>&nbsp;<\/p>\n<p>Nosso curso intensivo padr\u00e3o em Verona oferece uma experi\u00eancia de imers\u00e3o completa com 20 aulas por semana, de segunda a sexta-feira, das 9h \u00e0s 13h.<\/p>\n<p>Para garantir que voc\u00ea seja colocado no n\u00edvel adequado, do iniciante ao avan\u00e7ado, voc\u00ea far\u00e1 um teste de n\u00edvel escrito e oral antes do in\u00edcio das aulas.<\/p>\n<p>O plano de estudos \u00e9 projetado para um progresso r\u00e1pido, e cada manh\u00e3 \u00e9 dividida em duas partes distintas: a primeira se concentra na gram\u00e1tica e na estrutura lingu\u00edstica, enquanto a segunda \u00e9 dedicada ao vocabul\u00e1rio, \u00e0 conversa\u00e7\u00e3o e \u00e0 comunica\u00e7\u00e3o pr\u00e1tica. As aulas s\u00e3o ministradas inteiramente em italiano para promover uma imers\u00e3o constante, mas o ambiente continua sendo prop\u00edcio, com turmas pequenas, que geralmente t\u00eam uma m\u00e9dia de 5 a 10 alunos.<\/p>\n<ul>\n<li>4 aulas por dia, de segunda a sexta-feira (20 aulas por semana)<\/li>\n<li>Turmas pequenas: 6-12 alunos (8 em m\u00e9dia)<\/li>\n<li>N\u00edveis de idioma, do iniciante ao avan\u00e7ado<\/li>\n<li>Aulas pela manh\u00e3<\/li>\n<li>Teste de n\u00edvel oral e escrito no in\u00edcio do curso<\/li>\n<\/ul>\n<p>No final do curso, os alunos recebem um <b>certificado de frequ\u00eancia que indica o n\u00edvel alcan\u00e7ado<\/b>.<\/p>\n<p>&nbsp;<\/p>\n<h3><b>Tipos de cursos de italiano dispon\u00edveis em Verona<\/b><\/h3>\n<p>&nbsp;<\/p>\n<ul>\n<li>Curso intensivo de italiano (4 aulas por dia)<\/li>\n<li>Cursos superintensivos<\/li>\n<li>Aulas particulares de italiano<\/li>\n<li>Conversa\u00e7\u00e3o em italiano<\/li>\n<\/ul>\n<h2><b>Datas de in\u00edcio e detalhes<\/b><\/h2>\n<p>&nbsp;<\/p>\n<ul>\n<li><b>Dura\u00e7\u00e3o das aulas<\/b>: 55 minutos<\/li>\n<li><b>Tamanho m\u00e9dio da turma<\/b>: 8 alunos<\/li>\n<li><b>Tamanho m\u00e1ximo da turma<\/b>: 10 alunos<\/li>\n<li><b>Hor\u00e1rio<\/b>: De manh\u00e3<\/li>\n<li><b>Materiais do curso<\/b>: Inclu\u00eddos<\/li>\n<li><b>Teste de n\u00edvel e certificado final<\/b>: Inclu\u00eddos<\/li>\n<li><b>Localiza\u00e7\u00e3o<\/b>: Via Don Enrico Tazzoli 6<\/li>\n<li><b>Outros servi\u00e7os<\/b>: Acesso \u00e0 Internet, ar condicionado, atividades sociais<\/li>\n<\/ul>\n<p>&nbsp;<\/p>\n<table id=\"tablepress-117\" class=\"tablepress tablepress-id-117\">\n<thead>\n<tr class=\"row-1 odd\">\n<th class=\"column-1\" colspan=\"6\">Datas de in\u00edcio 2026<\/th>\n<\/tr>\n<\/thead>\n<tbody class=\"row-hover\">\n<tr class=\"row-2 even\">\n<td class=\"column-1\">Janeiro<\/td>\n<td class=\"column-2\">12<\/td>\n<td class=\"column-3\">Maio<\/td>\n<td class=\"column-4\">4<\/td>\n<td class=\"column-5\">Setembro<\/td>\n<td class=\"column-6\">21<\/td>\n<\/tr>\n<tr class=\"row-3 odd\">\n<td class=\"column-1\">Fevereiro<\/td>\n<td class=\"column-2\">9<\/td>\n<td class=\"column-3\">Junho<\/td>\n<td class=\"column-4\">1, 29<\/td>\n<td class=\"column-5\">Outubro<\/td>\n<td class=\"column-6\">19<\/td>\n<\/tr>\n<tr class=\"row-4 even\">\n<td class=\"column-1\">Mar\u00e7o<\/td>\n<td class=\"column-2\">9<\/td>\n<td class=\"column-3\">Julho<\/td>\n<td class=\"column-4\">27<\/td>\n<td class=\"column-5\">Novembro<\/td>\n<td class=\"column-6\">16<\/td>\n<\/tr>\n<tr class=\"row-5 odd\">\n<td class=\"column-1\">Abril<\/td>\n<td class=\"column-2\">7<\/td>\n<td class=\"column-3\">Agosto<\/td>\n<td class=\"column-4\">14<\/td>\n<td class=\"column-5\">Dezembro<\/td>\n<td class=\"column-6\"><\/td>\n<\/tr>\n<tr class=\"row-6 even\">\n<td class=\"column-1\" colspan=\"6\">A escola ser\u00e1 fechada nos seguintes feriados nacionais: 06\/01, segunda-feira de P\u00e1scoa, 25\/04, 01\/05, 02\/06, 15\/08, 01\/11, 8\/12, e durante os feriados locais e f\u00e9rias de Natal.<\/td>\n<\/tr>\n<\/tbody>\n<\/table>\n<p>&nbsp;<\/p>\n<div class=\"aiosrs-rating-wrap\" data-schema-id=\"90691\">\n<div class=\"aiosrs-rating-summary-wrap\">\n<h2><b>Por que escolher Verona para estudar italiano?<\/b><\/h2>\n<p>&nbsp;<\/p>\n<p>Verona \u00e9 uma das cidades mais bonitas da It\u00e1lia, famosa pela sua hist\u00f3ria, cultura e patrim\u00f3nio liter\u00e1rio. Conhecida mundialmente como a cidade de <i>Romeu e Julieta<\/i>, Verona oferece o equil\u00edbrio perfeito entre a tradi\u00e7\u00e3o e a vida italiana moderna. Estudar italiano em Verona permite que os alunos mergulhem completamente na l\u00edngua enquanto vivem numa cidade acolhedora e segura.<\/p>\n<p><b>Vantagens de estudar italiano em Verona<\/b><\/p>\n<ul>\n<li><b>Ambiente italiano aut\u00eantico<\/b>: menos turistas do que nas cidades maiores<\/li>\n<li><b>Rico patrim\u00f3nio cultural<\/b>: ru\u00ednas romanas, arquitetura medieval, museus e locais declarados Patrim\u00f3nio Mundial pela UNESCO<\/li>\n<li><b>Sotaque italiano claro e neutro<\/b>: ideal para aprender e compreender o italiano padr\u00e3o<\/li>\n<li><b>Cidade ideal para estudantes<\/b>: custo de vida acess\u00edvel, centro hist\u00f3rico acess\u00edvel a p\u00e9 e vida estudantil animada<\/li>\n<li><b>Localiza\u00e7\u00e3o estrat\u00e9gica<\/b>: perto de Veneza, Mil\u00e3o, do Lago Garda e das Dolomitas<\/li>\n<\/ul>\n<\/div>\n<h3><\/h3>\n<div class=\"aiosrs-rating-summary-wrap\">\n<h3><\/h3>\n<h3><b>Atividades culturais e vida em Verona<\/b><\/h3>\n<p>&nbsp;<\/p>\n<p>Todas as semanas, a escola organiza uma variedade de atividades sociais opcionais, pensadas para ajudar a praticar o italiano em situa\u00e7\u00f5es reais enquanto mergulham na cultura local.<\/p>\n<p>Dirigidas pelos professores da escola, essas sa\u00eddas s\u00e3o gratuitas ou de baixo custo e s\u00e3o uma \u00f3tima maneira de interagir com seus colegas fora da sala de aula.<\/p>\n<p>Voc\u00ea poder\u00e1 desfrutar de experi\u00eancias como:<\/p>\n<p><b>Passeio hist\u00f3rico a p\u00e9<\/b><\/p>\n<p><b>Aperitivo italiano<\/b><\/p>\n<p><b>Aulas de culin\u00e1ria<\/b><\/p>\n<p><b>Aula de gestos italianos<\/b><\/p>\n<p><b>Visitas e degusta\u00e7\u00f5es de vinho<\/b><\/p>\n<p><b>Passeios e percursos de bicicleta el\u00e9trica<\/b><\/p>\n<\/div>\n<\/div>\n","protected":false},"excerpt":{"rendered":"<h2><b>Aprenda italiano em Verona, uma obra-prima italiana<\/b><\/h2>\n<p>Verona \u00e9 uma cidade para ser vivida sem pressa. Enquanto aprende <b>italiano em Verona<\/b>, pode passear por pra\u00e7as rom\u00e2nticas, caminhar ou andar de bicicleta \u00e0 beira do rio e seguir os passos eternos de Romeu e Julieta.<\/p>\n<p>A escala humana e o ritmo aut\u00eantico da cidade permitem que voc\u00ea se conecte com o idioma atrav\u00e9s de conversas reais e momentos cotidianos.<\/p>\n<p>A cultura \u00e9 o cora\u00e7\u00e3o da vida em Verona. Desde as inesquec\u00edveis noites de ver\u00e3o no Festival de \u00d3pera da Arena at\u00e9 a energia internacional da Vinitaly na primavera, cada esta\u00e7\u00e3o oferece inspira\u00e7\u00e3o.<\/p>\n<p>Com excelentes conex\u00f5es de transporte e voos acess\u00edveis dispon\u00edveis durante todo o ano, escolher estudar italiano em Verona significa escolher um lugar onde a l\u00edngua, a cultura e o estilo de vida se unem naturalmente.<\/p>\n","protected":false},"featured_media":118579,"comment_status":"open","ping_status":"closed","template":"","meta":{"_acf_changed":false,"_uag_custom_page_level_css":"","_kad_blocks_custom_css":"","_kad_blocks_head_custom_js":"","_kad_blocks_body_custom_js":"","_kad_blocks_footer_custom_js":"","site-sidebar-layout":"default","site-content-layout":"default","ast-site-content-layout":"default","site-content-style":"default","site-sidebar-style":"default","ast-global-header-display":"","ast-banner-title-visibility":"","ast-main-header-display":"","ast-hfb-above-header-display":"","ast-hfb-below-header-display":"","ast-hfb-mobile-header-display":"","site-post-title":"","ast-breadcrumbs-content":"","ast-featured-img":"","footer-sml-layout":"","ast-disable-related-posts":"","theme-transparent-header-meta":"default","adv-header-id-meta":"","stick-header-meta":"default","header-above-stick-meta":"","header-main-stick-meta":"","header-below-stick-meta":"","astra-migrate-meta-layouts":"set","ast-page-background-enabled":"default","ast-page-background-meta":{"desktop":{"background-color":"var(--ast-global-color-4)","background-image":"","background-repeat":"repeat","background-position":"center center","background-size":"auto","background-attachment":"scroll","background-type":"","background-media":"","overlay-type":"","overlay-color":"","overlay-opacity":"","overlay-gradient":""},"tablet":{"background-color":"","background-image":"","background-repeat":"repeat","background-position":"center center","background-size":"auto","background-attachment":"scroll","background-type":"","background-media":"","overlay-type":"","overlay-color":"","overlay-opacity":"","overlay-gradient":""},"mobile":{"background-color":"","background-image":"","background-repeat":"repeat","background-position":"center center","background-size":"auto","background-attachment":"scroll","background-type":"","background-media":"","overlay-type":"","overlay-color":"","overlay-opacity":"","overlay-gradient":""}},"ast-content-background-meta":{"desktop":{"background-color":"var(--ast-global-color-5)","background-image":"","background-repeat":"repeat","background-position":"center center","background-size":"auto","background-attachment":"scroll","background-type":"","background-media":"","overlay-type":"","overlay-color":"","overlay-opacity":"","overlay-gradient":""},"tablet":{"background-color":"var(--ast-global-color-5)","background-image":"","background-repeat":"repeat","background-position":"center center","background-size":"auto","background-attachment":"scroll","background-type":"","background-media":"","overlay-type":"","overlay-color":"","overlay-opacity":"","overlay-gradient":""},"mobile":{"background-color":"var(--ast-global-color-5)","background-image":"","background-repeat":"repeat","background-position":"center center","background-size":"auto","background-attachment":"scroll","background-type":"","background-media":"","overlay-type":"","overlay-color":"","overlay-opacity":"","overlay-gradient":""}}},"section":[2027],"product_brand":[],"product_cat":[1267,1336],"product_tag":[1848],"class_list":{"0":"post-188651","1":"product","2":"type-product","3":"status-publish","4":"has-post-thumbnail","6":"section-north","7":"product_cat-cursos-de-italiano-em-italia","8":"product_cat-cursos-em-verona","9":"product_tag-cursos-italiano","10":"desktop-align-left","11":"tablet-align-left","12":"mobile-align-left","13":"ast-product-gallery-layout-horizontal-slider","14":"ast-product-single-variable","15":"ast-product-tabs-layout-horizontal","16":"ast-qv-on-image-click","18":"first","19":"instock","20":"sold-individually","21":"shipping-taxable","22":"purchasable","23":"product-type-variable","24":"has-default-attributes"},"acf":[],"taxonomy_info":{"section":[{"value":2027,"label":"North"}],"product_cat":[{"value":1267,"label":"Cursos de italiano em It\u00e1lia"},{"value":1336,"label":"Cursos em Verona"}],"product_tag":[{"value":1848,"label":"Cursos Italiano"}]},"featured_image_src_large":["https:\/\/www.studiainitalia.com\/wp-content\/uploads\/2016\/11\/learn-italian-in-verona-e1490027467325.jpg",300,300,false],"author_info":[],"comment_info":8,"uagb_featured_image_src":{"full":["https:\/\/www.studiainitalia.com\/wp-content\/uploads\/2016\/11\/learn-italian-in-verona-e1490027467325.jpg",300,300,false],"thumbnail":["https:\/\/www.studiainitalia.com\/wp-content\/uploads\/2016\/11\/learn-italian-in-verona-150x150.jpg",96,96,true],"medium":["https:\/\/www.studiainitalia.com\/wp-content\/uploads\/2016\/11\/learn-italian-in-verona-300x300.jpg",300,300,true],"medium_large":["https:\/\/www.studiainitalia.com\/wp-content\/uploads\/2016\/11\/learn-italian-in-verona-e1490027467325.jpg",300,300,false],"large":["https:\/\/www.studiainitalia.com\/wp-content\/uploads\/2016\/11\/learn-italian-in-verona-e1490027467325.jpg",300,300,false],"1536x1536":["https:\/\/www.studiainitalia.com\/wp-content\/uploads\/2016\/11\/learn-italian-in-verona-e1490027467325.jpg",300,300,false],"2048x2048":["https:\/\/www.studiainitalia.com\/wp-content\/uploads\/2016\/11\/learn-italian-in-verona-e1490027467325.jpg",300,300,false],"ultp_layout_landscape_large":["https:\/\/www.studiainitalia.com\/wp-content\/uploads\/2016\/11\/learn-italian-in-verona-e1490027467325.jpg",300,300,false],"ultp_layout_landscape":["https:\/\/www.studiainitalia.com\/wp-content\/uploads\/2016\/11\/learn-italian-in-verona-e1490027467325.jpg",300,300,false],"ultp_layout_portrait":["https:\/\/www.studiainitalia.com\/wp-content\/uploads\/2016\/11\/learn-italian-in-verona-e1490027467325.jpg",300,300,false],"ultp_layout_square":["https:\/\/www.studiainitalia.com\/wp-content\/uploads\/2016\/11\/learn-italian-in-verona-e1490027467325.jpg",300,300,false],"gform-image-choice-sm":["https:\/\/www.studiainitalia.com\/wp-content\/uploads\/2016\/11\/learn-italian-in-verona-e1490027467325.jpg",300,300,false],"gform-image-choice-md":["https:\/\/www.studiainitalia.com\/wp-content\/uploads\/2016\/11\/learn-italian-in-verona-e1490027467325.jpg",300,300,false],"gform-image-choice-lg":["https:\/\/www.studiainitalia.com\/wp-content\/uploads\/2016\/11\/learn-italian-in-verona-e1490027467325.jpg",300,300,false],"woocommerce_thumbnail":["https:\/\/www.studiainitalia.com\/wp-content\/uploads\/2016\/11\/learn-italian-in-verona-e1490027467325.jpg",300,300,false],"woocommerce_single":["https:\/\/www.studiainitalia.com\/wp-content\/uploads\/2016\/11\/learn-italian-in-verona-e1490027467325.jpg",300,300,false],"woocommerce_gallery_thumbnail":["https:\/\/www.studiainitalia.com\/wp-content\/uploads\/2016\/11\/learn-italian-in-verona-e1490027467325-100x100.jpg",100,100,true],"yarpp-thumbnail":["https:\/\/www.studiainitalia.com\/wp-content\/uploads\/2016\/11\/learn-italian-in-verona-e1490027467325.jpg",120,120,false]},"uagb_author_info":{"display_name":"Javier Diaz","author_link":"https:\/\/www.studiainitalia.com\/pt-br\/author\/"},"uagb_comment_info":8,"uagb_excerpt":"Aprenda italiano em Verona, uma obra-prima italiana Verona \u00e9 uma cidade para ser vivida sem pressa. Enquanto aprende italiano em Verona, pode passear por pra\u00e7as rom\u00e2nticas, caminhar ou andar de bicicleta \u00e0 beira do rio e seguir os passos eternos de Romeu e Julieta. A escala humana e o ritmo aut\u00eantico da cidade permitem que&hellip;","_links":{"self":[{"href":"https:\/\/www.studiainitalia.com\/pt-br\/wp-json\/wp\/v2\/product\/188651","targetHints":{"allow":["GET"]}}],"collection":[{"href":"https:\/\/www.studiainitalia.com\/pt-br\/wp-json\/wp\/v2\/product"}],"about":[{"href":"https:\/\/www.studiainitalia.com\/pt-br\/wp-json\/wp\/v2\/types\/product"}],"replies":[{"embeddable":true,"href":"https:\/\/www.studiainitalia.com\/pt-br\/wp-json\/wp\/v2\/comments?post=188651"}],"wp:featuredmedia":[{"embeddable":true,"href":"https:\/\/www.studiainitalia.com\/pt-br\/wp-json\/wp\/v2\/media\/118579"}],"wp:attachment":[{"href":"https:\/\/www.studiainitalia.com\/pt-br\/wp-json\/wp\/v2\/media?parent=188651"}],"wp:term":[{"taxonomy":"section","embeddable":true,"href":"https:\/\/www.studiainitalia.com\/pt-br\/wp-json\/wp\/v2\/section?post=188651"},{"taxonomy":"product_brand","embeddable":true,"href":"https:\/\/www.studiainitalia.com\/pt-br\/wp-json\/wp\/v2\/product_brand?post=188651"},{"taxonomy":"product_cat","embeddable":true,"href":"https:\/\/www.studiainitalia.com\/pt-br\/wp-json\/wp\/v2\/product_cat?post=188651"},{"taxonomy":"product_tag","embeddable":true,"href":"https:\/\/www.studiainitalia.com\/pt-br\/wp-json\/wp\/v2\/product_tag?post=188651"}],"curies":[{"name":"wp","href":"https:\/\/api.w.org\/{rel}","templated":true}]}}