{"id":188652,"date":"2016-11-12T13:04:22","date_gmt":"2016-11-12T12:04:22","guid":{"rendered":"https:\/\/www.studiainitalia.com\/courses\/sem%20categoria\/florentine-mosaic-course-in-florence\/"},"modified":"2025-12-20T00:06:45","modified_gmt":"2025-12-19T23:06:45","slug":"curso-de-mosaico-florentino-em-florenca","status":"publish","type":"product","link":"https:\/\/www.studiainitalia.com\/pt-br\/cursos\/cursos-em-florenca\/curso-de-mosaico-florentino-em-florenca\/","title":{"rendered":"Curso de mosaico florentino em Floren\u00e7a"},"content":{"rendered":"<h2><strong>Curso de mosaico florentino<\/strong><\/h2>\n<p>&nbsp;<\/p>\n<p>Nossas oficinas artesanais \u201cbottega\u201d na Toscana s\u00e3o caracterizadas pelo cuidado e aten\u00e7\u00e3o com que seus artes\u00e3os cuidam dos alunos, tentando atender suas necessidades e satisfazer suas expectativas.<\/p>\n<p>O ambiente \u00e9 informal e descontra\u00eddo.<\/p>\n<p>A oficina est\u00e1 localizada em uma vila medieval a 40 km do centro de Floren\u00e7a. O curso \u00e9 individual e direcionado a todos os n\u00edveis.<\/p>\n<p>Podemos ajud\u00e1-lo a encontrar hospedagem em Floren\u00e7a ou perto da oficina.<\/p>\n<p>&nbsp;<\/p>\n<p>&nbsp;<\/p>\n<p>&nbsp;<\/p>\n\n<table id=\"tablepress-94\" class=\"tablepress tablepress-id-94 tbody-has-connected-cells\">\n<thead>\n<tr class=\"row-1\">\n\t<th colspan=\"6\" class=\"column-1\">Datas de in\u00edcio 2026<\/th>\n<\/tr>\n<\/thead>\n<tbody class=\"row-striping row-hover\">\n<tr class=\"row-2\">\n\t<td class=\"column-1\">Janeiro<\/td><td class=\"column-2\">5, 19<\/td><td class=\"column-3\">Maio<\/td><td class=\"column-4\">11, 25<\/td><td class=\"column-5\">Setembro<\/td><td class=\"column-6\">14, 28<\/td>\n<\/tr>\n<tr class=\"row-3\">\n\t<td class=\"column-1\">Fevereiro<\/td><td class=\"column-2\">2, 16<\/td><td class=\"column-3\">Junho<\/td><td class=\"column-4\">8, 22<\/td><td class=\"column-5\">Outubro<\/td><td class=\"column-6\">12, 26<\/td>\n<\/tr>\n<tr class=\"row-4\">\n\t<td class=\"column-1\">Mar\u00e7o <\/td><td class=\"column-2\">2, 16, 30<\/td><td class=\"column-3\">Julho<\/td><td class=\"column-4\">6, 20<\/td><td class=\"column-5\">Novembro<\/td><td class=\"column-6\">9, 23<\/td>\n<\/tr>\n<tr class=\"row-5\">\n\t<td class=\"column-1\">Abril<\/td><td class=\"column-2\">13, 27<\/td><td class=\"column-3\">Agosto<\/td><td class=\"column-4\">3, 17, 31<\/td><td class=\"column-5\">Dezembro<\/td><td class=\"column-6\">7<\/td>\n<\/tr>\n<tr class=\"row-6\">\n\t<td colspan=\"6\" class=\"column-1\">A escola ser\u00e1 fechada nos seguintes feriados nacionais: 06\/01, segunda-feira de P\u00e1scoa, 25\/04, 01\/05, 02\/06, 24\/06, 15\/08, 01\/11, 8\/12, e durante os feriados locais e f\u00e9rias de Natal.<\/td>\n<\/tr>\n<\/tbody>\n<\/table>\n<!-- #tablepress-94 from cache -->\n<p>&nbsp;<\/p>\n","protected":false},"excerpt":{"rendered":"<h2>Mosaico Florentino. Voc\u00ea conhece esta antiga t\u00e9cnica do mosaico?<\/h2>\n<p>&nbsp;<\/p>\n<p>\u00c9 umcombina\u00e7\u00e3o de pedras duras ou semipreciosas, de modo que suas cores naturais representem figuras e incrusta\u00e7\u00f5es sobre um fundo de m\u00e1rmore branco ou preto.<\/p>\n<p>Floren\u00e7a \u00e9 mundialmente famosa por seus mosaicos, voc\u00ea j\u00e1 esteve em Opicifio delle pietre dure? \u00c9 um museu fant\u00e1stico em Floren\u00e7a, onde voc\u00ea pode encontrar as obras mais importantes do mosaico florentino.<\/p>\n<p>Os cursos de mosaico florentino em Floren\u00e7a podem ser feitos em uma ou mais semanas.<\/p>\n<p>\u00c9 poss\u00edvel reservar cursos de 24, 48, 72 ou 96 horas e espalh\u00e1-los pelo n\u00famero de semanas que voc\u00ea desejar.<\/p>\n<p>Este curso cobre diferentes aspectos das t\u00e9cnicas de mosaico, ferramentas, tipologia de pedra, composi\u00e7\u00e3o e polimento.<\/p>\n<p>Nosso curso \u00e9 realizado na oficina do artes\u00e3o. Est\u00e1 localizada em uma vila medieval pr\u00f3xima a Floren\u00e7a.<\/p>\n<p>O programa inclui:<\/p>\n<p>O estudo dos tipos de pedras<br \/>\nFerramentas e seu uso<br \/>\nM\u00e1quinas para o corte de pedras<br \/>\nO projeto<br \/>\nTransfer\u00eancia para papel adesivo<br \/>\nColando o papel na pedra<br \/>\nCorte<br \/>\nComposi\u00e7\u00e3o do artefato<br \/>\nPreenchimento<br \/>\nAcabamento e polimento<\/p>\n","protected":false},"featured_media":130835,"comment_status":"open","ping_status":"closed","template":"","meta":{"_acf_changed":false,"_uag_custom_page_level_css":"","_kad_blocks_custom_css":"","_kad_blocks_head_custom_js":"","_kad_blocks_body_custom_js":"","_kad_blocks_footer_custom_js":"","site-sidebar-layout":"default","site-content-layout":"default","ast-site-content-layout":"default","site-content-style":"default","site-sidebar-style":"default","ast-global-header-display":"","ast-banner-title-visibility":"","ast-main-header-display":"","ast-hfb-above-header-display":"","ast-hfb-below-header-display":"","ast-hfb-mobile-header-display":"","site-post-title":"","ast-breadcrumbs-content":"","ast-featured-img":"","footer-sml-layout":"","ast-disable-related-posts":"","theme-transparent-header-meta":"default","adv-header-id-meta":"","stick-header-meta":"default","header-above-stick-meta":"","header-main-stick-meta":"","header-below-stick-meta":"","astra-migrate-meta-layouts":"set","ast-page-background-enabled":"default","ast-page-background-meta":{"desktop":{"background-color":"var(--ast-global-color-4)","background-image":"","background-repeat":"repeat","background-position":"center center","background-size":"auto","background-attachment":"scroll","background-type":"","background-media":"","overlay-type":"","overlay-color":"","overlay-opacity":"","overlay-gradient":""},"tablet":{"background-color":"","background-image":"","background-repeat":"repeat","background-position":"center center","background-size":"auto","background-attachment":"scroll","background-type":"","background-media":"","overlay-type":"","overlay-color":"","overlay-opacity":"","overlay-gradient":""},"mobile":{"background-color":"","background-image":"","background-repeat":"repeat","background-position":"center center","background-size":"auto","background-attachment":"scroll","background-type":"","background-media":"","overlay-type":"","overlay-color":"","overlay-opacity":"","overlay-gradient":""}},"ast-content-background-meta":{"desktop":{"background-color":"var(--ast-global-color-5)","background-image":"","background-repeat":"repeat","background-position":"center center","background-size":"auto","background-attachment":"scroll","background-type":"","background-media":"","overlay-type":"","overlay-color":"","overlay-opacity":"","overlay-gradient":""},"tablet":{"background-color":"var(--ast-global-color-5)","background-image":"","background-repeat":"repeat","background-position":"center center","background-size":"auto","background-attachment":"scroll","background-type":"","background-media":"","overlay-type":"","overlay-color":"","overlay-opacity":"","overlay-gradient":""},"mobile":{"background-color":"var(--ast-global-color-5)","background-image":"","background-repeat":"repeat","background-position":"center center","background-size":"auto","background-attachment":"scroll","background-type":"","background-media":"","overlay-type":"","overlay-color":"","overlay-opacity":"","overlay-gradient":""}}},"section":[],"product_brand":[],"product_cat":[1278,1338],"product_tag":[1857,1861],"class_list":{"0":"post-188652","1":"product","2":"type-product","3":"status-publish","4":"has-post-thumbnail","6":"product_cat-cursos-em-florenca","7":"product_cat-escolas-de-arte-na-italia","8":"product_tag-arte","9":"product_tag-florenca","10":"desktop-align-left","11":"tablet-align-left","12":"mobile-align-left","13":"ast-product-gallery-layout-horizontal-slider","14":"ast-product-single-variable","15":"ast-product-tabs-layout-horizontal","16":"ast-qv-on-image-click","18":"first","19":"instock","20":"sold-individually","21":"shipping-taxable","22":"purchasable","23":"product-type-variable"},"acf":[],"taxonomy_info":{"product_cat":[{"value":1278,"label":"Cursos em Floren\u00e7a"},{"value":1338,"label":"Escolas de arte na It\u00e1lia"}],"product_tag":[{"value":1857,"label":"ARTE"},{"value":1861,"label":"Floren\u00e7a"}]},"featured_image_src_large":["https:\/\/www.studiainitalia.com\/wp-content\/uploads\/2021\/03\/Florentine-Mosaic10.jpg",960,960,false],"author_info":[],"comment_info":1,"uagb_featured_image_src":{"full":["https:\/\/www.studiainitalia.com\/wp-content\/uploads\/2021\/03\/Florentine-Mosaic10.jpg",960,960,false],"thumbnail":["https:\/\/www.studiainitalia.com\/wp-content\/uploads\/2021\/03\/Florentine-Mosaic10.jpg",96,96,false],"medium":["https:\/\/www.studiainitalia.com\/wp-content\/uploads\/2021\/03\/Florentine-Mosaic10.jpg",960,960,false],"medium_large":["https:\/\/www.studiainitalia.com\/wp-content\/uploads\/2021\/03\/Florentine-Mosaic10-768x768.jpg",768,768,true],"large":["https:\/\/www.studiainitalia.com\/wp-content\/uploads\/2021\/03\/Florentine-Mosaic10.jpg",960,960,false],"1536x1536":["https:\/\/www.studiainitalia.com\/wp-content\/uploads\/2021\/03\/Florentine-Mosaic10.jpg",960,960,false],"2048x2048":["https:\/\/www.studiainitalia.com\/wp-content\/uploads\/2021\/03\/Florentine-Mosaic10.jpg",960,960,false],"ultp_layout_landscape_large":["https:\/\/www.studiainitalia.com\/wp-content\/uploads\/2021\/03\/Florentine-Mosaic10.jpg",800,800,false],"ultp_layout_landscape":["https:\/\/www.studiainitalia.com\/wp-content\/uploads\/2021\/03\/Florentine-Mosaic10.jpg",570,570,false],"ultp_layout_portrait":["https:\/\/www.studiainitalia.com\/wp-content\/uploads\/2021\/03\/Florentine-Mosaic10.jpg",600,600,false],"ultp_layout_square":["https:\/\/www.studiainitalia.com\/wp-content\/uploads\/2021\/03\/Florentine-Mosaic10.jpg",600,600,false],"gform-image-choice-sm":["https:\/\/www.studiainitalia.com\/wp-content\/uploads\/2021\/03\/Florentine-Mosaic10.jpg",300,300,false],"gform-image-choice-md":["https:\/\/www.studiainitalia.com\/wp-content\/uploads\/2021\/03\/Florentine-Mosaic10.jpg",400,400,false],"gform-image-choice-lg":["https:\/\/www.studiainitalia.com\/wp-content\/uploads\/2021\/03\/Florentine-Mosaic10.jpg",600,600,false],"woocommerce_thumbnail":["https:\/\/www.studiainitalia.com\/wp-content\/uploads\/2021\/03\/Florentine-Mosaic10-300x300.jpg",300,300,true],"woocommerce_single":["https:\/\/www.studiainitalia.com\/wp-content\/uploads\/2021\/03\/Florentine-Mosaic10-400x400.jpg",400,400,true],"woocommerce_gallery_thumbnail":["https:\/\/www.studiainitalia.com\/wp-content\/uploads\/2021\/03\/Florentine-Mosaic10-100x100.jpg",100,100,true],"yarpp-thumbnail":["https:\/\/www.studiainitalia.com\/wp-content\/uploads\/2021\/03\/Florentine-Mosaic10-120x120.jpg",120,120,true]},"uagb_author_info":{"display_name":"Javier Diaz","author_link":"https:\/\/www.studiainitalia.com\/pt-br\/author\/"},"uagb_comment_info":1,"uagb_excerpt":"Mosaico Florentino. Voc\u00ea conhece esta antiga t\u00e9cnica do mosaico? &nbsp; \u00c9 umcombina\u00e7\u00e3o de pedras duras ou semipreciosas, de modo que suas cores naturais representem figuras e incrusta\u00e7\u00f5es sobre um fundo de m\u00e1rmore branco ou preto. Floren\u00e7a \u00e9 mundialmente famosa por seus mosaicos, voc\u00ea j\u00e1 esteve em Opicifio delle pietre dure? \u00c9 um museu fant\u00e1stico em&hellip;","_links":{"self":[{"href":"https:\/\/www.studiainitalia.com\/pt-br\/wp-json\/wp\/v2\/product\/188652","targetHints":{"allow":["GET"]}}],"collection":[{"href":"https:\/\/www.studiainitalia.com\/pt-br\/wp-json\/wp\/v2\/product"}],"about":[{"href":"https:\/\/www.studiainitalia.com\/pt-br\/wp-json\/wp\/v2\/types\/product"}],"replies":[{"embeddable":true,"href":"https:\/\/www.studiainitalia.com\/pt-br\/wp-json\/wp\/v2\/comments?post=188652"}],"wp:featuredmedia":[{"embeddable":true,"href":"https:\/\/www.studiainitalia.com\/pt-br\/wp-json\/wp\/v2\/media\/130835"}],"wp:attachment":[{"href":"https:\/\/www.studiainitalia.com\/pt-br\/wp-json\/wp\/v2\/media?parent=188652"}],"wp:term":[{"taxonomy":"section","embeddable":true,"href":"https:\/\/www.studiainitalia.com\/pt-br\/wp-json\/wp\/v2\/section?post=188652"},{"taxonomy":"product_brand","embeddable":true,"href":"https:\/\/www.studiainitalia.com\/pt-br\/wp-json\/wp\/v2\/product_brand?post=188652"},{"taxonomy":"product_cat","embeddable":true,"href":"https:\/\/www.studiainitalia.com\/pt-br\/wp-json\/wp\/v2\/product_cat?post=188652"},{"taxonomy":"product_tag","embeddable":true,"href":"https:\/\/www.studiainitalia.com\/pt-br\/wp-json\/wp\/v2\/product_tag?post=188652"}],"curies":[{"name":"wp","href":"https:\/\/api.w.org\/{rel}","templated":true}]}}