{"id":188697,"date":"2016-11-08T16:52:24","date_gmt":"2016-11-08T15:52:24","guid":{"rendered":"https:\/\/www.studiainitalia.com\/courses\/sem%20categoria\/italian-in-taormina-seniors\/"},"modified":"2026-02-25T17:06:31","modified_gmt":"2026-02-25T16:06:31","slug":"curso-de-italiano-50-em-taormina","status":"publish","type":"product","link":"https:\/\/www.studiainitalia.com\/pt-br\/cursos\/cursos-em-taormina\/curso-de-italiano-50-em-taormina\/","title":{"rendered":"Curso de italiano +50 em Taormina"},"content":{"rendered":"<h2>Curso + 50 anos em Taormina<\/h2>\n<h2><\/h2>\n<p>A nossa escola de italiano em Taormina \u00e9 reconhecida pelo Minist\u00e9rio da Educa\u00e7\u00e3o italiano. A escola fica numa vila hist\u00f3rica em Taormina, a poucos metros do Teatro Grego.<\/p>\n<p>A vila recebe v\u00e1rios eventos culturais. Al\u00e9m disso, no jardim, podes relaxar e tomar um caf\u00e9 ou um <b>capuchino<\/b>. Tamb\u00e9m podes comer pratos t\u00edpicos sicilianos na cafetaria.<\/p>\n<p>A escola organiza v\u00e1rias atividades sociais e excurs\u00f5es para descobrir o estilo de vida siciliano. Aproveite os costumes, tradi\u00e7\u00f5es, gastronomia e vinhos locais da Sic\u00edlia.<\/p>\n<p>Algumas das atividades para maiores de 50 anos s\u00e3o:<\/p>\n<ul>\n<li><b>Confer\u00eancia sobre a hist\u00f3ria da Sic\u00edlia<\/b><\/li>\n<li><b>Excurs\u00e3o ao Monte Etna<\/b><\/li>\n<li><b>Aula de culin\u00e1ria siciliana<\/b><\/li>\n<li><b>Dia livre para explorar<\/b><\/li>\n<li><b>Excurs\u00e3o a Siracusa<\/b><\/li>\n<li><b>Visita guiada a Taormina<\/b><\/li>\n<li><b>Confer\u00eancia sobre escritores e literatura sicilianos<\/b><\/li>\n<li><b>Degusta\u00e7\u00e3o de vinhos e queijos sicilianos<\/b><\/li>\n<\/ul>\n<h2><b>Datas de in\u00edcio e detalhes<\/b><\/h2>\n<ul>\n<li><b>Dura\u00e7\u00e3o das aulas<\/b>: 45 minutos<\/li>\n<li><b>Tamanho m\u00e9dio das turmas<\/b>: 9 alunos<\/li>\n<li><b>Tamanho m\u00e1ximo das turmas<\/b>: 12 alunos<\/li>\n<li><b>Hor\u00e1rio<\/b>: Manh\u00e3<\/li>\n<li><b>Materiais do curso<\/b>: Inclu\u00eddos<\/li>\n<li><b>Teste de n\u00edvel e certificado final<\/b>: Inclu\u00eddos<\/li>\n<li><b>Localiza\u00e7\u00e3o<\/b>: Via Timoleone 10<\/li>\n<li><b>Outros servi\u00e7os<\/b>: Acesso \u00e0 Internet, atividades sociais, jardim, cafetaria e transporte para o aeroporto dispon\u00edveis<\/li>\n<\/ul>\n<p>Al\u00e9m disso, s\u00e3o organizados jantares e excurs\u00f5es durante os fins de semana.<\/p>\n<p>O curso para maiores de 50 anos em Taormina \u00e9 uma oportunidade para passar umas f\u00e9rias maravilhosas na Sic\u00edlia.<\/p>\n<p>&nbsp;<\/p>\n<p>&nbsp;<\/p>\n<table id=\"tablepress-127\" class=\"tablepress tablepress-id-127\">\n<thead>\n<tr class=\"row-1 odd\">\n<th class=\"column-1\" colspan=\"6\">Datas de in\u00edcio 2026<\/th>\n<\/tr>\n<\/thead>\n<tbody class=\"row-hover\">\n<tr class=\"row-2 even\">\n<td class=\"column-1\">Janeiro<\/td>\n<td class=\"column-2\"><\/td>\n<td class=\"column-3\">Maio<\/td>\n<td class=\"column-4\"><\/td>\n<td class=\"column-5\">Setembro<\/td>\n<td class=\"column-6\"><\/td>\n<\/tr>\n<tr class=\"row-3 odd\">\n<td class=\"column-1\">Fevereiro<\/td>\n<td class=\"column-2\"><\/td>\n<td class=\"column-3\">Junho<\/td>\n<td class=\"column-4\"><\/td>\n<td class=\"column-5\">Outubro<\/td>\n<td class=\"column-6\">12<\/td>\n<\/tr>\n<tr class=\"row-4 even\">\n<td class=\"column-1\">Mar\u00e7o<\/td>\n<td class=\"column-2\">2<\/td>\n<td class=\"column-3\">Julho<\/td>\n<td class=\"column-4\"><\/td>\n<td class=\"column-5\">Novembro<\/td>\n<td class=\"column-6\"><\/td>\n<\/tr>\n<tr class=\"row-5 odd\">\n<td class=\"column-1\">Abril<\/td>\n<td class=\"column-2\">7, 27<\/td>\n<td class=\"column-3\">Agosto<\/td>\n<td class=\"column-4\">31<\/td>\n<td class=\"column-5\">Dezembro<\/td>\n<td class=\"column-6\"><\/td>\n<\/tr>\n<tr class=\"row-6 even\">\n<td class=\"column-1\" colspan=\"6\">A escola ser\u00e1 fechada nos seguintes feriados nacionais: 06\/01, segunda-feira de P\u00e1scoa, 25\/04, 01\/05, 02\/06, 15\/08, 01\/11, 8\/12, e durante os feriados locais e f\u00e9rias de Natal.<\/td>\n<\/tr>\n<\/tbody>\n<\/table>\n<div class=\"aiosrs-rating-wrap\" data-schema-id=\"90691\">\n<div class=\"aiosrs-rating-summary-wrap\"><\/div>\n<\/div>\n<h3><\/h3>\n","protected":false},"excerpt":{"rendered":"<h2><strong>Descubra a Sic\u00edlia!<\/strong><\/h2>\n<p>&nbsp;<\/p>\n<p>Se voc\u00ea est\u00e1 viajando sozinho ou com sua fam\u00edlia e deseja participar de um curso de italiano com pessoas da mesma faixa et\u00e1ria que voc\u00ea, oferecemos-lhe o curso especial para viajantes com mais de 50 anos de idade. Saiba mais sobre a cultura da Sic\u00edlia.<\/p>\n<ul>\n<li>\u00a0Este programa \u00e9 para pessoas com mais de 50 anos que querem estudar italiano e ao mesmo tempo aprender mais sobre a hist\u00f3ria, arte e cultura de Taormina e da Sic\u00edlia.<\/li>\n<\/ul>\n<ul>\n<li>O programa consiste em 20 aulas de italiano por semana de manh\u00e3, seguidas de atividades culturais e excurs\u00f5es pela tarde.<\/li>\n<\/ul>\n<ul>\n<li>Ao final do curso, os alunos receber\u00e3o um certificado de participa\u00e7\u00e3o indicando o n\u00edvel de italiano que alcan\u00e7aram.<\/li>\n<\/ul>\n","protected":false},"featured_media":118639,"comment_status":"open","ping_status":"closed","template":"","meta":{"_acf_changed":false,"_uag_custom_page_level_css":"","_kad_blocks_custom_css":"","_kad_blocks_head_custom_js":"","_kad_blocks_body_custom_js":"","_kad_blocks_footer_custom_js":"","site-sidebar-layout":"default","site-content-layout":"default","ast-site-content-layout":"default","site-content-style":"default","site-sidebar-style":"default","ast-global-header-display":"","ast-banner-title-visibility":"","ast-main-header-display":"","ast-hfb-above-header-display":"","ast-hfb-below-header-display":"","ast-hfb-mobile-header-display":"","site-post-title":"","ast-breadcrumbs-content":"","ast-featured-img":"","footer-sml-layout":"","ast-disable-related-posts":"","theme-transparent-header-meta":"default","adv-header-id-meta":"","stick-header-meta":"default","header-above-stick-meta":"","header-main-stick-meta":"","header-below-stick-meta":"","astra-migrate-meta-layouts":"set","ast-page-background-enabled":"default","ast-page-background-meta":{"desktop":{"background-color":"var(--ast-global-color-4)","background-image":"","background-repeat":"repeat","background-position":"center center","background-size":"auto","background-attachment":"scroll","background-type":"","background-media":"","overlay-type":"","overlay-color":"","overlay-opacity":"","overlay-gradient":""},"tablet":{"background-color":"","background-image":"","background-repeat":"repeat","background-position":"center center","background-size":"auto","background-attachment":"scroll","background-type":"","background-media":"","overlay-type":"","overlay-color":"","overlay-opacity":"","overlay-gradient":""},"mobile":{"background-color":"","background-image":"","background-repeat":"repeat","background-position":"center center","background-size":"auto","background-attachment":"scroll","background-type":"","background-media":"","overlay-type":"","overlay-color":"","overlay-opacity":"","overlay-gradient":""}},"ast-content-background-meta":{"desktop":{"background-color":"var(--ast-global-color-5)","background-image":"","background-repeat":"repeat","background-position":"center center","background-size":"auto","background-attachment":"scroll","background-type":"","background-media":"","overlay-type":"","overlay-color":"","overlay-opacity":"","overlay-gradient":""},"tablet":{"background-color":"var(--ast-global-color-5)","background-image":"","background-repeat":"repeat","background-position":"center center","background-size":"auto","background-attachment":"scroll","background-type":"","background-media":"","overlay-type":"","overlay-color":"","overlay-opacity":"","overlay-gradient":""},"mobile":{"background-color":"var(--ast-global-color-5)","background-image":"","background-repeat":"repeat","background-position":"center center","background-size":"auto","background-attachment":"scroll","background-type":"","background-media":"","overlay-type":"","overlay-color":"","overlay-opacity":"","overlay-gradient":""}}},"section":[],"product_brand":[],"product_cat":[1341,1306,1340],"product_tag":[1850],"class_list":{"0":"post-188697","1":"product","2":"type-product","3":"status-publish","4":"has-post-thumbnail","6":"product_cat-cursos-de-italiano-em-italia-para-seniores","7":"product_cat-cursos-em-taormina","8":"product_cat-cursos-para-familias-na-italia","9":"product_tag-familias","10":"desktop-align-left","11":"tablet-align-left","12":"mobile-align-left","13":"ast-product-gallery-layout-horizontal-slider","14":"ast-product-single-variable","15":"ast-product-tabs-layout-horizontal","16":"ast-qv-on-image-click","18":"first","19":"instock","20":"sold-individually","21":"shipping-taxable","22":"purchasable","23":"product-type-variable"},"acf":[],"taxonomy_info":{"product_cat":[{"value":1341,"label":"Cursos de italiano em It\u00e1lia para seniores"},{"value":1306,"label":"Cursos em Taormina"},{"value":1340,"label":"Cursos para familias na Italia"}],"product_tag":[{"value":1850,"label":"familias"}]},"featured_image_src_large":["https:\/\/www.studiainitalia.com\/wp-content\/uploads\/2016\/11\/learn-italian-in-taormina-seniors-1024x1017.jpg",1024,1017,true],"author_info":[],"comment_info":1,"uagb_featured_image_src":{"full":["https:\/\/www.studiainitalia.com\/wp-content\/uploads\/2016\/11\/learn-italian-in-taormina-seniors-e1490028229862.jpg",350,348,false],"thumbnail":["https:\/\/www.studiainitalia.com\/wp-content\/uploads\/2016\/11\/learn-italian-in-taormina-seniors-150x150.jpg",96,96,true],"medium":["https:\/\/www.studiainitalia.com\/wp-content\/uploads\/2016\/11\/learn-italian-in-taormina-seniors-300x298.jpg",300,298,true],"medium_large":["https:\/\/www.studiainitalia.com\/wp-content\/uploads\/2016\/11\/learn-italian-in-taormina-seniors-768x763.jpg",768,763,true],"large":["https:\/\/www.studiainitalia.com\/wp-content\/uploads\/2016\/11\/learn-italian-in-taormina-seniors-1024x1017.jpg",1024,1017,true],"1536x1536":["https:\/\/www.studiainitalia.com\/wp-content\/uploads\/2016\/11\/learn-italian-in-taormina-seniors-e1490028229862.jpg",350,348,false],"2048x2048":["https:\/\/www.studiainitalia.com\/wp-content\/uploads\/2016\/11\/learn-italian-in-taormina-seniors-e1490028229862.jpg",350,348,false],"ultp_layout_landscape_large":["https:\/\/www.studiainitalia.com\/wp-content\/uploads\/2016\/11\/learn-italian-in-taormina-seniors-e1490028229862.jpg",350,348,false],"ultp_layout_landscape":["https:\/\/www.studiainitalia.com\/wp-content\/uploads\/2016\/11\/learn-italian-in-taormina-seniors-e1490028229862.jpg",350,348,false],"ultp_layout_portrait":["https:\/\/www.studiainitalia.com\/wp-content\/uploads\/2016\/11\/learn-italian-in-taormina-seniors-e1490028229862.jpg",350,348,false],"ultp_layout_square":["https:\/\/www.studiainitalia.com\/wp-content\/uploads\/2016\/11\/learn-italian-in-taormina-seniors-e1490028229862.jpg",350,348,false],"gform-image-choice-sm":["https:\/\/www.studiainitalia.com\/wp-content\/uploads\/2016\/11\/learn-italian-in-taormina-seniors-e1490028229862.jpg",300,298,false],"gform-image-choice-md":["https:\/\/www.studiainitalia.com\/wp-content\/uploads\/2016\/11\/learn-italian-in-taormina-seniors-e1490028229862.jpg",350,348,false],"gform-image-choice-lg":["https:\/\/www.studiainitalia.com\/wp-content\/uploads\/2016\/11\/learn-italian-in-taormina-seniors-e1490028229862.jpg",350,348,false],"woocommerce_thumbnail":["https:\/\/www.studiainitalia.com\/wp-content\/uploads\/2016\/11\/learn-italian-in-taormina-seniors-e1490028229862-300x300.jpg",300,300,true],"woocommerce_single":["https:\/\/www.studiainitalia.com\/wp-content\/uploads\/2016\/11\/learn-italian-in-taormina-seniors-e1490028229862.jpg",350,348,false],"woocommerce_gallery_thumbnail":["https:\/\/www.studiainitalia.com\/wp-content\/uploads\/2016\/11\/learn-italian-in-taormina-seniors-e1490028229862-100x100.jpg",100,100,true],"yarpp-thumbnail":["https:\/\/www.studiainitalia.com\/wp-content\/uploads\/2016\/11\/learn-italian-in-taormina-seniors-e1490028229862.jpg",120,120,false]},"uagb_author_info":{"display_name":"Javier Diaz","author_link":"https:\/\/www.studiainitalia.com\/pt-br\/author\/"},"uagb_comment_info":1,"uagb_excerpt":"Descubra a Sic\u00edlia! &nbsp; Se voc\u00ea est\u00e1 viajando sozinho ou com sua fam\u00edlia e deseja participar de um curso de italiano com pessoas da mesma faixa et\u00e1ria que voc\u00ea, oferecemos-lhe o curso especial para viajantes com mais de 50 anos de idade. Saiba mais sobre a cultura da Sic\u00edlia. \u00a0Este programa \u00e9 para pessoas com&hellip;","_links":{"self":[{"href":"https:\/\/www.studiainitalia.com\/pt-br\/wp-json\/wp\/v2\/product\/188697","targetHints":{"allow":["GET"]}}],"collection":[{"href":"https:\/\/www.studiainitalia.com\/pt-br\/wp-json\/wp\/v2\/product"}],"about":[{"href":"https:\/\/www.studiainitalia.com\/pt-br\/wp-json\/wp\/v2\/types\/product"}],"replies":[{"embeddable":true,"href":"https:\/\/www.studiainitalia.com\/pt-br\/wp-json\/wp\/v2\/comments?post=188697"}],"wp:featuredmedia":[{"embeddable":true,"href":"https:\/\/www.studiainitalia.com\/pt-br\/wp-json\/wp\/v2\/media\/118639"}],"wp:attachment":[{"href":"https:\/\/www.studiainitalia.com\/pt-br\/wp-json\/wp\/v2\/media?parent=188697"}],"wp:term":[{"taxonomy":"section","embeddable":true,"href":"https:\/\/www.studiainitalia.com\/pt-br\/wp-json\/wp\/v2\/section?post=188697"},{"taxonomy":"product_brand","embeddable":true,"href":"https:\/\/www.studiainitalia.com\/pt-br\/wp-json\/wp\/v2\/product_brand?post=188697"},{"taxonomy":"product_cat","embeddable":true,"href":"https:\/\/www.studiainitalia.com\/pt-br\/wp-json\/wp\/v2\/product_cat?post=188697"},{"taxonomy":"product_tag","embeddable":true,"href":"https:\/\/www.studiainitalia.com\/pt-br\/wp-json\/wp\/v2\/product_tag?post=188697"}],"curies":[{"name":"wp","href":"https:\/\/api.w.org\/{rel}","templated":true}]}}