{"id":188751,"date":"2016-11-12T14:19:47","date_gmt":"2016-11-12T13:19:47","guid":{"rendered":"https:\/\/www.studiainitalia.com\/courses\/sem%20categoria\/encadernacao-curso-em-florencia\/"},"modified":"2025-12-20T00:03:23","modified_gmt":"2025-12-19T23:03:23","slug":"curso-de-encadernacao-em-florenca","status":"publish","type":"product","link":"https:\/\/www.studiainitalia.com\/pt-br\/cursos\/cursos-em-florenca\/curso-de-encadernacao-em-florenca\/","title":{"rendered":"Curso de encaderna\u00e7\u00e3o em Floren\u00e7a"},"content":{"rendered":"<h2><strong>Curso de encaderna\u00e7\u00e3o de livros<\/strong><\/h2>\n<p>&nbsp;<\/p>\n<p>Nosso curso de encaderna\u00e7\u00e3o de livros \u00e9 organizado na oficina de encaderna\u00e7\u00e3o em Floren\u00e7a. O encadernador, de fato, tem \u00e0 sua disposi\u00e7\u00e3o seu talento pessoal, materiais e ferramentas. \u00c9 por isso que \u00e9 importante que voc\u00ea adquira conhecimento diretamente no est\u00fadio do encadernador de livros.<\/p>\n<p>O curso permitir\u00e1 que voc\u00ea aprenda rapidamente e fa\u00e7a artigos de qualidade em um curto espa\u00e7o de tempo. O artes\u00e3o lhe acompanhar\u00e1 a cada passo do caminho e voc\u00ea tamb\u00e9m aprender\u00e1 os truques do of\u00edcio!<\/p>\n<p>&nbsp;<\/p>\n<p>Este curso \u00e9 individual e \u00e9 ministrado em italiano. Como as li\u00e7\u00f5es s\u00e3o individuais, o programa \u00e9 adaptado \u00e0s suas pr\u00f3prias necessidades e exig\u00eancias. Voc\u00ea tamb\u00e9m pode solicitar um servi\u00e7o de interpreta\u00e7\u00e3o.<\/p>\n<p>&nbsp;<\/p>\n<div class=\"one_half\">\n<div class=\"perfmatters-lazy-youtube\" data-src=\"https:\/\/www.youtube.com\/embed\/eiw5f4xQCqg\" data-id=\"eiw5f4xQCqg\" data-query=\"\">\n<div>\n<p><img decoding=\"async\" class=\"perfmatters-lazy entered pmloaded\" src=\"https:\/\/i.ytimg.com\/vi\/eiw5f4xQCqg\/hqdefault.jpg\" alt=\"YouTube video\" width=\"480\" height=\"360\" data-pin-nopin=\"true\" data-src=\"https:\/\/i.ytimg.com\/vi\/eiw5f4xQCqg\/hqdefault.jpg\" data-ll-status=\"loaded\" data- title=\"\"><\/p>\n<div class=\"play\"><\/div>\n<\/div>\n<\/div>\n<\/div>\n<div class=\"one_half et_column_last\"><\/div>\n<div class=\"clear\"><\/div>\n<div><\/div>\n<div>\n<table id=\"tablepress-94\" class=\"tablepress tablepress-id-94 tbody-has-connected-cells\">\n<thead>\n<tr class=\"row-1\">\n\t<th colspan=\"6\" class=\"column-1\">Datas de in\u00edcio 2026<\/th>\n<\/tr>\n<\/thead>\n<tbody class=\"row-striping row-hover\">\n<tr class=\"row-2\">\n\t<td class=\"column-1\">Janeiro<\/td><td class=\"column-2\">5, 19<\/td><td class=\"column-3\">Maio<\/td><td class=\"column-4\">11, 25<\/td><td class=\"column-5\">Setembro<\/td><td class=\"column-6\">14, 28<\/td>\n<\/tr>\n<tr class=\"row-3\">\n\t<td class=\"column-1\">Fevereiro<\/td><td class=\"column-2\">2, 16<\/td><td class=\"column-3\">Junho<\/td><td class=\"column-4\">8, 22<\/td><td class=\"column-5\">Outubro<\/td><td class=\"column-6\">12, 26<\/td>\n<\/tr>\n<tr class=\"row-4\">\n\t<td class=\"column-1\">Mar\u00e7o <\/td><td class=\"column-2\">2, 16, 30<\/td><td class=\"column-3\">Julho<\/td><td class=\"column-4\">6, 20<\/td><td class=\"column-5\">Novembro<\/td><td class=\"column-6\">9, 23<\/td>\n<\/tr>\n<tr class=\"row-5\">\n\t<td class=\"column-1\">Abril<\/td><td class=\"column-2\">13, 27<\/td><td class=\"column-3\">Agosto<\/td><td class=\"column-4\">3, 17, 31<\/td><td class=\"column-5\">Dezembro<\/td><td class=\"column-6\">7<\/td>\n<\/tr>\n<tr class=\"row-6\">\n\t<td colspan=\"6\" class=\"column-1\">A escola ser\u00e1 fechada nos seguintes feriados nacionais: 06\/01, segunda-feira de P\u00e1scoa, 25\/04, 01\/05, 02\/06, 24\/06, 15\/08, 01\/11, 8\/12, e durante os feriados locais e f\u00e9rias de Natal.<\/td>\n<\/tr>\n<\/tbody>\n<\/table>\n<!-- #tablepress-94 from cache --><\/div>\n<div><\/div>\n<div class=\"aiosrs-rating-wrap\" data-schema-id=\"90691\">\n<div class=\"aiosrs-star-rating-wrap \"><\/div>\n<div class=\"aiosrs-rating-summary-wrap\"><\/div>\n<\/div>\n<p>&nbsp;<\/p>\n","protected":false},"excerpt":{"rendered":"<h2>\u00a0A arte de encaderna\u00e7\u00e3o requer paix\u00e3o, paci\u00eancia e criatividade<\/h2>\n<p>&nbsp;<\/p>\n<p>Voc\u00ea j\u00e1 tentou fazer isso por conta pr\u00f3pria, mas sem resultados satisfat\u00f3rios? Voc\u00ea \u00e9 um encadernador interessado em aprender como funcionam os encadernadores de livros na It\u00e1lia?<\/p>\n<p>Os cursos de encaderna\u00e7\u00e3o em Floren\u00e7a podem ser conclu\u00eddos em algumas semanas.<\/p>\n<p>Voc\u00ea pode criar seus pr\u00f3prios livretos ou \u00e1lbuns originais.<\/p>\n<p>\u00c9 poss\u00edvel reservar cursos de 24, 48, 72 ou 96 horas e espalh\u00e1-los pelo n\u00famero de semanas que voc\u00ea desejar.<\/p>\n<p>Diferentes aspectos de encaderna\u00e7\u00e3o s\u00e3o estudados e diferentes t\u00e9cnicas s\u00e3o utilizadas, desde retalhos a tecidos e couro.<\/p>\n<p>Primeiro, voc\u00ea criar\u00e1 objetos usando diferentes t\u00e9cnicas.<\/p>\n<p>Em segundo lugar, voc\u00ea usar\u00e1 papel, tecido ou couro, areia e diferentes materiais coloridos e tamb\u00e9m aprender\u00e1 t\u00e9cnicas para encaderna\u00e7\u00e3o.<\/p>\n<p>Envelopes e cart\u00f5es tamb\u00e9m s\u00e3o feitos.<\/p>\n<p>Atrav\u00e9s deste curso voc\u00ea tamb\u00e9m aprender\u00e1 a encaderna\u00e7\u00e3o de couro e restaura\u00e7\u00e3o de papel, se desejar fazer um curso mais intensivo ou mais longo.<\/p>\n<p>Estes cursos s\u00e3o muito pr\u00e1ticos e s\u00e3o ministrados por um artes\u00e3o local, um mestre preocupado em manter vivas as tradi\u00e7\u00f5es italianas de encaderna\u00e7\u00e3o de livros.<\/p>\n","protected":false},"featured_media":118744,"comment_status":"open","ping_status":"closed","template":"","meta":{"_acf_changed":false,"_uag_custom_page_level_css":"","_kad_blocks_custom_css":"","_kad_blocks_head_custom_js":"","_kad_blocks_body_custom_js":"","_kad_blocks_footer_custom_js":"","site-sidebar-layout":"default","site-content-layout":"default","ast-site-content-layout":"default","site-content-style":"default","site-sidebar-style":"default","ast-global-header-display":"","ast-banner-title-visibility":"","ast-main-header-display":"","ast-hfb-above-header-display":"","ast-hfb-below-header-display":"","ast-hfb-mobile-header-display":"","site-post-title":"","ast-breadcrumbs-content":"","ast-featured-img":"","footer-sml-layout":"","ast-disable-related-posts":"","theme-transparent-header-meta":"default","adv-header-id-meta":"","stick-header-meta":"default","header-above-stick-meta":"","header-main-stick-meta":"","header-below-stick-meta":"","astra-migrate-meta-layouts":"set","ast-page-background-enabled":"default","ast-page-background-meta":{"desktop":{"background-color":"var(--ast-global-color-4)","background-image":"","background-repeat":"repeat","background-position":"center center","background-size":"auto","background-attachment":"scroll","background-type":"","background-media":"","overlay-type":"","overlay-color":"","overlay-opacity":"","overlay-gradient":""},"tablet":{"background-color":"","background-image":"","background-repeat":"repeat","background-position":"center center","background-size":"auto","background-attachment":"scroll","background-type":"","background-media":"","overlay-type":"","overlay-color":"","overlay-opacity":"","overlay-gradient":""},"mobile":{"background-color":"","background-image":"","background-repeat":"repeat","background-position":"center center","background-size":"auto","background-attachment":"scroll","background-type":"","background-media":"","overlay-type":"","overlay-color":"","overlay-opacity":"","overlay-gradient":""}},"ast-content-background-meta":{"desktop":{"background-color":"var(--ast-global-color-5)","background-image":"","background-repeat":"repeat","background-position":"center center","background-size":"auto","background-attachment":"scroll","background-type":"","background-media":"","overlay-type":"","overlay-color":"","overlay-opacity":"","overlay-gradient":""},"tablet":{"background-color":"var(--ast-global-color-5)","background-image":"","background-repeat":"repeat","background-position":"center center","background-size":"auto","background-attachment":"scroll","background-type":"","background-media":"","overlay-type":"","overlay-color":"","overlay-opacity":"","overlay-gradient":""},"mobile":{"background-color":"var(--ast-global-color-5)","background-image":"","background-repeat":"repeat","background-position":"center center","background-size":"auto","background-attachment":"scroll","background-type":"","background-media":"","overlay-type":"","overlay-color":"","overlay-opacity":"","overlay-gradient":""}}},"section":[],"product_brand":[],"product_cat":[1335,1278],"product_tag":[1861],"class_list":{"0":"post-188751","1":"product","2":"type-product","3":"status-publish","4":"has-post-thumbnail","6":"product_cat-cursos-de-artesanato-na-italia","7":"product_cat-cursos-em-florenca","8":"product_tag-florenca","9":"desktop-align-left","10":"tablet-align-left","11":"mobile-align-left","12":"ast-product-gallery-layout-horizontal-slider","13":"ast-product-gallery-with-no-image","14":"ast-product-single-variable","15":"ast-product-tabs-layout-horizontal","16":"ast-qv-on-image-click","18":"first","19":"instock","20":"sold-individually","21":"shipping-taxable","22":"purchasable","23":"product-type-variable"},"acf":[],"taxonomy_info":{"product_cat":[{"value":1335,"label":"Cursos de artesanato"},{"value":1278,"label":"Cursos em Floren\u00e7a"}],"product_tag":[{"value":1861,"label":"Floren\u00e7a"}]},"featured_image_src_large":["https:\/\/www.studiainitalia.com\/wp-content\/uploads\/2016\/11\/bookbinding-florence.jpg",432,432,false],"author_info":[],"comment_info":8,"uagb_featured_image_src":{"full":["https:\/\/www.studiainitalia.com\/wp-content\/uploads\/2016\/11\/bookbinding-florence.jpg",432,432,false],"thumbnail":["https:\/\/www.studiainitalia.com\/wp-content\/uploads\/2016\/11\/bookbinding-florence-150x150.jpg",96,96,true],"medium":["https:\/\/www.studiainitalia.com\/wp-content\/uploads\/2016\/11\/bookbinding-florence-300x300.jpg",300,300,true],"medium_large":["https:\/\/www.studiainitalia.com\/wp-content\/uploads\/2016\/11\/bookbinding-florence.jpg",432,432,false],"large":["https:\/\/www.studiainitalia.com\/wp-content\/uploads\/2016\/11\/bookbinding-florence.jpg",432,432,false],"1536x1536":["https:\/\/www.studiainitalia.com\/wp-content\/uploads\/2016\/11\/bookbinding-florence.jpg",432,432,false],"2048x2048":["https:\/\/www.studiainitalia.com\/wp-content\/uploads\/2016\/11\/bookbinding-florence.jpg",432,432,false],"ultp_layout_landscape_large":["https:\/\/www.studiainitalia.com\/wp-content\/uploads\/2016\/11\/bookbinding-florence.jpg",432,432,false],"ultp_layout_landscape":["https:\/\/www.studiainitalia.com\/wp-content\/uploads\/2016\/11\/bookbinding-florence.jpg",432,432,false],"ultp_layout_portrait":["https:\/\/www.studiainitalia.com\/wp-content\/uploads\/2016\/11\/bookbinding-florence.jpg",432,432,false],"ultp_layout_square":["https:\/\/www.studiainitalia.com\/wp-content\/uploads\/2016\/11\/bookbinding-florence.jpg",432,432,false],"gform-image-choice-sm":["https:\/\/www.studiainitalia.com\/wp-content\/uploads\/2016\/11\/bookbinding-florence.jpg",300,300,false],"gform-image-choice-md":["https:\/\/www.studiainitalia.com\/wp-content\/uploads\/2016\/11\/bookbinding-florence.jpg",400,400,false],"gform-image-choice-lg":["https:\/\/www.studiainitalia.com\/wp-content\/uploads\/2016\/11\/bookbinding-florence.jpg",432,432,false],"woocommerce_thumbnail":["https:\/\/www.studiainitalia.com\/wp-content\/uploads\/2016\/11\/bookbinding-florence-300x300.jpg",300,300,true],"woocommerce_single":["https:\/\/www.studiainitalia.com\/wp-content\/uploads\/2016\/11\/bookbinding-florence-400x400.jpg",400,400,true],"woocommerce_gallery_thumbnail":["https:\/\/www.studiainitalia.com\/wp-content\/uploads\/2016\/11\/bookbinding-florence-100x100.jpg",100,100,true],"yarpp-thumbnail":["https:\/\/www.studiainitalia.com\/wp-content\/uploads\/2016\/11\/bookbinding-florence.jpg",120,120,false]},"uagb_author_info":{"display_name":"Javier Diaz","author_link":"https:\/\/www.studiainitalia.com\/pt-br\/author\/"},"uagb_comment_info":8,"uagb_excerpt":"\u00a0A arte de encaderna\u00e7\u00e3o requer paix\u00e3o, paci\u00eancia e criatividade &nbsp; Voc\u00ea j\u00e1 tentou fazer isso por conta pr\u00f3pria, mas sem resultados satisfat\u00f3rios? Voc\u00ea \u00e9 um encadernador interessado em aprender como funcionam os encadernadores de livros na It\u00e1lia? Os cursos de encaderna\u00e7\u00e3o em Floren\u00e7a podem ser conclu\u00eddos em algumas semanas. Voc\u00ea pode criar seus pr\u00f3prios livretos&hellip;","_links":{"self":[{"href":"https:\/\/www.studiainitalia.com\/pt-br\/wp-json\/wp\/v2\/product\/188751","targetHints":{"allow":["GET"]}}],"collection":[{"href":"https:\/\/www.studiainitalia.com\/pt-br\/wp-json\/wp\/v2\/product"}],"about":[{"href":"https:\/\/www.studiainitalia.com\/pt-br\/wp-json\/wp\/v2\/types\/product"}],"replies":[{"embeddable":true,"href":"https:\/\/www.studiainitalia.com\/pt-br\/wp-json\/wp\/v2\/comments?post=188751"}],"wp:featuredmedia":[{"embeddable":true,"href":"https:\/\/www.studiainitalia.com\/pt-br\/wp-json\/wp\/v2\/media\/118744"}],"wp:attachment":[{"href":"https:\/\/www.studiainitalia.com\/pt-br\/wp-json\/wp\/v2\/media?parent=188751"}],"wp:term":[{"taxonomy":"section","embeddable":true,"href":"https:\/\/www.studiainitalia.com\/pt-br\/wp-json\/wp\/v2\/section?post=188751"},{"taxonomy":"product_brand","embeddable":true,"href":"https:\/\/www.studiainitalia.com\/pt-br\/wp-json\/wp\/v2\/product_brand?post=188751"},{"taxonomy":"product_cat","embeddable":true,"href":"https:\/\/www.studiainitalia.com\/pt-br\/wp-json\/wp\/v2\/product_cat?post=188751"},{"taxonomy":"product_tag","embeddable":true,"href":"https:\/\/www.studiainitalia.com\/pt-br\/wp-json\/wp\/v2\/product_tag?post=188751"}],"curies":[{"name":"wp","href":"https:\/\/api.w.org\/{rel}","templated":true}]}}