{"id":188758,"date":"2016-11-12T17:04:07","date_gmt":"2016-11-12T16:04:07","guid":{"rendered":"https:\/\/www.studiainitalia.com\/courses\/sem%20categoria\/shoemaking-course-in-florence\/"},"modified":"2025-12-19T23:58:55","modified_gmt":"2025-12-19T22:58:55","slug":"curso-de-sapataria","status":"publish","type":"product","link":"https:\/\/www.studiainitalia.com\/pt-br\/cursos\/cursos-de-artesanato-na-italia\/curso-de-sapataria\/","title":{"rendered":"Curso de sapataria"},"content":{"rendered":"<div class=\"aiosrs-rating-wrap\" data-schema-id=\"90691\">\n<div class=\"aiosrs-rating-summary-wrap\">\n<h2>Curso de sapataria<\/h2>\n<p>&nbsp;<\/p>\n<p>Nosso curso de sapateria \u00e9 realizado em uma oficina de cal\u00e7ados. Voc\u00ea sabe por qu\u00ea?<\/p>\n<p>Porque estamos definitivamente convencidos de que se voc\u00ea quiser fazer um curso de sapateiro, o melhor lugar para aprender esse of\u00edcio \u00e9 em uma verdadeira oficina italiana de cal\u00e7ados.<\/p>\n<p>O mestre sapateiro ir\u00e1 segui-lo passo a passo.<\/p>\n<p>&nbsp;<\/p>\n<p><strong>Est\u00e1 \u00e0 procura de cursos de longa dura\u00e7\u00e3o e de uma escola de sapatos em It\u00e1lia?<\/strong><\/p>\n<p><strong>Consulte os nossos cursos de sapataria na\u00a0nossa nov\u00edssima\u00a0<a href=\"https:\/\/www.studiainitalia.com\/pt-br\/academy\/\">escola de sapataria<\/a>!<\/strong><\/p>\n<p>&nbsp;<\/p>\n<div class=\"one_half\">\n<div class=\"perfmatters-lazy-youtube\" data-src=\"https:\/\/www.youtube.com\/embed\/otSUHKBV94Q\" data-id=\"otSUHKBV94Q\" data-query=\"\">\n<div>\n<p>&nbsp;<\/p>\n<div class=\"play\"><\/div>\n<\/div>\n<\/div>\n<\/div>\n<div class=\"one_half et_column_last\"><\/div>\n<div class=\"clear\"><\/div>\n<table id=\"tablepress-182\" class=\"tablepress tablepress-id-182\">\n<thead>\n<tr class=\"row-1 odd\">\n<th class=\"column-1\" colspan=\"6\">Datas de in\u00edcio<\/th>\n<\/tr>\n<\/thead>\n<tbody class=\"row-hover\">\n<tr class=\"row-2 even\">\n<td class=\"column-1\">Janeiro<\/td>\n<td class=\"column-2\">a pedido<\/td>\n<td class=\"column-3\">Maio<\/td>\n<td class=\"column-4\">a pedido<\/td>\n<td class=\"column-5\">Setembro<\/td>\n<td class=\"column-6\">a pedido<\/td>\n<\/tr>\n<tr class=\"row-3 odd\">\n<td class=\"column-1\">Fevereiro<\/td>\n<td class=\"column-2\">a pedido<\/td>\n<td class=\"column-3\">Junho<\/td>\n<td class=\"column-4\">a pedido<\/td>\n<td class=\"column-5\">Outubro<\/td>\n<td class=\"column-6\">a pedido<\/td>\n<\/tr>\n<tr class=\"row-4 even\">\n<td class=\"column-1\">Mar\u00e7o<\/td>\n<td class=\"column-2\">a pedido<\/td>\n<td class=\"column-3\">Julho<\/td>\n<td class=\"column-4\">a pedido<\/td>\n<td class=\"column-5\">Novembro<\/td>\n<td class=\"column-6\">a pedido<\/td>\n<\/tr>\n<tr class=\"row-5 odd\">\n<td class=\"column-1\">Abril<\/td>\n<td class=\"column-2\">a pedido<\/td>\n<td class=\"column-3\">Agosto<\/td>\n<td class=\"column-4\">a pedido<\/td>\n<td class=\"column-5\">Dezembro<\/td>\n<td class=\"column-6\">a pedido<\/td>\n<\/tr>\n<tr class=\"row-6 even\">\n<td class=\"column-1\" colspan=\"6\">A escola ser\u00e1 fechada nos seguintes feriados nacionais: 06\/01, segunda-feira de P\u00e1scoa, 25\/04, 01\/05, 02\/06, 15\/08, 01\/11, 8\/12, e durante os feriados locais e f\u00e9rias de Natal.A escola ser\u00e1 fechada nos seguintes feriados nacionais: 06\/01, segunda-feira de P\u00e1scoa, 25\/04, 01\/05, 02\/06, 15\/08, 01\/11, 8\/12, e durante os feriados locais e f\u00e9rias de Natal.<\/td>\n<\/tr>\n<\/tbody>\n<\/table>\n<div class=\"aiosrs-rating-wrap\" data-schema-id=\"90691\">\n<div class=\"aiosrs-star-rating-wrap \"><\/div>\n<div class=\"aiosrs-rating-summary-wrap\"><\/div>\n<\/div>\n<p>&nbsp;<\/p>\n<\/div>\n<\/div>\n<p><iframe style=\"display: none;\"><\/iframe><\/p>\n","protected":false},"excerpt":{"rendered":"<h2><strong>Voc\u00ea sonha em usar sapatos \u00fanicos e confort\u00e1veis feitos na It\u00e1lia? <\/strong><\/h2>\n<p>&nbsp;<\/p>\n<p>Os cursos de cal\u00e7ados podem ser feitos durante 2, 4 ou mais semanas.<\/p>\n<p>As aulas s\u00e3o dadas em italiano ou ingles, embora n\u00e3o seja necess\u00e1rio conhecer o idioma, pois s\u00e3o cursos muito pr\u00e1ticos, lado a lado com o artes\u00e3o.<\/p>\n<p>O programa inclui:<\/p>\n<p>\u2013 Aspectos da fabrica\u00e7\u00e3o de sapatos de couro<\/p>\n<p>\u2013 Desde a anatomia do p\u00e9 at\u00e9 as t\u00e9cnicas de costura de sapatos, incluindo a descri\u00e7\u00e3o de materiais e ferramentas<\/p>\n<p>\u2013 O calcanhar e os acess\u00f3rios.<\/p>\n<p>Ao final do curso, voc\u00ea receber\u00e1 um certificado de participa\u00e7\u00e3o.<\/p>\n<p>Os sapatos feitos se tornar\u00e3o sua propriedade.<\/p>\n<p>&nbsp;<\/p>\n<p><strong>Cursos de longa dura\u00e7\u00e3o est\u00e3o tamb\u00e9m dispon\u00edveis na nossa\u00a0<a href=\"https:\/\/www.studiainitalia.com\/pt-br\/academy\/curso-de-sapatos-mulheres\/\">nova escola de sapataria<\/a><\/strong><\/p>\n<p><iframe style=\"display: none;\"><\/iframe><\/p>\n","protected":false},"featured_media":202060,"comment_status":"open","ping_status":"closed","template":"","meta":{"_acf_changed":false,"_uag_custom_page_level_css":"","_kad_blocks_custom_css":"","_kad_blocks_head_custom_js":"","_kad_blocks_body_custom_js":"","_kad_blocks_footer_custom_js":"","site-sidebar-layout":"default","site-content-layout":"default","ast-site-content-layout":"default","site-content-style":"default","site-sidebar-style":"default","ast-global-header-display":"","ast-banner-title-visibility":"","ast-main-header-display":"","ast-hfb-above-header-display":"","ast-hfb-below-header-display":"","ast-hfb-mobile-header-display":"","site-post-title":"","ast-breadcrumbs-content":"","ast-featured-img":"","footer-sml-layout":"","ast-disable-related-posts":"","theme-transparent-header-meta":"default","adv-header-id-meta":"","stick-header-meta":"default","header-above-stick-meta":"","header-main-stick-meta":"","header-below-stick-meta":"","astra-migrate-meta-layouts":"set","ast-page-background-enabled":"default","ast-page-background-meta":{"desktop":{"background-color":"var(--ast-global-color-4)","background-image":"","background-repeat":"repeat","background-position":"center center","background-size":"auto","background-attachment":"scroll","background-type":"","background-media":"","overlay-type":"","overlay-color":"","overlay-opacity":"","overlay-gradient":""},"tablet":{"background-color":"","background-image":"","background-repeat":"repeat","background-position":"center center","background-size":"auto","background-attachment":"scroll","background-type":"","background-media":"","overlay-type":"","overlay-color":"","overlay-opacity":"","overlay-gradient":""},"mobile":{"background-color":"","background-image":"","background-repeat":"repeat","background-position":"center center","background-size":"auto","background-attachment":"scroll","background-type":"","background-media":"","overlay-type":"","overlay-color":"","overlay-opacity":"","overlay-gradient":""}},"ast-content-background-meta":{"desktop":{"background-color":"var(--ast-global-color-5)","background-image":"","background-repeat":"repeat","background-position":"center center","background-size":"auto","background-attachment":"scroll","background-type":"","background-media":"","overlay-type":"","overlay-color":"","overlay-opacity":"","overlay-gradient":""},"tablet":{"background-color":"var(--ast-global-color-5)","background-image":"","background-repeat":"repeat","background-position":"center center","background-size":"auto","background-attachment":"scroll","background-type":"","background-media":"","overlay-type":"","overlay-color":"","overlay-opacity":"","overlay-gradient":""},"mobile":{"background-color":"var(--ast-global-color-5)","background-image":"","background-repeat":"repeat","background-position":"center center","background-size":"auto","background-attachment":"scroll","background-type":"","background-media":"","overlay-type":"","overlay-color":"","overlay-opacity":"","overlay-gradient":""}}},"section":[],"product_brand":[],"product_cat":[1335],"product_tag":[],"class_list":{"0":"post-188758","1":"product","2":"type-product","3":"status-publish","4":"has-post-thumbnail","6":"product_cat-cursos-de-artesanato-na-italia","7":"desktop-align-left","8":"tablet-align-left","9":"mobile-align-left","10":"ast-product-gallery-layout-horizontal-slider","11":"ast-product-single-variable","12":"ast-product-tabs-layout-horizontal","13":"ast-qv-on-image-click","15":"first","16":"instock","17":"sold-individually","18":"shipping-taxable","19":"purchasable","20":"product-type-variable"},"acf":[],"taxonomy_info":{"product_cat":[{"value":1335,"label":"Cursos de artesanato"}]},"featured_image_src_large":["https:\/\/www.studiainitalia.com\/wp-content\/uploads\/2024\/12\/shoes-1.jpg",2048,2048,false],"author_info":[],"comment_info":12,"uagb_featured_image_src":{"full":["https:\/\/www.studiainitalia.com\/wp-content\/uploads\/2024\/12\/shoes-1.jpg",2048,2048,false],"thumbnail":["https:\/\/www.studiainitalia.com\/wp-content\/uploads\/2024\/12\/shoes-1.jpg",96,96,false],"medium":["https:\/\/www.studiainitalia.com\/wp-content\/uploads\/2024\/12\/shoes-1.jpg",2048,2048,false],"medium_large":["https:\/\/www.studiainitalia.com\/wp-content\/uploads\/2024\/12\/shoes-1-768x768.jpg",768,768,true],"large":["https:\/\/www.studiainitalia.com\/wp-content\/uploads\/2024\/12\/shoes-1.jpg",2048,2048,false],"1536x1536":["https:\/\/www.studiainitalia.com\/wp-content\/uploads\/2024\/12\/shoes-1-1536x1536.jpg",1536,1536,true],"2048x2048":["https:\/\/www.studiainitalia.com\/wp-content\/uploads\/2024\/12\/shoes-1.jpg",2048,2048,false],"ultp_layout_landscape_large":["https:\/\/www.studiainitalia.com\/wp-content\/uploads\/2024\/12\/shoes-1-1200x800.jpg",1200,800,true],"ultp_layout_landscape":["https:\/\/www.studiainitalia.com\/wp-content\/uploads\/2024\/12\/shoes-1-870x570.jpg",870,570,true],"ultp_layout_portrait":["https:\/\/www.studiainitalia.com\/wp-content\/uploads\/2024\/12\/shoes-1-600x900.jpg",600,900,true],"ultp_layout_square":["https:\/\/www.studiainitalia.com\/wp-content\/uploads\/2024\/12\/shoes-1-600x600.jpg",600,600,true],"gform-image-choice-sm":["https:\/\/www.studiainitalia.com\/wp-content\/uploads\/2024\/12\/shoes-1.jpg",300,300,false],"gform-image-choice-md":["https:\/\/www.studiainitalia.com\/wp-content\/uploads\/2024\/12\/shoes-1.jpg",400,400,false],"gform-image-choice-lg":["https:\/\/www.studiainitalia.com\/wp-content\/uploads\/2024\/12\/shoes-1.jpg",600,600,false],"woocommerce_thumbnail":["https:\/\/www.studiainitalia.com\/wp-content\/uploads\/2024\/12\/shoes-1-300x300.jpg",300,300,true],"woocommerce_single":["https:\/\/www.studiainitalia.com\/wp-content\/uploads\/2024\/12\/shoes-1-400x400.jpg",400,400,true],"woocommerce_gallery_thumbnail":["https:\/\/www.studiainitalia.com\/wp-content\/uploads\/2024\/12\/shoes-1-100x100.jpg",100,100,true],"yarpp-thumbnail":["https:\/\/www.studiainitalia.com\/wp-content\/uploads\/2024\/12\/shoes-1-120x120.jpg",120,120,true]},"uagb_author_info":{"display_name":"Javier Diaz","author_link":"https:\/\/www.studiainitalia.com\/pt-br\/author\/"},"uagb_comment_info":12,"uagb_excerpt":"Voc\u00ea sonha em usar sapatos \u00fanicos e confort\u00e1veis feitos na It\u00e1lia? &nbsp; Os cursos de cal\u00e7ados podem ser feitos durante 2, 4 ou mais semanas. As aulas s\u00e3o dadas em italiano ou ingles, embora n\u00e3o seja necess\u00e1rio conhecer o idioma, pois s\u00e3o cursos muito pr\u00e1ticos, lado a lado com o artes\u00e3o. O programa inclui: \u2013&hellip;","_links":{"self":[{"href":"https:\/\/www.studiainitalia.com\/pt-br\/wp-json\/wp\/v2\/product\/188758","targetHints":{"allow":["GET"]}}],"collection":[{"href":"https:\/\/www.studiainitalia.com\/pt-br\/wp-json\/wp\/v2\/product"}],"about":[{"href":"https:\/\/www.studiainitalia.com\/pt-br\/wp-json\/wp\/v2\/types\/product"}],"replies":[{"embeddable":true,"href":"https:\/\/www.studiainitalia.com\/pt-br\/wp-json\/wp\/v2\/comments?post=188758"}],"wp:featuredmedia":[{"embeddable":true,"href":"https:\/\/www.studiainitalia.com\/pt-br\/wp-json\/wp\/v2\/media\/202060"}],"wp:attachment":[{"href":"https:\/\/www.studiainitalia.com\/pt-br\/wp-json\/wp\/v2\/media?parent=188758"}],"wp:term":[{"taxonomy":"section","embeddable":true,"href":"https:\/\/www.studiainitalia.com\/pt-br\/wp-json\/wp\/v2\/section?post=188758"},{"taxonomy":"product_brand","embeddable":true,"href":"https:\/\/www.studiainitalia.com\/pt-br\/wp-json\/wp\/v2\/product_brand?post=188758"},{"taxonomy":"product_cat","embeddable":true,"href":"https:\/\/www.studiainitalia.com\/pt-br\/wp-json\/wp\/v2\/product_cat?post=188758"},{"taxonomy":"product_tag","embeddable":true,"href":"https:\/\/www.studiainitalia.com\/pt-br\/wp-json\/wp\/v2\/product_tag?post=188758"}],"curies":[{"name":"wp","href":"https:\/\/api.w.org\/{rel}","templated":true}]}}